{"id":38725,"date":"2020-08-24T07:01:58","date_gmt":"2020-08-24T04:01:58","guid":{"rendered":"https:\/\/espak.ee\/hinnakiri\/?post_type=product&#038;p=38725"},"modified":"2024-03-22T22:36:33","modified_gmt":"2024-03-22T20:36:33","slug":"augusaag-keraamilisele-plaadile-4525mm-kwb-499845","status":"publish","type":"product","link":"https:\/\/espak.ee\/epood\/toode\/augusaag-keraamilisele-plaadile-4525mm-kwb-499845\/","title":{"rendered":"AUGUSAAG KERAAMILISELE PLAADILE 45*25MM KWB 499845"},"content":{"rendered":"<p><strong>Tootekirjeldus:<\/strong><br \/>Teemandik\u00fcbemetega kaetud augusaed, kvaliteetne t\u00f6\u00f6stuslik teemant, kasutamiseks ka k\u00f5ige tugevamate plaatide korral, kandekerede ehitusel, t\u00e4psed, v\u00e4ga kontsentrilised, 5\u201335 mm seinat\u00fc\u00fcbli aukude, veetorude, \u00e4ravoolutorude ja 45\u201376 mm \u00e4ravoolutorude, elektrikarpide ja pistikupesade jaoks, portselani, graniidist t\u00f6\u00f6pindade, plaatide, keraamiliste sillutuskivide, keraamika, looduskivist plaatide, marmori jaoks.<br \/>\nT\u00e4helepanu! Kasutada ainult koos vesijahutusega!<\/p>\n","protected":false},"excerpt":{"rendered":"<p>Tootekirjeldus:Teemandik\u00fcbemetega kaetud augusaed, kvaliteetne t\u00f6\u00f6stuslik teemant, kasutamiseks ka k\u00f5ige tugevamate plaatide korral, kandekerede ehitusel, t\u00e4psed, v\u00e4ga kontsentrilised, 5\u201335 mm seinat\u00fc\u00fcbli aukude, veetorude, \u00e4ravoolutorude ja 45\u201376 mm \u00e4ravoolutorude, elektrikarpide ja pistikupesade jaoks, portselani, graniidist t\u00f6\u00f6pindade, plaatide, keraamiliste sillutuskivide, keraamika, looduskivist plaatide, marmori jaoks. T\u00e4helepanu! Kasutada ainult koos vesijahutusega!<\/p>\n","protected":false},"featured_media":45663,"comment_status":"closed","ping_status":"open","template":"","meta":[],"product_brand":[],"product_cat":[3177,3178,2679,2951],"product_tag":[],"class_list":{"0":"post-38725","1":"product","2":"type-product","3":"status-publish","4":"has-post-thumbnail","6":"product_cat-augusaed","7":"product_cat-augusaed-keraamilistele-plaatidele","8":"product_cat-tooriistad","9":"product_cat-tooriistatarvikud","10":"pa_kaubamark-kwb","12":"first","13":"outofstock","14":"sale","15":"taxable","16":"shipping-taxable","17":"purchasable","18":"product-type-simple"},"yoast_head":"<!-- This site is optimized with the Yoast SEO plugin v26.9 - https:\/\/yoast.com\/product\/yoast-seo-wordpress\/ -->\n<title>AUGUSAAG KERAAMILISELE PLAADILE 45*25MM KWB 499845 - Espak E-pood<\/title>\n<meta name=\"robots\" content=\"index, follow, max-snippet:-1, max-image-preview:large, max-video-preview:-1\" \/>\n<link rel=\"canonical\" href=\"https:\/\/espak.ee\/epood\/toode\/augusaag-keraamilisele-plaadile-4525mm-kwb-499845\/\" \/>\n<meta property=\"og:locale\" content=\"et_EE\" \/>\n<meta property=\"og:type\" content=\"article\" \/>\n<meta property=\"og:title\" content=\"AUGUSAAG KERAAMILISELE PLAADILE 45*25MM KWB 499845 - Espak E-pood\" \/>\n<meta property=\"og:description\" content=\"Tootekirjeldus:Teemandik\u00fcbemetega kaetud augusaed, kvaliteetne t\u00f6\u00f6stuslik teemant, kasutamiseks ka k\u00f5ige tugevamate plaatide korral, kandekerede ehitusel, t\u00e4psed, v\u00e4ga kontsentrilised, 5\u201335 mm seinat\u00fc\u00fcbli aukude, veetorude, \u00e4ravoolutorude ja 45\u201376 mm \u00e4ravoolutorude, elektrikarpide ja pistikupesade jaoks, portselani, graniidist t\u00f6\u00f6pindade, plaatide, keraamiliste sillutuskivide, keraamika, looduskivist plaatide, marmori jaoks. T\u00e4helepanu! Kasutada ainult koos vesijahutusega!\" \/>\n<meta property=\"og:url\" content=\"https:\/\/espak.ee\/epood\/toode\/augusaag-keraamilisele-plaadile-4525mm-kwb-499845\/\" \/>\n<meta property=\"og:site_name\" content=\"Espak E-pood\" \/>\n<meta property=\"article:modified_time\" content=\"2024-03-22T20:36:33+00:00\" \/>\n<meta property=\"og:image\" content=\"https:\/\/espak.ee\/epood\/wp-content\/uploads\/499845-KWB.jpg\" \/>\n\t<meta property=\"og:image:width\" content=\"1000\" \/>\n\t<meta property=\"og:image:height\" content=\"1000\" \/>\n\t<meta property=\"og:image:type\" content=\"image\/jpeg\" \/>\n<meta name=\"twitter:card\" content=\"summary_large_image\" \/>\n<script type=\"application\/ld+json\" class=\"yoast-schema-graph\">{\"@context\":\"https:\/\/schema.org\",\"@graph\":[{\"@type\":\"WebPage\",\"@id\":\"https:\/\/espak.ee\/epood\/toode\/augusaag-keraamilisele-plaadile-4525mm-kwb-499845\/\",\"url\":\"https:\/\/espak.ee\/epood\/toode\/augusaag-keraamilisele-plaadile-4525mm-kwb-499845\/\",\"name\":\"AUGUSAAG KERAAMILISELE PLAADILE 45*25MM KWB 499845 - Espak E-pood\",\"isPartOf\":{\"@id\":\"https:\/\/espak.ee\/epood\/#website\"},\"primaryImageOfPage\":{\"@id\":\"https:\/\/espak.ee\/epood\/toode\/augusaag-keraamilisele-plaadile-4525mm-kwb-499845\/#primaryimage\"},\"image\":{\"@id\":\"https:\/\/espak.ee\/epood\/toode\/augusaag-keraamilisele-plaadile-4525mm-kwb-499845\/#primaryimage\"},\"thumbnailUrl\":\"https:\/\/espak.ee\/epood\/wp-content\/uploads\/499845-KWB.jpg\",\"datePublished\":\"2020-08-24T04:01:58+00:00\",\"dateModified\":\"2024-03-22T20:36:33+00:00\",\"breadcrumb\":{\"@id\":\"https:\/\/espak.ee\/epood\/toode\/augusaag-keraamilisele-plaadile-4525mm-kwb-499845\/#breadcrumb\"},\"inLanguage\":\"et\",\"potentialAction\":[{\"@type\":\"ReadAction\",\"target\":[\"https:\/\/espak.ee\/epood\/toode\/augusaag-keraamilisele-plaadile-4525mm-kwb-499845\/\"]}]},{\"@type\":\"ImageObject\",\"inLanguage\":\"et\",\"@id\":\"https:\/\/espak.ee\/epood\/toode\/augusaag-keraamilisele-plaadile-4525mm-kwb-499845\/#primaryimage\",\"url\":\"https:\/\/espak.ee\/epood\/wp-content\/uploads\/499845-KWB.jpg\",\"contentUrl\":\"https:\/\/espak.ee\/epood\/wp-content\/uploads\/499845-KWB.jpg\",\"width\":1000,\"height\":1000},{\"@type\":\"BreadcrumbList\",\"@id\":\"https:\/\/espak.ee\/epood\/toode\/augusaag-keraamilisele-plaadile-4525mm-kwb-499845\/#breadcrumb\",\"itemListElement\":[{\"@type\":\"ListItem\",\"position\":1,\"name\":\"Home\",\"item\":\"https:\/\/espak.ee\/epood\/\"},{\"@type\":\"ListItem\",\"position\":2,\"name\":\"Tootevalik\",\"item\":\"https:\/\/espak.ee\/epood\/tootevalik\/\"},{\"@type\":\"ListItem\",\"position\":3,\"name\":\"AUGUSAAG KERAAMILISELE PLAADILE 45*25MM KWB 499845\"}]},{\"@type\":\"WebSite\",\"@id\":\"https:\/\/espak.ee\/epood\/#website\",\"url\":\"https:\/\/espak.ee\/epood\/\",\"name\":\"Espak E-pood\",\"description\":\"\",\"potentialAction\":[{\"@type\":\"SearchAction\",\"target\":{\"@type\":\"EntryPoint\",\"urlTemplate\":\"https:\/\/espak.ee\/epood\/?s={search_term_string}\"},\"query-input\":{\"@type\":\"PropertyValueSpecification\",\"valueRequired\":true,\"valueName\":\"search_term_string\"}}],\"inLanguage\":\"et\"}]}<\/script>\n<!-- \/ Yoast SEO plugin. -->","yoast_head_json":{"title":"AUGUSAAG KERAAMILISELE PLAADILE 45*25MM KWB 499845 - Espak E-pood","robots":{"index":"index","follow":"follow","max-snippet":"max-snippet:-1","max-image-preview":"max-image-preview:large","max-video-preview":"max-video-preview:-1"},"canonical":"https:\/\/espak.ee\/epood\/toode\/augusaag-keraamilisele-plaadile-4525mm-kwb-499845\/","og_locale":"et_EE","og_type":"article","og_title":"AUGUSAAG KERAAMILISELE PLAADILE 45*25MM KWB 499845 - Espak E-pood","og_description":"Tootekirjeldus:Teemandik\u00fcbemetega kaetud augusaed, kvaliteetne t\u00f6\u00f6stuslik teemant, kasutamiseks ka k\u00f5ige tugevamate plaatide korral, kandekerede ehitusel, t\u00e4psed, v\u00e4ga kontsentrilised, 5\u201335 mm seinat\u00fc\u00fcbli aukude, veetorude, \u00e4ravoolutorude ja 45\u201376 mm \u00e4ravoolutorude, elektrikarpide ja pistikupesade jaoks, portselani, graniidist t\u00f6\u00f6pindade, plaatide, keraamiliste sillutuskivide, keraamika, looduskivist plaatide, marmori jaoks. T\u00e4helepanu! Kasutada ainult koos vesijahutusega!","og_url":"https:\/\/espak.ee\/epood\/toode\/augusaag-keraamilisele-plaadile-4525mm-kwb-499845\/","og_site_name":"Espak E-pood","article_modified_time":"2024-03-22T20:36:33+00:00","og_image":[{"width":1000,"height":1000,"url":"https:\/\/espak.ee\/epood\/wp-content\/uploads\/499845-KWB.jpg","type":"image\/jpeg"}],"twitter_card":"summary_large_image","schema":{"@context":"https:\/\/schema.org","@graph":[{"@type":"WebPage","@id":"https:\/\/espak.ee\/epood\/toode\/augusaag-keraamilisele-plaadile-4525mm-kwb-499845\/","url":"https:\/\/espak.ee\/epood\/toode\/augusaag-keraamilisele-plaadile-4525mm-kwb-499845\/","name":"AUGUSAAG KERAAMILISELE PLAADILE 45*25MM KWB 499845 - Espak E-pood","isPartOf":{"@id":"https:\/\/espak.ee\/epood\/#website"},"primaryImageOfPage":{"@id":"https:\/\/espak.ee\/epood\/toode\/augusaag-keraamilisele-plaadile-4525mm-kwb-499845\/#primaryimage"},"image":{"@id":"https:\/\/espak.ee\/epood\/toode\/augusaag-keraamilisele-plaadile-4525mm-kwb-499845\/#primaryimage"},"thumbnailUrl":"https:\/\/espak.ee\/epood\/wp-content\/uploads\/499845-KWB.jpg","datePublished":"2020-08-24T04:01:58+00:00","dateModified":"2024-03-22T20:36:33+00:00","breadcrumb":{"@id":"https:\/\/espak.ee\/epood\/toode\/augusaag-keraamilisele-plaadile-4525mm-kwb-499845\/#breadcrumb"},"inLanguage":"et","potentialAction":[{"@type":"ReadAction","target":["https:\/\/espak.ee\/epood\/toode\/augusaag-keraamilisele-plaadile-4525mm-kwb-499845\/"]}]},{"@type":"ImageObject","inLanguage":"et","@id":"https:\/\/espak.ee\/epood\/toode\/augusaag-keraamilisele-plaadile-4525mm-kwb-499845\/#primaryimage","url":"https:\/\/espak.ee\/epood\/wp-content\/uploads\/499845-KWB.jpg","contentUrl":"https:\/\/espak.ee\/epood\/wp-content\/uploads\/499845-KWB.jpg","width":1000,"height":1000},{"@type":"BreadcrumbList","@id":"https:\/\/espak.ee\/epood\/toode\/augusaag-keraamilisele-plaadile-4525mm-kwb-499845\/#breadcrumb","itemListElement":[{"@type":"ListItem","position":1,"name":"Home","item":"https:\/\/espak.ee\/epood\/"},{"@type":"ListItem","position":2,"name":"Tootevalik","item":"https:\/\/espak.ee\/epood\/tootevalik\/"},{"@type":"ListItem","position":3,"name":"AUGUSAAG KERAAMILISELE PLAADILE 45*25MM KWB 499845"}]},{"@type":"WebSite","@id":"https:\/\/espak.ee\/epood\/#website","url":"https:\/\/espak.ee\/epood\/","name":"Espak E-pood","description":"","potentialAction":[{"@type":"SearchAction","target":{"@type":"EntryPoint","urlTemplate":"https:\/\/espak.ee\/epood\/?s={search_term_string}"},"query-input":{"@type":"PropertyValueSpecification","valueRequired":true,"valueName":"search_term_string"}}],"inLanguage":"et"}]}},"_links":{"self":[{"href":"https:\/\/espak.ee\/epood\/wp-json\/wp\/v2\/product\/38725","targetHints":{"allow":["GET"]}}],"collection":[{"href":"https:\/\/espak.ee\/epood\/wp-json\/wp\/v2\/product"}],"about":[{"href":"https:\/\/espak.ee\/epood\/wp-json\/wp\/v2\/types\/product"}],"replies":[{"embeddable":true,"href":"https:\/\/espak.ee\/epood\/wp-json\/wp\/v2\/comments?post=38725"}],"wp:featuredmedia":[{"embeddable":true,"href":"https:\/\/espak.ee\/epood\/wp-json\/wp\/v2\/media\/45663"}],"wp:attachment":[{"href":"https:\/\/espak.ee\/epood\/wp-json\/wp\/v2\/media?parent=38725"}],"wp:term":[{"taxonomy":"product_brand","embeddable":true,"href":"https:\/\/espak.ee\/epood\/wp-json\/wp\/v2\/product_brand?post=38725"},{"taxonomy":"product_cat","embeddable":true,"href":"https:\/\/espak.ee\/epood\/wp-json\/wp\/v2\/product_cat?post=38725"},{"taxonomy":"product_tag","embeddable":true,"href":"https:\/\/espak.ee\/epood\/wp-json\/wp\/v2\/product_tag?post=38725"}],"curies":[{"name":"wp","href":"https:\/\/api.w.org\/{rel}","templated":true}]}}