{"id":38518,"date":"2020-08-24T06:56:59","date_gmt":"2020-08-24T03:56:59","guid":{"rendered":"https:\/\/espak.ee\/hinnakiri\/?post_type=product&#038;p=38518"},"modified":"2024-08-11T10:47:24","modified_gmt":"2024-08-11T07:47:24","slug":"klaasipuur-6mm-177006","status":"publish","type":"product","link":"https:\/\/espak.ee\/epood\/toode\/klaasipuur-6mm-177006\/","title":{"rendered":"KLAASIPUUR 6MM 177006"},"content":{"rendered":"<p><strong>Tootekirjeldus:<\/strong><br \/>Klaasipuurid, volframkarbiidotsaga, spetsiaalselt p\u00f5iki teritatud terad, k\u00f5igile p\u00f6\u00f6rd- ja l\u00f6\u00f6ktrellidele, klaasi, portselani, k\u00f5vaduse 8. astmeni plaatide, keraamika puurimiseks.<\/p>\n","protected":false},"excerpt":{"rendered":"<p>Tootekirjeldus:Klaasipuurid, volframkarbiidotsaga, spetsiaalselt p\u00f5iki teritatud terad, k\u00f5igile p\u00f6\u00f6rd- ja l\u00f6\u00f6ktrellidele, klaasi, portselani, k\u00f5vaduse 8. astmeni plaatide, keraamika puurimiseks.<\/p>\n","protected":false},"featured_media":45048,"comment_status":"closed","ping_status":"open","template":"","meta":[],"product_brand":[],"product_cat":[3416,3091,2679,2951],"product_tag":[],"class_list":{"0":"post-38518","1":"product","2":"type-product","3":"status-publish","4":"has-post-thumbnail","6":"product_cat-keraamika-ja-klaasipuurid","7":"product_cat-puurid","8":"product_cat-tooriistad","9":"product_cat-tooriistatarvikud","10":"pa_kaubamark-kwb","12":"first","13":"outofstock","14":"sale","15":"taxable","16":"shipping-taxable","17":"purchasable","18":"product-type-simple"},"yoast_head":"<!-- This site is optimized with the Yoast SEO plugin v26.9 - https:\/\/yoast.com\/product\/yoast-seo-wordpress\/ -->\n<title>KLAASIPUUR 6MM 177006 - Espak E-pood<\/title>\n<meta name=\"robots\" content=\"index, follow, max-snippet:-1, max-image-preview:large, max-video-preview:-1\" \/>\n<link rel=\"canonical\" href=\"https:\/\/espak.ee\/epood\/toode\/klaasipuur-6mm-177006\/\" \/>\n<meta property=\"og:locale\" content=\"et_EE\" \/>\n<meta property=\"og:type\" content=\"article\" \/>\n<meta property=\"og:title\" content=\"KLAASIPUUR 6MM 177006 - Espak E-pood\" \/>\n<meta property=\"og:description\" content=\"Tootekirjeldus:Klaasipuurid, volframkarbiidotsaga, spetsiaalselt p\u00f5iki teritatud terad, k\u00f5igile p\u00f6\u00f6rd- ja l\u00f6\u00f6ktrellidele, klaasi, portselani, k\u00f5vaduse 8. astmeni plaatide, keraamika puurimiseks.\" \/>\n<meta property=\"og:url\" content=\"https:\/\/espak.ee\/epood\/toode\/klaasipuur-6mm-177006\/\" \/>\n<meta property=\"og:site_name\" content=\"Espak E-pood\" \/>\n<meta property=\"article:modified_time\" content=\"2024-08-11T07:47:24+00:00\" \/>\n<meta property=\"og:image\" content=\"https:\/\/espak.ee\/epood\/wp-content\/uploads\/177006-KWB.jpg\" \/>\n\t<meta property=\"og:image:width\" content=\"1000\" \/>\n\t<meta property=\"og:image:height\" content=\"1000\" \/>\n\t<meta property=\"og:image:type\" content=\"image\/jpeg\" \/>\n<meta name=\"twitter:card\" content=\"summary_large_image\" \/>\n<script type=\"application\/ld+json\" class=\"yoast-schema-graph\">{\"@context\":\"https:\/\/schema.org\",\"@graph\":[{\"@type\":\"WebPage\",\"@id\":\"https:\/\/espak.ee\/epood\/toode\/klaasipuur-6mm-177006\/\",\"url\":\"https:\/\/espak.ee\/epood\/toode\/klaasipuur-6mm-177006\/\",\"name\":\"KLAASIPUUR 6MM 177006 - Espak E-pood\",\"isPartOf\":{\"@id\":\"https:\/\/espak.ee\/epood\/#website\"},\"primaryImageOfPage\":{\"@id\":\"https:\/\/espak.ee\/epood\/toode\/klaasipuur-6mm-177006\/#primaryimage\"},\"image\":{\"@id\":\"https:\/\/espak.ee\/epood\/toode\/klaasipuur-6mm-177006\/#primaryimage\"},\"thumbnailUrl\":\"https:\/\/espak.ee\/epood\/wp-content\/uploads\/177006-KWB.jpg\",\"datePublished\":\"2020-08-24T03:56:59+00:00\",\"dateModified\":\"2024-08-11T07:47:24+00:00\",\"breadcrumb\":{\"@id\":\"https:\/\/espak.ee\/epood\/toode\/klaasipuur-6mm-177006\/#breadcrumb\"},\"inLanguage\":\"et\",\"potentialAction\":[{\"@type\":\"ReadAction\",\"target\":[\"https:\/\/espak.ee\/epood\/toode\/klaasipuur-6mm-177006\/\"]}]},{\"@type\":\"ImageObject\",\"inLanguage\":\"et\",\"@id\":\"https:\/\/espak.ee\/epood\/toode\/klaasipuur-6mm-177006\/#primaryimage\",\"url\":\"https:\/\/espak.ee\/epood\/wp-content\/uploads\/177006-KWB.jpg\",\"contentUrl\":\"https:\/\/espak.ee\/epood\/wp-content\/uploads\/177006-KWB.jpg\",\"width\":1000,\"height\":1000},{\"@type\":\"BreadcrumbList\",\"@id\":\"https:\/\/espak.ee\/epood\/toode\/klaasipuur-6mm-177006\/#breadcrumb\",\"itemListElement\":[{\"@type\":\"ListItem\",\"position\":1,\"name\":\"Home\",\"item\":\"https:\/\/espak.ee\/epood\/\"},{\"@type\":\"ListItem\",\"position\":2,\"name\":\"Tootevalik\",\"item\":\"https:\/\/espak.ee\/epood\/tootevalik\/\"},{\"@type\":\"ListItem\",\"position\":3,\"name\":\"KLAASIPUUR 6MM 177006\"}]},{\"@type\":\"WebSite\",\"@id\":\"https:\/\/espak.ee\/epood\/#website\",\"url\":\"https:\/\/espak.ee\/epood\/\",\"name\":\"Espak E-pood\",\"description\":\"\",\"potentialAction\":[{\"@type\":\"SearchAction\",\"target\":{\"@type\":\"EntryPoint\",\"urlTemplate\":\"https:\/\/espak.ee\/epood\/?s={search_term_string}\"},\"query-input\":{\"@type\":\"PropertyValueSpecification\",\"valueRequired\":true,\"valueName\":\"search_term_string\"}}],\"inLanguage\":\"et\"}]}<\/script>\n<!-- \/ Yoast SEO plugin. -->","yoast_head_json":{"title":"KLAASIPUUR 6MM 177006 - Espak E-pood","robots":{"index":"index","follow":"follow","max-snippet":"max-snippet:-1","max-image-preview":"max-image-preview:large","max-video-preview":"max-video-preview:-1"},"canonical":"https:\/\/espak.ee\/epood\/toode\/klaasipuur-6mm-177006\/","og_locale":"et_EE","og_type":"article","og_title":"KLAASIPUUR 6MM 177006 - Espak E-pood","og_description":"Tootekirjeldus:Klaasipuurid, volframkarbiidotsaga, spetsiaalselt p\u00f5iki teritatud terad, k\u00f5igile p\u00f6\u00f6rd- ja l\u00f6\u00f6ktrellidele, klaasi, portselani, k\u00f5vaduse 8. astmeni plaatide, keraamika puurimiseks.","og_url":"https:\/\/espak.ee\/epood\/toode\/klaasipuur-6mm-177006\/","og_site_name":"Espak E-pood","article_modified_time":"2024-08-11T07:47:24+00:00","og_image":[{"width":1000,"height":1000,"url":"https:\/\/espak.ee\/epood\/wp-content\/uploads\/177006-KWB.jpg","type":"image\/jpeg"}],"twitter_card":"summary_large_image","schema":{"@context":"https:\/\/schema.org","@graph":[{"@type":"WebPage","@id":"https:\/\/espak.ee\/epood\/toode\/klaasipuur-6mm-177006\/","url":"https:\/\/espak.ee\/epood\/toode\/klaasipuur-6mm-177006\/","name":"KLAASIPUUR 6MM 177006 - Espak E-pood","isPartOf":{"@id":"https:\/\/espak.ee\/epood\/#website"},"primaryImageOfPage":{"@id":"https:\/\/espak.ee\/epood\/toode\/klaasipuur-6mm-177006\/#primaryimage"},"image":{"@id":"https:\/\/espak.ee\/epood\/toode\/klaasipuur-6mm-177006\/#primaryimage"},"thumbnailUrl":"https:\/\/espak.ee\/epood\/wp-content\/uploads\/177006-KWB.jpg","datePublished":"2020-08-24T03:56:59+00:00","dateModified":"2024-08-11T07:47:24+00:00","breadcrumb":{"@id":"https:\/\/espak.ee\/epood\/toode\/klaasipuur-6mm-177006\/#breadcrumb"},"inLanguage":"et","potentialAction":[{"@type":"ReadAction","target":["https:\/\/espak.ee\/epood\/toode\/klaasipuur-6mm-177006\/"]}]},{"@type":"ImageObject","inLanguage":"et","@id":"https:\/\/espak.ee\/epood\/toode\/klaasipuur-6mm-177006\/#primaryimage","url":"https:\/\/espak.ee\/epood\/wp-content\/uploads\/177006-KWB.jpg","contentUrl":"https:\/\/espak.ee\/epood\/wp-content\/uploads\/177006-KWB.jpg","width":1000,"height":1000},{"@type":"BreadcrumbList","@id":"https:\/\/espak.ee\/epood\/toode\/klaasipuur-6mm-177006\/#breadcrumb","itemListElement":[{"@type":"ListItem","position":1,"name":"Home","item":"https:\/\/espak.ee\/epood\/"},{"@type":"ListItem","position":2,"name":"Tootevalik","item":"https:\/\/espak.ee\/epood\/tootevalik\/"},{"@type":"ListItem","position":3,"name":"KLAASIPUUR 6MM 177006"}]},{"@type":"WebSite","@id":"https:\/\/espak.ee\/epood\/#website","url":"https:\/\/espak.ee\/epood\/","name":"Espak E-pood","description":"","potentialAction":[{"@type":"SearchAction","target":{"@type":"EntryPoint","urlTemplate":"https:\/\/espak.ee\/epood\/?s={search_term_string}"},"query-input":{"@type":"PropertyValueSpecification","valueRequired":true,"valueName":"search_term_string"}}],"inLanguage":"et"}]}},"_links":{"self":[{"href":"https:\/\/espak.ee\/epood\/wp-json\/wp\/v2\/product\/38518","targetHints":{"allow":["GET"]}}],"collection":[{"href":"https:\/\/espak.ee\/epood\/wp-json\/wp\/v2\/product"}],"about":[{"href":"https:\/\/espak.ee\/epood\/wp-json\/wp\/v2\/types\/product"}],"replies":[{"embeddable":true,"href":"https:\/\/espak.ee\/epood\/wp-json\/wp\/v2\/comments?post=38518"}],"wp:featuredmedia":[{"embeddable":true,"href":"https:\/\/espak.ee\/epood\/wp-json\/wp\/v2\/media\/45048"}],"wp:attachment":[{"href":"https:\/\/espak.ee\/epood\/wp-json\/wp\/v2\/media?parent=38518"}],"wp:term":[{"taxonomy":"product_brand","embeddable":true,"href":"https:\/\/espak.ee\/epood\/wp-json\/wp\/v2\/product_brand?post=38518"},{"taxonomy":"product_cat","embeddable":true,"href":"https:\/\/espak.ee\/epood\/wp-json\/wp\/v2\/product_cat?post=38518"},{"taxonomy":"product_tag","embeddable":true,"href":"https:\/\/espak.ee\/epood\/wp-json\/wp\/v2\/product_tag?post=38518"}],"curies":[{"name":"wp","href":"https:\/\/api.w.org\/{rel}","templated":true}]}}