{"id":38090,"date":"2020-08-24T06:50:17","date_gmt":"2020-08-24T03:50:17","guid":{"rendered":"https:\/\/espak.ee\/hinnakiri\/?post_type=product&#038;p=38090"},"modified":"2024-03-22T22:42:32","modified_gmt":"2024-03-22T20:42:32","slug":"akutrelli-hoidja-kwb-907510","status":"publish","type":"product","link":"https:\/\/espak.ee\/epood\/toode\/akutrelli-hoidja-kwb-907510\/","title":{"rendered":"AKUTRELLI HOIDJA KWB 907510"},"content":{"rendered":"<p><strong>Tootekirjeldus:<\/strong><br \/>Akutrelli hoidik on valmistatud mustast\/h\u00f5bedasest 1680D nailonist, eriti vastupidav kvaliteet, kaherealine silmapaistvate h\u00f5bedaste pistetega \u00f5mblus, neli elastset aasa puurile, paremak\u00e4elisele kasutajale, sobib k\u00f5ikidele levinud akutrellidele, sisaldab silti kwb WORK WEAR, v\u00f6\u00f6le laiusega kuni 7\u00a0cm, 210\u00a0\u00d7\u00a0150\u00a0\u00d7\u00a0100\u00a0mm.<\/p>\n","protected":false},"excerpt":{"rendered":"<p>Tootekirjeldus:Akutrelli hoidik on valmistatud mustast\/h\u00f5bedasest 1680D nailonist, eriti vastupidav kvaliteet, kaherealine silmapaistvate h\u00f5bedaste pistetega \u00f5mblus, neli elastset aasa puurile, paremak\u00e4elisele kasutajale, sobib k\u00f5ikidele levinud akutrellidele, sisaldab silti kwb WORK WEAR, v\u00f6\u00f6le laiusega kuni 7\u00a0cm, 210\u00a0\u00d7\u00a0150\u00a0\u00d7\u00a0100\u00a0mm.<\/p>\n","protected":false},"featured_media":46164,"comment_status":"closed","ping_status":"open","template":"","meta":[],"product_brand":[],"product_cat":[2771,2679,3051,3147],"product_tag":[],"class_list":{"0":"post-38090","1":"product","2":"type-product","3":"status-publish","4":"has-post-thumbnail","6":"product_cat-kasitooriistad","7":"product_cat-tooriistad","8":"product_cat-tooriistakastid","9":"product_cat-tooriistavood-ja-hoidikud","10":"pa_kaubamark-kwb","12":"first","13":"instock","14":"sale","15":"taxable","16":"shipping-taxable","17":"purchasable","18":"product-type-simple"},"yoast_head":"<!-- This site is optimized with the Yoast SEO plugin v26.9 - https:\/\/yoast.com\/product\/yoast-seo-wordpress\/ -->\n<title>AKUTRELLI HOIDJA KWB 907510 - Espak E-pood<\/title>\n<meta name=\"robots\" content=\"index, follow, max-snippet:-1, max-image-preview:large, max-video-preview:-1\" \/>\n<link rel=\"canonical\" href=\"https:\/\/espak.ee\/epood\/toode\/akutrelli-hoidja-kwb-907510\/\" \/>\n<meta property=\"og:locale\" content=\"et_EE\" \/>\n<meta property=\"og:type\" content=\"article\" \/>\n<meta property=\"og:title\" content=\"AKUTRELLI HOIDJA KWB 907510 - Espak E-pood\" \/>\n<meta property=\"og:description\" content=\"Tootekirjeldus:Akutrelli hoidik on valmistatud mustast\/h\u00f5bedasest 1680D nailonist, eriti vastupidav kvaliteet, kaherealine silmapaistvate h\u00f5bedaste pistetega \u00f5mblus, neli elastset aasa puurile, paremak\u00e4elisele kasutajale, sobib k\u00f5ikidele levinud akutrellidele, sisaldab silti kwb WORK WEAR, v\u00f6\u00f6le laiusega kuni 7\u00a0cm, 210\u00a0\u00d7\u00a0150\u00a0\u00d7\u00a0100\u00a0mm.\" \/>\n<meta property=\"og:url\" content=\"https:\/\/espak.ee\/epood\/toode\/akutrelli-hoidja-kwb-907510\/\" \/>\n<meta property=\"og:site_name\" content=\"Espak E-pood\" \/>\n<meta property=\"article:modified_time\" content=\"2024-03-22T20:42:32+00:00\" \/>\n<meta property=\"og:image\" content=\"https:\/\/espak.ee\/epood\/wp-content\/uploads\/907510-KWB.jpg\" \/>\n\t<meta property=\"og:image:width\" content=\"1000\" \/>\n\t<meta property=\"og:image:height\" content=\"1000\" \/>\n\t<meta property=\"og:image:type\" content=\"image\/jpeg\" \/>\n<meta name=\"twitter:card\" content=\"summary_large_image\" \/>\n<script type=\"application\/ld+json\" class=\"yoast-schema-graph\">{\"@context\":\"https:\/\/schema.org\",\"@graph\":[{\"@type\":\"WebPage\",\"@id\":\"https:\/\/espak.ee\/epood\/toode\/akutrelli-hoidja-kwb-907510\/\",\"url\":\"https:\/\/espak.ee\/epood\/toode\/akutrelli-hoidja-kwb-907510\/\",\"name\":\"AKUTRELLI HOIDJA KWB 907510 - Espak E-pood\",\"isPartOf\":{\"@id\":\"https:\/\/espak.ee\/epood\/#website\"},\"primaryImageOfPage\":{\"@id\":\"https:\/\/espak.ee\/epood\/toode\/akutrelli-hoidja-kwb-907510\/#primaryimage\"},\"image\":{\"@id\":\"https:\/\/espak.ee\/epood\/toode\/akutrelli-hoidja-kwb-907510\/#primaryimage\"},\"thumbnailUrl\":\"https:\/\/espak.ee\/epood\/wp-content\/uploads\/907510-KWB.jpg\",\"datePublished\":\"2020-08-24T03:50:17+00:00\",\"dateModified\":\"2024-03-22T20:42:32+00:00\",\"breadcrumb\":{\"@id\":\"https:\/\/espak.ee\/epood\/toode\/akutrelli-hoidja-kwb-907510\/#breadcrumb\"},\"inLanguage\":\"et\",\"potentialAction\":[{\"@type\":\"ReadAction\",\"target\":[\"https:\/\/espak.ee\/epood\/toode\/akutrelli-hoidja-kwb-907510\/\"]}]},{\"@type\":\"ImageObject\",\"inLanguage\":\"et\",\"@id\":\"https:\/\/espak.ee\/epood\/toode\/akutrelli-hoidja-kwb-907510\/#primaryimage\",\"url\":\"https:\/\/espak.ee\/epood\/wp-content\/uploads\/907510-KWB.jpg\",\"contentUrl\":\"https:\/\/espak.ee\/epood\/wp-content\/uploads\/907510-KWB.jpg\",\"width\":1000,\"height\":1000},{\"@type\":\"BreadcrumbList\",\"@id\":\"https:\/\/espak.ee\/epood\/toode\/akutrelli-hoidja-kwb-907510\/#breadcrumb\",\"itemListElement\":[{\"@type\":\"ListItem\",\"position\":1,\"name\":\"Home\",\"item\":\"https:\/\/espak.ee\/epood\/\"},{\"@type\":\"ListItem\",\"position\":2,\"name\":\"Tootevalik\",\"item\":\"https:\/\/espak.ee\/epood\/tootevalik\/\"},{\"@type\":\"ListItem\",\"position\":3,\"name\":\"AKUTRELLI HOIDJA KWB 907510\"}]},{\"@type\":\"WebSite\",\"@id\":\"https:\/\/espak.ee\/epood\/#website\",\"url\":\"https:\/\/espak.ee\/epood\/\",\"name\":\"Espak E-pood\",\"description\":\"\",\"potentialAction\":[{\"@type\":\"SearchAction\",\"target\":{\"@type\":\"EntryPoint\",\"urlTemplate\":\"https:\/\/espak.ee\/epood\/?s={search_term_string}\"},\"query-input\":{\"@type\":\"PropertyValueSpecification\",\"valueRequired\":true,\"valueName\":\"search_term_string\"}}],\"inLanguage\":\"et\"}]}<\/script>\n<!-- \/ Yoast SEO plugin. -->","yoast_head_json":{"title":"AKUTRELLI HOIDJA KWB 907510 - Espak E-pood","robots":{"index":"index","follow":"follow","max-snippet":"max-snippet:-1","max-image-preview":"max-image-preview:large","max-video-preview":"max-video-preview:-1"},"canonical":"https:\/\/espak.ee\/epood\/toode\/akutrelli-hoidja-kwb-907510\/","og_locale":"et_EE","og_type":"article","og_title":"AKUTRELLI HOIDJA KWB 907510 - Espak E-pood","og_description":"Tootekirjeldus:Akutrelli hoidik on valmistatud mustast\/h\u00f5bedasest 1680D nailonist, eriti vastupidav kvaliteet, kaherealine silmapaistvate h\u00f5bedaste pistetega \u00f5mblus, neli elastset aasa puurile, paremak\u00e4elisele kasutajale, sobib k\u00f5ikidele levinud akutrellidele, sisaldab silti kwb WORK WEAR, v\u00f6\u00f6le laiusega kuni 7\u00a0cm, 210\u00a0\u00d7\u00a0150\u00a0\u00d7\u00a0100\u00a0mm.","og_url":"https:\/\/espak.ee\/epood\/toode\/akutrelli-hoidja-kwb-907510\/","og_site_name":"Espak E-pood","article_modified_time":"2024-03-22T20:42:32+00:00","og_image":[{"width":1000,"height":1000,"url":"https:\/\/espak.ee\/epood\/wp-content\/uploads\/907510-KWB.jpg","type":"image\/jpeg"}],"twitter_card":"summary_large_image","schema":{"@context":"https:\/\/schema.org","@graph":[{"@type":"WebPage","@id":"https:\/\/espak.ee\/epood\/toode\/akutrelli-hoidja-kwb-907510\/","url":"https:\/\/espak.ee\/epood\/toode\/akutrelli-hoidja-kwb-907510\/","name":"AKUTRELLI HOIDJA KWB 907510 - Espak E-pood","isPartOf":{"@id":"https:\/\/espak.ee\/epood\/#website"},"primaryImageOfPage":{"@id":"https:\/\/espak.ee\/epood\/toode\/akutrelli-hoidja-kwb-907510\/#primaryimage"},"image":{"@id":"https:\/\/espak.ee\/epood\/toode\/akutrelli-hoidja-kwb-907510\/#primaryimage"},"thumbnailUrl":"https:\/\/espak.ee\/epood\/wp-content\/uploads\/907510-KWB.jpg","datePublished":"2020-08-24T03:50:17+00:00","dateModified":"2024-03-22T20:42:32+00:00","breadcrumb":{"@id":"https:\/\/espak.ee\/epood\/toode\/akutrelli-hoidja-kwb-907510\/#breadcrumb"},"inLanguage":"et","potentialAction":[{"@type":"ReadAction","target":["https:\/\/espak.ee\/epood\/toode\/akutrelli-hoidja-kwb-907510\/"]}]},{"@type":"ImageObject","inLanguage":"et","@id":"https:\/\/espak.ee\/epood\/toode\/akutrelli-hoidja-kwb-907510\/#primaryimage","url":"https:\/\/espak.ee\/epood\/wp-content\/uploads\/907510-KWB.jpg","contentUrl":"https:\/\/espak.ee\/epood\/wp-content\/uploads\/907510-KWB.jpg","width":1000,"height":1000},{"@type":"BreadcrumbList","@id":"https:\/\/espak.ee\/epood\/toode\/akutrelli-hoidja-kwb-907510\/#breadcrumb","itemListElement":[{"@type":"ListItem","position":1,"name":"Home","item":"https:\/\/espak.ee\/epood\/"},{"@type":"ListItem","position":2,"name":"Tootevalik","item":"https:\/\/espak.ee\/epood\/tootevalik\/"},{"@type":"ListItem","position":3,"name":"AKUTRELLI HOIDJA KWB 907510"}]},{"@type":"WebSite","@id":"https:\/\/espak.ee\/epood\/#website","url":"https:\/\/espak.ee\/epood\/","name":"Espak E-pood","description":"","potentialAction":[{"@type":"SearchAction","target":{"@type":"EntryPoint","urlTemplate":"https:\/\/espak.ee\/epood\/?s={search_term_string}"},"query-input":{"@type":"PropertyValueSpecification","valueRequired":true,"valueName":"search_term_string"}}],"inLanguage":"et"}]}},"_links":{"self":[{"href":"https:\/\/espak.ee\/epood\/wp-json\/wp\/v2\/product\/38090","targetHints":{"allow":["GET"]}}],"collection":[{"href":"https:\/\/espak.ee\/epood\/wp-json\/wp\/v2\/product"}],"about":[{"href":"https:\/\/espak.ee\/epood\/wp-json\/wp\/v2\/types\/product"}],"replies":[{"embeddable":true,"href":"https:\/\/espak.ee\/epood\/wp-json\/wp\/v2\/comments?post=38090"}],"wp:featuredmedia":[{"embeddable":true,"href":"https:\/\/espak.ee\/epood\/wp-json\/wp\/v2\/media\/46164"}],"wp:attachment":[{"href":"https:\/\/espak.ee\/epood\/wp-json\/wp\/v2\/media?parent=38090"}],"wp:term":[{"taxonomy":"product_brand","embeddable":true,"href":"https:\/\/espak.ee\/epood\/wp-json\/wp\/v2\/product_brand?post=38090"},{"taxonomy":"product_cat","embeddable":true,"href":"https:\/\/espak.ee\/epood\/wp-json\/wp\/v2\/product_cat?post=38090"},{"taxonomy":"product_tag","embeddable":true,"href":"https:\/\/espak.ee\/epood\/wp-json\/wp\/v2\/product_tag?post=38090"}],"curies":[{"name":"wp","href":"https:\/\/api.w.org\/{rel}","templated":true}]}}