{"id":38086,"date":"2020-08-24T06:50:17","date_gmt":"2020-08-24T03:50:17","guid":{"rendered":"https:\/\/espak.ee\/hinnakiri\/?post_type=product&#038;p=38086"},"modified":"2025-01-08T14:45:07","modified_gmt":"2025-01-08T12:45:07","slug":"termomeeter-infrapuna-kwb-012300","status":"publish","type":"product","link":"https:\/\/espak.ee\/epood\/toode\/termomeeter-infrapuna-kwb-012300\/","title":{"rendered":"TERMOMEETER INFRAPUNA KWB 012300"},"content":{"rendered":"<p><strong>Tootekirjeldus:<\/strong><br \/>Infrapunatermomeeter, pinnatemperatuuride puutevaba m\u00f5\u00f5tmine infrapunakiirguse abil, ideaalne k\u00fclmasildade tuvastamiseks vanade hoonete renoveerimisel, vee, soojatrasside, mootori temperatuuri m\u00f5\u00f5tmiseks, laserkiir m\u00f5\u00f5tepunkti t\u00e4pseks m\u00e4\u00e4ramiseks, m\u00f5\u00f5tevahemik \u201320\u00a0\u00b0C kuni +320\u00a0\u00b0C, m\u00f5\u00f5tel\u00e4\u00e4ts 12 : 1, Celsiuse ja Fahrenheiti skaalaga temperatuurin\u00e4idik, automaatne v\u00e4ljal\u00fclitus p\u00e4rast 10\u00a0sekundit, laseri kategooria 2, lainepikkus 635 nm, m\u00f5\u00f5tet\u00e4psus 0\u00a0\u00b0C kuni 320\u00a0\u00b0C = +\/- 1,5\u00a0\u00b0C 0,5 mm\/m, \u201350\u00a0\u00b0C kuni 0\u00a0\u00b0C = +\/- 3,0\u00a0\u00b0C, 9\u00a0V plokkpatarei.<\/p>\n","protected":false},"excerpt":{"rendered":"<p>Tootekirjeldus:Infrapunatermomeeter, pinnatemperatuuride puutevaba m\u00f5\u00f5tmine infrapunakiirguse abil, ideaalne k\u00fclmasildade tuvastamiseks vanade hoonete renoveerimisel, vee, soojatrasside, mootori temperatuuri m\u00f5\u00f5tmiseks, laserkiir m\u00f5\u00f5tepunkti t\u00e4pseks m\u00e4\u00e4ramiseks, m\u00f5\u00f5tevahemik \u201320\u00a0\u00b0C kuni +320\u00a0\u00b0C, m\u00f5\u00f5tel\u00e4\u00e4ts 12 : 1, Celsiuse ja Fahrenheiti skaalaga temperatuurin\u00e4idik, automaatne v\u00e4ljal\u00fclitus p\u00e4rast 10\u00a0sekundit, laseri kategooria 2, lainepikkus 635 nm, m\u00f5\u00f5tet\u00e4psus 0\u00a0\u00b0C kuni 320\u00a0\u00b0C = +\/- 1,5\u00a0\u00b0C 0,5 mm\/m, \u201350\u00a0\u00b0C kuni [&#8230;]\n","protected":false},"featured_media":44576,"comment_status":"closed","ping_status":"open","template":"","meta":[],"product_brand":[],"product_cat":[2771,2772,3182,2679],"product_tag":[],"class_list":{"0":"post-38086","1":"product","2":"type-product","3":"status-publish","4":"has-post-thumbnail","6":"product_cat-kasitooriistad","7":"product_cat-mooteriistad","8":"product_cat-testrid","9":"product_cat-tooriistad","10":"pa_kaubamark-kwb","12":"first","13":"instock","14":"sale","15":"taxable","16":"shipping-taxable","17":"purchasable","18":"product-type-simple"},"yoast_head":"<!-- This site is optimized with the Yoast SEO plugin v26.9 - https:\/\/yoast.com\/product\/yoast-seo-wordpress\/ -->\n<title>TERMOMEETER INFRAPUNA KWB 012300 - Espak E-pood<\/title>\n<meta name=\"robots\" content=\"index, follow, max-snippet:-1, max-image-preview:large, max-video-preview:-1\" \/>\n<link rel=\"canonical\" href=\"https:\/\/espak.ee\/epood\/toode\/termomeeter-infrapuna-kwb-012300\/\" \/>\n<meta property=\"og:locale\" content=\"et_EE\" \/>\n<meta property=\"og:type\" content=\"article\" \/>\n<meta property=\"og:title\" content=\"TERMOMEETER INFRAPUNA KWB 012300 - Espak E-pood\" \/>\n<meta property=\"og:description\" content=\"Tootekirjeldus:Infrapunatermomeeter, pinnatemperatuuride puutevaba m\u00f5\u00f5tmine infrapunakiirguse abil, ideaalne k\u00fclmasildade tuvastamiseks vanade hoonete renoveerimisel, vee, soojatrasside, mootori temperatuuri m\u00f5\u00f5tmiseks, laserkiir m\u00f5\u00f5tepunkti t\u00e4pseks m\u00e4\u00e4ramiseks, m\u00f5\u00f5tevahemik \u201320\u00a0\u00b0C kuni +320\u00a0\u00b0C, m\u00f5\u00f5tel\u00e4\u00e4ts 12 : 1, Celsiuse ja Fahrenheiti skaalaga temperatuurin\u00e4idik, automaatne v\u00e4ljal\u00fclitus p\u00e4rast 10\u00a0sekundit, laseri kategooria 2, lainepikkus 635 nm, m\u00f5\u00f5tet\u00e4psus 0\u00a0\u00b0C kuni 320\u00a0\u00b0C = +\/- 1,5\u00a0\u00b0C 0,5 mm\/m, \u201350\u00a0\u00b0C kuni [...]\" \/>\n<meta property=\"og:url\" content=\"https:\/\/espak.ee\/epood\/toode\/termomeeter-infrapuna-kwb-012300\/\" \/>\n<meta property=\"og:site_name\" content=\"Espak E-pood\" \/>\n<meta property=\"article:modified_time\" content=\"2025-01-08T12:45:07+00:00\" \/>\n<meta property=\"og:image\" content=\"https:\/\/espak.ee\/epood\/wp-content\/uploads\/012310-KWB.jpg\" \/>\n\t<meta property=\"og:image:width\" content=\"1000\" \/>\n\t<meta property=\"og:image:height\" content=\"1000\" \/>\n\t<meta property=\"og:image:type\" content=\"image\/jpeg\" \/>\n<meta name=\"twitter:card\" content=\"summary_large_image\" \/>\n<script type=\"application\/ld+json\" class=\"yoast-schema-graph\">{\"@context\":\"https:\/\/schema.org\",\"@graph\":[{\"@type\":\"WebPage\",\"@id\":\"https:\/\/espak.ee\/epood\/toode\/termomeeter-infrapuna-kwb-012300\/\",\"url\":\"https:\/\/espak.ee\/epood\/toode\/termomeeter-infrapuna-kwb-012300\/\",\"name\":\"TERMOMEETER INFRAPUNA KWB 012300 - Espak E-pood\",\"isPartOf\":{\"@id\":\"https:\/\/espak.ee\/epood\/#website\"},\"primaryImageOfPage\":{\"@id\":\"https:\/\/espak.ee\/epood\/toode\/termomeeter-infrapuna-kwb-012300\/#primaryimage\"},\"image\":{\"@id\":\"https:\/\/espak.ee\/epood\/toode\/termomeeter-infrapuna-kwb-012300\/#primaryimage\"},\"thumbnailUrl\":\"https:\/\/espak.ee\/epood\/wp-content\/uploads\/012310-KWB.jpg\",\"datePublished\":\"2020-08-24T03:50:17+00:00\",\"dateModified\":\"2025-01-08T12:45:07+00:00\",\"breadcrumb\":{\"@id\":\"https:\/\/espak.ee\/epood\/toode\/termomeeter-infrapuna-kwb-012300\/#breadcrumb\"},\"inLanguage\":\"et\",\"potentialAction\":[{\"@type\":\"ReadAction\",\"target\":[\"https:\/\/espak.ee\/epood\/toode\/termomeeter-infrapuna-kwb-012300\/\"]}]},{\"@type\":\"ImageObject\",\"inLanguage\":\"et\",\"@id\":\"https:\/\/espak.ee\/epood\/toode\/termomeeter-infrapuna-kwb-012300\/#primaryimage\",\"url\":\"https:\/\/espak.ee\/epood\/wp-content\/uploads\/012310-KWB.jpg\",\"contentUrl\":\"https:\/\/espak.ee\/epood\/wp-content\/uploads\/012310-KWB.jpg\",\"width\":1000,\"height\":1000},{\"@type\":\"BreadcrumbList\",\"@id\":\"https:\/\/espak.ee\/epood\/toode\/termomeeter-infrapuna-kwb-012300\/#breadcrumb\",\"itemListElement\":[{\"@type\":\"ListItem\",\"position\":1,\"name\":\"Home\",\"item\":\"https:\/\/espak.ee\/epood\/\"},{\"@type\":\"ListItem\",\"position\":2,\"name\":\"Tootevalik\",\"item\":\"https:\/\/espak.ee\/epood\/tootevalik\/\"},{\"@type\":\"ListItem\",\"position\":3,\"name\":\"TERMOMEETER INFRAPUNA KWB 012300\"}]},{\"@type\":\"WebSite\",\"@id\":\"https:\/\/espak.ee\/epood\/#website\",\"url\":\"https:\/\/espak.ee\/epood\/\",\"name\":\"Espak E-pood\",\"description\":\"\",\"potentialAction\":[{\"@type\":\"SearchAction\",\"target\":{\"@type\":\"EntryPoint\",\"urlTemplate\":\"https:\/\/espak.ee\/epood\/?s={search_term_string}\"},\"query-input\":{\"@type\":\"PropertyValueSpecification\",\"valueRequired\":true,\"valueName\":\"search_term_string\"}}],\"inLanguage\":\"et\"}]}<\/script>\n<!-- \/ Yoast SEO plugin. -->","yoast_head_json":{"title":"TERMOMEETER INFRAPUNA KWB 012300 - Espak E-pood","robots":{"index":"index","follow":"follow","max-snippet":"max-snippet:-1","max-image-preview":"max-image-preview:large","max-video-preview":"max-video-preview:-1"},"canonical":"https:\/\/espak.ee\/epood\/toode\/termomeeter-infrapuna-kwb-012300\/","og_locale":"et_EE","og_type":"article","og_title":"TERMOMEETER INFRAPUNA KWB 012300 - Espak E-pood","og_description":"Tootekirjeldus:Infrapunatermomeeter, pinnatemperatuuride puutevaba m\u00f5\u00f5tmine infrapunakiirguse abil, ideaalne k\u00fclmasildade tuvastamiseks vanade hoonete renoveerimisel, vee, soojatrasside, mootori temperatuuri m\u00f5\u00f5tmiseks, laserkiir m\u00f5\u00f5tepunkti t\u00e4pseks m\u00e4\u00e4ramiseks, m\u00f5\u00f5tevahemik \u201320\u00a0\u00b0C kuni +320\u00a0\u00b0C, m\u00f5\u00f5tel\u00e4\u00e4ts 12 : 1, Celsiuse ja Fahrenheiti skaalaga temperatuurin\u00e4idik, automaatne v\u00e4ljal\u00fclitus p\u00e4rast 10\u00a0sekundit, laseri kategooria 2, lainepikkus 635 nm, m\u00f5\u00f5tet\u00e4psus 0\u00a0\u00b0C kuni 320\u00a0\u00b0C = +\/- 1,5\u00a0\u00b0C 0,5 mm\/m, \u201350\u00a0\u00b0C kuni [...]","og_url":"https:\/\/espak.ee\/epood\/toode\/termomeeter-infrapuna-kwb-012300\/","og_site_name":"Espak E-pood","article_modified_time":"2025-01-08T12:45:07+00:00","og_image":[{"width":1000,"height":1000,"url":"https:\/\/espak.ee\/epood\/wp-content\/uploads\/012310-KWB.jpg","type":"image\/jpeg"}],"twitter_card":"summary_large_image","schema":{"@context":"https:\/\/schema.org","@graph":[{"@type":"WebPage","@id":"https:\/\/espak.ee\/epood\/toode\/termomeeter-infrapuna-kwb-012300\/","url":"https:\/\/espak.ee\/epood\/toode\/termomeeter-infrapuna-kwb-012300\/","name":"TERMOMEETER INFRAPUNA KWB 012300 - Espak E-pood","isPartOf":{"@id":"https:\/\/espak.ee\/epood\/#website"},"primaryImageOfPage":{"@id":"https:\/\/espak.ee\/epood\/toode\/termomeeter-infrapuna-kwb-012300\/#primaryimage"},"image":{"@id":"https:\/\/espak.ee\/epood\/toode\/termomeeter-infrapuna-kwb-012300\/#primaryimage"},"thumbnailUrl":"https:\/\/espak.ee\/epood\/wp-content\/uploads\/012310-KWB.jpg","datePublished":"2020-08-24T03:50:17+00:00","dateModified":"2025-01-08T12:45:07+00:00","breadcrumb":{"@id":"https:\/\/espak.ee\/epood\/toode\/termomeeter-infrapuna-kwb-012300\/#breadcrumb"},"inLanguage":"et","potentialAction":[{"@type":"ReadAction","target":["https:\/\/espak.ee\/epood\/toode\/termomeeter-infrapuna-kwb-012300\/"]}]},{"@type":"ImageObject","inLanguage":"et","@id":"https:\/\/espak.ee\/epood\/toode\/termomeeter-infrapuna-kwb-012300\/#primaryimage","url":"https:\/\/espak.ee\/epood\/wp-content\/uploads\/012310-KWB.jpg","contentUrl":"https:\/\/espak.ee\/epood\/wp-content\/uploads\/012310-KWB.jpg","width":1000,"height":1000},{"@type":"BreadcrumbList","@id":"https:\/\/espak.ee\/epood\/toode\/termomeeter-infrapuna-kwb-012300\/#breadcrumb","itemListElement":[{"@type":"ListItem","position":1,"name":"Home","item":"https:\/\/espak.ee\/epood\/"},{"@type":"ListItem","position":2,"name":"Tootevalik","item":"https:\/\/espak.ee\/epood\/tootevalik\/"},{"@type":"ListItem","position":3,"name":"TERMOMEETER INFRAPUNA KWB 012300"}]},{"@type":"WebSite","@id":"https:\/\/espak.ee\/epood\/#website","url":"https:\/\/espak.ee\/epood\/","name":"Espak E-pood","description":"","potentialAction":[{"@type":"SearchAction","target":{"@type":"EntryPoint","urlTemplate":"https:\/\/espak.ee\/epood\/?s={search_term_string}"},"query-input":{"@type":"PropertyValueSpecification","valueRequired":true,"valueName":"search_term_string"}}],"inLanguage":"et"}]}},"_links":{"self":[{"href":"https:\/\/espak.ee\/epood\/wp-json\/wp\/v2\/product\/38086","targetHints":{"allow":["GET"]}}],"collection":[{"href":"https:\/\/espak.ee\/epood\/wp-json\/wp\/v2\/product"}],"about":[{"href":"https:\/\/espak.ee\/epood\/wp-json\/wp\/v2\/types\/product"}],"replies":[{"embeddable":true,"href":"https:\/\/espak.ee\/epood\/wp-json\/wp\/v2\/comments?post=38086"}],"wp:featuredmedia":[{"embeddable":true,"href":"https:\/\/espak.ee\/epood\/wp-json\/wp\/v2\/media\/44576"}],"wp:attachment":[{"href":"https:\/\/espak.ee\/epood\/wp-json\/wp\/v2\/media?parent=38086"}],"wp:term":[{"taxonomy":"product_brand","embeddable":true,"href":"https:\/\/espak.ee\/epood\/wp-json\/wp\/v2\/product_brand?post=38086"},{"taxonomy":"product_cat","embeddable":true,"href":"https:\/\/espak.ee\/epood\/wp-json\/wp\/v2\/product_cat?post=38086"},{"taxonomy":"product_tag","embeddable":true,"href":"https:\/\/espak.ee\/epood\/wp-json\/wp\/v2\/product_tag?post=38086"}],"curies":[{"name":"wp","href":"https:\/\/api.w.org\/{rel}","templated":true}]}}