{"id":38023,"date":"2020-08-24T06:46:48","date_gmt":"2020-08-24T03:46:48","guid":{"rendered":"https:\/\/espak.ee\/hinnakiri\/?post_type=product&#038;p=38023"},"modified":"2026-04-06T13:07:46","modified_gmt":"2026-04-06T10:07:46","slug":"detektor-metall-puit-kaablid-011620","status":"publish","type":"product","link":"https:\/\/espak.ee\/epood\/toode\/detektor-metall-puit-kaablid-011620\/","title":{"rendered":"DETEKTOR METALL\/PUIT\/KAABLID 011620"},"content":{"rendered":"<p><strong>Tootekirjeldus:<\/strong><br \/>Sisetingimustes kasutatav kolm-\u00fches-detektor SAFETY-FIXX tagab t\u00e4pse ja ohutu puurimise. Saate enne puurimist kontrollida, et puuritava aluspinna all ei ole pingestatud kaableid, torusid ega talasid.<br \/>\nSeade kalibreerib end t\u00f6\u00f6pinnal ning tuvastab \u00fche korraga k\u00f5ik pingestatud kaablid, kuni 38 mm s\u00fcgavusel paiknevad metallesemed ja kuni 18 mm s\u00fcgavusel paiknevad kipsplaadi karkassipostid. Kui seade tuvastab m\u00f5ne objekti, l\u00fclituvad m\u00e4rgutuled sisse ja kostab helisignaal. Korpusel olevate v\u00f5rdluspunktide abil saab esimese kontrolli ajal m\u00e4rkida t\u00e4pselt \u00e4ra peidetud objekti esimese otsa. Teises suunas liikudes saab \u00fcles m\u00e4rkida peidetud objekti teise otsa. Seega paikneb objekti keskkoht t\u00e4pselt m\u00e4rkide keskel. M\u00f5\u00f5tet\u00e4psus +\/- 3\u00a0mm, m\u00f5\u00f5tmed 15,5 \u00d7 6,5 cm.<\/p>\n","protected":false},"excerpt":{"rendered":"<p>Tootekirjeldus:Sisetingimustes kasutatav kolm-\u00fches-detektor SAFETY-FIXX tagab t\u00e4pse ja ohutu puurimise. Saate enne puurimist kontrollida, et puuritava aluspinna all ei ole pingestatud kaableid, torusid ega talasid. Seade kalibreerib end t\u00f6\u00f6pinnal ning tuvastab \u00fche korraga k\u00f5ik pingestatud kaablid, kuni 38 mm s\u00fcgavusel paiknevad metallesemed ja kuni 18 mm s\u00fcgavusel paiknevad kipsplaadi karkassipostid. Kui seade tuvastab m\u00f5ne objekti, l\u00fclituvad [&#8230;]\n","protected":false},"featured_media":82932,"comment_status":"closed","ping_status":"closed","template":"","meta":[],"product_brand":[],"product_cat":[2771,2772,3182,2679],"product_tag":[],"class_list":{"0":"post-38023","1":"product","2":"type-product","3":"status-publish","4":"has-post-thumbnail","6":"product_cat-kasitooriistad","7":"product_cat-mooteriistad","8":"product_cat-testrid","9":"product_cat-tooriistad","10":"pa_kaubamark-kwb","12":"first","13":"instock","14":"sale","15":"taxable","16":"shipping-taxable","17":"purchasable","18":"product-type-simple"},"yoast_head":"<!-- This site is optimized with the Yoast SEO plugin v26.9 - https:\/\/yoast.com\/product\/yoast-seo-wordpress\/ -->\n<title>DETEKTOR METALL\/PUIT\/KAABLID 011620 - Espak E-pood<\/title>\n<meta name=\"robots\" content=\"index, follow, max-snippet:-1, max-image-preview:large, max-video-preview:-1\" \/>\n<link rel=\"canonical\" href=\"https:\/\/espak.ee\/epood\/toode\/detektor-metall-puit-kaablid-011620\/\" \/>\n<meta property=\"og:locale\" content=\"et_EE\" \/>\n<meta property=\"og:type\" content=\"article\" \/>\n<meta property=\"og:title\" content=\"DETEKTOR METALL\/PUIT\/KAABLID 011620 - Espak E-pood\" \/>\n<meta property=\"og:description\" content=\"Tootekirjeldus:Sisetingimustes kasutatav kolm-\u00fches-detektor SAFETY-FIXX tagab t\u00e4pse ja ohutu puurimise. Saate enne puurimist kontrollida, et puuritava aluspinna all ei ole pingestatud kaableid, torusid ega talasid. Seade kalibreerib end t\u00f6\u00f6pinnal ning tuvastab \u00fche korraga k\u00f5ik pingestatud kaablid, kuni 38 mm s\u00fcgavusel paiknevad metallesemed ja kuni 18 mm s\u00fcgavusel paiknevad kipsplaadi karkassipostid. Kui seade tuvastab m\u00f5ne objekti, l\u00fclituvad [...]\" \/>\n<meta property=\"og:url\" content=\"https:\/\/espak.ee\/epood\/toode\/detektor-metall-puit-kaablid-011620\/\" \/>\n<meta property=\"og:site_name\" content=\"Espak E-pood\" \/>\n<meta property=\"article:modified_time\" content=\"2026-04-06T10:07:46+00:00\" \/>\n<meta property=\"og:image\" content=\"https:\/\/espak.ee\/epood\/wp-content\/uploads\/2020\/08\/011620-100.jpg\" \/>\n\t<meta property=\"og:image:width\" content=\"1000\" \/>\n\t<meta property=\"og:image:height\" content=\"1000\" \/>\n\t<meta property=\"og:image:type\" content=\"image\/jpeg\" \/>\n<meta name=\"twitter:card\" content=\"summary_large_image\" \/>\n<meta name=\"twitter:label1\" content=\"Est. reading time\" \/>\n\t<meta name=\"twitter:data1\" content=\"1 minut\" \/>\n<script type=\"application\/ld+json\" class=\"yoast-schema-graph\">{\"@context\":\"https:\/\/schema.org\",\"@graph\":[{\"@type\":\"WebPage\",\"@id\":\"https:\/\/espak.ee\/epood\/toode\/detektor-metall-puit-kaablid-011620\/\",\"url\":\"https:\/\/espak.ee\/epood\/toode\/detektor-metall-puit-kaablid-011620\/\",\"name\":\"DETEKTOR METALL\/PUIT\/KAABLID 011620 - Espak E-pood\",\"isPartOf\":{\"@id\":\"https:\/\/espak.ee\/epood\/#website\"},\"primaryImageOfPage\":{\"@id\":\"https:\/\/espak.ee\/epood\/toode\/detektor-metall-puit-kaablid-011620\/#primaryimage\"},\"image\":{\"@id\":\"https:\/\/espak.ee\/epood\/toode\/detektor-metall-puit-kaablid-011620\/#primaryimage\"},\"thumbnailUrl\":\"https:\/\/espak.ee\/epood\/wp-content\/uploads\/2020\/08\/011620-100.jpg\",\"datePublished\":\"2020-08-24T03:46:48+00:00\",\"dateModified\":\"2026-04-06T10:07:46+00:00\",\"breadcrumb\":{\"@id\":\"https:\/\/espak.ee\/epood\/toode\/detektor-metall-puit-kaablid-011620\/#breadcrumb\"},\"inLanguage\":\"et\",\"potentialAction\":[{\"@type\":\"ReadAction\",\"target\":[\"https:\/\/espak.ee\/epood\/toode\/detektor-metall-puit-kaablid-011620\/\"]}]},{\"@type\":\"ImageObject\",\"inLanguage\":\"et\",\"@id\":\"https:\/\/espak.ee\/epood\/toode\/detektor-metall-puit-kaablid-011620\/#primaryimage\",\"url\":\"https:\/\/espak.ee\/epood\/wp-content\/uploads\/2020\/08\/011620-100.jpg\",\"contentUrl\":\"https:\/\/espak.ee\/epood\/wp-content\/uploads\/2020\/08\/011620-100.jpg\",\"width\":1000,\"height\":1000},{\"@type\":\"BreadcrumbList\",\"@id\":\"https:\/\/espak.ee\/epood\/toode\/detektor-metall-puit-kaablid-011620\/#breadcrumb\",\"itemListElement\":[{\"@type\":\"ListItem\",\"position\":1,\"name\":\"Home\",\"item\":\"https:\/\/espak.ee\/epood\/\"},{\"@type\":\"ListItem\",\"position\":2,\"name\":\"Tootevalik\",\"item\":\"https:\/\/espak.ee\/epood\/tootevalik\/\"},{\"@type\":\"ListItem\",\"position\":3,\"name\":\"DETEKTOR METALL\/PUIT\/KAABLID 011620\"}]},{\"@type\":\"WebSite\",\"@id\":\"https:\/\/espak.ee\/epood\/#website\",\"url\":\"https:\/\/espak.ee\/epood\/\",\"name\":\"Espak E-pood\",\"description\":\"\",\"potentialAction\":[{\"@type\":\"SearchAction\",\"target\":{\"@type\":\"EntryPoint\",\"urlTemplate\":\"https:\/\/espak.ee\/epood\/?s={search_term_string}\"},\"query-input\":{\"@type\":\"PropertyValueSpecification\",\"valueRequired\":true,\"valueName\":\"search_term_string\"}}],\"inLanguage\":\"et\"}]}<\/script>\n<!-- \/ Yoast SEO plugin. -->","yoast_head_json":{"title":"DETEKTOR METALL\/PUIT\/KAABLID 011620 - Espak E-pood","robots":{"index":"index","follow":"follow","max-snippet":"max-snippet:-1","max-image-preview":"max-image-preview:large","max-video-preview":"max-video-preview:-1"},"canonical":"https:\/\/espak.ee\/epood\/toode\/detektor-metall-puit-kaablid-011620\/","og_locale":"et_EE","og_type":"article","og_title":"DETEKTOR METALL\/PUIT\/KAABLID 011620 - Espak E-pood","og_description":"Tootekirjeldus:Sisetingimustes kasutatav kolm-\u00fches-detektor SAFETY-FIXX tagab t\u00e4pse ja ohutu puurimise. Saate enne puurimist kontrollida, et puuritava aluspinna all ei ole pingestatud kaableid, torusid ega talasid. Seade kalibreerib end t\u00f6\u00f6pinnal ning tuvastab \u00fche korraga k\u00f5ik pingestatud kaablid, kuni 38 mm s\u00fcgavusel paiknevad metallesemed ja kuni 18 mm s\u00fcgavusel paiknevad kipsplaadi karkassipostid. Kui seade tuvastab m\u00f5ne objekti, l\u00fclituvad [...]","og_url":"https:\/\/espak.ee\/epood\/toode\/detektor-metall-puit-kaablid-011620\/","og_site_name":"Espak E-pood","article_modified_time":"2026-04-06T10:07:46+00:00","og_image":[{"width":1000,"height":1000,"url":"https:\/\/espak.ee\/epood\/wp-content\/uploads\/2020\/08\/011620-100.jpg","type":"image\/jpeg"}],"twitter_card":"summary_large_image","twitter_misc":{"Est. reading time":"1 minut"},"schema":{"@context":"https:\/\/schema.org","@graph":[{"@type":"WebPage","@id":"https:\/\/espak.ee\/epood\/toode\/detektor-metall-puit-kaablid-011620\/","url":"https:\/\/espak.ee\/epood\/toode\/detektor-metall-puit-kaablid-011620\/","name":"DETEKTOR METALL\/PUIT\/KAABLID 011620 - Espak E-pood","isPartOf":{"@id":"https:\/\/espak.ee\/epood\/#website"},"primaryImageOfPage":{"@id":"https:\/\/espak.ee\/epood\/toode\/detektor-metall-puit-kaablid-011620\/#primaryimage"},"image":{"@id":"https:\/\/espak.ee\/epood\/toode\/detektor-metall-puit-kaablid-011620\/#primaryimage"},"thumbnailUrl":"https:\/\/espak.ee\/epood\/wp-content\/uploads\/2020\/08\/011620-100.jpg","datePublished":"2020-08-24T03:46:48+00:00","dateModified":"2026-04-06T10:07:46+00:00","breadcrumb":{"@id":"https:\/\/espak.ee\/epood\/toode\/detektor-metall-puit-kaablid-011620\/#breadcrumb"},"inLanguage":"et","potentialAction":[{"@type":"ReadAction","target":["https:\/\/espak.ee\/epood\/toode\/detektor-metall-puit-kaablid-011620\/"]}]},{"@type":"ImageObject","inLanguage":"et","@id":"https:\/\/espak.ee\/epood\/toode\/detektor-metall-puit-kaablid-011620\/#primaryimage","url":"https:\/\/espak.ee\/epood\/wp-content\/uploads\/2020\/08\/011620-100.jpg","contentUrl":"https:\/\/espak.ee\/epood\/wp-content\/uploads\/2020\/08\/011620-100.jpg","width":1000,"height":1000},{"@type":"BreadcrumbList","@id":"https:\/\/espak.ee\/epood\/toode\/detektor-metall-puit-kaablid-011620\/#breadcrumb","itemListElement":[{"@type":"ListItem","position":1,"name":"Home","item":"https:\/\/espak.ee\/epood\/"},{"@type":"ListItem","position":2,"name":"Tootevalik","item":"https:\/\/espak.ee\/epood\/tootevalik\/"},{"@type":"ListItem","position":3,"name":"DETEKTOR METALL\/PUIT\/KAABLID 011620"}]},{"@type":"WebSite","@id":"https:\/\/espak.ee\/epood\/#website","url":"https:\/\/espak.ee\/epood\/","name":"Espak E-pood","description":"","potentialAction":[{"@type":"SearchAction","target":{"@type":"EntryPoint","urlTemplate":"https:\/\/espak.ee\/epood\/?s={search_term_string}"},"query-input":{"@type":"PropertyValueSpecification","valueRequired":true,"valueName":"search_term_string"}}],"inLanguage":"et"}]}},"_links":{"self":[{"href":"https:\/\/espak.ee\/epood\/wp-json\/wp\/v2\/product\/38023","targetHints":{"allow":["GET"]}}],"collection":[{"href":"https:\/\/espak.ee\/epood\/wp-json\/wp\/v2\/product"}],"about":[{"href":"https:\/\/espak.ee\/epood\/wp-json\/wp\/v2\/types\/product"}],"replies":[{"embeddable":true,"href":"https:\/\/espak.ee\/epood\/wp-json\/wp\/v2\/comments?post=38023"}],"wp:featuredmedia":[{"embeddable":true,"href":"https:\/\/espak.ee\/epood\/wp-json\/wp\/v2\/media\/82932"}],"wp:attachment":[{"href":"https:\/\/espak.ee\/epood\/wp-json\/wp\/v2\/media?parent=38023"}],"wp:term":[{"taxonomy":"product_brand","embeddable":true,"href":"https:\/\/espak.ee\/epood\/wp-json\/wp\/v2\/product_brand?post=38023"},{"taxonomy":"product_cat","embeddable":true,"href":"https:\/\/espak.ee\/epood\/wp-json\/wp\/v2\/product_cat?post=38023"},{"taxonomy":"product_tag","embeddable":true,"href":"https:\/\/espak.ee\/epood\/wp-json\/wp\/v2\/product_tag?post=38023"}],"curies":[{"name":"wp","href":"https:\/\/api.w.org\/{rel}","templated":true}]}}