{"id":3700,"date":"2019-01-26T02:07:47","date_gmt":"2019-01-26T00:07:47","guid":{"rendered":"https:\/\/espak.ee\/tellimiskeskkond\/?post_type=product&#038;p=3700"},"modified":"2024-03-23T00:25:57","modified_gmt":"2024-03-22T22:25:57","slug":"pahtel-spackel-medium-10l","status":"publish","type":"product","link":"https:\/\/espak.ee\/epood\/toode\/pahtel-spackel-medium-10l\/","title":{"rendered":"PAHTEL SPACKEL MEDIUM 10L"},"content":{"rendered":"<div class=\"row\"  id=\"row-1169014014\">\n\n\t<div id=\"col-135208296\" class=\"col medium-9 small-12 large-9\"  >\n\t\t\t\t<div class=\"col-inner\"  >\n\t\t\t\n\t\t\t\n<h2>Siset\u00f6\u00f6de kergpahtel<\/h2>\n<p>Kasutusvalmis kergpahtel (tihedus ~ 1,0 kg\/l) siset\u00f6\u00f6deks. Toode on spetsiaalselt v\u00e4lja t\u00f6\u00f6tatud kasutamiseks nii renoveerimise, \u00fcmber- ja juurdeehituse korral kui ka uusehitustel.<br \/>\nHeade t\u00e4iteomadustega pahtel on kergesti pinnale kantav ja t\u00f6\u00f6deldav, nakkub h\u00e4sti aluspinnaga ning kuivanud pinda on kerge lihvida.<\/p>\n<div class=\"message-box relative\" style=\"padding-top:15px;padding-bottom:15px;\"><div class=\"message-box-bg-image bg-fill fill\" ><\/div><div class=\"message-box-bg-overlay bg-fill fill\" ><\/div><div class=\"container relative\"><div class=\"inner last-reset\">\n<div class=\"row align-middle align-center\"  id=\"row-1429454697\">\n\n\t<div id=\"col-1368494334\" class=\"col small-12 large-12\"  >\n\t\t\t\t<div class=\"col-inner text-left\"  >\n\t\t\t\n\t\t\t\n<h4>Omadused<\/h4>\n<div class=\"row\"  id=\"row-172061625\">\n\n\t<div id=\"col-775369485\" class=\"col medium-6 small-12 large-6\"  >\n\t\t\t\t<div class=\"col-inner\"  >\n\t\t\t\n\t\t\t\n<p><i class=\"fa fa-paint-roller fa-2x\"><\/i> <strong>Katvus<\/strong> 4-5 m\u00b2\/L<\/p>\n\t\t<\/div>\n\t\t\t\t\n<style>\n#col-775369485 > .col-inner {\n  margin: 10px 0px 15px 0px;\n}\n<\/style>\n\t<\/div>\n\n\t\n\n\t<div id=\"col-381857426\" class=\"col medium-6 small-12 large-6\"  >\n\t\t\t\t<div class=\"col-inner\"  >\n\t\t\t\n\t\t\t\n<p><i class=\"fa fa-clock-four fa-2x\"><\/i> <strong>Kuivamisaeg<\/strong> 4 h<\/p>\n\t\t<\/div>\n\t\t\t\t\n<style>\n#col-381857426 > .col-inner {\n  margin: 10px 0px 15px 0px;\n}\n<\/style>\n\t<\/div>\n\n\t\n<\/div>\n<div class=\"is-divider divider clearfix\" style=\"margin-top:20px;margin-bottom:20px;max-width:100%;height:2px;background-color:rgb(1, 27, 70);\"><\/div>\n<div class=\"row\"  id=\"row-1481270202\">\n\n\t<div id=\"col-295507078\" class=\"col medium-6 small-12 large-6\"  >\n\t\t\t\t<div class=\"col-inner\"  >\n\t\t\t\n\t\t\t\n<p><i class=\"fa fa-check fa-2x\"><\/i> <strong>Heade t\u00e4ite- ja t\u00f6\u00f6tlemisomadustega<\/strong><\/p>\n<p><i class=\"fa fa-check fa-2x\"><\/i> <strong>Sobiv vuugiteipide paigaldamiseks<\/strong><\/p>\n\t\t<\/div>\n\t\t\t\t\n<style>\n#col-295507078 > .col-inner {\n  margin: 0px 0px 15px 0px;\n}\n<\/style>\n\t<\/div>\n\n\t\n<\/div>\n\t\t<\/div>\n\t\t\t\t\t<\/div>\n\n\t\n<\/div>\n<\/div><\/div><\/div>\n\t<div id=\"gap-294743095\" class=\"gap-element clearfix\" style=\"display:block; height:auto;\">\n\t\t\n<style>\n#gap-294743095 {\n  padding-top: 30px;\n}\n<\/style>\n\t<\/div>\n\t\n<h3>Kasutamise \u00fcksikasjad<\/h3>\n<p><strong>Pinna ettevalmistus:<\/strong> Vajalik t\u00f6\u00f6de maht s\u00f5ltub konkreetse pinna seisundist ja sellele esitatud n\u00f5uetest. Aluspind peab olema kuiv ning puhas tolmust, mustusest ja rasvast. Eemaldada vana lahtine v\u00e4rv ning n\u00f5rgalt seotud pinnakihid kuni kindla aluspinnani. Varem v\u00e4rvitud pinna puhastamiseks kasutada leiget v\u00f5i sooja vett, tugevasti m\u00e4\u00e4rdunud pinna puhastamiseks ka pesuvahendit Cleaner. Lahtine v\u00f5i n\u00f5rgalt pinnaga seotud vana tapeet eemaldada t\u00e4ielikult. Eelnevalt l\u00e4ikiva v\u00e4rviga kaetud pind karestada parema nakke saamiseks liivapaberiga.<\/p>\n<p><strong>Peitsimine:<\/strong> Pahtel on kasutusvalmis. Pikema seismise j\u00e4rel v\u00f5ib toode vajada kerget l\u00e4bisegamist. Mitte segada toote hulka teist t\u00fc\u00fcpi pahtleid v\u00f5i kuivsegusid. Pahtel kanda pinnale \u00fches v\u00f5i mitmes kuni 5 mm kihis. Enne j\u00e4rgmise pahtlikihi pealekandmist veenduda, et eelmine kiht on kuivanud.<br \/>\nV\u00e4rske pahtel siluda pinnal v\u00f5imalikult \u00fchtlaseks, et v\u00e4hendada hilisemat lihvimise m\u00e4\u00e4ra. Vuugid ja laiemad praod tugevdada paberist v\u00f5i klaaskiudriidest lindiga. Pahteldatud pinna lihvimiseks kasutada peeneteralist liivapaberit (nr 150-180). Lihvimise j\u00e4rel eemaldada pinnalt lihvimistolm.<\/p>\n<p><strong>Hoiustamine:<\/strong> Hoida suletud taaras kuivas ja jahedas (\u00fcle +5\u00baC), kaitsta toodet k\u00fclmumise eest<\/p>\n<p><strong>Tervishoiu- ja ohutusn\u00f5uded:<\/strong> T\u00f6\u00f6 l\u00f5ppedes sulgeda hoolikalt pahtlin\u00f5u. Enne t\u00f6\u00f6vahendi puhastamist eemaldada liigne pahtel. Toodet mitte valada kanalisatsiooni v\u00f5i veekogusse. Vedelad pahtlij\u00e4\u00e4gid toimetada kahjulike ainete kogumiskohta, j\u00e4\u00e4tmek\u00e4itlusesse suunata ainult t\u00e4ielikult t\u00fchjendatud n\u00f5ud.<\/p>\n\t\t<\/div>\n\t\t\t\t\t<\/div>\n\n\t\n\n\t<div id=\"col-1150791791\" class=\"col medium-3 small-12 large-3\"  >\n\t\t\t\t<div class=\"col-inner\"  >\n\t\t\t\n\t\t\t\n\t<div id=\"gap-1176068531\" class=\"gap-element clearfix\" style=\"display:block; height:auto;\">\n\t\t\n<style>\n#gap-1176068531 {\n  padding-top: 30px;\n}\n<\/style>\n\t<\/div>\n\t\n<h3>Tehniline informatsioon<\/h3>\n<p><a href=\"https:\/\/espak.ee\/epood\/wp-content\/uploads\/pahtel-spackel-medium-tooteleht.pdf\" target=\"_blank\" rel=\"noopener noreferrer\"><i class=\"far fa-file-pdf\"><\/i> Tehniline info (PDF)<\/a><\/p>\n<h3>Ohutusalane teave<\/h3>\n<p><a href=\"https:\/\/espak.ee\/epood\/wp-content\/uploads\/pahtel-spackel-medium-ohutuskaart.pdf\" target=\"_blank\" rel=\"noopener noreferrer\"><i class=\"far fa-file-pdf\"><\/i> Ohutusalane teave (PDF)<\/a><\/p>\n<div class=\"is-divider divider clearfix\" ><\/div>\n<p><strong>\u00dcksikasjalikuma n\u00f5u saamiseks v\u00f5tke \u00fchendust:<br \/><\/strong>Akzo Nobel Baltics, R. Tobiase 8, 10147 Tallinn, Telefon: 6305299<\/p>\n\t\t<\/div>\n\t\t\t\t\t<\/div>\n\n\t\n<\/div>\n","protected":false},"excerpt":{"rendered":"","protected":false},"featured_media":85440,"comment_status":"closed","ping_status":"closed","template":"","meta":[],"product_brand":[],"product_cat":[2698,2699,2697,2700],"product_tag":[],"class_list":{"0":"post-3700","1":"product","2":"type-product","3":"status-publish","4":"has-post-thumbnail","6":"product_cat-pahtlid-ja-kuivsegud","7":"product_cat-sisepahtlid","8":"product_cat-uldehitus","9":"product_cat-valmispahtlid","10":"pa_kaubamark-akzo-nobel-baltics-as","12":"first","13":"instock","14":"sale","15":"taxable","16":"shipping-taxable","17":"purchasable","18":"product-type-simple"},"yoast_head":"<!-- This site is optimized with the Yoast SEO plugin v26.9 - https:\/\/yoast.com\/product\/yoast-seo-wordpress\/ -->\n<title>PAHTEL SPACKEL MEDIUM 10L - Espak E-pood<\/title>\n<meta name=\"robots\" content=\"index, follow, max-snippet:-1, max-image-preview:large, max-video-preview:-1\" \/>\n<link rel=\"canonical\" href=\"https:\/\/espak.ee\/epood\/toode\/pahtel-spackel-medium-10l\/\" \/>\n<meta property=\"og:locale\" content=\"et_EE\" \/>\n<meta property=\"og:type\" content=\"article\" \/>\n<meta property=\"og:title\" content=\"PAHTEL SPACKEL MEDIUM 10L - Espak E-pood\" \/>\n<meta property=\"og:url\" content=\"https:\/\/espak.ee\/epood\/toode\/pahtel-spackel-medium-10l\/\" \/>\n<meta property=\"og:site_name\" content=\"Espak E-pood\" \/>\n<meta property=\"article:modified_time\" content=\"2024-03-22T22:25:57+00:00\" \/>\n<meta property=\"og:image\" content=\"https:\/\/espak.ee\/epood\/wp-content\/uploads\/2019\/01\/images.jpg\" \/>\n\t<meta property=\"og:image:width\" content=\"1000\" \/>\n\t<meta property=\"og:image:height\" content=\"1000\" \/>\n\t<meta property=\"og:image:type\" content=\"image\/jpeg\" \/>\n<meta name=\"twitter:card\" content=\"summary_large_image\" \/>\n<meta name=\"twitter:label1\" content=\"Est. reading time\" \/>\n\t<meta name=\"twitter:data1\" content=\"2 minutit\" \/>\n<script type=\"application\/ld+json\" class=\"yoast-schema-graph\">{\"@context\":\"https:\/\/schema.org\",\"@graph\":[{\"@type\":\"WebPage\",\"@id\":\"https:\/\/espak.ee\/epood\/toode\/pahtel-spackel-medium-10l\/\",\"url\":\"https:\/\/espak.ee\/epood\/toode\/pahtel-spackel-medium-10l\/\",\"name\":\"PAHTEL SPACKEL MEDIUM 10L - Espak E-pood\",\"isPartOf\":{\"@id\":\"https:\/\/espak.ee\/epood\/#website\"},\"primaryImageOfPage\":{\"@id\":\"https:\/\/espak.ee\/epood\/toode\/pahtel-spackel-medium-10l\/#primaryimage\"},\"image\":{\"@id\":\"https:\/\/espak.ee\/epood\/toode\/pahtel-spackel-medium-10l\/#primaryimage\"},\"thumbnailUrl\":\"https:\/\/espak.ee\/epood\/wp-content\/uploads\/2019\/01\/images.jpg\",\"datePublished\":\"2019-01-26T00:07:47+00:00\",\"dateModified\":\"2024-03-22T22:25:57+00:00\",\"breadcrumb\":{\"@id\":\"https:\/\/espak.ee\/epood\/toode\/pahtel-spackel-medium-10l\/#breadcrumb\"},\"inLanguage\":\"et\",\"potentialAction\":[{\"@type\":\"ReadAction\",\"target\":[\"https:\/\/espak.ee\/epood\/toode\/pahtel-spackel-medium-10l\/\"]}]},{\"@type\":\"ImageObject\",\"inLanguage\":\"et\",\"@id\":\"https:\/\/espak.ee\/epood\/toode\/pahtel-spackel-medium-10l\/#primaryimage\",\"url\":\"https:\/\/espak.ee\/epood\/wp-content\/uploads\/2019\/01\/images.jpg\",\"contentUrl\":\"https:\/\/espak.ee\/epood\/wp-content\/uploads\/2019\/01\/images.jpg\",\"width\":1000,\"height\":1000},{\"@type\":\"BreadcrumbList\",\"@id\":\"https:\/\/espak.ee\/epood\/toode\/pahtel-spackel-medium-10l\/#breadcrumb\",\"itemListElement\":[{\"@type\":\"ListItem\",\"position\":1,\"name\":\"Home\",\"item\":\"https:\/\/espak.ee\/epood\/\"},{\"@type\":\"ListItem\",\"position\":2,\"name\":\"Tootevalik\",\"item\":\"https:\/\/espak.ee\/epood\/tootevalik\/\"},{\"@type\":\"ListItem\",\"position\":3,\"name\":\"PAHTEL SPACKEL MEDIUM 10L\"}]},{\"@type\":\"WebSite\",\"@id\":\"https:\/\/espak.ee\/epood\/#website\",\"url\":\"https:\/\/espak.ee\/epood\/\",\"name\":\"Espak E-pood\",\"description\":\"\",\"potentialAction\":[{\"@type\":\"SearchAction\",\"target\":{\"@type\":\"EntryPoint\",\"urlTemplate\":\"https:\/\/espak.ee\/epood\/?s={search_term_string}\"},\"query-input\":{\"@type\":\"PropertyValueSpecification\",\"valueRequired\":true,\"valueName\":\"search_term_string\"}}],\"inLanguage\":\"et\"}]}<\/script>\n<!-- \/ Yoast SEO plugin. -->","yoast_head_json":{"title":"PAHTEL SPACKEL MEDIUM 10L - Espak E-pood","robots":{"index":"index","follow":"follow","max-snippet":"max-snippet:-1","max-image-preview":"max-image-preview:large","max-video-preview":"max-video-preview:-1"},"canonical":"https:\/\/espak.ee\/epood\/toode\/pahtel-spackel-medium-10l\/","og_locale":"et_EE","og_type":"article","og_title":"PAHTEL SPACKEL MEDIUM 10L - Espak E-pood","og_url":"https:\/\/espak.ee\/epood\/toode\/pahtel-spackel-medium-10l\/","og_site_name":"Espak E-pood","article_modified_time":"2024-03-22T22:25:57+00:00","og_image":[{"width":1000,"height":1000,"url":"https:\/\/espak.ee\/epood\/wp-content\/uploads\/2019\/01\/images.jpg","type":"image\/jpeg"}],"twitter_card":"summary_large_image","twitter_misc":{"Est. reading time":"2 minutit"},"schema":{"@context":"https:\/\/schema.org","@graph":[{"@type":"WebPage","@id":"https:\/\/espak.ee\/epood\/toode\/pahtel-spackel-medium-10l\/","url":"https:\/\/espak.ee\/epood\/toode\/pahtel-spackel-medium-10l\/","name":"PAHTEL SPACKEL MEDIUM 10L - Espak E-pood","isPartOf":{"@id":"https:\/\/espak.ee\/epood\/#website"},"primaryImageOfPage":{"@id":"https:\/\/espak.ee\/epood\/toode\/pahtel-spackel-medium-10l\/#primaryimage"},"image":{"@id":"https:\/\/espak.ee\/epood\/toode\/pahtel-spackel-medium-10l\/#primaryimage"},"thumbnailUrl":"https:\/\/espak.ee\/epood\/wp-content\/uploads\/2019\/01\/images.jpg","datePublished":"2019-01-26T00:07:47+00:00","dateModified":"2024-03-22T22:25:57+00:00","breadcrumb":{"@id":"https:\/\/espak.ee\/epood\/toode\/pahtel-spackel-medium-10l\/#breadcrumb"},"inLanguage":"et","potentialAction":[{"@type":"ReadAction","target":["https:\/\/espak.ee\/epood\/toode\/pahtel-spackel-medium-10l\/"]}]},{"@type":"ImageObject","inLanguage":"et","@id":"https:\/\/espak.ee\/epood\/toode\/pahtel-spackel-medium-10l\/#primaryimage","url":"https:\/\/espak.ee\/epood\/wp-content\/uploads\/2019\/01\/images.jpg","contentUrl":"https:\/\/espak.ee\/epood\/wp-content\/uploads\/2019\/01\/images.jpg","width":1000,"height":1000},{"@type":"BreadcrumbList","@id":"https:\/\/espak.ee\/epood\/toode\/pahtel-spackel-medium-10l\/#breadcrumb","itemListElement":[{"@type":"ListItem","position":1,"name":"Home","item":"https:\/\/espak.ee\/epood\/"},{"@type":"ListItem","position":2,"name":"Tootevalik","item":"https:\/\/espak.ee\/epood\/tootevalik\/"},{"@type":"ListItem","position":3,"name":"PAHTEL SPACKEL MEDIUM 10L"}]},{"@type":"WebSite","@id":"https:\/\/espak.ee\/epood\/#website","url":"https:\/\/espak.ee\/epood\/","name":"Espak E-pood","description":"","potentialAction":[{"@type":"SearchAction","target":{"@type":"EntryPoint","urlTemplate":"https:\/\/espak.ee\/epood\/?s={search_term_string}"},"query-input":{"@type":"PropertyValueSpecification","valueRequired":true,"valueName":"search_term_string"}}],"inLanguage":"et"}]}},"_links":{"self":[{"href":"https:\/\/espak.ee\/epood\/wp-json\/wp\/v2\/product\/3700","targetHints":{"allow":["GET"]}}],"collection":[{"href":"https:\/\/espak.ee\/epood\/wp-json\/wp\/v2\/product"}],"about":[{"href":"https:\/\/espak.ee\/epood\/wp-json\/wp\/v2\/types\/product"}],"replies":[{"embeddable":true,"href":"https:\/\/espak.ee\/epood\/wp-json\/wp\/v2\/comments?post=3700"}],"wp:featuredmedia":[{"embeddable":true,"href":"https:\/\/espak.ee\/epood\/wp-json\/wp\/v2\/media\/85440"}],"wp:attachment":[{"href":"https:\/\/espak.ee\/epood\/wp-json\/wp\/v2\/media?parent=3700"}],"wp:term":[{"taxonomy":"product_brand","embeddable":true,"href":"https:\/\/espak.ee\/epood\/wp-json\/wp\/v2\/product_brand?post=3700"},{"taxonomy":"product_cat","embeddable":true,"href":"https:\/\/espak.ee\/epood\/wp-json\/wp\/v2\/product_cat?post=3700"},{"taxonomy":"product_tag","embeddable":true,"href":"https:\/\/espak.ee\/epood\/wp-json\/wp\/v2\/product_tag?post=3700"}],"curies":[{"name":"wp","href":"https:\/\/api.w.org\/{rel}","templated":true}]}}