{"id":3696,"date":"2019-01-26T02:07:47","date_gmt":"2019-01-26T00:07:47","guid":{"rendered":"https:\/\/espak.ee\/tellimiskeskkond\/?post_type=product&#038;p=3696"},"modified":"2025-10-14T11:08:08","modified_gmt":"2025-10-14T08:08:08","slug":"pahtel-maxi-pro-special-10l","status":"publish","type":"product","link":"https:\/\/espak.ee\/epood\/toode\/pahtel-maxi-pro-special-10l\/","title":{"rendered":"PAHTEL MAXI PRO SPECIAL 10L"},"content":{"rendered":"<div class=\"row\"  id=\"row-1980813077\">\n\n\t<div id=\"col-1937934839\" class=\"col medium-9 small-12 large-9\"  >\n\t\t\t\t<div class=\"col-inner\"  >\n\t\t\t\n\t\t\t\n<h2>Vuugi- ja viimistluspahtel<\/h2>\n<p>Kasutusvalmis kergpahtel (tihedus ~ 1,3 kg\/l) siset\u00f6\u00f6deks. Toode on m\u00f5eldud elu-, kontori ja \u00fchiskondlike ruumide seinte ja lagede pahteldamiseks. Pahtel on kergesti pinnale kantav ning h\u00e4sti t\u00f6\u00f6deldav, sobides seet\u00f5ttu nii \u00fcksikute ebatasasuste ja aukude kohtpahteldamiseks kui suuremate pindade lauspahteldamiseks. Nakkub h\u00e4sti aluspinnaga, kuivanud pinda on kerge lihvida.<\/p>\n<div class=\"message-box relative\" style=\"padding-top:15px;padding-bottom:15px;\"><div class=\"message-box-bg-image bg-fill fill\" ><\/div><div class=\"message-box-bg-overlay bg-fill fill\" ><\/div><div class=\"container relative\"><div class=\"inner last-reset\">\n<div class=\"row align-middle align-center\"  id=\"row-288903303\">\n\n\t<div id=\"col-1424661887\" class=\"col small-12 large-12\"  >\n\t\t\t\t<div class=\"col-inner text-left\"  >\n\t\t\t\n\t\t\t\n<h4>Omadused<\/h4>\n<div class=\"row\"  id=\"row-1637512075\">\n\n\t<div id=\"col-181656751\" class=\"col medium-6 small-12 large-6\"  >\n\t\t\t\t<div class=\"col-inner\"  >\n\t\t\t\n\t\t\t\n<p><i class=\"fa fa-clock-four fa-2x\"><\/i> <strong>Kuivamisaeg<\/strong> 4h \/ 1mm<\/p>\n\t\t<\/div>\n\t\t\t\t\n<style>\n#col-181656751 > .col-inner {\n  margin: 10px 0px 15px 0px;\n}\n<\/style>\n\t<\/div>\n\n\t\n\n\t<div id=\"col-1869561360\" class=\"col medium-6 small-12 large-6\"  >\n\t\t\t\t<div class=\"col-inner\"  >\n\t\t\t\n\t\t\t\n\t\t<\/div>\n\t\t\t\t\n<style>\n#col-1869561360 > .col-inner {\n  margin: 10px 0px 15px 0px;\n}\n<\/style>\n\t<\/div>\n\n\t\n<\/div>\n<div class=\"is-divider divider clearfix\" style=\"margin-top:20px;margin-bottom:20px;max-width:100%;height:2px;background-color:rgb(1, 27, 70);\"><\/div>\n<div class=\"row\"  id=\"row-2007115105\">\n\n\t<div id=\"col-1609335693\" class=\"col medium-6 small-12 large-6\"  >\n\t\t\t\t<div class=\"col-inner\"  >\n\t\t\t\n\t\t\t\n<p><i class=\"fa fa-check fa-2x\"><\/i> <strong> Kasutusvalmis kergpahtel siset\u00f6\u00f6deks <\/strong><\/p>\n<p><i class=\"fa fa-check fa-2x\"><\/i> <strong>Heade t\u00e4ite- ja t\u00f6\u00f6tlemisomadustega<\/strong><\/p>\n\t\t<\/div>\n\t\t\t\t\n<style>\n#col-1609335693 > .col-inner {\n  margin: 0px 0px 15px 0px;\n}\n<\/style>\n\t<\/div>\n\n\t\n\n\t<div id=\"col-64544665\" class=\"col medium-6 small-12 large-6\"  >\n\t\t\t\t<div class=\"col-inner\"  >\n\t\t\t\n\t\t\t\n\t\t<\/div>\n\t\t\t\t\n<style>\n#col-64544665 > .col-inner {\n  margin: 0px 0px 15px 0px;\n}\n<\/style>\n\t<\/div>\n\n\t\n<\/div>\n\t\t<\/div>\n\t\t\t\t\t<\/div>\n\n\t\n<\/div>\n<\/div><\/div><\/div>\n\t<div id=\"gap-571610800\" class=\"gap-element clearfix\" style=\"display:block; height:auto;\">\n\t\t\n<style>\n#gap-571610800 {\n  padding-top: 30px;\n}\n<\/style>\n\t<\/div>\n\t\n<h3>Kasutamise \u00fcksikasjad<\/h3>\n<p><strong>Pinna ettevalmistus:<\/strong> Vajalik t\u00f6\u00f6de maht s\u00f5ltub konkreetse pinna seisundist ja sellele esitatud n\u00f5uetest. Aluspind peab olema kuiv ning puhas tolmust, mustusest ja rasvast. Eemaldada vana lahtine v\u00e4rv ning n\u00f5rgalt seotud pinnakihid kuni kindla aluspinnani. Varem v\u00e4rvitud pinna puhastamiseks kasutada leiget v\u00f5i sooja vett, tugevasti m\u00e4\u00e4rdunud pinna puhastamiseks ka pesuvahendit Cleaner. Lahtine v\u00f5i n\u00f5rgalt pinnaga seotud vana tapeet eemaldada t\u00e4ielikult. Eelnevalt l\u00e4ikiva v\u00e4rviga kaetud pind karestada parema nakke saamiseks liivapaberiga.<\/p>\n<p><strong>Pahteldamine:<\/strong>Pahtel on kasutusvalmis. Pikema seismise j\u00e4rel v\u00f5ib toode vajada kerget l\u00e4bisegamist. Mitte segada toote hulka teist t\u00fc\u00fcpi pahtleid v\u00f5i kuivsegusid. Pahtel kanda pinnale \u00fches v\u00f5i mitmes kuni 5 mm kihis. Enne j\u00e4rgmise pahtlikihi pealekandmist veenduda, et eelmine kiht on kuivanud. V\u00e4rske pahtel siluda pinnal v\u00f5imalikult \u00fchtlaseks, et v\u00e4hendada hilisemat lihvimise m\u00e4\u00e4ra. Vuugid ja laiemad praod tugevdada paberist v\u00f5i klaaskiudriidest lindiga. Pahteldatud pinna lihvimiseks kasutada peeneteralist liivapaberit (nr 150-180). Lihvimise j\u00e4rel eemaldada pinnalt lihvimistolm.<\/p>\n<p><strong>L\u00f5ppviimistlus:<\/strong> Enne pinna l\u00f5ppviimistlemist kruntida pahteldatud pind 1 kihi v\u00e4rviga Grund+, Stopgrund, Prof 2 vms tootega. Pahteldatud pinna v\u00e4rvimiseks sobib kasutada nii lateks-, alk\u00fc\u00fcd- kui akr\u00fc\u00fclv\u00e4rve.<\/p>\n<p><strong>Tervishoiu- ja ohutusn\u00f5uded:<\/strong> Pahteldamisel ning pinna lihvimisel j\u00e4rgida k\u00f5iki ohutusn\u00f5udeid, kasutada respiraatorit, kanda silmade v\u00f5i n\u00e4o kaitset ning hoolikalt ventileerida t\u00f6\u00f6ruumi. V\u00e4ltimaks tolmu lendlemist eemaldada lihvimistolm pinnalt niiske lapiga. Kemikaali allaneelamise korral p\u00f6\u00f6rduda viivitamatult arsti poole ja n\u00e4idata talle pakendit v\u00f5i etiketti. Hoida lastele k\u00e4ttesaamatus kohas. Ohutuskaart k\u00e4ttesaadav professionaalsele kasutajale viimase palvel.<\/p>\n\t\t<\/div>\n\t\t\t\t\t<\/div>\n\n\t\n\n\t<div id=\"col-456443759\" class=\"col medium-3 small-12 large-3\"  >\n\t\t\t\t<div class=\"col-inner\"  >\n\t\t\t\n\t\t\t\n\t<div id=\"gap-796219987\" class=\"gap-element clearfix\" style=\"display:block; height:auto;\">\n\t\t\n<style>\n#gap-796219987 {\n  padding-top: 30px;\n}\n<\/style>\n\t<\/div>\n\t\n<h3>Tehniline informatsioon<\/h3>\n<p><a href=\"https:\/\/espak.ee\/epood\/wp-content\/uploads\/MaxiProSpecial_TDS_EE.pdf\" target=\"_blank\" rel=\"noopener noreferrer\"><i class=\"fa fa-file-pdf-o\"><\/i> Tehniline info (PDF)<\/a><\/p>\n<h3>Ohutusalane teave<\/h3>\n<p><a href=\"https:\/\/espak.ee\/epood\/wp-content\/uploads\/MaxiProSpecial_MSDS_EE_2017.pdf\" target=\"_blank\" rel=\"noopener noreferrer\"><i class=\"fa fa-file-pdf-o\"><\/i> Ohutusalane teave (PDF)<\/a><\/p>\n<div class=\"is-divider divider clearfix\" ><\/div>\n<p><strong>\u00dcksikasjalikuma n\u00f5u saamiseks v\u00f5tke \u00fchendust:<br \/><\/strong>Akzo Nobel Baltics, R. Tobiase 8, 10147 Tallinn, Telefon: 6305299<\/p>\n\t\t<\/div>\n\t\t\t\t\t<\/div>\n\n\t\n<\/div>\n","protected":false},"excerpt":{"rendered":"","protected":false},"featured_media":206409,"comment_status":"closed","ping_status":"closed","template":"","meta":[],"product_brand":[],"product_cat":[2698,2699,2697,2700],"product_tag":[],"class_list":{"0":"post-3696","1":"product","2":"type-product","3":"status-publish","4":"has-post-thumbnail","6":"product_cat-pahtlid-ja-kuivsegud","7":"product_cat-sisepahtlid","8":"product_cat-uldehitus","9":"product_cat-valmispahtlid","10":"pa_kaubamark-akzo-nobel-baltics-as","12":"first","13":"instock","14":"sale","15":"taxable","16":"shipping-taxable","17":"purchasable","18":"product-type-simple"},"yoast_head":"<!-- This site is optimized with the Yoast SEO plugin v26.9 - https:\/\/yoast.com\/product\/yoast-seo-wordpress\/ -->\n<title>PAHTEL MAXI PRO SPECIAL 10L - Espak E-pood<\/title>\n<meta name=\"robots\" content=\"index, follow, max-snippet:-1, max-image-preview:large, max-video-preview:-1\" \/>\n<link rel=\"canonical\" href=\"https:\/\/espak.ee\/epood\/toode\/pahtel-maxi-pro-special-10l\/\" \/>\n<meta property=\"og:locale\" content=\"et_EE\" \/>\n<meta property=\"og:type\" content=\"article\" \/>\n<meta property=\"og:title\" content=\"PAHTEL MAXI PRO SPECIAL 10L - Espak E-pood\" \/>\n<meta property=\"og:url\" content=\"https:\/\/espak.ee\/epood\/toode\/pahtel-maxi-pro-special-10l\/\" \/>\n<meta property=\"og:site_name\" content=\"Espak E-pood\" \/>\n<meta property=\"article:modified_time\" content=\"2025-10-14T08:08:08+00:00\" \/>\n<meta property=\"og:image\" content=\"https:\/\/espak.ee\/epood\/wp-content\/uploads\/2019\/01\/maxi-pro-special.jpg\" \/>\n\t<meta property=\"og:image:width\" content=\"1000\" \/>\n\t<meta property=\"og:image:height\" content=\"1000\" \/>\n\t<meta property=\"og:image:type\" content=\"image\/jpeg\" \/>\n<meta name=\"twitter:card\" content=\"summary_large_image\" \/>\n<meta name=\"twitter:label1\" content=\"Est. reading time\" \/>\n\t<meta name=\"twitter:data1\" content=\"2 minutit\" \/>\n<script type=\"application\/ld+json\" class=\"yoast-schema-graph\">{\"@context\":\"https:\/\/schema.org\",\"@graph\":[{\"@type\":\"WebPage\",\"@id\":\"https:\/\/espak.ee\/epood\/toode\/pahtel-maxi-pro-special-10l\/\",\"url\":\"https:\/\/espak.ee\/epood\/toode\/pahtel-maxi-pro-special-10l\/\",\"name\":\"PAHTEL MAXI PRO SPECIAL 10L - Espak E-pood\",\"isPartOf\":{\"@id\":\"https:\/\/espak.ee\/epood\/#website\"},\"primaryImageOfPage\":{\"@id\":\"https:\/\/espak.ee\/epood\/toode\/pahtel-maxi-pro-special-10l\/#primaryimage\"},\"image\":{\"@id\":\"https:\/\/espak.ee\/epood\/toode\/pahtel-maxi-pro-special-10l\/#primaryimage\"},\"thumbnailUrl\":\"https:\/\/espak.ee\/epood\/wp-content\/uploads\/2019\/01\/maxi-pro-special.jpg\",\"datePublished\":\"2019-01-26T00:07:47+00:00\",\"dateModified\":\"2025-10-14T08:08:08+00:00\",\"breadcrumb\":{\"@id\":\"https:\/\/espak.ee\/epood\/toode\/pahtel-maxi-pro-special-10l\/#breadcrumb\"},\"inLanguage\":\"et\",\"potentialAction\":[{\"@type\":\"ReadAction\",\"target\":[\"https:\/\/espak.ee\/epood\/toode\/pahtel-maxi-pro-special-10l\/\"]}]},{\"@type\":\"ImageObject\",\"inLanguage\":\"et\",\"@id\":\"https:\/\/espak.ee\/epood\/toode\/pahtel-maxi-pro-special-10l\/#primaryimage\",\"url\":\"https:\/\/espak.ee\/epood\/wp-content\/uploads\/2019\/01\/maxi-pro-special.jpg\",\"contentUrl\":\"https:\/\/espak.ee\/epood\/wp-content\/uploads\/2019\/01\/maxi-pro-special.jpg\",\"width\":1000,\"height\":1000},{\"@type\":\"BreadcrumbList\",\"@id\":\"https:\/\/espak.ee\/epood\/toode\/pahtel-maxi-pro-special-10l\/#breadcrumb\",\"itemListElement\":[{\"@type\":\"ListItem\",\"position\":1,\"name\":\"Home\",\"item\":\"https:\/\/espak.ee\/epood\/\"},{\"@type\":\"ListItem\",\"position\":2,\"name\":\"Tootevalik\",\"item\":\"https:\/\/espak.ee\/epood\/tootevalik\/\"},{\"@type\":\"ListItem\",\"position\":3,\"name\":\"PAHTEL MAXI PRO SPECIAL 10L\"}]},{\"@type\":\"WebSite\",\"@id\":\"https:\/\/espak.ee\/epood\/#website\",\"url\":\"https:\/\/espak.ee\/epood\/\",\"name\":\"Espak E-pood\",\"description\":\"\",\"potentialAction\":[{\"@type\":\"SearchAction\",\"target\":{\"@type\":\"EntryPoint\",\"urlTemplate\":\"https:\/\/espak.ee\/epood\/?s={search_term_string}\"},\"query-input\":{\"@type\":\"PropertyValueSpecification\",\"valueRequired\":true,\"valueName\":\"search_term_string\"}}],\"inLanguage\":\"et\"}]}<\/script>\n<!-- \/ Yoast SEO plugin. -->","yoast_head_json":{"title":"PAHTEL MAXI PRO SPECIAL 10L - Espak E-pood","robots":{"index":"index","follow":"follow","max-snippet":"max-snippet:-1","max-image-preview":"max-image-preview:large","max-video-preview":"max-video-preview:-1"},"canonical":"https:\/\/espak.ee\/epood\/toode\/pahtel-maxi-pro-special-10l\/","og_locale":"et_EE","og_type":"article","og_title":"PAHTEL MAXI PRO SPECIAL 10L - Espak E-pood","og_url":"https:\/\/espak.ee\/epood\/toode\/pahtel-maxi-pro-special-10l\/","og_site_name":"Espak E-pood","article_modified_time":"2025-10-14T08:08:08+00:00","og_image":[{"width":1000,"height":1000,"url":"https:\/\/espak.ee\/epood\/wp-content\/uploads\/2019\/01\/maxi-pro-special.jpg","type":"image\/jpeg"}],"twitter_card":"summary_large_image","twitter_misc":{"Est. reading time":"2 minutit"},"schema":{"@context":"https:\/\/schema.org","@graph":[{"@type":"WebPage","@id":"https:\/\/espak.ee\/epood\/toode\/pahtel-maxi-pro-special-10l\/","url":"https:\/\/espak.ee\/epood\/toode\/pahtel-maxi-pro-special-10l\/","name":"PAHTEL MAXI PRO SPECIAL 10L - Espak E-pood","isPartOf":{"@id":"https:\/\/espak.ee\/epood\/#website"},"primaryImageOfPage":{"@id":"https:\/\/espak.ee\/epood\/toode\/pahtel-maxi-pro-special-10l\/#primaryimage"},"image":{"@id":"https:\/\/espak.ee\/epood\/toode\/pahtel-maxi-pro-special-10l\/#primaryimage"},"thumbnailUrl":"https:\/\/espak.ee\/epood\/wp-content\/uploads\/2019\/01\/maxi-pro-special.jpg","datePublished":"2019-01-26T00:07:47+00:00","dateModified":"2025-10-14T08:08:08+00:00","breadcrumb":{"@id":"https:\/\/espak.ee\/epood\/toode\/pahtel-maxi-pro-special-10l\/#breadcrumb"},"inLanguage":"et","potentialAction":[{"@type":"ReadAction","target":["https:\/\/espak.ee\/epood\/toode\/pahtel-maxi-pro-special-10l\/"]}]},{"@type":"ImageObject","inLanguage":"et","@id":"https:\/\/espak.ee\/epood\/toode\/pahtel-maxi-pro-special-10l\/#primaryimage","url":"https:\/\/espak.ee\/epood\/wp-content\/uploads\/2019\/01\/maxi-pro-special.jpg","contentUrl":"https:\/\/espak.ee\/epood\/wp-content\/uploads\/2019\/01\/maxi-pro-special.jpg","width":1000,"height":1000},{"@type":"BreadcrumbList","@id":"https:\/\/espak.ee\/epood\/toode\/pahtel-maxi-pro-special-10l\/#breadcrumb","itemListElement":[{"@type":"ListItem","position":1,"name":"Home","item":"https:\/\/espak.ee\/epood\/"},{"@type":"ListItem","position":2,"name":"Tootevalik","item":"https:\/\/espak.ee\/epood\/tootevalik\/"},{"@type":"ListItem","position":3,"name":"PAHTEL MAXI PRO SPECIAL 10L"}]},{"@type":"WebSite","@id":"https:\/\/espak.ee\/epood\/#website","url":"https:\/\/espak.ee\/epood\/","name":"Espak E-pood","description":"","potentialAction":[{"@type":"SearchAction","target":{"@type":"EntryPoint","urlTemplate":"https:\/\/espak.ee\/epood\/?s={search_term_string}"},"query-input":{"@type":"PropertyValueSpecification","valueRequired":true,"valueName":"search_term_string"}}],"inLanguage":"et"}]}},"_links":{"self":[{"href":"https:\/\/espak.ee\/epood\/wp-json\/wp\/v2\/product\/3696","targetHints":{"allow":["GET"]}}],"collection":[{"href":"https:\/\/espak.ee\/epood\/wp-json\/wp\/v2\/product"}],"about":[{"href":"https:\/\/espak.ee\/epood\/wp-json\/wp\/v2\/types\/product"}],"replies":[{"embeddable":true,"href":"https:\/\/espak.ee\/epood\/wp-json\/wp\/v2\/comments?post=3696"}],"wp:featuredmedia":[{"embeddable":true,"href":"https:\/\/espak.ee\/epood\/wp-json\/wp\/v2\/media\/206409"}],"wp:attachment":[{"href":"https:\/\/espak.ee\/epood\/wp-json\/wp\/v2\/media?parent=3696"}],"wp:term":[{"taxonomy":"product_brand","embeddable":true,"href":"https:\/\/espak.ee\/epood\/wp-json\/wp\/v2\/product_brand?post=3696"},{"taxonomy":"product_cat","embeddable":true,"href":"https:\/\/espak.ee\/epood\/wp-json\/wp\/v2\/product_cat?post=3696"},{"taxonomy":"product_tag","embeddable":true,"href":"https:\/\/espak.ee\/epood\/wp-json\/wp\/v2\/product_tag?post=3696"}],"curies":[{"name":"wp","href":"https:\/\/api.w.org\/{rel}","templated":true}]}}