{"id":3694,"date":"2019-01-26T02:07:47","date_gmt":"2019-01-26T00:07:47","guid":{"rendered":"https:\/\/espak.ee\/tellimiskeskkond\/?post_type=product&#038;p=3694"},"modified":"2024-12-08T13:14:44","modified_gmt":"2024-12-08T11:14:44","slug":"pahtel-maxi-base-25l","status":"publish","type":"product","link":"https:\/\/espak.ee\/epood\/toode\/pahtel-maxi-base-25l\/","title":{"rendered":"PAHTEL MAXI BASE 2,5L"},"content":{"rendered":"<div class=\"row\"  id=\"row-1714081848\">\n\n\t<div id=\"col-2113845162\" class=\"col medium-9 small-12 large-9\"  >\n\t\t\t\t<div class=\"col-inner\"  >\n\t\t\t\n\t\t\t\n<h2>T\u00e4itepahtel<\/h2>\n<p>Kasutusvalmis aluspahtel siset\u00f6\u00f6deks. Toode on v\u00e4ga heade t\u00e4iteomadustega, v\u00f5imaldades \u00fches kihis t\u00e4ita ka kuni 30 mm s\u00fcgavused augud ilma, et pahtel kuivades praguneks. Nakkub tugevasti erit\u00fc\u00fcpi kivipindadega. Pahtel on kergesti pinnale kantav, h\u00e4sti t\u00f6\u00f6deldav ning kergesti lihvitav. Sobib krohv-, betoon-, kergbetoon- ja tellispinna ning kipsplaadi pahteldamiseks siset\u00f6\u00f6l kuivades ruumides.<\/p>\n<div class=\"message-box relative\" style=\"padding-top:15px;padding-bottom:15px;\"><div class=\"message-box-bg-image bg-fill fill\" ><\/div><div class=\"message-box-bg-overlay bg-fill fill\" ><\/div><div class=\"container relative\"><div class=\"inner last-reset\">\n<div class=\"row align-middle align-center\"  id=\"row-297101819\">\n\n\t<div id=\"col-2053885684\" class=\"col small-12 large-12\"  >\n\t\t\t\t<div class=\"col-inner text-left\"  >\n\t\t\t\n\t\t\t\n<h4>Omadused<\/h4>\n<div class=\"row\"  id=\"row-927503560\">\n\n\t<div id=\"col-1517900747\" class=\"col medium-6 small-12 large-6\"  >\n\t\t\t\t<div class=\"col-inner\"  >\n\t\t\t\n\t\t\t\n<p><i class=\"fa fa-clock-four fa-2x\"><\/i> <strong>Kuivamisaeg<\/strong> 2-3h \/ 1mm<\/p>\n\t\t<\/div>\n\t\t\t\t\n<style>\n#col-1517900747 > .col-inner {\n  margin: 10px 0px 15px 0px;\n}\n<\/style>\n\t<\/div>\n\n\t\n\n\t<div id=\"col-1080323697\" class=\"col medium-6 small-12 large-6\"  >\n\t\t\t\t<div class=\"col-inner\"  >\n\t\t\t\n\t\t\t\n\t\t<\/div>\n\t\t\t\t\n<style>\n#col-1080323697 > .col-inner {\n  margin: 10px 0px 15px 0px;\n}\n<\/style>\n\t<\/div>\n\n\t\n<\/div>\n<div class=\"is-divider divider clearfix\" style=\"margin-top:20px;margin-bottom:20px;max-width:100%;height:2px;background-color:rgb(1, 27, 70);\"><\/div>\n<div class=\"row\"  id=\"row-1227887160\">\n\n\t<div id=\"col-413961108\" class=\"col medium-6 small-12 large-6\"  >\n\t\t\t\t<div class=\"col-inner\"  >\n\t\t\t\n\t\t\t\n<p><i class=\"fa fa-paint-roller fa-2x\"><\/i> <strong>Mugav pinnale kanda<\/strong><\/p>\n<p><i class=\"fa fa-water fa-2x\"><\/i> <strong>V\u00e4hese l\u00f5hnaga<\/strong><\/p>\n\t\t<\/div>\n\t\t\t\t\n<style>\n#col-413961108 > .col-inner {\n  margin: 0px 0px 15px 0px;\n}\n<\/style>\n\t<\/div>\n\n\t\n\n\t<div id=\"col-572715932\" class=\"col medium-6 small-12 large-6\"  >\n\t\t\t\t<div class=\"col-inner\"  >\n\t\t\t\n\t\t\t\n\t\t<\/div>\n\t\t\t\t\n<style>\n#col-572715932 > .col-inner {\n  margin: 0px 0px 15px 0px;\n}\n<\/style>\n\t<\/div>\n\n\t\n<\/div>\n\t\t<\/div>\n\t\t\t\t\t<\/div>\n\n\t\n<\/div>\n<\/div><\/div><\/div>\n\t<div id=\"gap-158300491\" class=\"gap-element clearfix\" style=\"display:block; height:auto;\">\n\t\t\n<style>\n#gap-158300491 {\n  padding-top: 30px;\n}\n<\/style>\n\t<\/div>\n\t\n<h3>Kasutamise \u00fcksikasjad<\/h3>\n<p><strong>Pinna ettevalmistus:<\/strong> Aluspind peab olema kuiv ning puhas tolmust, mustusest ja rasvast. Pinna puhastamiseks kasutada leiget v\u00f5i sooja vett, tugevasti m\u00e4\u00e4rdunud pinna puhastamiseks ka pesuvahendit Cleaner. Eemaldada vana lahtine v\u00e4rv ning n\u00f5rgalt seotud pinnakihid kuni kindla aluspinnani.<\/p>\n<p><strong>V\u00e4rvimine:<\/strong> Pahtel Maxi Base kanda pinnale \u00fches v\u00f5i mitmes kuni 30 mm kihis. Enne j\u00e4rgmise pahtlikihi pealekandmist veenduda, et eelmine kiht on kuivanud. V\u00e4rske pahtel siluda pinnal v\u00f5imalikult \u00fchtlaseks, et v\u00e4hendada hilisemat lihvimise m\u00e4\u00e4ra. Vuugid ja laiemad praod tugevdada paberist v\u00f5i klaaskiudriidest lindiga. Pahteldatud pinna lihvimiseks kasutada keskmise- v\u00f5i peeneteralist liivapaberit. Lihvimise j\u00e4rel eemaldada pinnalt hoolikalt lihvimistolm. V\u00e4rvimise tarbeks siledama pinna saamiseks teha pinna l\u00f5plik silumine viimistluspahtliga Maxi. Pahtel Maxi Base on kasutusvalmis. Pikema seismise j\u00e4rel v\u00f5ib pahtel vajada kerget l\u00e4bisegamist. Mitte segada pahtli hulka teist t\u00fc\u00fcpi pahtleid v\u00f5i kuivsegusid. Pahteldatud pinna \u00fclev\u00e4rvimiseks sobib kasutada nii lateks-, alk\u00fc\u00fcd- kui akr\u00fc\u00fclv\u00e4rve.<\/p>\n<p><strong>Puhastamine:<\/strong> Eemalda t\u00f6\u00f6vahenditelt liigne pahtel koheselt peale t\u00f6\u00f6 l\u00f5petamist, pese veega.<\/p>\n<p><strong>Hoiustamine:<\/strong> Hoida suletud taaras kuivas ja jahedas (\u00fcle +5\u00baC)<\/p>\n<p><strong>Tervishoiu- ja ohutusn\u00f5uded:<\/strong> Pahteldamisel ning pinna lihvimisel j\u00e4rgida k\u00f5iki ohutusn\u00f5udeid, kasutada respiraatorit, kanda silmade v\u00f5i n\u00e4o kaitset ning hoolikalt ventileerida t\u00f6\u00f6ruumi. T\u00f6\u00f6 l\u00f5ppedes sulgeda hoolikalt pahtlin\u00f5u. Enne t\u00f6\u00f6vahendi puhastamist eemaldada liigne pahtel. Toodet mitte valada kanalisatsiooni v\u00f5i veekogusse. Vedelad pahtlij\u00e4\u00e4gid toimetada kahjulike ainete kogumiskohta, j\u00e4\u00e4tmek\u00e4itlusesse suunata ainult t\u00e4ielikult t\u00fchjendatud n\u00f5ud.<\/p>\n\t\t<\/div>\n\t\t\t\t\t<\/div>\n\n\t\n\n\t<div id=\"col-1149192593\" class=\"col medium-3 small-12 large-3\"  >\n\t\t\t\t<div class=\"col-inner\"  >\n\t\t\t\n\t\t\t\n\t<div id=\"gap-1816578159\" class=\"gap-element clearfix\" style=\"display:block; height:auto;\">\n\t\t\n<style>\n#gap-1816578159 {\n  padding-top: 30px;\n}\n<\/style>\n\t<\/div>\n\t\n<h3>Tehniline informatsioon<\/h3>\n<p><a href=\"https:\/\/espak.ee\/epood\/wp-content\/uploads\/maxibasetds2013ee.pdf\" target=\"_blank\" rel=\"noopener noreferrer\"><i class=\"far fa-file-pdf\"><\/i> Tehniline info (PDF)<\/a><\/p>\n<h3>Ohutusalane teave<\/h3>\n<p><a href=\"https:\/\/espak.ee\/epood\/wp-content\/uploads\/maxi-base-et.pdf\" target=\"_blank\" rel=\"noopener noreferrer\"><i class=\"far fa-file-pdf\"><\/i> Ohutusalane teave (PDF)<\/a><\/p>\n<div class=\"is-divider divider clearfix\" ><\/div>\n<p><strong>\u00dcksikasjalikuma n\u00f5u saamiseks v\u00f5tke \u00fchendust:<br \/><\/strong>Akzo Nobel Baltics, R. Tobiase 8, 10147 Tallinn, Telefon: 6305299<\/p>\n<div class=\"is-divider divider clearfix\" ><\/div>\n<h3>Sadolin Visualizer<\/h3>\n<div class=\"video video-fit mb\" style=\"padding-top:56.25%;\"><div style=\"width: 640px;\" class=\"wp-video\"><video class=\"wp-video-shortcode\" id=\"video-3694-1\" width=\"640\" height=\"360\" preload=\"metadata\" controls=\"controls\"><source type=\"video\/mp4\" src=\"https:\/\/espak.ee\/epood\/wp-content\/uploads\/Sadolin-Visualizer.mp4?_=1\" \/><a href=\"https:\/\/espak.ee\/epood\/wp-content\/uploads\/Sadolin-Visualizer.mp4\">https:\/\/espak.ee\/epood\/wp-content\/uploads\/Sadolin-Visualizer.mp4<\/a><\/video><\/div>\n<\/div>\n\t\t<\/div>\n\t\t\t\t\t<\/div>\n\n\t\n<\/div>\n","protected":false},"excerpt":{"rendered":"","protected":false},"featured_media":4056,"comment_status":"closed","ping_status":"open","template":"","meta":[],"product_brand":[],"product_cat":[2698,2699,2697,2700],"product_tag":[],"class_list":{"0":"post-3694","1":"product","2":"type-product","3":"status-publish","4":"has-post-thumbnail","6":"product_cat-pahtlid-ja-kuivsegud","7":"product_cat-sisepahtlid","8":"product_cat-uldehitus","9":"product_cat-valmispahtlid","10":"pa_kaubamark-akzo-nobel-baltics-as","12":"first","13":"instock","14":"sale","15":"taxable","16":"shipping-taxable","17":"purchasable","18":"product-type-simple"},"yoast_head":"<!-- This site is optimized with the Yoast SEO plugin v26.9 - https:\/\/yoast.com\/product\/yoast-seo-wordpress\/ -->\n<title>PAHTEL MAXI BASE 2,5L - Espak E-pood<\/title>\n<meta name=\"robots\" content=\"index, follow, max-snippet:-1, max-image-preview:large, max-video-preview:-1\" \/>\n<link rel=\"canonical\" href=\"https:\/\/espak.ee\/epood\/toode\/pahtel-maxi-base-25l\/\" \/>\n<meta property=\"og:locale\" content=\"et_EE\" \/>\n<meta property=\"og:type\" content=\"article\" \/>\n<meta property=\"og:title\" content=\"PAHTEL MAXI BASE 2,5L - Espak E-pood\" \/>\n<meta property=\"og:url\" content=\"https:\/\/espak.ee\/epood\/toode\/pahtel-maxi-base-25l\/\" \/>\n<meta property=\"og:site_name\" content=\"Espak E-pood\" \/>\n<meta property=\"article:modified_time\" content=\"2024-12-08T11:14:44+00:00\" \/>\n<meta property=\"og:image\" content=\"https:\/\/espak.ee\/epood\/wp-content\/uploads\/Espak_Sadolin_Maxi_Base_25.jpg\" \/>\n\t<meta property=\"og:image:width\" content=\"2048\" \/>\n\t<meta property=\"og:image:height\" content=\"2048\" \/>\n\t<meta property=\"og:image:type\" content=\"image\/jpeg\" \/>\n<meta name=\"twitter:card\" content=\"summary_large_image\" \/>\n<meta name=\"twitter:label1\" content=\"Est. reading time\" \/>\n\t<meta name=\"twitter:data1\" content=\"2 minutit\" \/>\n<script type=\"application\/ld+json\" class=\"yoast-schema-graph\">{\"@context\":\"https:\/\/schema.org\",\"@graph\":[{\"@type\":\"WebPage\",\"@id\":\"https:\/\/espak.ee\/epood\/toode\/pahtel-maxi-base-25l\/\",\"url\":\"https:\/\/espak.ee\/epood\/toode\/pahtel-maxi-base-25l\/\",\"name\":\"PAHTEL MAXI BASE 2,5L - Espak E-pood\",\"isPartOf\":{\"@id\":\"https:\/\/espak.ee\/epood\/#website\"},\"primaryImageOfPage\":{\"@id\":\"https:\/\/espak.ee\/epood\/toode\/pahtel-maxi-base-25l\/#primaryimage\"},\"image\":{\"@id\":\"https:\/\/espak.ee\/epood\/toode\/pahtel-maxi-base-25l\/#primaryimage\"},\"thumbnailUrl\":\"https:\/\/espak.ee\/epood\/wp-content\/uploads\/Espak_Sadolin_Maxi_Base_25.jpg\",\"datePublished\":\"2019-01-26T00:07:47+00:00\",\"dateModified\":\"2024-12-08T11:14:44+00:00\",\"breadcrumb\":{\"@id\":\"https:\/\/espak.ee\/epood\/toode\/pahtel-maxi-base-25l\/#breadcrumb\"},\"inLanguage\":\"et\",\"potentialAction\":[{\"@type\":\"ReadAction\",\"target\":[\"https:\/\/espak.ee\/epood\/toode\/pahtel-maxi-base-25l\/\"]}]},{\"@type\":\"ImageObject\",\"inLanguage\":\"et\",\"@id\":\"https:\/\/espak.ee\/epood\/toode\/pahtel-maxi-base-25l\/#primaryimage\",\"url\":\"https:\/\/espak.ee\/epood\/wp-content\/uploads\/Espak_Sadolin_Maxi_Base_25.jpg\",\"contentUrl\":\"https:\/\/espak.ee\/epood\/wp-content\/uploads\/Espak_Sadolin_Maxi_Base_25.jpg\",\"width\":2048,\"height\":2048},{\"@type\":\"BreadcrumbList\",\"@id\":\"https:\/\/espak.ee\/epood\/toode\/pahtel-maxi-base-25l\/#breadcrumb\",\"itemListElement\":[{\"@type\":\"ListItem\",\"position\":1,\"name\":\"Home\",\"item\":\"https:\/\/espak.ee\/epood\/\"},{\"@type\":\"ListItem\",\"position\":2,\"name\":\"Tootevalik\",\"item\":\"https:\/\/espak.ee\/epood\/tootevalik\/\"},{\"@type\":\"ListItem\",\"position\":3,\"name\":\"PAHTEL MAXI BASE 2,5L\"}]},{\"@type\":\"WebSite\",\"@id\":\"https:\/\/espak.ee\/epood\/#website\",\"url\":\"https:\/\/espak.ee\/epood\/\",\"name\":\"Espak E-pood\",\"description\":\"\",\"potentialAction\":[{\"@type\":\"SearchAction\",\"target\":{\"@type\":\"EntryPoint\",\"urlTemplate\":\"https:\/\/espak.ee\/epood\/?s={search_term_string}\"},\"query-input\":{\"@type\":\"PropertyValueSpecification\",\"valueRequired\":true,\"valueName\":\"search_term_string\"}}],\"inLanguage\":\"et\"}]}<\/script>\n<!-- \/ Yoast SEO plugin. -->","yoast_head_json":{"title":"PAHTEL MAXI BASE 2,5L - Espak E-pood","robots":{"index":"index","follow":"follow","max-snippet":"max-snippet:-1","max-image-preview":"max-image-preview:large","max-video-preview":"max-video-preview:-1"},"canonical":"https:\/\/espak.ee\/epood\/toode\/pahtel-maxi-base-25l\/","og_locale":"et_EE","og_type":"article","og_title":"PAHTEL MAXI BASE 2,5L - Espak E-pood","og_url":"https:\/\/espak.ee\/epood\/toode\/pahtel-maxi-base-25l\/","og_site_name":"Espak E-pood","article_modified_time":"2024-12-08T11:14:44+00:00","og_image":[{"width":2048,"height":2048,"url":"https:\/\/espak.ee\/epood\/wp-content\/uploads\/Espak_Sadolin_Maxi_Base_25.jpg","type":"image\/jpeg"}],"twitter_card":"summary_large_image","twitter_misc":{"Est. reading time":"2 minutit"},"schema":{"@context":"https:\/\/schema.org","@graph":[{"@type":"WebPage","@id":"https:\/\/espak.ee\/epood\/toode\/pahtel-maxi-base-25l\/","url":"https:\/\/espak.ee\/epood\/toode\/pahtel-maxi-base-25l\/","name":"PAHTEL MAXI BASE 2,5L - Espak E-pood","isPartOf":{"@id":"https:\/\/espak.ee\/epood\/#website"},"primaryImageOfPage":{"@id":"https:\/\/espak.ee\/epood\/toode\/pahtel-maxi-base-25l\/#primaryimage"},"image":{"@id":"https:\/\/espak.ee\/epood\/toode\/pahtel-maxi-base-25l\/#primaryimage"},"thumbnailUrl":"https:\/\/espak.ee\/epood\/wp-content\/uploads\/Espak_Sadolin_Maxi_Base_25.jpg","datePublished":"2019-01-26T00:07:47+00:00","dateModified":"2024-12-08T11:14:44+00:00","breadcrumb":{"@id":"https:\/\/espak.ee\/epood\/toode\/pahtel-maxi-base-25l\/#breadcrumb"},"inLanguage":"et","potentialAction":[{"@type":"ReadAction","target":["https:\/\/espak.ee\/epood\/toode\/pahtel-maxi-base-25l\/"]}]},{"@type":"ImageObject","inLanguage":"et","@id":"https:\/\/espak.ee\/epood\/toode\/pahtel-maxi-base-25l\/#primaryimage","url":"https:\/\/espak.ee\/epood\/wp-content\/uploads\/Espak_Sadolin_Maxi_Base_25.jpg","contentUrl":"https:\/\/espak.ee\/epood\/wp-content\/uploads\/Espak_Sadolin_Maxi_Base_25.jpg","width":2048,"height":2048},{"@type":"BreadcrumbList","@id":"https:\/\/espak.ee\/epood\/toode\/pahtel-maxi-base-25l\/#breadcrumb","itemListElement":[{"@type":"ListItem","position":1,"name":"Home","item":"https:\/\/espak.ee\/epood\/"},{"@type":"ListItem","position":2,"name":"Tootevalik","item":"https:\/\/espak.ee\/epood\/tootevalik\/"},{"@type":"ListItem","position":3,"name":"PAHTEL MAXI BASE 2,5L"}]},{"@type":"WebSite","@id":"https:\/\/espak.ee\/epood\/#website","url":"https:\/\/espak.ee\/epood\/","name":"Espak E-pood","description":"","potentialAction":[{"@type":"SearchAction","target":{"@type":"EntryPoint","urlTemplate":"https:\/\/espak.ee\/epood\/?s={search_term_string}"},"query-input":{"@type":"PropertyValueSpecification","valueRequired":true,"valueName":"search_term_string"}}],"inLanguage":"et"}]}},"_links":{"self":[{"href":"https:\/\/espak.ee\/epood\/wp-json\/wp\/v2\/product\/3694","targetHints":{"allow":["GET"]}}],"collection":[{"href":"https:\/\/espak.ee\/epood\/wp-json\/wp\/v2\/product"}],"about":[{"href":"https:\/\/espak.ee\/epood\/wp-json\/wp\/v2\/types\/product"}],"replies":[{"embeddable":true,"href":"https:\/\/espak.ee\/epood\/wp-json\/wp\/v2\/comments?post=3694"}],"wp:featuredmedia":[{"embeddable":true,"href":"https:\/\/espak.ee\/epood\/wp-json\/wp\/v2\/media\/4056"}],"wp:attachment":[{"href":"https:\/\/espak.ee\/epood\/wp-json\/wp\/v2\/media?parent=3694"}],"wp:term":[{"taxonomy":"product_brand","embeddable":true,"href":"https:\/\/espak.ee\/epood\/wp-json\/wp\/v2\/product_brand?post=3694"},{"taxonomy":"product_cat","embeddable":true,"href":"https:\/\/espak.ee\/epood\/wp-json\/wp\/v2\/product_cat?post=3694"},{"taxonomy":"product_tag","embeddable":true,"href":"https:\/\/espak.ee\/epood\/wp-json\/wp\/v2\/product_tag?post=3694"}],"curies":[{"name":"wp","href":"https:\/\/api.w.org\/{rel}","templated":true}]}}