{"id":3692,"date":"2019-01-26T02:07:47","date_gmt":"2019-01-26T00:07:47","guid":{"rendered":"https:\/\/espak.ee\/tellimiskeskkond\/?post_type=product&#038;p=3692"},"modified":"2025-09-01T07:01:46","modified_gmt":"2025-09-01T04:01:46","slug":"pahtel-maxi-aqua-25l","status":"publish","type":"product","link":"https:\/\/espak.ee\/epood\/toode\/pahtel-maxi-aqua-25l\/","title":{"rendered":"PAHTEL MAXI AQUA 2,5L"},"content":{"rendered":"<div class=\"row\"  id=\"row-1169018971\">\n\n\t<div id=\"col-1618942462\" class=\"col medium-9 small-12 large-9\"  >\n\t\t\t\t<div class=\"col-inner\"  >\n\t\t\t\n\t\t\t\n<h2>Niiskuskindel pahtel<\/h2>\n<p>Niiskuskindel peenteraline kergpahtel. Toode on heade t\u00e4iteomadustega, kergesti pinnale kantav ning h\u00e4sti t\u00f6\u00f6deldav, sobides seet\u00f5ttu nii \u00fcksikute kohtparanduste tegemiseks, vuugiteibi paigaldamiseks kui ka seinte ja lagede lauspahteldamiseks. Nakkub h\u00e4sti aluspinnaga ning kuivab kiiresti; pahteldatud pind on kergesti lihvitav. Pahtel Maxi Aqua on osa s\u00fcsteemist, mis vastab Rootsis kehtestatud niiskete ruumide standardile. Laia taaravalikuga. Sobib krohv-, betoon-, kergbetoon- ja tellispinna, kipsplaadi ning klaaskiudtapeedi pahteldamiseks siset\u00f6\u00f6l niisketes ja kuivades ruumides. Toimiv lahendus kipsplaadi vuukide t\u00e4itmiseks ning vuugiteibi paigaldamiseks vannitoas ning du\u0161iruumis.<\/p>\n<div class=\"message-box relative\" style=\"padding-top:15px;padding-bottom:15px;\"><div class=\"message-box-bg-image bg-fill fill\" ><\/div><div class=\"message-box-bg-overlay bg-fill fill\" ><\/div><div class=\"container relative\"><div class=\"inner last-reset\">\n<div class=\"row align-middle align-center\"  id=\"row-103094838\">\n\n\t<div id=\"col-1627402570\" class=\"col small-12 large-12\"  >\n\t\t\t\t<div class=\"col-inner text-left\"  >\n\t\t\t\n\t\t\t\n<h4>Omadused<\/h4>\n<div class=\"row\"  id=\"row-48389542\">\n\n\t<div id=\"col-1052215749\" class=\"col medium-6 small-12 large-6\"  >\n\t\t\t\t<div class=\"col-inner\"  >\n\t\t\t\n\t\t\t\n<p><i class=\"fa fa-clock-four fa-2x\"><\/i> <strong>Kuivamisaeg<\/strong> 3h \/ 1mm<\/p>\n\t\t<\/div>\n\t\t\t\t\n<style>\n#col-1052215749 > .col-inner {\n  margin: 10px 0px 15px 0px;\n}\n<\/style>\n\t<\/div>\n\n\t\n\n\t<div id=\"col-1441145286\" class=\"col medium-6 small-12 large-6\"  >\n\t\t\t\t<div class=\"col-inner\"  >\n\t\t\t\n\t\t\t\n\t\t<\/div>\n\t\t\t\t\n<style>\n#col-1441145286 > .col-inner {\n  margin: 10px 0px 15px 0px;\n}\n<\/style>\n\t<\/div>\n\n\t\n<\/div>\n<div class=\"is-divider divider clearfix\" style=\"margin-top:20px;margin-bottom:20px;max-width:100%;height:2px;background-color:rgb(1, 27, 70);\"><\/div>\n<div class=\"row\"  id=\"row-2015378993\">\n\n\t<div id=\"col-1300596681\" class=\"col medium-6 small-12 large-6\"  >\n\t\t\t\t<div class=\"col-inner\"  >\n\t\t\t\n\t\t\t\n<p><i class=\"fa fa-paint-roller fa-2x\"><\/i> <strong>Mugav pinnale kanda<\/strong><\/p>\n<p><i class=\"fa fa-water fa-2x\"><\/i> <strong>V\u00e4hese l\u00f5hnaga<\/strong><\/p>\n\t\t<\/div>\n\t\t\t\t\n<style>\n#col-1300596681 > .col-inner {\n  margin: 0px 0px 15px 0px;\n}\n<\/style>\n\t<\/div>\n\n\t\n\n\t<div id=\"col-809868676\" class=\"col medium-6 small-12 large-6\"  >\n\t\t\t\t<div class=\"col-inner\"  >\n\t\t\t\n\t\t\t\n<p><i class=\"fa fa-fill fa-2x\"><\/i> <strong>Kerge lihvida<\/strong><\/p>\n\t\t<\/div>\n\t\t\t\t\n<style>\n#col-809868676 > .col-inner {\n  margin: 0px 0px 15px 0px;\n}\n<\/style>\n\t<\/div>\n\n\t\n<\/div>\n\t\t<\/div>\n\t\t\t\t\t<\/div>\n\n\t\n<\/div>\n<\/div><\/div><\/div>\n\t<div id=\"gap-663825429\" class=\"gap-element clearfix\" style=\"display:block; height:auto;\">\n\t\t\n<style>\n#gap-663825429 {\n  padding-top: 30px;\n}\n<\/style>\n\t<\/div>\n\t\n<h3>Kasutamise \u00fcksikasjad<\/h3>\n<p><strong>Pinna ettevalmistus:<\/strong> Aluspind peab olema kuiv ning puhas tolmust, mustusest ja rasvast. Pinna puhastamiseks kasutada leiget v\u00f5i sooja vett, tugevasti m\u00e4\u00e4rdunud pinna puhastamiseks ka pesuvahendit Cleaner. Pinnal olev hallitus ja lubjasete eemaldada niiske harja v\u00f5i k\u00e4snaga, seej\u00e4rel pesta pind puhastusvahendiga Bio-Cleaner. Eemaldada vana lahtine v\u00e4rv ning n\u00f5rgalt seotud pinnakihid kuni kindla aluspinnani.<\/p>\n<p><strong>V\u00e4rvimine:<\/strong> Pahtel Maxi Aqua kanda pinnale \u00fches v\u00f5i mitmes kuni 5 mm kihis. Enne j\u00e4rgmise pahtlikihi pealekandmist veenduda, et eelmine kiht on kuivanud. V\u00e4rske pahtel siluda pinnal v\u00f5imalikult \u00fchtlaseks, et v\u00e4hendada hilisemat lihvimise m\u00e4\u00e4ra. Vuugid ja laiemad praod tugevdada paberist v\u00f5i klaaskiudriidest lindiga. Pahteldatud pinna lihvimiseks kasutada peeneteralist liivapaberit (nr 150-180). Lihvimise j\u00e4rel eemaldada pinnalt hoolikalt lihvimistolm. Pahtel Maxi Aqua on kasutusvalmis. Pikema seismise j\u00e4rel v\u00f5ib pahtel vajada kerget l\u00e4bisegamist. Mitte segada pahtli hulka teist t\u00fc\u00fcpi pahtleid v\u00f5i kuivsegusid. Pahteldatud pinna \u00fclev\u00e4rvimiseks sobib kasutada nii lateks-, alk\u00fc\u00fcd- kui akr\u00fc\u00fclv\u00e4rve.<\/p>\n<p><strong>Puhastamine:<\/strong> Eemalda t\u00f6\u00f6vahenditelt liigne pahtel koheselt peale t\u00f6\u00f6 l\u00f5petamist, pese veega.<\/p>\n<p><strong>Hoiustamine:<\/strong> Hoida suletud taaras kuivas ja jahedas (\u00fcle +5\u00baC)<\/p>\n<p><strong>Tervishoiu- ja ohutusn\u00f5uded:<\/strong> Pahteldamisel ning pinna lihvimisel j\u00e4rgida k\u00f5iki ohutusn\u00f5udeid, kasutada respiraatorit, kanda silmade v\u00f5i n\u00e4o kaitset ning hoolikalt ventileerida t\u00f6\u00f6ruumi. T\u00f6\u00f6 l\u00f5ppedes sulgeda hoolikalt pahtlin\u00f5u. Enne t\u00f6\u00f6vahendi puhastamist eemaldada liigne pahtel. Toodet mitte valada kanalisatsiooni v\u00f5i veekogusse. Vedelad pahtlij\u00e4\u00e4gid toimetada kahjulike ainete kogumiskohta, j\u00e4\u00e4tmek\u00e4itlusesse suunata ainult t\u00e4ielikult t\u00fchjendatud n\u00f5ud.<\/p>\n\t\t<\/div>\n\t\t\t\t\t<\/div>\n\n\t\n\n\t<div id=\"col-1981346275\" class=\"col medium-3 small-12 large-3\"  >\n\t\t\t\t<div class=\"col-inner\"  >\n\t\t\t\n\t\t\t\n\t<div id=\"gap-1314724773\" class=\"gap-element clearfix\" style=\"display:block; height:auto;\">\n\t\t\n<style>\n#gap-1314724773 {\n  padding-top: 30px;\n}\n<\/style>\n\t<\/div>\n\t\n<h3>Tehniline informatsioon<\/h3>\n<p><a href=\"https:\/\/espak.ee\/epood\/wp-content\/uploads\/maxiaquatds2013est.pdf\" target=\"_blank\" rel=\"noopener noreferrer\"><i class=\"far fa-file-pdf\"><\/i> Tehniline info (PDF)<\/a><\/p>\n<h3>Ohutusalane teave<\/h3>\n<p><a href=\"https:\/\/espak.ee\/epood\/wp-content\/uploads\/maxi-aqua-et.pdf\" target=\"_blank\" rel=\"noopener noreferrer\"><i class=\"far fa-file-pdf\"><\/i> Ohutusalane teave (PDF)<\/a><\/p>\n<div class=\"is-divider divider clearfix\" ><\/div>\n<p><strong>\u00dcksikasjalikuma n\u00f5u saamiseks v\u00f5tke \u00fchendust:<br \/><\/strong>Akzo Nobel Baltics, R. Tobiase 8, 10147 Tallinn, Telefon: 6305299<\/p>\n<div class=\"is-divider divider clearfix\" ><\/div>\n<h3>Sadolin Visualizer<\/h3>\n<div class=\"video video-fit mb\" style=\"padding-top:56.25%;\"><div style=\"width: 640px;\" class=\"wp-video\"><video class=\"wp-video-shortcode\" id=\"video-3692-1\" width=\"640\" height=\"360\" preload=\"metadata\" controls=\"controls\"><source type=\"video\/mp4\" src=\"https:\/\/espak.ee\/epood\/wp-content\/uploads\/Sadolin-Visualizer.mp4?_=1\" \/><a href=\"https:\/\/espak.ee\/epood\/wp-content\/uploads\/Sadolin-Visualizer.mp4\">https:\/\/espak.ee\/epood\/wp-content\/uploads\/Sadolin-Visualizer.mp4<\/a><\/video><\/div>\n<\/div>\n\t\t<\/div>\n\t\t\t\t\t<\/div>\n\n\t\n<\/div>\n","protected":false},"excerpt":{"rendered":"","protected":false},"featured_media":4054,"comment_status":"closed","ping_status":"open","template":"","meta":[],"product_brand":[],"product_cat":[2698,2699,2697,2700],"product_tag":[],"class_list":{"0":"post-3692","1":"product","2":"type-product","3":"status-publish","4":"has-post-thumbnail","6":"product_cat-pahtlid-ja-kuivsegud","7":"product_cat-sisepahtlid","8":"product_cat-uldehitus","9":"product_cat-valmispahtlid","10":"pa_kaubamark-akzo-nobel-baltics-as","12":"first","13":"instock","14":"sale","15":"taxable","16":"shipping-taxable","17":"purchasable","18":"product-type-simple"},"yoast_head":"<!-- This site is optimized with the Yoast SEO plugin v26.9 - https:\/\/yoast.com\/product\/yoast-seo-wordpress\/ -->\n<title>PAHTEL MAXI AQUA 2,5L - Espak E-pood<\/title>\n<meta name=\"robots\" content=\"index, follow, max-snippet:-1, max-image-preview:large, max-video-preview:-1\" \/>\n<link rel=\"canonical\" href=\"https:\/\/espak.ee\/epood\/toode\/pahtel-maxi-aqua-25l\/\" \/>\n<meta property=\"og:locale\" content=\"et_EE\" \/>\n<meta property=\"og:type\" content=\"article\" \/>\n<meta property=\"og:title\" content=\"PAHTEL MAXI AQUA 2,5L - Espak E-pood\" \/>\n<meta property=\"og:url\" content=\"https:\/\/espak.ee\/epood\/toode\/pahtel-maxi-aqua-25l\/\" \/>\n<meta property=\"og:site_name\" content=\"Espak E-pood\" \/>\n<meta property=\"article:modified_time\" content=\"2025-09-01T04:01:46+00:00\" \/>\n<meta property=\"og:image\" content=\"https:\/\/espak.ee\/epood\/wp-content\/uploads\/Espak_Sadolin_Maxi_Aqua_25.jpg\" \/>\n\t<meta property=\"og:image:width\" content=\"2048\" \/>\n\t<meta property=\"og:image:height\" content=\"2048\" \/>\n\t<meta property=\"og:image:type\" content=\"image\/jpeg\" \/>\n<meta name=\"twitter:card\" content=\"summary_large_image\" \/>\n<meta name=\"twitter:label1\" content=\"Est. reading time\" \/>\n\t<meta name=\"twitter:data1\" content=\"3 minutit\" \/>\n<script type=\"application\/ld+json\" class=\"yoast-schema-graph\">{\"@context\":\"https:\/\/schema.org\",\"@graph\":[{\"@type\":\"WebPage\",\"@id\":\"https:\/\/espak.ee\/epood\/toode\/pahtel-maxi-aqua-25l\/\",\"url\":\"https:\/\/espak.ee\/epood\/toode\/pahtel-maxi-aqua-25l\/\",\"name\":\"PAHTEL MAXI AQUA 2,5L - Espak E-pood\",\"isPartOf\":{\"@id\":\"https:\/\/espak.ee\/epood\/#website\"},\"primaryImageOfPage\":{\"@id\":\"https:\/\/espak.ee\/epood\/toode\/pahtel-maxi-aqua-25l\/#primaryimage\"},\"image\":{\"@id\":\"https:\/\/espak.ee\/epood\/toode\/pahtel-maxi-aqua-25l\/#primaryimage\"},\"thumbnailUrl\":\"https:\/\/espak.ee\/epood\/wp-content\/uploads\/Espak_Sadolin_Maxi_Aqua_25.jpg\",\"datePublished\":\"2019-01-26T00:07:47+00:00\",\"dateModified\":\"2025-09-01T04:01:46+00:00\",\"breadcrumb\":{\"@id\":\"https:\/\/espak.ee\/epood\/toode\/pahtel-maxi-aqua-25l\/#breadcrumb\"},\"inLanguage\":\"et\",\"potentialAction\":[{\"@type\":\"ReadAction\",\"target\":[\"https:\/\/espak.ee\/epood\/toode\/pahtel-maxi-aqua-25l\/\"]}]},{\"@type\":\"ImageObject\",\"inLanguage\":\"et\",\"@id\":\"https:\/\/espak.ee\/epood\/toode\/pahtel-maxi-aqua-25l\/#primaryimage\",\"url\":\"https:\/\/espak.ee\/epood\/wp-content\/uploads\/Espak_Sadolin_Maxi_Aqua_25.jpg\",\"contentUrl\":\"https:\/\/espak.ee\/epood\/wp-content\/uploads\/Espak_Sadolin_Maxi_Aqua_25.jpg\",\"width\":2048,\"height\":2048},{\"@type\":\"BreadcrumbList\",\"@id\":\"https:\/\/espak.ee\/epood\/toode\/pahtel-maxi-aqua-25l\/#breadcrumb\",\"itemListElement\":[{\"@type\":\"ListItem\",\"position\":1,\"name\":\"Home\",\"item\":\"https:\/\/espak.ee\/epood\/\"},{\"@type\":\"ListItem\",\"position\":2,\"name\":\"Tootevalik\",\"item\":\"https:\/\/espak.ee\/epood\/tootevalik\/\"},{\"@type\":\"ListItem\",\"position\":3,\"name\":\"PAHTEL MAXI AQUA 2,5L\"}]},{\"@type\":\"WebSite\",\"@id\":\"https:\/\/espak.ee\/epood\/#website\",\"url\":\"https:\/\/espak.ee\/epood\/\",\"name\":\"Espak E-pood\",\"description\":\"\",\"potentialAction\":[{\"@type\":\"SearchAction\",\"target\":{\"@type\":\"EntryPoint\",\"urlTemplate\":\"https:\/\/espak.ee\/epood\/?s={search_term_string}\"},\"query-input\":{\"@type\":\"PropertyValueSpecification\",\"valueRequired\":true,\"valueName\":\"search_term_string\"}}],\"inLanguage\":\"et\"}]}<\/script>\n<!-- \/ Yoast SEO plugin. -->","yoast_head_json":{"title":"PAHTEL MAXI AQUA 2,5L - Espak E-pood","robots":{"index":"index","follow":"follow","max-snippet":"max-snippet:-1","max-image-preview":"max-image-preview:large","max-video-preview":"max-video-preview:-1"},"canonical":"https:\/\/espak.ee\/epood\/toode\/pahtel-maxi-aqua-25l\/","og_locale":"et_EE","og_type":"article","og_title":"PAHTEL MAXI AQUA 2,5L - Espak E-pood","og_url":"https:\/\/espak.ee\/epood\/toode\/pahtel-maxi-aqua-25l\/","og_site_name":"Espak E-pood","article_modified_time":"2025-09-01T04:01:46+00:00","og_image":[{"width":2048,"height":2048,"url":"https:\/\/espak.ee\/epood\/wp-content\/uploads\/Espak_Sadolin_Maxi_Aqua_25.jpg","type":"image\/jpeg"}],"twitter_card":"summary_large_image","twitter_misc":{"Est. reading time":"3 minutit"},"schema":{"@context":"https:\/\/schema.org","@graph":[{"@type":"WebPage","@id":"https:\/\/espak.ee\/epood\/toode\/pahtel-maxi-aqua-25l\/","url":"https:\/\/espak.ee\/epood\/toode\/pahtel-maxi-aqua-25l\/","name":"PAHTEL MAXI AQUA 2,5L - Espak E-pood","isPartOf":{"@id":"https:\/\/espak.ee\/epood\/#website"},"primaryImageOfPage":{"@id":"https:\/\/espak.ee\/epood\/toode\/pahtel-maxi-aqua-25l\/#primaryimage"},"image":{"@id":"https:\/\/espak.ee\/epood\/toode\/pahtel-maxi-aqua-25l\/#primaryimage"},"thumbnailUrl":"https:\/\/espak.ee\/epood\/wp-content\/uploads\/Espak_Sadolin_Maxi_Aqua_25.jpg","datePublished":"2019-01-26T00:07:47+00:00","dateModified":"2025-09-01T04:01:46+00:00","breadcrumb":{"@id":"https:\/\/espak.ee\/epood\/toode\/pahtel-maxi-aqua-25l\/#breadcrumb"},"inLanguage":"et","potentialAction":[{"@type":"ReadAction","target":["https:\/\/espak.ee\/epood\/toode\/pahtel-maxi-aqua-25l\/"]}]},{"@type":"ImageObject","inLanguage":"et","@id":"https:\/\/espak.ee\/epood\/toode\/pahtel-maxi-aqua-25l\/#primaryimage","url":"https:\/\/espak.ee\/epood\/wp-content\/uploads\/Espak_Sadolin_Maxi_Aqua_25.jpg","contentUrl":"https:\/\/espak.ee\/epood\/wp-content\/uploads\/Espak_Sadolin_Maxi_Aqua_25.jpg","width":2048,"height":2048},{"@type":"BreadcrumbList","@id":"https:\/\/espak.ee\/epood\/toode\/pahtel-maxi-aqua-25l\/#breadcrumb","itemListElement":[{"@type":"ListItem","position":1,"name":"Home","item":"https:\/\/espak.ee\/epood\/"},{"@type":"ListItem","position":2,"name":"Tootevalik","item":"https:\/\/espak.ee\/epood\/tootevalik\/"},{"@type":"ListItem","position":3,"name":"PAHTEL MAXI AQUA 2,5L"}]},{"@type":"WebSite","@id":"https:\/\/espak.ee\/epood\/#website","url":"https:\/\/espak.ee\/epood\/","name":"Espak E-pood","description":"","potentialAction":[{"@type":"SearchAction","target":{"@type":"EntryPoint","urlTemplate":"https:\/\/espak.ee\/epood\/?s={search_term_string}"},"query-input":{"@type":"PropertyValueSpecification","valueRequired":true,"valueName":"search_term_string"}}],"inLanguage":"et"}]}},"_links":{"self":[{"href":"https:\/\/espak.ee\/epood\/wp-json\/wp\/v2\/product\/3692","targetHints":{"allow":["GET"]}}],"collection":[{"href":"https:\/\/espak.ee\/epood\/wp-json\/wp\/v2\/product"}],"about":[{"href":"https:\/\/espak.ee\/epood\/wp-json\/wp\/v2\/types\/product"}],"replies":[{"embeddable":true,"href":"https:\/\/espak.ee\/epood\/wp-json\/wp\/v2\/comments?post=3692"}],"wp:featuredmedia":[{"embeddable":true,"href":"https:\/\/espak.ee\/epood\/wp-json\/wp\/v2\/media\/4054"}],"wp:attachment":[{"href":"https:\/\/espak.ee\/epood\/wp-json\/wp\/v2\/media?parent=3692"}],"wp:term":[{"taxonomy":"product_brand","embeddable":true,"href":"https:\/\/espak.ee\/epood\/wp-json\/wp\/v2\/product_brand?post=3692"},{"taxonomy":"product_cat","embeddable":true,"href":"https:\/\/espak.ee\/epood\/wp-json\/wp\/v2\/product_cat?post=3692"},{"taxonomy":"product_tag","embeddable":true,"href":"https:\/\/espak.ee\/epood\/wp-json\/wp\/v2\/product_tag?post=3692"}],"curies":[{"name":"wp","href":"https:\/\/api.w.org\/{rel}","templated":true}]}}