{"id":3601,"date":"2019-01-25T02:07:04","date_gmt":"2019-01-25T00:07:04","guid":{"rendered":"https:\/\/espak.ee\/tellimiskeskkond\/?post_type=product&#038;p=3601"},"modified":"2026-03-21T09:34:19","modified_gmt":"2026-03-21T07:34:19","slug":"lakk-celco-parquet-matt-1l","status":"publish","type":"product","link":"https:\/\/espak.ee\/epood\/toode\/lakk-celco-parquet-matt-1l\/","title":{"rendered":"LAKK CELCO PARQUET MATT 1L"},"content":{"rendered":"<div class=\"row\"  id=\"row-1166150274\">\n\n\t<div id=\"col-813215548\" class=\"col medium-9 small-12 large-9\"  >\n\t\t\t\t<div class=\"col-inner\"  >\n\t\t\t\n\t\t\t\n<h2>Veep\u00f5hine p\u00f5randalakk<\/h2>\n<p>Hea kulumiskindlusega veep\u00f5hine p\u00f5randalakk. Toode on kergesti pinnale kantav ning tasandub h\u00e4sti. Lakitud pind on vastupidav kriimustuste tekkimisele ning vee ja kodukemikaalide m\u00f5jule. Lakitud pind aja jooksul ei kollastu. Sobib uue ning varem lakitud kilp-, liist- ja laudparkett- ning laudp\u00f5randa lakkimiseks.<\/p>\n<div class=\"message-box relative\" style=\"padding-top:15px;padding-bottom:15px;\"><div class=\"message-box-bg-image bg-fill fill\" ><\/div><div class=\"message-box-bg-overlay bg-fill fill\" ><\/div><div class=\"container relative\"><div class=\"inner last-reset\">\n<div class=\"row align-middle align-center\"  id=\"row-241291251\">\n\n\t<div id=\"col-600324731\" class=\"col small-12 large-12\"  >\n\t\t\t\t<div class=\"col-inner text-left\"  >\n\t\t\t\n\t\t\t\n<h4>Omadused<\/h4>\n<div class=\"row\"  id=\"row-2080248103\">\n\n\t<div id=\"col-1974441860\" class=\"col medium-6 small-12 large-6\"  >\n\t\t\t\t<div class=\"col-inner\"  >\n\t\t\t\n\t\t\t\n<p><i class=\"fa fa-paint-roller fa-2x\"><\/i> <strong>Katvus<\/strong> 12 m\u00b2\/L<\/p>\n\t\t<\/div>\n\t\t\t\t\n<style>\n#col-1974441860 > .col-inner {\n  margin: 10px 0px 15px 0px;\n}\n<\/style>\n\t<\/div>\n\n\t\n\n\t<div id=\"col-784556604\" class=\"col medium-6 small-12 large-6\"  >\n\t\t\t\t<div class=\"col-inner\"  >\n\t\t\t\n\t\t\t\n<p><i class=\"fa fa-clock-four fa-2x\"><\/i> <strong>Kuivamisaeg<\/strong> 2h<\/p>\n\t\t<\/div>\n\t\t\t\t\n<style>\n#col-784556604 > .col-inner {\n  margin: 10px 0px 15px 0px;\n}\n<\/style>\n\t<\/div>\n\n\t\n<\/div>\n<div class=\"is-divider divider clearfix\" style=\"margin-top:20px;margin-bottom:20px;max-width:100%;height:2px;background-color:rgb(1, 27, 70);\"><\/div>\n<div class=\"row\"  id=\"row-957089600\">\n\n\t<div id=\"col-1107096286\" class=\"col medium-6 small-12 large-6\"  >\n\t\t\t\t<div class=\"col-inner\"  >\n\t\t\t\n\t\t\t\n<p><i class=\"fa fa-paint-roller fa-2x\"><\/i> <strong>Suure pinnatugevusega<\/strong><\/p>\n<p><i class=\"fa fa-water fa-2x\"><\/i> <strong>Lihtne puhastada<\/strong><\/p>\n\t\t<\/div>\n\t\t\t\t\n<style>\n#col-1107096286 > .col-inner {\n  margin: 0px 0px 15px 0px;\n}\n<\/style>\n\t<\/div>\n\n\t\n\n\t<div id=\"col-1120494421\" class=\"col medium-6 small-12 large-6\"  >\n\t\t\t\t<div class=\"col-inner\"  >\n\t\t\t\n\t\t\t\n<p><i class=\"fa fa-fill fa-2x\"><\/i> <strong>Veep\u00f5hine<\/strong><\/p>\n\t\t<\/div>\n\t\t\t\t\n<style>\n#col-1120494421 > .col-inner {\n  margin: 0px 0px 15px 0px;\n}\n<\/style>\n\t<\/div>\n\n\t\n<\/div>\n\t\t<\/div>\n\t\t\t\t\t<\/div>\n\n\t\n<\/div>\n<\/div><\/div><\/div>\n\t<div id=\"gap-464465726\" class=\"gap-element clearfix\" style=\"display:block; height:auto;\">\n\t\t\n<style>\n#gap-464465726 {\n  padding-top: 30px;\n}\n<\/style>\n\t<\/div>\n\t\n<p><strong>Kihtide arv:<\/strong> 2<\/p>\n<h3>Kasutamise \u00fcksikasjad<\/h3>\n<p><strong>Pinna ettevalmistus:\u00a0<\/strong>Lakitav pind peab olema puhas tolmust, mustusest, rasvast, vahast ning poleerimisainetest. J\u00e4lgida, et k\u00f5ikidel t\u00f6\u00f6etappidel oleks pind kuiv, puidu niiskussisaldus alla 18%.<\/p>\n<p><strong>V\u00e4rvimine:<\/strong> Pind lakkida 2-3 kihis tootega Celco Parquet, j\u00e4ttes kihtidevaheliseks intervalliks v\u00e4hemalt 5 tundi. \u00d6\u00f6p\u00e4evas kanda pinnale maksimaalselt 2 kihti. Vajadusel kihtide vahel pinda kergelt lihvida. Lakk on kasutusvalmis. Esimesele kihile v\u00f5ib soovi korral lisada puhast vett kuni 10% laki mahust, j\u00e4rgmised kihid kanda pinnale vedeldamata kujul. Lakk kanda pinnale piki lauda. Enne kasutamist lakki hoolikalt segada, seej\u00e4rel lasta lakil seista 5-10 minutit, et lakis olevad \u00f5humullid kaoksid. Pintsli ja rulliga lakkimisel t\u00f6\u00f6tada rahulikult, et liigne \u00f5hk ei satuks lakikihti. Hoolikas tuleb olla kohtades, kuhu v\u00f5ib koguneda liigselt lakki, nt nurgad. Nende kohtade lakkimiseks kasutada soovitavalt pintslit. Veep\u00f5hise lakiga kaetud pinna \u00fclelakkimiseks kasutada \u00fcksnes veep\u00f5hist lakki. Lakk saavutab vastupidavuse kergemale koormusele 1-2 \u00f6\u00f6p\u00e4eva jooksul, l\u00f5plik kulumiskindlus saabub hiljemalt 4 n\u00e4dala jooksul. Vaibad ja raskemad esemed panna p\u00f5randale alles n\u00e4dala m\u00f6\u00f6dumisel lakkimisest.<\/p>\n<p><strong>Puhastamine:<\/strong> Eemalda t\u00f6\u00f6vahenditelt liigne lakk koheselt peale t\u00f6\u00f6 l\u00f5petamist, pese veega.<\/p>\n<p><strong>Hoiustamine:<\/strong> Hoida suletud taaras kuivas ja jahedas (\u00fcle +5\u00baC)<\/p>\n<p><strong>Tervishoiu- ja ohutusn\u00f5uded:<\/strong> T\u00f6\u00f6tada h\u00e4sti ventileeritud ruumis. T\u00f6\u00f6 l\u00f5ppedes sulgeda hoolikalt lakin\u00f5u. Enne t\u00f6\u00f6vahendi puhastamist eemaldada liigne lakk. Toodet mitte valada kanalisatsiooni v\u00f5i veekogusse. Vedelad lakij\u00e4\u00e4gid toimetada kahjulike ainete kogumiskohta, j\u00e4\u00e4tmek\u00e4itlusesse suunata ainult t\u00e4ielikult t\u00fchjendatud n\u00f5ud.<\/p>\n\t\t<\/div>\n\t\t\t\t\t<\/div>\n\n\t\n\n\t<div id=\"col-1454134513\" class=\"col medium-3 small-12 large-3\"  >\n\t\t\t\t<div class=\"col-inner\"  >\n\t\t\t\n\t\t\t\n\t<div id=\"gap-2111500448\" class=\"gap-element clearfix\" style=\"display:block; height:auto;\">\n\t\t\n<style>\n#gap-2111500448 {\n  padding-top: 30px;\n}\n<\/style>\n\t<\/div>\n\t\n<h3>Tehniline informatsioon<\/h3>\n<p><a href=\"https:\/\/espak.ee\/epood\/wp-content\/uploads\/celcoparquettdsest.pdf\" target=\"_blank\" rel=\"noopener noreferrer\"><i class=\"far fa-file-pdf\"><\/i> Tehniline info (PDF)<\/a><\/p>\n<h3>Ohutusalane teave<\/h3>\n<p><a href=\"https:\/\/espak.ee\/epood\/wp-content\/uploads\/oseeetcelcoparquetmat.pdf\" target=\"_blank\" rel=\"noopener noreferrer\"><i class=\"far fa-file-pdf\"><\/i> Ohutusalane teave (PDF)<\/a><\/p>\n<div class=\"is-divider divider clearfix\" ><\/div>\n<p><strong>\u00dcksikasjalikuma n\u00f5u saamiseks v\u00f5tke \u00fchendust:<br \/><\/strong>Akzo Nobel Baltics, R. Tobiase 8, 10147 Tallinn, Telefon: 6305299<\/p>\n<div class=\"is-divider divider clearfix\" ><\/div>\n<h3>Sadolin Visualizer<\/h3>\n<div class=\"video video-fit mb\" style=\"padding-top:56.25%;\"><div style=\"width: 640px;\" class=\"wp-video\"><video class=\"wp-video-shortcode\" id=\"video-3601-1\" width=\"640\" height=\"360\" preload=\"metadata\" controls=\"controls\"><source type=\"video\/mp4\" src=\"https:\/\/espak.ee\/epood\/wp-content\/uploads\/Sadolin-Visualizer.mp4?_=1\" \/><a href=\"https:\/\/espak.ee\/epood\/wp-content\/uploads\/Sadolin-Visualizer.mp4\">https:\/\/espak.ee\/epood\/wp-content\/uploads\/Sadolin-Visualizer.mp4<\/a><\/video><\/div>\n<\/div>\n\t\t<\/div>\n\t\t\t\t\t<\/div>\n\n\t\n<\/div>\n","protected":false},"excerpt":{"rendered":"","protected":false},"featured_media":4012,"comment_status":"closed","ping_status":"closed","template":"","meta":[],"product_brand":[],"product_cat":[2693,2695,2684,2683],"product_tag":[],"class_list":{"0":"post-3601","1":"product","2":"type-product","3":"status-publish","4":"has-post-thumbnail","6":"product_cat-lakid-peitsid-olid-puidukaitse","7":"product_cat-porandalakid","8":"product_cat-varvid-lakid-lahustid-puidukaitsed-olid","9":"product_cat-viimistluskaubad","10":"product_shipping_class-dpd-cold","11":"pa_kaubamark-akzo-nobel-baltics-as","13":"first","14":"instock","15":"sale","16":"taxable","17":"shipping-taxable","18":"purchasable","19":"product-type-simple"},"yoast_head":"<!-- This site is optimized with the Yoast SEO plugin v26.9 - https:\/\/yoast.com\/product\/yoast-seo-wordpress\/ -->\n<title>LAKK CELCO PARQUET MATT 1L - Espak E-pood<\/title>\n<meta name=\"robots\" content=\"index, follow, max-snippet:-1, max-image-preview:large, max-video-preview:-1\" \/>\n<link rel=\"canonical\" href=\"https:\/\/espak.ee\/epood\/toode\/lakk-celco-parquet-matt-1l\/\" \/>\n<meta property=\"og:locale\" content=\"et_EE\" \/>\n<meta property=\"og:type\" content=\"article\" \/>\n<meta property=\"og:title\" content=\"LAKK CELCO PARQUET MATT 1L - Espak E-pood\" \/>\n<meta property=\"og:url\" content=\"https:\/\/espak.ee\/epood\/toode\/lakk-celco-parquet-matt-1l\/\" \/>\n<meta property=\"og:site_name\" content=\"Espak E-pood\" \/>\n<meta property=\"article:modified_time\" content=\"2026-03-21T07:34:19+00:00\" \/>\n<meta property=\"og:image\" content=\"https:\/\/espak.ee\/epood\/wp-content\/uploads\/Espak_Sadolin_Celco_Parquet_5.jpg\" \/>\n\t<meta property=\"og:image:width\" content=\"2048\" \/>\n\t<meta property=\"og:image:height\" content=\"2048\" \/>\n\t<meta property=\"og:image:type\" content=\"image\/jpeg\" \/>\n<meta name=\"twitter:card\" content=\"summary_large_image\" \/>\n<meta name=\"twitter:label1\" content=\"Est. reading time\" \/>\n\t<meta name=\"twitter:data1\" content=\"2 minutit\" \/>\n<script type=\"application\/ld+json\" class=\"yoast-schema-graph\">{\"@context\":\"https:\/\/schema.org\",\"@graph\":[{\"@type\":\"WebPage\",\"@id\":\"https:\/\/espak.ee\/epood\/toode\/lakk-celco-parquet-matt-1l\/\",\"url\":\"https:\/\/espak.ee\/epood\/toode\/lakk-celco-parquet-matt-1l\/\",\"name\":\"LAKK CELCO PARQUET MATT 1L - Espak E-pood\",\"isPartOf\":{\"@id\":\"https:\/\/espak.ee\/epood\/#website\"},\"primaryImageOfPage\":{\"@id\":\"https:\/\/espak.ee\/epood\/toode\/lakk-celco-parquet-matt-1l\/#primaryimage\"},\"image\":{\"@id\":\"https:\/\/espak.ee\/epood\/toode\/lakk-celco-parquet-matt-1l\/#primaryimage\"},\"thumbnailUrl\":\"https:\/\/espak.ee\/epood\/wp-content\/uploads\/Espak_Sadolin_Celco_Parquet_5.jpg\",\"datePublished\":\"2019-01-25T00:07:04+00:00\",\"dateModified\":\"2026-03-21T07:34:19+00:00\",\"breadcrumb\":{\"@id\":\"https:\/\/espak.ee\/epood\/toode\/lakk-celco-parquet-matt-1l\/#breadcrumb\"},\"inLanguage\":\"et\",\"potentialAction\":[{\"@type\":\"ReadAction\",\"target\":[\"https:\/\/espak.ee\/epood\/toode\/lakk-celco-parquet-matt-1l\/\"]}]},{\"@type\":\"ImageObject\",\"inLanguage\":\"et\",\"@id\":\"https:\/\/espak.ee\/epood\/toode\/lakk-celco-parquet-matt-1l\/#primaryimage\",\"url\":\"https:\/\/espak.ee\/epood\/wp-content\/uploads\/Espak_Sadolin_Celco_Parquet_5.jpg\",\"contentUrl\":\"https:\/\/espak.ee\/epood\/wp-content\/uploads\/Espak_Sadolin_Celco_Parquet_5.jpg\",\"width\":2048,\"height\":2048},{\"@type\":\"BreadcrumbList\",\"@id\":\"https:\/\/espak.ee\/epood\/toode\/lakk-celco-parquet-matt-1l\/#breadcrumb\",\"itemListElement\":[{\"@type\":\"ListItem\",\"position\":1,\"name\":\"Home\",\"item\":\"https:\/\/espak.ee\/epood\/\"},{\"@type\":\"ListItem\",\"position\":2,\"name\":\"Tootevalik\",\"item\":\"https:\/\/espak.ee\/epood\/tootevalik\/\"},{\"@type\":\"ListItem\",\"position\":3,\"name\":\"LAKK CELCO PARQUET MATT 1L\"}]},{\"@type\":\"WebSite\",\"@id\":\"https:\/\/espak.ee\/epood\/#website\",\"url\":\"https:\/\/espak.ee\/epood\/\",\"name\":\"Espak E-pood\",\"description\":\"\",\"potentialAction\":[{\"@type\":\"SearchAction\",\"target\":{\"@type\":\"EntryPoint\",\"urlTemplate\":\"https:\/\/espak.ee\/epood\/?s={search_term_string}\"},\"query-input\":{\"@type\":\"PropertyValueSpecification\",\"valueRequired\":true,\"valueName\":\"search_term_string\"}}],\"inLanguage\":\"et\"}]}<\/script>\n<!-- \/ Yoast SEO plugin. -->","yoast_head_json":{"title":"LAKK CELCO PARQUET MATT 1L - Espak E-pood","robots":{"index":"index","follow":"follow","max-snippet":"max-snippet:-1","max-image-preview":"max-image-preview:large","max-video-preview":"max-video-preview:-1"},"canonical":"https:\/\/espak.ee\/epood\/toode\/lakk-celco-parquet-matt-1l\/","og_locale":"et_EE","og_type":"article","og_title":"LAKK CELCO PARQUET MATT 1L - Espak E-pood","og_url":"https:\/\/espak.ee\/epood\/toode\/lakk-celco-parquet-matt-1l\/","og_site_name":"Espak E-pood","article_modified_time":"2026-03-21T07:34:19+00:00","og_image":[{"width":2048,"height":2048,"url":"https:\/\/espak.ee\/epood\/wp-content\/uploads\/Espak_Sadolin_Celco_Parquet_5.jpg","type":"image\/jpeg"}],"twitter_card":"summary_large_image","twitter_misc":{"Est. reading time":"2 minutit"},"schema":{"@context":"https:\/\/schema.org","@graph":[{"@type":"WebPage","@id":"https:\/\/espak.ee\/epood\/toode\/lakk-celco-parquet-matt-1l\/","url":"https:\/\/espak.ee\/epood\/toode\/lakk-celco-parquet-matt-1l\/","name":"LAKK CELCO PARQUET MATT 1L - Espak E-pood","isPartOf":{"@id":"https:\/\/espak.ee\/epood\/#website"},"primaryImageOfPage":{"@id":"https:\/\/espak.ee\/epood\/toode\/lakk-celco-parquet-matt-1l\/#primaryimage"},"image":{"@id":"https:\/\/espak.ee\/epood\/toode\/lakk-celco-parquet-matt-1l\/#primaryimage"},"thumbnailUrl":"https:\/\/espak.ee\/epood\/wp-content\/uploads\/Espak_Sadolin_Celco_Parquet_5.jpg","datePublished":"2019-01-25T00:07:04+00:00","dateModified":"2026-03-21T07:34:19+00:00","breadcrumb":{"@id":"https:\/\/espak.ee\/epood\/toode\/lakk-celco-parquet-matt-1l\/#breadcrumb"},"inLanguage":"et","potentialAction":[{"@type":"ReadAction","target":["https:\/\/espak.ee\/epood\/toode\/lakk-celco-parquet-matt-1l\/"]}]},{"@type":"ImageObject","inLanguage":"et","@id":"https:\/\/espak.ee\/epood\/toode\/lakk-celco-parquet-matt-1l\/#primaryimage","url":"https:\/\/espak.ee\/epood\/wp-content\/uploads\/Espak_Sadolin_Celco_Parquet_5.jpg","contentUrl":"https:\/\/espak.ee\/epood\/wp-content\/uploads\/Espak_Sadolin_Celco_Parquet_5.jpg","width":2048,"height":2048},{"@type":"BreadcrumbList","@id":"https:\/\/espak.ee\/epood\/toode\/lakk-celco-parquet-matt-1l\/#breadcrumb","itemListElement":[{"@type":"ListItem","position":1,"name":"Home","item":"https:\/\/espak.ee\/epood\/"},{"@type":"ListItem","position":2,"name":"Tootevalik","item":"https:\/\/espak.ee\/epood\/tootevalik\/"},{"@type":"ListItem","position":3,"name":"LAKK CELCO PARQUET MATT 1L"}]},{"@type":"WebSite","@id":"https:\/\/espak.ee\/epood\/#website","url":"https:\/\/espak.ee\/epood\/","name":"Espak E-pood","description":"","potentialAction":[{"@type":"SearchAction","target":{"@type":"EntryPoint","urlTemplate":"https:\/\/espak.ee\/epood\/?s={search_term_string}"},"query-input":{"@type":"PropertyValueSpecification","valueRequired":true,"valueName":"search_term_string"}}],"inLanguage":"et"}]}},"_links":{"self":[{"href":"https:\/\/espak.ee\/epood\/wp-json\/wp\/v2\/product\/3601","targetHints":{"allow":["GET"]}}],"collection":[{"href":"https:\/\/espak.ee\/epood\/wp-json\/wp\/v2\/product"}],"about":[{"href":"https:\/\/espak.ee\/epood\/wp-json\/wp\/v2\/types\/product"}],"replies":[{"embeddable":true,"href":"https:\/\/espak.ee\/epood\/wp-json\/wp\/v2\/comments?post=3601"}],"wp:featuredmedia":[{"embeddable":true,"href":"https:\/\/espak.ee\/epood\/wp-json\/wp\/v2\/media\/4012"}],"wp:attachment":[{"href":"https:\/\/espak.ee\/epood\/wp-json\/wp\/v2\/media?parent=3601"}],"wp:term":[{"taxonomy":"product_brand","embeddable":true,"href":"https:\/\/espak.ee\/epood\/wp-json\/wp\/v2\/product_brand?post=3601"},{"taxonomy":"product_cat","embeddable":true,"href":"https:\/\/espak.ee\/epood\/wp-json\/wp\/v2\/product_cat?post=3601"},{"taxonomy":"product_tag","embeddable":true,"href":"https:\/\/espak.ee\/epood\/wp-json\/wp\/v2\/product_tag?post=3601"}],"curies":[{"name":"wp","href":"https:\/\/api.w.org\/{rel}","templated":true}]}}