{"id":35060,"date":"2020-07-29T06:25:56","date_gmt":"2020-07-29T03:25:56","guid":{"rendered":"https:\/\/espak.ee\/hinnakiri\/?post_type=product&#038;p=35060"},"modified":"2024-03-22T22:51:39","modified_gmt":"2024-03-22T20:51:39","slug":"jarkamissaag-einhell-tc-sm-2534-1-dual","status":"publish","type":"product","link":"https:\/\/espak.ee\/epood\/toode\/jarkamissaag-einhell-tc-sm-2534-1-dual\/","title":{"rendered":"J\u00c4RKAMISSAAG EINHELL TC-SM 2534\/1 DUAL"},"content":{"rendered":"<div class=\"row\"  id=\"row-862782752\">\n\n\t<div id=\"col-1580526759\" class=\"col medium-9 small-12 large-9\"  >\n\t\t\t\t<div class=\"col-inner\"  >\n\t\t\t\n\t\t\t\n<div class=\"message-box relative\" style=\"padding-top:15px;padding-bottom:15px;\"><div class=\"message-box-bg-image bg-fill fill\" ><\/div><div class=\"message-box-bg-overlay bg-fill fill\" ><\/div><div class=\"container relative\"><div class=\"inner last-reset\">\n<div class=\"row align-middle align-center\"  id=\"row-1526840352\">\n\n\t<div id=\"col-1972478231\" class=\"col small-12 large-12\"  >\n\t\t\t\t<div class=\"col-inner text-left\"  >\n\t\t\t\n\t\t\t\n<h4>Omadused<\/h4>\n<div class=\"row\"  id=\"row-725545593\">\n\n\t<div id=\"col-1389306379\" class=\"col medium-6 small-12 large-6\"  >\n\t\t\t\t<div class=\"col-inner\"  >\n\t\t\t\n\t\t\t\n<p><i class=\"far fa-check-circle fa-2x\"><\/i><strong>\u00a0Kahel torul jooksev saagimispea suurte toorikute l\u00f5ikamiseks <\/strong><\/p>\n<p><i class=\"far fa-check-circle fa-2x\"><\/i><strong> Saagimispea on sujuvalt kallutatav 0\u00b0 kuni +45\u00b0 vasakule ja paremale\u00a0<\/strong><\/p>\n<p><i class=\"far fa-check-circle fa-2x\"><\/i><strong> 2 k\u00fclgmist laiendit pikemate toorikute jaoks <\/strong><\/p>\n<p><i class=\"far fa-check-circle fa-2x\"><\/i><strong> Vasakpoolne ja parempoolne seadistatav siinidega toorikujuhik\u00a0<\/strong><\/p>\n<p><i class=\"far fa-check-circle fa-2x\"><\/i><strong> Kaasas saepurukott t\u00f6\u00f6koha puhtana hoidmiseks\u00a0<\/strong><\/p>\n\t\t<\/div>\n\t\t\t\t\n<style>\n#col-1389306379 > .col-inner {\n  margin: 0px 0px 15px 0px;\n}\n<\/style>\n\t<\/div>\n\n\t\n\n\t<div id=\"col-829749393\" class=\"col medium-6 small-12 large-6\"  >\n\t\t\t\t<div class=\"col-inner\"  >\n\t\t\t\n\t\t\t\n<p><i class=\"far fa-check-circle fa-2x\"><\/i><strong> Kvaliteetne t\u00e4pse nurga seadistuse ja lukustusega alumiiniumist p\u00f6\u00f6rdlaud <\/strong><\/p>\n<p><i class=\"far fa-check-circle fa-2x\"><\/i><strong> Laser l\u00f5ikejoone t\u00e4pseks n\u00e4itamiseks (v\u00f5rgutoitega)\u00a0<\/strong><\/p>\n<p><i class=\"far fa-check-circle fa-2x\"><\/i><strong> Kvaliteetne HW saeketas.\u00a0<\/strong><\/p>\n<p><i class=\"far fa-check-circle fa-2x\"><\/i><strong> Kinnitusrakis tooriku kindlalt paigal hoidmiseks\u00a0<\/strong><\/p>\n<p><i class=\"far fa-check-circle fa-2x\"><\/i><strong> Hoiuklamber ohutu teisalduse tagamiseks\u00a0<\/strong><\/p>\n\t\t<\/div>\n\t\t\t\t\n<style>\n#col-829749393 > .col-inner {\n  margin: 0px 0px 15px 0px;\n}\n<\/style>\n\t<\/div>\n\n\t\n<\/div>\n\t\t<\/div>\n\t\t\t\t\t<\/div>\n\n\t\n<\/div>\n<\/div><\/div><\/div>\n\t<div id=\"gap-1934873302\" class=\"gap-element clearfix\" style=\"display:block; height:auto;\">\n\t\t\n<style>\n#gap-1934873302 {\n  padding-top: 30px;\n}\n<\/style>\n\t<\/div>\n\t\n<h2>Tootekirjeldus<\/h2>\n<p> J\u00e4rkamissae TC-SM 2534\/1 Dual saagimispead saab kallutada sujuvalt 0\u00b0 kuni +45\u00b0 vasakule ja paremale, et m\u00f5lema k\u00fclje kaldenurkasid saaks seada paindlikult vaid \u00fche toiminguga. Profikvaliteediga karbiidsaekettaga varustatud seade sobib puidu, lamineeritud tahvlite ja plasti saagimiseks. Valualumiiniumist valmistatud kvaliteetsel t\u00f6\u00f6laual on t\u00e4pne nurga seadistaja, mida saab erinevates asendites lukustada. J\u00e4rkamissae TC-SM 2534\/1 Dual kahel torul jooksev saagimispea h\u00f5lbustab eriti suurte toorikute l\u00f5ikamist. T\u00f6\u00f6laua siseosal on selge skaala tooriku laiuse h\u00f5lpsaks lugemiseks t\u00f6\u00f6asendist. Sisseehitatud v\u00f5rgutoitega laser n\u00e4itab l\u00f5ikejoont, v\u00f5imaldades toorikut kiiresti ja t\u00e4pselt paigutada. Kui tooriku m\u00f5lemal k\u00fcljel olevad toed ja usaldusv\u00e4\u00e4rne kinnitusseade tagavad t\u00e4pse t\u00f6\u00f6, siis l\u00f5ikes\u00fcgavuse piirik v\u00f5imaldab teha h\u00f5lpsalt isegi keerulisemaid t\u00f6id. \u00c4rikvaliteediga karbiidhammastega saeketas v\u00f5imaldab l\u00f5igata \u00fcle 200 m puitlaastplaati ja seda on t\u00e4nu spindlilukustile lihtne vahetada. Saepuru kogumiskott hoiab t\u00f6\u00f6koha puhtana ja hoiuklamber tagab h\u00f5lpsa ja ohutu teisalduse. <\/p>\n\t<div id=\"gap-2063816027\" class=\"gap-element clearfix\" style=\"display:block; height:auto;\">\n\t\t\n<style>\n#gap-2063816027 {\n  padding-top: 30px;\n}\n<\/style>\n\t<\/div>\n\t\n\t\t<\/div>\n\t\t\t\t\t<\/div>\n\n\t\n\n\t<div id=\"col-360079490\" class=\"col medium-3 small-12 large-3\"  >\n\t\t\t\t<div class=\"col-inner\"  >\n\t\t\t\n\t\t\t\n\t<div id=\"gap-312653409\" class=\"gap-element clearfix\" style=\"display:block; height:auto;\">\n\t\t\n<style>\n#gap-312653409 {\n  padding-top: 30px;\n}\n<\/style>\n\t<\/div>\n\t\n<h3>Kasutusjuhend<\/h3>\n<p><a href=\"https:\/\/espak.ee\/epood\/wp-content\/uploads\/Jarkamissaag-Einhell-TC-SM-2534-1-Dual-4300395.pdf\" target=\"_blank\" rel=\"noopener noreferrer\"><i class=\"far fa-file-pdf\"><\/i> Kasutusjuhend (PDF)<\/a><\/p>\n<div class=\"is-divider divider clearfix\" ><\/div>\n<p><strong>\u00dcksikasjalikuma n\u00f5u saamiseks v\u00f5tke \u00fchendust:<br \/><\/strong>Espak AS<br \/>Viadukti 42<br \/>11313<br \/>Tallinn<br \/>+372 6 512333<\/p>\n\t\t<\/div>\n\t\t\t\t\t<\/div>\n\n\t\n<\/div>\n","protected":false},"excerpt":{"rendered":"","protected":false},"featured_media":58560,"comment_status":"closed","ping_status":"closed","template":"","meta":[],"product_brand":[],"product_cat":[2680,3041,2681,2679],"product_tag":[],"class_list":{"0":"post-35060","1":"product","2":"type-product","3":"status-publish","4":"has-post-thumbnail","6":"product_cat-elektritooriistad","7":"product_cat-jarkamis-ja-nurgasaed","8":"product_cat-masinad-ja-seadmed","9":"product_cat-tooriistad","10":"pa_kaubamark-einhell","12":"first","13":"instock","14":"sale","15":"taxable","16":"shipping-taxable","17":"purchasable","18":"product-type-simple"},"yoast_head":"<!-- This site is optimized with the Yoast SEO plugin v26.9 - https:\/\/yoast.com\/product\/yoast-seo-wordpress\/ -->\n<title>J\u00c4RKAMISSAAG EINHELL TC-SM 2534\/1 DUAL - Espak E-pood<\/title>\n<meta name=\"robots\" content=\"index, follow, max-snippet:-1, max-image-preview:large, max-video-preview:-1\" \/>\n<link rel=\"canonical\" href=\"https:\/\/espak.ee\/epood\/toode\/jarkamissaag-einhell-tc-sm-2534-1-dual\/\" \/>\n<meta property=\"og:locale\" content=\"et_EE\" \/>\n<meta property=\"og:type\" content=\"article\" \/>\n<meta property=\"og:title\" content=\"J\u00c4RKAMISSAAG EINHELL TC-SM 2534\/1 DUAL - Espak E-pood\" \/>\n<meta property=\"og:url\" content=\"https:\/\/espak.ee\/epood\/toode\/jarkamissaag-einhell-tc-sm-2534-1-dual\/\" \/>\n<meta property=\"og:site_name\" content=\"Espak E-pood\" \/>\n<meta property=\"article:modified_time\" content=\"2024-03-22T20:51:39+00:00\" \/>\n<meta property=\"og:image\" content=\"https:\/\/espak.ee\/epood\/wp-content\/uploads\/4300395_11019_001_TC_SM_2534_1_Dual_RAL3002_Pic-1-1022x1024.jpg\" \/>\n\t<meta property=\"og:image:width\" content=\"1022\" \/>\n\t<meta property=\"og:image:height\" content=\"1024\" \/>\n\t<meta property=\"og:image:type\" content=\"image\/jpeg\" \/>\n<meta name=\"twitter:card\" content=\"summary_large_image\" \/>\n<meta name=\"twitter:label1\" content=\"Est. reading time\" \/>\n\t<meta name=\"twitter:data1\" content=\"2 minutit\" \/>\n<script type=\"application\/ld+json\" class=\"yoast-schema-graph\">{\"@context\":\"https:\/\/schema.org\",\"@graph\":[{\"@type\":\"WebPage\",\"@id\":\"https:\/\/espak.ee\/epood\/toode\/jarkamissaag-einhell-tc-sm-2534-1-dual\/\",\"url\":\"https:\/\/espak.ee\/epood\/toode\/jarkamissaag-einhell-tc-sm-2534-1-dual\/\",\"name\":\"J\u00c4RKAMISSAAG EINHELL TC-SM 2534\/1 DUAL - Espak E-pood\",\"isPartOf\":{\"@id\":\"https:\/\/espak.ee\/epood\/#website\"},\"primaryImageOfPage\":{\"@id\":\"https:\/\/espak.ee\/epood\/toode\/jarkamissaag-einhell-tc-sm-2534-1-dual\/#primaryimage\"},\"image\":{\"@id\":\"https:\/\/espak.ee\/epood\/toode\/jarkamissaag-einhell-tc-sm-2534-1-dual\/#primaryimage\"},\"thumbnailUrl\":\"https:\/\/espak.ee\/epood\/wp-content\/uploads\/4300395_11019_001_TC_SM_2534_1_Dual_RAL3002_Pic-1.jpg\",\"datePublished\":\"2020-07-29T03:25:56+00:00\",\"dateModified\":\"2024-03-22T20:51:39+00:00\",\"breadcrumb\":{\"@id\":\"https:\/\/espak.ee\/epood\/toode\/jarkamissaag-einhell-tc-sm-2534-1-dual\/#breadcrumb\"},\"inLanguage\":\"et\",\"potentialAction\":[{\"@type\":\"ReadAction\",\"target\":[\"https:\/\/espak.ee\/epood\/toode\/jarkamissaag-einhell-tc-sm-2534-1-dual\/\"]}]},{\"@type\":\"ImageObject\",\"inLanguage\":\"et\",\"@id\":\"https:\/\/espak.ee\/epood\/toode\/jarkamissaag-einhell-tc-sm-2534-1-dual\/#primaryimage\",\"url\":\"https:\/\/espak.ee\/epood\/wp-content\/uploads\/4300395_11019_001_TC_SM_2534_1_Dual_RAL3002_Pic-1.jpg\",\"contentUrl\":\"https:\/\/espak.ee\/epood\/wp-content\/uploads\/4300395_11019_001_TC_SM_2534_1_Dual_RAL3002_Pic-1.jpg\",\"width\":1768,\"height\":1772},{\"@type\":\"BreadcrumbList\",\"@id\":\"https:\/\/espak.ee\/epood\/toode\/jarkamissaag-einhell-tc-sm-2534-1-dual\/#breadcrumb\",\"itemListElement\":[{\"@type\":\"ListItem\",\"position\":1,\"name\":\"Home\",\"item\":\"https:\/\/espak.ee\/epood\/\"},{\"@type\":\"ListItem\",\"position\":2,\"name\":\"Tootevalik\",\"item\":\"https:\/\/espak.ee\/epood\/tootevalik\/\"},{\"@type\":\"ListItem\",\"position\":3,\"name\":\"J\u00c4RKAMISSAAG EINHELL TC-SM 2534\/1 DUAL\"}]},{\"@type\":\"WebSite\",\"@id\":\"https:\/\/espak.ee\/epood\/#website\",\"url\":\"https:\/\/espak.ee\/epood\/\",\"name\":\"Espak E-pood\",\"description\":\"\",\"potentialAction\":[{\"@type\":\"SearchAction\",\"target\":{\"@type\":\"EntryPoint\",\"urlTemplate\":\"https:\/\/espak.ee\/epood\/?s={search_term_string}\"},\"query-input\":{\"@type\":\"PropertyValueSpecification\",\"valueRequired\":true,\"valueName\":\"search_term_string\"}}],\"inLanguage\":\"et\"}]}<\/script>\n<!-- \/ Yoast SEO plugin. -->","yoast_head_json":{"title":"J\u00c4RKAMISSAAG EINHELL TC-SM 2534\/1 DUAL - Espak E-pood","robots":{"index":"index","follow":"follow","max-snippet":"max-snippet:-1","max-image-preview":"max-image-preview:large","max-video-preview":"max-video-preview:-1"},"canonical":"https:\/\/espak.ee\/epood\/toode\/jarkamissaag-einhell-tc-sm-2534-1-dual\/","og_locale":"et_EE","og_type":"article","og_title":"J\u00c4RKAMISSAAG EINHELL TC-SM 2534\/1 DUAL - Espak E-pood","og_url":"https:\/\/espak.ee\/epood\/toode\/jarkamissaag-einhell-tc-sm-2534-1-dual\/","og_site_name":"Espak E-pood","article_modified_time":"2024-03-22T20:51:39+00:00","og_image":[{"width":1022,"height":1024,"url":"https:\/\/espak.ee\/epood\/wp-content\/uploads\/4300395_11019_001_TC_SM_2534_1_Dual_RAL3002_Pic-1-1022x1024.jpg","type":"image\/jpeg"}],"twitter_card":"summary_large_image","twitter_misc":{"Est. reading time":"2 minutit"},"schema":{"@context":"https:\/\/schema.org","@graph":[{"@type":"WebPage","@id":"https:\/\/espak.ee\/epood\/toode\/jarkamissaag-einhell-tc-sm-2534-1-dual\/","url":"https:\/\/espak.ee\/epood\/toode\/jarkamissaag-einhell-tc-sm-2534-1-dual\/","name":"J\u00c4RKAMISSAAG EINHELL TC-SM 2534\/1 DUAL - Espak E-pood","isPartOf":{"@id":"https:\/\/espak.ee\/epood\/#website"},"primaryImageOfPage":{"@id":"https:\/\/espak.ee\/epood\/toode\/jarkamissaag-einhell-tc-sm-2534-1-dual\/#primaryimage"},"image":{"@id":"https:\/\/espak.ee\/epood\/toode\/jarkamissaag-einhell-tc-sm-2534-1-dual\/#primaryimage"},"thumbnailUrl":"https:\/\/espak.ee\/epood\/wp-content\/uploads\/4300395_11019_001_TC_SM_2534_1_Dual_RAL3002_Pic-1.jpg","datePublished":"2020-07-29T03:25:56+00:00","dateModified":"2024-03-22T20:51:39+00:00","breadcrumb":{"@id":"https:\/\/espak.ee\/epood\/toode\/jarkamissaag-einhell-tc-sm-2534-1-dual\/#breadcrumb"},"inLanguage":"et","potentialAction":[{"@type":"ReadAction","target":["https:\/\/espak.ee\/epood\/toode\/jarkamissaag-einhell-tc-sm-2534-1-dual\/"]}]},{"@type":"ImageObject","inLanguage":"et","@id":"https:\/\/espak.ee\/epood\/toode\/jarkamissaag-einhell-tc-sm-2534-1-dual\/#primaryimage","url":"https:\/\/espak.ee\/epood\/wp-content\/uploads\/4300395_11019_001_TC_SM_2534_1_Dual_RAL3002_Pic-1.jpg","contentUrl":"https:\/\/espak.ee\/epood\/wp-content\/uploads\/4300395_11019_001_TC_SM_2534_1_Dual_RAL3002_Pic-1.jpg","width":1768,"height":1772},{"@type":"BreadcrumbList","@id":"https:\/\/espak.ee\/epood\/toode\/jarkamissaag-einhell-tc-sm-2534-1-dual\/#breadcrumb","itemListElement":[{"@type":"ListItem","position":1,"name":"Home","item":"https:\/\/espak.ee\/epood\/"},{"@type":"ListItem","position":2,"name":"Tootevalik","item":"https:\/\/espak.ee\/epood\/tootevalik\/"},{"@type":"ListItem","position":3,"name":"J\u00c4RKAMISSAAG EINHELL TC-SM 2534\/1 DUAL"}]},{"@type":"WebSite","@id":"https:\/\/espak.ee\/epood\/#website","url":"https:\/\/espak.ee\/epood\/","name":"Espak E-pood","description":"","potentialAction":[{"@type":"SearchAction","target":{"@type":"EntryPoint","urlTemplate":"https:\/\/espak.ee\/epood\/?s={search_term_string}"},"query-input":{"@type":"PropertyValueSpecification","valueRequired":true,"valueName":"search_term_string"}}],"inLanguage":"et"}]}},"_links":{"self":[{"href":"https:\/\/espak.ee\/epood\/wp-json\/wp\/v2\/product\/35060","targetHints":{"allow":["GET"]}}],"collection":[{"href":"https:\/\/espak.ee\/epood\/wp-json\/wp\/v2\/product"}],"about":[{"href":"https:\/\/espak.ee\/epood\/wp-json\/wp\/v2\/types\/product"}],"replies":[{"embeddable":true,"href":"https:\/\/espak.ee\/epood\/wp-json\/wp\/v2\/comments?post=35060"}],"wp:featuredmedia":[{"embeddable":true,"href":"https:\/\/espak.ee\/epood\/wp-json\/wp\/v2\/media\/58560"}],"wp:attachment":[{"href":"https:\/\/espak.ee\/epood\/wp-json\/wp\/v2\/media?parent=35060"}],"wp:term":[{"taxonomy":"product_brand","embeddable":true,"href":"https:\/\/espak.ee\/epood\/wp-json\/wp\/v2\/product_brand?post=35060"},{"taxonomy":"product_cat","embeddable":true,"href":"https:\/\/espak.ee\/epood\/wp-json\/wp\/v2\/product_cat?post=35060"},{"taxonomy":"product_tag","embeddable":true,"href":"https:\/\/espak.ee\/epood\/wp-json\/wp\/v2\/product_tag?post=35060"}],"curies":[{"name":"wp","href":"https:\/\/api.w.org\/{rel}","templated":true}]}}