{"id":34924,"date":"2020-07-21T06:31:30","date_gmt":"2020-07-21T03:31:30","guid":{"rendered":"https:\/\/espak.ee\/hinnakiri\/?post_type=product&#038;p=34924"},"modified":"2024-03-22T22:51:33","modified_gmt":"2024-03-22T20:51:33","slug":"wokpann-9l","status":"publish","type":"product","link":"https:\/\/espak.ee\/epood\/toode\/wokpann-9l\/","title":{"rendered":"WOKPANN MUURIKKA 9L KAITSEKOTIS"},"content":{"rendered":"<div class=\"row\"  id=\"row-478164783\">\n\n\t<div id=\"col-1022703033\" class=\"col medium-9 small-12 large-9\"  >\n\t\t\t\t<div class=\"col-inner\"  >\n\t\t\t\n\t\t\t\n<h2>Wokpann<\/h2>\n<p>Panniga on kaasas k\u00e4ep\u00e4rane kaitsekott, milles on panni hea hoida ja kaasa v\u00f5tta.<br \/>\nSobib kasutamiseks lahtisele tulele, gaasigrillile. EI SOBI ELEKTRIGRILLILE!<br \/>\nHooldades peab pann vastu aastaid. Soovitame m\u00e4\u00e4rida panni enne kasutamist Muurikka Silava m\u00e4\u00e4rdega v\u00f5i searasvaga nii enne kui p\u00e4rast kasutamist.<br \/>\nWokipanniga valmistad h\u00f5lpsasti  mitmed road: k\u00f6\u00f6giviljad, paella, panniroad v\u00f5i kasv\u00f5i suppi.<\/p>\n<p>MUURIKKA originaalne WOK pann.<br \/>\n\u00d5igesti hooldades on MUURIKKA pann sulle kaaslane kogu eluks.<\/p>\n<p>Pannile tuleb enne kasutamist teha rasvap\u00f5letus, et eemalduks tehases valmistamisel j\u00e4\u00e4nud j\u00e4\u00e4gid. Soovitame seda teha MUURIKKA SILAVA rasvaga.<br \/>\nT\u00e4psemalt saab hoolduste ja rasvap\u00f5letuse kohta infot:<br \/>\nRasvap\u00f5letus: https:\/\/youtu.be\/8_lTy6fh8y8<\/p>\n<blockquote class=\"wp-embedded-content\" data-secret=\"T6Kk58emLD\"><p><a href=\"https:\/\/espak.ee\/epood\/toode\/praadimisrasv-silava\/\">PRAADIMISRASV MUURIKKA SILAVA<\/a><\/p><\/blockquote>\n<p><iframe class=\"wp-embedded-content\" sandbox=\"allow-scripts\" security=\"restricted\" style=\"position: absolute; clip: rect(1px, 1px, 1px, 1px);\" title=\"&#8220;PRAADIMISRASV MUURIKKA SILAVA&#8221; &#8212; Espak E-pood\" src=\"https:\/\/espak.ee\/epood\/toode\/praadimisrasv-silava\/embed\/#?secret=T6Kk58emLD\" data-secret=\"T6Kk58emLD\" width=\"600\" height=\"338\" frameborder=\"0\" marginwidth=\"0\" marginheight=\"0\" scrolling=\"no\"><\/iframe><br \/>\nPuhastamine: https:\/\/youtu.be\/K-oxXrdY74U<br \/>\nSoolaga puhastamine: https:\/\/youtu.be\/s19t9R-Y_LA <\/p>\n\t<div id=\"gap-2051870795\" class=\"gap-element clearfix\" style=\"display:block; height:auto;\">\n\t\t\n<style>\n#gap-2051870795 {\n  padding-top: 30px;\n}\n<\/style>\n\t<\/div>\n\t\n\t\t<\/div>\n\t\t\t\t\t<\/div>\n\n\t\n\n\t<div id=\"col-892527998\" class=\"col medium-3 small-12 large-3\"  >\n\t\t\t\t<div class=\"col-inner\"  >\n\t\t\t\n\t\t\t\n\t<div id=\"gap-1317215568\" class=\"gap-element clearfix\" style=\"display:block; height:auto;\">\n\t\t\n<style>\n#gap-1317215568 {\n  padding-top: 30px;\n}\n<\/style>\n\t<\/div>\n\t\n<div class=\"is-divider divider clearfix\" ><\/div>\n<p><strong>\u00dcksikasjalikuma n\u00f5u saamiseks v\u00f5tke \u00fchendust:<br \/><\/strong>Espak AS<br \/>Viadukti 42<br \/>11313<br \/>Tallinn<br \/>+372 6 512333<\/p>\n<div class=\"is-divider divider clearfix\" ><\/div>\n\t\t<\/div>\n\t\t\t\t\t<\/div>\n\n\t\n<\/div>\n","protected":false},"excerpt":{"rendered":"","protected":false},"featured_media":34981,"comment_status":"closed","ping_status":"open","template":"","meta":[],"product_brand":[],"product_cat":[2789,2788,3254,2900],"product_tag":[],"class_list":{"0":"post-34924","1":"product","2":"type-product","3":"status-publish","4":"has-post-thumbnail","6":"product_cat-aiatarbed","7":"product_cat-aiatarbed-ja-kodukaubad","8":"product_cat-gaasigrillid","9":"product_cat-grillid","10":"pa_kaubamark-opa-muurikka-oy","12":"first","13":"outofstock","14":"sale","15":"taxable","16":"shipping-taxable","17":"purchasable","18":"product-type-simple"},"yoast_head":"<!-- This site is optimized with the Yoast SEO plugin v26.9 - https:\/\/yoast.com\/product\/yoast-seo-wordpress\/ -->\n<title>WOKPANN MUURIKKA 9L KAITSEKOTIS - Espak E-pood<\/title>\n<meta name=\"robots\" content=\"index, follow, max-snippet:-1, max-image-preview:large, max-video-preview:-1\" \/>\n<link rel=\"canonical\" href=\"https:\/\/espak.ee\/epood\/toode\/wokpann-9l\/\" \/>\n<meta property=\"og:locale\" content=\"et_EE\" \/>\n<meta property=\"og:type\" content=\"article\" \/>\n<meta property=\"og:title\" content=\"WOKPANN MUURIKKA 9L KAITSEKOTIS - Espak E-pood\" \/>\n<meta property=\"og:url\" content=\"https:\/\/espak.ee\/epood\/toode\/wokpann-9l\/\" \/>\n<meta property=\"og:site_name\" content=\"Espak E-pood\" \/>\n<meta property=\"article:modified_time\" content=\"2024-03-22T20:51:33+00:00\" \/>\n<meta property=\"og:image\" content=\"https:\/\/espak.ee\/epood\/wp-content\/uploads\/WOKPANN-9L.jpg\" \/>\n\t<meta property=\"og:image:width\" content=\"1024\" \/>\n\t<meta property=\"og:image:height\" content=\"1024\" \/>\n\t<meta property=\"og:image:type\" content=\"image\/jpeg\" \/>\n<meta name=\"twitter:card\" content=\"summary_large_image\" \/>\n<meta name=\"twitter:label1\" content=\"Est. reading time\" \/>\n\t<meta name=\"twitter:data1\" content=\"1 minut\" \/>\n<script type=\"application\/ld+json\" class=\"yoast-schema-graph\">{\"@context\":\"https:\/\/schema.org\",\"@graph\":[{\"@type\":\"WebPage\",\"@id\":\"https:\/\/espak.ee\/epood\/toode\/wokpann-9l\/\",\"url\":\"https:\/\/espak.ee\/epood\/toode\/wokpann-9l\/\",\"name\":\"WOKPANN MUURIKKA 9L KAITSEKOTIS - Espak E-pood\",\"isPartOf\":{\"@id\":\"https:\/\/espak.ee\/epood\/#website\"},\"primaryImageOfPage\":{\"@id\":\"https:\/\/espak.ee\/epood\/toode\/wokpann-9l\/#primaryimage\"},\"image\":{\"@id\":\"https:\/\/espak.ee\/epood\/toode\/wokpann-9l\/#primaryimage\"},\"thumbnailUrl\":\"https:\/\/espak.ee\/epood\/wp-content\/uploads\/WOKPANN-9L.jpg\",\"datePublished\":\"2020-07-21T03:31:30+00:00\",\"dateModified\":\"2024-03-22T20:51:33+00:00\",\"breadcrumb\":{\"@id\":\"https:\/\/espak.ee\/epood\/toode\/wokpann-9l\/#breadcrumb\"},\"inLanguage\":\"et\",\"potentialAction\":[{\"@type\":\"ReadAction\",\"target\":[\"https:\/\/espak.ee\/epood\/toode\/wokpann-9l\/\"]}]},{\"@type\":\"ImageObject\",\"inLanguage\":\"et\",\"@id\":\"https:\/\/espak.ee\/epood\/toode\/wokpann-9l\/#primaryimage\",\"url\":\"https:\/\/espak.ee\/epood\/wp-content\/uploads\/WOKPANN-9L.jpg\",\"contentUrl\":\"https:\/\/espak.ee\/epood\/wp-content\/uploads\/WOKPANN-9L.jpg\",\"width\":1024,\"height\":1024},{\"@type\":\"BreadcrumbList\",\"@id\":\"https:\/\/espak.ee\/epood\/toode\/wokpann-9l\/#breadcrumb\",\"itemListElement\":[{\"@type\":\"ListItem\",\"position\":1,\"name\":\"Home\",\"item\":\"https:\/\/espak.ee\/epood\/\"},{\"@type\":\"ListItem\",\"position\":2,\"name\":\"Tootevalik\",\"item\":\"https:\/\/espak.ee\/epood\/tootevalik\/\"},{\"@type\":\"ListItem\",\"position\":3,\"name\":\"WOKPANN MUURIKKA 9L KAITSEKOTIS\"}]},{\"@type\":\"WebSite\",\"@id\":\"https:\/\/espak.ee\/epood\/#website\",\"url\":\"https:\/\/espak.ee\/epood\/\",\"name\":\"Espak E-pood\",\"description\":\"\",\"potentialAction\":[{\"@type\":\"SearchAction\",\"target\":{\"@type\":\"EntryPoint\",\"urlTemplate\":\"https:\/\/espak.ee\/epood\/?s={search_term_string}\"},\"query-input\":{\"@type\":\"PropertyValueSpecification\",\"valueRequired\":true,\"valueName\":\"search_term_string\"}}],\"inLanguage\":\"et\"}]}<\/script>\n<!-- \/ Yoast SEO plugin. -->","yoast_head_json":{"title":"WOKPANN MUURIKKA 9L KAITSEKOTIS - Espak E-pood","robots":{"index":"index","follow":"follow","max-snippet":"max-snippet:-1","max-image-preview":"max-image-preview:large","max-video-preview":"max-video-preview:-1"},"canonical":"https:\/\/espak.ee\/epood\/toode\/wokpann-9l\/","og_locale":"et_EE","og_type":"article","og_title":"WOKPANN MUURIKKA 9L KAITSEKOTIS - Espak E-pood","og_url":"https:\/\/espak.ee\/epood\/toode\/wokpann-9l\/","og_site_name":"Espak E-pood","article_modified_time":"2024-03-22T20:51:33+00:00","og_image":[{"width":1024,"height":1024,"url":"https:\/\/espak.ee\/epood\/wp-content\/uploads\/WOKPANN-9L.jpg","type":"image\/jpeg"}],"twitter_card":"summary_large_image","twitter_misc":{"Est. reading time":"1 minut"},"schema":{"@context":"https:\/\/schema.org","@graph":[{"@type":"WebPage","@id":"https:\/\/espak.ee\/epood\/toode\/wokpann-9l\/","url":"https:\/\/espak.ee\/epood\/toode\/wokpann-9l\/","name":"WOKPANN MUURIKKA 9L KAITSEKOTIS - Espak E-pood","isPartOf":{"@id":"https:\/\/espak.ee\/epood\/#website"},"primaryImageOfPage":{"@id":"https:\/\/espak.ee\/epood\/toode\/wokpann-9l\/#primaryimage"},"image":{"@id":"https:\/\/espak.ee\/epood\/toode\/wokpann-9l\/#primaryimage"},"thumbnailUrl":"https:\/\/espak.ee\/epood\/wp-content\/uploads\/WOKPANN-9L.jpg","datePublished":"2020-07-21T03:31:30+00:00","dateModified":"2024-03-22T20:51:33+00:00","breadcrumb":{"@id":"https:\/\/espak.ee\/epood\/toode\/wokpann-9l\/#breadcrumb"},"inLanguage":"et","potentialAction":[{"@type":"ReadAction","target":["https:\/\/espak.ee\/epood\/toode\/wokpann-9l\/"]}]},{"@type":"ImageObject","inLanguage":"et","@id":"https:\/\/espak.ee\/epood\/toode\/wokpann-9l\/#primaryimage","url":"https:\/\/espak.ee\/epood\/wp-content\/uploads\/WOKPANN-9L.jpg","contentUrl":"https:\/\/espak.ee\/epood\/wp-content\/uploads\/WOKPANN-9L.jpg","width":1024,"height":1024},{"@type":"BreadcrumbList","@id":"https:\/\/espak.ee\/epood\/toode\/wokpann-9l\/#breadcrumb","itemListElement":[{"@type":"ListItem","position":1,"name":"Home","item":"https:\/\/espak.ee\/epood\/"},{"@type":"ListItem","position":2,"name":"Tootevalik","item":"https:\/\/espak.ee\/epood\/tootevalik\/"},{"@type":"ListItem","position":3,"name":"WOKPANN MUURIKKA 9L KAITSEKOTIS"}]},{"@type":"WebSite","@id":"https:\/\/espak.ee\/epood\/#website","url":"https:\/\/espak.ee\/epood\/","name":"Espak E-pood","description":"","potentialAction":[{"@type":"SearchAction","target":{"@type":"EntryPoint","urlTemplate":"https:\/\/espak.ee\/epood\/?s={search_term_string}"},"query-input":{"@type":"PropertyValueSpecification","valueRequired":true,"valueName":"search_term_string"}}],"inLanguage":"et"}]}},"_links":{"self":[{"href":"https:\/\/espak.ee\/epood\/wp-json\/wp\/v2\/product\/34924","targetHints":{"allow":["GET"]}}],"collection":[{"href":"https:\/\/espak.ee\/epood\/wp-json\/wp\/v2\/product"}],"about":[{"href":"https:\/\/espak.ee\/epood\/wp-json\/wp\/v2\/types\/product"}],"replies":[{"embeddable":true,"href":"https:\/\/espak.ee\/epood\/wp-json\/wp\/v2\/comments?post=34924"}],"wp:featuredmedia":[{"embeddable":true,"href":"https:\/\/espak.ee\/epood\/wp-json\/wp\/v2\/media\/34981"}],"wp:attachment":[{"href":"https:\/\/espak.ee\/epood\/wp-json\/wp\/v2\/media?parent=34924"}],"wp:term":[{"taxonomy":"product_brand","embeddable":true,"href":"https:\/\/espak.ee\/epood\/wp-json\/wp\/v2\/product_brand?post=34924"},{"taxonomy":"product_cat","embeddable":true,"href":"https:\/\/espak.ee\/epood\/wp-json\/wp\/v2\/product_cat?post=34924"},{"taxonomy":"product_tag","embeddable":true,"href":"https:\/\/espak.ee\/epood\/wp-json\/wp\/v2\/product_tag?post=34924"}],"curies":[{"name":"wp","href":"https:\/\/api.w.org\/{rel}","templated":true}]}}