{"id":34741,"date":"2020-07-14T06:31:19","date_gmt":"2020-07-14T03:31:19","guid":{"rendered":"https:\/\/espak.ee\/hinnakiri\/?post_type=product&#038;p=34741"},"modified":"2025-12-11T20:11:31","modified_gmt":"2025-12-11T18:11:31","slug":"nurgasaag-einhell-tc-ms-216","status":"publish","type":"product","link":"https:\/\/espak.ee\/epood\/toode\/nurgasaag-einhell-tc-ms-216\/","title":{"rendered":"NURGASAAG EINHELL TC-MS 216"},"content":{"rendered":"<div class=\"row\"  id=\"row-804530644\">\n\n\t<div id=\"col-363660398\" class=\"col medium-9 small-12 large-9\"  >\n\t\t\t\t<div class=\"col-inner\"  >\n\t\t\t\n\t\t\t\n<div class=\"message-box relative\" style=\"padding-top:15px;padding-bottom:15px;\"><div class=\"message-box-bg-image bg-fill fill\" ><\/div><div class=\"message-box-bg-overlay bg-fill fill\" ><\/div><div class=\"container relative\"><div class=\"inner last-reset\">\n<div class=\"row align-middle align-center\"  id=\"row-432051175\">\n\n\t<div id=\"col-689264983\" class=\"col small-12 large-12\"  >\n\t\t\t\t<div class=\"col-inner text-left\"  >\n\t\t\t\n\t\t\t\n<h4>Omadused<\/h4>\n<div class=\"row\"  id=\"row-335487734\">\n\n\t<div id=\"col-15161401\" class=\"col medium-6 small-12 large-6\"  >\n\t\t\t\t<div class=\"col-inner\"  >\n\t\t\t\n\t\t\t\n<p><i class=\"far fa-check-circle fa-2x\"><\/i><strong>\u00a0Kvaliteetne HW saeketas laitmatuteks l\u00f5ikusteks <\/strong><\/p>\n<p><i class=\"far fa-check-circle fa-2x\"><\/i><strong> P\u00f6\u00f6rdlaud t\u00e4pse lukustusega tavalisemates nurgaasendites\u00a0<\/strong><\/p>\n<p><i class=\"far fa-check-circle fa-2x\"><\/i><strong> Toorikutoed pikkade toorikute jaoks m\u00f5lemal k\u00fcljel <\/strong><\/p>\n<p><i class=\"far fa-check-circle fa-2x\"><\/i><strong> Spindlilukusti saeketta h\u00f5lpsaks ja kiireks vahetamiseks\u00a0<\/strong><\/p>\n<p><i class=\"far fa-check-circle fa-2x\"><\/i><strong> H\u00e4stiloetavad kraadiskaalad kald- ja nurkl\u00f5ikuste tegemiseks\u00a0<\/strong><\/p>\n\t\t<\/div>\n\t\t\t\t\n<style>\n#col-15161401 > .col-inner {\n  margin: 0px 0px 15px 0px;\n}\n<\/style>\n\t<\/div>\n\n\t\n\n\t<div id=\"col-914842929\" class=\"col medium-6 small-12 large-6\"  >\n\t\t\t\t<div class=\"col-inner\"  >\n\t\t\t\n\t\t\t\n<p><i class=\"far fa-check-circle fa-2x\"><\/i><strong> Kerge ja j\u00e4ik valualumiiniumist tehtud t\u00f6\u00f6laud <\/strong><\/p>\n<p><i class=\"far fa-check-circle fa-2x\"><\/i><strong> Saagimispea on sujuvalt kuni 45\u00b0 vasakule kallutatav\u00a0<\/strong><\/p>\n<p><i class=\"far fa-check-circle fa-2x\"><\/i><strong> Kinnitusrakis tooriku kindlalt paigal hoidmiseks\u00a0<\/strong><\/p>\n<p><i class=\"far fa-check-circle fa-2x\"><\/i><strong> Kaasas saepuru kogumiskott\u00a0<\/strong><\/p>\n\t\t<\/div>\n\t\t\t\t\n<style>\n#col-914842929 > .col-inner {\n  margin: 0px 0px 15px 0px;\n}\n<\/style>\n\t<\/div>\n\n\t\n<\/div>\n\t\t<\/div>\n\t\t\t\t\t<\/div>\n\n\t\n<\/div>\n<\/div><\/div><\/div>\n\t<div id=\"gap-393658586\" class=\"gap-element clearfix\" style=\"display:block; height:auto;\">\n\t\t\n<style>\n#gap-393658586 {\n  padding-top: 30px;\n}\n<\/style>\n\t<\/div>\n\t\n<h2>Tootekirjeldus<\/h2>\n<p> Profikvaliteediga karbiidsaelehega nurgasaag TC-MS 216 on h\u00f5lpsalt kasutatav v\u00e4iksemate t\u00f6\u00f6de tegemiseks, n\u00e4iteks puidust, lamineeritud tahvlitest ja plastist valmistatud toorikute rist- ja kaldl\u00f5ikamiseks. Valualumiiniumist valmistatud kvaliteetsel t\u00f6\u00f6laual on t\u00e4pne nurga seadistamise v\u00f5imalus, mida saab \u00fche k\u00e4ega erinevates asendites lukustada. T\u00f6\u00f6laua siseosal on selge skaala tooriku laiuse h\u00f5lpsaks lugemiseks t\u00f6\u00f6asendist. Kui tooriku m\u00f5lemal k\u00fcljel olevad toed ja usaldusv\u00e4\u00e4rne kinnitusseade tagavad t\u00e4pse t\u00f6\u00f6, siis l\u00f5ikes\u00fcgavuse piirik v\u00f5imaldab teha h\u00f5lpsalt isegi keerulisemaid t\u00f6id. \u00c4rikvaliteediga karbiidhammastega saeketas v\u00f5imaldab l\u00f5igata \u00fcle 200 m puitlaastplaati ja seda on t\u00e4nu spindlilukustile lihtne vahetada. Saepuru kogumiskott hoiab t\u00f6\u00f6koha puhtana ja hoiuklamber tagab h\u00f5lpsa ja ohutu teisalduse. <\/p>\n\t<div id=\"gap-15806315\" class=\"gap-element clearfix\" style=\"display:block; height:auto;\">\n\t\t\n<style>\n#gap-15806315 {\n  padding-top: 30px;\n}\n<\/style>\n\t<\/div>\n\t\n\t\t<\/div>\n\t\t\t\t\t<\/div>\n\n\t\n\n\t<div id=\"col-1793631695\" class=\"col medium-3 small-12 large-3\"  >\n\t\t\t\t<div class=\"col-inner\"  >\n\t\t\t\n\t\t\t\n\t<div id=\"gap-1887347881\" class=\"gap-element clearfix\" style=\"display:block; height:auto;\">\n\t\t\n<style>\n#gap-1887347881 {\n  padding-top: 30px;\n}\n<\/style>\n\t<\/div>\n\t\n<h3>Kasutusjuhend<\/h3>\n<p><a href=\"https:\/\/espak.ee\/epood\/wp-content\/uploads\/Nurgasaag-Einhell-TC-MS-216-4300370.pdf\" target=\"_blank\" rel=\"noopener noreferrer\"><i class=\"far fa-file-pdf\"><\/i> Kasutusjuhend (PDF)<\/a><\/p>\n<div class=\"is-divider divider clearfix\" ><\/div>\n<p><strong>\u00dcksikasjalikuma n\u00f5u saamiseks v\u00f5tke \u00fchendust:<br \/><\/strong>Espak AS<br \/>Viadukti 42<br \/>11313<br \/>Tallinn<br \/>+372 6 512333<\/p>\n\t\t<\/div>\n\t\t\t\t\t<\/div>\n\n\t\n<\/div>\n","protected":false},"excerpt":{"rendered":"","protected":false},"featured_media":58256,"comment_status":"closed","ping_status":"closed","template":"","meta":[],"product_brand":[],"product_cat":[2680,3041,2681,2679],"product_tag":[],"class_list":{"0":"post-34741","1":"product","2":"type-product","3":"status-publish","4":"has-post-thumbnail","6":"product_cat-elektritooriistad","7":"product_cat-jarkamis-ja-nurgasaed","8":"product_cat-masinad-ja-seadmed","9":"product_cat-tooriistad","10":"pa_kaubamark-einhell","12":"first","13":"instock","14":"sale","15":"taxable","16":"shipping-taxable","17":"purchasable","18":"product-type-simple"},"yoast_head":"<!-- This site is optimized with the Yoast SEO plugin v26.9 - https:\/\/yoast.com\/product\/yoast-seo-wordpress\/ -->\n<title>NURGASAAG EINHELL TC-MS 216 - Espak E-pood<\/title>\n<meta name=\"robots\" content=\"index, follow, max-snippet:-1, max-image-preview:large, max-video-preview:-1\" \/>\n<link rel=\"canonical\" href=\"https:\/\/espak.ee\/epood\/toode\/nurgasaag-einhell-tc-ms-216\/\" \/>\n<meta property=\"og:locale\" content=\"et_EE\" \/>\n<meta property=\"og:type\" content=\"article\" \/>\n<meta property=\"og:title\" content=\"NURGASAAG EINHELL TC-MS 216 - Espak E-pood\" \/>\n<meta property=\"og:url\" content=\"https:\/\/espak.ee\/epood\/toode\/nurgasaag-einhell-tc-ms-216\/\" \/>\n<meta property=\"og:site_name\" content=\"Espak E-pood\" \/>\n<meta property=\"article:modified_time\" content=\"2025-12-11T18:11:31+00:00\" \/>\n<meta property=\"og:image\" content=\"https:\/\/espak.ee\/epood\/wp-content\/uploads\/4300370_11018_001_TC_MS_216_RAL3002_Pic-1024x917.jpg\" \/>\n\t<meta property=\"og:image:width\" content=\"1024\" \/>\n\t<meta property=\"og:image:height\" content=\"917\" \/>\n\t<meta property=\"og:image:type\" content=\"image\/jpeg\" \/>\n<meta name=\"twitter:card\" content=\"summary_large_image\" \/>\n<meta name=\"twitter:label1\" content=\"Est. reading time\" \/>\n\t<meta name=\"twitter:data1\" content=\"1 minut\" \/>\n<script type=\"application\/ld+json\" class=\"yoast-schema-graph\">{\"@context\":\"https:\/\/schema.org\",\"@graph\":[{\"@type\":\"WebPage\",\"@id\":\"https:\/\/espak.ee\/epood\/toode\/nurgasaag-einhell-tc-ms-216\/\",\"url\":\"https:\/\/espak.ee\/epood\/toode\/nurgasaag-einhell-tc-ms-216\/\",\"name\":\"NURGASAAG EINHELL TC-MS 216 - Espak E-pood\",\"isPartOf\":{\"@id\":\"https:\/\/espak.ee\/epood\/#website\"},\"primaryImageOfPage\":{\"@id\":\"https:\/\/espak.ee\/epood\/toode\/nurgasaag-einhell-tc-ms-216\/#primaryimage\"},\"image\":{\"@id\":\"https:\/\/espak.ee\/epood\/toode\/nurgasaag-einhell-tc-ms-216\/#primaryimage\"},\"thumbnailUrl\":\"https:\/\/espak.ee\/epood\/wp-content\/uploads\/4300370_11018_001_TC_MS_216_RAL3002_Pic.jpg\",\"datePublished\":\"2020-07-14T03:31:19+00:00\",\"dateModified\":\"2025-12-11T18:11:31+00:00\",\"breadcrumb\":{\"@id\":\"https:\/\/espak.ee\/epood\/toode\/nurgasaag-einhell-tc-ms-216\/#breadcrumb\"},\"inLanguage\":\"et\",\"potentialAction\":[{\"@type\":\"ReadAction\",\"target\":[\"https:\/\/espak.ee\/epood\/toode\/nurgasaag-einhell-tc-ms-216\/\"]}]},{\"@type\":\"ImageObject\",\"inLanguage\":\"et\",\"@id\":\"https:\/\/espak.ee\/epood\/toode\/nurgasaag-einhell-tc-ms-216\/#primaryimage\",\"url\":\"https:\/\/espak.ee\/epood\/wp-content\/uploads\/4300370_11018_001_TC_MS_216_RAL3002_Pic.jpg\",\"contentUrl\":\"https:\/\/espak.ee\/epood\/wp-content\/uploads\/4300370_11018_001_TC_MS_216_RAL3002_Pic.jpg\",\"width\":1772,\"height\":1586},{\"@type\":\"BreadcrumbList\",\"@id\":\"https:\/\/espak.ee\/epood\/toode\/nurgasaag-einhell-tc-ms-216\/#breadcrumb\",\"itemListElement\":[{\"@type\":\"ListItem\",\"position\":1,\"name\":\"Home\",\"item\":\"https:\/\/espak.ee\/epood\/\"},{\"@type\":\"ListItem\",\"position\":2,\"name\":\"Tootevalik\",\"item\":\"https:\/\/espak.ee\/epood\/tootevalik\/\"},{\"@type\":\"ListItem\",\"position\":3,\"name\":\"NURGASAAG EINHELL TC-MS 216\"}]},{\"@type\":\"WebSite\",\"@id\":\"https:\/\/espak.ee\/epood\/#website\",\"url\":\"https:\/\/espak.ee\/epood\/\",\"name\":\"Espak E-pood\",\"description\":\"\",\"potentialAction\":[{\"@type\":\"SearchAction\",\"target\":{\"@type\":\"EntryPoint\",\"urlTemplate\":\"https:\/\/espak.ee\/epood\/?s={search_term_string}\"},\"query-input\":{\"@type\":\"PropertyValueSpecification\",\"valueRequired\":true,\"valueName\":\"search_term_string\"}}],\"inLanguage\":\"et\"}]}<\/script>\n<!-- \/ Yoast SEO plugin. -->","yoast_head_json":{"title":"NURGASAAG EINHELL TC-MS 216 - Espak E-pood","robots":{"index":"index","follow":"follow","max-snippet":"max-snippet:-1","max-image-preview":"max-image-preview:large","max-video-preview":"max-video-preview:-1"},"canonical":"https:\/\/espak.ee\/epood\/toode\/nurgasaag-einhell-tc-ms-216\/","og_locale":"et_EE","og_type":"article","og_title":"NURGASAAG EINHELL TC-MS 216 - Espak E-pood","og_url":"https:\/\/espak.ee\/epood\/toode\/nurgasaag-einhell-tc-ms-216\/","og_site_name":"Espak E-pood","article_modified_time":"2025-12-11T18:11:31+00:00","og_image":[{"width":1024,"height":917,"url":"https:\/\/espak.ee\/epood\/wp-content\/uploads\/4300370_11018_001_TC_MS_216_RAL3002_Pic-1024x917.jpg","type":"image\/jpeg"}],"twitter_card":"summary_large_image","twitter_misc":{"Est. reading time":"1 minut"},"schema":{"@context":"https:\/\/schema.org","@graph":[{"@type":"WebPage","@id":"https:\/\/espak.ee\/epood\/toode\/nurgasaag-einhell-tc-ms-216\/","url":"https:\/\/espak.ee\/epood\/toode\/nurgasaag-einhell-tc-ms-216\/","name":"NURGASAAG EINHELL TC-MS 216 - Espak E-pood","isPartOf":{"@id":"https:\/\/espak.ee\/epood\/#website"},"primaryImageOfPage":{"@id":"https:\/\/espak.ee\/epood\/toode\/nurgasaag-einhell-tc-ms-216\/#primaryimage"},"image":{"@id":"https:\/\/espak.ee\/epood\/toode\/nurgasaag-einhell-tc-ms-216\/#primaryimage"},"thumbnailUrl":"https:\/\/espak.ee\/epood\/wp-content\/uploads\/4300370_11018_001_TC_MS_216_RAL3002_Pic.jpg","datePublished":"2020-07-14T03:31:19+00:00","dateModified":"2025-12-11T18:11:31+00:00","breadcrumb":{"@id":"https:\/\/espak.ee\/epood\/toode\/nurgasaag-einhell-tc-ms-216\/#breadcrumb"},"inLanguage":"et","potentialAction":[{"@type":"ReadAction","target":["https:\/\/espak.ee\/epood\/toode\/nurgasaag-einhell-tc-ms-216\/"]}]},{"@type":"ImageObject","inLanguage":"et","@id":"https:\/\/espak.ee\/epood\/toode\/nurgasaag-einhell-tc-ms-216\/#primaryimage","url":"https:\/\/espak.ee\/epood\/wp-content\/uploads\/4300370_11018_001_TC_MS_216_RAL3002_Pic.jpg","contentUrl":"https:\/\/espak.ee\/epood\/wp-content\/uploads\/4300370_11018_001_TC_MS_216_RAL3002_Pic.jpg","width":1772,"height":1586},{"@type":"BreadcrumbList","@id":"https:\/\/espak.ee\/epood\/toode\/nurgasaag-einhell-tc-ms-216\/#breadcrumb","itemListElement":[{"@type":"ListItem","position":1,"name":"Home","item":"https:\/\/espak.ee\/epood\/"},{"@type":"ListItem","position":2,"name":"Tootevalik","item":"https:\/\/espak.ee\/epood\/tootevalik\/"},{"@type":"ListItem","position":3,"name":"NURGASAAG EINHELL TC-MS 216"}]},{"@type":"WebSite","@id":"https:\/\/espak.ee\/epood\/#website","url":"https:\/\/espak.ee\/epood\/","name":"Espak E-pood","description":"","potentialAction":[{"@type":"SearchAction","target":{"@type":"EntryPoint","urlTemplate":"https:\/\/espak.ee\/epood\/?s={search_term_string}"},"query-input":{"@type":"PropertyValueSpecification","valueRequired":true,"valueName":"search_term_string"}}],"inLanguage":"et"}]}},"_links":{"self":[{"href":"https:\/\/espak.ee\/epood\/wp-json\/wp\/v2\/product\/34741","targetHints":{"allow":["GET"]}}],"collection":[{"href":"https:\/\/espak.ee\/epood\/wp-json\/wp\/v2\/product"}],"about":[{"href":"https:\/\/espak.ee\/epood\/wp-json\/wp\/v2\/types\/product"}],"replies":[{"embeddable":true,"href":"https:\/\/espak.ee\/epood\/wp-json\/wp\/v2\/comments?post=34741"}],"wp:featuredmedia":[{"embeddable":true,"href":"https:\/\/espak.ee\/epood\/wp-json\/wp\/v2\/media\/58256"}],"wp:attachment":[{"href":"https:\/\/espak.ee\/epood\/wp-json\/wp\/v2\/media?parent=34741"}],"wp:term":[{"taxonomy":"product_brand","embeddable":true,"href":"https:\/\/espak.ee\/epood\/wp-json\/wp\/v2\/product_brand?post=34741"},{"taxonomy":"product_cat","embeddable":true,"href":"https:\/\/espak.ee\/epood\/wp-json\/wp\/v2\/product_cat?post=34741"},{"taxonomy":"product_tag","embeddable":true,"href":"https:\/\/espak.ee\/epood\/wp-json\/wp\/v2\/product_tag?post=34741"}],"curies":[{"name":"wp","href":"https:\/\/api.w.org\/{rel}","templated":true}]}}