{"id":33332,"date":"2020-06-17T06:15:20","date_gmt":"2020-06-17T03:15:20","guid":{"rendered":"https:\/\/espak.ee\/hinnakiri\/?post_type=product&#038;p=33332"},"modified":"2024-03-22T22:54:48","modified_gmt":"2024-03-22T20:54:48","slug":"impulssnaeluti-paslode-im100ci","status":"publish","type":"product","link":"https:\/\/espak.ee\/epood\/toode\/impulssnaeluti-paslode-im100ci\/","title":{"rendered":"IMPULSSNAELUTI PASLODE IM100Ci"},"content":{"rendered":"<p>Paslode naelutid on oma klassi t\u00f5husaimad, kuna omab \u00fcle 50 aasta kogemust. IM100CI on v\u00f5imeline laskma kuni 100 mm kammnaelu n\u00f5uetele vastavasse ehituspuitu. IM100CI on loodud ennek\u00f5ike P\u00f5hjamaade k\u00fclmasid olusid arvestades ning nende ainulaadne s\u00fcsteem reguleerib gaasi kogust vastavalt \u00fcmbritsevale keskkonnale. Lai t\u00f6\u00f6temperatuur \u201315 \u00b0C kuni 40 \u00b0C. K\u00f5ikide Paslode liitiumakuga naelap\u00fcstolite akud ja akulaadurid \u00fchilduvad omavahel.<\/p>\n<h3>Tehnilised andmed:<\/h3>\n<p>L\u00f6\u00f6gij\u00f5ud: 105 J&#13;<br \/>\nNaela pikkus: 63 &#8211; 100 mm &#13;<br \/>\nStandardsalv: 47 naela&#13;<br \/>\nPikk salv: 85 naela&#13;<br \/>\nGaasikogus: 1250 naela (\u20135 \u00b0C)&#13;<br \/>\nAku maht, max: 7500 naela\/laadimine&#13;<br \/>\nMass: 3,8 kg<\/p>\n","protected":false},"excerpt":{"rendered":"<p>Paslode naelutid on oma klassi t\u00f5husaimad, kuna omab \u00fcle 50 aasta kogemust. IM100CI on v\u00f5imeline laskma kuni 100 mm kammnaelu n\u00f5uetele vastavasse ehituspuitu. IM100CI on loodud ennek\u00f5ike P\u00f5hjamaade k\u00fclmasid olusid arvestades ning nende ainulaadne s\u00fcsteem reguleerib gaasi kogust vastavalt \u00fcmbritsevale keskkonnale. Lai t\u00f6\u00f6temperatuur \u201315 \u00b0C kuni 40 \u00b0C. K\u00f5ikide Paslode liitiumakuga naelap\u00fcstolite akud ja akulaadurid [&#8230;]\n","protected":false},"featured_media":37254,"comment_status":"closed","ping_status":"open","template":"","meta":[],"product_brand":[],"product_cat":[2742,2733,2680,2679],"product_tag":[],"class_list":{"0":"post-33332","1":"product","2":"type-product","3":"status-publish","4":"has-post-thumbnail","6":"product_cat-akunaelapustolid","7":"product_cat-akutooriistad","8":"product_cat-elektritooriistad","9":"product_cat-tooriistad","10":"pa_kaubamark-paslode","12":"first","13":"outofstock","14":"sale","15":"taxable","16":"shipping-taxable","17":"purchasable","18":"product-type-simple"},"yoast_head":"<!-- This site is optimized with the Yoast SEO plugin v26.9 - https:\/\/yoast.com\/product\/yoast-seo-wordpress\/ -->\n<title>IMPULSSNAELUTI PASLODE IM100Ci - Espak E-pood<\/title>\n<meta name=\"robots\" content=\"index, follow, max-snippet:-1, max-image-preview:large, max-video-preview:-1\" \/>\n<link rel=\"canonical\" href=\"https:\/\/espak.ee\/epood\/toode\/impulssnaeluti-paslode-im100ci\/\" \/>\n<meta property=\"og:locale\" content=\"et_EE\" \/>\n<meta property=\"og:type\" content=\"article\" \/>\n<meta property=\"og:title\" content=\"IMPULSSNAELUTI PASLODE IM100Ci - Espak E-pood\" \/>\n<meta property=\"og:description\" content=\"Paslode naelutid on oma klassi t\u00f5husaimad, kuna omab \u00fcle 50 aasta kogemust. IM100CI on v\u00f5imeline laskma kuni 100 mm kammnaelu n\u00f5uetele vastavasse ehituspuitu. IM100CI on loodud ennek\u00f5ike P\u00f5hjamaade k\u00fclmasid olusid arvestades ning nende ainulaadne s\u00fcsteem reguleerib gaasi kogust vastavalt \u00fcmbritsevale keskkonnale. Lai t\u00f6\u00f6temperatuur \u201315 \u00b0C kuni 40 \u00b0C. K\u00f5ikide Paslode liitiumakuga naelap\u00fcstolite akud ja akulaadurid [...]\" \/>\n<meta property=\"og:url\" content=\"https:\/\/espak.ee\/epood\/toode\/impulssnaeluti-paslode-im100ci\/\" \/>\n<meta property=\"og:site_name\" content=\"Espak E-pood\" \/>\n<meta property=\"article:modified_time\" content=\"2024-03-22T20:54:48+00:00\" \/>\n<meta property=\"og:image\" content=\"https:\/\/espak.ee\/epood\/wp-content\/uploads\/014185-ITW.jpg\" \/>\n\t<meta property=\"og:image:width\" content=\"2000\" \/>\n\t<meta property=\"og:image:height\" content=\"1500\" \/>\n\t<meta property=\"og:image:type\" content=\"image\/jpeg\" \/>\n<meta name=\"twitter:card\" content=\"summary_large_image\" \/>\n<script type=\"application\/ld+json\" class=\"yoast-schema-graph\">{\"@context\":\"https:\/\/schema.org\",\"@graph\":[{\"@type\":\"WebPage\",\"@id\":\"https:\/\/espak.ee\/epood\/toode\/impulssnaeluti-paslode-im100ci\/\",\"url\":\"https:\/\/espak.ee\/epood\/toode\/impulssnaeluti-paslode-im100ci\/\",\"name\":\"IMPULSSNAELUTI PASLODE IM100Ci - Espak E-pood\",\"isPartOf\":{\"@id\":\"https:\/\/espak.ee\/epood\/#website\"},\"primaryImageOfPage\":{\"@id\":\"https:\/\/espak.ee\/epood\/toode\/impulssnaeluti-paslode-im100ci\/#primaryimage\"},\"image\":{\"@id\":\"https:\/\/espak.ee\/epood\/toode\/impulssnaeluti-paslode-im100ci\/#primaryimage\"},\"thumbnailUrl\":\"https:\/\/espak.ee\/epood\/wp-content\/uploads\/014185-ITW.jpg\",\"datePublished\":\"2020-06-17T03:15:20+00:00\",\"dateModified\":\"2024-03-22T20:54:48+00:00\",\"breadcrumb\":{\"@id\":\"https:\/\/espak.ee\/epood\/toode\/impulssnaeluti-paslode-im100ci\/#breadcrumb\"},\"inLanguage\":\"et\",\"potentialAction\":[{\"@type\":\"ReadAction\",\"target\":[\"https:\/\/espak.ee\/epood\/toode\/impulssnaeluti-paslode-im100ci\/\"]}]},{\"@type\":\"ImageObject\",\"inLanguage\":\"et\",\"@id\":\"https:\/\/espak.ee\/epood\/toode\/impulssnaeluti-paslode-im100ci\/#primaryimage\",\"url\":\"https:\/\/espak.ee\/epood\/wp-content\/uploads\/014185-ITW.jpg\",\"contentUrl\":\"https:\/\/espak.ee\/epood\/wp-content\/uploads\/014185-ITW.jpg\",\"width\":2000,\"height\":1500},{\"@type\":\"BreadcrumbList\",\"@id\":\"https:\/\/espak.ee\/epood\/toode\/impulssnaeluti-paslode-im100ci\/#breadcrumb\",\"itemListElement\":[{\"@type\":\"ListItem\",\"position\":1,\"name\":\"Home\",\"item\":\"https:\/\/espak.ee\/epood\/\"},{\"@type\":\"ListItem\",\"position\":2,\"name\":\"Tootevalik\",\"item\":\"https:\/\/espak.ee\/epood\/tootevalik\/\"},{\"@type\":\"ListItem\",\"position\":3,\"name\":\"IMPULSSNAELUTI PASLODE IM100Ci\"}]},{\"@type\":\"WebSite\",\"@id\":\"https:\/\/espak.ee\/epood\/#website\",\"url\":\"https:\/\/espak.ee\/epood\/\",\"name\":\"Espak E-pood\",\"description\":\"\",\"potentialAction\":[{\"@type\":\"SearchAction\",\"target\":{\"@type\":\"EntryPoint\",\"urlTemplate\":\"https:\/\/espak.ee\/epood\/?s={search_term_string}\"},\"query-input\":{\"@type\":\"PropertyValueSpecification\",\"valueRequired\":true,\"valueName\":\"search_term_string\"}}],\"inLanguage\":\"et\"}]}<\/script>\n<!-- \/ Yoast SEO plugin. -->","yoast_head_json":{"title":"IMPULSSNAELUTI PASLODE IM100Ci - Espak E-pood","robots":{"index":"index","follow":"follow","max-snippet":"max-snippet:-1","max-image-preview":"max-image-preview:large","max-video-preview":"max-video-preview:-1"},"canonical":"https:\/\/espak.ee\/epood\/toode\/impulssnaeluti-paslode-im100ci\/","og_locale":"et_EE","og_type":"article","og_title":"IMPULSSNAELUTI PASLODE IM100Ci - Espak E-pood","og_description":"Paslode naelutid on oma klassi t\u00f5husaimad, kuna omab \u00fcle 50 aasta kogemust. IM100CI on v\u00f5imeline laskma kuni 100 mm kammnaelu n\u00f5uetele vastavasse ehituspuitu. IM100CI on loodud ennek\u00f5ike P\u00f5hjamaade k\u00fclmasid olusid arvestades ning nende ainulaadne s\u00fcsteem reguleerib gaasi kogust vastavalt \u00fcmbritsevale keskkonnale. Lai t\u00f6\u00f6temperatuur \u201315 \u00b0C kuni 40 \u00b0C. K\u00f5ikide Paslode liitiumakuga naelap\u00fcstolite akud ja akulaadurid [...]","og_url":"https:\/\/espak.ee\/epood\/toode\/impulssnaeluti-paslode-im100ci\/","og_site_name":"Espak E-pood","article_modified_time":"2024-03-22T20:54:48+00:00","og_image":[{"width":2000,"height":1500,"url":"https:\/\/espak.ee\/epood\/wp-content\/uploads\/014185-ITW.jpg","type":"image\/jpeg"}],"twitter_card":"summary_large_image","schema":{"@context":"https:\/\/schema.org","@graph":[{"@type":"WebPage","@id":"https:\/\/espak.ee\/epood\/toode\/impulssnaeluti-paslode-im100ci\/","url":"https:\/\/espak.ee\/epood\/toode\/impulssnaeluti-paslode-im100ci\/","name":"IMPULSSNAELUTI PASLODE IM100Ci - Espak E-pood","isPartOf":{"@id":"https:\/\/espak.ee\/epood\/#website"},"primaryImageOfPage":{"@id":"https:\/\/espak.ee\/epood\/toode\/impulssnaeluti-paslode-im100ci\/#primaryimage"},"image":{"@id":"https:\/\/espak.ee\/epood\/toode\/impulssnaeluti-paslode-im100ci\/#primaryimage"},"thumbnailUrl":"https:\/\/espak.ee\/epood\/wp-content\/uploads\/014185-ITW.jpg","datePublished":"2020-06-17T03:15:20+00:00","dateModified":"2024-03-22T20:54:48+00:00","breadcrumb":{"@id":"https:\/\/espak.ee\/epood\/toode\/impulssnaeluti-paslode-im100ci\/#breadcrumb"},"inLanguage":"et","potentialAction":[{"@type":"ReadAction","target":["https:\/\/espak.ee\/epood\/toode\/impulssnaeluti-paslode-im100ci\/"]}]},{"@type":"ImageObject","inLanguage":"et","@id":"https:\/\/espak.ee\/epood\/toode\/impulssnaeluti-paslode-im100ci\/#primaryimage","url":"https:\/\/espak.ee\/epood\/wp-content\/uploads\/014185-ITW.jpg","contentUrl":"https:\/\/espak.ee\/epood\/wp-content\/uploads\/014185-ITW.jpg","width":2000,"height":1500},{"@type":"BreadcrumbList","@id":"https:\/\/espak.ee\/epood\/toode\/impulssnaeluti-paslode-im100ci\/#breadcrumb","itemListElement":[{"@type":"ListItem","position":1,"name":"Home","item":"https:\/\/espak.ee\/epood\/"},{"@type":"ListItem","position":2,"name":"Tootevalik","item":"https:\/\/espak.ee\/epood\/tootevalik\/"},{"@type":"ListItem","position":3,"name":"IMPULSSNAELUTI PASLODE IM100Ci"}]},{"@type":"WebSite","@id":"https:\/\/espak.ee\/epood\/#website","url":"https:\/\/espak.ee\/epood\/","name":"Espak E-pood","description":"","potentialAction":[{"@type":"SearchAction","target":{"@type":"EntryPoint","urlTemplate":"https:\/\/espak.ee\/epood\/?s={search_term_string}"},"query-input":{"@type":"PropertyValueSpecification","valueRequired":true,"valueName":"search_term_string"}}],"inLanguage":"et"}]}},"_links":{"self":[{"href":"https:\/\/espak.ee\/epood\/wp-json\/wp\/v2\/product\/33332","targetHints":{"allow":["GET"]}}],"collection":[{"href":"https:\/\/espak.ee\/epood\/wp-json\/wp\/v2\/product"}],"about":[{"href":"https:\/\/espak.ee\/epood\/wp-json\/wp\/v2\/types\/product"}],"replies":[{"embeddable":true,"href":"https:\/\/espak.ee\/epood\/wp-json\/wp\/v2\/comments?post=33332"}],"wp:featuredmedia":[{"embeddable":true,"href":"https:\/\/espak.ee\/epood\/wp-json\/wp\/v2\/media\/37254"}],"wp:attachment":[{"href":"https:\/\/espak.ee\/epood\/wp-json\/wp\/v2\/media?parent=33332"}],"wp:term":[{"taxonomy":"product_brand","embeddable":true,"href":"https:\/\/espak.ee\/epood\/wp-json\/wp\/v2\/product_brand?post=33332"},{"taxonomy":"product_cat","embeddable":true,"href":"https:\/\/espak.ee\/epood\/wp-json\/wp\/v2\/product_cat?post=33332"},{"taxonomy":"product_tag","embeddable":true,"href":"https:\/\/espak.ee\/epood\/wp-json\/wp\/v2\/product_tag?post=33332"}],"curies":[{"name":"wp","href":"https:\/\/api.w.org\/{rel}","templated":true}]}}