{"id":32044,"date":"2020-06-03T06:10:38","date_gmt":"2020-06-03T03:10:38","guid":{"rendered":"https:\/\/espak.ee\/hinnakiri\/?post_type=product&#038;p=32044"},"modified":"2026-03-21T09:26:47","modified_gmt":"2026-03-21T07:26:47","slug":"kruntimis-ja-vedeldusvahend-sylitol-111-kontzentrat-10l","status":"publish","type":"product","link":"https:\/\/espak.ee\/epood\/toode\/kruntimis-ja-vedeldusvahend-sylitol-111-kontzentrat-10l\/","title":{"rendered":"KRUNTIMIS- JA VEDELDUSVAHEND SYLITOL 111 KONTZENTRAT 10L"},"content":{"rendered":"<div class=\"row\"  id=\"row-38708147\">\n\n\t<div id=\"col-159498264\" class=\"col medium-9 small-12 large-9\"  >\n\t\t\t\t<div class=\"col-inner\"  >\n\t\t\t\n\t\t\t\n<h2>Kruntimis- ja vedeldusvahend Sylitol 111 Konzentrat<\/h2>\n<p>Kruntimis- ja vedeldusvahend v\u00e4lis- ja siset\u00f6\u00f6deks.<\/p>\n<div class=\"message-box relative\" style=\"padding-top:15px;padding-bottom:15px;\"><div class=\"message-box-bg-image bg-fill fill\" ><\/div><div class=\"message-box-bg-overlay bg-fill fill\" ><\/div><div class=\"container relative\"><div class=\"inner last-reset\">\n<div class=\"row align-middle align-center\"  id=\"row-342390274\">\n\n\t<div id=\"col-2070925767\" class=\"col small-12 large-12\"  >\n\t\t\t\t<div class=\"col-inner text-left\"  >\n\t\t\t\n\t\t\t\n<h4>Omadused<\/h4>\n<div class=\"row\"  id=\"row-909992314\">\n\n\t<div id=\"col-109413031\" class=\"col medium-6 small-12 large-6\"  >\n\t\t\t\t<div class=\"col-inner\"  >\n\t\t\t\n\t\t\t\n<p><i class=\"fa fa-check fa-2x\"><\/i> <strong>Veega vedeldatav<\/strong><\/p>\n<p><i class=\"fa fa-check fa-2x\"><\/i> <strong>H\u00e4sti s\u00fcgavimbuv<\/strong><\/p>\n\t\t<\/div>\n\t\t\t\t\n<style>\n#col-109413031 > .col-inner {\n  margin: 0px 0px 15px 0px;\n}\n<\/style>\n\t<\/div>\n\n\t\n\n\t<div id=\"col-1044534516\" class=\"col medium-6 small-12 large-6\"  >\n\t\t\t\t<div class=\"col-inner\"  >\n\t\t\t\n\t\t\t\n<p><i class=\"fa fa-check fa-2x\"><\/i> <strong>Kontsentreeritud<\/strong><\/p>\n<p><i class=\"fa fa-check fa-2x\"><\/i> <strong>Lahustivaba<\/strong><\/p>\n\t\t<\/div>\n\t\t\t\t\n<style>\n#col-1044534516 > .col-inner {\n  margin: 0px 0px 15px 0px;\n}\n<\/style>\n\t<\/div>\n\n\t\n<\/div>\n\t\t<\/div>\n\t\t\t\t\t<\/div>\n\n\t\n<\/div>\n<\/div><\/div><\/div>\n\t<div id=\"gap-2046794579\" class=\"gap-element clearfix\" style=\"display:block; height:auto;\">\n\t\t\n<style>\n#gap-2046794579 {\n  padding-top: 30px;\n}\n<\/style>\n\t<\/div>\n\t\n<h3>Kasutamise \u00fcksikasjad<\/h3>\n<p><strong>Kasutusala:<\/strong> Mineraalsete aluspindade tugevdamiseks, tugeva v\u00f5i eba\u00fchtlase imavusega pindade \u00fchtlustamiseks ja Sylitol- fassaadiv\u00e4rvide, Sylitol- fassaadikrohvide, Sylitol- sisev\u00e4rvide ja toote Capatect-SI-Fassadenfinish vedeldamiseks. Ei sobi puhassilikaatv\u00e4rvidele. Tootega Sylitol- NQG kasutada toodet Sylitol- NQG Konzentrat.<\/p>\n<p><strong>Aluspind:<\/strong> Aluspind peab olema kandev, puhas ja kuiv, pinnal ei tohi olla nakkumist takistavaid aineid. J\u00e4rgida ehitusteenuste t\u00f6\u00f6v\u00f5tu m\u00e4\u00e4ruse (VOB) C osa, standardi DIN 18363 pt 3.<\/p>\n<p><strong>Ohutus:<\/strong> Hoida lastele k\u00e4ttesaamatus kohas. V\u00e4ltida v\u00e4rvipritsmete sattumist nahale ja silma. Silma ja nahale sattumisel pesta kohe veega. Vahendi pealekandmisel pihustamise teel v\u00e4ltida pihustusudu sissehingamist. Mitte valada kanalisatsiooni, veekogudesse ega maapinnale. T\u00e4psemad andmed: vt ohutuskaarti.<\/p>\n\t\t<\/div>\n\t\t\t\t\t<\/div>\n\n\t\n\n\t<div id=\"col-730419592\" class=\"col medium-3 small-12 large-3\"  >\n\t\t\t\t<div class=\"col-inner\"  >\n\t\t\t\n\t\t\t\n\t<div id=\"gap-920140100\" class=\"gap-element clearfix\" style=\"display:block; height:auto;\">\n\t\t\n<style>\n#gap-920140100 {\n  padding-top: 30px;\n}\n<\/style>\n\t<\/div>\n\t\n<h3>Tehniline informatsioon<\/h3>\n<p><a href=\"https:\/\/espak.ee\/epood\/wp-content\/uploads\/Kruntimis-ja-vedeldusvahend-Sylitol-111-Konzentrat-tooteleht.pdf\" target=\"_blank\" rel=\"noopener noreferrer\"><i class=\"far fa-file-pdf\"><\/i> Tehniline info (PDF)<\/a><\/p>\n<h3>Ohutusalane teave<\/h3>\n<p><a href=\"https:\/\/espak.ee\/epood\/wp-content\/uploads\/Kruntimis-ja-vedeldusvahend-Sylitol-111-Konzentrat-ohutuskaart.pdf\" target=\"_blank\" rel=\"noopener noreferrer\"><i class=\"far fa-file-pdf\"><\/i> Ohutusalane teave (PDF)<\/a><\/p>\n<div class=\"is-divider divider clearfix\" ><\/div>\n<p><strong>\u00dcksikasjalikuma n\u00f5u saamiseks v\u00f5tke \u00fchendust:<br \/><\/strong>SIA DAW Baltica Eesti filiaal<br \/>L\u00e4ike tee 2\/1<br \/>75312<br \/>Peetri alevik, Rae vald<br \/>+372 6000690<\/p>\n<div class=\"is-divider divider clearfix\" ><\/div>\n\t\t<\/div>\n\t\t\t\t\t<\/div>\n\n\t\n<\/div>\n","protected":false},"excerpt":{"rendered":"","protected":false},"featured_media":34309,"comment_status":"closed","ping_status":"open","template":"","meta":[],"product_brand":[],"product_cat":[2688,2685,2684,2683],"product_tag":[],"class_list":{"0":"post-32044","1":"product","2":"type-product","3":"status-publish","4":"has-post-thumbnail","6":"product_cat-kivipindade-varvid","7":"product_cat-varvid","8":"product_cat-varvid-lakid-lahustid-puidukaitsed-olid","9":"product_cat-viimistluskaubad","10":"product_shipping_class-dpd-cold","11":"pa_kaubamark-daw-baltica-sia","13":"first","14":"instock","15":"sale","16":"taxable","17":"shipping-taxable","18":"purchasable","19":"product-type-simple"},"yoast_head":"<!-- This site is optimized with the Yoast SEO plugin v26.9 - https:\/\/yoast.com\/product\/yoast-seo-wordpress\/ -->\n<title>KRUNTIMIS- JA VEDELDUSVAHEND SYLITOL 111 KONTZENTRAT 10L - Espak E-pood<\/title>\n<meta name=\"robots\" content=\"index, follow, max-snippet:-1, max-image-preview:large, max-video-preview:-1\" \/>\n<link rel=\"canonical\" href=\"https:\/\/espak.ee\/epood\/toode\/kruntimis-ja-vedeldusvahend-sylitol-111-kontzentrat-10l\/\" \/>\n<meta property=\"og:locale\" content=\"et_EE\" \/>\n<meta property=\"og:type\" content=\"article\" \/>\n<meta property=\"og:title\" content=\"KRUNTIMIS- JA VEDELDUSVAHEND SYLITOL 111 KONTZENTRAT 10L - Espak E-pood\" \/>\n<meta property=\"og:url\" content=\"https:\/\/espak.ee\/epood\/toode\/kruntimis-ja-vedeldusvahend-sylitol-111-kontzentrat-10l\/\" \/>\n<meta property=\"og:site_name\" content=\"Espak E-pood\" \/>\n<meta property=\"article:modified_time\" content=\"2026-03-21T07:26:47+00:00\" \/>\n<meta property=\"og:image\" content=\"https:\/\/espak.ee\/epood\/wp-content\/uploads\/Kruntimis-ja-vedeldusvahend-Sylitol-111-Konzentrat.png\" \/>\n\t<meta property=\"og:image:width\" content=\"800\" \/>\n\t<meta property=\"og:image:height\" content=\"800\" \/>\n\t<meta property=\"og:image:type\" content=\"image\/png\" \/>\n<meta name=\"twitter:card\" content=\"summary_large_image\" \/>\n<meta name=\"twitter:label1\" content=\"Est. reading time\" \/>\n\t<meta name=\"twitter:data1\" content=\"1 minut\" \/>\n<script type=\"application\/ld+json\" class=\"yoast-schema-graph\">{\"@context\":\"https:\/\/schema.org\",\"@graph\":[{\"@type\":\"WebPage\",\"@id\":\"https:\/\/espak.ee\/epood\/toode\/kruntimis-ja-vedeldusvahend-sylitol-111-kontzentrat-10l\/\",\"url\":\"https:\/\/espak.ee\/epood\/toode\/kruntimis-ja-vedeldusvahend-sylitol-111-kontzentrat-10l\/\",\"name\":\"KRUNTIMIS- JA VEDELDUSVAHEND SYLITOL 111 KONTZENTRAT 10L - Espak E-pood\",\"isPartOf\":{\"@id\":\"https:\/\/espak.ee\/epood\/#website\"},\"primaryImageOfPage\":{\"@id\":\"https:\/\/espak.ee\/epood\/toode\/kruntimis-ja-vedeldusvahend-sylitol-111-kontzentrat-10l\/#primaryimage\"},\"image\":{\"@id\":\"https:\/\/espak.ee\/epood\/toode\/kruntimis-ja-vedeldusvahend-sylitol-111-kontzentrat-10l\/#primaryimage\"},\"thumbnailUrl\":\"https:\/\/espak.ee\/epood\/wp-content\/uploads\/Kruntimis-ja-vedeldusvahend-Sylitol-111-Konzentrat.png\",\"datePublished\":\"2020-06-03T03:10:38+00:00\",\"dateModified\":\"2026-03-21T07:26:47+00:00\",\"breadcrumb\":{\"@id\":\"https:\/\/espak.ee\/epood\/toode\/kruntimis-ja-vedeldusvahend-sylitol-111-kontzentrat-10l\/#breadcrumb\"},\"inLanguage\":\"et\",\"potentialAction\":[{\"@type\":\"ReadAction\",\"target\":[\"https:\/\/espak.ee\/epood\/toode\/kruntimis-ja-vedeldusvahend-sylitol-111-kontzentrat-10l\/\"]}]},{\"@type\":\"ImageObject\",\"inLanguage\":\"et\",\"@id\":\"https:\/\/espak.ee\/epood\/toode\/kruntimis-ja-vedeldusvahend-sylitol-111-kontzentrat-10l\/#primaryimage\",\"url\":\"https:\/\/espak.ee\/epood\/wp-content\/uploads\/Kruntimis-ja-vedeldusvahend-Sylitol-111-Konzentrat.png\",\"contentUrl\":\"https:\/\/espak.ee\/epood\/wp-content\/uploads\/Kruntimis-ja-vedeldusvahend-Sylitol-111-Konzentrat.png\",\"width\":800,\"height\":800},{\"@type\":\"BreadcrumbList\",\"@id\":\"https:\/\/espak.ee\/epood\/toode\/kruntimis-ja-vedeldusvahend-sylitol-111-kontzentrat-10l\/#breadcrumb\",\"itemListElement\":[{\"@type\":\"ListItem\",\"position\":1,\"name\":\"Home\",\"item\":\"https:\/\/espak.ee\/epood\/\"},{\"@type\":\"ListItem\",\"position\":2,\"name\":\"Tootevalik\",\"item\":\"https:\/\/espak.ee\/epood\/tootevalik\/\"},{\"@type\":\"ListItem\",\"position\":3,\"name\":\"KRUNTIMIS- JA VEDELDUSVAHEND SYLITOL 111 KONTZENTRAT 10L\"}]},{\"@type\":\"WebSite\",\"@id\":\"https:\/\/espak.ee\/epood\/#website\",\"url\":\"https:\/\/espak.ee\/epood\/\",\"name\":\"Espak E-pood\",\"description\":\"\",\"potentialAction\":[{\"@type\":\"SearchAction\",\"target\":{\"@type\":\"EntryPoint\",\"urlTemplate\":\"https:\/\/espak.ee\/epood\/?s={search_term_string}\"},\"query-input\":{\"@type\":\"PropertyValueSpecification\",\"valueRequired\":true,\"valueName\":\"search_term_string\"}}],\"inLanguage\":\"et\"}]}<\/script>\n<!-- \/ Yoast SEO plugin. -->","yoast_head_json":{"title":"KRUNTIMIS- JA VEDELDUSVAHEND SYLITOL 111 KONTZENTRAT 10L - Espak E-pood","robots":{"index":"index","follow":"follow","max-snippet":"max-snippet:-1","max-image-preview":"max-image-preview:large","max-video-preview":"max-video-preview:-1"},"canonical":"https:\/\/espak.ee\/epood\/toode\/kruntimis-ja-vedeldusvahend-sylitol-111-kontzentrat-10l\/","og_locale":"et_EE","og_type":"article","og_title":"KRUNTIMIS- JA VEDELDUSVAHEND SYLITOL 111 KONTZENTRAT 10L - Espak E-pood","og_url":"https:\/\/espak.ee\/epood\/toode\/kruntimis-ja-vedeldusvahend-sylitol-111-kontzentrat-10l\/","og_site_name":"Espak E-pood","article_modified_time":"2026-03-21T07:26:47+00:00","og_image":[{"width":800,"height":800,"url":"https:\/\/espak.ee\/epood\/wp-content\/uploads\/Kruntimis-ja-vedeldusvahend-Sylitol-111-Konzentrat.png","type":"image\/png"}],"twitter_card":"summary_large_image","twitter_misc":{"Est. reading time":"1 minut"},"schema":{"@context":"https:\/\/schema.org","@graph":[{"@type":"WebPage","@id":"https:\/\/espak.ee\/epood\/toode\/kruntimis-ja-vedeldusvahend-sylitol-111-kontzentrat-10l\/","url":"https:\/\/espak.ee\/epood\/toode\/kruntimis-ja-vedeldusvahend-sylitol-111-kontzentrat-10l\/","name":"KRUNTIMIS- JA VEDELDUSVAHEND SYLITOL 111 KONTZENTRAT 10L - Espak E-pood","isPartOf":{"@id":"https:\/\/espak.ee\/epood\/#website"},"primaryImageOfPage":{"@id":"https:\/\/espak.ee\/epood\/toode\/kruntimis-ja-vedeldusvahend-sylitol-111-kontzentrat-10l\/#primaryimage"},"image":{"@id":"https:\/\/espak.ee\/epood\/toode\/kruntimis-ja-vedeldusvahend-sylitol-111-kontzentrat-10l\/#primaryimage"},"thumbnailUrl":"https:\/\/espak.ee\/epood\/wp-content\/uploads\/Kruntimis-ja-vedeldusvahend-Sylitol-111-Konzentrat.png","datePublished":"2020-06-03T03:10:38+00:00","dateModified":"2026-03-21T07:26:47+00:00","breadcrumb":{"@id":"https:\/\/espak.ee\/epood\/toode\/kruntimis-ja-vedeldusvahend-sylitol-111-kontzentrat-10l\/#breadcrumb"},"inLanguage":"et","potentialAction":[{"@type":"ReadAction","target":["https:\/\/espak.ee\/epood\/toode\/kruntimis-ja-vedeldusvahend-sylitol-111-kontzentrat-10l\/"]}]},{"@type":"ImageObject","inLanguage":"et","@id":"https:\/\/espak.ee\/epood\/toode\/kruntimis-ja-vedeldusvahend-sylitol-111-kontzentrat-10l\/#primaryimage","url":"https:\/\/espak.ee\/epood\/wp-content\/uploads\/Kruntimis-ja-vedeldusvahend-Sylitol-111-Konzentrat.png","contentUrl":"https:\/\/espak.ee\/epood\/wp-content\/uploads\/Kruntimis-ja-vedeldusvahend-Sylitol-111-Konzentrat.png","width":800,"height":800},{"@type":"BreadcrumbList","@id":"https:\/\/espak.ee\/epood\/toode\/kruntimis-ja-vedeldusvahend-sylitol-111-kontzentrat-10l\/#breadcrumb","itemListElement":[{"@type":"ListItem","position":1,"name":"Home","item":"https:\/\/espak.ee\/epood\/"},{"@type":"ListItem","position":2,"name":"Tootevalik","item":"https:\/\/espak.ee\/epood\/tootevalik\/"},{"@type":"ListItem","position":3,"name":"KRUNTIMIS- JA VEDELDUSVAHEND SYLITOL 111 KONTZENTRAT 10L"}]},{"@type":"WebSite","@id":"https:\/\/espak.ee\/epood\/#website","url":"https:\/\/espak.ee\/epood\/","name":"Espak E-pood","description":"","potentialAction":[{"@type":"SearchAction","target":{"@type":"EntryPoint","urlTemplate":"https:\/\/espak.ee\/epood\/?s={search_term_string}"},"query-input":{"@type":"PropertyValueSpecification","valueRequired":true,"valueName":"search_term_string"}}],"inLanguage":"et"}]}},"_links":{"self":[{"href":"https:\/\/espak.ee\/epood\/wp-json\/wp\/v2\/product\/32044","targetHints":{"allow":["GET"]}}],"collection":[{"href":"https:\/\/espak.ee\/epood\/wp-json\/wp\/v2\/product"}],"about":[{"href":"https:\/\/espak.ee\/epood\/wp-json\/wp\/v2\/types\/product"}],"replies":[{"embeddable":true,"href":"https:\/\/espak.ee\/epood\/wp-json\/wp\/v2\/comments?post=32044"}],"wp:featuredmedia":[{"embeddable":true,"href":"https:\/\/espak.ee\/epood\/wp-json\/wp\/v2\/media\/34309"}],"wp:attachment":[{"href":"https:\/\/espak.ee\/epood\/wp-json\/wp\/v2\/media?parent=32044"}],"wp:term":[{"taxonomy":"product_brand","embeddable":true,"href":"https:\/\/espak.ee\/epood\/wp-json\/wp\/v2\/product_brand?post=32044"},{"taxonomy":"product_cat","embeddable":true,"href":"https:\/\/espak.ee\/epood\/wp-json\/wp\/v2\/product_cat?post=32044"},{"taxonomy":"product_tag","embeddable":true,"href":"https:\/\/espak.ee\/epood\/wp-json\/wp\/v2\/product_tag?post=32044"}],"curies":[{"name":"wp","href":"https:\/\/api.w.org\/{rel}","templated":true}]}}