{"id":31894,"date":"2020-06-02T02:50:05","date_gmt":"2020-06-01T23:50:05","guid":{"rendered":"https:\/\/espak.ee\/hinnakiri\/?post_type=product&#038;p=31894"},"modified":"2024-03-22T22:56:40","modified_gmt":"2024-03-22T20:56:40","slug":"koogisegisti-blue-star-korge-to-640i-inox","status":"publish","type":"product","link":"https:\/\/espak.ee\/epood\/toode\/koogisegisti-blue-star-korge-to-640i-inox\/","title":{"rendered":"K\u00d6\u00d6GISEGISTI BLUE STAR K\u00d5RGE TO 640I INOX"},"content":{"rendered":"<div class=\"row\"  id=\"row-1838698397\">\n\n\t<div id=\"col-1035647006\" class=\"col medium-9 small-12 large-9\"  >\n\t\t\t\t<div class=\"col-inner\"  >\n\t\t\t\n\t\t\t\n<h2>K\u00f6\u00f6gisegisti Torino k\u00f5rge inox\/must<\/h2>\n<p>Toote m\u00f5\u00f5dud: A = 465 | C = 221 | E = 237<\/p>\n<p>Blue Star Torino seeria kvaliteetne k\u00f5rge k\u00f6\u00f6gisegisti p\u00f6\u00f6rdtilaga, kasutusmugavust lisab v\u00e4ljat\u00f5mmatav otsik. Segisti on k\u00f5rgekvaliteedilise ja kauakestva inox viimistluse ja uuendusliku musta silikoontoruga. Segistil on Special Blue Star keraamiline t\u00f6\u00f6element. Blue Star XXL mugavustsoon ehk tila k\u00f5rgus valamutasapinnast on 237 mm.<br \/>\nTootele kehtib 5-aastane* garantii, kasutades toodet erasektoris v\u00f5i \u00e4ri- ja \u00fchiskondlikes ruumides. Garantii kehtib alates ostu sooritamise kuup\u00e4evast. Garantiin\u00f5ude esitamisel tuleb ostu dokumentaalselt t\u00f5estada.<br \/>\n* Vastavalt Blue Star \u00fcldistele garantiitingimustele.<\/p>\n<p>A &#8211; K\u00f5rgus<br \/>\nB &#8211; Laius<br \/>\nC &#8211; Kaugus seinast tilani \/ Kaugus tsentrist tilani<br \/>\nD &#8211; \u00dclepeadu\u0161i l\u00e4bim\u00f5\u00f5t<br \/>\nE &#8211; Mugavustsooni k\u00f5rgus<\/p>\n<p>T\u00e4psem info blue-star.ee kodulehek\u00fcljelt.<\/p>\n\t\t<\/div>\n\t\t\t\t\t<\/div>\n\n\t\n\n\t<div id=\"col-2022874299\" class=\"col medium-3 small-12 large-3\"  >\n\t\t\t\t<div class=\"col-inner\"  >\n\t\t\t\n\t\t\t\n\t<div id=\"gap-1983360498\" class=\"gap-element clearfix\" style=\"display:block; height:auto;\">\n\t\t\n<style>\n#gap-1983360498 {\n  padding-top: 30px;\n}\n<\/style>\n\t<\/div>\n\t\n<h3>Tehniline joonis<\/h3>\n<p><a href=\"https:\/\/espak.ee\/epood\/wp-content\/uploads\/TO640kroom-must-bluestar.pdf\" target=\"_blank\" rel=\"noopener noreferrer\"><i class=\"far fa-file-pdf\"><\/i> Tehniline joonis (PDF)<\/a><\/p>\n<div class=\"is-divider divider clearfix\" ><\/div>\n<p><strong>\u00dcksikasjalikuma n\u00f5u saamiseks v\u00f5tke \u00fchendust:<br \/><\/strong>O\u00dc Dreesis\ufeff<br \/>Laki 16-407<br \/>10621<br \/>Tallinn<br \/>+372 617 7200<\/p>\n\t\t<\/div>\n\t\t\t\t\t<\/div>\n\n\t\n<\/div>\n","protected":false},"excerpt":{"rendered":"","protected":false},"featured_media":85368,"comment_status":"closed","ping_status":"closed","template":"","meta":[],"product_brand":[],"product_cat":[2826,2819,2820,2821],"product_tag":[],"class_list":{"0":"post-31894","1":"product","2":"type-product","3":"status-publish","4":"has-post-thumbnail","6":"product_cat-koogisegistid","7":"product_cat-sanitaartehnika","8":"product_cat-sanitaartehnika-sanitaartehnika","9":"product_cat-segistid","10":"pa_kaubamark-blue-star","12":"first","13":"instock","14":"sale","15":"taxable","16":"shipping-taxable","17":"purchasable","18":"product-type-simple"},"yoast_head":"<!-- This site is optimized with the Yoast SEO plugin v26.9 - https:\/\/yoast.com\/product\/yoast-seo-wordpress\/ -->\n<title>K\u00d6\u00d6GISEGISTI BLUE STAR K\u00d5RGE TO 640I INOX - Espak E-pood<\/title>\n<meta name=\"robots\" content=\"index, follow, max-snippet:-1, max-image-preview:large, max-video-preview:-1\" \/>\n<link rel=\"canonical\" href=\"https:\/\/espak.ee\/epood\/toode\/koogisegisti-blue-star-korge-to-640i-inox\/\" \/>\n<meta property=\"og:locale\" content=\"et_EE\" \/>\n<meta property=\"og:type\" content=\"article\" \/>\n<meta property=\"og:title\" content=\"K\u00d6\u00d6GISEGISTI BLUE STAR K\u00d5RGE TO 640I INOX - Espak E-pood\" \/>\n<meta property=\"og:url\" content=\"https:\/\/espak.ee\/epood\/toode\/koogisegisti-blue-star-korge-to-640i-inox\/\" \/>\n<meta property=\"og:site_name\" content=\"Espak E-pood\" \/>\n<meta property=\"article:modified_time\" content=\"2024-03-22T20:56:40+00:00\" \/>\n<meta property=\"og:image\" content=\"https:\/\/espak.ee\/epood\/wp-content\/uploads\/2020\/06\/TO640I.jpg\" \/>\n\t<meta property=\"og:image:width\" content=\"600\" \/>\n\t<meta property=\"og:image:height\" content=\"600\" \/>\n\t<meta property=\"og:image:type\" content=\"image\/jpeg\" \/>\n<meta name=\"twitter:card\" content=\"summary_large_image\" \/>\n<meta name=\"twitter:label1\" content=\"Est. reading time\" \/>\n\t<meta name=\"twitter:data1\" content=\"1 minut\" \/>\n<script type=\"application\/ld+json\" class=\"yoast-schema-graph\">{\"@context\":\"https:\/\/schema.org\",\"@graph\":[{\"@type\":\"WebPage\",\"@id\":\"https:\/\/espak.ee\/epood\/toode\/koogisegisti-blue-star-korge-to-640i-inox\/\",\"url\":\"https:\/\/espak.ee\/epood\/toode\/koogisegisti-blue-star-korge-to-640i-inox\/\",\"name\":\"K\u00d6\u00d6GISEGISTI BLUE STAR K\u00d5RGE TO 640I INOX - Espak E-pood\",\"isPartOf\":{\"@id\":\"https:\/\/espak.ee\/epood\/#website\"},\"primaryImageOfPage\":{\"@id\":\"https:\/\/espak.ee\/epood\/toode\/koogisegisti-blue-star-korge-to-640i-inox\/#primaryimage\"},\"image\":{\"@id\":\"https:\/\/espak.ee\/epood\/toode\/koogisegisti-blue-star-korge-to-640i-inox\/#primaryimage\"},\"thumbnailUrl\":\"https:\/\/espak.ee\/epood\/wp-content\/uploads\/2020\/06\/TO640I.jpg\",\"datePublished\":\"2020-06-01T23:50:05+00:00\",\"dateModified\":\"2024-03-22T20:56:40+00:00\",\"breadcrumb\":{\"@id\":\"https:\/\/espak.ee\/epood\/toode\/koogisegisti-blue-star-korge-to-640i-inox\/#breadcrumb\"},\"inLanguage\":\"et\",\"potentialAction\":[{\"@type\":\"ReadAction\",\"target\":[\"https:\/\/espak.ee\/epood\/toode\/koogisegisti-blue-star-korge-to-640i-inox\/\"]}]},{\"@type\":\"ImageObject\",\"inLanguage\":\"et\",\"@id\":\"https:\/\/espak.ee\/epood\/toode\/koogisegisti-blue-star-korge-to-640i-inox\/#primaryimage\",\"url\":\"https:\/\/espak.ee\/epood\/wp-content\/uploads\/2020\/06\/TO640I.jpg\",\"contentUrl\":\"https:\/\/espak.ee\/epood\/wp-content\/uploads\/2020\/06\/TO640I.jpg\",\"width\":600,\"height\":600},{\"@type\":\"BreadcrumbList\",\"@id\":\"https:\/\/espak.ee\/epood\/toode\/koogisegisti-blue-star-korge-to-640i-inox\/#breadcrumb\",\"itemListElement\":[{\"@type\":\"ListItem\",\"position\":1,\"name\":\"Home\",\"item\":\"https:\/\/espak.ee\/epood\/\"},{\"@type\":\"ListItem\",\"position\":2,\"name\":\"Tootevalik\",\"item\":\"https:\/\/espak.ee\/epood\/tootevalik\/\"},{\"@type\":\"ListItem\",\"position\":3,\"name\":\"K\u00d6\u00d6GISEGISTI BLUE STAR K\u00d5RGE TO 640I INOX\"}]},{\"@type\":\"WebSite\",\"@id\":\"https:\/\/espak.ee\/epood\/#website\",\"url\":\"https:\/\/espak.ee\/epood\/\",\"name\":\"Espak E-pood\",\"description\":\"\",\"potentialAction\":[{\"@type\":\"SearchAction\",\"target\":{\"@type\":\"EntryPoint\",\"urlTemplate\":\"https:\/\/espak.ee\/epood\/?s={search_term_string}\"},\"query-input\":{\"@type\":\"PropertyValueSpecification\",\"valueRequired\":true,\"valueName\":\"search_term_string\"}}],\"inLanguage\":\"et\"}]}<\/script>\n<!-- \/ Yoast SEO plugin. -->","yoast_head_json":{"title":"K\u00d6\u00d6GISEGISTI BLUE STAR K\u00d5RGE TO 640I INOX - Espak E-pood","robots":{"index":"index","follow":"follow","max-snippet":"max-snippet:-1","max-image-preview":"max-image-preview:large","max-video-preview":"max-video-preview:-1"},"canonical":"https:\/\/espak.ee\/epood\/toode\/koogisegisti-blue-star-korge-to-640i-inox\/","og_locale":"et_EE","og_type":"article","og_title":"K\u00d6\u00d6GISEGISTI BLUE STAR K\u00d5RGE TO 640I INOX - Espak E-pood","og_url":"https:\/\/espak.ee\/epood\/toode\/koogisegisti-blue-star-korge-to-640i-inox\/","og_site_name":"Espak E-pood","article_modified_time":"2024-03-22T20:56:40+00:00","og_image":[{"width":600,"height":600,"url":"https:\/\/espak.ee\/epood\/wp-content\/uploads\/2020\/06\/TO640I.jpg","type":"image\/jpeg"}],"twitter_card":"summary_large_image","twitter_misc":{"Est. reading time":"1 minut"},"schema":{"@context":"https:\/\/schema.org","@graph":[{"@type":"WebPage","@id":"https:\/\/espak.ee\/epood\/toode\/koogisegisti-blue-star-korge-to-640i-inox\/","url":"https:\/\/espak.ee\/epood\/toode\/koogisegisti-blue-star-korge-to-640i-inox\/","name":"K\u00d6\u00d6GISEGISTI BLUE STAR K\u00d5RGE TO 640I INOX - Espak E-pood","isPartOf":{"@id":"https:\/\/espak.ee\/epood\/#website"},"primaryImageOfPage":{"@id":"https:\/\/espak.ee\/epood\/toode\/koogisegisti-blue-star-korge-to-640i-inox\/#primaryimage"},"image":{"@id":"https:\/\/espak.ee\/epood\/toode\/koogisegisti-blue-star-korge-to-640i-inox\/#primaryimage"},"thumbnailUrl":"https:\/\/espak.ee\/epood\/wp-content\/uploads\/2020\/06\/TO640I.jpg","datePublished":"2020-06-01T23:50:05+00:00","dateModified":"2024-03-22T20:56:40+00:00","breadcrumb":{"@id":"https:\/\/espak.ee\/epood\/toode\/koogisegisti-blue-star-korge-to-640i-inox\/#breadcrumb"},"inLanguage":"et","potentialAction":[{"@type":"ReadAction","target":["https:\/\/espak.ee\/epood\/toode\/koogisegisti-blue-star-korge-to-640i-inox\/"]}]},{"@type":"ImageObject","inLanguage":"et","@id":"https:\/\/espak.ee\/epood\/toode\/koogisegisti-blue-star-korge-to-640i-inox\/#primaryimage","url":"https:\/\/espak.ee\/epood\/wp-content\/uploads\/2020\/06\/TO640I.jpg","contentUrl":"https:\/\/espak.ee\/epood\/wp-content\/uploads\/2020\/06\/TO640I.jpg","width":600,"height":600},{"@type":"BreadcrumbList","@id":"https:\/\/espak.ee\/epood\/toode\/koogisegisti-blue-star-korge-to-640i-inox\/#breadcrumb","itemListElement":[{"@type":"ListItem","position":1,"name":"Home","item":"https:\/\/espak.ee\/epood\/"},{"@type":"ListItem","position":2,"name":"Tootevalik","item":"https:\/\/espak.ee\/epood\/tootevalik\/"},{"@type":"ListItem","position":3,"name":"K\u00d6\u00d6GISEGISTI BLUE STAR K\u00d5RGE TO 640I INOX"}]},{"@type":"WebSite","@id":"https:\/\/espak.ee\/epood\/#website","url":"https:\/\/espak.ee\/epood\/","name":"Espak E-pood","description":"","potentialAction":[{"@type":"SearchAction","target":{"@type":"EntryPoint","urlTemplate":"https:\/\/espak.ee\/epood\/?s={search_term_string}"},"query-input":{"@type":"PropertyValueSpecification","valueRequired":true,"valueName":"search_term_string"}}],"inLanguage":"et"}]}},"_links":{"self":[{"href":"https:\/\/espak.ee\/epood\/wp-json\/wp\/v2\/product\/31894","targetHints":{"allow":["GET"]}}],"collection":[{"href":"https:\/\/espak.ee\/epood\/wp-json\/wp\/v2\/product"}],"about":[{"href":"https:\/\/espak.ee\/epood\/wp-json\/wp\/v2\/types\/product"}],"replies":[{"embeddable":true,"href":"https:\/\/espak.ee\/epood\/wp-json\/wp\/v2\/comments?post=31894"}],"wp:featuredmedia":[{"embeddable":true,"href":"https:\/\/espak.ee\/epood\/wp-json\/wp\/v2\/media\/85368"}],"wp:attachment":[{"href":"https:\/\/espak.ee\/epood\/wp-json\/wp\/v2\/media?parent=31894"}],"wp:term":[{"taxonomy":"product_brand","embeddable":true,"href":"https:\/\/espak.ee\/epood\/wp-json\/wp\/v2\/product_brand?post=31894"},{"taxonomy":"product_cat","embeddable":true,"href":"https:\/\/espak.ee\/epood\/wp-json\/wp\/v2\/product_cat?post=31894"},{"taxonomy":"product_tag","embeddable":true,"href":"https:\/\/espak.ee\/epood\/wp-json\/wp\/v2\/product_tag?post=31894"}],"curies":[{"name":"wp","href":"https:\/\/api.w.org\/{rel}","templated":true}]}}