{"id":29103,"date":"2020-05-21T06:06:57","date_gmt":"2020-05-21T03:06:57","guid":{"rendered":"https:\/\/espak.ee\/hinnakiri\/?post_type=product&#038;p=29103"},"modified":"2024-03-22T23:00:02","modified_gmt":"2024-03-22T21:00:02","slug":"fliistapeet-36413-4-theatre-106m","status":"publish","type":"product","link":"https:\/\/espak.ee\/epood\/toode\/fliistapeet-36413-4-theatre-106m\/","title":{"rendered":"FLIISTAPEET 36413-4 THEATRE 1,06M"},"content":{"rendered":"<p>Fliistapeet&#13;<br \/>\nM\u00f5\u00f5dud: 1,06&#215;10,05 m<br \/>\nMustrisamm: 9 cm<br \/>\nPilt on illustreeriva t\u00e4hendusega.<\/p>\n","protected":false},"excerpt":{"rendered":"<p>Fliistapeet&#13; M\u00f5\u00f5dud: 1,06&#215;10,05 m Mustrisamm: 9 cm Pilt on illustreeriva t\u00e4hendusega.<\/p>\n","protected":false},"featured_media":30023,"comment_status":"closed","ping_status":"open","template":"","meta":[],"product_brand":[],"product_cat":[3232,3213,3214,2683],"product_tag":[],"class_list":{"0":"post-29103","1":"product","2":"type-product","3":"status-publish","4":"has-post-thumbnail","6":"product_cat-fliistapeedid-1m","7":"product_cat-seinakatted","8":"product_cat-tapeet","9":"product_cat-viimistluskaubad","10":"pa_kaubamark-a-s-creation-tapeten-ag","12":"first","13":"outofstock","14":"sale","15":"taxable","16":"shipping-taxable","17":"purchasable","18":"product-type-simple"},"yoast_head":"<!-- This site is optimized with the Yoast SEO plugin v26.9 - https:\/\/yoast.com\/product\/yoast-seo-wordpress\/ -->\n<title>FLIISTAPEET 36413-4 THEATRE 1,06M - Espak E-pood<\/title>\n<meta name=\"robots\" content=\"index, follow, max-snippet:-1, max-image-preview:large, max-video-preview:-1\" \/>\n<link rel=\"canonical\" href=\"https:\/\/espak.ee\/epood\/toode\/fliistapeet-36413-4-theatre-106m\/\" \/>\n<meta property=\"og:locale\" content=\"et_EE\" \/>\n<meta property=\"og:type\" content=\"article\" \/>\n<meta property=\"og:title\" content=\"FLIISTAPEET 36413-4 THEATRE 1,06M - Espak E-pood\" \/>\n<meta property=\"og:description\" content=\"Fliistapeet&#013; M\u00f5\u00f5dud: 1,06&#215;10,05 m Mustrisamm: 9 cm Pilt on illustreeriva t\u00e4hendusega.\" \/>\n<meta property=\"og:url\" content=\"https:\/\/espak.ee\/epood\/toode\/fliistapeet-36413-4-theatre-106m\/\" \/>\n<meta property=\"og:site_name\" content=\"Espak E-pood\" \/>\n<meta property=\"article:modified_time\" content=\"2024-03-22T21:00:02+00:00\" \/>\n<meta property=\"og:image\" content=\"https:\/\/espak.ee\/epood\/wp-content\/uploads\/AS364134_theatre.jpg\" \/>\n\t<meta property=\"og:image:width\" content=\"1000\" \/>\n\t<meta property=\"og:image:height\" content=\"900\" \/>\n\t<meta property=\"og:image:type\" content=\"image\/jpeg\" \/>\n<meta name=\"twitter:card\" content=\"summary_large_image\" \/>\n<script type=\"application\/ld+json\" class=\"yoast-schema-graph\">{\"@context\":\"https:\/\/schema.org\",\"@graph\":[{\"@type\":\"WebPage\",\"@id\":\"https:\/\/espak.ee\/epood\/toode\/fliistapeet-36413-4-theatre-106m\/\",\"url\":\"https:\/\/espak.ee\/epood\/toode\/fliistapeet-36413-4-theatre-106m\/\",\"name\":\"FLIISTAPEET 36413-4 THEATRE 1,06M - Espak E-pood\",\"isPartOf\":{\"@id\":\"https:\/\/espak.ee\/epood\/#website\"},\"primaryImageOfPage\":{\"@id\":\"https:\/\/espak.ee\/epood\/toode\/fliistapeet-36413-4-theatre-106m\/#primaryimage\"},\"image\":{\"@id\":\"https:\/\/espak.ee\/epood\/toode\/fliistapeet-36413-4-theatre-106m\/#primaryimage\"},\"thumbnailUrl\":\"https:\/\/espak.ee\/epood\/wp-content\/uploads\/AS364134_theatre.jpg\",\"datePublished\":\"2020-05-21T03:06:57+00:00\",\"dateModified\":\"2024-03-22T21:00:02+00:00\",\"breadcrumb\":{\"@id\":\"https:\/\/espak.ee\/epood\/toode\/fliistapeet-36413-4-theatre-106m\/#breadcrumb\"},\"inLanguage\":\"et\",\"potentialAction\":[{\"@type\":\"ReadAction\",\"target\":[\"https:\/\/espak.ee\/epood\/toode\/fliistapeet-36413-4-theatre-106m\/\"]}]},{\"@type\":\"ImageObject\",\"inLanguage\":\"et\",\"@id\":\"https:\/\/espak.ee\/epood\/toode\/fliistapeet-36413-4-theatre-106m\/#primaryimage\",\"url\":\"https:\/\/espak.ee\/epood\/wp-content\/uploads\/AS364134_theatre.jpg\",\"contentUrl\":\"https:\/\/espak.ee\/epood\/wp-content\/uploads\/AS364134_theatre.jpg\",\"width\":1000,\"height\":900,\"caption\":\"38-31\"},{\"@type\":\"BreadcrumbList\",\"@id\":\"https:\/\/espak.ee\/epood\/toode\/fliistapeet-36413-4-theatre-106m\/#breadcrumb\",\"itemListElement\":[{\"@type\":\"ListItem\",\"position\":1,\"name\":\"Home\",\"item\":\"https:\/\/espak.ee\/epood\/\"},{\"@type\":\"ListItem\",\"position\":2,\"name\":\"Tootevalik\",\"item\":\"https:\/\/espak.ee\/epood\/tootevalik\/\"},{\"@type\":\"ListItem\",\"position\":3,\"name\":\"FLIISTAPEET 36413-4 THEATRE 1,06M\"}]},{\"@type\":\"WebSite\",\"@id\":\"https:\/\/espak.ee\/epood\/#website\",\"url\":\"https:\/\/espak.ee\/epood\/\",\"name\":\"Espak E-pood\",\"description\":\"\",\"potentialAction\":[{\"@type\":\"SearchAction\",\"target\":{\"@type\":\"EntryPoint\",\"urlTemplate\":\"https:\/\/espak.ee\/epood\/?s={search_term_string}\"},\"query-input\":{\"@type\":\"PropertyValueSpecification\",\"valueRequired\":true,\"valueName\":\"search_term_string\"}}],\"inLanguage\":\"et\"}]}<\/script>\n<!-- \/ Yoast SEO plugin. -->","yoast_head_json":{"title":"FLIISTAPEET 36413-4 THEATRE 1,06M - Espak E-pood","robots":{"index":"index","follow":"follow","max-snippet":"max-snippet:-1","max-image-preview":"max-image-preview:large","max-video-preview":"max-video-preview:-1"},"canonical":"https:\/\/espak.ee\/epood\/toode\/fliistapeet-36413-4-theatre-106m\/","og_locale":"et_EE","og_type":"article","og_title":"FLIISTAPEET 36413-4 THEATRE 1,06M - Espak E-pood","og_description":"Fliistapeet&#13; M\u00f5\u00f5dud: 1,06&#215;10,05 m Mustrisamm: 9 cm Pilt on illustreeriva t\u00e4hendusega.","og_url":"https:\/\/espak.ee\/epood\/toode\/fliistapeet-36413-4-theatre-106m\/","og_site_name":"Espak E-pood","article_modified_time":"2024-03-22T21:00:02+00:00","og_image":[{"width":1000,"height":900,"url":"https:\/\/espak.ee\/epood\/wp-content\/uploads\/AS364134_theatre.jpg","type":"image\/jpeg"}],"twitter_card":"summary_large_image","schema":{"@context":"https:\/\/schema.org","@graph":[{"@type":"WebPage","@id":"https:\/\/espak.ee\/epood\/toode\/fliistapeet-36413-4-theatre-106m\/","url":"https:\/\/espak.ee\/epood\/toode\/fliistapeet-36413-4-theatre-106m\/","name":"FLIISTAPEET 36413-4 THEATRE 1,06M - Espak E-pood","isPartOf":{"@id":"https:\/\/espak.ee\/epood\/#website"},"primaryImageOfPage":{"@id":"https:\/\/espak.ee\/epood\/toode\/fliistapeet-36413-4-theatre-106m\/#primaryimage"},"image":{"@id":"https:\/\/espak.ee\/epood\/toode\/fliistapeet-36413-4-theatre-106m\/#primaryimage"},"thumbnailUrl":"https:\/\/espak.ee\/epood\/wp-content\/uploads\/AS364134_theatre.jpg","datePublished":"2020-05-21T03:06:57+00:00","dateModified":"2024-03-22T21:00:02+00:00","breadcrumb":{"@id":"https:\/\/espak.ee\/epood\/toode\/fliistapeet-36413-4-theatre-106m\/#breadcrumb"},"inLanguage":"et","potentialAction":[{"@type":"ReadAction","target":["https:\/\/espak.ee\/epood\/toode\/fliistapeet-36413-4-theatre-106m\/"]}]},{"@type":"ImageObject","inLanguage":"et","@id":"https:\/\/espak.ee\/epood\/toode\/fliistapeet-36413-4-theatre-106m\/#primaryimage","url":"https:\/\/espak.ee\/epood\/wp-content\/uploads\/AS364134_theatre.jpg","contentUrl":"https:\/\/espak.ee\/epood\/wp-content\/uploads\/AS364134_theatre.jpg","width":1000,"height":900,"caption":"38-31"},{"@type":"BreadcrumbList","@id":"https:\/\/espak.ee\/epood\/toode\/fliistapeet-36413-4-theatre-106m\/#breadcrumb","itemListElement":[{"@type":"ListItem","position":1,"name":"Home","item":"https:\/\/espak.ee\/epood\/"},{"@type":"ListItem","position":2,"name":"Tootevalik","item":"https:\/\/espak.ee\/epood\/tootevalik\/"},{"@type":"ListItem","position":3,"name":"FLIISTAPEET 36413-4 THEATRE 1,06M"}]},{"@type":"WebSite","@id":"https:\/\/espak.ee\/epood\/#website","url":"https:\/\/espak.ee\/epood\/","name":"Espak E-pood","description":"","potentialAction":[{"@type":"SearchAction","target":{"@type":"EntryPoint","urlTemplate":"https:\/\/espak.ee\/epood\/?s={search_term_string}"},"query-input":{"@type":"PropertyValueSpecification","valueRequired":true,"valueName":"search_term_string"}}],"inLanguage":"et"}]}},"_links":{"self":[{"href":"https:\/\/espak.ee\/epood\/wp-json\/wp\/v2\/product\/29103","targetHints":{"allow":["GET"]}}],"collection":[{"href":"https:\/\/espak.ee\/epood\/wp-json\/wp\/v2\/product"}],"about":[{"href":"https:\/\/espak.ee\/epood\/wp-json\/wp\/v2\/types\/product"}],"replies":[{"embeddable":true,"href":"https:\/\/espak.ee\/epood\/wp-json\/wp\/v2\/comments?post=29103"}],"wp:featuredmedia":[{"embeddable":true,"href":"https:\/\/espak.ee\/epood\/wp-json\/wp\/v2\/media\/30023"}],"wp:attachment":[{"href":"https:\/\/espak.ee\/epood\/wp-json\/wp\/v2\/media?parent=29103"}],"wp:term":[{"taxonomy":"product_brand","embeddable":true,"href":"https:\/\/espak.ee\/epood\/wp-json\/wp\/v2\/product_brand?post=29103"},{"taxonomy":"product_cat","embeddable":true,"href":"https:\/\/espak.ee\/epood\/wp-json\/wp\/v2\/product_cat?post=29103"},{"taxonomy":"product_tag","embeddable":true,"href":"https:\/\/espak.ee\/epood\/wp-json\/wp\/v2\/product_tag?post=29103"}],"curies":[{"name":"wp","href":"https:\/\/api.w.org\/{rel}","templated":true}]}}