{"id":28401,"date":"2020-05-20T06:00:10","date_gmt":"2020-05-20T03:00:10","guid":{"rendered":"https:\/\/espak.ee\/hinnakiri\/?post_type=product&#038;p=28401"},"modified":"2024-03-22T23:02:31","modified_gmt":"2024-03-22T21:02:31","slug":"bauroc-classic-3mpa-kergplokk-200200600","status":"publish","type":"product","link":"https:\/\/espak.ee\/epood\/toode\/bauroc-classic-3mpa-kergplokk-200200600\/","title":{"rendered":"bauroc CLASSIC 3Mpa kergplokk 200*200*600"},"content":{"rendered":"<div class=\"row\"  id=\"row-1344371899\">\n\n\t<div id=\"col-1550546363\" class=\"col medium-9 small-12 large-9\"  >\n\t\t\t\t<div class=\"col-inner\"  >\n\t\t\t\n\t\t\t\n<h2>CLASSIC 3 MPa kergplokk<\/h2>\n<p>bauroc CLASSIC kergplokid on valmistatud poorbetoonist kuivtihedusega 425 kg\/m\u00b3 ja survetugevusega fb=3,0 N\/mm\u00b2 (3 MPa).<\/p>\n\t<div id=\"gap-651677304\" class=\"gap-element clearfix\" style=\"display:block; height:auto;\">\n\t\t\n<style>\n#gap-651677304 {\n  padding-top: 30px;\n}\n<\/style>\n\t<\/div>\n\t\n<h3>Kasutamise \u00fcksikasjad<\/h3>\n<p><strong>Kasutusalad:<\/strong> bauroc CLASSIC kergplokid on klassikalised universaalsed ehitusplokid. Kasutatakse hoone kandvate ja mittekandvate, sise- ja v\u00e4lisseinte ehitamiseks. V\u00e4lisseintes kasutatakse CLASSIC kergplokke koos t\u00e4iendava lisasoojustusega. Soovi korral on v\u00f5imalik lisada t\u00e4iendav vooderdus (kivi-; laud- ja muu plaatvooder).<\/p>\n<p><strong>Paigaldus:<\/strong> Kergplokid on ette n\u00e4htud paigaldamiseks \u00f5hukesel nn. liimvuugil, mida v\u00f5imaldab plokkide sile pind ja t\u00e4psed m\u00f5\u00f5tmed. Liimvuugid v\u00e4listavad k\u00fclmasildade tekke, tagavad parema \u00f5hutiheduse ja annavad m\u00fc\u00fcritisele suurema tugevuse.<br \/>\nKergplokkide ladumisel kasutatakse bauroc plokiliimi (peenm\u00f6rt) mille survetugevus on \u226510 N\/mm\u00b2. M\u00fc\u00fcritise k\u00f5ik horisontaalvuugid peavad olema korralikult liimiga t\u00e4idetud ning vuugid ei tohi olla \u00f5hemad kui 1 mm ja paksemad kui 3 mm. Igas vertikaalvuugis peab v\u00e4hemalt \u00fchel plokil olema soon. Vertikaalvuukide \u00f5hutiheduse tagamiseks t\u00e4idetakse nimetatud sooned iga plokirea ladumise j\u00e4relbauroc plokiliimiga.<\/p>\n\t\t<\/div>\n\t\t\t\t\t<\/div>\n\n\t\n\n\t<div id=\"col-1122059788\" class=\"col medium-3 small-12 large-3\"  >\n\t\t\t\t<div class=\"col-inner\"  >\n\t\t\t\n\t\t\t\n\t<div id=\"gap-583685718\" class=\"gap-element clearfix\" style=\"display:block; height:auto;\">\n\t\t\n<style>\n#gap-583685718 {\n  padding-top: 30px;\n}\n<\/style>\n\t<\/div>\n\t\n<div class=\"is-divider divider clearfix\" ><\/div>\n<p><strong>\u00dcksikasjalikuma n\u00f5u saamiseks v\u00f5tke \u00fchendust:<br \/><\/strong>Bauroc AS<br \/>Meistri 14<br \/>13517<br \/>Tallinn<br \/>+372 6799080<\/p>\n<div class=\"is-divider divider clearfix\" ><\/div>\n\t\t<\/div>\n\t\t\t\t\t<\/div>\n\n\t\n<\/div>\n","protected":false},"excerpt":{"rendered":"","protected":false},"featured_media":34764,"comment_status":"closed","ping_status":"closed","template":"","meta":[],"product_brand":[],"product_cat":[3223,3203,3204,2697],"product_tag":[],"class_list":{"0":"post-28401","1":"product","2":"type-product","3":"status-publish","4":"has-post-thumbnail","6":"product_cat-gaasbetoonplokid","7":"product_cat-muurimaterjalid","8":"product_cat-plokid-ja-sillused","9":"product_cat-uldehitus","10":"pa_kaubamark-bauroc","12":"first","13":"instock","14":"sale","15":"taxable","16":"shipping-taxable","17":"purchasable","18":"product-type-simple"},"yoast_head":"<!-- This site is optimized with the Yoast SEO plugin v26.9 - https:\/\/yoast.com\/product\/yoast-seo-wordpress\/ -->\n<title>bauroc CLASSIC 3Mpa kergplokk 200*200*600 - Espak E-pood<\/title>\n<meta name=\"robots\" content=\"index, follow, max-snippet:-1, max-image-preview:large, max-video-preview:-1\" \/>\n<link rel=\"canonical\" href=\"https:\/\/espak.ee\/epood\/toode\/bauroc-classic-3mpa-kergplokk-200200600\/\" \/>\n<meta property=\"og:locale\" content=\"et_EE\" \/>\n<meta property=\"og:type\" content=\"article\" \/>\n<meta property=\"og:title\" content=\"bauroc CLASSIC 3Mpa kergplokk 200*200*600 - Espak E-pood\" \/>\n<meta property=\"og:url\" content=\"https:\/\/espak.ee\/epood\/toode\/bauroc-classic-3mpa-kergplokk-200200600\/\" \/>\n<meta property=\"og:site_name\" content=\"Espak E-pood\" \/>\n<meta property=\"article:modified_time\" content=\"2024-03-22T21:02:31+00:00\" \/>\n<meta property=\"og:image\" content=\"https:\/\/espak.ee\/epood\/wp-content\/uploads\/CLASSIC-3-MPa-kergplokk.jpg\" \/>\n\t<meta property=\"og:image:width\" content=\"2048\" \/>\n\t<meta property=\"og:image:height\" content=\"2048\" \/>\n\t<meta property=\"og:image:type\" content=\"image\/jpeg\" \/>\n<meta name=\"twitter:card\" content=\"summary_large_image\" \/>\n<meta name=\"twitter:label1\" content=\"Est. reading time\" \/>\n\t<meta name=\"twitter:data1\" content=\"1 minut\" \/>\n<script type=\"application\/ld+json\" class=\"yoast-schema-graph\">{\"@context\":\"https:\/\/schema.org\",\"@graph\":[{\"@type\":\"WebPage\",\"@id\":\"https:\/\/espak.ee\/epood\/toode\/bauroc-classic-3mpa-kergplokk-200200600\/\",\"url\":\"https:\/\/espak.ee\/epood\/toode\/bauroc-classic-3mpa-kergplokk-200200600\/\",\"name\":\"bauroc CLASSIC 3Mpa kergplokk 200*200*600 - Espak E-pood\",\"isPartOf\":{\"@id\":\"https:\/\/espak.ee\/epood\/#website\"},\"primaryImageOfPage\":{\"@id\":\"https:\/\/espak.ee\/epood\/toode\/bauroc-classic-3mpa-kergplokk-200200600\/#primaryimage\"},\"image\":{\"@id\":\"https:\/\/espak.ee\/epood\/toode\/bauroc-classic-3mpa-kergplokk-200200600\/#primaryimage\"},\"thumbnailUrl\":\"https:\/\/espak.ee\/epood\/wp-content\/uploads\/CLASSIC-3-MPa-kergplokk.jpg\",\"datePublished\":\"2020-05-20T03:00:10+00:00\",\"dateModified\":\"2024-03-22T21:02:31+00:00\",\"breadcrumb\":{\"@id\":\"https:\/\/espak.ee\/epood\/toode\/bauroc-classic-3mpa-kergplokk-200200600\/#breadcrumb\"},\"inLanguage\":\"et\",\"potentialAction\":[{\"@type\":\"ReadAction\",\"target\":[\"https:\/\/espak.ee\/epood\/toode\/bauroc-classic-3mpa-kergplokk-200200600\/\"]}]},{\"@type\":\"ImageObject\",\"inLanguage\":\"et\",\"@id\":\"https:\/\/espak.ee\/epood\/toode\/bauroc-classic-3mpa-kergplokk-200200600\/#primaryimage\",\"url\":\"https:\/\/espak.ee\/epood\/wp-content\/uploads\/CLASSIC-3-MPa-kergplokk.jpg\",\"contentUrl\":\"https:\/\/espak.ee\/epood\/wp-content\/uploads\/CLASSIC-3-MPa-kergplokk.jpg\",\"width\":2048,\"height\":2048},{\"@type\":\"BreadcrumbList\",\"@id\":\"https:\/\/espak.ee\/epood\/toode\/bauroc-classic-3mpa-kergplokk-200200600\/#breadcrumb\",\"itemListElement\":[{\"@type\":\"ListItem\",\"position\":1,\"name\":\"Home\",\"item\":\"https:\/\/espak.ee\/epood\/\"},{\"@type\":\"ListItem\",\"position\":2,\"name\":\"Tootevalik\",\"item\":\"https:\/\/espak.ee\/epood\/tootevalik\/\"},{\"@type\":\"ListItem\",\"position\":3,\"name\":\"bauroc CLASSIC 3Mpa kergplokk 200*200*600\"}]},{\"@type\":\"WebSite\",\"@id\":\"https:\/\/espak.ee\/epood\/#website\",\"url\":\"https:\/\/espak.ee\/epood\/\",\"name\":\"Espak E-pood\",\"description\":\"\",\"potentialAction\":[{\"@type\":\"SearchAction\",\"target\":{\"@type\":\"EntryPoint\",\"urlTemplate\":\"https:\/\/espak.ee\/epood\/?s={search_term_string}\"},\"query-input\":{\"@type\":\"PropertyValueSpecification\",\"valueRequired\":true,\"valueName\":\"search_term_string\"}}],\"inLanguage\":\"et\"}]}<\/script>\n<!-- \/ Yoast SEO plugin. -->","yoast_head_json":{"title":"bauroc CLASSIC 3Mpa kergplokk 200*200*600 - Espak E-pood","robots":{"index":"index","follow":"follow","max-snippet":"max-snippet:-1","max-image-preview":"max-image-preview:large","max-video-preview":"max-video-preview:-1"},"canonical":"https:\/\/espak.ee\/epood\/toode\/bauroc-classic-3mpa-kergplokk-200200600\/","og_locale":"et_EE","og_type":"article","og_title":"bauroc CLASSIC 3Mpa kergplokk 200*200*600 - Espak E-pood","og_url":"https:\/\/espak.ee\/epood\/toode\/bauroc-classic-3mpa-kergplokk-200200600\/","og_site_name":"Espak E-pood","article_modified_time":"2024-03-22T21:02:31+00:00","og_image":[{"width":2048,"height":2048,"url":"https:\/\/espak.ee\/epood\/wp-content\/uploads\/CLASSIC-3-MPa-kergplokk.jpg","type":"image\/jpeg"}],"twitter_card":"summary_large_image","twitter_misc":{"Est. reading time":"1 minut"},"schema":{"@context":"https:\/\/schema.org","@graph":[{"@type":"WebPage","@id":"https:\/\/espak.ee\/epood\/toode\/bauroc-classic-3mpa-kergplokk-200200600\/","url":"https:\/\/espak.ee\/epood\/toode\/bauroc-classic-3mpa-kergplokk-200200600\/","name":"bauroc CLASSIC 3Mpa kergplokk 200*200*600 - Espak E-pood","isPartOf":{"@id":"https:\/\/espak.ee\/epood\/#website"},"primaryImageOfPage":{"@id":"https:\/\/espak.ee\/epood\/toode\/bauroc-classic-3mpa-kergplokk-200200600\/#primaryimage"},"image":{"@id":"https:\/\/espak.ee\/epood\/toode\/bauroc-classic-3mpa-kergplokk-200200600\/#primaryimage"},"thumbnailUrl":"https:\/\/espak.ee\/epood\/wp-content\/uploads\/CLASSIC-3-MPa-kergplokk.jpg","datePublished":"2020-05-20T03:00:10+00:00","dateModified":"2024-03-22T21:02:31+00:00","breadcrumb":{"@id":"https:\/\/espak.ee\/epood\/toode\/bauroc-classic-3mpa-kergplokk-200200600\/#breadcrumb"},"inLanguage":"et","potentialAction":[{"@type":"ReadAction","target":["https:\/\/espak.ee\/epood\/toode\/bauroc-classic-3mpa-kergplokk-200200600\/"]}]},{"@type":"ImageObject","inLanguage":"et","@id":"https:\/\/espak.ee\/epood\/toode\/bauroc-classic-3mpa-kergplokk-200200600\/#primaryimage","url":"https:\/\/espak.ee\/epood\/wp-content\/uploads\/CLASSIC-3-MPa-kergplokk.jpg","contentUrl":"https:\/\/espak.ee\/epood\/wp-content\/uploads\/CLASSIC-3-MPa-kergplokk.jpg","width":2048,"height":2048},{"@type":"BreadcrumbList","@id":"https:\/\/espak.ee\/epood\/toode\/bauroc-classic-3mpa-kergplokk-200200600\/#breadcrumb","itemListElement":[{"@type":"ListItem","position":1,"name":"Home","item":"https:\/\/espak.ee\/epood\/"},{"@type":"ListItem","position":2,"name":"Tootevalik","item":"https:\/\/espak.ee\/epood\/tootevalik\/"},{"@type":"ListItem","position":3,"name":"bauroc CLASSIC 3Mpa kergplokk 200*200*600"}]},{"@type":"WebSite","@id":"https:\/\/espak.ee\/epood\/#website","url":"https:\/\/espak.ee\/epood\/","name":"Espak E-pood","description":"","potentialAction":[{"@type":"SearchAction","target":{"@type":"EntryPoint","urlTemplate":"https:\/\/espak.ee\/epood\/?s={search_term_string}"},"query-input":{"@type":"PropertyValueSpecification","valueRequired":true,"valueName":"search_term_string"}}],"inLanguage":"et"}]}},"_links":{"self":[{"href":"https:\/\/espak.ee\/epood\/wp-json\/wp\/v2\/product\/28401","targetHints":{"allow":["GET"]}}],"collection":[{"href":"https:\/\/espak.ee\/epood\/wp-json\/wp\/v2\/product"}],"about":[{"href":"https:\/\/espak.ee\/epood\/wp-json\/wp\/v2\/types\/product"}],"replies":[{"embeddable":true,"href":"https:\/\/espak.ee\/epood\/wp-json\/wp\/v2\/comments?post=28401"}],"wp:featuredmedia":[{"embeddable":true,"href":"https:\/\/espak.ee\/epood\/wp-json\/wp\/v2\/media\/34764"}],"wp:attachment":[{"href":"https:\/\/espak.ee\/epood\/wp-json\/wp\/v2\/media?parent=28401"}],"wp:term":[{"taxonomy":"product_brand","embeddable":true,"href":"https:\/\/espak.ee\/epood\/wp-json\/wp\/v2\/product_brand?post=28401"},{"taxonomy":"product_cat","embeddable":true,"href":"https:\/\/espak.ee\/epood\/wp-json\/wp\/v2\/product_cat?post=28401"},{"taxonomy":"product_tag","embeddable":true,"href":"https:\/\/espak.ee\/epood\/wp-json\/wp\/v2\/product_tag?post=28401"}],"curies":[{"name":"wp","href":"https:\/\/api.w.org\/{rel}","templated":true}]}}