{"id":270990,"date":"2026-04-21T05:05:02","date_gmt":"2026-04-21T02:05:02","guid":{"rendered":"https:\/\/espak.ee\/epood\/?post_type=product&#038;p=270990"},"modified":"2026-05-10T08:52:59","modified_gmt":"2026-05-10T05:52:59","slug":"hudrogeel-10g-baltic-agro","status":"publish","type":"product","link":"https:\/\/espak.ee\/epood\/toode\/hudrogeel-10g-baltic-agro\/","title":{"rendered":"H\u00dcDROGEEL 10G BALTIC AGRO"},"content":{"rendered":"<div class=\"row\"  id=\"row-1988850135\">\n\n\t<div id=\"col-1126053668\" class=\"col medium-9 small-12 large-9\"  >\n\t\t\t\t<div class=\"col-inner\"  >\n\t\t\t\n\t\t\t\n<h3>H\u00fcdrogeel 10g Baltic Agro<\/h3>\n<p>H\u00fcdrogeel parandab mullas vee- ja toitainete s\u00e4ilitusv\u00f5imet ning soodustab taimede \u00fchtlast kasvu.<br \/>\nKuival perioodil saavad taimed vajaliku vee ja seotud toitained h\u00fcdrogeelist. Vee ja toitainete imendumise ja vabastamise protsess kordub kogu vegetatsiooniperioodi jooksul. Sobib kasutamiseks toataimedele, r\u00f5du- ja terrassitaimedele, samuti aiataimedele, peenardele ja muudele<br \/>\nhaljasaladele. <\/p>\n<p><strong>Kasutusjuhend:<\/strong><br \/>\nToataimed: kasutusnorm 10 g h\u00fcdrogeeli 16 liitri kasvusubstraadi kohta. V\u00e4iksema veevajadusega taimedele \u2013 10 g \/ 34 l substraati. Suurema veevajadusega taimedele \u2013 10 g \/ 11 l substraati. Suuremat soovitatud kogust kasutada poorse ja v\u00e4ga vett l\u00e4bilaskva substraadi korral (liiv, koorepuru, kruus). Segada soovitatud kogus toodet kasvusubstraadiga ning t\u00e4ita sellega potid v\u00f5i anumad. P\u00e4rast istutamist kasta taimi korralikult veega.<br \/>\nR\u00f5dutaimed: kasutusnorm 10 g h\u00fcdrogeeli 12 liitri kasvusubstraadi kohta. Segada soovitatud kogus toodet kasvusubstraadiga ning t\u00e4ita sellega anumad. P\u00e4rast istutamist kasta ohtra veega.<br \/>\n Kasvuhoone peenrad, haljasalad ja lillepeenrad: Enne taimede istutamist laotada pinnasele 8-10 g toodet 1 m\u00b2 kohta ja segada 10-15 cm s\u00fcgavuseni mulda. Seej\u00e4rel istutada taimed ja kasta rohke veega.<br \/>\n Mitmeaastaste taimede puhul kasutada varakevadel koguses 8-10 g \/ 1 m\u00b2 mitte sagedamini kui iga 4 aasta tagant. Toode segada pinnase \u00fclemise kihiga ja kasta.<\/p>\n\t\t<\/div>\n\t\t\t\t\t<\/div>\n\n\t\n\n\t<div id=\"col-1492098277\" class=\"col medium-3 small-12 large-3\"  >\n\t\t\t\t<div class=\"col-inner\"  >\n\t\t\t\n\t\t\t\n<p><strong>\u00dcksikasjalikuma n\u00f5u saamiseks v\u00f5tke \u00fchendust:<br \/><\/strong>Baltic Agro AS<br \/> Rukki tee 8<br \/> Lehmja k\u00fcla<br \/> Rae vald<br \/> Telefon +372 606 2260<\/p>\n\t\t<\/div>\n\t\t\t\t\t<\/div>\n\n\t\n<\/div>\n","protected":false},"excerpt":{"rendered":"","protected":false},"featured_media":271009,"comment_status":"closed","ping_status":"closed","template":"","meta":[],"product_brand":[],"product_cat":[2789,2788,2878,2877],"product_tag":[],"class_list":{"0":"post-270990","1":"product","2":"type-product","3":"status-publish","4":"has-post-thumbnail","6":"product_cat-aiatarbed","7":"product_cat-aiatarbed-ja-kodukaubad","8":"product_cat-aiavaetised","9":"product_cat-vaetised","10":"pa_kaubamark-baltic-agro-as","12":"first","13":"instock","14":"sale","15":"taxable","16":"shipping-taxable","17":"purchasable","18":"product-type-simple"},"yoast_head":"<!-- This site is optimized with the Yoast SEO plugin v26.9 - https:\/\/yoast.com\/product\/yoast-seo-wordpress\/ -->\n<title>H\u00dcDROGEEL 10G BALTIC AGRO - Espak E-pood<\/title>\n<meta name=\"robots\" content=\"index, follow, max-snippet:-1, max-image-preview:large, max-video-preview:-1\" \/>\n<link rel=\"canonical\" href=\"https:\/\/espak.ee\/epood\/toode\/hudrogeel-10g-baltic-agro\/\" \/>\n<meta property=\"og:locale\" content=\"et_EE\" \/>\n<meta property=\"og:type\" content=\"article\" \/>\n<meta property=\"og:title\" content=\"H\u00dcDROGEEL 10G BALTIC AGRO - Espak E-pood\" \/>\n<meta property=\"og:url\" content=\"https:\/\/espak.ee\/epood\/toode\/hudrogeel-10g-baltic-agro\/\" \/>\n<meta property=\"og:site_name\" content=\"Espak E-pood\" \/>\n<meta property=\"article:modified_time\" content=\"2026-05-10T05:52:59+00:00\" \/>\n<meta property=\"og:image\" content=\"https:\/\/espak.ee\/epood\/wp-content\/uploads\/2026\/04\/4744360013558-1.jpg\" \/>\n\t<meta property=\"og:image:width\" content=\"1000\" \/>\n\t<meta property=\"og:image:height\" content=\"1000\" \/>\n\t<meta property=\"og:image:type\" content=\"image\/jpeg\" \/>\n<meta name=\"twitter:card\" content=\"summary_large_image\" \/>\n<meta name=\"twitter:label1\" content=\"Est. reading time\" \/>\n\t<meta name=\"twitter:data1\" content=\"1 minut\" \/>\n<script type=\"application\/ld+json\" class=\"yoast-schema-graph\">{\"@context\":\"https:\/\/schema.org\",\"@graph\":[{\"@type\":\"WebPage\",\"@id\":\"https:\/\/espak.ee\/epood\/toode\/hudrogeel-10g-baltic-agro\/\",\"url\":\"https:\/\/espak.ee\/epood\/toode\/hudrogeel-10g-baltic-agro\/\",\"name\":\"H\u00dcDROGEEL 10G BALTIC AGRO - Espak E-pood\",\"isPartOf\":{\"@id\":\"https:\/\/espak.ee\/epood\/#website\"},\"primaryImageOfPage\":{\"@id\":\"https:\/\/espak.ee\/epood\/toode\/hudrogeel-10g-baltic-agro\/#primaryimage\"},\"image\":{\"@id\":\"https:\/\/espak.ee\/epood\/toode\/hudrogeel-10g-baltic-agro\/#primaryimage\"},\"thumbnailUrl\":\"https:\/\/espak.ee\/epood\/wp-content\/uploads\/2026\/04\/4744360013558-1.jpg\",\"datePublished\":\"2026-04-21T02:05:02+00:00\",\"dateModified\":\"2026-05-10T05:52:59+00:00\",\"breadcrumb\":{\"@id\":\"https:\/\/espak.ee\/epood\/toode\/hudrogeel-10g-baltic-agro\/#breadcrumb\"},\"inLanguage\":\"et\",\"potentialAction\":[{\"@type\":\"ReadAction\",\"target\":[\"https:\/\/espak.ee\/epood\/toode\/hudrogeel-10g-baltic-agro\/\"]}]},{\"@type\":\"ImageObject\",\"inLanguage\":\"et\",\"@id\":\"https:\/\/espak.ee\/epood\/toode\/hudrogeel-10g-baltic-agro\/#primaryimage\",\"url\":\"https:\/\/espak.ee\/epood\/wp-content\/uploads\/2026\/04\/4744360013558-1.jpg\",\"contentUrl\":\"https:\/\/espak.ee\/epood\/wp-content\/uploads\/2026\/04\/4744360013558-1.jpg\",\"width\":1000,\"height\":1000},{\"@type\":\"BreadcrumbList\",\"@id\":\"https:\/\/espak.ee\/epood\/toode\/hudrogeel-10g-baltic-agro\/#breadcrumb\",\"itemListElement\":[{\"@type\":\"ListItem\",\"position\":1,\"name\":\"Home\",\"item\":\"https:\/\/espak.ee\/epood\/\"},{\"@type\":\"ListItem\",\"position\":2,\"name\":\"Tootevalik\",\"item\":\"https:\/\/espak.ee\/epood\/tootevalik\/\"},{\"@type\":\"ListItem\",\"position\":3,\"name\":\"H\u00dcDROGEEL 10G BALTIC AGRO\"}]},{\"@type\":\"WebSite\",\"@id\":\"https:\/\/espak.ee\/epood\/#website\",\"url\":\"https:\/\/espak.ee\/epood\/\",\"name\":\"Espak E-pood\",\"description\":\"\",\"potentialAction\":[{\"@type\":\"SearchAction\",\"target\":{\"@type\":\"EntryPoint\",\"urlTemplate\":\"https:\/\/espak.ee\/epood\/?s={search_term_string}\"},\"query-input\":{\"@type\":\"PropertyValueSpecification\",\"valueRequired\":true,\"valueName\":\"search_term_string\"}}],\"inLanguage\":\"et\"}]}<\/script>\n<!-- \/ Yoast SEO plugin. -->","yoast_head_json":{"title":"H\u00dcDROGEEL 10G BALTIC AGRO - Espak E-pood","robots":{"index":"index","follow":"follow","max-snippet":"max-snippet:-1","max-image-preview":"max-image-preview:large","max-video-preview":"max-video-preview:-1"},"canonical":"https:\/\/espak.ee\/epood\/toode\/hudrogeel-10g-baltic-agro\/","og_locale":"et_EE","og_type":"article","og_title":"H\u00dcDROGEEL 10G BALTIC AGRO - Espak E-pood","og_url":"https:\/\/espak.ee\/epood\/toode\/hudrogeel-10g-baltic-agro\/","og_site_name":"Espak E-pood","article_modified_time":"2026-05-10T05:52:59+00:00","og_image":[{"width":1000,"height":1000,"url":"https:\/\/espak.ee\/epood\/wp-content\/uploads\/2026\/04\/4744360013558-1.jpg","type":"image\/jpeg"}],"twitter_card":"summary_large_image","twitter_misc":{"Est. reading time":"1 minut"},"schema":{"@context":"https:\/\/schema.org","@graph":[{"@type":"WebPage","@id":"https:\/\/espak.ee\/epood\/toode\/hudrogeel-10g-baltic-agro\/","url":"https:\/\/espak.ee\/epood\/toode\/hudrogeel-10g-baltic-agro\/","name":"H\u00dcDROGEEL 10G BALTIC AGRO - Espak E-pood","isPartOf":{"@id":"https:\/\/espak.ee\/epood\/#website"},"primaryImageOfPage":{"@id":"https:\/\/espak.ee\/epood\/toode\/hudrogeel-10g-baltic-agro\/#primaryimage"},"image":{"@id":"https:\/\/espak.ee\/epood\/toode\/hudrogeel-10g-baltic-agro\/#primaryimage"},"thumbnailUrl":"https:\/\/espak.ee\/epood\/wp-content\/uploads\/2026\/04\/4744360013558-1.jpg","datePublished":"2026-04-21T02:05:02+00:00","dateModified":"2026-05-10T05:52:59+00:00","breadcrumb":{"@id":"https:\/\/espak.ee\/epood\/toode\/hudrogeel-10g-baltic-agro\/#breadcrumb"},"inLanguage":"et","potentialAction":[{"@type":"ReadAction","target":["https:\/\/espak.ee\/epood\/toode\/hudrogeel-10g-baltic-agro\/"]}]},{"@type":"ImageObject","inLanguage":"et","@id":"https:\/\/espak.ee\/epood\/toode\/hudrogeel-10g-baltic-agro\/#primaryimage","url":"https:\/\/espak.ee\/epood\/wp-content\/uploads\/2026\/04\/4744360013558-1.jpg","contentUrl":"https:\/\/espak.ee\/epood\/wp-content\/uploads\/2026\/04\/4744360013558-1.jpg","width":1000,"height":1000},{"@type":"BreadcrumbList","@id":"https:\/\/espak.ee\/epood\/toode\/hudrogeel-10g-baltic-agro\/#breadcrumb","itemListElement":[{"@type":"ListItem","position":1,"name":"Home","item":"https:\/\/espak.ee\/epood\/"},{"@type":"ListItem","position":2,"name":"Tootevalik","item":"https:\/\/espak.ee\/epood\/tootevalik\/"},{"@type":"ListItem","position":3,"name":"H\u00dcDROGEEL 10G BALTIC AGRO"}]},{"@type":"WebSite","@id":"https:\/\/espak.ee\/epood\/#website","url":"https:\/\/espak.ee\/epood\/","name":"Espak E-pood","description":"","potentialAction":[{"@type":"SearchAction","target":{"@type":"EntryPoint","urlTemplate":"https:\/\/espak.ee\/epood\/?s={search_term_string}"},"query-input":{"@type":"PropertyValueSpecification","valueRequired":true,"valueName":"search_term_string"}}],"inLanguage":"et"}]}},"_links":{"self":[{"href":"https:\/\/espak.ee\/epood\/wp-json\/wp\/v2\/product\/270990","targetHints":{"allow":["GET"]}}],"collection":[{"href":"https:\/\/espak.ee\/epood\/wp-json\/wp\/v2\/product"}],"about":[{"href":"https:\/\/espak.ee\/epood\/wp-json\/wp\/v2\/types\/product"}],"replies":[{"embeddable":true,"href":"https:\/\/espak.ee\/epood\/wp-json\/wp\/v2\/comments?post=270990"}],"wp:featuredmedia":[{"embeddable":true,"href":"https:\/\/espak.ee\/epood\/wp-json\/wp\/v2\/media\/271009"}],"wp:attachment":[{"href":"https:\/\/espak.ee\/epood\/wp-json\/wp\/v2\/media?parent=270990"}],"wp:term":[{"taxonomy":"product_brand","embeddable":true,"href":"https:\/\/espak.ee\/epood\/wp-json\/wp\/v2\/product_brand?post=270990"},{"taxonomy":"product_cat","embeddable":true,"href":"https:\/\/espak.ee\/epood\/wp-json\/wp\/v2\/product_cat?post=270990"},{"taxonomy":"product_tag","embeddable":true,"href":"https:\/\/espak.ee\/epood\/wp-json\/wp\/v2\/product_tag?post=270990"}],"curies":[{"name":"wp","href":"https:\/\/api.w.org\/{rel}","templated":true}]}}