{"id":269101,"date":"2026-04-01T05:10:01","date_gmt":"2026-04-01T02:10:01","guid":{"rendered":"https:\/\/espak.ee\/epood\/?post_type=product&#038;p=269101"},"modified":"2026-04-01T10:24:14","modified_gmt":"2026-04-01T07:24:14","slug":"tekstiilipesur-puzzi-8-1-adv-eu-karcher","status":"publish","type":"product","link":"https:\/\/espak.ee\/epood\/toode\/tekstiilipesur-puzzi-8-1-adv-eu-karcher\/","title":{"rendered":"TEKSTIILIPESUR PUZZI 8\/1 Adv *EU K\u00c4RCHER"},"content":{"rendered":"<div class=\"row\"  id=\"row-118409692\">\n\n\t<div id=\"col-370374330\" class=\"col medium-9 small-12 large-9\"  >\n\t\t\t\t<div class=\"col-inner\"  >\n\t\t\t\n\t\t\t\n<h3>Tekstiilipesur Puzzi 8\/1 Adv *EU K\u00e4rcher<\/h3>\n<p>240 mm laiuse vaibaotsiku ja l\u00fchikese polstriotsikuga tekstiilipesur Puzzi 8\/1 Adv on m\u00f5eldud eriti kiireks ja p\u00f5hjalikuks polstri ja vaipkattega pindade puhastamiseks.<\/p>\n<div class=\"message-box relative\" style=\"padding-top:15px;padding-bottom:15px;\"><div class=\"message-box-bg-image bg-fill fill\" ><\/div><div class=\"message-box-bg-overlay bg-fill fill\" ><\/div><div class=\"container relative\"><div class=\"inner last-reset\">\n<div class=\"row align-middle align-center\"  id=\"row-336839418\">\n\n\t<div id=\"col-1248753295\" class=\"col small-12 large-12\"  >\n\t\t\t\t<div class=\"col-inner text-left\"  >\n\t\t\t\n\t\t\t\n<h4>Omadused<\/h4>\n<div class=\"row\"  id=\"row-873493974\">\n\n\t<div id=\"col-951143389\" class=\"col medium-6 small-12 large-6\"  >\n\t\t\t\t<div class=\"col-inner\"  >\n\t\t\t\n\t\t\t\n<p><i class=\"fa fa-check fa-2x\"><\/i> <strong> Lihtne t\u00f5sta \u00fcle servade ja astmete \u2013 ka \u00fche k\u00e4ega<\/strong><\/p>\n<p><i class=\"fa fa-check fa-2x\"><\/i> <strong> Kummardamise vajadus puudub: sisse- ja v\u00e4ljal\u00fclitamiseks on masinal jalgl\u00fcliti, mis tagab masina kiire ja lihtsa kasutamise<\/strong><\/p>\n\t\t<\/div>\n\t\t\t\t\n<style>\n#col-951143389 > .col-inner {\n  margin: 0px 0px 15px 0px;\n}\n<\/style>\n\t<\/div>\n\n\t\n\n\t<div id=\"col-1198093724\" class=\"col medium-6 small-12 large-6\"  >\n\t\t\t\t<div class=\"col-inner\"  >\n\t\t\t\n\t\t\t\n<p><i class=\"fa fa-check fa-2x\"><\/i> <strong> Suur jalgl\u00fcliti tagab masina ergonoomilise kasutamise ja laseb keskenduda koristamisele<\/strong><\/p>\n\t\t<\/div>\n\t\t\t\t\n<style>\n#col-1198093724 > .col-inner {\n  margin: 0px 0px 15px 0px;\n}\n<\/style>\n\t<\/div>\n\n\t\n<\/div>\n\t\t<\/div>\n\t\t\t\t\t<\/div>\n\n\t\n<\/div>\n<\/div><\/div><\/div>\n\t<div id=\"gap-568581449\" class=\"gap-element clearfix\" style=\"display:block; height:auto;\">\n\t\t\n<style>\n#gap-568581449 {\n  padding-top: 30px;\n}\n<\/style>\n\t<\/div>\n\t\n<p>T\u00e4nu suurep\u00e4rasele imemisv\u00f5imele tagab K\u00e4rcheri professionaalne tekstiilipesur Puzzi 8\/1 Adv suurep\u00e4rased ja h\u00fcgieenilised puhastustulemused ning tagab tekstiilpindade kiire taaskasutamise. Tekstiilipesur on suurep\u00e4rane polstri, vaipade ja muude tekstiilpindade puhastamiseks. Masin pihustab puhastusvahendilahuse s\u00fcgavale tekstiilikiududesse, seej\u00e4rel eemaldab selle uuesti koos sealt eemaldunud mustusega. Selle vastupidav ja kompaktne disain tagab pika eluea ja seega ka k\u00f5rge kuluefektiivsuse \u2013 ideaalne ehitust\u00f6\u00f6v\u00f5tjatele, hotelli- ja toitlustussektorile v\u00f5i s\u00f5idukite sisepuhastuseks. Seadme kaas, polstriotsik ja p\u00f5randaotsik on l\u00e4bipaistvad, et m\u00e4\u00e4rdunud vesi oleks paremini n\u00e4ha. K\u00e4epidemel on samuti kontrollaken, kust saab vett monitoorida. Puzzi 8\/1 Adv v\u00e4ike kaal ja ergonoomiline kandesang v\u00f5imaldavad seda \u00fche k\u00e4ega transportida. Suured k\u00e4e v\u00f5i jalaga juhitavad nupud suurendavad samuti kasutaja mugavust.\n<\/p>\n\t\t<\/div>\n\t\t\t\t\t<\/div>\n\n\t\n\n\t<div id=\"col-1218482434\" class=\"col medium-3 small-12 large-3\"  >\n\t\t\t\t<div class=\"col-inner\"  >\n\t\t\t\n\t\t\t\n<h3>Infoleht<\/h3>\n<p><a href=\"https:\/\/espak.ee\/epood\/wp-content\/uploads\/2026\/04\/1.100-241.0_PI_et_EE.pdf\"target=\"_blank\" rel=\"noopener noreferrer\"><i class=\"far fa-file-pdf\"><\/i> Infoleht (PDF)<\/a><\/p>\n<h3>Kasutusjuhend<\/h3>\n<p><a href=\"https:\/\/espak.ee\/epood\/wp-content\/uploads\/2026\/04\/BTA-5765075-000-04.pdf\"target=\"_blank\" rel=\"noopener noreferrer\"><i class=\"far fa-file-pdf\"><\/i> Kasutusjuhend (PDF)<\/a><\/p>\n<h3>Ohutusjuhend<\/h3>\n<p><a href=\"https:\/\/espak.ee\/epood\/wp-content\/uploads\/2026\/04\/BTA-5409051-000-03.pdf\"target=\"_blank\" rel=\"noopener noreferrer\"><i class=\"far fa-file-pdf\"><\/i> Ohutusjuhend (PDF)<\/a><\/p>\n<div class=\"is-divider divider clearfix\" ><\/div>\n<p><strong>\u00dcksikasjalikuma n\u00f5u saamiseks v\u00f5tke \u00fchendust:<br \/><\/strong>Espak AS<br \/>Viadukti 42<br \/>11313<br \/>Tallinn<br \/>+372 6 512333<\/p>\n\t\t<\/div>\n\t\t\t\t\t<\/div>\n\n\t\n<\/div>\n","protected":false},"excerpt":{"rendered":"","protected":false},"featured_media":269150,"comment_status":"closed","ping_status":"closed","template":"","meta":[],"product_brand":[],"product_cat":[2680,2785,4401,2679],"product_tag":[],"class_list":{"0":"post-269101","1":"product","2":"type-product","3":"status-publish","4":"has-post-thumbnail","6":"product_cat-elektritooriistad","7":"product_cat-koristusseadmed","8":"product_cat-tekstiilipesurid","9":"product_cat-tooriistad","10":"pa_kaubamark-karcher","12":"first","13":"instock","14":"sale","15":"taxable","16":"shipping-taxable","17":"purchasable","18":"product-type-simple"},"yoast_head":"<!-- This site is optimized with the Yoast SEO plugin v26.9 - https:\/\/yoast.com\/product\/yoast-seo-wordpress\/ -->\n<title>TEKSTIILIPESUR PUZZI 8\/1 Adv *EU K\u00c4RCHER - Espak E-pood<\/title>\n<meta name=\"robots\" content=\"index, follow, max-snippet:-1, max-image-preview:large, max-video-preview:-1\" \/>\n<link rel=\"canonical\" href=\"https:\/\/espak.ee\/epood\/toode\/tekstiilipesur-puzzi-8-1-adv-eu-karcher\/\" \/>\n<meta property=\"og:locale\" content=\"et_EE\" \/>\n<meta property=\"og:type\" content=\"article\" \/>\n<meta property=\"og:title\" content=\"TEKSTIILIPESUR PUZZI 8\/1 Adv *EU K\u00c4RCHER - Espak E-pood\" \/>\n<meta property=\"og:url\" content=\"https:\/\/espak.ee\/epood\/toode\/tekstiilipesur-puzzi-8-1-adv-eu-karcher\/\" \/>\n<meta property=\"og:site_name\" content=\"Espak E-pood\" \/>\n<meta property=\"article:modified_time\" content=\"2026-04-01T07:24:14+00:00\" \/>\n<meta property=\"og:image\" content=\"https:\/\/espak.ee\/epood\/wp-content\/uploads\/2026\/04\/d0-118.jpg\" \/>\n\t<meta property=\"og:image:width\" content=\"1000\" \/>\n\t<meta property=\"og:image:height\" content=\"1000\" \/>\n\t<meta property=\"og:image:type\" content=\"image\/jpeg\" \/>\n<meta name=\"twitter:card\" content=\"summary_large_image\" \/>\n<meta name=\"twitter:label1\" content=\"Est. reading time\" \/>\n\t<meta name=\"twitter:data1\" content=\"1 minut\" \/>\n<script type=\"application\/ld+json\" class=\"yoast-schema-graph\">{\"@context\":\"https:\/\/schema.org\",\"@graph\":[{\"@type\":\"WebPage\",\"@id\":\"https:\/\/espak.ee\/epood\/toode\/tekstiilipesur-puzzi-8-1-adv-eu-karcher\/\",\"url\":\"https:\/\/espak.ee\/epood\/toode\/tekstiilipesur-puzzi-8-1-adv-eu-karcher\/\",\"name\":\"TEKSTIILIPESUR PUZZI 8\/1 Adv *EU K\u00c4RCHER - Espak E-pood\",\"isPartOf\":{\"@id\":\"https:\/\/espak.ee\/epood\/#website\"},\"primaryImageOfPage\":{\"@id\":\"https:\/\/espak.ee\/epood\/toode\/tekstiilipesur-puzzi-8-1-adv-eu-karcher\/#primaryimage\"},\"image\":{\"@id\":\"https:\/\/espak.ee\/epood\/toode\/tekstiilipesur-puzzi-8-1-adv-eu-karcher\/#primaryimage\"},\"thumbnailUrl\":\"https:\/\/espak.ee\/epood\/wp-content\/uploads\/2026\/04\/d0-118.jpg\",\"datePublished\":\"2026-04-01T02:10:01+00:00\",\"dateModified\":\"2026-04-01T07:24:14+00:00\",\"breadcrumb\":{\"@id\":\"https:\/\/espak.ee\/epood\/toode\/tekstiilipesur-puzzi-8-1-adv-eu-karcher\/#breadcrumb\"},\"inLanguage\":\"et\",\"potentialAction\":[{\"@type\":\"ReadAction\",\"target\":[\"https:\/\/espak.ee\/epood\/toode\/tekstiilipesur-puzzi-8-1-adv-eu-karcher\/\"]}]},{\"@type\":\"ImageObject\",\"inLanguage\":\"et\",\"@id\":\"https:\/\/espak.ee\/epood\/toode\/tekstiilipesur-puzzi-8-1-adv-eu-karcher\/#primaryimage\",\"url\":\"https:\/\/espak.ee\/epood\/wp-content\/uploads\/2026\/04\/d0-118.jpg\",\"contentUrl\":\"https:\/\/espak.ee\/epood\/wp-content\/uploads\/2026\/04\/d0-118.jpg\",\"width\":1000,\"height\":1000},{\"@type\":\"BreadcrumbList\",\"@id\":\"https:\/\/espak.ee\/epood\/toode\/tekstiilipesur-puzzi-8-1-adv-eu-karcher\/#breadcrumb\",\"itemListElement\":[{\"@type\":\"ListItem\",\"position\":1,\"name\":\"Home\",\"item\":\"https:\/\/espak.ee\/epood\/\"},{\"@type\":\"ListItem\",\"position\":2,\"name\":\"Tootevalik\",\"item\":\"https:\/\/espak.ee\/epood\/tootevalik\/\"},{\"@type\":\"ListItem\",\"position\":3,\"name\":\"TEKSTIILIPESUR PUZZI 8\/1 Adv *EU K\u00c4RCHER\"}]},{\"@type\":\"WebSite\",\"@id\":\"https:\/\/espak.ee\/epood\/#website\",\"url\":\"https:\/\/espak.ee\/epood\/\",\"name\":\"Espak E-pood\",\"description\":\"\",\"potentialAction\":[{\"@type\":\"SearchAction\",\"target\":{\"@type\":\"EntryPoint\",\"urlTemplate\":\"https:\/\/espak.ee\/epood\/?s={search_term_string}\"},\"query-input\":{\"@type\":\"PropertyValueSpecification\",\"valueRequired\":true,\"valueName\":\"search_term_string\"}}],\"inLanguage\":\"et\"}]}<\/script>\n<!-- \/ Yoast SEO plugin. -->","yoast_head_json":{"title":"TEKSTIILIPESUR PUZZI 8\/1 Adv *EU K\u00c4RCHER - Espak E-pood","robots":{"index":"index","follow":"follow","max-snippet":"max-snippet:-1","max-image-preview":"max-image-preview:large","max-video-preview":"max-video-preview:-1"},"canonical":"https:\/\/espak.ee\/epood\/toode\/tekstiilipesur-puzzi-8-1-adv-eu-karcher\/","og_locale":"et_EE","og_type":"article","og_title":"TEKSTIILIPESUR PUZZI 8\/1 Adv *EU K\u00c4RCHER - Espak E-pood","og_url":"https:\/\/espak.ee\/epood\/toode\/tekstiilipesur-puzzi-8-1-adv-eu-karcher\/","og_site_name":"Espak E-pood","article_modified_time":"2026-04-01T07:24:14+00:00","og_image":[{"width":1000,"height":1000,"url":"https:\/\/espak.ee\/epood\/wp-content\/uploads\/2026\/04\/d0-118.jpg","type":"image\/jpeg"}],"twitter_card":"summary_large_image","twitter_misc":{"Est. reading time":"1 minut"},"schema":{"@context":"https:\/\/schema.org","@graph":[{"@type":"WebPage","@id":"https:\/\/espak.ee\/epood\/toode\/tekstiilipesur-puzzi-8-1-adv-eu-karcher\/","url":"https:\/\/espak.ee\/epood\/toode\/tekstiilipesur-puzzi-8-1-adv-eu-karcher\/","name":"TEKSTIILIPESUR PUZZI 8\/1 Adv *EU K\u00c4RCHER - Espak E-pood","isPartOf":{"@id":"https:\/\/espak.ee\/epood\/#website"},"primaryImageOfPage":{"@id":"https:\/\/espak.ee\/epood\/toode\/tekstiilipesur-puzzi-8-1-adv-eu-karcher\/#primaryimage"},"image":{"@id":"https:\/\/espak.ee\/epood\/toode\/tekstiilipesur-puzzi-8-1-adv-eu-karcher\/#primaryimage"},"thumbnailUrl":"https:\/\/espak.ee\/epood\/wp-content\/uploads\/2026\/04\/d0-118.jpg","datePublished":"2026-04-01T02:10:01+00:00","dateModified":"2026-04-01T07:24:14+00:00","breadcrumb":{"@id":"https:\/\/espak.ee\/epood\/toode\/tekstiilipesur-puzzi-8-1-adv-eu-karcher\/#breadcrumb"},"inLanguage":"et","potentialAction":[{"@type":"ReadAction","target":["https:\/\/espak.ee\/epood\/toode\/tekstiilipesur-puzzi-8-1-adv-eu-karcher\/"]}]},{"@type":"ImageObject","inLanguage":"et","@id":"https:\/\/espak.ee\/epood\/toode\/tekstiilipesur-puzzi-8-1-adv-eu-karcher\/#primaryimage","url":"https:\/\/espak.ee\/epood\/wp-content\/uploads\/2026\/04\/d0-118.jpg","contentUrl":"https:\/\/espak.ee\/epood\/wp-content\/uploads\/2026\/04\/d0-118.jpg","width":1000,"height":1000},{"@type":"BreadcrumbList","@id":"https:\/\/espak.ee\/epood\/toode\/tekstiilipesur-puzzi-8-1-adv-eu-karcher\/#breadcrumb","itemListElement":[{"@type":"ListItem","position":1,"name":"Home","item":"https:\/\/espak.ee\/epood\/"},{"@type":"ListItem","position":2,"name":"Tootevalik","item":"https:\/\/espak.ee\/epood\/tootevalik\/"},{"@type":"ListItem","position":3,"name":"TEKSTIILIPESUR PUZZI 8\/1 Adv *EU K\u00c4RCHER"}]},{"@type":"WebSite","@id":"https:\/\/espak.ee\/epood\/#website","url":"https:\/\/espak.ee\/epood\/","name":"Espak E-pood","description":"","potentialAction":[{"@type":"SearchAction","target":{"@type":"EntryPoint","urlTemplate":"https:\/\/espak.ee\/epood\/?s={search_term_string}"},"query-input":{"@type":"PropertyValueSpecification","valueRequired":true,"valueName":"search_term_string"}}],"inLanguage":"et"}]}},"_links":{"self":[{"href":"https:\/\/espak.ee\/epood\/wp-json\/wp\/v2\/product\/269101","targetHints":{"allow":["GET"]}}],"collection":[{"href":"https:\/\/espak.ee\/epood\/wp-json\/wp\/v2\/product"}],"about":[{"href":"https:\/\/espak.ee\/epood\/wp-json\/wp\/v2\/types\/product"}],"replies":[{"embeddable":true,"href":"https:\/\/espak.ee\/epood\/wp-json\/wp\/v2\/comments?post=269101"}],"wp:featuredmedia":[{"embeddable":true,"href":"https:\/\/espak.ee\/epood\/wp-json\/wp\/v2\/media\/269150"}],"wp:attachment":[{"href":"https:\/\/espak.ee\/epood\/wp-json\/wp\/v2\/media?parent=269101"}],"wp:term":[{"taxonomy":"product_brand","embeddable":true,"href":"https:\/\/espak.ee\/epood\/wp-json\/wp\/v2\/product_brand?post=269101"},{"taxonomy":"product_cat","embeddable":true,"href":"https:\/\/espak.ee\/epood\/wp-json\/wp\/v2\/product_cat?post=269101"},{"taxonomy":"product_tag","embeddable":true,"href":"https:\/\/espak.ee\/epood\/wp-json\/wp\/v2\/product_tag?post=269101"}],"curies":[{"name":"wp","href":"https:\/\/api.w.org\/{rel}","templated":true}]}}