{"id":268938,"date":"2026-03-31T05:05:01","date_gmt":"2026-03-31T02:05:01","guid":{"rendered":"https:\/\/espak.ee\/epood\/?post_type=product&#038;p=268938"},"modified":"2026-03-31T13:30:37","modified_gmt":"2026-03-31T10:30:37","slug":"laeventilaator-valgustiga-ventelux-15w24w-45cm-cct-kobi","status":"publish","type":"product","link":"https:\/\/espak.ee\/epood\/toode\/laeventilaator-valgustiga-ventelux-15w24w-45cm-cct-kobi\/","title":{"rendered":"LAEVENTILAATOR VALGUSTIGA VENTELUX 15W+24W 45CM CCT KOBI"},"content":{"rendered":"<div class=\"row\"  id=\"row-240810352\">\n\n\t<div id=\"col-1550605304\" class=\"col medium-9 small-12 large-9\"  >\n\t\t\t\t<div class=\"col-inner\"  >\n\t\t\t\n\t\t\t\n<h3>Laeventilaator LED valgusti ja puldiga 15W+24W 45cm valge  <\/h3>\n<p>VENTELUX Kobi Windstar on kaasaegne 2-in-1-lahendus, mis \u00fchendab energias\u00e4\u00e4stliku LED-valgustuse v\u00f5imsa laeventilaatoriga. Valgustit ja ventilaatorit saab kasutada eraldi, mis v\u00f5imaldab paindlikult kohanduda ruumi hetkeoludega. Reguleeritav valguse v\u00e4rv ja heledus, taimeri programmeerimine ning ventilaatori p\u00f6\u00f6rlemissuuna muutmine tagavad mugavuse ning optimaalse \u00f5huringluse kogu aasta v\u00e4ltel.<br \/>\n<strong>Valgusallikas: <\/strong>LED 24W 1550lm 3000 &#8211; 6500 K.<br \/>\n<strong>Ventilaator:<\/strong> 15W, \u00f5huvoolu kiirus 33,6m3\/minutis.<br \/>\n<strong>Pult: <\/strong>toide 2*AAA patarei (ei kuulu komplekti), ulatus 5m.<br \/>\nM\u00f5\u00f5t: 14,5 x diam.45 cm.<br \/>\nEnergiaklass (valgusti): D.  <\/p>\n\t\t<\/div>\n\t\t\t\t\t<\/div>\n\n\t\n\n\t<div id=\"col-1418275399\" class=\"col medium-3 small-12 large-3\"  >\n\t\t\t\t<div class=\"col-inner\"  >\n\t\t\t\n\t\t\t\n<h3>Kasutusjuhend<\/h3>\n<p><a href=\"https:\/\/espak.ee\/epood\/wp-content\/uploads\/2026\/03\/Ceiling-LED-lamp-with-fan-VENTELUX-24W15W-3CCT-white-Kobi-Windstar-004592-User-manual.pdf\"target=\"_blank\" rel=\"noopener noreferrer\"><i class=\"far fa-file-pdf\"><\/i> Kasutusjuhend (PDF)<\/a><\/p>\n<h3>Teabeleht<\/h3>\n<p><a href=\"https:\/\/espak.ee\/epood\/wp-content\/uploads\/2026\/03\/Fiche_2458402_ET.pdf\"target=\"_blank\" rel=\"noopener noreferrer\"><i class=\"far fa-file-pdf\"><\/i> Teabeleht (PDF)<\/a><\/p>\n\t<div id=\"gap-1165304419\" class=\"gap-element clearfix\" style=\"display:block; height:auto;\">\n\t\t\n<style>\n#gap-1165304419 {\n  padding-top: 30px;\n}\n<\/style>\n\t<\/div>\n\t\n<p><strong>\u00dcksikasjalikuma n\u00f5u saamiseks v\u00f5tke \u00fchendust:<br \/><\/strong>Espak AS<br \/>Viadukti 42<br \/>11313<br \/>Tallinn<br \/>+372 6 512333<\/p>\n\t\t<\/div>\n\t\t\t\t\t<\/div>\n\n\t\n<\/div>\n","protected":false},"excerpt":{"rendered":"","protected":false},"featured_media":269016,"comment_status":"closed","ping_status":"closed","template":"","meta":[],"product_brand":[],"product_cat":[2934,2962,2960,2959],"product_tag":[],"class_list":{"0":"post-268938","1":"product","2":"type-product","3":"status-publish","4":"has-post-thumbnail","6":"product_cat-elektrikaubad-ja-valgustid","7":"product_cat-laevalgustid","8":"product_cat-valgustid-valgustid","9":"product_cat-valgustid","10":"pa_kaubamark-trio-lighting-scandinavia-oy","12":"first","13":"instock","14":"sale","15":"taxable","16":"shipping-taxable","17":"purchasable","18":"product-type-simple"},"yoast_head":"<!-- This site is optimized with the Yoast SEO plugin v26.9 - https:\/\/yoast.com\/product\/yoast-seo-wordpress\/ -->\n<title>LAEVENTILAATOR VALGUSTIGA VENTELUX 15W+24W 45CM CCT KOBI - Espak E-pood<\/title>\n<meta name=\"robots\" content=\"index, follow, max-snippet:-1, max-image-preview:large, max-video-preview:-1\" \/>\n<link rel=\"canonical\" href=\"https:\/\/espak.ee\/epood\/toode\/laeventilaator-valgustiga-ventelux-15w24w-45cm-cct-kobi\/\" \/>\n<meta property=\"og:locale\" content=\"et_EE\" \/>\n<meta property=\"og:type\" content=\"article\" \/>\n<meta property=\"og:title\" content=\"LAEVENTILAATOR VALGUSTIGA VENTELUX 15W+24W 45CM CCT KOBI - Espak E-pood\" \/>\n<meta property=\"og:url\" content=\"https:\/\/espak.ee\/epood\/toode\/laeventilaator-valgustiga-ventelux-15w24w-45cm-cct-kobi\/\" \/>\n<meta property=\"og:site_name\" content=\"Espak E-pood\" \/>\n<meta property=\"article:modified_time\" content=\"2026-03-31T10:30:37+00:00\" \/>\n<meta property=\"og:image\" content=\"https:\/\/espak.ee\/epood\/wp-content\/uploads\/2026\/03\/ceiling-led-lamp-with-fan-ventelux-24w-15w-3cct-white-kobi-windstar-83446fbf3ac94ef9a5e0cebdb973629a-4e344e1d.jpg\" \/>\n\t<meta property=\"og:image:width\" content=\"1000\" \/>\n\t<meta property=\"og:image:height\" content=\"1000\" \/>\n\t<meta property=\"og:image:type\" content=\"image\/jpeg\" \/>\n<meta name=\"twitter:card\" content=\"summary_large_image\" \/>\n<meta name=\"twitter:label1\" content=\"Est. reading time\" \/>\n\t<meta name=\"twitter:data1\" content=\"1 minut\" \/>\n<script type=\"application\/ld+json\" class=\"yoast-schema-graph\">{\"@context\":\"https:\/\/schema.org\",\"@graph\":[{\"@type\":\"WebPage\",\"@id\":\"https:\/\/espak.ee\/epood\/toode\/laeventilaator-valgustiga-ventelux-15w24w-45cm-cct-kobi\/\",\"url\":\"https:\/\/espak.ee\/epood\/toode\/laeventilaator-valgustiga-ventelux-15w24w-45cm-cct-kobi\/\",\"name\":\"LAEVENTILAATOR VALGUSTIGA VENTELUX 15W+24W 45CM CCT KOBI - Espak E-pood\",\"isPartOf\":{\"@id\":\"https:\/\/espak.ee\/epood\/#website\"},\"primaryImageOfPage\":{\"@id\":\"https:\/\/espak.ee\/epood\/toode\/laeventilaator-valgustiga-ventelux-15w24w-45cm-cct-kobi\/#primaryimage\"},\"image\":{\"@id\":\"https:\/\/espak.ee\/epood\/toode\/laeventilaator-valgustiga-ventelux-15w24w-45cm-cct-kobi\/#primaryimage\"},\"thumbnailUrl\":\"https:\/\/espak.ee\/epood\/wp-content\/uploads\/2026\/03\/ceiling-led-lamp-with-fan-ventelux-24w-15w-3cct-white-kobi-windstar-83446fbf3ac94ef9a5e0cebdb973629a-4e344e1d.jpg\",\"datePublished\":\"2026-03-31T02:05:01+00:00\",\"dateModified\":\"2026-03-31T10:30:37+00:00\",\"breadcrumb\":{\"@id\":\"https:\/\/espak.ee\/epood\/toode\/laeventilaator-valgustiga-ventelux-15w24w-45cm-cct-kobi\/#breadcrumb\"},\"inLanguage\":\"et\",\"potentialAction\":[{\"@type\":\"ReadAction\",\"target\":[\"https:\/\/espak.ee\/epood\/toode\/laeventilaator-valgustiga-ventelux-15w24w-45cm-cct-kobi\/\"]}]},{\"@type\":\"ImageObject\",\"inLanguage\":\"et\",\"@id\":\"https:\/\/espak.ee\/epood\/toode\/laeventilaator-valgustiga-ventelux-15w24w-45cm-cct-kobi\/#primaryimage\",\"url\":\"https:\/\/espak.ee\/epood\/wp-content\/uploads\/2026\/03\/ceiling-led-lamp-with-fan-ventelux-24w-15w-3cct-white-kobi-windstar-83446fbf3ac94ef9a5e0cebdb973629a-4e344e1d.jpg\",\"contentUrl\":\"https:\/\/espak.ee\/epood\/wp-content\/uploads\/2026\/03\/ceiling-led-lamp-with-fan-ventelux-24w-15w-3cct-white-kobi-windstar-83446fbf3ac94ef9a5e0cebdb973629a-4e344e1d.jpg\",\"width\":1000,\"height\":1000},{\"@type\":\"BreadcrumbList\",\"@id\":\"https:\/\/espak.ee\/epood\/toode\/laeventilaator-valgustiga-ventelux-15w24w-45cm-cct-kobi\/#breadcrumb\",\"itemListElement\":[{\"@type\":\"ListItem\",\"position\":1,\"name\":\"Home\",\"item\":\"https:\/\/espak.ee\/epood\/\"},{\"@type\":\"ListItem\",\"position\":2,\"name\":\"Tootevalik\",\"item\":\"https:\/\/espak.ee\/epood\/tootevalik\/\"},{\"@type\":\"ListItem\",\"position\":3,\"name\":\"LAEVENTILAATOR VALGUSTIGA VENTELUX 15W+24W 45CM CCT KOBI\"}]},{\"@type\":\"WebSite\",\"@id\":\"https:\/\/espak.ee\/epood\/#website\",\"url\":\"https:\/\/espak.ee\/epood\/\",\"name\":\"Espak E-pood\",\"description\":\"\",\"potentialAction\":[{\"@type\":\"SearchAction\",\"target\":{\"@type\":\"EntryPoint\",\"urlTemplate\":\"https:\/\/espak.ee\/epood\/?s={search_term_string}\"},\"query-input\":{\"@type\":\"PropertyValueSpecification\",\"valueRequired\":true,\"valueName\":\"search_term_string\"}}],\"inLanguage\":\"et\"}]}<\/script>\n<!-- \/ Yoast SEO plugin. -->","yoast_head_json":{"title":"LAEVENTILAATOR VALGUSTIGA VENTELUX 15W+24W 45CM CCT KOBI - Espak E-pood","robots":{"index":"index","follow":"follow","max-snippet":"max-snippet:-1","max-image-preview":"max-image-preview:large","max-video-preview":"max-video-preview:-1"},"canonical":"https:\/\/espak.ee\/epood\/toode\/laeventilaator-valgustiga-ventelux-15w24w-45cm-cct-kobi\/","og_locale":"et_EE","og_type":"article","og_title":"LAEVENTILAATOR VALGUSTIGA VENTELUX 15W+24W 45CM CCT KOBI - Espak E-pood","og_url":"https:\/\/espak.ee\/epood\/toode\/laeventilaator-valgustiga-ventelux-15w24w-45cm-cct-kobi\/","og_site_name":"Espak E-pood","article_modified_time":"2026-03-31T10:30:37+00:00","og_image":[{"width":1000,"height":1000,"url":"https:\/\/espak.ee\/epood\/wp-content\/uploads\/2026\/03\/ceiling-led-lamp-with-fan-ventelux-24w-15w-3cct-white-kobi-windstar-83446fbf3ac94ef9a5e0cebdb973629a-4e344e1d.jpg","type":"image\/jpeg"}],"twitter_card":"summary_large_image","twitter_misc":{"Est. reading time":"1 minut"},"schema":{"@context":"https:\/\/schema.org","@graph":[{"@type":"WebPage","@id":"https:\/\/espak.ee\/epood\/toode\/laeventilaator-valgustiga-ventelux-15w24w-45cm-cct-kobi\/","url":"https:\/\/espak.ee\/epood\/toode\/laeventilaator-valgustiga-ventelux-15w24w-45cm-cct-kobi\/","name":"LAEVENTILAATOR VALGUSTIGA VENTELUX 15W+24W 45CM CCT KOBI - Espak E-pood","isPartOf":{"@id":"https:\/\/espak.ee\/epood\/#website"},"primaryImageOfPage":{"@id":"https:\/\/espak.ee\/epood\/toode\/laeventilaator-valgustiga-ventelux-15w24w-45cm-cct-kobi\/#primaryimage"},"image":{"@id":"https:\/\/espak.ee\/epood\/toode\/laeventilaator-valgustiga-ventelux-15w24w-45cm-cct-kobi\/#primaryimage"},"thumbnailUrl":"https:\/\/espak.ee\/epood\/wp-content\/uploads\/2026\/03\/ceiling-led-lamp-with-fan-ventelux-24w-15w-3cct-white-kobi-windstar-83446fbf3ac94ef9a5e0cebdb973629a-4e344e1d.jpg","datePublished":"2026-03-31T02:05:01+00:00","dateModified":"2026-03-31T10:30:37+00:00","breadcrumb":{"@id":"https:\/\/espak.ee\/epood\/toode\/laeventilaator-valgustiga-ventelux-15w24w-45cm-cct-kobi\/#breadcrumb"},"inLanguage":"et","potentialAction":[{"@type":"ReadAction","target":["https:\/\/espak.ee\/epood\/toode\/laeventilaator-valgustiga-ventelux-15w24w-45cm-cct-kobi\/"]}]},{"@type":"ImageObject","inLanguage":"et","@id":"https:\/\/espak.ee\/epood\/toode\/laeventilaator-valgustiga-ventelux-15w24w-45cm-cct-kobi\/#primaryimage","url":"https:\/\/espak.ee\/epood\/wp-content\/uploads\/2026\/03\/ceiling-led-lamp-with-fan-ventelux-24w-15w-3cct-white-kobi-windstar-83446fbf3ac94ef9a5e0cebdb973629a-4e344e1d.jpg","contentUrl":"https:\/\/espak.ee\/epood\/wp-content\/uploads\/2026\/03\/ceiling-led-lamp-with-fan-ventelux-24w-15w-3cct-white-kobi-windstar-83446fbf3ac94ef9a5e0cebdb973629a-4e344e1d.jpg","width":1000,"height":1000},{"@type":"BreadcrumbList","@id":"https:\/\/espak.ee\/epood\/toode\/laeventilaator-valgustiga-ventelux-15w24w-45cm-cct-kobi\/#breadcrumb","itemListElement":[{"@type":"ListItem","position":1,"name":"Home","item":"https:\/\/espak.ee\/epood\/"},{"@type":"ListItem","position":2,"name":"Tootevalik","item":"https:\/\/espak.ee\/epood\/tootevalik\/"},{"@type":"ListItem","position":3,"name":"LAEVENTILAATOR VALGUSTIGA VENTELUX 15W+24W 45CM CCT KOBI"}]},{"@type":"WebSite","@id":"https:\/\/espak.ee\/epood\/#website","url":"https:\/\/espak.ee\/epood\/","name":"Espak E-pood","description":"","potentialAction":[{"@type":"SearchAction","target":{"@type":"EntryPoint","urlTemplate":"https:\/\/espak.ee\/epood\/?s={search_term_string}"},"query-input":{"@type":"PropertyValueSpecification","valueRequired":true,"valueName":"search_term_string"}}],"inLanguage":"et"}]}},"_links":{"self":[{"href":"https:\/\/espak.ee\/epood\/wp-json\/wp\/v2\/product\/268938","targetHints":{"allow":["GET"]}}],"collection":[{"href":"https:\/\/espak.ee\/epood\/wp-json\/wp\/v2\/product"}],"about":[{"href":"https:\/\/espak.ee\/epood\/wp-json\/wp\/v2\/types\/product"}],"replies":[{"embeddable":true,"href":"https:\/\/espak.ee\/epood\/wp-json\/wp\/v2\/comments?post=268938"}],"wp:featuredmedia":[{"embeddable":true,"href":"https:\/\/espak.ee\/epood\/wp-json\/wp\/v2\/media\/269016"}],"wp:attachment":[{"href":"https:\/\/espak.ee\/epood\/wp-json\/wp\/v2\/media?parent=268938"}],"wp:term":[{"taxonomy":"product_brand","embeddable":true,"href":"https:\/\/espak.ee\/epood\/wp-json\/wp\/v2\/product_brand?post=268938"},{"taxonomy":"product_cat","embeddable":true,"href":"https:\/\/espak.ee\/epood\/wp-json\/wp\/v2\/product_cat?post=268938"},{"taxonomy":"product_tag","embeddable":true,"href":"https:\/\/espak.ee\/epood\/wp-json\/wp\/v2\/product_tag?post=268938"}],"curies":[{"name":"wp","href":"https:\/\/api.w.org\/{rel}","templated":true}]}}