{"id":268618,"date":"2026-03-27T05:05:01","date_gmt":"2026-03-27T03:05:01","guid":{"rendered":"https:\/\/espak.ee\/epood\/?post_type=product&#038;p=268618"},"modified":"2026-04-13T12:12:03","modified_gmt":"2026-04-13T09:12:03","slug":"tigude-torjegraanulid-ironmax-pro-baltic-agro-3kg","status":"publish","type":"product","link":"https:\/\/espak.ee\/epood\/toode\/tigude-torjegraanulid-ironmax-pro-baltic-agro-3kg\/","title":{"rendered":"TIGUDE T\u00d5RJEGRAANULID IRONMAX PRO BALTIC AGRO 3KG"},"content":{"rendered":"<div class=\"row\"  id=\"row-1608822611\">\n\n\t<div id=\"col-1700724110\" class=\"col medium-9 small-12 large-9\"  >\n\t\t\t\t<div class=\"col-inner\"  >\n\t\t\t\n\t\t\t\n<h3>Tigude t\u00f5rjegraanulid Baltic Agro Ironmax Pro 3kg<\/h3>\n<p>IronMax Pro, granuleeritud molluskitsiid, on kasutusvalmis m\u00fcrks\u00f6\u00f6t tigude ja n\u00e4lkjate t\u00f5rjumiseks k\u00f6\u00f6givilja-, puuvilja- ja iluaedades, kasvuhoonetes ning p\u00f5llukultuuridel.<br \/>\nToode sobib ka mahep\u00f5llumajanduses kasutamiseks.<br \/>\nEnne Ironmax Pro kasutamist palume tutvuda toote kasutusjuhendiga ja kasutada taimekaitsevahendit j\u00e4rgides ohutusn\u00f5udeid.<\/p>\n<p><strong>Kasutamine: <\/strong><br \/>\nIronMax Pro-d kasutades tuleb kanda isikukaitsevahendeid: kaitsekindaid ja -r\u00f5ivastust.<br \/>\nIronmax Pro graanuleid v\u00f5ib puistata k\u00e4sitsi v\u00f5i kasutada mehaanilist puisturit. Soovitav on t\u00f5rjet alustada enne kahjurite massilist ilmumist ja taimede kahjustusi. J\u00e4lgida, et graanulid ei j\u00e4\u00e4ks pidama lehtedele, \u00f5itele ega muudele taimeosadele.<br \/>\nIronmax Pro sobib paljude kultuuride kaitseks:<br \/>\n\u2013 K\u00f6\u00f6giviljad (nt peet, porgand, kapsas, hernes, uba, sibul, k\u00fc\u00fcslauk)<br \/>\n\u2013 Lehtk\u00f6\u00f6giviljad ja \u00fcrdid (nt salat, spinat, basiilik, petersell)<br \/>\n\u2013 Kasvuhoonekultuurid (nt tomat, kurk, paprika, melon, arbuus)<br \/>\n\u2013 Teraviljad ja \u00f5likultuurid<br \/>\n\u2013 Muru ja karjamaad.<br \/>\nKasutusperiood: alates 7 p\u00e4eva enne istutamist\/k\u00fclvamist kuni saagikoristuseni.<br \/>\nKulunorm: maksimaalne kulunorm \u00fchel kasutuskorral on 7 kg\/ha ehk 70 g\/100 m2.<br \/>\nKasutuskordade vahe: v\u00e4hemalt 5 p\u00e4eva.<br \/>\n Kui t\u00f5rjet on vaja teha korduvalt, n\u00e4iteks graanulid s\u00fc\u00fcakse \u00e4ra v\u00f5i ilmuvad j\u00e4rglased, peab kasutuskordade vahele j\u00e4\u00e4ma v\u00e4hemalt 5 p\u00e4eva. Vahendit v\u00f5ib \u00fchel kultuuril kasutada maksimaalselt 28 kg\/ha (280 g\/100 m2) aastas.<br \/>\nParima tulemuse saavutamiseks kasutada enne kahjustuste teket.<br \/>\n \u00dcheaastaste kultuuride puhul soovitatakse t\u00f5rjet teha enne taimede t\u00e4rkamist.<br \/>\n Toode puistata k\u00fclviks ettevalmistatud pinnasele. S\u00f6\u00f6ta tarvitanud n\u00e4lkjad poevad raud(III)fosfaadi toime t\u00f5ttu maa alla, kus nad surevad, mist\u00f5ttu surnud n\u00e4lkjaid n\u00e4ha ei ole. T\u00f5rjumise m\u00f5ju ei pruugi olla vahetult j\u00e4lgitav.<br \/>\n Toote t\u00f5husust Arion lusitanicuse (Hispaania teetigu) t\u00f5rjumisel ei ole t\u00f5endatud.<br \/>\n<strong>NB! <\/strong>Enne kasutamist tutvuda alati toote etiketiga. J\u00e4rgida k\u00f5iki seadusandlikke n\u00f5udeid, ohutusjuhiseid ja j\u00e4\u00e4tmek\u00e4itlusn\u00f5udeid. Hoida lastele ja lemmikloomadele k\u00e4ttesaamatus kohas.<\/p>\n\t\t<\/div>\n\t\t\t\t\t<\/div>\n\n\t\n\n\t<div id=\"col-146185323\" class=\"col medium-3 small-12 large-3\"  >\n\t\t\t\t<div class=\"col-inner\"  >\n\t\t\t\n\t\t\t\n<h3>Infoleht<\/h3>\n<p><a href=\"https:\/\/espak.ee\/epood\/wp-content\/uploads\/2026\/03\/ironmax_pro_label-4744360013503.pdf\"target=\"_blank\" rel=\"noopener noreferrer\"><i class=\"far fa-file-pdf\"><\/i> Infoleht (PDF)<\/a><\/p>\n<h3>Ohutusalane teave<\/h3>\n<p><a href=\"https:\/\/espak.ee\/epood\/wp-content\/uploads\/2026\/03\/ohutuskaart_ironmax_pro-4744360013503.pdf\"target=\"_blank\" rel=\"noopener noreferrer\"><i class=\"far fa-file-pdf\"><\/i> Ohutuskaart (PDF)<\/a><\/p>\n<p><strong>\u00dcksikasjalikuma n\u00f5u saamiseks v\u00f5tke \u00fchendust:<br \/><\/strong>Baltic Agro AS<br \/> Rukki tee 8<br \/> Lehmja k\u00fcla<br \/> Rae vald<br \/> Telefon +372 606 2260<\/p>\n\t\t<\/div>\n\t\t\t\t\t<\/div>\n\n\t\n<\/div>\n","protected":false},"excerpt":{"rendered":"","protected":false},"featured_media":268681,"comment_status":"closed","ping_status":"closed","template":"","meta":[],"product_brand":[],"product_cat":[2789,2788,2884,3473],"product_tag":[],"class_list":{"0":"post-268618","1":"product","2":"type-product","3":"status-publish","4":"has-post-thumbnail","6":"product_cat-aiatarbed","7":"product_cat-aiatarbed-ja-kodukaubad","8":"product_cat-olmekahjurite-torjevahendid","9":"product_cat-tigude-torjevahendid","10":"pa_kaubamark-baltic-agro-as","12":"first","13":"instock","14":"sale","15":"taxable","16":"shipping-taxable","17":"purchasable","18":"product-type-simple"},"yoast_head":"<!-- This site is optimized with the Yoast SEO plugin v26.9 - https:\/\/yoast.com\/product\/yoast-seo-wordpress\/ -->\n<title>TIGUDE T\u00d5RJEGRAANULID IRONMAX PRO BALTIC AGRO 3KG - Espak E-pood<\/title>\n<meta name=\"robots\" content=\"index, follow, max-snippet:-1, max-image-preview:large, max-video-preview:-1\" \/>\n<link rel=\"canonical\" href=\"https:\/\/espak.ee\/epood\/toode\/tigude-torjegraanulid-ironmax-pro-baltic-agro-3kg\/\" \/>\n<meta property=\"og:locale\" content=\"et_EE\" \/>\n<meta property=\"og:type\" content=\"article\" \/>\n<meta property=\"og:title\" content=\"TIGUDE T\u00d5RJEGRAANULID IRONMAX PRO BALTIC AGRO 3KG - Espak E-pood\" \/>\n<meta property=\"og:url\" content=\"https:\/\/espak.ee\/epood\/toode\/tigude-torjegraanulid-ironmax-pro-baltic-agro-3kg\/\" \/>\n<meta property=\"og:site_name\" content=\"Espak E-pood\" \/>\n<meta property=\"article:modified_time\" content=\"2026-04-13T09:12:03+00:00\" \/>\n<meta property=\"og:image\" content=\"https:\/\/espak.ee\/epood\/wp-content\/uploads\/2026\/03\/4744360013503-1.jpg\" \/>\n\t<meta property=\"og:image:width\" content=\"1000\" \/>\n\t<meta property=\"og:image:height\" content=\"1000\" \/>\n\t<meta property=\"og:image:type\" content=\"image\/jpeg\" \/>\n<meta name=\"twitter:card\" content=\"summary_large_image\" \/>\n<meta name=\"twitter:label1\" content=\"Est. reading time\" \/>\n\t<meta name=\"twitter:data1\" content=\"2 minutit\" \/>\n<script type=\"application\/ld+json\" class=\"yoast-schema-graph\">{\"@context\":\"https:\/\/schema.org\",\"@graph\":[{\"@type\":\"WebPage\",\"@id\":\"https:\/\/espak.ee\/epood\/toode\/tigude-torjegraanulid-ironmax-pro-baltic-agro-3kg\/\",\"url\":\"https:\/\/espak.ee\/epood\/toode\/tigude-torjegraanulid-ironmax-pro-baltic-agro-3kg\/\",\"name\":\"TIGUDE T\u00d5RJEGRAANULID IRONMAX PRO BALTIC AGRO 3KG - Espak E-pood\",\"isPartOf\":{\"@id\":\"https:\/\/espak.ee\/epood\/#website\"},\"primaryImageOfPage\":{\"@id\":\"https:\/\/espak.ee\/epood\/toode\/tigude-torjegraanulid-ironmax-pro-baltic-agro-3kg\/#primaryimage\"},\"image\":{\"@id\":\"https:\/\/espak.ee\/epood\/toode\/tigude-torjegraanulid-ironmax-pro-baltic-agro-3kg\/#primaryimage\"},\"thumbnailUrl\":\"https:\/\/espak.ee\/epood\/wp-content\/uploads\/2026\/03\/4744360013503-1.jpg\",\"datePublished\":\"2026-03-27T03:05:01+00:00\",\"dateModified\":\"2026-04-13T09:12:03+00:00\",\"breadcrumb\":{\"@id\":\"https:\/\/espak.ee\/epood\/toode\/tigude-torjegraanulid-ironmax-pro-baltic-agro-3kg\/#breadcrumb\"},\"inLanguage\":\"et\",\"potentialAction\":[{\"@type\":\"ReadAction\",\"target\":[\"https:\/\/espak.ee\/epood\/toode\/tigude-torjegraanulid-ironmax-pro-baltic-agro-3kg\/\"]}]},{\"@type\":\"ImageObject\",\"inLanguage\":\"et\",\"@id\":\"https:\/\/espak.ee\/epood\/toode\/tigude-torjegraanulid-ironmax-pro-baltic-agro-3kg\/#primaryimage\",\"url\":\"https:\/\/espak.ee\/epood\/wp-content\/uploads\/2026\/03\/4744360013503-1.jpg\",\"contentUrl\":\"https:\/\/espak.ee\/epood\/wp-content\/uploads\/2026\/03\/4744360013503-1.jpg\",\"width\":1000,\"height\":1000},{\"@type\":\"BreadcrumbList\",\"@id\":\"https:\/\/espak.ee\/epood\/toode\/tigude-torjegraanulid-ironmax-pro-baltic-agro-3kg\/#breadcrumb\",\"itemListElement\":[{\"@type\":\"ListItem\",\"position\":1,\"name\":\"Home\",\"item\":\"https:\/\/espak.ee\/epood\/\"},{\"@type\":\"ListItem\",\"position\":2,\"name\":\"Tootevalik\",\"item\":\"https:\/\/espak.ee\/epood\/tootevalik\/\"},{\"@type\":\"ListItem\",\"position\":3,\"name\":\"TIGUDE T\u00d5RJEGRAANULID IRONMAX PRO BALTIC AGRO 3KG\"}]},{\"@type\":\"WebSite\",\"@id\":\"https:\/\/espak.ee\/epood\/#website\",\"url\":\"https:\/\/espak.ee\/epood\/\",\"name\":\"Espak E-pood\",\"description\":\"\",\"potentialAction\":[{\"@type\":\"SearchAction\",\"target\":{\"@type\":\"EntryPoint\",\"urlTemplate\":\"https:\/\/espak.ee\/epood\/?s={search_term_string}\"},\"query-input\":{\"@type\":\"PropertyValueSpecification\",\"valueRequired\":true,\"valueName\":\"search_term_string\"}}],\"inLanguage\":\"et\"}]}<\/script>\n<!-- \/ Yoast SEO plugin. -->","yoast_head_json":{"title":"TIGUDE T\u00d5RJEGRAANULID IRONMAX PRO BALTIC AGRO 3KG - Espak E-pood","robots":{"index":"index","follow":"follow","max-snippet":"max-snippet:-1","max-image-preview":"max-image-preview:large","max-video-preview":"max-video-preview:-1"},"canonical":"https:\/\/espak.ee\/epood\/toode\/tigude-torjegraanulid-ironmax-pro-baltic-agro-3kg\/","og_locale":"et_EE","og_type":"article","og_title":"TIGUDE T\u00d5RJEGRAANULID IRONMAX PRO BALTIC AGRO 3KG - Espak E-pood","og_url":"https:\/\/espak.ee\/epood\/toode\/tigude-torjegraanulid-ironmax-pro-baltic-agro-3kg\/","og_site_name":"Espak E-pood","article_modified_time":"2026-04-13T09:12:03+00:00","og_image":[{"width":1000,"height":1000,"url":"https:\/\/espak.ee\/epood\/wp-content\/uploads\/2026\/03\/4744360013503-1.jpg","type":"image\/jpeg"}],"twitter_card":"summary_large_image","twitter_misc":{"Est. reading time":"2 minutit"},"schema":{"@context":"https:\/\/schema.org","@graph":[{"@type":"WebPage","@id":"https:\/\/espak.ee\/epood\/toode\/tigude-torjegraanulid-ironmax-pro-baltic-agro-3kg\/","url":"https:\/\/espak.ee\/epood\/toode\/tigude-torjegraanulid-ironmax-pro-baltic-agro-3kg\/","name":"TIGUDE T\u00d5RJEGRAANULID IRONMAX PRO BALTIC AGRO 3KG - Espak E-pood","isPartOf":{"@id":"https:\/\/espak.ee\/epood\/#website"},"primaryImageOfPage":{"@id":"https:\/\/espak.ee\/epood\/toode\/tigude-torjegraanulid-ironmax-pro-baltic-agro-3kg\/#primaryimage"},"image":{"@id":"https:\/\/espak.ee\/epood\/toode\/tigude-torjegraanulid-ironmax-pro-baltic-agro-3kg\/#primaryimage"},"thumbnailUrl":"https:\/\/espak.ee\/epood\/wp-content\/uploads\/2026\/03\/4744360013503-1.jpg","datePublished":"2026-03-27T03:05:01+00:00","dateModified":"2026-04-13T09:12:03+00:00","breadcrumb":{"@id":"https:\/\/espak.ee\/epood\/toode\/tigude-torjegraanulid-ironmax-pro-baltic-agro-3kg\/#breadcrumb"},"inLanguage":"et","potentialAction":[{"@type":"ReadAction","target":["https:\/\/espak.ee\/epood\/toode\/tigude-torjegraanulid-ironmax-pro-baltic-agro-3kg\/"]}]},{"@type":"ImageObject","inLanguage":"et","@id":"https:\/\/espak.ee\/epood\/toode\/tigude-torjegraanulid-ironmax-pro-baltic-agro-3kg\/#primaryimage","url":"https:\/\/espak.ee\/epood\/wp-content\/uploads\/2026\/03\/4744360013503-1.jpg","contentUrl":"https:\/\/espak.ee\/epood\/wp-content\/uploads\/2026\/03\/4744360013503-1.jpg","width":1000,"height":1000},{"@type":"BreadcrumbList","@id":"https:\/\/espak.ee\/epood\/toode\/tigude-torjegraanulid-ironmax-pro-baltic-agro-3kg\/#breadcrumb","itemListElement":[{"@type":"ListItem","position":1,"name":"Home","item":"https:\/\/espak.ee\/epood\/"},{"@type":"ListItem","position":2,"name":"Tootevalik","item":"https:\/\/espak.ee\/epood\/tootevalik\/"},{"@type":"ListItem","position":3,"name":"TIGUDE T\u00d5RJEGRAANULID IRONMAX PRO BALTIC AGRO 3KG"}]},{"@type":"WebSite","@id":"https:\/\/espak.ee\/epood\/#website","url":"https:\/\/espak.ee\/epood\/","name":"Espak E-pood","description":"","potentialAction":[{"@type":"SearchAction","target":{"@type":"EntryPoint","urlTemplate":"https:\/\/espak.ee\/epood\/?s={search_term_string}"},"query-input":{"@type":"PropertyValueSpecification","valueRequired":true,"valueName":"search_term_string"}}],"inLanguage":"et"}]}},"_links":{"self":[{"href":"https:\/\/espak.ee\/epood\/wp-json\/wp\/v2\/product\/268618","targetHints":{"allow":["GET"]}}],"collection":[{"href":"https:\/\/espak.ee\/epood\/wp-json\/wp\/v2\/product"}],"about":[{"href":"https:\/\/espak.ee\/epood\/wp-json\/wp\/v2\/types\/product"}],"replies":[{"embeddable":true,"href":"https:\/\/espak.ee\/epood\/wp-json\/wp\/v2\/comments?post=268618"}],"wp:featuredmedia":[{"embeddable":true,"href":"https:\/\/espak.ee\/epood\/wp-json\/wp\/v2\/media\/268681"}],"wp:attachment":[{"href":"https:\/\/espak.ee\/epood\/wp-json\/wp\/v2\/media?parent=268618"}],"wp:term":[{"taxonomy":"product_brand","embeddable":true,"href":"https:\/\/espak.ee\/epood\/wp-json\/wp\/v2\/product_brand?post=268618"},{"taxonomy":"product_cat","embeddable":true,"href":"https:\/\/espak.ee\/epood\/wp-json\/wp\/v2\/product_cat?post=268618"},{"taxonomy":"product_tag","embeddable":true,"href":"https:\/\/espak.ee\/epood\/wp-json\/wp\/v2\/product_tag?post=268618"}],"curies":[{"name":"wp","href":"https:\/\/api.w.org\/{rel}","templated":true}]}}