{"id":268160,"date":"2026-03-24T05:10:02","date_gmt":"2026-03-24T03:10:02","guid":{"rendered":"https:\/\/espak.ee\/epood\/?post_type=product&#038;p=268160"},"modified":"2026-04-01T08:45:44","modified_gmt":"2026-04-01T05:45:44","slug":"aknapesur-wv2-universal-care-eu-karcher","status":"publish","type":"product","link":"https:\/\/espak.ee\/epood\/toode\/aknapesur-wv2-universal-care-eu-karcher\/","title":{"rendered":"AKNAPESUR WV2 UNIVERSAL CARE *EU K\u00c4RCHER"},"content":{"rendered":"<div class=\"row\"  id=\"row-1079013433\">\n\n\t<div id=\"col-1671117198\" class=\"col medium-9 small-12 large-9\"  >\n\t\t\t\t<div class=\"col-inner\"  >\n\t\t\t\n\t\t\t\n<h3>Aknapesur WV 2 Universal Care *EU K\u00e4rcher<\/h3>\n<p>Triibuvaba puhastus k\u00f5ikidele siledatele pindadele! Puhastage kolm korda kiiremini t\u00e4nu 360\u00b0 Comfort!Cleanile: WV 2 Universal Care aknapesur s\u00e4rava kodu jaoks.\n<\/p>\n<div class=\"message-box relative\" style=\"padding-top:15px;padding-bottom:15px;\"><div class=\"message-box-bg-image bg-fill fill\" ><\/div><div class=\"message-box-bg-overlay bg-fill fill\" ><\/div><div class=\"container relative\"><div class=\"inner last-reset\">\n<div class=\"row align-middle align-center\"  id=\"row-591020645\">\n\n\t<div id=\"col-978827867\" class=\"col small-12 large-12\"  >\n\t\t\t\t<div class=\"col-inner text-left\"  >\n\t\t\t\n\t\t\t\n<h4>Omadused<\/h4>\n<div class=\"row\"  id=\"row-976194751\">\n\n\t<div id=\"col-335297569\" class=\"col medium-6 small-12 large-6\"  >\n\t\t\t\t<div class=\"col-inner\"  >\n\t\t\t\n\t\t\t\n<p><i class=\"fa fa-check fa-2x\"><\/i> <strong> T\u00e4nu 360\u00b0 Comfort!Clean funktsioonile saab aknapesurit kasutada mitmel viisil, isegi nurga all, horisontaalselt v\u00f5i pea kohal<\/strong><\/p>\n<p><i class=\"fa fa-check fa-2x\"><\/i> <strong> T\u00e4iendava mugavuse tagamiseks USB-C laadimine<\/strong><\/p>\n\t\t<\/div>\n\t\t\t\t\n<style>\n#col-335297569 > .col-inner {\n  margin: 0px 0px 15px 0px;\n}\n<\/style>\n\t<\/div>\n\n\t\n\n\t<div id=\"col-1449139748\" class=\"col medium-6 small-12 large-6\"  >\n\t\t\t\t<div class=\"col-inner\"  >\n\t\t\t\n\t\t\t\n<p><i class=\"fa fa-check fa-2x\"><\/i> <strong> Aknapesuriga Window Vac on akende puhastamine kolm korda kiirem kui tavaliste meetoditega<\/strong><\/p>\n<p><i class=\"fa fa-check fa-2x\"><\/i> <strong> T\u00e4nu vee elektroonilisele imemisele ei teki akendele musta vee triipe<\/strong><\/p>\n\t\t<\/div>\n\t\t\t\t\n<style>\n#col-1449139748 > .col-inner {\n  margin: 0px 0px 15px 0px;\n}\n<\/style>\n\t<\/div>\n\n\t\n<\/div>\n\t\t<\/div>\n\t\t\t\t\t<\/div>\n\n\t\n<\/div>\n<\/div><\/div><\/div>\n\t<div id=\"gap-1751946763\" class=\"gap-element clearfix\" style=\"display:block; height:auto;\">\n\t\t\n<style>\n#gap-1751946763 {\n  padding-top: 30px;\n}\n<\/style>\n\t<\/div>\n\t\n<p>Universaalne seade triibuvabaks puhastamiseks kogu kodus \u2013 WV 2 Universal Care aknapesuri leiutajalt K\u00e4rcherilt. Olgu tegemist akende, peeglite, plaatide v\u00f5i muude siledate pindadega, WV 2 Universal Care tagab l\u00e4ikiva tulemuse ilma musta vee tilkumiseta isegi kondensaadi imemisel. Kasutajas\u00f5bralik ja ergonoomiline disain muudab k\u00e4sitsemise eriti mugavaks ja v\u00f5imaldab vaevata puhastamist. WV 2 Universal Care puhastab t\u00e4nu pihustuspudeli, mikrokiudlapi ja aknapesuri imemisfunktsiooni kombinatsioonile kuni kolm korda kiiremini kui tavalised meetodid. T\u00e4nu 360\u00b0 Comfort!Clean funktsioonile saab aknapesurit kasutada mitmel viisil, isegi nurga all, horisontaalselt v\u00f5i pea kohal. Musta vee paaki saab kiiresti, h\u00fcgieeniliselt ja lihtsalt t\u00fchjendada. 35-minutilise aku t\u00f6\u00f6ajaga sobib see ideaalselt kuni 105 ruutmeetri suuruste pindade puhastamiseks. USB-C laadimine muudab seadme laadimise lihtsaks.<\/p>\n\t\t<\/div>\n\t\t\t\t\t<\/div>\n\n\t\n\n\t<div id=\"col-303428533\" class=\"col medium-3 small-12 large-3\"  >\n\t\t\t\t<div class=\"col-inner\"  >\n\t\t\t\n\t\t\t\n<h3>Ohutusjuhend<\/h3>\n<p><a href=\"https:\/\/espak.ee\/epood\/wp-content\/uploads\/2026\/03\/BTA-5943699-000-00-1.pdf\"target=\"_blank\" rel=\"noopener noreferrer\"><i class=\"far fa-file-pdf\"><\/i> Ohutusjuhend (PDF)<\/a><\/p>\n<h3>Kiirjuhend<\/h3>\n<p><a href=\"https:\/\/espak.ee\/epood\/wp-content\/uploads\/2026\/03\/BTA-5943701-000-02.pdf\"target=\"_blank\" rel=\"noopener noreferrer\"><i class=\"far fa-file-pdf\"><\/i> Kiirjuhend (PDF)<\/a><\/p>\n<p><strong>\u00dcksikasjalikuma n\u00f5u saamiseks v\u00f5tke \u00fchendust:<br \/><\/strong>Espak AS<br \/>Viadukti 42<br \/>11313<br \/>Tallinn<br \/>+372 6 512333<\/p>\n\t\t<\/div>\n\t\t\t\t\t<\/div>\n\n\t\n<\/div>\n","protected":false},"excerpt":{"rendered":"","protected":false},"featured_media":269119,"comment_status":"closed","ping_status":"closed","template":"","meta":[],"product_brand":[],"product_cat":[4402,2680,2785,2679],"product_tag":[],"class_list":{"0":"post-268160","1":"product","2":"type-product","3":"status-publish","4":"has-post-thumbnail","6":"product_cat-aknapesurid","7":"product_cat-elektritooriistad","8":"product_cat-koristusseadmed","9":"product_cat-tooriistad","10":"pa_kaubamark-karcher","12":"first","13":"instock","14":"sale","15":"taxable","16":"shipping-taxable","17":"purchasable","18":"product-type-simple"},"yoast_head":"<!-- This site is optimized with the Yoast SEO plugin v26.9 - https:\/\/yoast.com\/product\/yoast-seo-wordpress\/ -->\n<title>AKNAPESUR WV2 UNIVERSAL CARE *EU K\u00c4RCHER - Espak E-pood<\/title>\n<meta name=\"robots\" content=\"index, follow, max-snippet:-1, max-image-preview:large, max-video-preview:-1\" \/>\n<link rel=\"canonical\" href=\"https:\/\/espak.ee\/epood\/toode\/aknapesur-wv2-universal-care-eu-karcher\/\" \/>\n<meta property=\"og:locale\" content=\"et_EE\" \/>\n<meta property=\"og:type\" content=\"article\" \/>\n<meta property=\"og:title\" content=\"AKNAPESUR WV2 UNIVERSAL CARE *EU K\u00c4RCHER - Espak E-pood\" \/>\n<meta property=\"og:url\" content=\"https:\/\/espak.ee\/epood\/toode\/aknapesur-wv2-universal-care-eu-karcher\/\" \/>\n<meta property=\"og:site_name\" content=\"Espak E-pood\" \/>\n<meta property=\"article:modified_time\" content=\"2026-04-01T05:45:44+00:00\" \/>\n<meta property=\"og:image\" content=\"https:\/\/espak.ee\/epood\/wp-content\/uploads\/2026\/03\/d0-102.jpg\" \/>\n\t<meta property=\"og:image:width\" content=\"1000\" \/>\n\t<meta property=\"og:image:height\" content=\"1000\" \/>\n\t<meta property=\"og:image:type\" content=\"image\/jpeg\" \/>\n<meta name=\"twitter:card\" content=\"summary_large_image\" \/>\n<meta name=\"twitter:label1\" content=\"Est. reading time\" \/>\n\t<meta name=\"twitter:data1\" content=\"1 minut\" \/>\n<script type=\"application\/ld+json\" class=\"yoast-schema-graph\">{\"@context\":\"https:\/\/schema.org\",\"@graph\":[{\"@type\":\"WebPage\",\"@id\":\"https:\/\/espak.ee\/epood\/toode\/aknapesur-wv2-universal-care-eu-karcher\/\",\"url\":\"https:\/\/espak.ee\/epood\/toode\/aknapesur-wv2-universal-care-eu-karcher\/\",\"name\":\"AKNAPESUR WV2 UNIVERSAL CARE *EU K\u00c4RCHER - Espak E-pood\",\"isPartOf\":{\"@id\":\"https:\/\/espak.ee\/epood\/#website\"},\"primaryImageOfPage\":{\"@id\":\"https:\/\/espak.ee\/epood\/toode\/aknapesur-wv2-universal-care-eu-karcher\/#primaryimage\"},\"image\":{\"@id\":\"https:\/\/espak.ee\/epood\/toode\/aknapesur-wv2-universal-care-eu-karcher\/#primaryimage\"},\"thumbnailUrl\":\"https:\/\/espak.ee\/epood\/wp-content\/uploads\/2026\/03\/d0-102.jpg\",\"datePublished\":\"2026-03-24T03:10:02+00:00\",\"dateModified\":\"2026-04-01T05:45:44+00:00\",\"breadcrumb\":{\"@id\":\"https:\/\/espak.ee\/epood\/toode\/aknapesur-wv2-universal-care-eu-karcher\/#breadcrumb\"},\"inLanguage\":\"et\",\"potentialAction\":[{\"@type\":\"ReadAction\",\"target\":[\"https:\/\/espak.ee\/epood\/toode\/aknapesur-wv2-universal-care-eu-karcher\/\"]}]},{\"@type\":\"ImageObject\",\"inLanguage\":\"et\",\"@id\":\"https:\/\/espak.ee\/epood\/toode\/aknapesur-wv2-universal-care-eu-karcher\/#primaryimage\",\"url\":\"https:\/\/espak.ee\/epood\/wp-content\/uploads\/2026\/03\/d0-102.jpg\",\"contentUrl\":\"https:\/\/espak.ee\/epood\/wp-content\/uploads\/2026\/03\/d0-102.jpg\",\"width\":1000,\"height\":1000},{\"@type\":\"BreadcrumbList\",\"@id\":\"https:\/\/espak.ee\/epood\/toode\/aknapesur-wv2-universal-care-eu-karcher\/#breadcrumb\",\"itemListElement\":[{\"@type\":\"ListItem\",\"position\":1,\"name\":\"Home\",\"item\":\"https:\/\/espak.ee\/epood\/\"},{\"@type\":\"ListItem\",\"position\":2,\"name\":\"Tootevalik\",\"item\":\"https:\/\/espak.ee\/epood\/tootevalik\/\"},{\"@type\":\"ListItem\",\"position\":3,\"name\":\"AKNAPESUR WV2 UNIVERSAL CARE *EU K\u00c4RCHER\"}]},{\"@type\":\"WebSite\",\"@id\":\"https:\/\/espak.ee\/epood\/#website\",\"url\":\"https:\/\/espak.ee\/epood\/\",\"name\":\"Espak E-pood\",\"description\":\"\",\"potentialAction\":[{\"@type\":\"SearchAction\",\"target\":{\"@type\":\"EntryPoint\",\"urlTemplate\":\"https:\/\/espak.ee\/epood\/?s={search_term_string}\"},\"query-input\":{\"@type\":\"PropertyValueSpecification\",\"valueRequired\":true,\"valueName\":\"search_term_string\"}}],\"inLanguage\":\"et\"}]}<\/script>\n<!-- \/ Yoast SEO plugin. -->","yoast_head_json":{"title":"AKNAPESUR WV2 UNIVERSAL CARE *EU K\u00c4RCHER - Espak E-pood","robots":{"index":"index","follow":"follow","max-snippet":"max-snippet:-1","max-image-preview":"max-image-preview:large","max-video-preview":"max-video-preview:-1"},"canonical":"https:\/\/espak.ee\/epood\/toode\/aknapesur-wv2-universal-care-eu-karcher\/","og_locale":"et_EE","og_type":"article","og_title":"AKNAPESUR WV2 UNIVERSAL CARE *EU K\u00c4RCHER - Espak E-pood","og_url":"https:\/\/espak.ee\/epood\/toode\/aknapesur-wv2-universal-care-eu-karcher\/","og_site_name":"Espak E-pood","article_modified_time":"2026-04-01T05:45:44+00:00","og_image":[{"width":1000,"height":1000,"url":"https:\/\/espak.ee\/epood\/wp-content\/uploads\/2026\/03\/d0-102.jpg","type":"image\/jpeg"}],"twitter_card":"summary_large_image","twitter_misc":{"Est. reading time":"1 minut"},"schema":{"@context":"https:\/\/schema.org","@graph":[{"@type":"WebPage","@id":"https:\/\/espak.ee\/epood\/toode\/aknapesur-wv2-universal-care-eu-karcher\/","url":"https:\/\/espak.ee\/epood\/toode\/aknapesur-wv2-universal-care-eu-karcher\/","name":"AKNAPESUR WV2 UNIVERSAL CARE *EU K\u00c4RCHER - Espak E-pood","isPartOf":{"@id":"https:\/\/espak.ee\/epood\/#website"},"primaryImageOfPage":{"@id":"https:\/\/espak.ee\/epood\/toode\/aknapesur-wv2-universal-care-eu-karcher\/#primaryimage"},"image":{"@id":"https:\/\/espak.ee\/epood\/toode\/aknapesur-wv2-universal-care-eu-karcher\/#primaryimage"},"thumbnailUrl":"https:\/\/espak.ee\/epood\/wp-content\/uploads\/2026\/03\/d0-102.jpg","datePublished":"2026-03-24T03:10:02+00:00","dateModified":"2026-04-01T05:45:44+00:00","breadcrumb":{"@id":"https:\/\/espak.ee\/epood\/toode\/aknapesur-wv2-universal-care-eu-karcher\/#breadcrumb"},"inLanguage":"et","potentialAction":[{"@type":"ReadAction","target":["https:\/\/espak.ee\/epood\/toode\/aknapesur-wv2-universal-care-eu-karcher\/"]}]},{"@type":"ImageObject","inLanguage":"et","@id":"https:\/\/espak.ee\/epood\/toode\/aknapesur-wv2-universal-care-eu-karcher\/#primaryimage","url":"https:\/\/espak.ee\/epood\/wp-content\/uploads\/2026\/03\/d0-102.jpg","contentUrl":"https:\/\/espak.ee\/epood\/wp-content\/uploads\/2026\/03\/d0-102.jpg","width":1000,"height":1000},{"@type":"BreadcrumbList","@id":"https:\/\/espak.ee\/epood\/toode\/aknapesur-wv2-universal-care-eu-karcher\/#breadcrumb","itemListElement":[{"@type":"ListItem","position":1,"name":"Home","item":"https:\/\/espak.ee\/epood\/"},{"@type":"ListItem","position":2,"name":"Tootevalik","item":"https:\/\/espak.ee\/epood\/tootevalik\/"},{"@type":"ListItem","position":3,"name":"AKNAPESUR WV2 UNIVERSAL CARE *EU K\u00c4RCHER"}]},{"@type":"WebSite","@id":"https:\/\/espak.ee\/epood\/#website","url":"https:\/\/espak.ee\/epood\/","name":"Espak E-pood","description":"","potentialAction":[{"@type":"SearchAction","target":{"@type":"EntryPoint","urlTemplate":"https:\/\/espak.ee\/epood\/?s={search_term_string}"},"query-input":{"@type":"PropertyValueSpecification","valueRequired":true,"valueName":"search_term_string"}}],"inLanguage":"et"}]}},"_links":{"self":[{"href":"https:\/\/espak.ee\/epood\/wp-json\/wp\/v2\/product\/268160","targetHints":{"allow":["GET"]}}],"collection":[{"href":"https:\/\/espak.ee\/epood\/wp-json\/wp\/v2\/product"}],"about":[{"href":"https:\/\/espak.ee\/epood\/wp-json\/wp\/v2\/types\/product"}],"replies":[{"embeddable":true,"href":"https:\/\/espak.ee\/epood\/wp-json\/wp\/v2\/comments?post=268160"}],"wp:featuredmedia":[{"embeddable":true,"href":"https:\/\/espak.ee\/epood\/wp-json\/wp\/v2\/media\/269119"}],"wp:attachment":[{"href":"https:\/\/espak.ee\/epood\/wp-json\/wp\/v2\/media?parent=268160"}],"wp:term":[{"taxonomy":"product_brand","embeddable":true,"href":"https:\/\/espak.ee\/epood\/wp-json\/wp\/v2\/product_brand?post=268160"},{"taxonomy":"product_cat","embeddable":true,"href":"https:\/\/espak.ee\/epood\/wp-json\/wp\/v2\/product_cat?post=268160"},{"taxonomy":"product_tag","embeddable":true,"href":"https:\/\/espak.ee\/epood\/wp-json\/wp\/v2\/product_tag?post=268160"}],"curies":[{"name":"wp","href":"https:\/\/api.w.org\/{rel}","templated":true}]}}