{"id":26771,"date":"2020-05-13T05:36:06","date_gmt":"2020-05-13T02:36:06","guid":{"rendered":"https:\/\/espak.ee\/hinnakiri\/?post_type=product&#038;p=26771"},"modified":"2024-03-22T23:10:06","modified_gmt":"2024-03-22T21:10:06","slug":"wc-kompakt-zentrum-25-4l-universaalne-varjatud-aravool-komplektis-vaikselt-sulguv-prill-laud","status":"publish","type":"product","link":"https:\/\/espak.ee\/epood\/toode\/wc-kompakt-zentrum-25-4l-universaalne-varjatud-aravool-komplektis-vaikselt-sulguv-prill-laud\/","title":{"rendered":"WC KOMPAKT ZENTRUM 2,5\/4L UNIVERSAALNE, VARJATUD \u00c4RAVOOL, KOMPLEKTIS VAIKSELT SULGUV PRILL-LAUD"},"content":{"rendered":"<div class=\"row\"  id=\"row-1312908354\">\n\n\t<div id=\"col-581852950\" class=\"col medium-9 small-12 large-9\"  >\n\t\t\t\t<div class=\"col-inner\"  >\n\t\t\t\n\t\t\t\n<h2>WC kompakt<\/h2>\n<p>WC kompakt \u00bbZentrum\u00bb, 610 x 355 x 830mm, 2- s\u00fcsteemne loputus \u00ab2,5\/4 L\u00bb, alumine vee juurdevool, varjatud \u00e4ravool, universaalse v\u00f5imalusega \u00fchendada nii seina kui ka p\u00f5randasse, ( WC-\u00fchendused komplekti ei kuulu) keraamika, valge. Komplektis vaikselt sulguv prill-laud (duroplast) ja WC-poti p\u00f5randakinnituspoldid. Toode on \u00fches pakendis.<\/p>\n\t<div id=\"gap-827448754\" class=\"gap-element clearfix\" style=\"display:block; height:auto;\">\n\t\t\n<style>\n#gap-827448754 {\n  padding-top: 30px;\n}\n<\/style>\n\t<\/div>\n\t\n\t\t<\/div>\n\t\t\t\t\t<\/div>\n\n\t\n\n\t<div id=\"col-2032013269\" class=\"col medium-3 small-12 large-3\"  >\n\t\t\t\t<div class=\"col-inner\"  >\n\t\t\t\n\t\t\t\n\t<div id=\"gap-38587594\" class=\"gap-element clearfix\" style=\"display:block; height:auto;\">\n\t\t\n<style>\n#gap-38587594 {\n  padding-top: 30px;\n}\n<\/style>\n\t<\/div>\n\t\n<h3>Tehniline informatsioon<\/h3>\n<p><a href=\"https:\/\/espak.ee\/epood\/wp-content\/uploads\/139012B0037221-1.pdf\" target=\"_blank\" rel=\"noopener noreferrer\"><i class=\"far fa-file-pdf\"><\/i> Tehniline info (PDF)<\/a><\/p>\n<div class=\"is-divider divider clearfix\" ><\/div>\n<p><strong>\u00dcksikasjalikuma n\u00f5u saamiseks v\u00f5tke \u00fchendust:<br \/><\/strong>Espak AS<br \/>Viadukti 42<br \/>11313<br \/>Tallinn<br \/><a href=\"tel:+3726512333\">+372 6 512333<\/a><\/p>\n<div class=\"is-divider divider clearfix\" ><\/div>\n\t\t<\/div>\n\t\t\t\t\t<\/div>\n\n\t\n<\/div>\n","protected":false},"excerpt":{"rendered":"","protected":false},"featured_media":28773,"comment_status":"closed","ping_status":"open","template":"","meta":[],"product_brand":[],"product_cat":[2820,2819,2839,2841],"product_tag":[],"class_list":{"0":"post-26771","1":"product","2":"type-product","3":"status-publish","4":"has-post-thumbnail","6":"product_cat-sanitaartehnika-sanitaartehnika","7":"product_cat-sanitaartehnika","8":"product_cat-wc-potid","9":"product_cat-wc-potid-tahavooluga","10":"pa_kaubamark-biston-ou","12":"first","13":"instock","14":"sale","15":"taxable","16":"shipping-taxable","17":"purchasable","18":"product-type-simple"},"yoast_head":"<!-- This site is optimized with the Yoast SEO plugin v26.9 - https:\/\/yoast.com\/product\/yoast-seo-wordpress\/ -->\n<title>WC KOMPAKT ZENTRUM 2,5\/4L UNIVERSAALNE, VARJATUD \u00c4RAVOOL, KOMPLEKTIS VAIKSELT SULGUV PRILL-LAUD - Espak E-pood<\/title>\n<meta name=\"robots\" content=\"index, follow, max-snippet:-1, max-image-preview:large, max-video-preview:-1\" \/>\n<link rel=\"canonical\" href=\"https:\/\/espak.ee\/epood\/toode\/wc-kompakt-zentrum-25-4l-universaalne-varjatud-aravool-komplektis-vaikselt-sulguv-prill-laud\/\" \/>\n<meta property=\"og:locale\" content=\"et_EE\" \/>\n<meta property=\"og:type\" content=\"article\" \/>\n<meta property=\"og:title\" content=\"WC KOMPAKT ZENTRUM 2,5\/4L UNIVERSAALNE, VARJATUD \u00c4RAVOOL, KOMPLEKTIS VAIKSELT SULGUV PRILL-LAUD - Espak E-pood\" \/>\n<meta property=\"og:url\" content=\"https:\/\/espak.ee\/epood\/toode\/wc-kompakt-zentrum-25-4l-universaalne-varjatud-aravool-komplektis-vaikselt-sulguv-prill-laud\/\" \/>\n<meta property=\"og:site_name\" content=\"Espak E-pood\" \/>\n<meta property=\"article:modified_time\" content=\"2024-03-22T21:10:06+00:00\" \/>\n<meta property=\"og:image\" content=\"https:\/\/espak.ee\/epood\/wp-content\/uploads\/139012B0037221-Wc-kompakt-\u00abZentrum\u00bb-varjatud-\u00e4ravool-Komplektis-vaikselt-sulguv-prill-laud-duroplast.jpg\" \/>\n\t<meta property=\"og:image:width\" content=\"2048\" \/>\n\t<meta property=\"og:image:height\" content=\"2048\" \/>\n\t<meta property=\"og:image:type\" content=\"image\/jpeg\" \/>\n<meta name=\"twitter:card\" content=\"summary_large_image\" \/>\n<script type=\"application\/ld+json\" class=\"yoast-schema-graph\">{\"@context\":\"https:\/\/schema.org\",\"@graph\":[{\"@type\":\"WebPage\",\"@id\":\"https:\/\/espak.ee\/epood\/toode\/wc-kompakt-zentrum-25-4l-universaalne-varjatud-aravool-komplektis-vaikselt-sulguv-prill-laud\/\",\"url\":\"https:\/\/espak.ee\/epood\/toode\/wc-kompakt-zentrum-25-4l-universaalne-varjatud-aravool-komplektis-vaikselt-sulguv-prill-laud\/\",\"name\":\"WC KOMPAKT ZENTRUM 2,5\/4L UNIVERSAALNE, VARJATUD \u00c4RAVOOL, KOMPLEKTIS VAIKSELT SULGUV PRILL-LAUD - Espak E-pood\",\"isPartOf\":{\"@id\":\"https:\/\/espak.ee\/epood\/#website\"},\"primaryImageOfPage\":{\"@id\":\"https:\/\/espak.ee\/epood\/toode\/wc-kompakt-zentrum-25-4l-universaalne-varjatud-aravool-komplektis-vaikselt-sulguv-prill-laud\/#primaryimage\"},\"image\":{\"@id\":\"https:\/\/espak.ee\/epood\/toode\/wc-kompakt-zentrum-25-4l-universaalne-varjatud-aravool-komplektis-vaikselt-sulguv-prill-laud\/#primaryimage\"},\"thumbnailUrl\":\"https:\/\/espak.ee\/epood\/wp-content\/uploads\/139012B0037221-Wc-kompakt-\u00abZentrum\u00bb-varjatud-\u00e4ravool-Komplektis-vaikselt-sulguv-prill-laud-duroplast.jpg\",\"datePublished\":\"2020-05-13T02:36:06+00:00\",\"dateModified\":\"2024-03-22T21:10:06+00:00\",\"breadcrumb\":{\"@id\":\"https:\/\/espak.ee\/epood\/toode\/wc-kompakt-zentrum-25-4l-universaalne-varjatud-aravool-komplektis-vaikselt-sulguv-prill-laud\/#breadcrumb\"},\"inLanguage\":\"et\",\"potentialAction\":[{\"@type\":\"ReadAction\",\"target\":[\"https:\/\/espak.ee\/epood\/toode\/wc-kompakt-zentrum-25-4l-universaalne-varjatud-aravool-komplektis-vaikselt-sulguv-prill-laud\/\"]}]},{\"@type\":\"ImageObject\",\"inLanguage\":\"et\",\"@id\":\"https:\/\/espak.ee\/epood\/toode\/wc-kompakt-zentrum-25-4l-universaalne-varjatud-aravool-komplektis-vaikselt-sulguv-prill-laud\/#primaryimage\",\"url\":\"https:\/\/espak.ee\/epood\/wp-content\/uploads\/139012B0037221-Wc-kompakt-\u00abZentrum\u00bb-varjatud-\u00e4ravool-Komplektis-vaikselt-sulguv-prill-laud-duroplast.jpg\",\"contentUrl\":\"https:\/\/espak.ee\/epood\/wp-content\/uploads\/139012B0037221-Wc-kompakt-\u00abZentrum\u00bb-varjatud-\u00e4ravool-Komplektis-vaikselt-sulguv-prill-laud-duroplast.jpg\",\"width\":2048,\"height\":2048},{\"@type\":\"BreadcrumbList\",\"@id\":\"https:\/\/espak.ee\/epood\/toode\/wc-kompakt-zentrum-25-4l-universaalne-varjatud-aravool-komplektis-vaikselt-sulguv-prill-laud\/#breadcrumb\",\"itemListElement\":[{\"@type\":\"ListItem\",\"position\":1,\"name\":\"Home\",\"item\":\"https:\/\/espak.ee\/epood\/\"},{\"@type\":\"ListItem\",\"position\":2,\"name\":\"Tootevalik\",\"item\":\"https:\/\/espak.ee\/epood\/tootevalik\/\"},{\"@type\":\"ListItem\",\"position\":3,\"name\":\"WC KOMPAKT ZENTRUM 2,5\/4L UNIVERSAALNE, VARJATUD \u00c4RAVOOL, KOMPLEKTIS VAIKSELT SULGUV PRILL-LAUD\"}]},{\"@type\":\"WebSite\",\"@id\":\"https:\/\/espak.ee\/epood\/#website\",\"url\":\"https:\/\/espak.ee\/epood\/\",\"name\":\"Espak E-pood\",\"description\":\"\",\"potentialAction\":[{\"@type\":\"SearchAction\",\"target\":{\"@type\":\"EntryPoint\",\"urlTemplate\":\"https:\/\/espak.ee\/epood\/?s={search_term_string}\"},\"query-input\":{\"@type\":\"PropertyValueSpecification\",\"valueRequired\":true,\"valueName\":\"search_term_string\"}}],\"inLanguage\":\"et\"}]}<\/script>\n<!-- \/ Yoast SEO plugin. -->","yoast_head_json":{"title":"WC KOMPAKT ZENTRUM 2,5\/4L UNIVERSAALNE, VARJATUD \u00c4RAVOOL, KOMPLEKTIS VAIKSELT SULGUV PRILL-LAUD - Espak E-pood","robots":{"index":"index","follow":"follow","max-snippet":"max-snippet:-1","max-image-preview":"max-image-preview:large","max-video-preview":"max-video-preview:-1"},"canonical":"https:\/\/espak.ee\/epood\/toode\/wc-kompakt-zentrum-25-4l-universaalne-varjatud-aravool-komplektis-vaikselt-sulguv-prill-laud\/","og_locale":"et_EE","og_type":"article","og_title":"WC KOMPAKT ZENTRUM 2,5\/4L UNIVERSAALNE, VARJATUD \u00c4RAVOOL, KOMPLEKTIS VAIKSELT SULGUV PRILL-LAUD - Espak E-pood","og_url":"https:\/\/espak.ee\/epood\/toode\/wc-kompakt-zentrum-25-4l-universaalne-varjatud-aravool-komplektis-vaikselt-sulguv-prill-laud\/","og_site_name":"Espak E-pood","article_modified_time":"2024-03-22T21:10:06+00:00","og_image":[{"width":2048,"height":2048,"url":"https:\/\/espak.ee\/epood\/wp-content\/uploads\/139012B0037221-Wc-kompakt-\u00abZentrum\u00bb-varjatud-\u00e4ravool-Komplektis-vaikselt-sulguv-prill-laud-duroplast.jpg","type":"image\/jpeg"}],"twitter_card":"summary_large_image","schema":{"@context":"https:\/\/schema.org","@graph":[{"@type":"WebPage","@id":"https:\/\/espak.ee\/epood\/toode\/wc-kompakt-zentrum-25-4l-universaalne-varjatud-aravool-komplektis-vaikselt-sulguv-prill-laud\/","url":"https:\/\/espak.ee\/epood\/toode\/wc-kompakt-zentrum-25-4l-universaalne-varjatud-aravool-komplektis-vaikselt-sulguv-prill-laud\/","name":"WC KOMPAKT ZENTRUM 2,5\/4L UNIVERSAALNE, VARJATUD \u00c4RAVOOL, KOMPLEKTIS VAIKSELT SULGUV PRILL-LAUD - Espak E-pood","isPartOf":{"@id":"https:\/\/espak.ee\/epood\/#website"},"primaryImageOfPage":{"@id":"https:\/\/espak.ee\/epood\/toode\/wc-kompakt-zentrum-25-4l-universaalne-varjatud-aravool-komplektis-vaikselt-sulguv-prill-laud\/#primaryimage"},"image":{"@id":"https:\/\/espak.ee\/epood\/toode\/wc-kompakt-zentrum-25-4l-universaalne-varjatud-aravool-komplektis-vaikselt-sulguv-prill-laud\/#primaryimage"},"thumbnailUrl":"https:\/\/espak.ee\/epood\/wp-content\/uploads\/139012B0037221-Wc-kompakt-\u00abZentrum\u00bb-varjatud-\u00e4ravool-Komplektis-vaikselt-sulguv-prill-laud-duroplast.jpg","datePublished":"2020-05-13T02:36:06+00:00","dateModified":"2024-03-22T21:10:06+00:00","breadcrumb":{"@id":"https:\/\/espak.ee\/epood\/toode\/wc-kompakt-zentrum-25-4l-universaalne-varjatud-aravool-komplektis-vaikselt-sulguv-prill-laud\/#breadcrumb"},"inLanguage":"et","potentialAction":[{"@type":"ReadAction","target":["https:\/\/espak.ee\/epood\/toode\/wc-kompakt-zentrum-25-4l-universaalne-varjatud-aravool-komplektis-vaikselt-sulguv-prill-laud\/"]}]},{"@type":"ImageObject","inLanguage":"et","@id":"https:\/\/espak.ee\/epood\/toode\/wc-kompakt-zentrum-25-4l-universaalne-varjatud-aravool-komplektis-vaikselt-sulguv-prill-laud\/#primaryimage","url":"https:\/\/espak.ee\/epood\/wp-content\/uploads\/139012B0037221-Wc-kompakt-\u00abZentrum\u00bb-varjatud-\u00e4ravool-Komplektis-vaikselt-sulguv-prill-laud-duroplast.jpg","contentUrl":"https:\/\/espak.ee\/epood\/wp-content\/uploads\/139012B0037221-Wc-kompakt-\u00abZentrum\u00bb-varjatud-\u00e4ravool-Komplektis-vaikselt-sulguv-prill-laud-duroplast.jpg","width":2048,"height":2048},{"@type":"BreadcrumbList","@id":"https:\/\/espak.ee\/epood\/toode\/wc-kompakt-zentrum-25-4l-universaalne-varjatud-aravool-komplektis-vaikselt-sulguv-prill-laud\/#breadcrumb","itemListElement":[{"@type":"ListItem","position":1,"name":"Home","item":"https:\/\/espak.ee\/epood\/"},{"@type":"ListItem","position":2,"name":"Tootevalik","item":"https:\/\/espak.ee\/epood\/tootevalik\/"},{"@type":"ListItem","position":3,"name":"WC KOMPAKT ZENTRUM 2,5\/4L UNIVERSAALNE, VARJATUD \u00c4RAVOOL, KOMPLEKTIS VAIKSELT SULGUV PRILL-LAUD"}]},{"@type":"WebSite","@id":"https:\/\/espak.ee\/epood\/#website","url":"https:\/\/espak.ee\/epood\/","name":"Espak E-pood","description":"","potentialAction":[{"@type":"SearchAction","target":{"@type":"EntryPoint","urlTemplate":"https:\/\/espak.ee\/epood\/?s={search_term_string}"},"query-input":{"@type":"PropertyValueSpecification","valueRequired":true,"valueName":"search_term_string"}}],"inLanguage":"et"}]}},"_links":{"self":[{"href":"https:\/\/espak.ee\/epood\/wp-json\/wp\/v2\/product\/26771","targetHints":{"allow":["GET"]}}],"collection":[{"href":"https:\/\/espak.ee\/epood\/wp-json\/wp\/v2\/product"}],"about":[{"href":"https:\/\/espak.ee\/epood\/wp-json\/wp\/v2\/types\/product"}],"replies":[{"embeddable":true,"href":"https:\/\/espak.ee\/epood\/wp-json\/wp\/v2\/comments?post=26771"}],"wp:featuredmedia":[{"embeddable":true,"href":"https:\/\/espak.ee\/epood\/wp-json\/wp\/v2\/media\/28773"}],"wp:attachment":[{"href":"https:\/\/espak.ee\/epood\/wp-json\/wp\/v2\/media?parent=26771"}],"wp:term":[{"taxonomy":"product_brand","embeddable":true,"href":"https:\/\/espak.ee\/epood\/wp-json\/wp\/v2\/product_brand?post=26771"},{"taxonomy":"product_cat","embeddable":true,"href":"https:\/\/espak.ee\/epood\/wp-json\/wp\/v2\/product_cat?post=26771"},{"taxonomy":"product_tag","embeddable":true,"href":"https:\/\/espak.ee\/epood\/wp-json\/wp\/v2\/product_tag?post=26771"}],"curies":[{"name":"wp","href":"https:\/\/api.w.org\/{rel}","templated":true}]}}