{"id":26769,"date":"2020-05-13T05:36:06","date_gmt":"2020-05-13T02:36:06","guid":{"rendered":"https:\/\/espak.ee\/hinnakiri\/?post_type=product&#038;p=26769"},"modified":"2024-06-07T20:37:57","modified_gmt":"2024-06-07T17:37:57","slug":"kergkruus-leca-2-4mm-50l","status":"publish","type":"product","link":"https:\/\/espak.ee\/epood\/toode\/kergkruus-leca-2-4mm-50l\/","title":{"rendered":"KERGKRUUS LECA 2-4MM 50L"},"content":{"rendered":"<div class=\"row\"  id=\"row-267545482\">\n\n\t<div id=\"col-1793394086\" class=\"col medium-9 small-12 large-9\"  >\n\t\t\t\t<div class=\"col-inner\"  >\n\t\t\t\n\t\t\t\n<p>Leca S kergkruus on savist p\u00f5letusprotsessi tulemusel saadud kerge keraamiline t\u00e4itematerjal, mis on s\u00f5elutud 2\u20264 mm graanuli suurusega fraktsiooni.<\/p>\n<div class=\"message-box relative\" style=\"padding-top:15px;padding-bottom:15px;\"><div class=\"message-box-bg-image bg-fill fill\" ><\/div><div class=\"message-box-bg-overlay bg-fill fill\" ><\/div><div class=\"container relative\"><div class=\"inner last-reset\"><div class=\"row align-middle align-center\"  id=\"row-1788278835\">\n\t<div id=\"col-818101185\" class=\"col small-12 large-12\"  >\n\t\t\t\t<div class=\"col-inner text-left\"  >\n\t\t\t\n\t\t\t\n<h4>Omadused<\/h4>\n<p>\t\t\t<div class=\"row\"  id=\"row-582192922\">\n\t<div id=\"col-252085118\" class=\"col medium-6 small-12 large-6\"  >\n\t\t\t\t<div class=\"col-inner\"  >\n\t\t\t\n\t\t\t\n<p><i class=\"fa fa-paint-roller fa-2x\"><\/i> <strong>Kulunorm<\/strong> 380 kg\/m\u00b3 (puiste tihedus)<\/p>\n<p>\t\t\t\t\t\t<\/div>\n\t\t\t\t\n<style>\n#col-252085118 > .col-inner {\n  margin: 10px 0px 15px 0px;\n}\n<\/style>\n\t<\/div>\n\n\t<\/div><div class=\"is-divider divider clearfix\" style=\"margin-top:20px;margin-bottom:20px;max-width:100%;height:2px;background-color:rgb(1, 27, 70);\"><\/div><div class=\"row\"  id=\"row-1078866930\">\n\t<div id=\"col-19615971\" class=\"col medium-6 small-12 large-6\"  >\n\t\t\t\t<div class=\"col-inner\"  >\n\t\t\t\n\t\t\t\n<p><i class=\"fa fa-check fa-2x\"><\/i> <strong>Kerge<\/strong><\/p>\n<p><i class=\"fa fa-check fa-2x\"><\/i> <strong>Tugev<\/strong><\/p>\n\t\t<\/div>\n\t\t\t\t\n<style>\n#col-19615971 > .col-inner {\n  margin: 10px 0px 15px 0px;\n}\n<\/style>\n\t<\/div>\n\n\t\n\t<div id=\"col-613668729\" class=\"col medium-6 small-12 large-6\"  >\n\t\t\t\t<div class=\"col-inner\"  >\n\t\t\t\n\t\t\t\n<p><i class=\"fa fa-check fa-2x\"><\/i> <strong>Lihtne paigaldada<\/strong><\/p>\n<p><i class=\"fa fa-check fa-2x\"><\/i> <strong>N\u00e4gus (sobib kasutamiseks dekoratiivsetel kaalutlustel)<\/strong><\/p>\n\t\t<\/div>\n\t\t\t\t\n<style>\n#col-613668729 > .col-inner {\n  margin: 10px 0px 15px 0px;\n}\n<\/style>\n\t<\/div>\n\n\t<\/div>\t\t<\/div>\n\t\t\t\t\t<\/div>\n\n\t<\/div><\/div><\/div><\/div>\t<div id=\"gap-274637104\" class=\"gap-element clearfix\" style=\"display:block; height:auto;\">\n\t\t\n<style>\n#gap-274637104 {\n  padding-top: 30px;\n}\n<\/style>\n\t<\/div>\n\t\n<p><strong>Kasutamine:<\/strong> Leca S kergkruusa kasutatakse p\u00f5randate, vahelagede ja katuslagede ehitamisel aluspinna ettevalmistamiseks enne isolatsioonikihi paigaldamist v\u00f5i valut\u00f6\u00f6de tegemist, kui on vaja teha \u00f5huke (~12&#8230;30 mm) alustasandus j\u00e4rgmistele materjalikihtidele. Leca S kergkruus sobib h\u00e4sti kasutamiseks ka dekoratiivsetel kaalutlustel (lillepottides ja -peenardel mulla katmisteks).<\/p>\n\t\t<\/div>\n\t\t\t\t\t<\/div>\n\n\t\n\n\t<div id=\"col-2076403956\" class=\"col medium-3 small-12 large-3\"  >\n\t\t\t\t<div class=\"col-inner\"  >\n\t\t\t\n\t\t\t\n<p><strong>\u00dcksikasjalikuma n\u00f5u saamiseks v\u00f5tke \u00fchendust:<br \/><\/strong>SAINT-GOBAIN EESTI AS, Peterburi tee 75, 11415 Tallinn, Telefon: +372 6209 510<\/p>\n\t\t<\/div>\n\t\t\t\t\t<\/div>\n\n\t\n<\/div>\n","protected":false},"excerpt":{"rendered":"","protected":false},"featured_media":67215,"comment_status":"closed","ping_status":"open","template":"","meta":[],"product_brand":[],"product_cat":[2718,3208,3207,2697],"product_tag":[],"class_list":{"0":"post-26769","1":"product","2":"type-product","3":"status-publish","4":"has-post-thumbnail","6":"product_cat-isolatsioonimaterjalid","7":"product_cat-kergkruus-kergkruus","8":"product_cat-kergkruus","9":"product_cat-uldehitus","10":"pa_kaubamark-saint-gobain-ehitustooted-as","12":"first","13":"instock","14":"sale","15":"taxable","16":"shipping-taxable","17":"purchasable","18":"product-type-simple"},"yoast_head":"<!-- This site is optimized with the Yoast SEO plugin v26.9 - https:\/\/yoast.com\/product\/yoast-seo-wordpress\/ -->\n<title>KERGKRUUS LECA 2-4MM 50L - Espak E-pood<\/title>\n<meta name=\"robots\" content=\"index, follow, max-snippet:-1, max-image-preview:large, max-video-preview:-1\" \/>\n<link rel=\"canonical\" href=\"https:\/\/espak.ee\/epood\/toode\/kergkruus-leca-2-4mm-50l\/\" \/>\n<meta property=\"og:locale\" content=\"et_EE\" \/>\n<meta property=\"og:type\" content=\"article\" \/>\n<meta property=\"og:title\" content=\"KERGKRUUS LECA 2-4MM 50L - Espak E-pood\" \/>\n<meta property=\"og:url\" content=\"https:\/\/espak.ee\/epood\/toode\/kergkruus-leca-2-4mm-50l\/\" \/>\n<meta property=\"og:site_name\" content=\"Espak E-pood\" \/>\n<meta property=\"article:modified_time\" content=\"2024-06-07T17:37:57+00:00\" \/>\n<meta property=\"og:image\" content=\"https:\/\/espak.ee\/epood\/wp-content\/uploads\/1000377.jpg\" \/>\n\t<meta property=\"og:image:width\" content=\"1936\" \/>\n\t<meta property=\"og:image:height\" content=\"1936\" \/>\n\t<meta property=\"og:image:type\" content=\"image\/jpeg\" \/>\n<meta name=\"twitter:card\" content=\"summary_large_image\" \/>\n<meta name=\"twitter:label1\" content=\"Est. reading time\" \/>\n\t<meta name=\"twitter:data1\" content=\"1 minut\" \/>\n<script type=\"application\/ld+json\" class=\"yoast-schema-graph\">{\"@context\":\"https:\/\/schema.org\",\"@graph\":[{\"@type\":\"WebPage\",\"@id\":\"https:\/\/espak.ee\/epood\/toode\/kergkruus-leca-2-4mm-50l\/\",\"url\":\"https:\/\/espak.ee\/epood\/toode\/kergkruus-leca-2-4mm-50l\/\",\"name\":\"KERGKRUUS LECA 2-4MM 50L - Espak E-pood\",\"isPartOf\":{\"@id\":\"https:\/\/espak.ee\/epood\/#website\"},\"primaryImageOfPage\":{\"@id\":\"https:\/\/espak.ee\/epood\/toode\/kergkruus-leca-2-4mm-50l\/#primaryimage\"},\"image\":{\"@id\":\"https:\/\/espak.ee\/epood\/toode\/kergkruus-leca-2-4mm-50l\/#primaryimage\"},\"thumbnailUrl\":\"https:\/\/espak.ee\/epood\/wp-content\/uploads\/1000377.jpg\",\"datePublished\":\"2020-05-13T02:36:06+00:00\",\"dateModified\":\"2024-06-07T17:37:57+00:00\",\"breadcrumb\":{\"@id\":\"https:\/\/espak.ee\/epood\/toode\/kergkruus-leca-2-4mm-50l\/#breadcrumb\"},\"inLanguage\":\"et\",\"potentialAction\":[{\"@type\":\"ReadAction\",\"target\":[\"https:\/\/espak.ee\/epood\/toode\/kergkruus-leca-2-4mm-50l\/\"]}]},{\"@type\":\"ImageObject\",\"inLanguage\":\"et\",\"@id\":\"https:\/\/espak.ee\/epood\/toode\/kergkruus-leca-2-4mm-50l\/#primaryimage\",\"url\":\"https:\/\/espak.ee\/epood\/wp-content\/uploads\/1000377.jpg\",\"contentUrl\":\"https:\/\/espak.ee\/epood\/wp-content\/uploads\/1000377.jpg\",\"width\":1936,\"height\":1936},{\"@type\":\"BreadcrumbList\",\"@id\":\"https:\/\/espak.ee\/epood\/toode\/kergkruus-leca-2-4mm-50l\/#breadcrumb\",\"itemListElement\":[{\"@type\":\"ListItem\",\"position\":1,\"name\":\"Home\",\"item\":\"https:\/\/espak.ee\/epood\/\"},{\"@type\":\"ListItem\",\"position\":2,\"name\":\"Tootevalik\",\"item\":\"https:\/\/espak.ee\/epood\/tootevalik\/\"},{\"@type\":\"ListItem\",\"position\":3,\"name\":\"KERGKRUUS LECA 2-4MM 50L\"}]},{\"@type\":\"WebSite\",\"@id\":\"https:\/\/espak.ee\/epood\/#website\",\"url\":\"https:\/\/espak.ee\/epood\/\",\"name\":\"Espak E-pood\",\"description\":\"\",\"potentialAction\":[{\"@type\":\"SearchAction\",\"target\":{\"@type\":\"EntryPoint\",\"urlTemplate\":\"https:\/\/espak.ee\/epood\/?s={search_term_string}\"},\"query-input\":{\"@type\":\"PropertyValueSpecification\",\"valueRequired\":true,\"valueName\":\"search_term_string\"}}],\"inLanguage\":\"et\"}]}<\/script>\n<!-- \/ Yoast SEO plugin. -->","yoast_head_json":{"title":"KERGKRUUS LECA 2-4MM 50L - Espak E-pood","robots":{"index":"index","follow":"follow","max-snippet":"max-snippet:-1","max-image-preview":"max-image-preview:large","max-video-preview":"max-video-preview:-1"},"canonical":"https:\/\/espak.ee\/epood\/toode\/kergkruus-leca-2-4mm-50l\/","og_locale":"et_EE","og_type":"article","og_title":"KERGKRUUS LECA 2-4MM 50L - Espak E-pood","og_url":"https:\/\/espak.ee\/epood\/toode\/kergkruus-leca-2-4mm-50l\/","og_site_name":"Espak E-pood","article_modified_time":"2024-06-07T17:37:57+00:00","og_image":[{"width":1936,"height":1936,"url":"https:\/\/espak.ee\/epood\/wp-content\/uploads\/1000377.jpg","type":"image\/jpeg"}],"twitter_card":"summary_large_image","twitter_misc":{"Est. reading time":"1 minut"},"schema":{"@context":"https:\/\/schema.org","@graph":[{"@type":"WebPage","@id":"https:\/\/espak.ee\/epood\/toode\/kergkruus-leca-2-4mm-50l\/","url":"https:\/\/espak.ee\/epood\/toode\/kergkruus-leca-2-4mm-50l\/","name":"KERGKRUUS LECA 2-4MM 50L - Espak E-pood","isPartOf":{"@id":"https:\/\/espak.ee\/epood\/#website"},"primaryImageOfPage":{"@id":"https:\/\/espak.ee\/epood\/toode\/kergkruus-leca-2-4mm-50l\/#primaryimage"},"image":{"@id":"https:\/\/espak.ee\/epood\/toode\/kergkruus-leca-2-4mm-50l\/#primaryimage"},"thumbnailUrl":"https:\/\/espak.ee\/epood\/wp-content\/uploads\/1000377.jpg","datePublished":"2020-05-13T02:36:06+00:00","dateModified":"2024-06-07T17:37:57+00:00","breadcrumb":{"@id":"https:\/\/espak.ee\/epood\/toode\/kergkruus-leca-2-4mm-50l\/#breadcrumb"},"inLanguage":"et","potentialAction":[{"@type":"ReadAction","target":["https:\/\/espak.ee\/epood\/toode\/kergkruus-leca-2-4mm-50l\/"]}]},{"@type":"ImageObject","inLanguage":"et","@id":"https:\/\/espak.ee\/epood\/toode\/kergkruus-leca-2-4mm-50l\/#primaryimage","url":"https:\/\/espak.ee\/epood\/wp-content\/uploads\/1000377.jpg","contentUrl":"https:\/\/espak.ee\/epood\/wp-content\/uploads\/1000377.jpg","width":1936,"height":1936},{"@type":"BreadcrumbList","@id":"https:\/\/espak.ee\/epood\/toode\/kergkruus-leca-2-4mm-50l\/#breadcrumb","itemListElement":[{"@type":"ListItem","position":1,"name":"Home","item":"https:\/\/espak.ee\/epood\/"},{"@type":"ListItem","position":2,"name":"Tootevalik","item":"https:\/\/espak.ee\/epood\/tootevalik\/"},{"@type":"ListItem","position":3,"name":"KERGKRUUS LECA 2-4MM 50L"}]},{"@type":"WebSite","@id":"https:\/\/espak.ee\/epood\/#website","url":"https:\/\/espak.ee\/epood\/","name":"Espak E-pood","description":"","potentialAction":[{"@type":"SearchAction","target":{"@type":"EntryPoint","urlTemplate":"https:\/\/espak.ee\/epood\/?s={search_term_string}"},"query-input":{"@type":"PropertyValueSpecification","valueRequired":true,"valueName":"search_term_string"}}],"inLanguage":"et"}]}},"_links":{"self":[{"href":"https:\/\/espak.ee\/epood\/wp-json\/wp\/v2\/product\/26769","targetHints":{"allow":["GET"]}}],"collection":[{"href":"https:\/\/espak.ee\/epood\/wp-json\/wp\/v2\/product"}],"about":[{"href":"https:\/\/espak.ee\/epood\/wp-json\/wp\/v2\/types\/product"}],"replies":[{"embeddable":true,"href":"https:\/\/espak.ee\/epood\/wp-json\/wp\/v2\/comments?post=26769"}],"wp:featuredmedia":[{"embeddable":true,"href":"https:\/\/espak.ee\/epood\/wp-json\/wp\/v2\/media\/67215"}],"wp:attachment":[{"href":"https:\/\/espak.ee\/epood\/wp-json\/wp\/v2\/media?parent=26769"}],"wp:term":[{"taxonomy":"product_brand","embeddable":true,"href":"https:\/\/espak.ee\/epood\/wp-json\/wp\/v2\/product_brand?post=26769"},{"taxonomy":"product_cat","embeddable":true,"href":"https:\/\/espak.ee\/epood\/wp-json\/wp\/v2\/product_cat?post=26769"},{"taxonomy":"product_tag","embeddable":true,"href":"https:\/\/espak.ee\/epood\/wp-json\/wp\/v2\/product_tag?post=26769"}],"curies":[{"name":"wp","href":"https:\/\/api.w.org\/{rel}","templated":true}]}}