{"id":266414,"date":"2026-03-11T05:11:39","date_gmt":"2026-03-11T03:11:39","guid":{"rendered":"https:\/\/espak.ee\/epood\/?post_type=product&#038;p=266414"},"modified":"2026-03-12T16:10:24","modified_gmt":"2026-03-12T14:10:24","slug":"survepesur-k5-eu-karcher","status":"publish","type":"product","link":"https:\/\/espak.ee\/epood\/toode\/survepesur-k5-eu-karcher\/","title":{"rendered":"SURVEPESUR K5 *EU K\u00c4RCHER"},"content":{"rendered":"<div class=\"row\"  id=\"row-1020730896\">\n\n\t<div id=\"col-633983143\" class=\"col medium-9 small-12 large-9\"  >\n\t\t\t\t<div class=\"col-inner\"  >\n\t\t\t\n\t\t\t\n<img decoding=\"async\" src=\"https:\/\/espak.ee\/epood\/wp-content\/uploads\/2023\/03\/KARCHER_1920x300.png\" alt=\"\" width=\"1920\" height=\"300\" class=\"alignnone size-full wp-image-162787\" srcset=\"https:\/\/espak.ee\/epood\/wp-content\/uploads\/2023\/03\/KARCHER_1920x300.png 1920w, https:\/\/espak.ee\/epood\/wp-content\/uploads\/2023\/03\/KARCHER_1920x300-500x78.png 500w, https:\/\/espak.ee\/epood\/wp-content\/uploads\/2023\/03\/KARCHER_1920x300-769x120.png 769w, https:\/\/espak.ee\/epood\/wp-content\/uploads\/2023\/03\/KARCHER_1920x300-300x47.png 300w, https:\/\/espak.ee\/epood\/wp-content\/uploads\/2023\/03\/KARCHER_1920x300-1024x160.png 1024w, https:\/\/espak.ee\/epood\/wp-content\/uploads\/2023\/03\/KARCHER_1920x300-150x23.png 150w, https:\/\/espak.ee\/epood\/wp-content\/uploads\/2023\/03\/KARCHER_1920x300-768x120.png 768w, https:\/\/espak.ee\/epood\/wp-content\/uploads\/2023\/03\/KARCHER_1920x300-1536x240.png 1536w\" sizes=\"(max-width: 1920px) 100vw, 1920px\" \/><\/p>\n<h3>Survepesur K5 *EU K\u00e4rcher<\/h3>\n<p>K 5 on ideaalne kaaslane regulaarseteks puhastust\u00f6\u00f6deks, n\u00e4iteks keskmiselt m\u00e4\u00e4rdunud autode, aga ka teede ja muude kinnistu \u00fcmbruse pindade puhastamiseks.<\/p>\n\t<div id=\"gap-521618485\" class=\"gap-element clearfix\" style=\"display:block; height:auto;\">\n\t\t\n<style>\n#gap-521618485 {\n  padding-top: 30px;\n}\n<\/style>\n\t<\/div>\n\t\n<p>K 5 survepesur on ideaalne t\u00f6\u00f6riist regulaarseteks puhastust\u00f6\u00f6deks m\u00f5\u00f5duka mustuse korral, n\u00e4iteks s\u00f5idukitel ja keskmise suurusega aiapindadel. Selle varustusse kuuluvad pesup\u00fcstol, 8 meetri pikkune k\u00f5rgsurvevoolik, Vario Power pihustusotsik (VPS), p\u00f6\u00f6rleva joaga mustuseprits k\u00f5ige kangekaelsema mustuse eemaldamiseks ja usaldusv\u00e4\u00e4rne veefilter, mis kaitseb pumpa v\u00e4ikeste mustuseosakeste sissetungimise eest. R\u00f5hku saab Vario Power pihustusotsikul (VPS) h\u00f5lpsalt reguleerida, seda lihtsalt keerates \u2013 eriti sihip\u00e4raseks ja pindadele \u00f5rnaks puhastamiseks. P\u00f6\u00f6rleva joaga mustuseprits tagab suurep\u00e4rased puhastustulemused isegi kangekaelse mustuse korral. K\u00f5iki lisatarvikuid saab seadmel endal h\u00f5lpsalt hoiustada.<\/p>\n<div class=\"is-divider divider clearfix\" ><\/div>\n<p>Pikendatud garantiiks registreeri toode <a href=\"https:\/\/www.kaercher.com\/ee\/klienditugi\/kasulik-info\/survepesurite-pikendatud-garantii.html\"><strong>SIIN<\/strong><\/a>.<\/p>\n<p><img decoding=\"async\" src=\"https:\/\/espak.ee\/epood\/wp-content\/uploads\/2023\/03\/karcher-5a-e1686299594673.png\" alt=\"\" width=\"1290\" height=\"1836\" class=\"alignnone size-full wp-image-162788\" srcset=\"https:\/\/espak.ee\/epood\/wp-content\/uploads\/2023\/03\/karcher-5a-e1686299594673.png 1290w, https:\/\/espak.ee\/epood\/wp-content\/uploads\/2023\/03\/karcher-5a-e1686299594673-500x712.png 500w, https:\/\/espak.ee\/epood\/wp-content\/uploads\/2023\/03\/karcher-5a-e1686299594673-769x1094.png 769w, https:\/\/espak.ee\/epood\/wp-content\/uploads\/2023\/03\/karcher-5a-e1686299594673-211x300.png 211w, https:\/\/espak.ee\/epood\/wp-content\/uploads\/2023\/03\/karcher-5a-e1686299594673-719x1024.png 719w, https:\/\/espak.ee\/epood\/wp-content\/uploads\/2023\/03\/karcher-5a-e1686299594673-105x150.png 105w, https:\/\/espak.ee\/epood\/wp-content\/uploads\/2023\/03\/karcher-5a-e1686299594673-768x1093.png 768w, https:\/\/espak.ee\/epood\/wp-content\/uploads\/2023\/03\/karcher-5a-e1686299594673-1079x1536.png 1079w\" sizes=\"(max-width: 1290px) 100vw, 1290px\" \/><br \/>\n\t\t<\/div>\n\t\t\t\t\t<\/div>\n\n\t\n\n\t<div id=\"col-1497180569\" class=\"col medium-3 small-12 large-3\"  >\n\t\t\t\t<div class=\"col-inner\"  >\n\t\t\t\n\t\t\t\n<h3>Kasutusjuhend<\/h3>\n<p><a href=\"https:\/\/espak.ee\/epood\/wp-content\/uploads\/2026\/03\/BTA-5923128-000-01.pdf\"target=\"_blank\" rel=\"noopener noreferrer\"><i class=\"far fa-file-pdf\"><\/i> Kasutusjuhend (PDF)<\/a><\/p>\n<div class=\"is-divider divider clearfix\" ><\/div>\n<p><strong>\u00dcksikasjalikuma n\u00f5u saamiseks v\u00f5tke \u00fchendust:<br \/><\/strong>Espak AS<br \/>Viadukti 42<br \/>11313<br \/>Tallinn<br \/>+372 6 512333<\/p>\n\t\t<\/div>\n\t\t\t\t\t<\/div>\n\n\t\n<\/div>\n","protected":false},"excerpt":{"rendered":"","protected":false},"featured_media":266749,"comment_status":"closed","ping_status":"closed","template":"","meta":[],"product_brand":[],"product_cat":[2680,2785,2786,2679],"product_tag":[],"class_list":{"0":"post-266414","1":"product","2":"type-product","3":"status-publish","4":"has-post-thumbnail","6":"product_cat-elektritooriistad","7":"product_cat-koristusseadmed","8":"product_cat-survepesurid","9":"product_cat-tooriistad","10":"pa_kaubamark-karcher","12":"first","13":"instock","14":"sale","15":"taxable","16":"shipping-taxable","17":"purchasable","18":"product-type-simple"},"yoast_head":"<!-- This site is optimized with the Yoast SEO plugin v26.9 - https:\/\/yoast.com\/product\/yoast-seo-wordpress\/ -->\n<title>SURVEPESUR K5 *EU K\u00c4RCHER - Espak E-pood<\/title>\n<meta name=\"robots\" content=\"index, follow, max-snippet:-1, max-image-preview:large, max-video-preview:-1\" \/>\n<link rel=\"canonical\" href=\"https:\/\/espak.ee\/epood\/toode\/survepesur-k5-eu-karcher\/\" \/>\n<meta property=\"og:locale\" content=\"et_EE\" \/>\n<meta property=\"og:type\" content=\"article\" \/>\n<meta property=\"og:title\" content=\"SURVEPESUR K5 *EU K\u00c4RCHER - Espak E-pood\" \/>\n<meta property=\"og:url\" content=\"https:\/\/espak.ee\/epood\/toode\/survepesur-k5-eu-karcher\/\" \/>\n<meta property=\"og:site_name\" content=\"Espak E-pood\" \/>\n<meta property=\"article:modified_time\" content=\"2026-03-12T14:10:24+00:00\" \/>\n<meta property=\"og:image\" content=\"https:\/\/espak.ee\/epood\/wp-content\/uploads\/2026\/03\/d0-82.jpg\" \/>\n\t<meta property=\"og:image:width\" content=\"1000\" \/>\n\t<meta property=\"og:image:height\" content=\"1000\" \/>\n\t<meta property=\"og:image:type\" content=\"image\/jpeg\" \/>\n<meta name=\"twitter:card\" content=\"summary_large_image\" \/>\n<meta name=\"twitter:label1\" content=\"Est. reading time\" \/>\n\t<meta name=\"twitter:data1\" content=\"1 minut\" \/>\n<script type=\"application\/ld+json\" class=\"yoast-schema-graph\">{\"@context\":\"https:\/\/schema.org\",\"@graph\":[{\"@type\":\"WebPage\",\"@id\":\"https:\/\/espak.ee\/epood\/toode\/survepesur-k5-eu-karcher\/\",\"url\":\"https:\/\/espak.ee\/epood\/toode\/survepesur-k5-eu-karcher\/\",\"name\":\"SURVEPESUR K5 *EU K\u00c4RCHER - Espak E-pood\",\"isPartOf\":{\"@id\":\"https:\/\/espak.ee\/epood\/#website\"},\"primaryImageOfPage\":{\"@id\":\"https:\/\/espak.ee\/epood\/toode\/survepesur-k5-eu-karcher\/#primaryimage\"},\"image\":{\"@id\":\"https:\/\/espak.ee\/epood\/toode\/survepesur-k5-eu-karcher\/#primaryimage\"},\"thumbnailUrl\":\"https:\/\/espak.ee\/epood\/wp-content\/uploads\/2026\/03\/d0-82.jpg\",\"datePublished\":\"2026-03-11T03:11:39+00:00\",\"dateModified\":\"2026-03-12T14:10:24+00:00\",\"breadcrumb\":{\"@id\":\"https:\/\/espak.ee\/epood\/toode\/survepesur-k5-eu-karcher\/#breadcrumb\"},\"inLanguage\":\"et\",\"potentialAction\":[{\"@type\":\"ReadAction\",\"target\":[\"https:\/\/espak.ee\/epood\/toode\/survepesur-k5-eu-karcher\/\"]}]},{\"@type\":\"ImageObject\",\"inLanguage\":\"et\",\"@id\":\"https:\/\/espak.ee\/epood\/toode\/survepesur-k5-eu-karcher\/#primaryimage\",\"url\":\"https:\/\/espak.ee\/epood\/wp-content\/uploads\/2026\/03\/d0-82.jpg\",\"contentUrl\":\"https:\/\/espak.ee\/epood\/wp-content\/uploads\/2026\/03\/d0-82.jpg\",\"width\":1000,\"height\":1000},{\"@type\":\"BreadcrumbList\",\"@id\":\"https:\/\/espak.ee\/epood\/toode\/survepesur-k5-eu-karcher\/#breadcrumb\",\"itemListElement\":[{\"@type\":\"ListItem\",\"position\":1,\"name\":\"Home\",\"item\":\"https:\/\/espak.ee\/epood\/\"},{\"@type\":\"ListItem\",\"position\":2,\"name\":\"Tootevalik\",\"item\":\"https:\/\/espak.ee\/epood\/tootevalik\/\"},{\"@type\":\"ListItem\",\"position\":3,\"name\":\"SURVEPESUR K5 *EU K\u00c4RCHER\"}]},{\"@type\":\"WebSite\",\"@id\":\"https:\/\/espak.ee\/epood\/#website\",\"url\":\"https:\/\/espak.ee\/epood\/\",\"name\":\"Espak E-pood\",\"description\":\"\",\"potentialAction\":[{\"@type\":\"SearchAction\",\"target\":{\"@type\":\"EntryPoint\",\"urlTemplate\":\"https:\/\/espak.ee\/epood\/?s={search_term_string}\"},\"query-input\":{\"@type\":\"PropertyValueSpecification\",\"valueRequired\":true,\"valueName\":\"search_term_string\"}}],\"inLanguage\":\"et\"}]}<\/script>\n<!-- \/ Yoast SEO plugin. -->","yoast_head_json":{"title":"SURVEPESUR K5 *EU K\u00c4RCHER - Espak E-pood","robots":{"index":"index","follow":"follow","max-snippet":"max-snippet:-1","max-image-preview":"max-image-preview:large","max-video-preview":"max-video-preview:-1"},"canonical":"https:\/\/espak.ee\/epood\/toode\/survepesur-k5-eu-karcher\/","og_locale":"et_EE","og_type":"article","og_title":"SURVEPESUR K5 *EU K\u00c4RCHER - Espak E-pood","og_url":"https:\/\/espak.ee\/epood\/toode\/survepesur-k5-eu-karcher\/","og_site_name":"Espak E-pood","article_modified_time":"2026-03-12T14:10:24+00:00","og_image":[{"width":1000,"height":1000,"url":"https:\/\/espak.ee\/epood\/wp-content\/uploads\/2026\/03\/d0-82.jpg","type":"image\/jpeg"}],"twitter_card":"summary_large_image","twitter_misc":{"Est. reading time":"1 minut"},"schema":{"@context":"https:\/\/schema.org","@graph":[{"@type":"WebPage","@id":"https:\/\/espak.ee\/epood\/toode\/survepesur-k5-eu-karcher\/","url":"https:\/\/espak.ee\/epood\/toode\/survepesur-k5-eu-karcher\/","name":"SURVEPESUR K5 *EU K\u00c4RCHER - Espak E-pood","isPartOf":{"@id":"https:\/\/espak.ee\/epood\/#website"},"primaryImageOfPage":{"@id":"https:\/\/espak.ee\/epood\/toode\/survepesur-k5-eu-karcher\/#primaryimage"},"image":{"@id":"https:\/\/espak.ee\/epood\/toode\/survepesur-k5-eu-karcher\/#primaryimage"},"thumbnailUrl":"https:\/\/espak.ee\/epood\/wp-content\/uploads\/2026\/03\/d0-82.jpg","datePublished":"2026-03-11T03:11:39+00:00","dateModified":"2026-03-12T14:10:24+00:00","breadcrumb":{"@id":"https:\/\/espak.ee\/epood\/toode\/survepesur-k5-eu-karcher\/#breadcrumb"},"inLanguage":"et","potentialAction":[{"@type":"ReadAction","target":["https:\/\/espak.ee\/epood\/toode\/survepesur-k5-eu-karcher\/"]}]},{"@type":"ImageObject","inLanguage":"et","@id":"https:\/\/espak.ee\/epood\/toode\/survepesur-k5-eu-karcher\/#primaryimage","url":"https:\/\/espak.ee\/epood\/wp-content\/uploads\/2026\/03\/d0-82.jpg","contentUrl":"https:\/\/espak.ee\/epood\/wp-content\/uploads\/2026\/03\/d0-82.jpg","width":1000,"height":1000},{"@type":"BreadcrumbList","@id":"https:\/\/espak.ee\/epood\/toode\/survepesur-k5-eu-karcher\/#breadcrumb","itemListElement":[{"@type":"ListItem","position":1,"name":"Home","item":"https:\/\/espak.ee\/epood\/"},{"@type":"ListItem","position":2,"name":"Tootevalik","item":"https:\/\/espak.ee\/epood\/tootevalik\/"},{"@type":"ListItem","position":3,"name":"SURVEPESUR K5 *EU K\u00c4RCHER"}]},{"@type":"WebSite","@id":"https:\/\/espak.ee\/epood\/#website","url":"https:\/\/espak.ee\/epood\/","name":"Espak E-pood","description":"","potentialAction":[{"@type":"SearchAction","target":{"@type":"EntryPoint","urlTemplate":"https:\/\/espak.ee\/epood\/?s={search_term_string}"},"query-input":{"@type":"PropertyValueSpecification","valueRequired":true,"valueName":"search_term_string"}}],"inLanguage":"et"}]}},"_links":{"self":[{"href":"https:\/\/espak.ee\/epood\/wp-json\/wp\/v2\/product\/266414","targetHints":{"allow":["GET"]}}],"collection":[{"href":"https:\/\/espak.ee\/epood\/wp-json\/wp\/v2\/product"}],"about":[{"href":"https:\/\/espak.ee\/epood\/wp-json\/wp\/v2\/types\/product"}],"replies":[{"embeddable":true,"href":"https:\/\/espak.ee\/epood\/wp-json\/wp\/v2\/comments?post=266414"}],"wp:featuredmedia":[{"embeddable":true,"href":"https:\/\/espak.ee\/epood\/wp-json\/wp\/v2\/media\/266749"}],"wp:attachment":[{"href":"https:\/\/espak.ee\/epood\/wp-json\/wp\/v2\/media?parent=266414"}],"wp:term":[{"taxonomy":"product_brand","embeddable":true,"href":"https:\/\/espak.ee\/epood\/wp-json\/wp\/v2\/product_brand?post=266414"},{"taxonomy":"product_cat","embeddable":true,"href":"https:\/\/espak.ee\/epood\/wp-json\/wp\/v2\/product_cat?post=266414"},{"taxonomy":"product_tag","embeddable":true,"href":"https:\/\/espak.ee\/epood\/wp-json\/wp\/v2\/product_tag?post=266414"}],"curies":[{"name":"wp","href":"https:\/\/api.w.org\/{rel}","templated":true}]}}