{"id":265581,"date":"2026-03-04T05:05:43","date_gmt":"2026-03-04T03:05:43","guid":{"rendered":"https:\/\/espak.ee\/epood\/?post_type=product&#038;p=265581"},"modified":"2026-03-27T19:00:47","modified_gmt":"2026-03-27T17:00:47","slug":"karbsepaber-aknale-labipaistev-green-protect-6tk-pk","status":"publish","type":"product","link":"https:\/\/espak.ee\/epood\/toode\/karbsepaber-aknale-labipaistev-green-protect-6tk-pk\/","title":{"rendered":"K\u00c4RBSEPABER AKNALE L\u00c4BIPAISTEV GREEN PROTECT 6TK\/PK"},"content":{"rendered":"<div class=\"row\"  id=\"row-1106224300\">\n\n\t<div id=\"col-1564284209\" class=\"col medium-9 small-12 large-9\"  >\n\t\t\t\t<div class=\"col-inner\"  >\n\t\t\t\n\t\t\t\n<h3>L\u00e4bipaistev k\u00e4rbsepaber aknale Green Protect 6tk\/pk<\/h3>\n<p>L\u00e4bipaistev liimp\u00fc\u00fcnis suurendab atraktiivsust k\u00e4rbestele, kuna paistab rohkem l\u00e4bi. Keskkonnas\u00f5bralik ja l\u00f5hnatu k\u00e4rbsep\u00fc\u00fcnis korterites, elumajades, suvilates, haagiselamutes, kontoriruumides jne. kasutamiseks. Pika toimeajaga liim, millega saab kinni p\u00fc\u00fcda k\u00e4rbsed ja teised lendavad putukad.<br \/>\n Toimeaeg 6 \u2013 8 n\u00e4dalat \u00f6\u00f6p\u00e4ev l\u00e4bi.<br \/>\n Asetada akna all\u00e4\u00e4rde taimede v\u00f5i kardinate taha.\n <\/p>\n\t\t<\/div>\n\t\t\t\t\t<\/div>\n\n\t\n\n\t<div id=\"col-502735095\" class=\"col medium-3 small-12 large-3\"  >\n\t\t\t\t<div class=\"col-inner\"  >\n\t\t\t\n\t\t\t\n<div class=\"is-divider divider clearfix\" ><\/div>\n<p><strong>\u00dcksikasjalikuma n\u00f5u saamiseks v\u00f5tke \u00fchendust:<br \/><\/strong>Horticom O\u00dc<br \/>Loom\u00e4e tee 11<br \/>75306<br \/>Rae vald<br \/> +372 6011 727<\/p>\n\t\t<\/div>\n\t\t\t\t\t<\/div>\n\n\t\n<\/div>\n","protected":false},"excerpt":{"rendered":"","protected":false},"featured_media":265660,"comment_status":"closed","ping_status":"closed","template":"","meta":[],"product_brand":[],"product_cat":[2789,2788,4748,2884],"product_tag":[],"class_list":{"0":"post-265581","1":"product","2":"type-product","3":"status-publish","4":"has-post-thumbnail","6":"product_cat-aiatarbed","7":"product_cat-aiatarbed-ja-kodukaubad","8":"product_cat-lendavate-putukate-torjevahendid","9":"product_cat-olmekahjurite-torjevahendid","10":"pa_kaubamark-horticom-ou","12":"first","13":"instock","14":"sale","15":"taxable","16":"shipping-taxable","17":"purchasable","18":"product-type-simple"},"yoast_head":"<!-- This site is optimized with the Yoast SEO plugin v26.9 - https:\/\/yoast.com\/product\/yoast-seo-wordpress\/ -->\n<title>K\u00c4RBSEPABER AKNALE L\u00c4BIPAISTEV GREEN PROTECT 6TK\/PK - Espak E-pood<\/title>\n<meta name=\"robots\" content=\"index, follow, max-snippet:-1, max-image-preview:large, max-video-preview:-1\" \/>\n<link rel=\"canonical\" href=\"https:\/\/espak.ee\/epood\/toode\/karbsepaber-aknale-labipaistev-green-protect-6tk-pk\/\" \/>\n<meta property=\"og:locale\" content=\"et_EE\" \/>\n<meta property=\"og:type\" content=\"article\" \/>\n<meta property=\"og:title\" content=\"K\u00c4RBSEPABER AKNALE L\u00c4BIPAISTEV GREEN PROTECT 6TK\/PK - Espak E-pood\" \/>\n<meta property=\"og:url\" content=\"https:\/\/espak.ee\/epood\/toode\/karbsepaber-aknale-labipaistev-green-protect-6tk-pk\/\" \/>\n<meta property=\"og:site_name\" content=\"Espak E-pood\" \/>\n<meta property=\"article:modified_time\" content=\"2026-03-27T17:00:47+00:00\" \/>\n<meta property=\"og:image\" content=\"https:\/\/espak.ee\/epood\/wp-content\/uploads\/2026\/03\/5060525030819.jpg\" \/>\n\t<meta property=\"og:image:width\" content=\"1000\" \/>\n\t<meta property=\"og:image:height\" content=\"1000\" \/>\n\t<meta property=\"og:image:type\" content=\"image\/jpeg\" \/>\n<meta name=\"twitter:card\" content=\"summary_large_image\" \/>\n<script type=\"application\/ld+json\" class=\"yoast-schema-graph\">{\"@context\":\"https:\/\/schema.org\",\"@graph\":[{\"@type\":\"WebPage\",\"@id\":\"https:\/\/espak.ee\/epood\/toode\/karbsepaber-aknale-labipaistev-green-protect-6tk-pk\/\",\"url\":\"https:\/\/espak.ee\/epood\/toode\/karbsepaber-aknale-labipaistev-green-protect-6tk-pk\/\",\"name\":\"K\u00c4RBSEPABER AKNALE L\u00c4BIPAISTEV GREEN PROTECT 6TK\/PK - Espak E-pood\",\"isPartOf\":{\"@id\":\"https:\/\/espak.ee\/epood\/#website\"},\"primaryImageOfPage\":{\"@id\":\"https:\/\/espak.ee\/epood\/toode\/karbsepaber-aknale-labipaistev-green-protect-6tk-pk\/#primaryimage\"},\"image\":{\"@id\":\"https:\/\/espak.ee\/epood\/toode\/karbsepaber-aknale-labipaistev-green-protect-6tk-pk\/#primaryimage\"},\"thumbnailUrl\":\"https:\/\/espak.ee\/epood\/wp-content\/uploads\/2026\/03\/5060525030819.jpg\",\"datePublished\":\"2026-03-04T03:05:43+00:00\",\"dateModified\":\"2026-03-27T17:00:47+00:00\",\"breadcrumb\":{\"@id\":\"https:\/\/espak.ee\/epood\/toode\/karbsepaber-aknale-labipaistev-green-protect-6tk-pk\/#breadcrumb\"},\"inLanguage\":\"et\",\"potentialAction\":[{\"@type\":\"ReadAction\",\"target\":[\"https:\/\/espak.ee\/epood\/toode\/karbsepaber-aknale-labipaistev-green-protect-6tk-pk\/\"]}]},{\"@type\":\"ImageObject\",\"inLanguage\":\"et\",\"@id\":\"https:\/\/espak.ee\/epood\/toode\/karbsepaber-aknale-labipaistev-green-protect-6tk-pk\/#primaryimage\",\"url\":\"https:\/\/espak.ee\/epood\/wp-content\/uploads\/2026\/03\/5060525030819.jpg\",\"contentUrl\":\"https:\/\/espak.ee\/epood\/wp-content\/uploads\/2026\/03\/5060525030819.jpg\",\"width\":1000,\"height\":1000},{\"@type\":\"BreadcrumbList\",\"@id\":\"https:\/\/espak.ee\/epood\/toode\/karbsepaber-aknale-labipaistev-green-protect-6tk-pk\/#breadcrumb\",\"itemListElement\":[{\"@type\":\"ListItem\",\"position\":1,\"name\":\"Home\",\"item\":\"https:\/\/espak.ee\/epood\/\"},{\"@type\":\"ListItem\",\"position\":2,\"name\":\"Tootevalik\",\"item\":\"https:\/\/espak.ee\/epood\/tootevalik\/\"},{\"@type\":\"ListItem\",\"position\":3,\"name\":\"K\u00c4RBSEPABER AKNALE L\u00c4BIPAISTEV GREEN PROTECT 6TK\/PK\"}]},{\"@type\":\"WebSite\",\"@id\":\"https:\/\/espak.ee\/epood\/#website\",\"url\":\"https:\/\/espak.ee\/epood\/\",\"name\":\"Espak E-pood\",\"description\":\"\",\"potentialAction\":[{\"@type\":\"SearchAction\",\"target\":{\"@type\":\"EntryPoint\",\"urlTemplate\":\"https:\/\/espak.ee\/epood\/?s={search_term_string}\"},\"query-input\":{\"@type\":\"PropertyValueSpecification\",\"valueRequired\":true,\"valueName\":\"search_term_string\"}}],\"inLanguage\":\"et\"}]}<\/script>\n<!-- \/ Yoast SEO plugin. -->","yoast_head_json":{"title":"K\u00c4RBSEPABER AKNALE L\u00c4BIPAISTEV GREEN PROTECT 6TK\/PK - Espak E-pood","robots":{"index":"index","follow":"follow","max-snippet":"max-snippet:-1","max-image-preview":"max-image-preview:large","max-video-preview":"max-video-preview:-1"},"canonical":"https:\/\/espak.ee\/epood\/toode\/karbsepaber-aknale-labipaistev-green-protect-6tk-pk\/","og_locale":"et_EE","og_type":"article","og_title":"K\u00c4RBSEPABER AKNALE L\u00c4BIPAISTEV GREEN PROTECT 6TK\/PK - Espak E-pood","og_url":"https:\/\/espak.ee\/epood\/toode\/karbsepaber-aknale-labipaistev-green-protect-6tk-pk\/","og_site_name":"Espak E-pood","article_modified_time":"2026-03-27T17:00:47+00:00","og_image":[{"width":1000,"height":1000,"url":"https:\/\/espak.ee\/epood\/wp-content\/uploads\/2026\/03\/5060525030819.jpg","type":"image\/jpeg"}],"twitter_card":"summary_large_image","schema":{"@context":"https:\/\/schema.org","@graph":[{"@type":"WebPage","@id":"https:\/\/espak.ee\/epood\/toode\/karbsepaber-aknale-labipaistev-green-protect-6tk-pk\/","url":"https:\/\/espak.ee\/epood\/toode\/karbsepaber-aknale-labipaistev-green-protect-6tk-pk\/","name":"K\u00c4RBSEPABER AKNALE L\u00c4BIPAISTEV GREEN PROTECT 6TK\/PK - Espak E-pood","isPartOf":{"@id":"https:\/\/espak.ee\/epood\/#website"},"primaryImageOfPage":{"@id":"https:\/\/espak.ee\/epood\/toode\/karbsepaber-aknale-labipaistev-green-protect-6tk-pk\/#primaryimage"},"image":{"@id":"https:\/\/espak.ee\/epood\/toode\/karbsepaber-aknale-labipaistev-green-protect-6tk-pk\/#primaryimage"},"thumbnailUrl":"https:\/\/espak.ee\/epood\/wp-content\/uploads\/2026\/03\/5060525030819.jpg","datePublished":"2026-03-04T03:05:43+00:00","dateModified":"2026-03-27T17:00:47+00:00","breadcrumb":{"@id":"https:\/\/espak.ee\/epood\/toode\/karbsepaber-aknale-labipaistev-green-protect-6tk-pk\/#breadcrumb"},"inLanguage":"et","potentialAction":[{"@type":"ReadAction","target":["https:\/\/espak.ee\/epood\/toode\/karbsepaber-aknale-labipaistev-green-protect-6tk-pk\/"]}]},{"@type":"ImageObject","inLanguage":"et","@id":"https:\/\/espak.ee\/epood\/toode\/karbsepaber-aknale-labipaistev-green-protect-6tk-pk\/#primaryimage","url":"https:\/\/espak.ee\/epood\/wp-content\/uploads\/2026\/03\/5060525030819.jpg","contentUrl":"https:\/\/espak.ee\/epood\/wp-content\/uploads\/2026\/03\/5060525030819.jpg","width":1000,"height":1000},{"@type":"BreadcrumbList","@id":"https:\/\/espak.ee\/epood\/toode\/karbsepaber-aknale-labipaistev-green-protect-6tk-pk\/#breadcrumb","itemListElement":[{"@type":"ListItem","position":1,"name":"Home","item":"https:\/\/espak.ee\/epood\/"},{"@type":"ListItem","position":2,"name":"Tootevalik","item":"https:\/\/espak.ee\/epood\/tootevalik\/"},{"@type":"ListItem","position":3,"name":"K\u00c4RBSEPABER AKNALE L\u00c4BIPAISTEV GREEN PROTECT 6TK\/PK"}]},{"@type":"WebSite","@id":"https:\/\/espak.ee\/epood\/#website","url":"https:\/\/espak.ee\/epood\/","name":"Espak E-pood","description":"","potentialAction":[{"@type":"SearchAction","target":{"@type":"EntryPoint","urlTemplate":"https:\/\/espak.ee\/epood\/?s={search_term_string}"},"query-input":{"@type":"PropertyValueSpecification","valueRequired":true,"valueName":"search_term_string"}}],"inLanguage":"et"}]}},"_links":{"self":[{"href":"https:\/\/espak.ee\/epood\/wp-json\/wp\/v2\/product\/265581","targetHints":{"allow":["GET"]}}],"collection":[{"href":"https:\/\/espak.ee\/epood\/wp-json\/wp\/v2\/product"}],"about":[{"href":"https:\/\/espak.ee\/epood\/wp-json\/wp\/v2\/types\/product"}],"replies":[{"embeddable":true,"href":"https:\/\/espak.ee\/epood\/wp-json\/wp\/v2\/comments?post=265581"}],"wp:featuredmedia":[{"embeddable":true,"href":"https:\/\/espak.ee\/epood\/wp-json\/wp\/v2\/media\/265660"}],"wp:attachment":[{"href":"https:\/\/espak.ee\/epood\/wp-json\/wp\/v2\/media?parent=265581"}],"wp:term":[{"taxonomy":"product_brand","embeddable":true,"href":"https:\/\/espak.ee\/epood\/wp-json\/wp\/v2\/product_brand?post=265581"},{"taxonomy":"product_cat","embeddable":true,"href":"https:\/\/espak.ee\/epood\/wp-json\/wp\/v2\/product_cat?post=265581"},{"taxonomy":"product_tag","embeddable":true,"href":"https:\/\/espak.ee\/epood\/wp-json\/wp\/v2\/product_tag?post=265581"}],"curies":[{"name":"wp","href":"https:\/\/api.w.org\/{rel}","templated":true}]}}