{"id":265002,"date":"2026-02-24T05:10:02","date_gmt":"2026-02-24T03:10:02","guid":{"rendered":"https:\/\/espak.ee\/epood\/?post_type=product&#038;p=265002"},"modified":"2026-02-27T13:07:23","modified_gmt":"2026-02-27T11:07:23","slug":"akujarkamissaag-dewalt-dcs782n","status":"publish","type":"product","link":"https:\/\/espak.ee\/epood\/toode\/akujarkamissaag-dewalt-dcs782n\/","title":{"rendered":"AKUJ\u00c4RKAMISSAAG DEWALT DCS782N"},"content":{"rendered":"<div class=\"row\"  id=\"row-996898231\">\n\n\t<div id=\"col-1481299335\" class=\"col medium-9 small-12 large-9\"  >\n\t\t\t\t<div class=\"col-inner\"  >\n\t\t\t\n\t\t\t\n<h3>Akuj\u00e4rkamissaag DeWalt DCS782<\/h3>\n<p>18V harjavaba mootoriga v\u00f5imas akuj\u00e4rkamissaag.<br \/>\nJ\u00e4rkamissae kerge ja kompaktne disain muudavad transpordi ja t\u00f6\u00f6 objektil lihtsamaks.<br \/>\nXPS SHADOWLINE kuvab tera varju materjalile, luues selge l\u00f5ikekoha ja v\u00f5imaldades kiiret ning t\u00e4pset suunamist ilma reguleerimiseta.<br \/>\nT\u00e4nu tolmuimeja liidesele on seade \u00fchilduv AIRLOCK\u2122-s\u00fcsteemiga, v\u00f5imaldades kiiret ja mugavat tolmuimejaga \u00fchendamist.<br \/>\nJ\u00e4rkamissae juhtmevaba \u00fchendus DeWalt tolmuimejaga, millel on WTC-funktsioon, v\u00f5imaldab t\u00f6\u00f6riista automaatset sisse- ja v\u00e4ljal\u00fclitamist.<br \/>\nCAM LOCK MITRE CONTROL v\u00f5imaldab kiiret ja lihtsat l\u00f5ikenurga seadistamist ning lukustamist vahemikus 0\u00b0 kuni 50\u00b0 vasakule ja 0\u00b0 kuni 60\u00b0 paremale.<br \/>\nKaldenurk seadistatav kuni 49\u00b0 vasakule ja paremale.<br \/>\nS\u00fcgavuspiirik v\u00f5imaldab t\u00e4psete soonte l\u00f5ikamist.<br \/>\nAkuj\u00e4rkamissaag DCS782 on osa 54V XR FLEXVOLT\u00ae s\u00fcsteemist.<br \/>\nParimate tulemuste saavutamiseks soovitame kasutada 18V 8Ah XR akut. <\/p>\n<p><strong>Aku ja laadijata mudel.<\/strong>\n<\/p>\n\t<div id=\"gap-1231682536\" class=\"gap-element clearfix\" style=\"display:block; height:auto;\">\n\t\t\n<style>\n#gap-1231682536 {\n  padding-top: 30px;\n}\n<\/style>\n\t<\/div>\n\t\n<h3>Lisagarantii<\/h3>\n<p> <strong>Registreeri oma DeWalti toode nelja n\u00e4dala jooksul p\u00e4rast ostu sooritamist ning pikenda garantiid 3 aastani.<\/strong><br \/>\n<a href=\"https:\/\/mydewalt.dewalt.co.uk\/3\/\">https:\/\/mydewalt.dewalt.co.uk\/3\/<\/a><\/p>\n<p>Lisagarantii ei kehti suru\u00f5hut\u00f6\u00f6riistadele, akunaelutitele, akudele, laadijatele, kompressoritele ja generaatoritele. <\/p>\n<p><img decoding=\"async\" src=\"https:\/\/espak.ee\/hinnakiri\/wp-content\/uploads\/Dewalt_plakat_A3_EE-scaled.jpg\" alt=\"Dewalt_plakat_A3_EE-scaled.jpg\" style=\"width:500px;\"\/><\/p>\n\t\t<\/div>\n\t\t\t\t\t<\/div>\n\n\t\n\n\t<div id=\"col-845586724\" class=\"col medium-3 small-12 large-3\"  >\n\t\t\t\t<div class=\"col-inner\"  >\n\t\t\t\n\t\t\t\n\t<div id=\"gap-545551667\" class=\"gap-element clearfix\" style=\"display:block; height:auto;\">\n\t\t\n<style>\n#gap-545551667 {\n  padding-top: 30px;\n}\n<\/style>\n\t<\/div>\n\t\n<h3>Kasutusjuhend<\/h3>\n<p><a href=\"https:\/\/espak.ee\/epood\/wp-content\/uploads\/2026\/02\/DCS782_BLT_A4_print.pdf\"target=\"_blank\" rel=\"noopener noreferrer\"><i class=\"far fa-file-pdf\"><\/i> Kasutusjuhend (PDF)<\/a><\/p>\n<div class=\"is-divider divider clearfix\" ><\/div>\n<p><strong>\u00dcksikasjalikuma n\u00f5u saamiseks v\u00f5tke \u00fchendust:<br \/><\/strong>Espak AS<br \/>Viadukti 42<br \/>11313<br \/>Tallinn<br \/> T\u00f6\u00f6riista osakond +372 6512 335<br \/><a href=\"mailto:tooriist@espak.ee\">tooriist@espak.ee<\/a><\/p>\n\t\t<\/div>\n\t\t\t\t\t<\/div>\n\n\t\n<\/div>\n","protected":false},"excerpt":{"rendered":"","protected":false},"featured_media":265210,"comment_status":"closed","ping_status":"closed","template":"","meta":[],"product_brand":[],"product_cat":[4519,2733,2680,2679],"product_tag":[],"class_list":{"0":"post-265002","1":"product","2":"type-product","3":"status-publish","4":"has-post-thumbnail","6":"product_cat-akujarkamissaed","7":"product_cat-akutooriistad","8":"product_cat-elektritooriistad","9":"product_cat-tooriistad","10":"pa_kaubamark-dewalt","12":"first","13":"instock","14":"sale","15":"taxable","16":"shipping-taxable","17":"purchasable","18":"product-type-simple"},"yoast_head":"<!-- This site is optimized with the Yoast SEO plugin v26.9 - https:\/\/yoast.com\/product\/yoast-seo-wordpress\/ -->\n<title>AKUJ\u00c4RKAMISSAAG DEWALT DCS782N - Espak E-pood<\/title>\n<meta name=\"robots\" content=\"index, follow, max-snippet:-1, max-image-preview:large, max-video-preview:-1\" \/>\n<link rel=\"canonical\" href=\"https:\/\/espak.ee\/epood\/toode\/akujarkamissaag-dewalt-dcs782n\/\" \/>\n<meta property=\"og:locale\" content=\"et_EE\" \/>\n<meta property=\"og:type\" content=\"article\" \/>\n<meta property=\"og:title\" content=\"AKUJ\u00c4RKAMISSAAG DEWALT DCS782N - Espak E-pood\" \/>\n<meta property=\"og:url\" content=\"https:\/\/espak.ee\/epood\/toode\/akujarkamissaag-dewalt-dcs782n\/\" \/>\n<meta property=\"og:site_name\" content=\"Espak E-pood\" \/>\n<meta property=\"article:modified_time\" content=\"2026-02-27T11:07:23+00:00\" \/>\n<meta property=\"og:image\" content=\"https:\/\/espak.ee\/epood\/wp-content\/uploads\/2026\/02\/Ecomm_Medium-DCS782N_1.jpg\" \/>\n\t<meta property=\"og:image:width\" content=\"1500\" \/>\n\t<meta property=\"og:image:height\" content=\"1500\" \/>\n\t<meta property=\"og:image:type\" content=\"image\/jpeg\" \/>\n<meta name=\"twitter:card\" content=\"summary_large_image\" \/>\n<meta name=\"twitter:label1\" content=\"Est. reading time\" \/>\n\t<meta name=\"twitter:data1\" content=\"1 minut\" \/>\n<script type=\"application\/ld+json\" class=\"yoast-schema-graph\">{\"@context\":\"https:\/\/schema.org\",\"@graph\":[{\"@type\":\"WebPage\",\"@id\":\"https:\/\/espak.ee\/epood\/toode\/akujarkamissaag-dewalt-dcs782n\/\",\"url\":\"https:\/\/espak.ee\/epood\/toode\/akujarkamissaag-dewalt-dcs782n\/\",\"name\":\"AKUJ\u00c4RKAMISSAAG DEWALT DCS782N - Espak E-pood\",\"isPartOf\":{\"@id\":\"https:\/\/espak.ee\/epood\/#website\"},\"primaryImageOfPage\":{\"@id\":\"https:\/\/espak.ee\/epood\/toode\/akujarkamissaag-dewalt-dcs782n\/#primaryimage\"},\"image\":{\"@id\":\"https:\/\/espak.ee\/epood\/toode\/akujarkamissaag-dewalt-dcs782n\/#primaryimage\"},\"thumbnailUrl\":\"https:\/\/espak.ee\/epood\/wp-content\/uploads\/2026\/02\/Ecomm_Medium-DCS782N_1.jpg\",\"datePublished\":\"2026-02-24T03:10:02+00:00\",\"dateModified\":\"2026-02-27T11:07:23+00:00\",\"breadcrumb\":{\"@id\":\"https:\/\/espak.ee\/epood\/toode\/akujarkamissaag-dewalt-dcs782n\/#breadcrumb\"},\"inLanguage\":\"et\",\"potentialAction\":[{\"@type\":\"ReadAction\",\"target\":[\"https:\/\/espak.ee\/epood\/toode\/akujarkamissaag-dewalt-dcs782n\/\"]}]},{\"@type\":\"ImageObject\",\"inLanguage\":\"et\",\"@id\":\"https:\/\/espak.ee\/epood\/toode\/akujarkamissaag-dewalt-dcs782n\/#primaryimage\",\"url\":\"https:\/\/espak.ee\/epood\/wp-content\/uploads\/2026\/02\/Ecomm_Medium-DCS782N_1.jpg\",\"contentUrl\":\"https:\/\/espak.ee\/epood\/wp-content\/uploads\/2026\/02\/Ecomm_Medium-DCS782N_1.jpg\",\"width\":1500,\"height\":1500},{\"@type\":\"BreadcrumbList\",\"@id\":\"https:\/\/espak.ee\/epood\/toode\/akujarkamissaag-dewalt-dcs782n\/#breadcrumb\",\"itemListElement\":[{\"@type\":\"ListItem\",\"position\":1,\"name\":\"Home\",\"item\":\"https:\/\/espak.ee\/epood\/\"},{\"@type\":\"ListItem\",\"position\":2,\"name\":\"Tootevalik\",\"item\":\"https:\/\/espak.ee\/epood\/tootevalik\/\"},{\"@type\":\"ListItem\",\"position\":3,\"name\":\"AKUJ\u00c4RKAMISSAAG DEWALT DCS782N\"}]},{\"@type\":\"WebSite\",\"@id\":\"https:\/\/espak.ee\/epood\/#website\",\"url\":\"https:\/\/espak.ee\/epood\/\",\"name\":\"Espak E-pood\",\"description\":\"\",\"potentialAction\":[{\"@type\":\"SearchAction\",\"target\":{\"@type\":\"EntryPoint\",\"urlTemplate\":\"https:\/\/espak.ee\/epood\/?s={search_term_string}\"},\"query-input\":{\"@type\":\"PropertyValueSpecification\",\"valueRequired\":true,\"valueName\":\"search_term_string\"}}],\"inLanguage\":\"et\"}]}<\/script>\n<!-- \/ Yoast SEO plugin. -->","yoast_head_json":{"title":"AKUJ\u00c4RKAMISSAAG DEWALT DCS782N - Espak E-pood","robots":{"index":"index","follow":"follow","max-snippet":"max-snippet:-1","max-image-preview":"max-image-preview:large","max-video-preview":"max-video-preview:-1"},"canonical":"https:\/\/espak.ee\/epood\/toode\/akujarkamissaag-dewalt-dcs782n\/","og_locale":"et_EE","og_type":"article","og_title":"AKUJ\u00c4RKAMISSAAG DEWALT DCS782N - Espak E-pood","og_url":"https:\/\/espak.ee\/epood\/toode\/akujarkamissaag-dewalt-dcs782n\/","og_site_name":"Espak E-pood","article_modified_time":"2026-02-27T11:07:23+00:00","og_image":[{"width":1500,"height":1500,"url":"https:\/\/espak.ee\/epood\/wp-content\/uploads\/2026\/02\/Ecomm_Medium-DCS782N_1.jpg","type":"image\/jpeg"}],"twitter_card":"summary_large_image","twitter_misc":{"Est. reading time":"1 minut"},"schema":{"@context":"https:\/\/schema.org","@graph":[{"@type":"WebPage","@id":"https:\/\/espak.ee\/epood\/toode\/akujarkamissaag-dewalt-dcs782n\/","url":"https:\/\/espak.ee\/epood\/toode\/akujarkamissaag-dewalt-dcs782n\/","name":"AKUJ\u00c4RKAMISSAAG DEWALT DCS782N - Espak E-pood","isPartOf":{"@id":"https:\/\/espak.ee\/epood\/#website"},"primaryImageOfPage":{"@id":"https:\/\/espak.ee\/epood\/toode\/akujarkamissaag-dewalt-dcs782n\/#primaryimage"},"image":{"@id":"https:\/\/espak.ee\/epood\/toode\/akujarkamissaag-dewalt-dcs782n\/#primaryimage"},"thumbnailUrl":"https:\/\/espak.ee\/epood\/wp-content\/uploads\/2026\/02\/Ecomm_Medium-DCS782N_1.jpg","datePublished":"2026-02-24T03:10:02+00:00","dateModified":"2026-02-27T11:07:23+00:00","breadcrumb":{"@id":"https:\/\/espak.ee\/epood\/toode\/akujarkamissaag-dewalt-dcs782n\/#breadcrumb"},"inLanguage":"et","potentialAction":[{"@type":"ReadAction","target":["https:\/\/espak.ee\/epood\/toode\/akujarkamissaag-dewalt-dcs782n\/"]}]},{"@type":"ImageObject","inLanguage":"et","@id":"https:\/\/espak.ee\/epood\/toode\/akujarkamissaag-dewalt-dcs782n\/#primaryimage","url":"https:\/\/espak.ee\/epood\/wp-content\/uploads\/2026\/02\/Ecomm_Medium-DCS782N_1.jpg","contentUrl":"https:\/\/espak.ee\/epood\/wp-content\/uploads\/2026\/02\/Ecomm_Medium-DCS782N_1.jpg","width":1500,"height":1500},{"@type":"BreadcrumbList","@id":"https:\/\/espak.ee\/epood\/toode\/akujarkamissaag-dewalt-dcs782n\/#breadcrumb","itemListElement":[{"@type":"ListItem","position":1,"name":"Home","item":"https:\/\/espak.ee\/epood\/"},{"@type":"ListItem","position":2,"name":"Tootevalik","item":"https:\/\/espak.ee\/epood\/tootevalik\/"},{"@type":"ListItem","position":3,"name":"AKUJ\u00c4RKAMISSAAG DEWALT DCS782N"}]},{"@type":"WebSite","@id":"https:\/\/espak.ee\/epood\/#website","url":"https:\/\/espak.ee\/epood\/","name":"Espak E-pood","description":"","potentialAction":[{"@type":"SearchAction","target":{"@type":"EntryPoint","urlTemplate":"https:\/\/espak.ee\/epood\/?s={search_term_string}"},"query-input":{"@type":"PropertyValueSpecification","valueRequired":true,"valueName":"search_term_string"}}],"inLanguage":"et"}]}},"_links":{"self":[{"href":"https:\/\/espak.ee\/epood\/wp-json\/wp\/v2\/product\/265002","targetHints":{"allow":["GET"]}}],"collection":[{"href":"https:\/\/espak.ee\/epood\/wp-json\/wp\/v2\/product"}],"about":[{"href":"https:\/\/espak.ee\/epood\/wp-json\/wp\/v2\/types\/product"}],"replies":[{"embeddable":true,"href":"https:\/\/espak.ee\/epood\/wp-json\/wp\/v2\/comments?post=265002"}],"wp:featuredmedia":[{"embeddable":true,"href":"https:\/\/espak.ee\/epood\/wp-json\/wp\/v2\/media\/265210"}],"wp:attachment":[{"href":"https:\/\/espak.ee\/epood\/wp-json\/wp\/v2\/media?parent=265002"}],"wp:term":[{"taxonomy":"product_brand","embeddable":true,"href":"https:\/\/espak.ee\/epood\/wp-json\/wp\/v2\/product_brand?post=265002"},{"taxonomy":"product_cat","embeddable":true,"href":"https:\/\/espak.ee\/epood\/wp-json\/wp\/v2\/product_cat?post=265002"},{"taxonomy":"product_tag","embeddable":true,"href":"https:\/\/espak.ee\/epood\/wp-json\/wp\/v2\/product_tag?post=265002"}],"curies":[{"name":"wp","href":"https:\/\/api.w.org\/{rel}","templated":true}]}}