{"id":26475,"date":"2020-05-09T05:26:52","date_gmt":"2020-05-09T02:26:52","guid":{"rendered":"https:\/\/espak.ee\/hinnakiri\/?post_type=product&#038;p=26475"},"modified":"2024-09-07T17:11:50","modified_gmt":"2024-09-07T14:11:50","slug":"kerise-moodulkorsten-harvia-1500-mm-roostevaba-teras","status":"publish","type":"product","link":"https:\/\/espak.ee\/epood\/toode\/kerise-moodulkorsten-harvia-1500-mm-roostevaba-teras\/","title":{"rendered":"KERISE MOODULKORSTEN HARVIA 1500 MM ROOSTEVABA TERAS"},"content":{"rendered":"<p><strong>Harvia WHP1500 teraskorsten<\/strong> on stiilne korstnalahendus, mida on lihtne paigaldada. Teraskorsten talub suuri temperatuurik\u00f5ikumisi ja on m\u00f5eldud kasutamiseks ennek\u00f5ike p\u00fc\u00fckuttega keriste, v\u00e4iksemate kaminate ja kamin-piitidega eraldiseisvates saunahoonetes.<\/p>\n<p>Teraskorstna stardipakend sisaldab: 1,5 meetrine teraskorsten (WHP1500) ning tarvikutekasti, milles on 1,0 m isoleerimata suitsutoru, vihmam\u00fcts, kummist vihmakrae ja vihmakrae paigalduskomplekt, roostevabast terasest l\u00e4biviigukrae lakke ning teraskorstna l\u00e4biviigu isolatsioon ja ohutuskrae. Teraskorstent on kerge pikendada 0,5 (WHP500) ja 1,0 (WHP1000) meetri pikkuste lisadetailidega. T\u00e4nu geniaalsele mehhanismile keeratakse lisadetailid \u00fcksteise k\u00fclge ning ka suitsutorud lukustuvad \u00fcksteisega t\u00e4nu torus olevatele soontele. Selliselt hoitakse \u00e4ra temperatuuri vaheldumistest tingitud liikumine. Siseruumis v\u00f5ib korstna paigaldada 3 meetri k\u00f5rgusele ilma toestuseta ning v\u00e4ljas on vastav k\u00f5rgus 2 m.<\/p>\n<p>Harvia teraskorstnaga \u00fchendatava tulekolde suitsugaaside nimitemperatuur tohib olla maks. 600 \u00baC. Teraskorstna v\u00e4limine l\u00e4bim\u00f5\u00f5t on 220 mm ja tuletoru l\u00e4bim\u00f5\u00f5t 115 mm. Teraskorstna ohutuskaugus p\u00f5levatest materjalidest on 100 mm. Harvia teraskorstnal on CE-m\u00e4rgistus ja seega vastab toode rahvusvahelistele tule- ja ohutust puudutavatele n\u00f5uetele. Teraskorsten on tahmap\u00f5lemisekindel.<\/p>\n<p>Lugege hoolikalt teraskorstna ja sellega \u00fchendatud kerise paigaldus ja kasutusjuhiseid.<\/p>\n<p>V\u00e4rv: Teras<br \/>\nLaius (mm): 220<br \/>\nK\u00f5rgus (mm): 1500<br \/>\nSuitsuava l\u00e4bim\u00f5\u00f5t (mm): 115<\/p>\n","protected":false},"excerpt":{"rendered":"<p>Harvia WHP1500 teraskorsten on stiilne korstnalahendus, mida on lihtne paigaldada. Teraskorsten talub suuri temperatuurik\u00f5ikumisi ja on m\u00f5eldud kasutamiseks ennek\u00f5ike p\u00fc\u00fckuttega keriste, v\u00e4iksemate kaminate ja kamin-piitidega eraldiseisvates saunahoonetes. Teraskorstna stardipakend sisaldab: 1,5 meetrine teraskorsten (WHP1500) ning tarvikutekasti, milles on 1,0 m isoleerimata suitsutoru, vihmam\u00fcts, kummist vihmakrae ja vihmakrae paigalduskomplekt, roostevabast terasest l\u00e4biviigukrae lakke ning teraskorstna l\u00e4biviigu [&#8230;]\n","protected":false},"featured_media":47093,"comment_status":"closed","ping_status":"closed","template":"","meta":[],"product_brand":[],"product_cat":[3071,3070,3200,3201],"product_tag":[],"class_list":{"0":"post-26475","1":"product","2":"type-product","3":"status-publish","4":"has-post-thumbnail","6":"product_cat-ahjud-kaminad-kerised","7":"product_cat-kute-ja-ventilatsioon","8":"product_cat-metallkorsten","9":"product_cat-metallmoodulkorstnad","10":"pa_kaubamark-harvia-finland-oy","12":"first","13":"instock","14":"sale","15":"taxable","16":"shipping-taxable","17":"purchasable","18":"product-type-simple"},"yoast_head":"<!-- This site is optimized with the Yoast SEO plugin v26.9 - https:\/\/yoast.com\/product\/yoast-seo-wordpress\/ -->\n<title>KERISE MOODULKORSTEN HARVIA 1500 MM ROOSTEVABA TERAS - Espak E-pood<\/title>\n<meta name=\"robots\" content=\"index, follow, max-snippet:-1, max-image-preview:large, max-video-preview:-1\" \/>\n<link rel=\"canonical\" href=\"https:\/\/espak.ee\/epood\/toode\/kerise-moodulkorsten-harvia-1500-mm-roostevaba-teras\/\" \/>\n<meta property=\"og:locale\" content=\"et_EE\" \/>\n<meta property=\"og:type\" content=\"article\" \/>\n<meta property=\"og:title\" content=\"KERISE MOODULKORSTEN HARVIA 1500 MM ROOSTEVABA TERAS - Espak E-pood\" \/>\n<meta property=\"og:description\" content=\"Harvia WHP1500 teraskorsten on stiilne korstnalahendus, mida on lihtne paigaldada. Teraskorsten talub suuri temperatuurik\u00f5ikumisi ja on m\u00f5eldud kasutamiseks ennek\u00f5ike p\u00fc\u00fckuttega keriste, v\u00e4iksemate kaminate ja kamin-piitidega eraldiseisvates saunahoonetes. Teraskorstna stardipakend sisaldab: 1,5 meetrine teraskorsten (WHP1500) ning tarvikutekasti, milles on 1,0 m isoleerimata suitsutoru, vihmam\u00fcts, kummist vihmakrae ja vihmakrae paigalduskomplekt, roostevabast terasest l\u00e4biviigukrae lakke ning teraskorstna l\u00e4biviigu [...]\" \/>\n<meta property=\"og:url\" content=\"https:\/\/espak.ee\/epood\/toode\/kerise-moodulkorsten-harvia-1500-mm-roostevaba-teras\/\" \/>\n<meta property=\"og:site_name\" content=\"Espak E-pood\" \/>\n<meta property=\"article:modified_time\" content=\"2024-09-07T14:11:50+00:00\" \/>\n<meta property=\"og:image\" content=\"https:\/\/espak.ee\/epood\/wp-content\/uploads\/WHP1500_harvia.jpg\" \/>\n\t<meta property=\"og:image:width\" content=\"400\" \/>\n\t<meta property=\"og:image:height\" content=\"713\" \/>\n\t<meta property=\"og:image:type\" content=\"image\/jpeg\" \/>\n<meta name=\"twitter:card\" content=\"summary_large_image\" \/>\n<meta name=\"twitter:label1\" content=\"Est. reading time\" \/>\n\t<meta name=\"twitter:data1\" content=\"1 minut\" \/>\n<script type=\"application\/ld+json\" class=\"yoast-schema-graph\">{\"@context\":\"https:\/\/schema.org\",\"@graph\":[{\"@type\":\"WebPage\",\"@id\":\"https:\/\/espak.ee\/epood\/toode\/kerise-moodulkorsten-harvia-1500-mm-roostevaba-teras\/\",\"url\":\"https:\/\/espak.ee\/epood\/toode\/kerise-moodulkorsten-harvia-1500-mm-roostevaba-teras\/\",\"name\":\"KERISE MOODULKORSTEN HARVIA 1500 MM ROOSTEVABA TERAS - Espak E-pood\",\"isPartOf\":{\"@id\":\"https:\/\/espak.ee\/epood\/#website\"},\"primaryImageOfPage\":{\"@id\":\"https:\/\/espak.ee\/epood\/toode\/kerise-moodulkorsten-harvia-1500-mm-roostevaba-teras\/#primaryimage\"},\"image\":{\"@id\":\"https:\/\/espak.ee\/epood\/toode\/kerise-moodulkorsten-harvia-1500-mm-roostevaba-teras\/#primaryimage\"},\"thumbnailUrl\":\"https:\/\/espak.ee\/epood\/wp-content\/uploads\/WHP1500_harvia.jpg\",\"datePublished\":\"2020-05-09T02:26:52+00:00\",\"dateModified\":\"2024-09-07T14:11:50+00:00\",\"breadcrumb\":{\"@id\":\"https:\/\/espak.ee\/epood\/toode\/kerise-moodulkorsten-harvia-1500-mm-roostevaba-teras\/#breadcrumb\"},\"inLanguage\":\"et\",\"potentialAction\":[{\"@type\":\"ReadAction\",\"target\":[\"https:\/\/espak.ee\/epood\/toode\/kerise-moodulkorsten-harvia-1500-mm-roostevaba-teras\/\"]}]},{\"@type\":\"ImageObject\",\"inLanguage\":\"et\",\"@id\":\"https:\/\/espak.ee\/epood\/toode\/kerise-moodulkorsten-harvia-1500-mm-roostevaba-teras\/#primaryimage\",\"url\":\"https:\/\/espak.ee\/epood\/wp-content\/uploads\/WHP1500_harvia.jpg\",\"contentUrl\":\"https:\/\/espak.ee\/epood\/wp-content\/uploads\/WHP1500_harvia.jpg\",\"width\":400,\"height\":713},{\"@type\":\"BreadcrumbList\",\"@id\":\"https:\/\/espak.ee\/epood\/toode\/kerise-moodulkorsten-harvia-1500-mm-roostevaba-teras\/#breadcrumb\",\"itemListElement\":[{\"@type\":\"ListItem\",\"position\":1,\"name\":\"Home\",\"item\":\"https:\/\/espak.ee\/epood\/\"},{\"@type\":\"ListItem\",\"position\":2,\"name\":\"Tootevalik\",\"item\":\"https:\/\/espak.ee\/epood\/tootevalik\/\"},{\"@type\":\"ListItem\",\"position\":3,\"name\":\"KERISE MOODULKORSTEN HARVIA 1500 MM ROOSTEVABA TERAS\"}]},{\"@type\":\"WebSite\",\"@id\":\"https:\/\/espak.ee\/epood\/#website\",\"url\":\"https:\/\/espak.ee\/epood\/\",\"name\":\"Espak E-pood\",\"description\":\"\",\"potentialAction\":[{\"@type\":\"SearchAction\",\"target\":{\"@type\":\"EntryPoint\",\"urlTemplate\":\"https:\/\/espak.ee\/epood\/?s={search_term_string}\"},\"query-input\":{\"@type\":\"PropertyValueSpecification\",\"valueRequired\":true,\"valueName\":\"search_term_string\"}}],\"inLanguage\":\"et\"}]}<\/script>\n<!-- \/ Yoast SEO plugin. -->","yoast_head_json":{"title":"KERISE MOODULKORSTEN HARVIA 1500 MM ROOSTEVABA TERAS - Espak E-pood","robots":{"index":"index","follow":"follow","max-snippet":"max-snippet:-1","max-image-preview":"max-image-preview:large","max-video-preview":"max-video-preview:-1"},"canonical":"https:\/\/espak.ee\/epood\/toode\/kerise-moodulkorsten-harvia-1500-mm-roostevaba-teras\/","og_locale":"et_EE","og_type":"article","og_title":"KERISE MOODULKORSTEN HARVIA 1500 MM ROOSTEVABA TERAS - Espak E-pood","og_description":"Harvia WHP1500 teraskorsten on stiilne korstnalahendus, mida on lihtne paigaldada. Teraskorsten talub suuri temperatuurik\u00f5ikumisi ja on m\u00f5eldud kasutamiseks ennek\u00f5ike p\u00fc\u00fckuttega keriste, v\u00e4iksemate kaminate ja kamin-piitidega eraldiseisvates saunahoonetes. Teraskorstna stardipakend sisaldab: 1,5 meetrine teraskorsten (WHP1500) ning tarvikutekasti, milles on 1,0 m isoleerimata suitsutoru, vihmam\u00fcts, kummist vihmakrae ja vihmakrae paigalduskomplekt, roostevabast terasest l\u00e4biviigukrae lakke ning teraskorstna l\u00e4biviigu [...]","og_url":"https:\/\/espak.ee\/epood\/toode\/kerise-moodulkorsten-harvia-1500-mm-roostevaba-teras\/","og_site_name":"Espak E-pood","article_modified_time":"2024-09-07T14:11:50+00:00","og_image":[{"width":400,"height":713,"url":"https:\/\/espak.ee\/epood\/wp-content\/uploads\/WHP1500_harvia.jpg","type":"image\/jpeg"}],"twitter_card":"summary_large_image","twitter_misc":{"Est. reading time":"1 minut"},"schema":{"@context":"https:\/\/schema.org","@graph":[{"@type":"WebPage","@id":"https:\/\/espak.ee\/epood\/toode\/kerise-moodulkorsten-harvia-1500-mm-roostevaba-teras\/","url":"https:\/\/espak.ee\/epood\/toode\/kerise-moodulkorsten-harvia-1500-mm-roostevaba-teras\/","name":"KERISE MOODULKORSTEN HARVIA 1500 MM ROOSTEVABA TERAS - Espak E-pood","isPartOf":{"@id":"https:\/\/espak.ee\/epood\/#website"},"primaryImageOfPage":{"@id":"https:\/\/espak.ee\/epood\/toode\/kerise-moodulkorsten-harvia-1500-mm-roostevaba-teras\/#primaryimage"},"image":{"@id":"https:\/\/espak.ee\/epood\/toode\/kerise-moodulkorsten-harvia-1500-mm-roostevaba-teras\/#primaryimage"},"thumbnailUrl":"https:\/\/espak.ee\/epood\/wp-content\/uploads\/WHP1500_harvia.jpg","datePublished":"2020-05-09T02:26:52+00:00","dateModified":"2024-09-07T14:11:50+00:00","breadcrumb":{"@id":"https:\/\/espak.ee\/epood\/toode\/kerise-moodulkorsten-harvia-1500-mm-roostevaba-teras\/#breadcrumb"},"inLanguage":"et","potentialAction":[{"@type":"ReadAction","target":["https:\/\/espak.ee\/epood\/toode\/kerise-moodulkorsten-harvia-1500-mm-roostevaba-teras\/"]}]},{"@type":"ImageObject","inLanguage":"et","@id":"https:\/\/espak.ee\/epood\/toode\/kerise-moodulkorsten-harvia-1500-mm-roostevaba-teras\/#primaryimage","url":"https:\/\/espak.ee\/epood\/wp-content\/uploads\/WHP1500_harvia.jpg","contentUrl":"https:\/\/espak.ee\/epood\/wp-content\/uploads\/WHP1500_harvia.jpg","width":400,"height":713},{"@type":"BreadcrumbList","@id":"https:\/\/espak.ee\/epood\/toode\/kerise-moodulkorsten-harvia-1500-mm-roostevaba-teras\/#breadcrumb","itemListElement":[{"@type":"ListItem","position":1,"name":"Home","item":"https:\/\/espak.ee\/epood\/"},{"@type":"ListItem","position":2,"name":"Tootevalik","item":"https:\/\/espak.ee\/epood\/tootevalik\/"},{"@type":"ListItem","position":3,"name":"KERISE MOODULKORSTEN HARVIA 1500 MM ROOSTEVABA TERAS"}]},{"@type":"WebSite","@id":"https:\/\/espak.ee\/epood\/#website","url":"https:\/\/espak.ee\/epood\/","name":"Espak E-pood","description":"","potentialAction":[{"@type":"SearchAction","target":{"@type":"EntryPoint","urlTemplate":"https:\/\/espak.ee\/epood\/?s={search_term_string}"},"query-input":{"@type":"PropertyValueSpecification","valueRequired":true,"valueName":"search_term_string"}}],"inLanguage":"et"}]}},"_links":{"self":[{"href":"https:\/\/espak.ee\/epood\/wp-json\/wp\/v2\/product\/26475","targetHints":{"allow":["GET"]}}],"collection":[{"href":"https:\/\/espak.ee\/epood\/wp-json\/wp\/v2\/product"}],"about":[{"href":"https:\/\/espak.ee\/epood\/wp-json\/wp\/v2\/types\/product"}],"replies":[{"embeddable":true,"href":"https:\/\/espak.ee\/epood\/wp-json\/wp\/v2\/comments?post=26475"}],"wp:featuredmedia":[{"embeddable":true,"href":"https:\/\/espak.ee\/epood\/wp-json\/wp\/v2\/media\/47093"}],"wp:attachment":[{"href":"https:\/\/espak.ee\/epood\/wp-json\/wp\/v2\/media?parent=26475"}],"wp:term":[{"taxonomy":"product_brand","embeddable":true,"href":"https:\/\/espak.ee\/epood\/wp-json\/wp\/v2\/product_brand?post=26475"},{"taxonomy":"product_cat","embeddable":true,"href":"https:\/\/espak.ee\/epood\/wp-json\/wp\/v2\/product_cat?post=26475"},{"taxonomy":"product_tag","embeddable":true,"href":"https:\/\/espak.ee\/epood\/wp-json\/wp\/v2\/product_tag?post=26475"}],"curies":[{"name":"wp","href":"https:\/\/api.w.org\/{rel}","templated":true}]}}