{"id":26474,"date":"2020-05-09T05:26:47","date_gmt":"2020-05-09T02:26:47","guid":{"rendered":"https:\/\/espak.ee\/hinnakiri\/?post_type=product&#038;p=26474"},"modified":"2024-03-22T23:10:49","modified_gmt":"2024-03-22T21:10:49","slug":"puukutte-keris-harvia-m3-sl-165kw-6-13m%c2%b3","status":"publish","type":"product","link":"https:\/\/espak.ee\/epood\/toode\/puukutte-keris-harvia-m3-sl-165kw-6-13m%c2%b3\/","title":{"rendered":"PUUK\u00dcTTE KERIS HARVIA M3 SL 16,5KW 6-13M\u00b3"},"content":{"rendered":"<p><strong>Harvia M3 SL<\/strong> on m\u00f5eldud neile, kes soovivad k\u00fctta sauna h\u00f5lpsasti teisest ruumist v\u00f5i v\u00e4ljastpoolt. Kasutamismugavust parandab ka see, et keriseluugi avanemissuunda on v\u00f5imalik muuta vastavalt oma vajadustele. SL- ja Boiler-kerised annavad v\u00f5imsa leili v\u00e4ikestes ja keskmise suurusega saunades. Boiler-keriseid on v\u00f5imalik \u00fchendada eraldi asetseva veemahutiga. SL- ja Boiler-keristel on meeleolu loov klaasuks. Reguleeritavad jalad 20-seeria keristel v\u00f5imaldavad kerise otse paigaldamise p\u00f5randakaldest hoolimata.<br \/>\nSoovitatav saunaruumi suurus on 6-13 m\u00b3 ja maksimaalne kivide kogus on 30 kg.<\/p>\n<p>Leiliruumi ruumala (m\u00b3): 6-13<br \/>\nKerisekivide kogus (kg): 30<br \/>\nLaius (mm): 390<br \/>\nK\u00f5rgus (mm): 710<br \/>\nS\u00fcgavus (mm): 430+220<br \/>\nKaal (kg): 50<br \/>\nKerise soojusv\u00f5imsus (kW): 16,5<br \/>\nSuitsuava diameeter (mm): 115<br \/>\nV\u00e4rvus: Must<br \/>\nMaterjal: Teraskorpus<br \/>\nPaigaldus: P\u00f5randale paigaldatav<br \/>\nOhutuskaugus kiviseinadest E: min. 50 mm<br \/>\nOhutuskaugus puitseinadest ja lavast:<br \/>\nKerise k\u00fclgedel B: 250 mm<br \/>\nKerise taga C: 300 mm<br \/>\nKerise ette D: 1250 mm<br \/>\nOhutuskaugus \u00fclemisest pinnast laeni, min. A: 1200 mm<br \/>\nTulekolde lagi: 5 mm<br \/>\nSuitsuavade asukoht peal: Kaugus tagaservast ava keskpunktini: 120 mm<\/p>\n","protected":false},"excerpt":{"rendered":"<p>Harvia M3 SL on m\u00f5eldud neile, kes soovivad k\u00fctta sauna h\u00f5lpsasti teisest ruumist v\u00f5i v\u00e4ljastpoolt. Kasutamismugavust parandab ka see, et keriseluugi avanemissuunda on v\u00f5imalik muuta vastavalt oma vajadustele. SL- ja Boiler-kerised annavad v\u00f5imsa leili v\u00e4ikestes ja keskmise suurusega saunades. Boiler-keriseid on v\u00f5imalik \u00fchendada eraldi asetseva veemahutiga. SL- ja Boiler-keristel on meeleolu loov klaasuks. Reguleeritavad jalad [&#8230;]\n","protected":false},"featured_media":47066,"comment_status":"closed","ping_status":"closed","template":"","meta":[],"product_brand":[],"product_cat":[3071,3196,3070,3199],"product_tag":[],"class_list":{"0":"post-26474","1":"product","2":"type-product","3":"status-publish","4":"has-post-thumbnail","6":"product_cat-ahjud-kaminad-kerised","7":"product_cat-kerised","8":"product_cat-kute-ja-ventilatsioon","9":"product_cat-puukerised","10":"pa_kaubamark-harvia-finland-oy","12":"first","13":"outofstock","14":"sale","15":"taxable","16":"shipping-taxable","17":"purchasable","18":"product-type-simple"},"yoast_head":"<!-- This site is optimized with the Yoast SEO plugin v26.9 - https:\/\/yoast.com\/product\/yoast-seo-wordpress\/ -->\n<title>PUUK\u00dcTTE KERIS HARVIA M3 SL 16,5KW 6-13M\u00b3 - Espak E-pood<\/title>\n<meta name=\"robots\" content=\"index, follow, max-snippet:-1, max-image-preview:large, max-video-preview:-1\" \/>\n<link rel=\"canonical\" href=\"https:\/\/espak.ee\/epood\/toode\/puukutte-keris-harvia-m3-sl-165kw-6-13m\u00b3\/\" \/>\n<meta property=\"og:locale\" content=\"et_EE\" \/>\n<meta property=\"og:type\" content=\"article\" \/>\n<meta property=\"og:title\" content=\"PUUK\u00dcTTE KERIS HARVIA M3 SL 16,5KW 6-13M\u00b3 - Espak E-pood\" \/>\n<meta property=\"og:description\" content=\"Harvia M3 SL on m\u00f5eldud neile, kes soovivad k\u00fctta sauna h\u00f5lpsasti teisest ruumist v\u00f5i v\u00e4ljastpoolt. Kasutamismugavust parandab ka see, et keriseluugi avanemissuunda on v\u00f5imalik muuta vastavalt oma vajadustele. SL- ja Boiler-kerised annavad v\u00f5imsa leili v\u00e4ikestes ja keskmise suurusega saunades. Boiler-keriseid on v\u00f5imalik \u00fchendada eraldi asetseva veemahutiga. SL- ja Boiler-keristel on meeleolu loov klaasuks. Reguleeritavad jalad [...]\" \/>\n<meta property=\"og:url\" content=\"https:\/\/espak.ee\/epood\/toode\/puukutte-keris-harvia-m3-sl-165kw-6-13m\u00b3\/\" \/>\n<meta property=\"og:site_name\" content=\"Espak E-pood\" \/>\n<meta property=\"article:modified_time\" content=\"2024-03-22T21:10:49+00:00\" \/>\n<meta property=\"og:image\" content=\"https:\/\/espak.ee\/epood\/wp-content\/uploads\/M3SL_harvia.jpeg\" \/>\n\t<meta property=\"og:image:width\" content=\"576\" \/>\n\t<meta property=\"og:image:height\" content=\"768\" \/>\n\t<meta property=\"og:image:type\" content=\"image\/jpeg\" \/>\n<meta name=\"twitter:card\" content=\"summary_large_image\" \/>\n<meta name=\"twitter:label1\" content=\"Est. reading time\" \/>\n\t<meta name=\"twitter:data1\" content=\"1 minut\" \/>\n<script type=\"application\/ld+json\" class=\"yoast-schema-graph\">{\"@context\":\"https:\/\/schema.org\",\"@graph\":[{\"@type\":\"WebPage\",\"@id\":\"https:\/\/espak.ee\/epood\/toode\/puukutte-keris-harvia-m3-sl-165kw-6-13m%c2%b3\/\",\"url\":\"https:\/\/espak.ee\/epood\/toode\/puukutte-keris-harvia-m3-sl-165kw-6-13m%c2%b3\/\",\"name\":\"PUUK\u00dcTTE KERIS HARVIA M3 SL 16,5KW 6-13M\u00b3 - Espak E-pood\",\"isPartOf\":{\"@id\":\"https:\/\/espak.ee\/epood\/#website\"},\"primaryImageOfPage\":{\"@id\":\"https:\/\/espak.ee\/epood\/toode\/puukutte-keris-harvia-m3-sl-165kw-6-13m%c2%b3\/#primaryimage\"},\"image\":{\"@id\":\"https:\/\/espak.ee\/epood\/toode\/puukutte-keris-harvia-m3-sl-165kw-6-13m%c2%b3\/#primaryimage\"},\"thumbnailUrl\":\"https:\/\/espak.ee\/epood\/wp-content\/uploads\/M3SL_harvia.jpeg\",\"datePublished\":\"2020-05-09T02:26:47+00:00\",\"dateModified\":\"2024-03-22T21:10:49+00:00\",\"breadcrumb\":{\"@id\":\"https:\/\/espak.ee\/epood\/toode\/puukutte-keris-harvia-m3-sl-165kw-6-13m%c2%b3\/#breadcrumb\"},\"inLanguage\":\"et\",\"potentialAction\":[{\"@type\":\"ReadAction\",\"target\":[\"https:\/\/espak.ee\/epood\/toode\/puukutte-keris-harvia-m3-sl-165kw-6-13m%c2%b3\/\"]}]},{\"@type\":\"ImageObject\",\"inLanguage\":\"et\",\"@id\":\"https:\/\/espak.ee\/epood\/toode\/puukutte-keris-harvia-m3-sl-165kw-6-13m%c2%b3\/#primaryimage\",\"url\":\"https:\/\/espak.ee\/epood\/wp-content\/uploads\/M3SL_harvia.jpeg\",\"contentUrl\":\"https:\/\/espak.ee\/epood\/wp-content\/uploads\/M3SL_harvia.jpeg\",\"width\":576,\"height\":768},{\"@type\":\"BreadcrumbList\",\"@id\":\"https:\/\/espak.ee\/epood\/toode\/puukutte-keris-harvia-m3-sl-165kw-6-13m%c2%b3\/#breadcrumb\",\"itemListElement\":[{\"@type\":\"ListItem\",\"position\":1,\"name\":\"Home\",\"item\":\"https:\/\/espak.ee\/epood\/\"},{\"@type\":\"ListItem\",\"position\":2,\"name\":\"Tootevalik\",\"item\":\"https:\/\/espak.ee\/epood\/tootevalik\/\"},{\"@type\":\"ListItem\",\"position\":3,\"name\":\"PUUK\u00dcTTE KERIS HARVIA M3 SL 16,5KW 6-13M\u00b3\"}]},{\"@type\":\"WebSite\",\"@id\":\"https:\/\/espak.ee\/epood\/#website\",\"url\":\"https:\/\/espak.ee\/epood\/\",\"name\":\"Espak E-pood\",\"description\":\"\",\"potentialAction\":[{\"@type\":\"SearchAction\",\"target\":{\"@type\":\"EntryPoint\",\"urlTemplate\":\"https:\/\/espak.ee\/epood\/?s={search_term_string}\"},\"query-input\":{\"@type\":\"PropertyValueSpecification\",\"valueRequired\":true,\"valueName\":\"search_term_string\"}}],\"inLanguage\":\"et\"}]}<\/script>\n<!-- \/ Yoast SEO plugin. -->","yoast_head_json":{"title":"PUUK\u00dcTTE KERIS HARVIA M3 SL 16,5KW 6-13M\u00b3 - Espak E-pood","robots":{"index":"index","follow":"follow","max-snippet":"max-snippet:-1","max-image-preview":"max-image-preview:large","max-video-preview":"max-video-preview:-1"},"canonical":"https:\/\/espak.ee\/epood\/toode\/puukutte-keris-harvia-m3-sl-165kw-6-13m\u00b3\/","og_locale":"et_EE","og_type":"article","og_title":"PUUK\u00dcTTE KERIS HARVIA M3 SL 16,5KW 6-13M\u00b3 - Espak E-pood","og_description":"Harvia M3 SL on m\u00f5eldud neile, kes soovivad k\u00fctta sauna h\u00f5lpsasti teisest ruumist v\u00f5i v\u00e4ljastpoolt. Kasutamismugavust parandab ka see, et keriseluugi avanemissuunda on v\u00f5imalik muuta vastavalt oma vajadustele. SL- ja Boiler-kerised annavad v\u00f5imsa leili v\u00e4ikestes ja keskmise suurusega saunades. Boiler-keriseid on v\u00f5imalik \u00fchendada eraldi asetseva veemahutiga. SL- ja Boiler-keristel on meeleolu loov klaasuks. Reguleeritavad jalad [...]","og_url":"https:\/\/espak.ee\/epood\/toode\/puukutte-keris-harvia-m3-sl-165kw-6-13m\u00b3\/","og_site_name":"Espak E-pood","article_modified_time":"2024-03-22T21:10:49+00:00","og_image":[{"width":576,"height":768,"url":"https:\/\/espak.ee\/epood\/wp-content\/uploads\/M3SL_harvia.jpeg","type":"image\/jpeg"}],"twitter_card":"summary_large_image","twitter_misc":{"Est. reading time":"1 minut"},"schema":{"@context":"https:\/\/schema.org","@graph":[{"@type":"WebPage","@id":"https:\/\/espak.ee\/epood\/toode\/puukutte-keris-harvia-m3-sl-165kw-6-13m%c2%b3\/","url":"https:\/\/espak.ee\/epood\/toode\/puukutte-keris-harvia-m3-sl-165kw-6-13m%c2%b3\/","name":"PUUK\u00dcTTE KERIS HARVIA M3 SL 16,5KW 6-13M\u00b3 - Espak E-pood","isPartOf":{"@id":"https:\/\/espak.ee\/epood\/#website"},"primaryImageOfPage":{"@id":"https:\/\/espak.ee\/epood\/toode\/puukutte-keris-harvia-m3-sl-165kw-6-13m%c2%b3\/#primaryimage"},"image":{"@id":"https:\/\/espak.ee\/epood\/toode\/puukutte-keris-harvia-m3-sl-165kw-6-13m%c2%b3\/#primaryimage"},"thumbnailUrl":"https:\/\/espak.ee\/epood\/wp-content\/uploads\/M3SL_harvia.jpeg","datePublished":"2020-05-09T02:26:47+00:00","dateModified":"2024-03-22T21:10:49+00:00","breadcrumb":{"@id":"https:\/\/espak.ee\/epood\/toode\/puukutte-keris-harvia-m3-sl-165kw-6-13m%c2%b3\/#breadcrumb"},"inLanguage":"et","potentialAction":[{"@type":"ReadAction","target":["https:\/\/espak.ee\/epood\/toode\/puukutte-keris-harvia-m3-sl-165kw-6-13m%c2%b3\/"]}]},{"@type":"ImageObject","inLanguage":"et","@id":"https:\/\/espak.ee\/epood\/toode\/puukutte-keris-harvia-m3-sl-165kw-6-13m%c2%b3\/#primaryimage","url":"https:\/\/espak.ee\/epood\/wp-content\/uploads\/M3SL_harvia.jpeg","contentUrl":"https:\/\/espak.ee\/epood\/wp-content\/uploads\/M3SL_harvia.jpeg","width":576,"height":768},{"@type":"BreadcrumbList","@id":"https:\/\/espak.ee\/epood\/toode\/puukutte-keris-harvia-m3-sl-165kw-6-13m%c2%b3\/#breadcrumb","itemListElement":[{"@type":"ListItem","position":1,"name":"Home","item":"https:\/\/espak.ee\/epood\/"},{"@type":"ListItem","position":2,"name":"Tootevalik","item":"https:\/\/espak.ee\/epood\/tootevalik\/"},{"@type":"ListItem","position":3,"name":"PUUK\u00dcTTE KERIS HARVIA M3 SL 16,5KW 6-13M\u00b3"}]},{"@type":"WebSite","@id":"https:\/\/espak.ee\/epood\/#website","url":"https:\/\/espak.ee\/epood\/","name":"Espak E-pood","description":"","potentialAction":[{"@type":"SearchAction","target":{"@type":"EntryPoint","urlTemplate":"https:\/\/espak.ee\/epood\/?s={search_term_string}"},"query-input":{"@type":"PropertyValueSpecification","valueRequired":true,"valueName":"search_term_string"}}],"inLanguage":"et"}]}},"_links":{"self":[{"href":"https:\/\/espak.ee\/epood\/wp-json\/wp\/v2\/product\/26474","targetHints":{"allow":["GET"]}}],"collection":[{"href":"https:\/\/espak.ee\/epood\/wp-json\/wp\/v2\/product"}],"about":[{"href":"https:\/\/espak.ee\/epood\/wp-json\/wp\/v2\/types\/product"}],"replies":[{"embeddable":true,"href":"https:\/\/espak.ee\/epood\/wp-json\/wp\/v2\/comments?post=26474"}],"wp:featuredmedia":[{"embeddable":true,"href":"https:\/\/espak.ee\/epood\/wp-json\/wp\/v2\/media\/47066"}],"wp:attachment":[{"href":"https:\/\/espak.ee\/epood\/wp-json\/wp\/v2\/media?parent=26474"}],"wp:term":[{"taxonomy":"product_brand","embeddable":true,"href":"https:\/\/espak.ee\/epood\/wp-json\/wp\/v2\/product_brand?post=26474"},{"taxonomy":"product_cat","embeddable":true,"href":"https:\/\/espak.ee\/epood\/wp-json\/wp\/v2\/product_cat?post=26474"},{"taxonomy":"product_tag","embeddable":true,"href":"https:\/\/espak.ee\/epood\/wp-json\/wp\/v2\/product_tag?post=26474"}],"curies":[{"name":"wp","href":"https:\/\/api.w.org\/{rel}","templated":true}]}}