{"id":264674,"date":"2026-02-19T05:10:02","date_gmt":"2026-02-19T03:10:02","guid":{"rendered":"https:\/\/espak.ee\/epood\/?post_type=product&#038;p=264674"},"modified":"2026-02-19T15:01:01","modified_gmt":"2026-02-19T13:01:01","slug":"ahi-thorma-bozen-b-top-must-5kw-48-124m3","status":"publish","type":"product","link":"https:\/\/espak.ee\/epood\/toode\/ahi-thorma-bozen-b-top-must-5kw-48-124m3\/","title":{"rendered":"AHI THORMA BOZEN B TOP MUST 5KW 48-124M3"},"content":{"rendered":"<div class=\"row\"  id=\"row-586323103\">\n\n\t<div id=\"col-1021352499\" class=\"col medium-9 small-12 large-9\"  >\n\t\t\t\t<div class=\"col-inner\"  >\n\t\t\t\n\t\t\t\n<h3>Ahi Thorma Bozen B TOP 5kW must<\/h3>\n<p><strong>Kaal:<\/strong> 66 kg<br \/>\n <strong>V\u00f5imsus:<\/strong> 5 kW<br \/>\n<strong>Ohutuskaugus:<\/strong> k\u00fcljel 40 cm, tagant 15 cm, eest 80 cm<br \/>\n<strong>Suitsugaasi temperatuur (puit):<\/strong> 281<br \/>\n<strong>Kasutegur (puit):<\/strong> 75 %<br \/>\n <strong>K\u00f6etav pind:<\/strong> 48 &#8211; 124 m3<br \/>\n<strong>Suitsutoru v\u00e4ljund:<\/strong> pealt<br \/>\n<strong>M\u00f5\u00f5dud (pakendiga):<\/strong> 941 x 355 x 400 mm <\/p>\n\t\t<\/div>\n\t\t\t\t\t<\/div>\n\n\t\n\n\t<div id=\"col-1914016745\" class=\"col medium-3 small-12 large-3\"  >\n\t\t\t\t<div class=\"col-inner\"  >\n\t\t\t\n\t\t\t\n<div class=\"is-divider divider clearfix\" ><\/div>\n<p><strong>\u00dcksikasjalikuma n\u00f5u saamiseks v\u00f5tke \u00fchendust:<br \/><\/strong>Espak AS<br \/>Viadukti 42<br \/>11313<br \/>Tallinn<br \/>+372 6 512333<\/p>\n\t\t<\/div>\n\t\t\t\t\t<\/div>\n\n\t\n<\/div>\n","protected":false},"excerpt":{"rendered":"","protected":false},"featured_media":264765,"comment_status":"closed","ping_status":"closed","template":"","meta":[],"product_brand":[],"product_cat":[3073,3072,3071,3070],"product_tag":[],"class_list":{"0":"post-264674","1":"product","2":"type-product","3":"status-publish","4":"has-post-thumbnail","6":"product_cat-ahjud-ahjud","7":"product_cat-ahjud","8":"product_cat-ahjud-kaminad-kerised","9":"product_cat-kute-ja-ventilatsioon","10":"pa_kaubamark-thorma-vyroba-ks","12":"first","13":"instock","14":"sale","15":"taxable","16":"shipping-taxable","17":"purchasable","18":"product-type-simple"},"yoast_head":"<!-- This site is optimized with the Yoast SEO plugin v26.9 - https:\/\/yoast.com\/product\/yoast-seo-wordpress\/ -->\n<title>AHI THORMA BOZEN B TOP MUST 5KW 48-124M3 - Espak E-pood<\/title>\n<meta name=\"robots\" content=\"index, follow, max-snippet:-1, max-image-preview:large, max-video-preview:-1\" \/>\n<link rel=\"canonical\" href=\"https:\/\/espak.ee\/epood\/toode\/ahi-thorma-bozen-b-top-must-5kw-48-124m3\/\" \/>\n<meta property=\"og:locale\" content=\"et_EE\" \/>\n<meta property=\"og:type\" content=\"article\" \/>\n<meta property=\"og:title\" content=\"AHI THORMA BOZEN B TOP MUST 5KW 48-124M3 - Espak E-pood\" \/>\n<meta property=\"og:url\" content=\"https:\/\/espak.ee\/epood\/toode\/ahi-thorma-bozen-b-top-must-5kw-48-124m3\/\" \/>\n<meta property=\"og:site_name\" content=\"Espak E-pood\" \/>\n<meta property=\"article:modified_time\" content=\"2026-02-19T13:01:01+00:00\" \/>\n<meta property=\"og:image\" content=\"https:\/\/espak.ee\/epood\/wp-content\/uploads\/2026\/02\/BOZEN-b-TOP-black-1200x1200-1.jpg\" \/>\n\t<meta property=\"og:image:width\" content=\"1200\" \/>\n\t<meta property=\"og:image:height\" content=\"1200\" \/>\n\t<meta property=\"og:image:type\" content=\"image\/jpeg\" \/>\n<meta name=\"twitter:card\" content=\"summary_large_image\" \/>\n<script type=\"application\/ld+json\" class=\"yoast-schema-graph\">{\"@context\":\"https:\/\/schema.org\",\"@graph\":[{\"@type\":\"WebPage\",\"@id\":\"https:\/\/espak.ee\/epood\/toode\/ahi-thorma-bozen-b-top-must-5kw-48-124m3\/\",\"url\":\"https:\/\/espak.ee\/epood\/toode\/ahi-thorma-bozen-b-top-must-5kw-48-124m3\/\",\"name\":\"AHI THORMA BOZEN B TOP MUST 5KW 48-124M3 - Espak E-pood\",\"isPartOf\":{\"@id\":\"https:\/\/espak.ee\/epood\/#website\"},\"primaryImageOfPage\":{\"@id\":\"https:\/\/espak.ee\/epood\/toode\/ahi-thorma-bozen-b-top-must-5kw-48-124m3\/#primaryimage\"},\"image\":{\"@id\":\"https:\/\/espak.ee\/epood\/toode\/ahi-thorma-bozen-b-top-must-5kw-48-124m3\/#primaryimage\"},\"thumbnailUrl\":\"https:\/\/espak.ee\/epood\/wp-content\/uploads\/2026\/02\/BOZEN-b-TOP-black-1200x1200-1.jpg\",\"datePublished\":\"2026-02-19T03:10:02+00:00\",\"dateModified\":\"2026-02-19T13:01:01+00:00\",\"breadcrumb\":{\"@id\":\"https:\/\/espak.ee\/epood\/toode\/ahi-thorma-bozen-b-top-must-5kw-48-124m3\/#breadcrumb\"},\"inLanguage\":\"et\",\"potentialAction\":[{\"@type\":\"ReadAction\",\"target\":[\"https:\/\/espak.ee\/epood\/toode\/ahi-thorma-bozen-b-top-must-5kw-48-124m3\/\"]}]},{\"@type\":\"ImageObject\",\"inLanguage\":\"et\",\"@id\":\"https:\/\/espak.ee\/epood\/toode\/ahi-thorma-bozen-b-top-must-5kw-48-124m3\/#primaryimage\",\"url\":\"https:\/\/espak.ee\/epood\/wp-content\/uploads\/2026\/02\/BOZEN-b-TOP-black-1200x1200-1.jpg\",\"contentUrl\":\"https:\/\/espak.ee\/epood\/wp-content\/uploads\/2026\/02\/BOZEN-b-TOP-black-1200x1200-1.jpg\",\"width\":1200,\"height\":1200},{\"@type\":\"BreadcrumbList\",\"@id\":\"https:\/\/espak.ee\/epood\/toode\/ahi-thorma-bozen-b-top-must-5kw-48-124m3\/#breadcrumb\",\"itemListElement\":[{\"@type\":\"ListItem\",\"position\":1,\"name\":\"Home\",\"item\":\"https:\/\/espak.ee\/epood\/\"},{\"@type\":\"ListItem\",\"position\":2,\"name\":\"Tootevalik\",\"item\":\"https:\/\/espak.ee\/epood\/tootevalik\/\"},{\"@type\":\"ListItem\",\"position\":3,\"name\":\"AHI THORMA BOZEN B TOP MUST 5KW 48-124M3\"}]},{\"@type\":\"WebSite\",\"@id\":\"https:\/\/espak.ee\/epood\/#website\",\"url\":\"https:\/\/espak.ee\/epood\/\",\"name\":\"Espak E-pood\",\"description\":\"\",\"potentialAction\":[{\"@type\":\"SearchAction\",\"target\":{\"@type\":\"EntryPoint\",\"urlTemplate\":\"https:\/\/espak.ee\/epood\/?s={search_term_string}\"},\"query-input\":{\"@type\":\"PropertyValueSpecification\",\"valueRequired\":true,\"valueName\":\"search_term_string\"}}],\"inLanguage\":\"et\"}]}<\/script>\n<!-- \/ Yoast SEO plugin. -->","yoast_head_json":{"title":"AHI THORMA BOZEN B TOP MUST 5KW 48-124M3 - Espak E-pood","robots":{"index":"index","follow":"follow","max-snippet":"max-snippet:-1","max-image-preview":"max-image-preview:large","max-video-preview":"max-video-preview:-1"},"canonical":"https:\/\/espak.ee\/epood\/toode\/ahi-thorma-bozen-b-top-must-5kw-48-124m3\/","og_locale":"et_EE","og_type":"article","og_title":"AHI THORMA BOZEN B TOP MUST 5KW 48-124M3 - Espak E-pood","og_url":"https:\/\/espak.ee\/epood\/toode\/ahi-thorma-bozen-b-top-must-5kw-48-124m3\/","og_site_name":"Espak E-pood","article_modified_time":"2026-02-19T13:01:01+00:00","og_image":[{"width":1200,"height":1200,"url":"https:\/\/espak.ee\/epood\/wp-content\/uploads\/2026\/02\/BOZEN-b-TOP-black-1200x1200-1.jpg","type":"image\/jpeg"}],"twitter_card":"summary_large_image","schema":{"@context":"https:\/\/schema.org","@graph":[{"@type":"WebPage","@id":"https:\/\/espak.ee\/epood\/toode\/ahi-thorma-bozen-b-top-must-5kw-48-124m3\/","url":"https:\/\/espak.ee\/epood\/toode\/ahi-thorma-bozen-b-top-must-5kw-48-124m3\/","name":"AHI THORMA BOZEN B TOP MUST 5KW 48-124M3 - Espak E-pood","isPartOf":{"@id":"https:\/\/espak.ee\/epood\/#website"},"primaryImageOfPage":{"@id":"https:\/\/espak.ee\/epood\/toode\/ahi-thorma-bozen-b-top-must-5kw-48-124m3\/#primaryimage"},"image":{"@id":"https:\/\/espak.ee\/epood\/toode\/ahi-thorma-bozen-b-top-must-5kw-48-124m3\/#primaryimage"},"thumbnailUrl":"https:\/\/espak.ee\/epood\/wp-content\/uploads\/2026\/02\/BOZEN-b-TOP-black-1200x1200-1.jpg","datePublished":"2026-02-19T03:10:02+00:00","dateModified":"2026-02-19T13:01:01+00:00","breadcrumb":{"@id":"https:\/\/espak.ee\/epood\/toode\/ahi-thorma-bozen-b-top-must-5kw-48-124m3\/#breadcrumb"},"inLanguage":"et","potentialAction":[{"@type":"ReadAction","target":["https:\/\/espak.ee\/epood\/toode\/ahi-thorma-bozen-b-top-must-5kw-48-124m3\/"]}]},{"@type":"ImageObject","inLanguage":"et","@id":"https:\/\/espak.ee\/epood\/toode\/ahi-thorma-bozen-b-top-must-5kw-48-124m3\/#primaryimage","url":"https:\/\/espak.ee\/epood\/wp-content\/uploads\/2026\/02\/BOZEN-b-TOP-black-1200x1200-1.jpg","contentUrl":"https:\/\/espak.ee\/epood\/wp-content\/uploads\/2026\/02\/BOZEN-b-TOP-black-1200x1200-1.jpg","width":1200,"height":1200},{"@type":"BreadcrumbList","@id":"https:\/\/espak.ee\/epood\/toode\/ahi-thorma-bozen-b-top-must-5kw-48-124m3\/#breadcrumb","itemListElement":[{"@type":"ListItem","position":1,"name":"Home","item":"https:\/\/espak.ee\/epood\/"},{"@type":"ListItem","position":2,"name":"Tootevalik","item":"https:\/\/espak.ee\/epood\/tootevalik\/"},{"@type":"ListItem","position":3,"name":"AHI THORMA BOZEN B TOP MUST 5KW 48-124M3"}]},{"@type":"WebSite","@id":"https:\/\/espak.ee\/epood\/#website","url":"https:\/\/espak.ee\/epood\/","name":"Espak E-pood","description":"","potentialAction":[{"@type":"SearchAction","target":{"@type":"EntryPoint","urlTemplate":"https:\/\/espak.ee\/epood\/?s={search_term_string}"},"query-input":{"@type":"PropertyValueSpecification","valueRequired":true,"valueName":"search_term_string"}}],"inLanguage":"et"}]}},"_links":{"self":[{"href":"https:\/\/espak.ee\/epood\/wp-json\/wp\/v2\/product\/264674","targetHints":{"allow":["GET"]}}],"collection":[{"href":"https:\/\/espak.ee\/epood\/wp-json\/wp\/v2\/product"}],"about":[{"href":"https:\/\/espak.ee\/epood\/wp-json\/wp\/v2\/types\/product"}],"replies":[{"embeddable":true,"href":"https:\/\/espak.ee\/epood\/wp-json\/wp\/v2\/comments?post=264674"}],"wp:featuredmedia":[{"embeddable":true,"href":"https:\/\/espak.ee\/epood\/wp-json\/wp\/v2\/media\/264765"}],"wp:attachment":[{"href":"https:\/\/espak.ee\/epood\/wp-json\/wp\/v2\/media?parent=264674"}],"wp:term":[{"taxonomy":"product_brand","embeddable":true,"href":"https:\/\/espak.ee\/epood\/wp-json\/wp\/v2\/product_brand?post=264674"},{"taxonomy":"product_cat","embeddable":true,"href":"https:\/\/espak.ee\/epood\/wp-json\/wp\/v2\/product_cat?post=264674"},{"taxonomy":"product_tag","embeddable":true,"href":"https:\/\/espak.ee\/epood\/wp-json\/wp\/v2\/product_tag?post=264674"}],"curies":[{"name":"wp","href":"https:\/\/api.w.org\/{rel}","templated":true}]}}