{"id":26460,"date":"2020-05-09T05:26:42","date_gmt":"2020-05-09T02:26:42","guid":{"rendered":"https:\/\/espak.ee\/hinnakiri\/?post_type=product&#038;p=26460"},"modified":"2024-03-22T23:10:50","modified_gmt":"2024-03-22T21:10:50","slug":"elektrikeris-harvia-glow-corner-e-trc70e-68kw-6-10m%c2%b3","status":"publish","type":"product","link":"https:\/\/espak.ee\/epood\/toode\/elektrikeris-harvia-glow-corner-e-trc70e-68kw-6-10m%c2%b3\/","title":{"rendered":"ELEKTRIKERIS HARVIA GLOW CORNER E TRC70E 6,8KW 6-10M\u00b3"},"content":{"rendered":"<div class=\"row\"  id=\"row-2131020775\">\n\n\t<div id=\"col-1581006887\" class=\"col medium-9 small-12 large-9\"  >\n\t\t\t\t<div class=\"col-inner\"  >\n\t\t\t\n\t\t\t\n<h3> Elektrikeris Glow Corner E 6,8kW Harvia<\/h3>\n<p>Glow Corner on nurka paigaldatav keris v\u00e4ikeste ja keskmise suurusega saunade jaoks. Kolmnurkse kerise l\u00e4ikiv terasest v\u00e4lispind on muljetavaldav ja annab saunale kaasaegse v\u00e4limuse. Suur hulk kive pakub pehmet ja tasakaalustatud saunaelamust. Keris kuumeneb kiiresti ning leili tugevust saab reguleerida kas kerise k\u00fcljele v\u00f5i otsale  leilivett visates.<br \/>\nE-mudeleid saab saunalava sisse paigaldada.<br \/>\nKeris on juhitav eraldi juhtpaneelist (m\u00fc\u00fcgil eraldi).<br \/>\nV\u00f5imsus: 6,8 kW, sobib ruumi suurusega 6 &#8211; 10 m3.<br \/>\nM\u00f5\u00f5dud: 1100 x 330 x 330 mm.<br \/>\nKivide kogus 50 kg.\n <\/p>\n\t\t<\/div>\n\t\t\t\t\t<\/div>\n\n\t\n\n\t<div id=\"col-705958515\" class=\"col medium-3 small-12 large-3\"  >\n\t\t\t\t<div class=\"col-inner\"  >\n\t\t\t\n\t\t\t\n<h3>Kasutusjuhend<\/h3>\n<p><a href=\"https:\/\/espak.ee\/epood\/wp-content\/uploads\/2020\/05\/TRC_E_FISVENDERUET_Y05-0468.pdf\"target=\"_blank\" rel=\"noopener noreferrer\"><i class=\"far fa-file-pdf\"><\/i> Kasutusjuhend (PDF)<\/a><\/p>\n<div class=\"is-divider divider clearfix\" ><\/div>\n<p><strong>\u00dcksikasjalikuma n\u00f5u saamiseks v\u00f5tke \u00fchendust:<br \/><\/strong>Espak AS<br \/>Viadukti 42<br \/>11313<br \/>Tallinn<br \/>+372 6 512333<\/p>\n\t\t<\/div>\n\t\t\t\t\t<\/div>\n\n\t\n<\/div>\n","protected":false},"excerpt":{"rendered":"","protected":false},"featured_media":105009,"comment_status":"closed","ping_status":"closed","template":"","meta":[],"product_brand":[],"product_cat":[3071,3197,3196,3070],"product_tag":[],"class_list":{"0":"post-26460","1":"product","2":"type-product","3":"status-publish","4":"has-post-thumbnail","6":"product_cat-ahjud-kaminad-kerised","7":"product_cat-elektrikerised","8":"product_cat-kerised","9":"product_cat-kute-ja-ventilatsioon","10":"pa_kaubamark-harvia-finland-oy","12":"first","13":"instock","14":"sale","15":"taxable","16":"shipping-taxable","17":"purchasable","18":"product-type-simple"},"yoast_head":"<!-- This site is optimized with the Yoast SEO plugin v26.9 - https:\/\/yoast.com\/product\/yoast-seo-wordpress\/ -->\n<title>ELEKTRIKERIS HARVIA GLOW CORNER E TRC70E 6,8KW 6-10M\u00b3 - Espak E-pood<\/title>\n<meta name=\"robots\" content=\"index, follow, max-snippet:-1, max-image-preview:large, max-video-preview:-1\" \/>\n<link rel=\"canonical\" href=\"https:\/\/espak.ee\/epood\/toode\/elektrikeris-harvia-glow-corner-e-trc70e-68kw-6-10m\u00b3\/\" \/>\n<meta property=\"og:locale\" content=\"et_EE\" \/>\n<meta property=\"og:type\" content=\"article\" \/>\n<meta property=\"og:title\" content=\"ELEKTRIKERIS HARVIA GLOW CORNER E TRC70E 6,8KW 6-10M\u00b3 - Espak E-pood\" \/>\n<meta property=\"og:url\" content=\"https:\/\/espak.ee\/epood\/toode\/elektrikeris-harvia-glow-corner-e-trc70e-68kw-6-10m\u00b3\/\" \/>\n<meta property=\"og:site_name\" content=\"Espak E-pood\" \/>\n<meta property=\"article:modified_time\" content=\"2024-03-22T21:10:50+00:00\" \/>\n<meta property=\"og:image\" content=\"https:\/\/espak.ee\/epood\/wp-content\/uploads\/2020\/05\/HarviaGlow_corner_front_E_TRC.jpg\" \/>\n\t<meta property=\"og:image:width\" content=\"800\" \/>\n\t<meta property=\"og:image:height\" content=\"800\" \/>\n\t<meta property=\"og:image:type\" content=\"image\/jpeg\" \/>\n<meta name=\"twitter:card\" content=\"summary_large_image\" \/>\n<meta name=\"twitter:label1\" content=\"Est. reading time\" \/>\n\t<meta name=\"twitter:data1\" content=\"1 minut\" \/>\n<script type=\"application\/ld+json\" class=\"yoast-schema-graph\">{\"@context\":\"https:\/\/schema.org\",\"@graph\":[{\"@type\":\"WebPage\",\"@id\":\"https:\/\/espak.ee\/epood\/toode\/elektrikeris-harvia-glow-corner-e-trc70e-68kw-6-10m%c2%b3\/\",\"url\":\"https:\/\/espak.ee\/epood\/toode\/elektrikeris-harvia-glow-corner-e-trc70e-68kw-6-10m%c2%b3\/\",\"name\":\"ELEKTRIKERIS HARVIA GLOW CORNER E TRC70E 6,8KW 6-10M\u00b3 - Espak E-pood\",\"isPartOf\":{\"@id\":\"https:\/\/espak.ee\/epood\/#website\"},\"primaryImageOfPage\":{\"@id\":\"https:\/\/espak.ee\/epood\/toode\/elektrikeris-harvia-glow-corner-e-trc70e-68kw-6-10m%c2%b3\/#primaryimage\"},\"image\":{\"@id\":\"https:\/\/espak.ee\/epood\/toode\/elektrikeris-harvia-glow-corner-e-trc70e-68kw-6-10m%c2%b3\/#primaryimage\"},\"thumbnailUrl\":\"https:\/\/espak.ee\/epood\/wp-content\/uploads\/2020\/05\/HarviaGlow_corner_front_E_TRC.jpg\",\"datePublished\":\"2020-05-09T02:26:42+00:00\",\"dateModified\":\"2024-03-22T21:10:50+00:00\",\"breadcrumb\":{\"@id\":\"https:\/\/espak.ee\/epood\/toode\/elektrikeris-harvia-glow-corner-e-trc70e-68kw-6-10m%c2%b3\/#breadcrumb\"},\"inLanguage\":\"et\",\"potentialAction\":[{\"@type\":\"ReadAction\",\"target\":[\"https:\/\/espak.ee\/epood\/toode\/elektrikeris-harvia-glow-corner-e-trc70e-68kw-6-10m%c2%b3\/\"]}]},{\"@type\":\"ImageObject\",\"inLanguage\":\"et\",\"@id\":\"https:\/\/espak.ee\/epood\/toode\/elektrikeris-harvia-glow-corner-e-trc70e-68kw-6-10m%c2%b3\/#primaryimage\",\"url\":\"https:\/\/espak.ee\/epood\/wp-content\/uploads\/2020\/05\/HarviaGlow_corner_front_E_TRC.jpg\",\"contentUrl\":\"https:\/\/espak.ee\/epood\/wp-content\/uploads\/2020\/05\/HarviaGlow_corner_front_E_TRC.jpg\",\"width\":800,\"height\":800},{\"@type\":\"BreadcrumbList\",\"@id\":\"https:\/\/espak.ee\/epood\/toode\/elektrikeris-harvia-glow-corner-e-trc70e-68kw-6-10m%c2%b3\/#breadcrumb\",\"itemListElement\":[{\"@type\":\"ListItem\",\"position\":1,\"name\":\"Home\",\"item\":\"https:\/\/espak.ee\/epood\/\"},{\"@type\":\"ListItem\",\"position\":2,\"name\":\"Tootevalik\",\"item\":\"https:\/\/espak.ee\/epood\/tootevalik\/\"},{\"@type\":\"ListItem\",\"position\":3,\"name\":\"ELEKTRIKERIS HARVIA GLOW CORNER E TRC70E 6,8KW 6-10M\u00b3\"}]},{\"@type\":\"WebSite\",\"@id\":\"https:\/\/espak.ee\/epood\/#website\",\"url\":\"https:\/\/espak.ee\/epood\/\",\"name\":\"Espak E-pood\",\"description\":\"\",\"potentialAction\":[{\"@type\":\"SearchAction\",\"target\":{\"@type\":\"EntryPoint\",\"urlTemplate\":\"https:\/\/espak.ee\/epood\/?s={search_term_string}\"},\"query-input\":{\"@type\":\"PropertyValueSpecification\",\"valueRequired\":true,\"valueName\":\"search_term_string\"}}],\"inLanguage\":\"et\"}]}<\/script>\n<!-- \/ Yoast SEO plugin. -->","yoast_head_json":{"title":"ELEKTRIKERIS HARVIA GLOW CORNER E TRC70E 6,8KW 6-10M\u00b3 - Espak E-pood","robots":{"index":"index","follow":"follow","max-snippet":"max-snippet:-1","max-image-preview":"max-image-preview:large","max-video-preview":"max-video-preview:-1"},"canonical":"https:\/\/espak.ee\/epood\/toode\/elektrikeris-harvia-glow-corner-e-trc70e-68kw-6-10m\u00b3\/","og_locale":"et_EE","og_type":"article","og_title":"ELEKTRIKERIS HARVIA GLOW CORNER E TRC70E 6,8KW 6-10M\u00b3 - Espak E-pood","og_url":"https:\/\/espak.ee\/epood\/toode\/elektrikeris-harvia-glow-corner-e-trc70e-68kw-6-10m\u00b3\/","og_site_name":"Espak E-pood","article_modified_time":"2024-03-22T21:10:50+00:00","og_image":[{"width":800,"height":800,"url":"https:\/\/espak.ee\/epood\/wp-content\/uploads\/2020\/05\/HarviaGlow_corner_front_E_TRC.jpg","type":"image\/jpeg"}],"twitter_card":"summary_large_image","twitter_misc":{"Est. reading time":"1 minut"},"schema":{"@context":"https:\/\/schema.org","@graph":[{"@type":"WebPage","@id":"https:\/\/espak.ee\/epood\/toode\/elektrikeris-harvia-glow-corner-e-trc70e-68kw-6-10m%c2%b3\/","url":"https:\/\/espak.ee\/epood\/toode\/elektrikeris-harvia-glow-corner-e-trc70e-68kw-6-10m%c2%b3\/","name":"ELEKTRIKERIS HARVIA GLOW CORNER E TRC70E 6,8KW 6-10M\u00b3 - Espak E-pood","isPartOf":{"@id":"https:\/\/espak.ee\/epood\/#website"},"primaryImageOfPage":{"@id":"https:\/\/espak.ee\/epood\/toode\/elektrikeris-harvia-glow-corner-e-trc70e-68kw-6-10m%c2%b3\/#primaryimage"},"image":{"@id":"https:\/\/espak.ee\/epood\/toode\/elektrikeris-harvia-glow-corner-e-trc70e-68kw-6-10m%c2%b3\/#primaryimage"},"thumbnailUrl":"https:\/\/espak.ee\/epood\/wp-content\/uploads\/2020\/05\/HarviaGlow_corner_front_E_TRC.jpg","datePublished":"2020-05-09T02:26:42+00:00","dateModified":"2024-03-22T21:10:50+00:00","breadcrumb":{"@id":"https:\/\/espak.ee\/epood\/toode\/elektrikeris-harvia-glow-corner-e-trc70e-68kw-6-10m%c2%b3\/#breadcrumb"},"inLanguage":"et","potentialAction":[{"@type":"ReadAction","target":["https:\/\/espak.ee\/epood\/toode\/elektrikeris-harvia-glow-corner-e-trc70e-68kw-6-10m%c2%b3\/"]}]},{"@type":"ImageObject","inLanguage":"et","@id":"https:\/\/espak.ee\/epood\/toode\/elektrikeris-harvia-glow-corner-e-trc70e-68kw-6-10m%c2%b3\/#primaryimage","url":"https:\/\/espak.ee\/epood\/wp-content\/uploads\/2020\/05\/HarviaGlow_corner_front_E_TRC.jpg","contentUrl":"https:\/\/espak.ee\/epood\/wp-content\/uploads\/2020\/05\/HarviaGlow_corner_front_E_TRC.jpg","width":800,"height":800},{"@type":"BreadcrumbList","@id":"https:\/\/espak.ee\/epood\/toode\/elektrikeris-harvia-glow-corner-e-trc70e-68kw-6-10m%c2%b3\/#breadcrumb","itemListElement":[{"@type":"ListItem","position":1,"name":"Home","item":"https:\/\/espak.ee\/epood\/"},{"@type":"ListItem","position":2,"name":"Tootevalik","item":"https:\/\/espak.ee\/epood\/tootevalik\/"},{"@type":"ListItem","position":3,"name":"ELEKTRIKERIS HARVIA GLOW CORNER E TRC70E 6,8KW 6-10M\u00b3"}]},{"@type":"WebSite","@id":"https:\/\/espak.ee\/epood\/#website","url":"https:\/\/espak.ee\/epood\/","name":"Espak E-pood","description":"","potentialAction":[{"@type":"SearchAction","target":{"@type":"EntryPoint","urlTemplate":"https:\/\/espak.ee\/epood\/?s={search_term_string}"},"query-input":{"@type":"PropertyValueSpecification","valueRequired":true,"valueName":"search_term_string"}}],"inLanguage":"et"}]}},"_links":{"self":[{"href":"https:\/\/espak.ee\/epood\/wp-json\/wp\/v2\/product\/26460","targetHints":{"allow":["GET"]}}],"collection":[{"href":"https:\/\/espak.ee\/epood\/wp-json\/wp\/v2\/product"}],"about":[{"href":"https:\/\/espak.ee\/epood\/wp-json\/wp\/v2\/types\/product"}],"replies":[{"embeddable":true,"href":"https:\/\/espak.ee\/epood\/wp-json\/wp\/v2\/comments?post=26460"}],"wp:featuredmedia":[{"embeddable":true,"href":"https:\/\/espak.ee\/epood\/wp-json\/wp\/v2\/media\/105009"}],"wp:attachment":[{"href":"https:\/\/espak.ee\/epood\/wp-json\/wp\/v2\/media?parent=26460"}],"wp:term":[{"taxonomy":"product_brand","embeddable":true,"href":"https:\/\/espak.ee\/epood\/wp-json\/wp\/v2\/product_brand?post=26460"},{"taxonomy":"product_cat","embeddable":true,"href":"https:\/\/espak.ee\/epood\/wp-json\/wp\/v2\/product_cat?post=26460"},{"taxonomy":"product_tag","embeddable":true,"href":"https:\/\/espak.ee\/epood\/wp-json\/wp\/v2\/product_tag?post=26460"}],"curies":[{"name":"wp","href":"https:\/\/api.w.org\/{rel}","templated":true}]}}