{"id":26458,"date":"2020-05-09T05:26:42","date_gmt":"2020-05-09T02:26:42","guid":{"rendered":"https:\/\/espak.ee\/hinnakiri\/?post_type=product&#038;p=26458"},"modified":"2024-03-22T23:10:50","modified_gmt":"2024-03-22T21:10:50","slug":"elektrikeris-harvia-cilindro-pc90-roostevaba-9kw-8-14m%c2%b3","status":"publish","type":"product","link":"https:\/\/espak.ee\/epood\/toode\/elektrikeris-harvia-cilindro-pc90-roostevaba-9kw-8-14m%c2%b3\/","title":{"rendered":"ELEKTRIKERIS HARVIA CILINDRO PC90 ROOSTEVABA 9KW 8-14M\u00b3"},"content":{"rendered":"<p><strong>Harvia Cilindro PC90<\/strong> on suure kivide hulgaga elektrikeris, mis pakub nauditavat saunask\u00e4iku. Harvia Cilindro PC90 elektrikerisel on roostevabast terasest avadega v\u00e4liskest, mis v\u00f5imaldab reguleerida leili iseloomu visates vett kas kerise k\u00fclgedele v\u00f5i otse kivisamba peale.<br \/>\nElektrikeris Cilindro PC90 on varustatud sisseehitatud juhtimisseadmega, mille ergonoomilised l\u00fclitid asuvad esik\u00fclje alaservas.<\/p>\n<p>Soovitatav saunaruumi suurus on 8\u201314 m\u00b3 ja maksimaalne kivide kogus on 80 kg.<\/p>\n<p>Leiliruumi ruumala (m\u00b3): 8-14<br \/>\nKerisekivide kogus (kg): 80<br \/>\nLaius (mm): 320<br \/>\nK\u00f5rgus (mm): 930<br \/>\nS\u00fcgavus (mm): 320<br \/>\nKaal (kg): 10<br \/>\nKerise soojusv\u00f5imsus (kW): 9<br \/>\nV\u00e4rvus: Roostevaba teras<br \/>\nMaterjal: Teraskorpus<br \/>\nPaigaldus: P\u00f5randale paigaldatav<br \/>\nToitepinge: 230V\/400V<br \/>\nKaitse: 1 x 40A (230V) \/ 3 x 16A (400V)<br \/>\nJuhtpaneel: Integreeritud<br \/>\nOhutuskaugus A: 100 mm<br \/>\nOhutuskaugus B: 100 mm<br \/>\nOhutuskaugus C: 950 mm<br \/>\nOhutuskaugus D 3N~: 30 mm<br \/>\nOhutuskaugus D 1N~: 50 mm<br \/>\nOhutuskaugus E: 520 mm<br \/>\nOhutuskaugus F: 520 mm<\/p>\n","protected":false},"excerpt":{"rendered":"<p>Harvia Cilindro PC90 on suure kivide hulgaga elektrikeris, mis pakub nauditavat saunask\u00e4iku. Harvia Cilindro PC90 elektrikerisel on roostevabast terasest avadega v\u00e4liskest, mis v\u00f5imaldab reguleerida leili iseloomu visates vett kas kerise k\u00fclgedele v\u00f5i otse kivisamba peale. Elektrikeris Cilindro PC90 on varustatud sisseehitatud juhtimisseadmega, mille ergonoomilised l\u00fclitid asuvad esik\u00fclje alaservas. Soovitatav saunaruumi suurus on 8\u201314 m\u00b3 ja [&#8230;]\n","protected":false},"featured_media":47073,"comment_status":"closed","ping_status":"closed","template":"","meta":[],"product_brand":[],"product_cat":[3071,3197,3196,3070],"product_tag":[],"class_list":{"0":"post-26458","1":"product","2":"type-product","3":"status-publish","4":"has-post-thumbnail","6":"product_cat-ahjud-kaminad-kerised","7":"product_cat-elektrikerised","8":"product_cat-kerised","9":"product_cat-kute-ja-ventilatsioon","10":"pa_kaubamark-harvia-finland-oy","12":"first","13":"instock","14":"sale","15":"taxable","16":"shipping-taxable","17":"purchasable","18":"product-type-simple"},"yoast_head":"<!-- This site is optimized with the Yoast SEO plugin v26.9 - https:\/\/yoast.com\/product\/yoast-seo-wordpress\/ -->\n<title>ELEKTRIKERIS HARVIA CILINDRO PC90 ROOSTEVABA 9KW 8-14M\u00b3 - Espak E-pood<\/title>\n<meta name=\"robots\" content=\"index, follow, max-snippet:-1, max-image-preview:large, max-video-preview:-1\" \/>\n<link rel=\"canonical\" href=\"https:\/\/espak.ee\/epood\/toode\/elektrikeris-harvia-cilindro-pc90-roostevaba-9kw-8-14m\u00b3\/\" \/>\n<meta property=\"og:locale\" content=\"et_EE\" \/>\n<meta property=\"og:type\" content=\"article\" \/>\n<meta property=\"og:title\" content=\"ELEKTRIKERIS HARVIA CILINDRO PC90 ROOSTEVABA 9KW 8-14M\u00b3 - Espak E-pood\" \/>\n<meta property=\"og:description\" content=\"Harvia Cilindro PC90 on suure kivide hulgaga elektrikeris, mis pakub nauditavat saunask\u00e4iku. Harvia Cilindro PC90 elektrikerisel on roostevabast terasest avadega v\u00e4liskest, mis v\u00f5imaldab reguleerida leili iseloomu visates vett kas kerise k\u00fclgedele v\u00f5i otse kivisamba peale. Elektrikeris Cilindro PC90 on varustatud sisseehitatud juhtimisseadmega, mille ergonoomilised l\u00fclitid asuvad esik\u00fclje alaservas. Soovitatav saunaruumi suurus on 8\u201314 m\u00b3 ja [...]\" \/>\n<meta property=\"og:url\" content=\"https:\/\/espak.ee\/epood\/toode\/elektrikeris-harvia-cilindro-pc90-roostevaba-9kw-8-14m\u00b3\/\" \/>\n<meta property=\"og:site_name\" content=\"Espak E-pood\" \/>\n<meta property=\"article:modified_time\" content=\"2024-03-22T21:10:50+00:00\" \/>\n<meta property=\"og:image\" content=\"https:\/\/espak.ee\/epood\/wp-content\/uploads\/Cilindro_harvia.jpeg\" \/>\n\t<meta property=\"og:image:width\" content=\"576\" \/>\n\t<meta property=\"og:image:height\" content=\"768\" \/>\n\t<meta property=\"og:image:type\" content=\"image\/jpeg\" \/>\n<meta name=\"twitter:card\" content=\"summary_large_image\" \/>\n<meta name=\"twitter:label1\" content=\"Est. reading time\" \/>\n\t<meta name=\"twitter:data1\" content=\"1 minut\" \/>\n<script type=\"application\/ld+json\" class=\"yoast-schema-graph\">{\"@context\":\"https:\/\/schema.org\",\"@graph\":[{\"@type\":\"WebPage\",\"@id\":\"https:\/\/espak.ee\/epood\/toode\/elektrikeris-harvia-cilindro-pc90-roostevaba-9kw-8-14m%c2%b3\/\",\"url\":\"https:\/\/espak.ee\/epood\/toode\/elektrikeris-harvia-cilindro-pc90-roostevaba-9kw-8-14m%c2%b3\/\",\"name\":\"ELEKTRIKERIS HARVIA CILINDRO PC90 ROOSTEVABA 9KW 8-14M\u00b3 - Espak E-pood\",\"isPartOf\":{\"@id\":\"https:\/\/espak.ee\/epood\/#website\"},\"primaryImageOfPage\":{\"@id\":\"https:\/\/espak.ee\/epood\/toode\/elektrikeris-harvia-cilindro-pc90-roostevaba-9kw-8-14m%c2%b3\/#primaryimage\"},\"image\":{\"@id\":\"https:\/\/espak.ee\/epood\/toode\/elektrikeris-harvia-cilindro-pc90-roostevaba-9kw-8-14m%c2%b3\/#primaryimage\"},\"thumbnailUrl\":\"https:\/\/espak.ee\/epood\/wp-content\/uploads\/Cilindro_harvia.jpeg\",\"datePublished\":\"2020-05-09T02:26:42+00:00\",\"dateModified\":\"2024-03-22T21:10:50+00:00\",\"breadcrumb\":{\"@id\":\"https:\/\/espak.ee\/epood\/toode\/elektrikeris-harvia-cilindro-pc90-roostevaba-9kw-8-14m%c2%b3\/#breadcrumb\"},\"inLanguage\":\"et\",\"potentialAction\":[{\"@type\":\"ReadAction\",\"target\":[\"https:\/\/espak.ee\/epood\/toode\/elektrikeris-harvia-cilindro-pc90-roostevaba-9kw-8-14m%c2%b3\/\"]}]},{\"@type\":\"ImageObject\",\"inLanguage\":\"et\",\"@id\":\"https:\/\/espak.ee\/epood\/toode\/elektrikeris-harvia-cilindro-pc90-roostevaba-9kw-8-14m%c2%b3\/#primaryimage\",\"url\":\"https:\/\/espak.ee\/epood\/wp-content\/uploads\/Cilindro_harvia.jpeg\",\"contentUrl\":\"https:\/\/espak.ee\/epood\/wp-content\/uploads\/Cilindro_harvia.jpeg\",\"width\":576,\"height\":768},{\"@type\":\"BreadcrumbList\",\"@id\":\"https:\/\/espak.ee\/epood\/toode\/elektrikeris-harvia-cilindro-pc90-roostevaba-9kw-8-14m%c2%b3\/#breadcrumb\",\"itemListElement\":[{\"@type\":\"ListItem\",\"position\":1,\"name\":\"Home\",\"item\":\"https:\/\/espak.ee\/epood\/\"},{\"@type\":\"ListItem\",\"position\":2,\"name\":\"Tootevalik\",\"item\":\"https:\/\/espak.ee\/epood\/tootevalik\/\"},{\"@type\":\"ListItem\",\"position\":3,\"name\":\"ELEKTRIKERIS HARVIA CILINDRO PC90 ROOSTEVABA 9KW 8-14M\u00b3\"}]},{\"@type\":\"WebSite\",\"@id\":\"https:\/\/espak.ee\/epood\/#website\",\"url\":\"https:\/\/espak.ee\/epood\/\",\"name\":\"Espak E-pood\",\"description\":\"\",\"potentialAction\":[{\"@type\":\"SearchAction\",\"target\":{\"@type\":\"EntryPoint\",\"urlTemplate\":\"https:\/\/espak.ee\/epood\/?s={search_term_string}\"},\"query-input\":{\"@type\":\"PropertyValueSpecification\",\"valueRequired\":true,\"valueName\":\"search_term_string\"}}],\"inLanguage\":\"et\"}]}<\/script>\n<!-- \/ Yoast SEO plugin. -->","yoast_head_json":{"title":"ELEKTRIKERIS HARVIA CILINDRO PC90 ROOSTEVABA 9KW 8-14M\u00b3 - Espak E-pood","robots":{"index":"index","follow":"follow","max-snippet":"max-snippet:-1","max-image-preview":"max-image-preview:large","max-video-preview":"max-video-preview:-1"},"canonical":"https:\/\/espak.ee\/epood\/toode\/elektrikeris-harvia-cilindro-pc90-roostevaba-9kw-8-14m\u00b3\/","og_locale":"et_EE","og_type":"article","og_title":"ELEKTRIKERIS HARVIA CILINDRO PC90 ROOSTEVABA 9KW 8-14M\u00b3 - Espak E-pood","og_description":"Harvia Cilindro PC90 on suure kivide hulgaga elektrikeris, mis pakub nauditavat saunask\u00e4iku. Harvia Cilindro PC90 elektrikerisel on roostevabast terasest avadega v\u00e4liskest, mis v\u00f5imaldab reguleerida leili iseloomu visates vett kas kerise k\u00fclgedele v\u00f5i otse kivisamba peale. Elektrikeris Cilindro PC90 on varustatud sisseehitatud juhtimisseadmega, mille ergonoomilised l\u00fclitid asuvad esik\u00fclje alaservas. Soovitatav saunaruumi suurus on 8\u201314 m\u00b3 ja [...]","og_url":"https:\/\/espak.ee\/epood\/toode\/elektrikeris-harvia-cilindro-pc90-roostevaba-9kw-8-14m\u00b3\/","og_site_name":"Espak E-pood","article_modified_time":"2024-03-22T21:10:50+00:00","og_image":[{"width":576,"height":768,"url":"https:\/\/espak.ee\/epood\/wp-content\/uploads\/Cilindro_harvia.jpeg","type":"image\/jpeg"}],"twitter_card":"summary_large_image","twitter_misc":{"Est. reading time":"1 minut"},"schema":{"@context":"https:\/\/schema.org","@graph":[{"@type":"WebPage","@id":"https:\/\/espak.ee\/epood\/toode\/elektrikeris-harvia-cilindro-pc90-roostevaba-9kw-8-14m%c2%b3\/","url":"https:\/\/espak.ee\/epood\/toode\/elektrikeris-harvia-cilindro-pc90-roostevaba-9kw-8-14m%c2%b3\/","name":"ELEKTRIKERIS HARVIA CILINDRO PC90 ROOSTEVABA 9KW 8-14M\u00b3 - Espak E-pood","isPartOf":{"@id":"https:\/\/espak.ee\/epood\/#website"},"primaryImageOfPage":{"@id":"https:\/\/espak.ee\/epood\/toode\/elektrikeris-harvia-cilindro-pc90-roostevaba-9kw-8-14m%c2%b3\/#primaryimage"},"image":{"@id":"https:\/\/espak.ee\/epood\/toode\/elektrikeris-harvia-cilindro-pc90-roostevaba-9kw-8-14m%c2%b3\/#primaryimage"},"thumbnailUrl":"https:\/\/espak.ee\/epood\/wp-content\/uploads\/Cilindro_harvia.jpeg","datePublished":"2020-05-09T02:26:42+00:00","dateModified":"2024-03-22T21:10:50+00:00","breadcrumb":{"@id":"https:\/\/espak.ee\/epood\/toode\/elektrikeris-harvia-cilindro-pc90-roostevaba-9kw-8-14m%c2%b3\/#breadcrumb"},"inLanguage":"et","potentialAction":[{"@type":"ReadAction","target":["https:\/\/espak.ee\/epood\/toode\/elektrikeris-harvia-cilindro-pc90-roostevaba-9kw-8-14m%c2%b3\/"]}]},{"@type":"ImageObject","inLanguage":"et","@id":"https:\/\/espak.ee\/epood\/toode\/elektrikeris-harvia-cilindro-pc90-roostevaba-9kw-8-14m%c2%b3\/#primaryimage","url":"https:\/\/espak.ee\/epood\/wp-content\/uploads\/Cilindro_harvia.jpeg","contentUrl":"https:\/\/espak.ee\/epood\/wp-content\/uploads\/Cilindro_harvia.jpeg","width":576,"height":768},{"@type":"BreadcrumbList","@id":"https:\/\/espak.ee\/epood\/toode\/elektrikeris-harvia-cilindro-pc90-roostevaba-9kw-8-14m%c2%b3\/#breadcrumb","itemListElement":[{"@type":"ListItem","position":1,"name":"Home","item":"https:\/\/espak.ee\/epood\/"},{"@type":"ListItem","position":2,"name":"Tootevalik","item":"https:\/\/espak.ee\/epood\/tootevalik\/"},{"@type":"ListItem","position":3,"name":"ELEKTRIKERIS HARVIA CILINDRO PC90 ROOSTEVABA 9KW 8-14M\u00b3"}]},{"@type":"WebSite","@id":"https:\/\/espak.ee\/epood\/#website","url":"https:\/\/espak.ee\/epood\/","name":"Espak E-pood","description":"","potentialAction":[{"@type":"SearchAction","target":{"@type":"EntryPoint","urlTemplate":"https:\/\/espak.ee\/epood\/?s={search_term_string}"},"query-input":{"@type":"PropertyValueSpecification","valueRequired":true,"valueName":"search_term_string"}}],"inLanguage":"et"}]}},"_links":{"self":[{"href":"https:\/\/espak.ee\/epood\/wp-json\/wp\/v2\/product\/26458","targetHints":{"allow":["GET"]}}],"collection":[{"href":"https:\/\/espak.ee\/epood\/wp-json\/wp\/v2\/product"}],"about":[{"href":"https:\/\/espak.ee\/epood\/wp-json\/wp\/v2\/types\/product"}],"replies":[{"embeddable":true,"href":"https:\/\/espak.ee\/epood\/wp-json\/wp\/v2\/comments?post=26458"}],"wp:featuredmedia":[{"embeddable":true,"href":"https:\/\/espak.ee\/epood\/wp-json\/wp\/v2\/media\/47073"}],"wp:attachment":[{"href":"https:\/\/espak.ee\/epood\/wp-json\/wp\/v2\/media?parent=26458"}],"wp:term":[{"taxonomy":"product_brand","embeddable":true,"href":"https:\/\/espak.ee\/epood\/wp-json\/wp\/v2\/product_brand?post=26458"},{"taxonomy":"product_cat","embeddable":true,"href":"https:\/\/espak.ee\/epood\/wp-json\/wp\/v2\/product_cat?post=26458"},{"taxonomy":"product_tag","embeddable":true,"href":"https:\/\/espak.ee\/epood\/wp-json\/wp\/v2\/product_tag?post=26458"}],"curies":[{"name":"wp","href":"https:\/\/api.w.org\/{rel}","templated":true}]}}