{"id":264463,"date":"2026-02-17T05:05:01","date_gmt":"2026-02-17T03:05:01","guid":{"rendered":"https:\/\/espak.ee\/epood\/?post_type=product&#038;p=264463"},"modified":"2026-03-10T22:18:43","modified_gmt":"2026-03-10T20:18:43","slug":"seinapealne-wc-pott-grohe-euro-ceramic-vaikselt-sulguv-iste","status":"publish","type":"product","link":"https:\/\/espak.ee\/epood\/toode\/seinapealne-wc-pott-grohe-euro-ceramic-vaikselt-sulguv-iste\/","title":{"rendered":"SEINAPEALNE WC-POTT GROHE EURO CERAMIC + VAIKSELT SULGUV ISTE"},"content":{"rendered":"<div class=\"row\"  id=\"row-1379835950\">\n\n\t<div id=\"col-1892487286\" class=\"col medium-9 small-12 large-9\"  >\n\t\t\t\t<div class=\"col-inner\"  >\n\t\t\t\n\t\t\t\n<h3>Seinapealne WC-pott Grohe Euro Ceramic + vaikselt sulguv iste<\/h3>\n<p>Uus GROHE Euro Ceramic WC-komplekt \u00fchendab maksimaalse puhastusv\u00f5imsuse kauni disainiga. Seinale kinnitatav WC-pott lisab vannituppa elegantse ja modernse ilme ning suletud k\u00fcljedisain koos varjatud kinnitusega \u2013 komplektis on kaasas \u00fclalt paigaldatav kinnituslahendus \u2013 peidab endas tipptasemel tehnoloogia.<\/p>\n<p>T\u00e4nu servavabale potidisainile ei ole mustusel ega bakteritel kuhugi koguneda, mis muudab puhastamise lihtsaks ja h\u00fcgieeniliseks. T\u00e4iustatud GROHE Triple Vortex-tehnoloogia kasutab kolme vee v\u00e4ljalaskeava, et luua v\u00f5imas, kuid samas vaikne, pritsmevaba ja t\u00f5hus veekeeris, mis puhastab p\u00f5hjalikult iga nurga. Loputusvee kogus on 4,5 \/ 3 liitrit.<\/p>\n<p>Innovaatiline GROHE HyperClean glasuur tagab maksimaalse h\u00fcgieeni, kuna WC-poti \u00fclisile pind t\u00f5rjub enam kui 99% teadaolevatest bakteritest. Lisaks \u00fchendab WC-poti nutikas vorm kausi ja sifooni sujuvalt, ilma nurkadeta, tagades veelgi parema puhtuse.<\/p>\n<p>Vastupidavast Duroplastist valmistatud prill-kaas on h\u00f5lpsasti eemaldatav \u2013 WC-pott on varustatud kiire vabastusega hingedega, mis on valmistatud tugevast roostevabast terasest. SoftClose-funktsioon tagab, et kaas ja prill liiguvad aeglaselt ja vaikselt, v\u00e4ltides paugutamist ning n\u00e4ppude vahele j\u00e4\u00e4mist.<\/p>\n<p>Stiilne ja mitmek\u00fclgne Euro Ceramic kollektsioon sobib ideaalselt kokku Eurosmart, Eurosmart Cosmopolitan ja Cubeo segistitega, luues visuaalselt harmoonilise vannitoa. Valides GROHE keraamika, naudid nii GROHE erakordset sanitaartehnikaalast asjatundlikkust kui ka LIXILi \u2013 pinnatehnoloogia juhtiva kaubam\u00e4rgi \u2013 enam kui 100-aastast tehnilist kogemust.<\/p>\n<p>GROHE Euro Ceramic \u2013 uued ja p\u00f5nevad standardid kaasaegses vannitoakujunduses!<\/p>\n\t\t<\/div>\n\t\t\t\t\t<\/div>\n\n\t\n\n\t<div id=\"col-254838113\" class=\"col medium-3 small-12 large-3\"  >\n\t\t\t\t<div class=\"col-inner\"  >\n\t\t\t\n\t\t\t\n\t<div id=\"gap-166191836\" class=\"gap-element clearfix\" style=\"display:block; height:auto;\">\n\t\t\n<style>\n#gap-166191836 {\n  padding-top: 30px;\n}\n<\/style>\n\t<\/div>\n\t\n<div class=\"is-divider divider clearfix\" ><\/div>\n<p><strong>\u00dcksikasjalikuma n\u00f5u saamiseks v\u00f5tke \u00fchendust:<br \/><\/strong>Grohe AG Eesti filiaal<br \/>Tartu mnt 16<br \/>10117<br \/>Tallinn<br \/>+372 6616354<\/p>\n<div class=\"is-divider divider clearfix\" ><\/div>\n\t\t<\/div>\n\t\t\t\t\t<\/div>\n\n\t\n<\/div>\n","protected":false},"excerpt":{"rendered":"","protected":false},"featured_media":264496,"comment_status":"closed","ping_status":"closed","template":"","meta":[],"product_brand":[],"product_cat":[2819,2820,2839,2841],"product_tag":[],"class_list":{"0":"post-264463","1":"product","2":"type-product","3":"status-publish","4":"has-post-thumbnail","6":"product_cat-sanitaartehnika","7":"product_cat-sanitaartehnika-sanitaartehnika","8":"product_cat-wc-potid","9":"product_cat-wc-potid-tahavooluga","10":"pa_kaubamark-grohe-a-g","12":"first","13":"instock","14":"sale","15":"taxable","16":"shipping-taxable","17":"purchasable","18":"product-type-simple"},"yoast_head":"<!-- This site is optimized with the Yoast SEO plugin v26.9 - https:\/\/yoast.com\/product\/yoast-seo-wordpress\/ -->\n<title>SEINAPEALNE WC-POTT GROHE EURO CERAMIC + VAIKSELT SULGUV ISTE - Espak E-pood<\/title>\n<meta name=\"robots\" content=\"index, follow, max-snippet:-1, max-image-preview:large, max-video-preview:-1\" \/>\n<link rel=\"canonical\" href=\"https:\/\/espak.ee\/epood\/toode\/seinapealne-wc-pott-grohe-euro-ceramic-vaikselt-sulguv-iste\/\" \/>\n<meta property=\"og:locale\" content=\"et_EE\" \/>\n<meta property=\"og:type\" content=\"article\" \/>\n<meta property=\"og:title\" content=\"SEINAPEALNE WC-POTT GROHE EURO CERAMIC + VAIKSELT SULGUV ISTE - Espak E-pood\" \/>\n<meta property=\"og:url\" content=\"https:\/\/espak.ee\/epood\/toode\/seinapealne-wc-pott-grohe-euro-ceramic-vaikselt-sulguv-iste\/\" \/>\n<meta property=\"og:site_name\" content=\"Espak E-pood\" \/>\n<meta property=\"article:modified_time\" content=\"2026-03-10T20:18:43+00:00\" \/>\n<meta property=\"og:image\" content=\"https:\/\/espak.ee\/epood\/wp-content\/uploads\/2026\/02\/102510SH00_1_1.jpg\" \/>\n\t<meta property=\"og:image:width\" content=\"1000\" \/>\n\t<meta property=\"og:image:height\" content=\"1000\" \/>\n\t<meta property=\"og:image:type\" content=\"image\/jpeg\" \/>\n<meta name=\"twitter:card\" content=\"summary_large_image\" \/>\n<meta name=\"twitter:label1\" content=\"Est. reading time\" \/>\n\t<meta name=\"twitter:data1\" content=\"1 minut\" \/>\n<script type=\"application\/ld+json\" class=\"yoast-schema-graph\">{\"@context\":\"https:\/\/schema.org\",\"@graph\":[{\"@type\":\"WebPage\",\"@id\":\"https:\/\/espak.ee\/epood\/toode\/seinapealne-wc-pott-grohe-euro-ceramic-vaikselt-sulguv-iste\/\",\"url\":\"https:\/\/espak.ee\/epood\/toode\/seinapealne-wc-pott-grohe-euro-ceramic-vaikselt-sulguv-iste\/\",\"name\":\"SEINAPEALNE WC-POTT GROHE EURO CERAMIC + VAIKSELT SULGUV ISTE - Espak E-pood\",\"isPartOf\":{\"@id\":\"https:\/\/espak.ee\/epood\/#website\"},\"primaryImageOfPage\":{\"@id\":\"https:\/\/espak.ee\/epood\/toode\/seinapealne-wc-pott-grohe-euro-ceramic-vaikselt-sulguv-iste\/#primaryimage\"},\"image\":{\"@id\":\"https:\/\/espak.ee\/epood\/toode\/seinapealne-wc-pott-grohe-euro-ceramic-vaikselt-sulguv-iste\/#primaryimage\"},\"thumbnailUrl\":\"https:\/\/espak.ee\/epood\/wp-content\/uploads\/2026\/02\/102510SH00_1_1.jpg\",\"datePublished\":\"2026-02-17T03:05:01+00:00\",\"dateModified\":\"2026-03-10T20:18:43+00:00\",\"breadcrumb\":{\"@id\":\"https:\/\/espak.ee\/epood\/toode\/seinapealne-wc-pott-grohe-euro-ceramic-vaikselt-sulguv-iste\/#breadcrumb\"},\"inLanguage\":\"et\",\"potentialAction\":[{\"@type\":\"ReadAction\",\"target\":[\"https:\/\/espak.ee\/epood\/toode\/seinapealne-wc-pott-grohe-euro-ceramic-vaikselt-sulguv-iste\/\"]}]},{\"@type\":\"ImageObject\",\"inLanguage\":\"et\",\"@id\":\"https:\/\/espak.ee\/epood\/toode\/seinapealne-wc-pott-grohe-euro-ceramic-vaikselt-sulguv-iste\/#primaryimage\",\"url\":\"https:\/\/espak.ee\/epood\/wp-content\/uploads\/2026\/02\/102510SH00_1_1.jpg\",\"contentUrl\":\"https:\/\/espak.ee\/epood\/wp-content\/uploads\/2026\/02\/102510SH00_1_1.jpg\",\"width\":1000,\"height\":1000},{\"@type\":\"BreadcrumbList\",\"@id\":\"https:\/\/espak.ee\/epood\/toode\/seinapealne-wc-pott-grohe-euro-ceramic-vaikselt-sulguv-iste\/#breadcrumb\",\"itemListElement\":[{\"@type\":\"ListItem\",\"position\":1,\"name\":\"Home\",\"item\":\"https:\/\/espak.ee\/epood\/\"},{\"@type\":\"ListItem\",\"position\":2,\"name\":\"Tootevalik\",\"item\":\"https:\/\/espak.ee\/epood\/tootevalik\/\"},{\"@type\":\"ListItem\",\"position\":3,\"name\":\"SEINAPEALNE WC-POTT GROHE EURO CERAMIC + VAIKSELT SULGUV ISTE\"}]},{\"@type\":\"WebSite\",\"@id\":\"https:\/\/espak.ee\/epood\/#website\",\"url\":\"https:\/\/espak.ee\/epood\/\",\"name\":\"Espak E-pood\",\"description\":\"\",\"potentialAction\":[{\"@type\":\"SearchAction\",\"target\":{\"@type\":\"EntryPoint\",\"urlTemplate\":\"https:\/\/espak.ee\/epood\/?s={search_term_string}\"},\"query-input\":{\"@type\":\"PropertyValueSpecification\",\"valueRequired\":true,\"valueName\":\"search_term_string\"}}],\"inLanguage\":\"et\"}]}<\/script>\n<!-- \/ Yoast SEO plugin. -->","yoast_head_json":{"title":"SEINAPEALNE WC-POTT GROHE EURO CERAMIC + VAIKSELT SULGUV ISTE - Espak E-pood","robots":{"index":"index","follow":"follow","max-snippet":"max-snippet:-1","max-image-preview":"max-image-preview:large","max-video-preview":"max-video-preview:-1"},"canonical":"https:\/\/espak.ee\/epood\/toode\/seinapealne-wc-pott-grohe-euro-ceramic-vaikselt-sulguv-iste\/","og_locale":"et_EE","og_type":"article","og_title":"SEINAPEALNE WC-POTT GROHE EURO CERAMIC + VAIKSELT SULGUV ISTE - Espak E-pood","og_url":"https:\/\/espak.ee\/epood\/toode\/seinapealne-wc-pott-grohe-euro-ceramic-vaikselt-sulguv-iste\/","og_site_name":"Espak E-pood","article_modified_time":"2026-03-10T20:18:43+00:00","og_image":[{"width":1000,"height":1000,"url":"https:\/\/espak.ee\/epood\/wp-content\/uploads\/2026\/02\/102510SH00_1_1.jpg","type":"image\/jpeg"}],"twitter_card":"summary_large_image","twitter_misc":{"Est. reading time":"1 minut"},"schema":{"@context":"https:\/\/schema.org","@graph":[{"@type":"WebPage","@id":"https:\/\/espak.ee\/epood\/toode\/seinapealne-wc-pott-grohe-euro-ceramic-vaikselt-sulguv-iste\/","url":"https:\/\/espak.ee\/epood\/toode\/seinapealne-wc-pott-grohe-euro-ceramic-vaikselt-sulguv-iste\/","name":"SEINAPEALNE WC-POTT GROHE EURO CERAMIC + VAIKSELT SULGUV ISTE - Espak E-pood","isPartOf":{"@id":"https:\/\/espak.ee\/epood\/#website"},"primaryImageOfPage":{"@id":"https:\/\/espak.ee\/epood\/toode\/seinapealne-wc-pott-grohe-euro-ceramic-vaikselt-sulguv-iste\/#primaryimage"},"image":{"@id":"https:\/\/espak.ee\/epood\/toode\/seinapealne-wc-pott-grohe-euro-ceramic-vaikselt-sulguv-iste\/#primaryimage"},"thumbnailUrl":"https:\/\/espak.ee\/epood\/wp-content\/uploads\/2026\/02\/102510SH00_1_1.jpg","datePublished":"2026-02-17T03:05:01+00:00","dateModified":"2026-03-10T20:18:43+00:00","breadcrumb":{"@id":"https:\/\/espak.ee\/epood\/toode\/seinapealne-wc-pott-grohe-euro-ceramic-vaikselt-sulguv-iste\/#breadcrumb"},"inLanguage":"et","potentialAction":[{"@type":"ReadAction","target":["https:\/\/espak.ee\/epood\/toode\/seinapealne-wc-pott-grohe-euro-ceramic-vaikselt-sulguv-iste\/"]}]},{"@type":"ImageObject","inLanguage":"et","@id":"https:\/\/espak.ee\/epood\/toode\/seinapealne-wc-pott-grohe-euro-ceramic-vaikselt-sulguv-iste\/#primaryimage","url":"https:\/\/espak.ee\/epood\/wp-content\/uploads\/2026\/02\/102510SH00_1_1.jpg","contentUrl":"https:\/\/espak.ee\/epood\/wp-content\/uploads\/2026\/02\/102510SH00_1_1.jpg","width":1000,"height":1000},{"@type":"BreadcrumbList","@id":"https:\/\/espak.ee\/epood\/toode\/seinapealne-wc-pott-grohe-euro-ceramic-vaikselt-sulguv-iste\/#breadcrumb","itemListElement":[{"@type":"ListItem","position":1,"name":"Home","item":"https:\/\/espak.ee\/epood\/"},{"@type":"ListItem","position":2,"name":"Tootevalik","item":"https:\/\/espak.ee\/epood\/tootevalik\/"},{"@type":"ListItem","position":3,"name":"SEINAPEALNE WC-POTT GROHE EURO CERAMIC + VAIKSELT SULGUV ISTE"}]},{"@type":"WebSite","@id":"https:\/\/espak.ee\/epood\/#website","url":"https:\/\/espak.ee\/epood\/","name":"Espak E-pood","description":"","potentialAction":[{"@type":"SearchAction","target":{"@type":"EntryPoint","urlTemplate":"https:\/\/espak.ee\/epood\/?s={search_term_string}"},"query-input":{"@type":"PropertyValueSpecification","valueRequired":true,"valueName":"search_term_string"}}],"inLanguage":"et"}]}},"_links":{"self":[{"href":"https:\/\/espak.ee\/epood\/wp-json\/wp\/v2\/product\/264463","targetHints":{"allow":["GET"]}}],"collection":[{"href":"https:\/\/espak.ee\/epood\/wp-json\/wp\/v2\/product"}],"about":[{"href":"https:\/\/espak.ee\/epood\/wp-json\/wp\/v2\/types\/product"}],"replies":[{"embeddable":true,"href":"https:\/\/espak.ee\/epood\/wp-json\/wp\/v2\/comments?post=264463"}],"wp:featuredmedia":[{"embeddable":true,"href":"https:\/\/espak.ee\/epood\/wp-json\/wp\/v2\/media\/264496"}],"wp:attachment":[{"href":"https:\/\/espak.ee\/epood\/wp-json\/wp\/v2\/media?parent=264463"}],"wp:term":[{"taxonomy":"product_brand","embeddable":true,"href":"https:\/\/espak.ee\/epood\/wp-json\/wp\/v2\/product_brand?post=264463"},{"taxonomy":"product_cat","embeddable":true,"href":"https:\/\/espak.ee\/epood\/wp-json\/wp\/v2\/product_cat?post=264463"},{"taxonomy":"product_tag","embeddable":true,"href":"https:\/\/espak.ee\/epood\/wp-json\/wp\/v2\/product_tag?post=264463"}],"curies":[{"name":"wp","href":"https:\/\/api.w.org\/{rel}","templated":true}]}}