{"id":264291,"date":"2026-02-14T05:10:03","date_gmt":"2026-02-14T03:10:03","guid":{"rendered":"https:\/\/espak.ee\/epood\/?post_type=product&#038;p=264291"},"modified":"2026-02-16T09:18:50","modified_gmt":"2026-02-16T07:18:50","slug":"joogivee-filtrisusteem-aquaphor-duo-hf-pro","status":"publish","type":"product","link":"https:\/\/espak.ee\/epood\/toode\/joogivee-filtrisusteem-aquaphor-duo-hf-pro\/","title":{"rendered":"JOOGIVEE FILTRIS\u00dcSTEEM AQUAPHOR DUO HF PRO"},"content":{"rendered":"<div class=\"row\"  id=\"row-1315736843\">\n\n\t<div id=\"col-391641937\" class=\"col medium-9 small-12 large-9\"  >\n\t\t\t\t<div class=\"col-inner\"  >\n\t\t\t\n\t\t\t\n<h2>Joogivee filtris\u00fcsteem Aquaphor DUO HF PRO<\/h2>\n<p>Aquaphor Duo HF Pro filter sisaldab uuenduslikku kaks-\u00fches eelpuhastusfiltrit Pro 1 s\u00fcvafiltreerimiseks ning \u00f5\u00f5neskiudmembraani moodulis Pro HF tagamaks t\u00f5hustatud antibakteriaalset kaitset.<\/p>\n<p>Vahetusfilter Pro 1 \u00fchendab endas mehaanilise ja sorptsioonfiltreerimise. T\u00e4nu CarbFiber-plokk-tehnoloogiale ja suuremale Aqualen\u2122 ioonvahetuskiudude sisaldusele v\u00e4hendab see t\u00f5husalt raua, raskmetallide, pestitsiidide, fenoolide ja kloori sisaldust. Filtrielemendi astmeline struktuur suurendab mustuse sidumise v\u00f5imet, eemaldab kuni 3-mikronised osakesed ja pikendab j\u00e4rgnevate filtreerimisetappide eluiga.<\/p>\n<p>Pro HF vahetusfilter on varustatud tiheda \u00f5\u00f5neskiudmembraaniga, mis eemaldab \u00fcle 0,1-mikronised osakesed ja pakub usaldusv\u00e4\u00e4rset kaitset kloorikindlate bakterite eest, mis v\u00f5ivad kraanivees esineda. See moodustab mehaanilise barj\u00e4\u00e4ri mikropooridega, peatades bakterid ja ts\u00fcstid ilma keemilisi bakteritsiide kasutamata.<\/p>\n<p>Duo HF Pro on t\u00e4iustatud kaheastmeline veefiltreerimiss\u00fcsteem, mis kaitseb raskmetallide, kloori ja kloorikindlate bakterite eest.<\/p>\n<p>Aquaphori veefiltrites kasutatavad materjalid vastavad \u00fclemaailmsetele \u201cFood Grade\u201d ohutusstandarditele.<\/p>\n<p><strong>Vahetatavad filtrid:<\/strong><br \/>\nPRO1 \u2013 Vahetatav filter joogivee esmaseks puhastamiseks. Eemaldab k\u00f5ik levinud saasteained (sh raskemetallid, kloor) ja tahked osakesed l\u00e4bim\u00f5\u00f5duga \u00fcle 3 \u00b5<\/p>\n<p>PROHF \u2013 Antibakteriaalne vahetatav filter joogivee l\u00f5plikuks puhastamiseks. Eemaldab k\u00f5ik levinud saasteained (sh kloori, plii), bakterid ja tahked osakesed l\u00e4bim\u00f5\u00f5duga \u00fcle 0,1 \u00b5<\/p>\n<p>Eraldi kraan \u2013 uus keraamiline kraanis\u00fcdamik teeb filtri kasutamise \u00e4\u00e4rmiselt lihtsaks.<br \/>\nMoodulite vahetamise lihtsus \u2013 moodulite vahetamine on lihtne ning ei vaja abivahendeid. K\u00f5igi kolme mooduli vahetamine ei v\u00f5ta kokku \u00fcle \u00fche minuti.<\/p>\n\t<div id=\"gap-1720069187\" class=\"gap-element clearfix\" style=\"display:block; height:auto;\">\n\t\t\n<style>\n#gap-1720069187 {\n  padding-top: 30px;\n}\n<\/style>\n\t<\/div>\n\t\n\t\t<\/div>\n\t\t\t\t\t<\/div>\n\n\t\n\n\t<div id=\"col-627561859\" class=\"col medium-3 small-12 large-3\"  >\n\t\t\t\t<div class=\"col-inner\"  >\n\t\t\t\n\t\t\t\n\t<div id=\"gap-1205762694\" class=\"gap-element clearfix\" style=\"display:block; height:auto;\">\n\t\t\n<style>\n#gap-1205762694 {\n  padding-top: 30px;\n}\n<\/style>\n\t<\/div>\n\t\n<div class=\"is-divider divider clearfix\" ><\/div>\n<p><strong>\u00dcksikasjalikuma n\u00f5u saamiseks v\u00f5tke \u00fchendust:<br \/><\/strong>AP&#038;P GRUPI AS<br \/>M\u00e4ealuse 10<br \/>12618<br \/>Tallinn<br \/>+372 6813 590<\/p>\n<div class=\"is-divider divider clearfix\" ><\/div>\n\t\t<\/div>\n\t\t\t\t\t<\/div>\n\n\t\n<\/div>\n","protected":false},"excerpt":{"rendered":"","protected":false},"featured_media":264370,"comment_status":"closed","ping_status":"closed","template":"","meta":[],"product_brand":[],"product_cat":[2819,2820,3249,3248],"product_tag":[],"class_list":{"0":"post-264291","1":"product","2":"type-product","3":"status-publish","4":"has-post-thumbnail","6":"product_cat-sanitaartehnika","7":"product_cat-sanitaartehnika-sanitaartehnika","8":"product_cat-veefiltrid","9":"product_cat-veevarustus","10":"pa_kaubamark-app-grupi-as","12":"first","13":"instock","14":"sale","15":"taxable","16":"shipping-taxable","17":"purchasable","18":"product-type-simple"},"yoast_head":"<!-- This site is optimized with the Yoast SEO plugin v26.9 - https:\/\/yoast.com\/product\/yoast-seo-wordpress\/ -->\n<title>JOOGIVEE FILTRIS\u00dcSTEEM AQUAPHOR DUO HF PRO - Espak E-pood<\/title>\n<meta name=\"robots\" content=\"index, follow, max-snippet:-1, max-image-preview:large, max-video-preview:-1\" \/>\n<link rel=\"canonical\" href=\"https:\/\/espak.ee\/epood\/toode\/joogivee-filtrisusteem-aquaphor-duo-hf-pro\/\" \/>\n<meta property=\"og:locale\" content=\"et_EE\" \/>\n<meta property=\"og:type\" content=\"article\" \/>\n<meta property=\"og:title\" content=\"JOOGIVEE FILTRIS\u00dcSTEEM AQUAPHOR DUO HF PRO - Espak E-pood\" \/>\n<meta property=\"og:url\" content=\"https:\/\/espak.ee\/epood\/toode\/joogivee-filtrisusteem-aquaphor-duo-hf-pro\/\" \/>\n<meta property=\"og:site_name\" content=\"Espak E-pood\" \/>\n<meta property=\"article:modified_time\" content=\"2026-02-16T07:18:50+00:00\" \/>\n<meta property=\"og:image\" content=\"https:\/\/espak.ee\/epood\/wp-content\/uploads\/2026\/02\/Crystal_DUO_PRO_HF_1_crane_1_SjxFjNS.jpg\" \/>\n\t<meta property=\"og:image:width\" content=\"1000\" \/>\n\t<meta property=\"og:image:height\" content=\"1000\" \/>\n\t<meta property=\"og:image:type\" content=\"image\/jpeg\" \/>\n<meta name=\"twitter:card\" content=\"summary_large_image\" \/>\n<meta name=\"twitter:label1\" content=\"Est. reading time\" \/>\n\t<meta name=\"twitter:data1\" content=\"1 minut\" \/>\n<script type=\"application\/ld+json\" class=\"yoast-schema-graph\">{\"@context\":\"https:\/\/schema.org\",\"@graph\":[{\"@type\":\"WebPage\",\"@id\":\"https:\/\/espak.ee\/epood\/toode\/joogivee-filtrisusteem-aquaphor-duo-hf-pro\/\",\"url\":\"https:\/\/espak.ee\/epood\/toode\/joogivee-filtrisusteem-aquaphor-duo-hf-pro\/\",\"name\":\"JOOGIVEE FILTRIS\u00dcSTEEM AQUAPHOR DUO HF PRO - Espak E-pood\",\"isPartOf\":{\"@id\":\"https:\/\/espak.ee\/epood\/#website\"},\"primaryImageOfPage\":{\"@id\":\"https:\/\/espak.ee\/epood\/toode\/joogivee-filtrisusteem-aquaphor-duo-hf-pro\/#primaryimage\"},\"image\":{\"@id\":\"https:\/\/espak.ee\/epood\/toode\/joogivee-filtrisusteem-aquaphor-duo-hf-pro\/#primaryimage\"},\"thumbnailUrl\":\"https:\/\/espak.ee\/epood\/wp-content\/uploads\/2026\/02\/Crystal_DUO_PRO_HF_1_crane_1_SjxFjNS.jpg\",\"datePublished\":\"2026-02-14T03:10:03+00:00\",\"dateModified\":\"2026-02-16T07:18:50+00:00\",\"breadcrumb\":{\"@id\":\"https:\/\/espak.ee\/epood\/toode\/joogivee-filtrisusteem-aquaphor-duo-hf-pro\/#breadcrumb\"},\"inLanguage\":\"et\",\"potentialAction\":[{\"@type\":\"ReadAction\",\"target\":[\"https:\/\/espak.ee\/epood\/toode\/joogivee-filtrisusteem-aquaphor-duo-hf-pro\/\"]}]},{\"@type\":\"ImageObject\",\"inLanguage\":\"et\",\"@id\":\"https:\/\/espak.ee\/epood\/toode\/joogivee-filtrisusteem-aquaphor-duo-hf-pro\/#primaryimage\",\"url\":\"https:\/\/espak.ee\/epood\/wp-content\/uploads\/2026\/02\/Crystal_DUO_PRO_HF_1_crane_1_SjxFjNS.jpg\",\"contentUrl\":\"https:\/\/espak.ee\/epood\/wp-content\/uploads\/2026\/02\/Crystal_DUO_PRO_HF_1_crane_1_SjxFjNS.jpg\",\"width\":1000,\"height\":1000},{\"@type\":\"BreadcrumbList\",\"@id\":\"https:\/\/espak.ee\/epood\/toode\/joogivee-filtrisusteem-aquaphor-duo-hf-pro\/#breadcrumb\",\"itemListElement\":[{\"@type\":\"ListItem\",\"position\":1,\"name\":\"Home\",\"item\":\"https:\/\/espak.ee\/epood\/\"},{\"@type\":\"ListItem\",\"position\":2,\"name\":\"Tootevalik\",\"item\":\"https:\/\/espak.ee\/epood\/tootevalik\/\"},{\"@type\":\"ListItem\",\"position\":3,\"name\":\"JOOGIVEE FILTRIS\u00dcSTEEM AQUAPHOR DUO HF PRO\"}]},{\"@type\":\"WebSite\",\"@id\":\"https:\/\/espak.ee\/epood\/#website\",\"url\":\"https:\/\/espak.ee\/epood\/\",\"name\":\"Espak E-pood\",\"description\":\"\",\"potentialAction\":[{\"@type\":\"SearchAction\",\"target\":{\"@type\":\"EntryPoint\",\"urlTemplate\":\"https:\/\/espak.ee\/epood\/?s={search_term_string}\"},\"query-input\":{\"@type\":\"PropertyValueSpecification\",\"valueRequired\":true,\"valueName\":\"search_term_string\"}}],\"inLanguage\":\"et\"}]}<\/script>\n<!-- \/ Yoast SEO plugin. -->","yoast_head_json":{"title":"JOOGIVEE FILTRIS\u00dcSTEEM AQUAPHOR DUO HF PRO - Espak E-pood","robots":{"index":"index","follow":"follow","max-snippet":"max-snippet:-1","max-image-preview":"max-image-preview:large","max-video-preview":"max-video-preview:-1"},"canonical":"https:\/\/espak.ee\/epood\/toode\/joogivee-filtrisusteem-aquaphor-duo-hf-pro\/","og_locale":"et_EE","og_type":"article","og_title":"JOOGIVEE FILTRIS\u00dcSTEEM AQUAPHOR DUO HF PRO - Espak E-pood","og_url":"https:\/\/espak.ee\/epood\/toode\/joogivee-filtrisusteem-aquaphor-duo-hf-pro\/","og_site_name":"Espak E-pood","article_modified_time":"2026-02-16T07:18:50+00:00","og_image":[{"width":1000,"height":1000,"url":"https:\/\/espak.ee\/epood\/wp-content\/uploads\/2026\/02\/Crystal_DUO_PRO_HF_1_crane_1_SjxFjNS.jpg","type":"image\/jpeg"}],"twitter_card":"summary_large_image","twitter_misc":{"Est. reading time":"1 minut"},"schema":{"@context":"https:\/\/schema.org","@graph":[{"@type":"WebPage","@id":"https:\/\/espak.ee\/epood\/toode\/joogivee-filtrisusteem-aquaphor-duo-hf-pro\/","url":"https:\/\/espak.ee\/epood\/toode\/joogivee-filtrisusteem-aquaphor-duo-hf-pro\/","name":"JOOGIVEE FILTRIS\u00dcSTEEM AQUAPHOR DUO HF PRO - Espak E-pood","isPartOf":{"@id":"https:\/\/espak.ee\/epood\/#website"},"primaryImageOfPage":{"@id":"https:\/\/espak.ee\/epood\/toode\/joogivee-filtrisusteem-aquaphor-duo-hf-pro\/#primaryimage"},"image":{"@id":"https:\/\/espak.ee\/epood\/toode\/joogivee-filtrisusteem-aquaphor-duo-hf-pro\/#primaryimage"},"thumbnailUrl":"https:\/\/espak.ee\/epood\/wp-content\/uploads\/2026\/02\/Crystal_DUO_PRO_HF_1_crane_1_SjxFjNS.jpg","datePublished":"2026-02-14T03:10:03+00:00","dateModified":"2026-02-16T07:18:50+00:00","breadcrumb":{"@id":"https:\/\/espak.ee\/epood\/toode\/joogivee-filtrisusteem-aquaphor-duo-hf-pro\/#breadcrumb"},"inLanguage":"et","potentialAction":[{"@type":"ReadAction","target":["https:\/\/espak.ee\/epood\/toode\/joogivee-filtrisusteem-aquaphor-duo-hf-pro\/"]}]},{"@type":"ImageObject","inLanguage":"et","@id":"https:\/\/espak.ee\/epood\/toode\/joogivee-filtrisusteem-aquaphor-duo-hf-pro\/#primaryimage","url":"https:\/\/espak.ee\/epood\/wp-content\/uploads\/2026\/02\/Crystal_DUO_PRO_HF_1_crane_1_SjxFjNS.jpg","contentUrl":"https:\/\/espak.ee\/epood\/wp-content\/uploads\/2026\/02\/Crystal_DUO_PRO_HF_1_crane_1_SjxFjNS.jpg","width":1000,"height":1000},{"@type":"BreadcrumbList","@id":"https:\/\/espak.ee\/epood\/toode\/joogivee-filtrisusteem-aquaphor-duo-hf-pro\/#breadcrumb","itemListElement":[{"@type":"ListItem","position":1,"name":"Home","item":"https:\/\/espak.ee\/epood\/"},{"@type":"ListItem","position":2,"name":"Tootevalik","item":"https:\/\/espak.ee\/epood\/tootevalik\/"},{"@type":"ListItem","position":3,"name":"JOOGIVEE FILTRIS\u00dcSTEEM AQUAPHOR DUO HF PRO"}]},{"@type":"WebSite","@id":"https:\/\/espak.ee\/epood\/#website","url":"https:\/\/espak.ee\/epood\/","name":"Espak E-pood","description":"","potentialAction":[{"@type":"SearchAction","target":{"@type":"EntryPoint","urlTemplate":"https:\/\/espak.ee\/epood\/?s={search_term_string}"},"query-input":{"@type":"PropertyValueSpecification","valueRequired":true,"valueName":"search_term_string"}}],"inLanguage":"et"}]}},"_links":{"self":[{"href":"https:\/\/espak.ee\/epood\/wp-json\/wp\/v2\/product\/264291","targetHints":{"allow":["GET"]}}],"collection":[{"href":"https:\/\/espak.ee\/epood\/wp-json\/wp\/v2\/product"}],"about":[{"href":"https:\/\/espak.ee\/epood\/wp-json\/wp\/v2\/types\/product"}],"replies":[{"embeddable":true,"href":"https:\/\/espak.ee\/epood\/wp-json\/wp\/v2\/comments?post=264291"}],"wp:featuredmedia":[{"embeddable":true,"href":"https:\/\/espak.ee\/epood\/wp-json\/wp\/v2\/media\/264370"}],"wp:attachment":[{"href":"https:\/\/espak.ee\/epood\/wp-json\/wp\/v2\/media?parent=264291"}],"wp:term":[{"taxonomy":"product_brand","embeddable":true,"href":"https:\/\/espak.ee\/epood\/wp-json\/wp\/v2\/product_brand?post=264291"},{"taxonomy":"product_cat","embeddable":true,"href":"https:\/\/espak.ee\/epood\/wp-json\/wp\/v2\/product_cat?post=264291"},{"taxonomy":"product_tag","embeddable":true,"href":"https:\/\/espak.ee\/epood\/wp-json\/wp\/v2\/product_tag?post=264291"}],"curies":[{"name":"wp","href":"https:\/\/api.w.org\/{rel}","templated":true}]}}