{"id":264199,"date":"2026-02-13T05:10:02","date_gmt":"2026-02-13T03:10:02","guid":{"rendered":"https:\/\/espak.ee\/epood\/?post_type=product&#038;p=264199"},"modified":"2026-03-05T16:11:12","modified_gmt":"2026-03-05T14:11:12","slug":"joogivee-filtrisusteem-aquaphor-eco-pro","status":"publish","type":"product","link":"https:\/\/espak.ee\/epood\/toode\/joogivee-filtrisusteem-aquaphor-eco-pro\/","title":{"rendered":"JOOGIVEE FILTRIS\u00dcSTEEM AQUAPHOR ECO PRO"},"content":{"rendered":"<div class=\"row\"  id=\"row-2129600072\">\n\n\t<div id=\"col-475054569\" class=\"col medium-9 small-12 large-9\"  >\n\t\t\t\t<div class=\"col-inner\"  >\n\t\t\t\n\t\t\t\n<h2>Joogivee filtris\u00fcsteem Aquaphor ECO PRO<\/h2>\n<p>ECO Pro filter sisaldab uuenduslikku 2-in-1 vahetusfiltrit Pro 1, presss\u00f6e vahetusfiltrit Pro 2 s\u00fcvafiltreerimiseks ja \u00f5\u00f5neskiudmembraani Pro HF, mis on t\u00e4iustatud antibakteriaalse kaitse tagamiseks kloorile ja keetmisele vastupidavate bakterite vastu. Pro seeria vahetusfilter on tipptasemel lahendus kvaliteetseks vee filtreerimiseks.<br \/>\nFilter v\u00e4hendab kraanivees esinevaid saasteaineid, sealhulgas kloori, orgaanilisi \u00fchendeid, raskemetalle ja baktereid.<br \/>\nKvaliteetsete sorbentide segu, sealhulgas patenteeritud AQUALEN tehnoloogia, v\u00f5imaldab filtril saasteaineid t\u00f5husalt eemalda. Olles h\u00fcdrofiilne mikrokiud, aitab AQUALEN veel levida l\u00e4bi kogu filtreerimisvahendi pinna, nii et filtreerimine muutub kiiremaks ja paremaks.<br \/>\n\u00d5\u00f5neskiu tehnoloogia tagab \u00fclit\u00f5husa antibakteriaalse barj\u00e4\u00e4ri kuni 0,01\u00b5 suuruste osakeste vastu. Puhastatud vesi on t\u00e4iesti ohutu, kuna see ei sisalda keemilisi lisandeid.<\/p>\n<div class=\"is-divider divider clearfix\" ><\/div>\nVastupidav lekkekindel korpus \u2013 korpus on konstrueeritud taluma suurt veesurvet ja v\u00e4ltima juhuslikke lekkeid. Moodulite vahetamine on lihtne, kuid need on siiski kaitstud tahtmatu eemaldamise eest.<\/p>\n<p>Piiramatu juurdep\u00e4\u00e4s v\u00e4rskele joogiveele \u2013 Puhas vesi kiirelt: otse kraanist tuleb 2,5 liitrit v\u00e4rskelt filtreeritud vett minutis. Nii et kuni 10000-liitrise filtrikomplektiga on kogu su perekond v\u00e4rske veega kenasti varustatud.<\/p>\n<p><strong>Vahetatavad filtrid:<\/strong><br \/>\nPRO1 \u2013 Vahetatav filter joogivee esmaseks puhastamiseks. Eemaldab k\u00f5ik levinud saasteained (sh raskemetallid, kloor) ja tahked osakesed l\u00e4bim\u00f5\u00f5duga \u00fcle 3 \u00b5<br \/>\nPRO2 \u2013Peenfiltreerimine. Filter eemaldab k\u00f5ige v\u00e4iksemad aktiivkloori, raskmetallide ja orgaaniliste \u00fchendite kahjulikud lisandid l\u00e4bim\u00f5\u00f5duga \u00fcle 2 \u00b5<br \/>\nPROHF \u2013 Antibakteriaalne vahetatav filter joogivee l\u00f5plikuks puhastamiseks. Eemaldab k\u00f5ik levinud saasteained (sh kloori, plii), bakterid ja tahked osakesed l\u00e4bim\u00f5\u00f5duga \u00fcle 0,1 \u00b5<\/p>\n<p>Eraldi kraan \u2013 uus keraamiline kraanis\u00fcdamik teeb filtri kasutamise \u00e4\u00e4rmiselt lihtsaks.<br \/>\nMoodulite vahetamise lihtsus \u2013 moodulite vahetamine on lihtne ning ei vaja abivahendeid. K\u00f5igi kolme mooduli vahetamine ei v\u00f5ta kokku \u00fcle \u00fche minuti.<\/p>\n\t<div id=\"gap-531688283\" class=\"gap-element clearfix\" style=\"display:block; height:auto;\">\n\t\t\n<style>\n#gap-531688283 {\n  padding-top: 30px;\n}\n<\/style>\n\t<\/div>\n\t\n\t\t<\/div>\n\t\t\t\t\t<\/div>\n\n\t\n\n\t<div id=\"col-75810051\" class=\"col medium-3 small-12 large-3\"  >\n\t\t\t\t<div class=\"col-inner\"  >\n\t\t\t\n\t\t\t\n\t<div id=\"gap-669993946\" class=\"gap-element clearfix\" style=\"display:block; height:auto;\">\n\t\t\n<style>\n#gap-669993946 {\n  padding-top: 30px;\n}\n<\/style>\n\t<\/div>\n\t\n<h3>Kasutusjuhend<\/h3>\n<p><a href=\"https:\/\/espak.ee\/epood\/wp-content\/uploads\/2026\/02\/Crystal-ECO-juhend.pdf\"target=\"_blank\" rel=\"noopener noreferrer\"><i class=\"far fa-file-pdf\"><\/i> Kasutusjuhend (PDF)<\/a><\/p>\n<div class=\"is-divider divider clearfix\" ><\/div>\n<p><strong>\u00dcksikasjalikuma n\u00f5u saamiseks v\u00f5tke \u00fchendust:<br \/><\/strong>AP&#038;P GRUPI AS<br \/>M\u00e4ealuse 10<br \/>12618<br \/>Tallinn<br \/>+372 6813 590<\/p>\n<div class=\"is-divider divider clearfix\" ><\/div>\n\t\t<\/div>\n\t\t\t\t\t<\/div>\n\n\t\n<\/div>\n","protected":false},"excerpt":{"rendered":"","protected":false},"featured_media":264219,"comment_status":"closed","ping_status":"closed","template":"","meta":[],"product_brand":[],"product_cat":[2819,2820,3249,3248],"product_tag":[],"class_list":{"0":"post-264199","1":"product","2":"type-product","3":"status-publish","4":"has-post-thumbnail","6":"product_cat-sanitaartehnika","7":"product_cat-sanitaartehnika-sanitaartehnika","8":"product_cat-veefiltrid","9":"product_cat-veevarustus","10":"pa_kaubamark-app-grupi-as","12":"first","13":"instock","14":"sale","15":"taxable","16":"shipping-taxable","17":"purchasable","18":"product-type-simple"},"yoast_head":"<!-- This site is optimized with the Yoast SEO plugin v26.9 - https:\/\/yoast.com\/product\/yoast-seo-wordpress\/ -->\n<title>JOOGIVEE FILTRIS\u00dcSTEEM AQUAPHOR ECO PRO - Espak E-pood<\/title>\n<meta name=\"robots\" content=\"index, follow, max-snippet:-1, max-image-preview:large, max-video-preview:-1\" \/>\n<link rel=\"canonical\" href=\"https:\/\/espak.ee\/epood\/toode\/joogivee-filtrisusteem-aquaphor-eco-pro\/\" \/>\n<meta property=\"og:locale\" content=\"et_EE\" \/>\n<meta property=\"og:type\" content=\"article\" \/>\n<meta property=\"og:title\" content=\"JOOGIVEE FILTRIS\u00dcSTEEM AQUAPHOR ECO PRO - Espak E-pood\" \/>\n<meta property=\"og:url\" content=\"https:\/\/espak.ee\/epood\/toode\/joogivee-filtrisusteem-aquaphor-eco-pro\/\" \/>\n<meta property=\"og:site_name\" content=\"Espak E-pood\" \/>\n<meta property=\"article:modified_time\" content=\"2026-03-05T14:11:12+00:00\" \/>\n<meta property=\"og:image\" content=\"https:\/\/espak.ee\/epood\/wp-content\/uploads\/2026\/02\/ECO_PRO_1_1000.jpg\" \/>\n\t<meta property=\"og:image:width\" content=\"1000\" \/>\n\t<meta property=\"og:image:height\" content=\"1000\" \/>\n\t<meta property=\"og:image:type\" content=\"image\/jpeg\" \/>\n<meta name=\"twitter:card\" content=\"summary_large_image\" \/>\n<meta name=\"twitter:label1\" content=\"Est. reading time\" \/>\n\t<meta name=\"twitter:data1\" content=\"2 minutit\" \/>\n<script type=\"application\/ld+json\" class=\"yoast-schema-graph\">{\"@context\":\"https:\/\/schema.org\",\"@graph\":[{\"@type\":\"WebPage\",\"@id\":\"https:\/\/espak.ee\/epood\/toode\/joogivee-filtrisusteem-aquaphor-eco-pro\/\",\"url\":\"https:\/\/espak.ee\/epood\/toode\/joogivee-filtrisusteem-aquaphor-eco-pro\/\",\"name\":\"JOOGIVEE FILTRIS\u00dcSTEEM AQUAPHOR ECO PRO - Espak E-pood\",\"isPartOf\":{\"@id\":\"https:\/\/espak.ee\/epood\/#website\"},\"primaryImageOfPage\":{\"@id\":\"https:\/\/espak.ee\/epood\/toode\/joogivee-filtrisusteem-aquaphor-eco-pro\/#primaryimage\"},\"image\":{\"@id\":\"https:\/\/espak.ee\/epood\/toode\/joogivee-filtrisusteem-aquaphor-eco-pro\/#primaryimage\"},\"thumbnailUrl\":\"https:\/\/espak.ee\/epood\/wp-content\/uploads\/2026\/02\/ECO_PRO_1_1000.jpg\",\"datePublished\":\"2026-02-13T03:10:02+00:00\",\"dateModified\":\"2026-03-05T14:11:12+00:00\",\"breadcrumb\":{\"@id\":\"https:\/\/espak.ee\/epood\/toode\/joogivee-filtrisusteem-aquaphor-eco-pro\/#breadcrumb\"},\"inLanguage\":\"et\",\"potentialAction\":[{\"@type\":\"ReadAction\",\"target\":[\"https:\/\/espak.ee\/epood\/toode\/joogivee-filtrisusteem-aquaphor-eco-pro\/\"]}]},{\"@type\":\"ImageObject\",\"inLanguage\":\"et\",\"@id\":\"https:\/\/espak.ee\/epood\/toode\/joogivee-filtrisusteem-aquaphor-eco-pro\/#primaryimage\",\"url\":\"https:\/\/espak.ee\/epood\/wp-content\/uploads\/2026\/02\/ECO_PRO_1_1000.jpg\",\"contentUrl\":\"https:\/\/espak.ee\/epood\/wp-content\/uploads\/2026\/02\/ECO_PRO_1_1000.jpg\",\"width\":1000,\"height\":1000},{\"@type\":\"BreadcrumbList\",\"@id\":\"https:\/\/espak.ee\/epood\/toode\/joogivee-filtrisusteem-aquaphor-eco-pro\/#breadcrumb\",\"itemListElement\":[{\"@type\":\"ListItem\",\"position\":1,\"name\":\"Home\",\"item\":\"https:\/\/espak.ee\/epood\/\"},{\"@type\":\"ListItem\",\"position\":2,\"name\":\"Tootevalik\",\"item\":\"https:\/\/espak.ee\/epood\/tootevalik\/\"},{\"@type\":\"ListItem\",\"position\":3,\"name\":\"JOOGIVEE FILTRIS\u00dcSTEEM AQUAPHOR ECO PRO\"}]},{\"@type\":\"WebSite\",\"@id\":\"https:\/\/espak.ee\/epood\/#website\",\"url\":\"https:\/\/espak.ee\/epood\/\",\"name\":\"Espak E-pood\",\"description\":\"\",\"potentialAction\":[{\"@type\":\"SearchAction\",\"target\":{\"@type\":\"EntryPoint\",\"urlTemplate\":\"https:\/\/espak.ee\/epood\/?s={search_term_string}\"},\"query-input\":{\"@type\":\"PropertyValueSpecification\",\"valueRequired\":true,\"valueName\":\"search_term_string\"}}],\"inLanguage\":\"et\"}]}<\/script>\n<!-- \/ Yoast SEO plugin. -->","yoast_head_json":{"title":"JOOGIVEE FILTRIS\u00dcSTEEM AQUAPHOR ECO PRO - Espak E-pood","robots":{"index":"index","follow":"follow","max-snippet":"max-snippet:-1","max-image-preview":"max-image-preview:large","max-video-preview":"max-video-preview:-1"},"canonical":"https:\/\/espak.ee\/epood\/toode\/joogivee-filtrisusteem-aquaphor-eco-pro\/","og_locale":"et_EE","og_type":"article","og_title":"JOOGIVEE FILTRIS\u00dcSTEEM AQUAPHOR ECO PRO - Espak E-pood","og_url":"https:\/\/espak.ee\/epood\/toode\/joogivee-filtrisusteem-aquaphor-eco-pro\/","og_site_name":"Espak E-pood","article_modified_time":"2026-03-05T14:11:12+00:00","og_image":[{"width":1000,"height":1000,"url":"https:\/\/espak.ee\/epood\/wp-content\/uploads\/2026\/02\/ECO_PRO_1_1000.jpg","type":"image\/jpeg"}],"twitter_card":"summary_large_image","twitter_misc":{"Est. reading time":"2 minutit"},"schema":{"@context":"https:\/\/schema.org","@graph":[{"@type":"WebPage","@id":"https:\/\/espak.ee\/epood\/toode\/joogivee-filtrisusteem-aquaphor-eco-pro\/","url":"https:\/\/espak.ee\/epood\/toode\/joogivee-filtrisusteem-aquaphor-eco-pro\/","name":"JOOGIVEE FILTRIS\u00dcSTEEM AQUAPHOR ECO PRO - Espak E-pood","isPartOf":{"@id":"https:\/\/espak.ee\/epood\/#website"},"primaryImageOfPage":{"@id":"https:\/\/espak.ee\/epood\/toode\/joogivee-filtrisusteem-aquaphor-eco-pro\/#primaryimage"},"image":{"@id":"https:\/\/espak.ee\/epood\/toode\/joogivee-filtrisusteem-aquaphor-eco-pro\/#primaryimage"},"thumbnailUrl":"https:\/\/espak.ee\/epood\/wp-content\/uploads\/2026\/02\/ECO_PRO_1_1000.jpg","datePublished":"2026-02-13T03:10:02+00:00","dateModified":"2026-03-05T14:11:12+00:00","breadcrumb":{"@id":"https:\/\/espak.ee\/epood\/toode\/joogivee-filtrisusteem-aquaphor-eco-pro\/#breadcrumb"},"inLanguage":"et","potentialAction":[{"@type":"ReadAction","target":["https:\/\/espak.ee\/epood\/toode\/joogivee-filtrisusteem-aquaphor-eco-pro\/"]}]},{"@type":"ImageObject","inLanguage":"et","@id":"https:\/\/espak.ee\/epood\/toode\/joogivee-filtrisusteem-aquaphor-eco-pro\/#primaryimage","url":"https:\/\/espak.ee\/epood\/wp-content\/uploads\/2026\/02\/ECO_PRO_1_1000.jpg","contentUrl":"https:\/\/espak.ee\/epood\/wp-content\/uploads\/2026\/02\/ECO_PRO_1_1000.jpg","width":1000,"height":1000},{"@type":"BreadcrumbList","@id":"https:\/\/espak.ee\/epood\/toode\/joogivee-filtrisusteem-aquaphor-eco-pro\/#breadcrumb","itemListElement":[{"@type":"ListItem","position":1,"name":"Home","item":"https:\/\/espak.ee\/epood\/"},{"@type":"ListItem","position":2,"name":"Tootevalik","item":"https:\/\/espak.ee\/epood\/tootevalik\/"},{"@type":"ListItem","position":3,"name":"JOOGIVEE FILTRIS\u00dcSTEEM AQUAPHOR ECO PRO"}]},{"@type":"WebSite","@id":"https:\/\/espak.ee\/epood\/#website","url":"https:\/\/espak.ee\/epood\/","name":"Espak E-pood","description":"","potentialAction":[{"@type":"SearchAction","target":{"@type":"EntryPoint","urlTemplate":"https:\/\/espak.ee\/epood\/?s={search_term_string}"},"query-input":{"@type":"PropertyValueSpecification","valueRequired":true,"valueName":"search_term_string"}}],"inLanguage":"et"}]}},"_links":{"self":[{"href":"https:\/\/espak.ee\/epood\/wp-json\/wp\/v2\/product\/264199","targetHints":{"allow":["GET"]}}],"collection":[{"href":"https:\/\/espak.ee\/epood\/wp-json\/wp\/v2\/product"}],"about":[{"href":"https:\/\/espak.ee\/epood\/wp-json\/wp\/v2\/types\/product"}],"replies":[{"embeddable":true,"href":"https:\/\/espak.ee\/epood\/wp-json\/wp\/v2\/comments?post=264199"}],"wp:featuredmedia":[{"embeddable":true,"href":"https:\/\/espak.ee\/epood\/wp-json\/wp\/v2\/media\/264219"}],"wp:attachment":[{"href":"https:\/\/espak.ee\/epood\/wp-json\/wp\/v2\/media?parent=264199"}],"wp:term":[{"taxonomy":"product_brand","embeddable":true,"href":"https:\/\/espak.ee\/epood\/wp-json\/wp\/v2\/product_brand?post=264199"},{"taxonomy":"product_cat","embeddable":true,"href":"https:\/\/espak.ee\/epood\/wp-json\/wp\/v2\/product_cat?post=264199"},{"taxonomy":"product_tag","embeddable":true,"href":"https:\/\/espak.ee\/epood\/wp-json\/wp\/v2\/product_tag?post=264199"}],"curies":[{"name":"wp","href":"https:\/\/api.w.org\/{rel}","templated":true}]}}