{"id":263709,"date":"2026-02-10T05:10:01","date_gmt":"2026-02-10T03:10:01","guid":{"rendered":"https:\/\/espak.ee\/epood\/?post_type=product&#038;p=263709"},"modified":"2026-02-10T14:57:52","modified_gmt":"2026-02-10T12:57:52","slug":"aiakott-g11715-20-127l-gardena-m","status":"publish","type":"product","link":"https:\/\/espak.ee\/epood\/toode\/aiakott-g11715-20-127l-gardena-m\/","title":{"rendered":"AIAKOTT G11715-20 127L GARDENA M"},"content":{"rendered":"<div class=\"row\"  id=\"row-1036100573\">\n\n\t<div id=\"col-224025665\" class=\"col medium-9 small-12 large-9\"  >\n\t\t\t\t<div class=\"col-inner\"  >\n\t\t\t\n\t\t\t\n<h2>Aiakott Gardena M<\/h2>\n<p>Kokkupandav aiakonteiner kuni 127 liitrise j\u00e4\u00e4tmete ergonoomiliseks kogumiseks. <\/p>\n<p>Lihtne seljale: ristk\u00fclikukujulise aiaj\u00e4\u00e4tmekoti saab k\u00fclili asetada, et lehed ja pistikud ergonoomiliselt sisse riisuda<br \/>\nVastupidav: T\u00e4nu p\u00f5hja tugevdusele on aiakott eriti vastupidav ja pakub pikka kasutusiga<br \/>\nSuur paindlikkus: pr\u00fcgikott pakub kolme erineva k\u00f5rguse taset \u2013 t\u00e4ielikult avatud, keskmine v\u00f5i t\u00e4iesti tasane<br \/>\nKeskkonnateadlik: aiaj\u00e4\u00e4tmete kott koosneb enam kui 70% ulatuses olmej\u00e4\u00e4tmetest taaskasutatud plastikust<\/p>\n<p><strong>Ristk\u00fclikukujuline kuju pakub palju eeliseid<\/strong><br \/>\nSelle keskmise suurusega ristk\u00fclikukujulise j\u00e4\u00e4tmemahuti saab nutikalt paigutada m\u00f5lemale k\u00fcljele. Selle nutikas nurkne kuju ei lase sellel minema veereda. N\u00fc\u00fcd saate reha abil p\u00fchkida langenud lehti lehekotti, ilma et peaksite kummarduma. See v\u00e4listab vajaduse aiaj\u00e4\u00e4tmete kotti kogumiseks ja t\u00e4itmiseks pidevalt kummardada ning muudab selja t\u00f6\u00f6 lihtsamaks.<\/p>\n<p><strong>Vastupidav ja praktiline kaasas kanda<\/strong><br \/>\nKaasaskantav pr\u00fcgikott on varustatud nelja integreeritud kanderihmaga. Need h\u00f5lbustavad roheliste j\u00e4\u00e4tmete transportimist \u2013 eriti keskmise k\u00f5rgusega. Kotti saab h\u00f5lpsasti t\u00f5sta, kallutada v\u00f5i t\u00f5mmata \u00fche v\u00f5i kahe k\u00e4ega m\u00f5lemalt poolt. Aiaj\u00e4\u00e4tmete kott on tugevdatud p\u00f5hjaga. Seet\u00f5ttu talub alus karedatel aiapindadel vedamist.<\/p>\n<p><strong>Reguleeritav k\u00f5rgus<\/strong><br \/>\nVastavalt n\u00f5udmistele saab aiakotti reguleerida kolmele erinevale k\u00f5rgusele. T\u00e4isk\u00f5rgus 60 cm sobib pop-up koti t\u00e4ielikuks t\u00e4itmiseks. Keskmine k\u00f5rgus 45 cm sobib ideaalselt aiaj\u00e4\u00e4tmete vedamiseks madala pakiruumiga s\u00f5idukis. Seda kokkupandavat aia pr\u00fcgikotti saab ruumi s\u00e4\u00e4stmiseks lamedalt hoiustada.<\/p>\n<p><strong>Valmistatud taaskasutatud materjalist<\/strong><br \/>\nRoheliste pr\u00fcgikott koosneb \u00fcle 70% ulatuses olmej\u00e4\u00e4tmetest taaskasutatud plastist. Nii saadab GARDENA vastutustundliku kaubam\u00e4rgina selge signaali looduse ja selle ressursside s\u00e4\u00e4stlikuks kasutamiseks.<\/p>\n<p><strong>Pikaajalise garantiiga toode<\/strong><br \/>\nGARDENA annab sellele praktilisele kvaliteetsele tootele 5-aastase garantii: p\u00e4rast registreerimist aadressil gardena.com\/registration 3 kuu jooksul peale ostu sooritamist. Garantiitingimused aadressil gardena.com\/warranty.<\/p>\n<p>M\u00f5\u00f5dud: 460 x 460 x 600 mm.\n<\/p>\n\t\t<\/div>\n\t\t\t\t\t<\/div>\n\n\t\n\n\t<div id=\"col-493035876\" class=\"col medium-3 small-12 large-3\"  >\n\t\t\t\t<div class=\"col-inner\"  >\n\t\t\t\n\t\t\t\n\t<div id=\"gap-216278789\" class=\"gap-element clearfix\" style=\"display:block; height:auto;\">\n\t\t\n<style>\n#gap-216278789 {\n  padding-top: 30px;\n}\n<\/style>\n\t<\/div>\n\t\n<div class=\"is-divider divider clearfix\" ><\/div>\n<p><strong>\u00dcksikasjalikuma n\u00f5u saamiseks v\u00f5tke \u00fchendust:<br \/><\/strong>Espak AS<br \/>Viadukti 42<br \/>11313<br \/>Tallinn<br \/>+372 6 512333<\/p>\n<div class=\"is-divider divider clearfix\" ><\/div>\n\t\t<\/div>\n\t\t\t\t\t<\/div>\n\n\t\n<\/div>\n","protected":false},"excerpt":{"rendered":"","protected":false},"featured_media":263907,"comment_status":"closed","ping_status":"closed","template":"","meta":[],"product_brand":[],"product_cat":[2789,2788,3369,3537],"product_tag":[],"class_list":{"0":"post-263709","1":"product","2":"type-product","3":"status-publish","4":"has-post-thumbnail","6":"product_cat-aiatarbed","7":"product_cat-aiatarbed-ja-kodukaubad","8":"product_cat-prugi-ja-liivakonteinerid","9":"product_cat-prugikotid","10":"pa_kaubamark-husqvarna-eesti-ou","12":"first","13":"instock","14":"sale","15":"taxable","16":"shipping-taxable","17":"purchasable","18":"product-type-simple"},"yoast_head":"<!-- This site is optimized with the Yoast SEO plugin v26.9 - https:\/\/yoast.com\/product\/yoast-seo-wordpress\/ -->\n<title>AIAKOTT G11715-20 127L GARDENA M - Espak E-pood<\/title>\n<meta name=\"robots\" content=\"index, follow, max-snippet:-1, max-image-preview:large, max-video-preview:-1\" \/>\n<link rel=\"canonical\" href=\"https:\/\/espak.ee\/epood\/toode\/aiakott-g11715-20-127l-gardena-m\/\" \/>\n<meta property=\"og:locale\" content=\"et_EE\" \/>\n<meta property=\"og:type\" content=\"article\" \/>\n<meta property=\"og:title\" content=\"AIAKOTT G11715-20 127L GARDENA M - Espak E-pood\" \/>\n<meta property=\"og:url\" content=\"https:\/\/espak.ee\/epood\/toode\/aiakott-g11715-20-127l-gardena-m\/\" \/>\n<meta property=\"og:site_name\" content=\"Espak E-pood\" \/>\n<meta property=\"article:modified_time\" content=\"2026-02-10T12:57:52+00:00\" \/>\n<meta property=\"og:image\" content=\"https:\/\/espak.ee\/epood\/wp-content\/uploads\/2026\/02\/PG-227720.png-2.jpg\" \/>\n\t<meta property=\"og:image:width\" content=\"1000\" \/>\n\t<meta property=\"og:image:height\" content=\"1000\" \/>\n\t<meta property=\"og:image:type\" content=\"image\/jpeg\" \/>\n<meta name=\"twitter:card\" content=\"summary_large_image\" \/>\n<meta name=\"twitter:label1\" content=\"Est. reading time\" \/>\n\t<meta name=\"twitter:data1\" content=\"2 minutit\" \/>\n<script type=\"application\/ld+json\" class=\"yoast-schema-graph\">{\"@context\":\"https:\/\/schema.org\",\"@graph\":[{\"@type\":\"WebPage\",\"@id\":\"https:\/\/espak.ee\/epood\/toode\/aiakott-g11715-20-127l-gardena-m\/\",\"url\":\"https:\/\/espak.ee\/epood\/toode\/aiakott-g11715-20-127l-gardena-m\/\",\"name\":\"AIAKOTT G11715-20 127L GARDENA M - Espak E-pood\",\"isPartOf\":{\"@id\":\"https:\/\/espak.ee\/epood\/#website\"},\"primaryImageOfPage\":{\"@id\":\"https:\/\/espak.ee\/epood\/toode\/aiakott-g11715-20-127l-gardena-m\/#primaryimage\"},\"image\":{\"@id\":\"https:\/\/espak.ee\/epood\/toode\/aiakott-g11715-20-127l-gardena-m\/#primaryimage\"},\"thumbnailUrl\":\"https:\/\/espak.ee\/epood\/wp-content\/uploads\/2026\/02\/PG-227720.png-2.jpg\",\"datePublished\":\"2026-02-10T03:10:01+00:00\",\"dateModified\":\"2026-02-10T12:57:52+00:00\",\"breadcrumb\":{\"@id\":\"https:\/\/espak.ee\/epood\/toode\/aiakott-g11715-20-127l-gardena-m\/#breadcrumb\"},\"inLanguage\":\"et\",\"potentialAction\":[{\"@type\":\"ReadAction\",\"target\":[\"https:\/\/espak.ee\/epood\/toode\/aiakott-g11715-20-127l-gardena-m\/\"]}]},{\"@type\":\"ImageObject\",\"inLanguage\":\"et\",\"@id\":\"https:\/\/espak.ee\/epood\/toode\/aiakott-g11715-20-127l-gardena-m\/#primaryimage\",\"url\":\"https:\/\/espak.ee\/epood\/wp-content\/uploads\/2026\/02\/PG-227720.png-2.jpg\",\"contentUrl\":\"https:\/\/espak.ee\/epood\/wp-content\/uploads\/2026\/02\/PG-227720.png-2.jpg\",\"width\":1000,\"height\":1000},{\"@type\":\"BreadcrumbList\",\"@id\":\"https:\/\/espak.ee\/epood\/toode\/aiakott-g11715-20-127l-gardena-m\/#breadcrumb\",\"itemListElement\":[{\"@type\":\"ListItem\",\"position\":1,\"name\":\"Home\",\"item\":\"https:\/\/espak.ee\/epood\/\"},{\"@type\":\"ListItem\",\"position\":2,\"name\":\"Tootevalik\",\"item\":\"https:\/\/espak.ee\/epood\/tootevalik\/\"},{\"@type\":\"ListItem\",\"position\":3,\"name\":\"AIAKOTT G11715-20 127L GARDENA M\"}]},{\"@type\":\"WebSite\",\"@id\":\"https:\/\/espak.ee\/epood\/#website\",\"url\":\"https:\/\/espak.ee\/epood\/\",\"name\":\"Espak E-pood\",\"description\":\"\",\"potentialAction\":[{\"@type\":\"SearchAction\",\"target\":{\"@type\":\"EntryPoint\",\"urlTemplate\":\"https:\/\/espak.ee\/epood\/?s={search_term_string}\"},\"query-input\":{\"@type\":\"PropertyValueSpecification\",\"valueRequired\":true,\"valueName\":\"search_term_string\"}}],\"inLanguage\":\"et\"}]}<\/script>\n<!-- \/ Yoast SEO plugin. -->","yoast_head_json":{"title":"AIAKOTT G11715-20 127L GARDENA M - Espak E-pood","robots":{"index":"index","follow":"follow","max-snippet":"max-snippet:-1","max-image-preview":"max-image-preview:large","max-video-preview":"max-video-preview:-1"},"canonical":"https:\/\/espak.ee\/epood\/toode\/aiakott-g11715-20-127l-gardena-m\/","og_locale":"et_EE","og_type":"article","og_title":"AIAKOTT G11715-20 127L GARDENA M - Espak E-pood","og_url":"https:\/\/espak.ee\/epood\/toode\/aiakott-g11715-20-127l-gardena-m\/","og_site_name":"Espak E-pood","article_modified_time":"2026-02-10T12:57:52+00:00","og_image":[{"width":1000,"height":1000,"url":"https:\/\/espak.ee\/epood\/wp-content\/uploads\/2026\/02\/PG-227720.png-2.jpg","type":"image\/jpeg"}],"twitter_card":"summary_large_image","twitter_misc":{"Est. reading time":"2 minutit"},"schema":{"@context":"https:\/\/schema.org","@graph":[{"@type":"WebPage","@id":"https:\/\/espak.ee\/epood\/toode\/aiakott-g11715-20-127l-gardena-m\/","url":"https:\/\/espak.ee\/epood\/toode\/aiakott-g11715-20-127l-gardena-m\/","name":"AIAKOTT G11715-20 127L GARDENA M - Espak E-pood","isPartOf":{"@id":"https:\/\/espak.ee\/epood\/#website"},"primaryImageOfPage":{"@id":"https:\/\/espak.ee\/epood\/toode\/aiakott-g11715-20-127l-gardena-m\/#primaryimage"},"image":{"@id":"https:\/\/espak.ee\/epood\/toode\/aiakott-g11715-20-127l-gardena-m\/#primaryimage"},"thumbnailUrl":"https:\/\/espak.ee\/epood\/wp-content\/uploads\/2026\/02\/PG-227720.png-2.jpg","datePublished":"2026-02-10T03:10:01+00:00","dateModified":"2026-02-10T12:57:52+00:00","breadcrumb":{"@id":"https:\/\/espak.ee\/epood\/toode\/aiakott-g11715-20-127l-gardena-m\/#breadcrumb"},"inLanguage":"et","potentialAction":[{"@type":"ReadAction","target":["https:\/\/espak.ee\/epood\/toode\/aiakott-g11715-20-127l-gardena-m\/"]}]},{"@type":"ImageObject","inLanguage":"et","@id":"https:\/\/espak.ee\/epood\/toode\/aiakott-g11715-20-127l-gardena-m\/#primaryimage","url":"https:\/\/espak.ee\/epood\/wp-content\/uploads\/2026\/02\/PG-227720.png-2.jpg","contentUrl":"https:\/\/espak.ee\/epood\/wp-content\/uploads\/2026\/02\/PG-227720.png-2.jpg","width":1000,"height":1000},{"@type":"BreadcrumbList","@id":"https:\/\/espak.ee\/epood\/toode\/aiakott-g11715-20-127l-gardena-m\/#breadcrumb","itemListElement":[{"@type":"ListItem","position":1,"name":"Home","item":"https:\/\/espak.ee\/epood\/"},{"@type":"ListItem","position":2,"name":"Tootevalik","item":"https:\/\/espak.ee\/epood\/tootevalik\/"},{"@type":"ListItem","position":3,"name":"AIAKOTT G11715-20 127L GARDENA M"}]},{"@type":"WebSite","@id":"https:\/\/espak.ee\/epood\/#website","url":"https:\/\/espak.ee\/epood\/","name":"Espak E-pood","description":"","potentialAction":[{"@type":"SearchAction","target":{"@type":"EntryPoint","urlTemplate":"https:\/\/espak.ee\/epood\/?s={search_term_string}"},"query-input":{"@type":"PropertyValueSpecification","valueRequired":true,"valueName":"search_term_string"}}],"inLanguage":"et"}]}},"_links":{"self":[{"href":"https:\/\/espak.ee\/epood\/wp-json\/wp\/v2\/product\/263709","targetHints":{"allow":["GET"]}}],"collection":[{"href":"https:\/\/espak.ee\/epood\/wp-json\/wp\/v2\/product"}],"about":[{"href":"https:\/\/espak.ee\/epood\/wp-json\/wp\/v2\/types\/product"}],"replies":[{"embeddable":true,"href":"https:\/\/espak.ee\/epood\/wp-json\/wp\/v2\/comments?post=263709"}],"wp:featuredmedia":[{"embeddable":true,"href":"https:\/\/espak.ee\/epood\/wp-json\/wp\/v2\/media\/263907"}],"wp:attachment":[{"href":"https:\/\/espak.ee\/epood\/wp-json\/wp\/v2\/media?parent=263709"}],"wp:term":[{"taxonomy":"product_brand","embeddable":true,"href":"https:\/\/espak.ee\/epood\/wp-json\/wp\/v2\/product_brand?post=263709"},{"taxonomy":"product_cat","embeddable":true,"href":"https:\/\/espak.ee\/epood\/wp-json\/wp\/v2\/product_cat?post=263709"},{"taxonomy":"product_tag","embeddable":true,"href":"https:\/\/espak.ee\/epood\/wp-json\/wp\/v2\/product_tag?post=263709"}],"curies":[{"name":"wp","href":"https:\/\/api.w.org\/{rel}","templated":true}]}}