{"id":263706,"date":"2026-02-10T05:10:01","date_gmt":"2026-02-10T03:10:01","guid":{"rendered":"https:\/\/espak.ee\/epood\/?post_type=product&#038;p=263706"},"modified":"2026-02-10T13:24:39","modified_gmt":"2026-02-10T11:24:39","slug":"imemisvoolik-7m-g9091-20-gardena","status":"publish","type":"product","link":"https:\/\/espak.ee\/epood\/toode\/imemisvoolik-7m-g9091-20-gardena\/","title":{"rendered":"IMEMISVOOLIK 7M G9091-20 GARDENA"},"content":{"rendered":"<div class=\"row\"  id=\"row-110916239\">\n\n\t<div id=\"col-1294639123\" class=\"col medium-9 small-12 large-9\"  >\n\t\t\t\t<div class=\"col-inner\"  >\n\t\t\t\n\t\t\t\n<h2>Imemisvoolik 7m m Gardena<\/h2>\n<p>33,3 mm (G1&#8243;) metallist keermestatud \u00fchendusliitmik, mis tagab tugeva ja vastupidava paigalduse k\u00f5ikides ilmastikutingimustes.<br \/>\nUus 7 m pikkune imemisvoolik ja 245 g kaaluv metallfilter, et hoida imipunkt vee all, et v\u00e4ltida \u00f5hu sisselaskmist.<br \/>\nVedruga koormatud klapp tagab ohutu sulgemise madalatel imemiss\u00fcgavustel, mis annab vee otse teie pumba juurde.<br \/>\nLihtne puhastada roostevabast terasest filtri korpus Komplektis \u00fchendussilmust ujuvate pallide v\u00f5i raskuste jaoks.<br \/>\nKomplektis: 1x GARDENA imufilter koos tagasivoolukaitsmega, 7 m imemisvoolik 25 mm (1\u201e) ja 33,3 mm (G1\u201c) \u00fchendusmutter.<br \/>\nSaage oma GARDENA pumpadele optimaalne j\u00f5udlus meie uute ja t\u00e4iustatud imemisvoolikutega. Uue konstruktsiooniga liitmikud, liitmikumutrid ja imufilter tagavad GARDENA imemis\u00fcksuse parema kuivenduskogemuse.<\/p>\n<p><strong>\u00dchendusvalmis<\/strong><br \/>\nPole t\u00e4htis, milline GARDENA v\u00f5i muu kaubam\u00e4rgiga pump teil on. Vesi tuleb juhtida ohutult teie tsisternist v\u00f5i kaevust ilma lekkeohtadeta. Uus imemisvoolik ei ole mitte ainult ekstra vaakum-, UV- ja k\u00fclmakindel, vaid see \u00fchendub ka kindlalt teie pumba 33,3 mm (G1&#8243;) sisselaskeava k\u00fclge. T\u00e4nu roostevabale metallliitmikule on see pikaajaline ja turvaline \u00fchendus erinevates ilmastikutingimustes. Kui teil on vaja pumbata puhast vett tsisternist v\u00f5i kaevust, on GARDENA imemisvoolik valmis, sest roostevaba metallist keermestatud \u00fchendusmutrid tagavad tugeva ja turvalise kinnituse k\u00f5ikides tingimustes. M\u00f5eldud nii, et see sobitub sujuvalt teiste G1\u201c \u00fchendustega. Lihtsalt \u00fchendage see oma pumba k\u00fclge, laske sinna, kust soovite vett v\u00f5tta, ja nautige v\u00f5rratut veeimemist.<\/p>\n<p><strong>Uus pikem imemisvoolik<\/strong><br \/>\n\u00dcle 20 aasta on GARDENA imemisvoolikud olnud t\u00f6\u00f6stusharu juhtival kohal kvaliteedi osas, kuna neil on vastupidavad paksud seinad, tugev konstruktsioon ja vaakumikindel konstruktsioon, mis hoiab \u00e4ra vooliku ahenemise. GARDENA on n\u00fc\u00fcd klassikalist t\u00e4iustanud, pikendades tavalist voolikut 3 meetrilt 4 meetrini, et tagada vooliku j\u00f5udmine veeallikani, et koguda vett sealt, kus see on.<\/p>\n<p><strong>Parandatud rasked imemisfiltrid<\/strong><br \/>\nGARDENA imufiltrid on n\u00fc\u00fcd 245 g raskemad, kuna nende v\u00f5rk on roostevabast terasest ja korpus on tugevast tsinksulamist. See tagab, et filter p\u00fcsib vee all paremini, nii et \u00f5hku ei imeta sisse.<\/p>\n<p><strong>Vedruga tagasil\u00f6\u00f6giklapp<\/strong><br \/>\nUue disainiga tagasil\u00f6\u00f6giklapp on isetoimiv ja t\u00e4pselt konstrueeritud, et tagada vee kiire k\u00e4ttesaadavus, kuid see sulgub ohutult ka madalamal imemiss\u00fcgavusel.<\/p>\n<p><strong>\u00dcmberkujundatud korpus koos \u00fchendussilmusega<\/strong><br \/>\nRoostevabast terasest korpusel on ka \u00fchendus ujukite v\u00f5i raskuste kinnitamiseks. See ujuv imemismeetod tagab, et imemisotsik j\u00e4\u00e4b paigale, kus seda k\u00f5ige rohkem vajate, vee sees ja settest eemal, et tagada parem imemine ja v\u00e4hem ummistusi. Parem valik teie kodu ja planeedi jaoks.\n<\/p>\n\t\t<\/div>\n\t\t\t\t\t<\/div>\n\n\t\n\n\t<div id=\"col-861809281\" class=\"col medium-3 small-12 large-3\"  >\n\t\t\t\t<div class=\"col-inner\"  >\n\t\t\t\n\t\t\t\n\t<div id=\"gap-1738617671\" class=\"gap-element clearfix\" style=\"display:block; height:auto;\">\n\t\t\n<style>\n#gap-1738617671 {\n  padding-top: 30px;\n}\n<\/style>\n\t<\/div>\n\t\n<div class=\"is-divider divider clearfix\" ><\/div>\n<p><strong>\u00dcksikasjalikuma n\u00f5u saamiseks v\u00f5tke \u00fchendust:<br \/><\/strong>Espak AS<br \/>Viadukti 42<br \/>11313<br \/>Tallinn<br \/>+372 6 512333<\/p>\n<div class=\"is-divider divider clearfix\" ><\/div>\n\t\t<\/div>\n\t\t\t\t\t<\/div>\n\n\t\n<\/div>\n","protected":false},"excerpt":{"rendered":"","protected":false},"featured_media":263849,"comment_status":"closed","ping_status":"closed","template":"","meta":[],"product_brand":[],"product_cat":[2789,2788,3115,3371],"product_tag":[],"class_list":{"0":"post-263706","1":"product","2":"type-product","3":"status-publish","4":"has-post-thumbnail","6":"product_cat-aiatarbed","7":"product_cat-aiatarbed-ja-kodukaubad","8":"product_cat-pumbad","9":"product_cat-sukelpumbad","10":"pa_kaubamark-husqvarna-eesti-ou","12":"first","13":"instock","14":"sale","15":"taxable","16":"shipping-taxable","17":"purchasable","18":"product-type-simple"},"yoast_head":"<!-- This site is optimized with the Yoast SEO plugin v26.9 - https:\/\/yoast.com\/product\/yoast-seo-wordpress\/ -->\n<title>IMEMISVOOLIK 7M G9091-20 GARDENA - Espak E-pood<\/title>\n<meta name=\"robots\" content=\"index, follow, max-snippet:-1, max-image-preview:large, max-video-preview:-1\" \/>\n<link rel=\"canonical\" href=\"https:\/\/espak.ee\/epood\/toode\/imemisvoolik-7m-g9091-20-gardena\/\" \/>\n<meta property=\"og:locale\" content=\"et_EE\" \/>\n<meta property=\"og:type\" content=\"article\" \/>\n<meta property=\"og:title\" content=\"IMEMISVOOLIK 7M G9091-20 GARDENA - Espak E-pood\" \/>\n<meta property=\"og:url\" content=\"https:\/\/espak.ee\/epood\/toode\/imemisvoolik-7m-g9091-20-gardena\/\" \/>\n<meta property=\"og:site_name\" content=\"Espak E-pood\" \/>\n<meta property=\"article:modified_time\" content=\"2026-02-10T11:24:39+00:00\" \/>\n<meta property=\"og:image\" content=\"https:\/\/espak.ee\/epood\/wp-content\/uploads\/2026\/02\/LE-396521.png.jpg\" \/>\n\t<meta property=\"og:image:width\" content=\"1000\" \/>\n\t<meta property=\"og:image:height\" content=\"1000\" \/>\n\t<meta property=\"og:image:type\" content=\"image\/jpeg\" \/>\n<meta name=\"twitter:card\" content=\"summary_large_image\" \/>\n<meta name=\"twitter:label1\" content=\"Est. reading time\" \/>\n\t<meta name=\"twitter:data1\" content=\"2 minutit\" \/>\n<script type=\"application\/ld+json\" class=\"yoast-schema-graph\">{\"@context\":\"https:\/\/schema.org\",\"@graph\":[{\"@type\":\"WebPage\",\"@id\":\"https:\/\/espak.ee\/epood\/toode\/imemisvoolik-7m-g9091-20-gardena\/\",\"url\":\"https:\/\/espak.ee\/epood\/toode\/imemisvoolik-7m-g9091-20-gardena\/\",\"name\":\"IMEMISVOOLIK 7M G9091-20 GARDENA - Espak E-pood\",\"isPartOf\":{\"@id\":\"https:\/\/espak.ee\/epood\/#website\"},\"primaryImageOfPage\":{\"@id\":\"https:\/\/espak.ee\/epood\/toode\/imemisvoolik-7m-g9091-20-gardena\/#primaryimage\"},\"image\":{\"@id\":\"https:\/\/espak.ee\/epood\/toode\/imemisvoolik-7m-g9091-20-gardena\/#primaryimage\"},\"thumbnailUrl\":\"https:\/\/espak.ee\/epood\/wp-content\/uploads\/2026\/02\/LE-396521.png.jpg\",\"datePublished\":\"2026-02-10T03:10:01+00:00\",\"dateModified\":\"2026-02-10T11:24:39+00:00\",\"breadcrumb\":{\"@id\":\"https:\/\/espak.ee\/epood\/toode\/imemisvoolik-7m-g9091-20-gardena\/#breadcrumb\"},\"inLanguage\":\"et\",\"potentialAction\":[{\"@type\":\"ReadAction\",\"target\":[\"https:\/\/espak.ee\/epood\/toode\/imemisvoolik-7m-g9091-20-gardena\/\"]}]},{\"@type\":\"ImageObject\",\"inLanguage\":\"et\",\"@id\":\"https:\/\/espak.ee\/epood\/toode\/imemisvoolik-7m-g9091-20-gardena\/#primaryimage\",\"url\":\"https:\/\/espak.ee\/epood\/wp-content\/uploads\/2026\/02\/LE-396521.png.jpg\",\"contentUrl\":\"https:\/\/espak.ee\/epood\/wp-content\/uploads\/2026\/02\/LE-396521.png.jpg\",\"width\":1000,\"height\":1000},{\"@type\":\"BreadcrumbList\",\"@id\":\"https:\/\/espak.ee\/epood\/toode\/imemisvoolik-7m-g9091-20-gardena\/#breadcrumb\",\"itemListElement\":[{\"@type\":\"ListItem\",\"position\":1,\"name\":\"Home\",\"item\":\"https:\/\/espak.ee\/epood\/\"},{\"@type\":\"ListItem\",\"position\":2,\"name\":\"Tootevalik\",\"item\":\"https:\/\/espak.ee\/epood\/tootevalik\/\"},{\"@type\":\"ListItem\",\"position\":3,\"name\":\"IMEMISVOOLIK 7M G9091-20 GARDENA\"}]},{\"@type\":\"WebSite\",\"@id\":\"https:\/\/espak.ee\/epood\/#website\",\"url\":\"https:\/\/espak.ee\/epood\/\",\"name\":\"Espak E-pood\",\"description\":\"\",\"potentialAction\":[{\"@type\":\"SearchAction\",\"target\":{\"@type\":\"EntryPoint\",\"urlTemplate\":\"https:\/\/espak.ee\/epood\/?s={search_term_string}\"},\"query-input\":{\"@type\":\"PropertyValueSpecification\",\"valueRequired\":true,\"valueName\":\"search_term_string\"}}],\"inLanguage\":\"et\"}]}<\/script>\n<!-- \/ Yoast SEO plugin. -->","yoast_head_json":{"title":"IMEMISVOOLIK 7M G9091-20 GARDENA - Espak E-pood","robots":{"index":"index","follow":"follow","max-snippet":"max-snippet:-1","max-image-preview":"max-image-preview:large","max-video-preview":"max-video-preview:-1"},"canonical":"https:\/\/espak.ee\/epood\/toode\/imemisvoolik-7m-g9091-20-gardena\/","og_locale":"et_EE","og_type":"article","og_title":"IMEMISVOOLIK 7M G9091-20 GARDENA - Espak E-pood","og_url":"https:\/\/espak.ee\/epood\/toode\/imemisvoolik-7m-g9091-20-gardena\/","og_site_name":"Espak E-pood","article_modified_time":"2026-02-10T11:24:39+00:00","og_image":[{"width":1000,"height":1000,"url":"https:\/\/espak.ee\/epood\/wp-content\/uploads\/2026\/02\/LE-396521.png.jpg","type":"image\/jpeg"}],"twitter_card":"summary_large_image","twitter_misc":{"Est. reading time":"2 minutit"},"schema":{"@context":"https:\/\/schema.org","@graph":[{"@type":"WebPage","@id":"https:\/\/espak.ee\/epood\/toode\/imemisvoolik-7m-g9091-20-gardena\/","url":"https:\/\/espak.ee\/epood\/toode\/imemisvoolik-7m-g9091-20-gardena\/","name":"IMEMISVOOLIK 7M G9091-20 GARDENA - Espak E-pood","isPartOf":{"@id":"https:\/\/espak.ee\/epood\/#website"},"primaryImageOfPage":{"@id":"https:\/\/espak.ee\/epood\/toode\/imemisvoolik-7m-g9091-20-gardena\/#primaryimage"},"image":{"@id":"https:\/\/espak.ee\/epood\/toode\/imemisvoolik-7m-g9091-20-gardena\/#primaryimage"},"thumbnailUrl":"https:\/\/espak.ee\/epood\/wp-content\/uploads\/2026\/02\/LE-396521.png.jpg","datePublished":"2026-02-10T03:10:01+00:00","dateModified":"2026-02-10T11:24:39+00:00","breadcrumb":{"@id":"https:\/\/espak.ee\/epood\/toode\/imemisvoolik-7m-g9091-20-gardena\/#breadcrumb"},"inLanguage":"et","potentialAction":[{"@type":"ReadAction","target":["https:\/\/espak.ee\/epood\/toode\/imemisvoolik-7m-g9091-20-gardena\/"]}]},{"@type":"ImageObject","inLanguage":"et","@id":"https:\/\/espak.ee\/epood\/toode\/imemisvoolik-7m-g9091-20-gardena\/#primaryimage","url":"https:\/\/espak.ee\/epood\/wp-content\/uploads\/2026\/02\/LE-396521.png.jpg","contentUrl":"https:\/\/espak.ee\/epood\/wp-content\/uploads\/2026\/02\/LE-396521.png.jpg","width":1000,"height":1000},{"@type":"BreadcrumbList","@id":"https:\/\/espak.ee\/epood\/toode\/imemisvoolik-7m-g9091-20-gardena\/#breadcrumb","itemListElement":[{"@type":"ListItem","position":1,"name":"Home","item":"https:\/\/espak.ee\/epood\/"},{"@type":"ListItem","position":2,"name":"Tootevalik","item":"https:\/\/espak.ee\/epood\/tootevalik\/"},{"@type":"ListItem","position":3,"name":"IMEMISVOOLIK 7M G9091-20 GARDENA"}]},{"@type":"WebSite","@id":"https:\/\/espak.ee\/epood\/#website","url":"https:\/\/espak.ee\/epood\/","name":"Espak E-pood","description":"","potentialAction":[{"@type":"SearchAction","target":{"@type":"EntryPoint","urlTemplate":"https:\/\/espak.ee\/epood\/?s={search_term_string}"},"query-input":{"@type":"PropertyValueSpecification","valueRequired":true,"valueName":"search_term_string"}}],"inLanguage":"et"}]}},"_links":{"self":[{"href":"https:\/\/espak.ee\/epood\/wp-json\/wp\/v2\/product\/263706","targetHints":{"allow":["GET"]}}],"collection":[{"href":"https:\/\/espak.ee\/epood\/wp-json\/wp\/v2\/product"}],"about":[{"href":"https:\/\/espak.ee\/epood\/wp-json\/wp\/v2\/types\/product"}],"replies":[{"embeddable":true,"href":"https:\/\/espak.ee\/epood\/wp-json\/wp\/v2\/comments?post=263706"}],"wp:featuredmedia":[{"embeddable":true,"href":"https:\/\/espak.ee\/epood\/wp-json\/wp\/v2\/media\/263849"}],"wp:attachment":[{"href":"https:\/\/espak.ee\/epood\/wp-json\/wp\/v2\/media?parent=263706"}],"wp:term":[{"taxonomy":"product_brand","embeddable":true,"href":"https:\/\/espak.ee\/epood\/wp-json\/wp\/v2\/product_brand?post=263706"},{"taxonomy":"product_cat","embeddable":true,"href":"https:\/\/espak.ee\/epood\/wp-json\/wp\/v2\/product_cat?post=263706"},{"taxonomy":"product_tag","embeddable":true,"href":"https:\/\/espak.ee\/epood\/wp-json\/wp\/v2\/product_tag?post=263706"}],"curies":[{"name":"wp","href":"https:\/\/api.w.org\/{rel}","templated":true}]}}