{"id":263693,"date":"2026-02-10T05:10:01","date_gmt":"2026-02-10T03:10:01","guid":{"rendered":"https:\/\/espak.ee\/epood\/?post_type=product&#038;p=263693"},"modified":"2026-02-10T15:01:52","modified_gmt":"2026-02-10T13:01:52","slug":"kirves-1000a-gardena","status":"publish","type":"product","link":"https:\/\/espak.ee\/epood\/toode\/kirves-1000a-gardena\/","title":{"rendered":"KIRVES 1000A GARDENA"},"content":{"rendered":"<div class=\"row\"  id=\"row-1924748795\">\n\n\t<div id=\"col-761799341\" class=\"col medium-9 small-12 large-9\"  >\n\t\t\t\t<div class=\"col-inner\"  >\n\t\t\t\n\t\t\t\n<h2>Universaalkirves 1000A Gardena<\/h2>\n<p>GARDENA universaalse kirvega 1000 A on teile tagatud alati v\u00f5imalikult lihtne ja puhas l\u00f5ige. Kirvepea erikuju t\u00f5ttu sobib v\u00e4ike kirves v\u00e4ga h\u00e4sti v\u00e4iksemahuliste puut\u00f6\u00f6de jaoks, n\u00e4iteks v\u00e4rske ja vaiguse puidu l\u00f5ikamiseks ja l\u00f5hkumiseks v\u00f5i puujuurte eemaldamiseks. L\u00f6\u00f6gij\u00f5u efektiivseks rakendamiseks on kirves h\u00e4sti tasakaalustatud raskuskeskmega kirvepea l\u00e4hedal. Koos purunemiskindla varrega saate iga l\u00f6\u00f6gi maksimaalselt \u00e4ra kasutada. Haamrifunktsioon muudab l\u00f5hkumiskiilude paigaldamise imelihtsaks. Kasutage seda kiilude t\u00f5husamaks juhtimiseks suuremates pakkudes, et neid saaks poolitada. Karastatud terasest kirvepea on valmistatud esmaklassilisest materjalist ja sellel on kaetud pind. See v\u00e4hendab oluliselt h\u00f5\u00f5rdumist, mis h\u00f5lbustab m\u00e4rgatavalt pakkude l\u00f5hkumist ja kirve v\u00e4ljat\u00f5mbamist. Pinnakatte t\u00f5ttu ei j\u00e4\u00e4 puitvaigud nii kergesti kirvepea k\u00fclge kinni. Muidugi on ka kirve kasutamine mugav ja ohutu. Teie k\u00e4te \u00e4kilist libisemist takistavad nii k\u00e4epideme pehmed komponendid kui ka konksukujuline k\u00e4epideme ots. Universaalse kirve 1000 A kujul, hoiate te k\u00e4es kvaliteetset toodet, mis on toodetud Euroopas ja GARDENA annab teile pika, 25-aastase, garantii. V\u00e4ljendage oma visiooni t\u00e4pselt.<\/p>\n<p>Terakaitse: Jah<br \/>\nKirvepea kaal: 0.7 kg<br \/>\nPikkus: 45 cm\n<\/p>\n\t\t<\/div>\n\t\t\t\t\t<\/div>\n\n\t\n\n\t<div id=\"col-1724330037\" class=\"col medium-3 small-12 large-3\"  >\n\t\t\t\t<div class=\"col-inner\"  >\n\t\t\t\n\t\t\t\n\t<div id=\"gap-1771752432\" class=\"gap-element clearfix\" style=\"display:block; height:auto;\">\n\t\t\n<style>\n#gap-1771752432 {\n  padding-top: 30px;\n}\n<\/style>\n\t<\/div>\n\t\n<div class=\"is-divider divider clearfix\" ><\/div>\n<p><strong>\u00dcksikasjalikuma n\u00f5u saamiseks v\u00f5tke \u00fchendust:<br \/><\/strong>Espak AS<br \/>Viadukti 42<br \/>11313<br \/>Tallinn<br \/>+372 6 512333<\/p>\n<div class=\"is-divider divider clearfix\" ><\/div>\n\t\t<\/div>\n\t\t\t\t\t<\/div>\n\n\t\n<\/div>\n","protected":false},"excerpt":{"rendered":"","protected":false},"featured_media":263912,"comment_status":"closed","ping_status":"closed","template":"","meta":[],"product_brand":[],"product_cat":[3540,2789,2788,3341],"product_tag":[],"class_list":{"0":"post-263693","1":"product","2":"type-product","3":"status-publish","4":"has-post-thumbnail","6":"product_cat-aiakirved","7":"product_cat-aiatarbed","8":"product_cat-aiatarbed-ja-kodukaubad","9":"product_cat-aiatooriistad","10":"pa_kaubamark-werkado-ou","12":"first","13":"instock","14":"sale","15":"taxable","16":"shipping-taxable","17":"purchasable","18":"product-type-simple"},"yoast_head":"<!-- This site is optimized with the Yoast SEO plugin v26.9 - https:\/\/yoast.com\/product\/yoast-seo-wordpress\/ -->\n<title>KIRVES 1000A GARDENA - Espak E-pood<\/title>\n<meta name=\"robots\" content=\"index, follow, max-snippet:-1, max-image-preview:large, max-video-preview:-1\" \/>\n<link rel=\"canonical\" href=\"https:\/\/espak.ee\/epood\/toode\/kirves-1000a-gardena\/\" \/>\n<meta property=\"og:locale\" content=\"et_EE\" \/>\n<meta property=\"og:type\" content=\"article\" \/>\n<meta property=\"og:title\" content=\"KIRVES 1000A GARDENA - Espak E-pood\" \/>\n<meta property=\"og:url\" content=\"https:\/\/espak.ee\/epood\/toode\/kirves-1000a-gardena\/\" \/>\n<meta property=\"og:site_name\" content=\"Espak E-pood\" \/>\n<meta property=\"article:modified_time\" content=\"2026-02-10T13:01:52+00:00\" \/>\n<meta property=\"og:image\" content=\"https:\/\/espak.ee\/epood\/wp-content\/uploads\/2026\/02\/GA610-0663.png.jpg\" \/>\n\t<meta property=\"og:image:width\" content=\"1000\" \/>\n\t<meta property=\"og:image:height\" content=\"1000\" \/>\n\t<meta property=\"og:image:type\" content=\"image\/jpeg\" \/>\n<meta name=\"twitter:card\" content=\"summary_large_image\" \/>\n<meta name=\"twitter:label1\" content=\"Est. reading time\" \/>\n\t<meta name=\"twitter:data1\" content=\"1 minut\" \/>\n<script type=\"application\/ld+json\" class=\"yoast-schema-graph\">{\"@context\":\"https:\/\/schema.org\",\"@graph\":[{\"@type\":\"WebPage\",\"@id\":\"https:\/\/espak.ee\/epood\/toode\/kirves-1000a-gardena\/\",\"url\":\"https:\/\/espak.ee\/epood\/toode\/kirves-1000a-gardena\/\",\"name\":\"KIRVES 1000A GARDENA - Espak E-pood\",\"isPartOf\":{\"@id\":\"https:\/\/espak.ee\/epood\/#website\"},\"primaryImageOfPage\":{\"@id\":\"https:\/\/espak.ee\/epood\/toode\/kirves-1000a-gardena\/#primaryimage\"},\"image\":{\"@id\":\"https:\/\/espak.ee\/epood\/toode\/kirves-1000a-gardena\/#primaryimage\"},\"thumbnailUrl\":\"https:\/\/espak.ee\/epood\/wp-content\/uploads\/2026\/02\/GA610-0663.png.jpg\",\"datePublished\":\"2026-02-10T03:10:01+00:00\",\"dateModified\":\"2026-02-10T13:01:52+00:00\",\"breadcrumb\":{\"@id\":\"https:\/\/espak.ee\/epood\/toode\/kirves-1000a-gardena\/#breadcrumb\"},\"inLanguage\":\"et\",\"potentialAction\":[{\"@type\":\"ReadAction\",\"target\":[\"https:\/\/espak.ee\/epood\/toode\/kirves-1000a-gardena\/\"]}]},{\"@type\":\"ImageObject\",\"inLanguage\":\"et\",\"@id\":\"https:\/\/espak.ee\/epood\/toode\/kirves-1000a-gardena\/#primaryimage\",\"url\":\"https:\/\/espak.ee\/epood\/wp-content\/uploads\/2026\/02\/GA610-0663.png.jpg\",\"contentUrl\":\"https:\/\/espak.ee\/epood\/wp-content\/uploads\/2026\/02\/GA610-0663.png.jpg\",\"width\":1000,\"height\":1000},{\"@type\":\"BreadcrumbList\",\"@id\":\"https:\/\/espak.ee\/epood\/toode\/kirves-1000a-gardena\/#breadcrumb\",\"itemListElement\":[{\"@type\":\"ListItem\",\"position\":1,\"name\":\"Home\",\"item\":\"https:\/\/espak.ee\/epood\/\"},{\"@type\":\"ListItem\",\"position\":2,\"name\":\"Tootevalik\",\"item\":\"https:\/\/espak.ee\/epood\/tootevalik\/\"},{\"@type\":\"ListItem\",\"position\":3,\"name\":\"KIRVES 1000A GARDENA\"}]},{\"@type\":\"WebSite\",\"@id\":\"https:\/\/espak.ee\/epood\/#website\",\"url\":\"https:\/\/espak.ee\/epood\/\",\"name\":\"Espak E-pood\",\"description\":\"\",\"potentialAction\":[{\"@type\":\"SearchAction\",\"target\":{\"@type\":\"EntryPoint\",\"urlTemplate\":\"https:\/\/espak.ee\/epood\/?s={search_term_string}\"},\"query-input\":{\"@type\":\"PropertyValueSpecification\",\"valueRequired\":true,\"valueName\":\"search_term_string\"}}],\"inLanguage\":\"et\"}]}<\/script>\n<!-- \/ Yoast SEO plugin. -->","yoast_head_json":{"title":"KIRVES 1000A GARDENA - Espak E-pood","robots":{"index":"index","follow":"follow","max-snippet":"max-snippet:-1","max-image-preview":"max-image-preview:large","max-video-preview":"max-video-preview:-1"},"canonical":"https:\/\/espak.ee\/epood\/toode\/kirves-1000a-gardena\/","og_locale":"et_EE","og_type":"article","og_title":"KIRVES 1000A GARDENA - Espak E-pood","og_url":"https:\/\/espak.ee\/epood\/toode\/kirves-1000a-gardena\/","og_site_name":"Espak E-pood","article_modified_time":"2026-02-10T13:01:52+00:00","og_image":[{"width":1000,"height":1000,"url":"https:\/\/espak.ee\/epood\/wp-content\/uploads\/2026\/02\/GA610-0663.png.jpg","type":"image\/jpeg"}],"twitter_card":"summary_large_image","twitter_misc":{"Est. reading time":"1 minut"},"schema":{"@context":"https:\/\/schema.org","@graph":[{"@type":"WebPage","@id":"https:\/\/espak.ee\/epood\/toode\/kirves-1000a-gardena\/","url":"https:\/\/espak.ee\/epood\/toode\/kirves-1000a-gardena\/","name":"KIRVES 1000A GARDENA - Espak E-pood","isPartOf":{"@id":"https:\/\/espak.ee\/epood\/#website"},"primaryImageOfPage":{"@id":"https:\/\/espak.ee\/epood\/toode\/kirves-1000a-gardena\/#primaryimage"},"image":{"@id":"https:\/\/espak.ee\/epood\/toode\/kirves-1000a-gardena\/#primaryimage"},"thumbnailUrl":"https:\/\/espak.ee\/epood\/wp-content\/uploads\/2026\/02\/GA610-0663.png.jpg","datePublished":"2026-02-10T03:10:01+00:00","dateModified":"2026-02-10T13:01:52+00:00","breadcrumb":{"@id":"https:\/\/espak.ee\/epood\/toode\/kirves-1000a-gardena\/#breadcrumb"},"inLanguage":"et","potentialAction":[{"@type":"ReadAction","target":["https:\/\/espak.ee\/epood\/toode\/kirves-1000a-gardena\/"]}]},{"@type":"ImageObject","inLanguage":"et","@id":"https:\/\/espak.ee\/epood\/toode\/kirves-1000a-gardena\/#primaryimage","url":"https:\/\/espak.ee\/epood\/wp-content\/uploads\/2026\/02\/GA610-0663.png.jpg","contentUrl":"https:\/\/espak.ee\/epood\/wp-content\/uploads\/2026\/02\/GA610-0663.png.jpg","width":1000,"height":1000},{"@type":"BreadcrumbList","@id":"https:\/\/espak.ee\/epood\/toode\/kirves-1000a-gardena\/#breadcrumb","itemListElement":[{"@type":"ListItem","position":1,"name":"Home","item":"https:\/\/espak.ee\/epood\/"},{"@type":"ListItem","position":2,"name":"Tootevalik","item":"https:\/\/espak.ee\/epood\/tootevalik\/"},{"@type":"ListItem","position":3,"name":"KIRVES 1000A GARDENA"}]},{"@type":"WebSite","@id":"https:\/\/espak.ee\/epood\/#website","url":"https:\/\/espak.ee\/epood\/","name":"Espak E-pood","description":"","potentialAction":[{"@type":"SearchAction","target":{"@type":"EntryPoint","urlTemplate":"https:\/\/espak.ee\/epood\/?s={search_term_string}"},"query-input":{"@type":"PropertyValueSpecification","valueRequired":true,"valueName":"search_term_string"}}],"inLanguage":"et"}]}},"_links":{"self":[{"href":"https:\/\/espak.ee\/epood\/wp-json\/wp\/v2\/product\/263693","targetHints":{"allow":["GET"]}}],"collection":[{"href":"https:\/\/espak.ee\/epood\/wp-json\/wp\/v2\/product"}],"about":[{"href":"https:\/\/espak.ee\/epood\/wp-json\/wp\/v2\/types\/product"}],"replies":[{"embeddable":true,"href":"https:\/\/espak.ee\/epood\/wp-json\/wp\/v2\/comments?post=263693"}],"wp:featuredmedia":[{"embeddable":true,"href":"https:\/\/espak.ee\/epood\/wp-json\/wp\/v2\/media\/263912"}],"wp:attachment":[{"href":"https:\/\/espak.ee\/epood\/wp-json\/wp\/v2\/media?parent=263693"}],"wp:term":[{"taxonomy":"product_brand","embeddable":true,"href":"https:\/\/espak.ee\/epood\/wp-json\/wp\/v2\/product_brand?post=263693"},{"taxonomy":"product_cat","embeddable":true,"href":"https:\/\/espak.ee\/epood\/wp-json\/wp\/v2\/product_cat?post=263693"},{"taxonomy":"product_tag","embeddable":true,"href":"https:\/\/espak.ee\/epood\/wp-json\/wp\/v2\/product_tag?post=263693"}],"curies":[{"name":"wp","href":"https:\/\/api.w.org\/{rel}","templated":true}]}}