{"id":263685,"date":"2026-02-10T05:10:01","date_gmt":"2026-02-10T03:10:01","guid":{"rendered":"https:\/\/espak.ee\/epood\/?post_type=product&#038;p=263685"},"modified":"2026-02-10T13:15:48","modified_gmt":"2026-02-10T11:15:48","slug":"koblas-12cm-gardena-combisystem","status":"publish","type":"product","link":"https:\/\/espak.ee\/epood\/toode\/koblas-12cm-gardena-combisystem\/","title":{"rendered":"K\u00d5BLAS 12CM GARDENA COMBISYSTEM"},"content":{"rendered":"<div class=\"row\"  id=\"row-1297012496\">\n\n\t<div id=\"col-1401988687\" class=\"col medium-9 small-12 large-9\"  >\n\t\t\t\t<div class=\"col-inner\"  >\n\t\t\t\n\t\t\t\n<h2>Combisystem k\u00f5blas 12cm Gardena<\/h2>\n<p>Kasutage GARDENA combisystemi k\u00f5blast, et umbrohu h\u00f5lpsaks eemaldamiseks ja mulla kobestamiseks.<br \/>\n GARDENA combisystem pakub t\u00e4nu vahetatavatele tarvikutele mitmek\u00fclgset kasutust. K\u00f5blas \u00fchildub k\u00f5igi GARDENA combisystemi k\u00e4epidemetega ning seda saab varre k\u00fclge paigaldada ja kinnitada. GARDENA soovitab vart pikkusega 150 cm, varre valik s\u00f5ltub t\u00f6\u00f6tingimustest ja teie kehapikkusest. Kindel \u00fchendus k\u00f5pla ja k\u00e4epideme vahel tagab mugava t\u00f6\u00f6. Roostevabast terasest tera laius on 12 cm. D-kujuline tugi muudab k\u00f5pla eriti vastupidavaks. K\u00f5blas on m\u00f5eldud raskete t\u00f6\u00f6de jaoks. T\u00e4nu kvaliteetsele terasele ja Duroplast kattele on k\u00f5blas kaitstud korrosiooni eest ja sellel on pikk toote kasutusiga. Combisystem t\u00f6\u00f6riistahoidik Flexi (Art. nr 3505-20) tagab k\u00f5blale ruumis\u00e4\u00e4stliku hoiuruumi.<br \/>\nGARDENA toetab Combisystem k\u00f5blast 25-aastase garantiiga p\u00e4rast registreerimist aadressil gardena.com\/registration 3 kuu jooksul peale ostu sooritamist.<br \/>\n Laske oma t\u00f6\u00f6riistaperel kasvada. GARDENA combisystem. Vahetatav. Vastupidav. Igaks aiat\u00f6\u00f6ks.<\/p>\n\t\t<\/div>\n\t\t\t\t\t<\/div>\n\n\t\n\n\t<div id=\"col-900593185\" class=\"col medium-3 small-12 large-3\"  >\n\t\t\t\t<div class=\"col-inner\"  >\n\t\t\t\n\t\t\t\n\t<div id=\"gap-1436555330\" class=\"gap-element clearfix\" style=\"display:block; height:auto;\">\n\t\t\n<style>\n#gap-1436555330 {\n  padding-top: 30px;\n}\n<\/style>\n\t<\/div>\n\t\n<div class=\"is-divider divider clearfix\" ><\/div>\n<p><strong>\u00dcksikasjalikuma n\u00f5u saamiseks v\u00f5tke \u00fchendust:<br \/><\/strong>Espak AS<br \/>Viadukti 42<br \/>11313<br \/>Tallinn<br \/>+372 6 512333<\/p>\n<div class=\"is-divider divider clearfix\" ><\/div>\n\t\t<\/div>\n\t\t\t\t\t<\/div>\n\n\t\n<\/div>\n","protected":false},"excerpt":{"rendered":"","protected":false},"featured_media":263840,"comment_status":"closed","ping_status":"closed","template":"","meta":[],"product_brand":[],"product_cat":[2789,2788,3341,3359],"product_tag":[],"class_list":{"0":"post-263685","1":"product","2":"type-product","3":"status-publish","4":"has-post-thumbnail","6":"product_cat-aiatarbed","7":"product_cat-aiatarbed-ja-kodukaubad","8":"product_cat-aiatooriistad","9":"product_cat-koplad","10":"pa_kaubamark-schetelig-ev-as","12":"first","13":"instock","14":"sale","15":"taxable","16":"shipping-taxable","17":"purchasable","18":"product-type-simple"},"yoast_head":"<!-- This site is optimized with the Yoast SEO plugin v26.9 - https:\/\/yoast.com\/product\/yoast-seo-wordpress\/ -->\n<title>K\u00d5BLAS 12CM GARDENA COMBISYSTEM - Espak E-pood<\/title>\n<meta name=\"robots\" content=\"index, follow, max-snippet:-1, max-image-preview:large, max-video-preview:-1\" \/>\n<link rel=\"canonical\" href=\"https:\/\/espak.ee\/epood\/toode\/koblas-12cm-gardena-combisystem\/\" \/>\n<meta property=\"og:locale\" content=\"et_EE\" \/>\n<meta property=\"og:type\" content=\"article\" \/>\n<meta property=\"og:title\" content=\"K\u00d5BLAS 12CM GARDENA COMBISYSTEM - Espak E-pood\" \/>\n<meta property=\"og:url\" content=\"https:\/\/espak.ee\/epood\/toode\/koblas-12cm-gardena-combisystem\/\" \/>\n<meta property=\"og:site_name\" content=\"Espak E-pood\" \/>\n<meta property=\"article:modified_time\" content=\"2026-02-10T11:15:48+00:00\" \/>\n<meta property=\"og:image\" content=\"https:\/\/espak.ee\/epood\/wp-content\/uploads\/2026\/02\/GA410-0129.png.jpg\" \/>\n\t<meta property=\"og:image:width\" content=\"1000\" \/>\n\t<meta property=\"og:image:height\" content=\"1000\" \/>\n\t<meta property=\"og:image:type\" content=\"image\/jpeg\" \/>\n<meta name=\"twitter:card\" content=\"summary_large_image\" \/>\n<meta name=\"twitter:label1\" content=\"Est. reading time\" \/>\n\t<meta name=\"twitter:data1\" content=\"1 minut\" \/>\n<script type=\"application\/ld+json\" class=\"yoast-schema-graph\">{\"@context\":\"https:\/\/schema.org\",\"@graph\":[{\"@type\":\"WebPage\",\"@id\":\"https:\/\/espak.ee\/epood\/toode\/koblas-12cm-gardena-combisystem\/\",\"url\":\"https:\/\/espak.ee\/epood\/toode\/koblas-12cm-gardena-combisystem\/\",\"name\":\"K\u00d5BLAS 12CM GARDENA COMBISYSTEM - Espak E-pood\",\"isPartOf\":{\"@id\":\"https:\/\/espak.ee\/epood\/#website\"},\"primaryImageOfPage\":{\"@id\":\"https:\/\/espak.ee\/epood\/toode\/koblas-12cm-gardena-combisystem\/#primaryimage\"},\"image\":{\"@id\":\"https:\/\/espak.ee\/epood\/toode\/koblas-12cm-gardena-combisystem\/#primaryimage\"},\"thumbnailUrl\":\"https:\/\/espak.ee\/epood\/wp-content\/uploads\/2026\/02\/GA410-0129.png.jpg\",\"datePublished\":\"2026-02-10T03:10:01+00:00\",\"dateModified\":\"2026-02-10T11:15:48+00:00\",\"breadcrumb\":{\"@id\":\"https:\/\/espak.ee\/epood\/toode\/koblas-12cm-gardena-combisystem\/#breadcrumb\"},\"inLanguage\":\"et\",\"potentialAction\":[{\"@type\":\"ReadAction\",\"target\":[\"https:\/\/espak.ee\/epood\/toode\/koblas-12cm-gardena-combisystem\/\"]}]},{\"@type\":\"ImageObject\",\"inLanguage\":\"et\",\"@id\":\"https:\/\/espak.ee\/epood\/toode\/koblas-12cm-gardena-combisystem\/#primaryimage\",\"url\":\"https:\/\/espak.ee\/epood\/wp-content\/uploads\/2026\/02\/GA410-0129.png.jpg\",\"contentUrl\":\"https:\/\/espak.ee\/epood\/wp-content\/uploads\/2026\/02\/GA410-0129.png.jpg\",\"width\":1000,\"height\":1000},{\"@type\":\"BreadcrumbList\",\"@id\":\"https:\/\/espak.ee\/epood\/toode\/koblas-12cm-gardena-combisystem\/#breadcrumb\",\"itemListElement\":[{\"@type\":\"ListItem\",\"position\":1,\"name\":\"Home\",\"item\":\"https:\/\/espak.ee\/epood\/\"},{\"@type\":\"ListItem\",\"position\":2,\"name\":\"Tootevalik\",\"item\":\"https:\/\/espak.ee\/epood\/tootevalik\/\"},{\"@type\":\"ListItem\",\"position\":3,\"name\":\"K\u00d5BLAS 12CM GARDENA COMBISYSTEM\"}]},{\"@type\":\"WebSite\",\"@id\":\"https:\/\/espak.ee\/epood\/#website\",\"url\":\"https:\/\/espak.ee\/epood\/\",\"name\":\"Espak E-pood\",\"description\":\"\",\"potentialAction\":[{\"@type\":\"SearchAction\",\"target\":{\"@type\":\"EntryPoint\",\"urlTemplate\":\"https:\/\/espak.ee\/epood\/?s={search_term_string}\"},\"query-input\":{\"@type\":\"PropertyValueSpecification\",\"valueRequired\":true,\"valueName\":\"search_term_string\"}}],\"inLanguage\":\"et\"}]}<\/script>\n<!-- \/ Yoast SEO plugin. -->","yoast_head_json":{"title":"K\u00d5BLAS 12CM GARDENA COMBISYSTEM - Espak E-pood","robots":{"index":"index","follow":"follow","max-snippet":"max-snippet:-1","max-image-preview":"max-image-preview:large","max-video-preview":"max-video-preview:-1"},"canonical":"https:\/\/espak.ee\/epood\/toode\/koblas-12cm-gardena-combisystem\/","og_locale":"et_EE","og_type":"article","og_title":"K\u00d5BLAS 12CM GARDENA COMBISYSTEM - Espak E-pood","og_url":"https:\/\/espak.ee\/epood\/toode\/koblas-12cm-gardena-combisystem\/","og_site_name":"Espak E-pood","article_modified_time":"2026-02-10T11:15:48+00:00","og_image":[{"width":1000,"height":1000,"url":"https:\/\/espak.ee\/epood\/wp-content\/uploads\/2026\/02\/GA410-0129.png.jpg","type":"image\/jpeg"}],"twitter_card":"summary_large_image","twitter_misc":{"Est. reading time":"1 minut"},"schema":{"@context":"https:\/\/schema.org","@graph":[{"@type":"WebPage","@id":"https:\/\/espak.ee\/epood\/toode\/koblas-12cm-gardena-combisystem\/","url":"https:\/\/espak.ee\/epood\/toode\/koblas-12cm-gardena-combisystem\/","name":"K\u00d5BLAS 12CM GARDENA COMBISYSTEM - Espak E-pood","isPartOf":{"@id":"https:\/\/espak.ee\/epood\/#website"},"primaryImageOfPage":{"@id":"https:\/\/espak.ee\/epood\/toode\/koblas-12cm-gardena-combisystem\/#primaryimage"},"image":{"@id":"https:\/\/espak.ee\/epood\/toode\/koblas-12cm-gardena-combisystem\/#primaryimage"},"thumbnailUrl":"https:\/\/espak.ee\/epood\/wp-content\/uploads\/2026\/02\/GA410-0129.png.jpg","datePublished":"2026-02-10T03:10:01+00:00","dateModified":"2026-02-10T11:15:48+00:00","breadcrumb":{"@id":"https:\/\/espak.ee\/epood\/toode\/koblas-12cm-gardena-combisystem\/#breadcrumb"},"inLanguage":"et","potentialAction":[{"@type":"ReadAction","target":["https:\/\/espak.ee\/epood\/toode\/koblas-12cm-gardena-combisystem\/"]}]},{"@type":"ImageObject","inLanguage":"et","@id":"https:\/\/espak.ee\/epood\/toode\/koblas-12cm-gardena-combisystem\/#primaryimage","url":"https:\/\/espak.ee\/epood\/wp-content\/uploads\/2026\/02\/GA410-0129.png.jpg","contentUrl":"https:\/\/espak.ee\/epood\/wp-content\/uploads\/2026\/02\/GA410-0129.png.jpg","width":1000,"height":1000},{"@type":"BreadcrumbList","@id":"https:\/\/espak.ee\/epood\/toode\/koblas-12cm-gardena-combisystem\/#breadcrumb","itemListElement":[{"@type":"ListItem","position":1,"name":"Home","item":"https:\/\/espak.ee\/epood\/"},{"@type":"ListItem","position":2,"name":"Tootevalik","item":"https:\/\/espak.ee\/epood\/tootevalik\/"},{"@type":"ListItem","position":3,"name":"K\u00d5BLAS 12CM GARDENA COMBISYSTEM"}]},{"@type":"WebSite","@id":"https:\/\/espak.ee\/epood\/#website","url":"https:\/\/espak.ee\/epood\/","name":"Espak E-pood","description":"","potentialAction":[{"@type":"SearchAction","target":{"@type":"EntryPoint","urlTemplate":"https:\/\/espak.ee\/epood\/?s={search_term_string}"},"query-input":{"@type":"PropertyValueSpecification","valueRequired":true,"valueName":"search_term_string"}}],"inLanguage":"et"}]}},"_links":{"self":[{"href":"https:\/\/espak.ee\/epood\/wp-json\/wp\/v2\/product\/263685","targetHints":{"allow":["GET"]}}],"collection":[{"href":"https:\/\/espak.ee\/epood\/wp-json\/wp\/v2\/product"}],"about":[{"href":"https:\/\/espak.ee\/epood\/wp-json\/wp\/v2\/types\/product"}],"replies":[{"embeddable":true,"href":"https:\/\/espak.ee\/epood\/wp-json\/wp\/v2\/comments?post=263685"}],"wp:featuredmedia":[{"embeddable":true,"href":"https:\/\/espak.ee\/epood\/wp-json\/wp\/v2\/media\/263840"}],"wp:attachment":[{"href":"https:\/\/espak.ee\/epood\/wp-json\/wp\/v2\/media?parent=263685"}],"wp:term":[{"taxonomy":"product_brand","embeddable":true,"href":"https:\/\/espak.ee\/epood\/wp-json\/wp\/v2\/product_brand?post=263685"},{"taxonomy":"product_cat","embeddable":true,"href":"https:\/\/espak.ee\/epood\/wp-json\/wp\/v2\/product_cat?post=263685"},{"taxonomy":"product_tag","embeddable":true,"href":"https:\/\/espak.ee\/epood\/wp-json\/wp\/v2\/product_tag?post=263685"}],"curies":[{"name":"wp","href":"https:\/\/api.w.org\/{rel}","templated":true}]}}