{"id":263182,"date":"2026-02-04T05:05:02","date_gmt":"2026-02-04T03:05:02","guid":{"rendered":"https:\/\/espak.ee\/epood\/?post_type=product&#038;p=263182"},"modified":"2026-02-16T16:09:25","modified_gmt":"2026-02-16T14:09:25","slug":"vee-ja-tolmuimeja-einhell-tc-vc-3055-sa","status":"publish","type":"product","link":"https:\/\/espak.ee\/epood\/toode\/vee-ja-tolmuimeja-einhell-tc-vc-3055-sa\/","title":{"rendered":"VEE- JA TOLMUIMEJA EINHELL TC-VC 3055 SA"},"content":{"rendered":"<div class=\"row\"  id=\"row-754642032\">\n\n\t<div id=\"col-959850866\" class=\"col medium-9 small-12 large-9\"  >\n\t\t\t\t<div class=\"col-inner\"  >\n\t\t\t\n\t\t\t\n<h3>Vee- ja tolmuimeja Einhell TC-VC 3055 SA<\/h3>\n<div class=\"message-box relative\" style=\"padding-top:15px;padding-bottom:15px;\"><div class=\"message-box-bg-image bg-fill fill\" ><\/div><div class=\"message-box-bg-overlay bg-fill fill\" ><\/div><div class=\"container relative\"><div class=\"inner last-reset\">\n<div class=\"row align-middle align-center\"  id=\"row-737807204\">\n\n\t<div id=\"col-1525688334\" class=\"col small-12 large-12\"  >\n\t\t\t\t<div class=\"col-inner text-left\"  >\n\t\t\t\n\t\t\t\n<h4>Omadused<\/h4>\n<div class=\"row\"  id=\"row-530166898\">\n\n\t<div id=\"col-2004408705\" class=\"col medium-6 small-12 large-6\"  >\n\t\t\t\t<div class=\"col-inner\"  >\n\t\t\t\n\t\t\t\n<p><i class=\"far fa-check-circle fa-2x\"><\/i><strong> Puhumisliitmik raskesti ligip\u00e4\u00e4setavate alade puhastamiseks\u00a0<\/strong><\/p>\n<p><i class=\"far fa-check-circle fa-2x\"><\/i><strong> K\u00e4ep\u00e4rane tarvikuhoidik puhtana hoidmiseks ja t\u00f6\u00f6tamiseks <\/strong><\/p>\n<p><i class=\"far fa-check-circle fa-2x\"><\/i><strong> Automaatne pistikupesa\u00a0<\/strong><\/p>\n<p><i class=\"far fa-check-circle fa-2x\"><\/i><strong> Suured rattad hea liikuvuse v\u00f5imaldamiseks\u00a0<\/strong><\/p>\n<p><i class=\"far fa-check-circle fa-2x\"><\/i><strong> Kaasas lai \u00fcldotsak vaipade ja siledate p\u00f5randate jaoks, piluotsik kitsaste kohtade jaoks\u00a0<\/strong><\/p>\n\t\t<\/div>\n\t\t\t\t\n<style>\n#col-2004408705 > .col-inner {\n  margin: 0px 0px 15px 0px;\n}\n<\/style>\n\t<\/div>\n\n\t\n\n\t<div id=\"col-1984571299\" class=\"col medium-6 small-12 large-6\"  >\n\t\t\t\t<div class=\"col-inner\"  >\n\t\t\t\n\t\t\t\n<p><i class=\"far fa-check-circle fa-2x\"><\/i><strong> Roostevabast terasest 30\u00a0l mahuti <\/strong><\/p>\n<p><i class=\"far fa-check-circle fa-2x\"><\/i><strong> Otstarbekas kaablihoidik korralikuks hoidmiseks\u00a0<\/strong><\/p>\n<p><i class=\"far fa-check-circle fa-2x\"><\/i><strong> Veet\u00fchjendusventiil imetud vee v\u00e4lja laskmiseks <\/strong><\/p>\n<p><i class=\"far fa-check-circle fa-2x\"><\/i><strong> Kaasas 2,5\u00a0m tugevdatud plastist imivoolik, \u00d8 36\u00a0mm\u00a0<\/strong><\/p>\n<p><i class=\"far fa-check-circle fa-2x\"><\/i><strong> Kaasas kurd- ja vahtfilter, tolmukott\u00a0<\/strong><\/p>\n\t\t<\/div>\n\t\t\t\t\n<style>\n#col-1984571299 > .col-inner {\n  margin: 0px 0px 15px 0px;\n}\n<\/style>\n\t<\/div>\n\n\t\n<\/div>\n\t\t<\/div>\n\t\t\t\t\t<\/div>\n\n\t\n<\/div>\n<\/div><\/div><\/div>\n\t<div id=\"gap-1333017830\" class=\"gap-element clearfix\" style=\"display:block; height:auto;\">\n\t\t\n<style>\n#gap-1333017830 {\n  padding-top: 30px;\n}\n<\/style>\n\t<\/div>\n\t\n<h3>Tootekirjeldus<\/h3>\n<p> V\u00f5imas Einhelli m\u00e4rg-\/kuivtolmuimeja TC-VC 3055 SA sobib p\u00f5hjalikuks puhastamiseks majas, t\u00f6\u00f6kojas ja garaa\u017eis. 900 W v\u00f5imsuse ja 190 mbar imemisv\u00f5imsusega eemaldab see tolmu, mustuse ja vedelikud v\u00e4ga erinevatelt pindadelt. Tolmuimeja on varustatud vastupidava 30 liitrise roostevabast terasest mahutiga. Integreeritud vee v\u00e4ljalaskeventiil v\u00f5imaldab imatud vedelike lihtsat t\u00fchjendamist. \u00d8 36 mm voolikus\u00fcsteem tagab suure \u00f5hu ja mustuse l\u00e4bilaskev\u00f5ime. Puhumis\u00fchendust kasutatakse raskesti ligip\u00e4\u00e4setavate kohtade, nt nurkade ja pragude puhastamiseks. Suured rattad ning kandek\u00e4epide tagavad lihtsa transpordi ja paindliku kasutamise. Lisaks on korpusesse integreeritud automaatne pistikupesa, kuhu saab \u00fchendada elektrit\u00f6\u00f6riistu. Kui \u00fchendatud t\u00f6\u00f6riist sisse v\u00f5i v\u00e4lja l\u00fclitada, l\u00fclitub m\u00e4rg-\/kuivtolmuimeja samuti automaatselt v\u00f5i v\u00e4ikese viivitusega sisse v\u00f5i v\u00e4lja. K\u00e4ep\u00e4rased tarviku- ja juhtmehoidik korpusel tagavad nende korraliku hoiustamise. Komplektis on 2,50 m imemisvoolik, kaheosaline pikendustoru, kombineeritud otsik vaipade ja k\u00f5vade p\u00f5randate jaoks ning piluotsak. Lisaks on komplektis vahtfilter, kurdfilter ja paberist tolmukott, et kohe alustada. <\/p>\n\t<div id=\"gap-497132057\" class=\"gap-element clearfix\" style=\"display:block; height:auto;\">\n\t\t\n<style>\n#gap-497132057 {\n  padding-top: 30px;\n}\n<\/style>\n\t<\/div>\n\t\n\t\t<\/div>\n\t\t\t\t\t<\/div>\n\n\t\n\n\t<div id=\"col-378662574\" class=\"col medium-3 small-12 large-3\"  >\n\t\t\t\t<div class=\"col-inner\"  >\n\t\t\t\n\t\t\t\n\t<div id=\"gap-868441346\" class=\"gap-element clearfix\" style=\"display:block; height:auto;\">\n\t\t\n<style>\n#gap-868441346 {\n  padding-top: 30px;\n}\n<\/style>\n\t<\/div>\n\t\n<h3>Kasutusjuhend<\/h3>\n<p><a href=\"https:\/\/espak.ee\/epood\/wp-content\/uploads\/2026\/02\/2342250-et.pdf\"target=\"_blank\" rel=\"noopener noreferrer\"><i class=\"far fa-file-pdf\"><\/i> Kasutusjhuend (PDF)<\/a><\/p>\n<div class=\"is-divider divider clearfix\" ><\/div>\n<p><strong>\u00dcksikasjalikuma n\u00f5u saamiseks v\u00f5tke \u00fchendust:<br \/><\/strong>Espak AS<br \/>Viadukti 42<br \/>11313<br \/>Tallinn<br \/>+372 6 512333<\/p>\n\t\t<\/div>\n\t\t\t\t\t<\/div>\n\n\t\n<\/div>\n","protected":false},"excerpt":{"rendered":"","protected":false},"featured_media":264439,"comment_status":"closed","ping_status":"closed","template":"","meta":[],"product_brand":[],"product_cat":[2680,2785,2679,2787],"product_tag":[],"class_list":{"0":"post-263182","1":"product","2":"type-product","3":"status-publish","4":"has-post-thumbnail","6":"product_cat-elektritooriistad","7":"product_cat-koristusseadmed","8":"product_cat-tooriistad","9":"product_cat-vee-ja-tolmuimejad","10":"pa_kaubamark-einhell","12":"first","13":"outofstock","14":"sale","15":"taxable","16":"shipping-taxable","17":"purchasable","18":"product-type-simple"},"yoast_head":"<!-- This site is optimized with the Yoast SEO plugin v26.9 - https:\/\/yoast.com\/product\/yoast-seo-wordpress\/ -->\n<title>VEE- JA TOLMUIMEJA EINHELL TC-VC 3055 SA - Espak E-pood<\/title>\n<meta name=\"robots\" content=\"index, follow, max-snippet:-1, max-image-preview:large, max-video-preview:-1\" \/>\n<link rel=\"canonical\" href=\"https:\/\/espak.ee\/epood\/toode\/vee-ja-tolmuimeja-einhell-tc-vc-3055-sa\/\" \/>\n<meta property=\"og:locale\" content=\"et_EE\" \/>\n<meta property=\"og:type\" content=\"article\" \/>\n<meta property=\"og:title\" content=\"VEE- JA TOLMUIMEJA EINHELL TC-VC 3055 SA - Espak E-pood\" \/>\n<meta property=\"og:url\" content=\"https:\/\/espak.ee\/epood\/toode\/vee-ja-tolmuimeja-einhell-tc-vc-3055-sa\/\" \/>\n<meta property=\"og:site_name\" content=\"Espak E-pood\" \/>\n<meta property=\"article:modified_time\" content=\"2026-02-16T14:09:25+00:00\" \/>\n<meta property=\"og:image\" content=\"https:\/\/espak.ee\/epood\/wp-content\/uploads\/2026\/02\/2342250_21014_001_TC_VC_3055_SA_Pic.jpg\" \/>\n\t<meta property=\"og:image:width\" content=\"1000\" \/>\n\t<meta property=\"og:image:height\" content=\"1000\" \/>\n\t<meta property=\"og:image:type\" content=\"image\/jpeg\" \/>\n<meta name=\"twitter:card\" content=\"summary_large_image\" \/>\n<meta name=\"twitter:label1\" content=\"Est. reading time\" \/>\n\t<meta name=\"twitter:data1\" content=\"2 minutit\" \/>\n<script type=\"application\/ld+json\" class=\"yoast-schema-graph\">{\"@context\":\"https:\/\/schema.org\",\"@graph\":[{\"@type\":\"WebPage\",\"@id\":\"https:\/\/espak.ee\/epood\/toode\/vee-ja-tolmuimeja-einhell-tc-vc-3055-sa\/\",\"url\":\"https:\/\/espak.ee\/epood\/toode\/vee-ja-tolmuimeja-einhell-tc-vc-3055-sa\/\",\"name\":\"VEE- JA TOLMUIMEJA EINHELL TC-VC 3055 SA - Espak E-pood\",\"isPartOf\":{\"@id\":\"https:\/\/espak.ee\/epood\/#website\"},\"primaryImageOfPage\":{\"@id\":\"https:\/\/espak.ee\/epood\/toode\/vee-ja-tolmuimeja-einhell-tc-vc-3055-sa\/#primaryimage\"},\"image\":{\"@id\":\"https:\/\/espak.ee\/epood\/toode\/vee-ja-tolmuimeja-einhell-tc-vc-3055-sa\/#primaryimage\"},\"thumbnailUrl\":\"https:\/\/espak.ee\/epood\/wp-content\/uploads\/2026\/02\/2342250_21014_001_TC_VC_3055_SA_Pic.jpg\",\"datePublished\":\"2026-02-04T03:05:02+00:00\",\"dateModified\":\"2026-02-16T14:09:25+00:00\",\"breadcrumb\":{\"@id\":\"https:\/\/espak.ee\/epood\/toode\/vee-ja-tolmuimeja-einhell-tc-vc-3055-sa\/#breadcrumb\"},\"inLanguage\":\"et\",\"potentialAction\":[{\"@type\":\"ReadAction\",\"target\":[\"https:\/\/espak.ee\/epood\/toode\/vee-ja-tolmuimeja-einhell-tc-vc-3055-sa\/\"]}]},{\"@type\":\"ImageObject\",\"inLanguage\":\"et\",\"@id\":\"https:\/\/espak.ee\/epood\/toode\/vee-ja-tolmuimeja-einhell-tc-vc-3055-sa\/#primaryimage\",\"url\":\"https:\/\/espak.ee\/epood\/wp-content\/uploads\/2026\/02\/2342250_21014_001_TC_VC_3055_SA_Pic.jpg\",\"contentUrl\":\"https:\/\/espak.ee\/epood\/wp-content\/uploads\/2026\/02\/2342250_21014_001_TC_VC_3055_SA_Pic.jpg\",\"width\":1000,\"height\":1000},{\"@type\":\"BreadcrumbList\",\"@id\":\"https:\/\/espak.ee\/epood\/toode\/vee-ja-tolmuimeja-einhell-tc-vc-3055-sa\/#breadcrumb\",\"itemListElement\":[{\"@type\":\"ListItem\",\"position\":1,\"name\":\"Home\",\"item\":\"https:\/\/espak.ee\/epood\/\"},{\"@type\":\"ListItem\",\"position\":2,\"name\":\"Tootevalik\",\"item\":\"https:\/\/espak.ee\/epood\/tootevalik\/\"},{\"@type\":\"ListItem\",\"position\":3,\"name\":\"VEE- JA TOLMUIMEJA EINHELL TC-VC 3055 SA\"}]},{\"@type\":\"WebSite\",\"@id\":\"https:\/\/espak.ee\/epood\/#website\",\"url\":\"https:\/\/espak.ee\/epood\/\",\"name\":\"Espak E-pood\",\"description\":\"\",\"potentialAction\":[{\"@type\":\"SearchAction\",\"target\":{\"@type\":\"EntryPoint\",\"urlTemplate\":\"https:\/\/espak.ee\/epood\/?s={search_term_string}\"},\"query-input\":{\"@type\":\"PropertyValueSpecification\",\"valueRequired\":true,\"valueName\":\"search_term_string\"}}],\"inLanguage\":\"et\"}]}<\/script>\n<!-- \/ Yoast SEO plugin. -->","yoast_head_json":{"title":"VEE- JA TOLMUIMEJA EINHELL TC-VC 3055 SA - Espak E-pood","robots":{"index":"index","follow":"follow","max-snippet":"max-snippet:-1","max-image-preview":"max-image-preview:large","max-video-preview":"max-video-preview:-1"},"canonical":"https:\/\/espak.ee\/epood\/toode\/vee-ja-tolmuimeja-einhell-tc-vc-3055-sa\/","og_locale":"et_EE","og_type":"article","og_title":"VEE- JA TOLMUIMEJA EINHELL TC-VC 3055 SA - Espak E-pood","og_url":"https:\/\/espak.ee\/epood\/toode\/vee-ja-tolmuimeja-einhell-tc-vc-3055-sa\/","og_site_name":"Espak E-pood","article_modified_time":"2026-02-16T14:09:25+00:00","og_image":[{"width":1000,"height":1000,"url":"https:\/\/espak.ee\/epood\/wp-content\/uploads\/2026\/02\/2342250_21014_001_TC_VC_3055_SA_Pic.jpg","type":"image\/jpeg"}],"twitter_card":"summary_large_image","twitter_misc":{"Est. reading time":"2 minutit"},"schema":{"@context":"https:\/\/schema.org","@graph":[{"@type":"WebPage","@id":"https:\/\/espak.ee\/epood\/toode\/vee-ja-tolmuimeja-einhell-tc-vc-3055-sa\/","url":"https:\/\/espak.ee\/epood\/toode\/vee-ja-tolmuimeja-einhell-tc-vc-3055-sa\/","name":"VEE- JA TOLMUIMEJA EINHELL TC-VC 3055 SA - Espak E-pood","isPartOf":{"@id":"https:\/\/espak.ee\/epood\/#website"},"primaryImageOfPage":{"@id":"https:\/\/espak.ee\/epood\/toode\/vee-ja-tolmuimeja-einhell-tc-vc-3055-sa\/#primaryimage"},"image":{"@id":"https:\/\/espak.ee\/epood\/toode\/vee-ja-tolmuimeja-einhell-tc-vc-3055-sa\/#primaryimage"},"thumbnailUrl":"https:\/\/espak.ee\/epood\/wp-content\/uploads\/2026\/02\/2342250_21014_001_TC_VC_3055_SA_Pic.jpg","datePublished":"2026-02-04T03:05:02+00:00","dateModified":"2026-02-16T14:09:25+00:00","breadcrumb":{"@id":"https:\/\/espak.ee\/epood\/toode\/vee-ja-tolmuimeja-einhell-tc-vc-3055-sa\/#breadcrumb"},"inLanguage":"et","potentialAction":[{"@type":"ReadAction","target":["https:\/\/espak.ee\/epood\/toode\/vee-ja-tolmuimeja-einhell-tc-vc-3055-sa\/"]}]},{"@type":"ImageObject","inLanguage":"et","@id":"https:\/\/espak.ee\/epood\/toode\/vee-ja-tolmuimeja-einhell-tc-vc-3055-sa\/#primaryimage","url":"https:\/\/espak.ee\/epood\/wp-content\/uploads\/2026\/02\/2342250_21014_001_TC_VC_3055_SA_Pic.jpg","contentUrl":"https:\/\/espak.ee\/epood\/wp-content\/uploads\/2026\/02\/2342250_21014_001_TC_VC_3055_SA_Pic.jpg","width":1000,"height":1000},{"@type":"BreadcrumbList","@id":"https:\/\/espak.ee\/epood\/toode\/vee-ja-tolmuimeja-einhell-tc-vc-3055-sa\/#breadcrumb","itemListElement":[{"@type":"ListItem","position":1,"name":"Home","item":"https:\/\/espak.ee\/epood\/"},{"@type":"ListItem","position":2,"name":"Tootevalik","item":"https:\/\/espak.ee\/epood\/tootevalik\/"},{"@type":"ListItem","position":3,"name":"VEE- JA TOLMUIMEJA EINHELL TC-VC 3055 SA"}]},{"@type":"WebSite","@id":"https:\/\/espak.ee\/epood\/#website","url":"https:\/\/espak.ee\/epood\/","name":"Espak E-pood","description":"","potentialAction":[{"@type":"SearchAction","target":{"@type":"EntryPoint","urlTemplate":"https:\/\/espak.ee\/epood\/?s={search_term_string}"},"query-input":{"@type":"PropertyValueSpecification","valueRequired":true,"valueName":"search_term_string"}}],"inLanguage":"et"}]}},"_links":{"self":[{"href":"https:\/\/espak.ee\/epood\/wp-json\/wp\/v2\/product\/263182","targetHints":{"allow":["GET"]}}],"collection":[{"href":"https:\/\/espak.ee\/epood\/wp-json\/wp\/v2\/product"}],"about":[{"href":"https:\/\/espak.ee\/epood\/wp-json\/wp\/v2\/types\/product"}],"replies":[{"embeddable":true,"href":"https:\/\/espak.ee\/epood\/wp-json\/wp\/v2\/comments?post=263182"}],"wp:featuredmedia":[{"embeddable":true,"href":"https:\/\/espak.ee\/epood\/wp-json\/wp\/v2\/media\/264439"}],"wp:attachment":[{"href":"https:\/\/espak.ee\/epood\/wp-json\/wp\/v2\/media?parent=263182"}],"wp:term":[{"taxonomy":"product_brand","embeddable":true,"href":"https:\/\/espak.ee\/epood\/wp-json\/wp\/v2\/product_brand?post=263182"},{"taxonomy":"product_cat","embeddable":true,"href":"https:\/\/espak.ee\/epood\/wp-json\/wp\/v2\/product_cat?post=263182"},{"taxonomy":"product_tag","embeddable":true,"href":"https:\/\/espak.ee\/epood\/wp-json\/wp\/v2\/product_tag?post=263182"}],"curies":[{"name":"wp","href":"https:\/\/api.w.org\/{rel}","templated":true}]}}