{"id":262725,"date":"2026-01-30T05:05:02","date_gmt":"2026-01-30T03:05:02","guid":{"rendered":"https:\/\/espak.ee\/epood\/?post_type=product&#038;p=262725"},"modified":"2026-01-30T09:22:26","modified_gmt":"2026-01-30T07:22:26","slug":"toovalgusti-the-mechanic-rapid","status":"publish","type":"product","link":"https:\/\/espak.ee\/epood\/toode\/toovalgusti-the-mechanic-rapid\/","title":{"rendered":"T\u00d6\u00d6VALGUSTI THE MECHANIC RAPID"},"content":{"rendered":"<div class=\"row\"  id=\"row-1573267450\">\n\n\t<div id=\"col-1294542806\" class=\"col medium-9 small-12 large-9\"  >\n\t\t\t\t<div class=\"col-inner\"  >\n\t\t\t\n\t\t\t\n<h3>T\u00f6\u00f6valgusti The Mechanic Rapid <\/h3>\n<div class=\"message-box relative\" style=\"padding-top:15px;padding-bottom:15px;\"><div class=\"message-box-bg-image bg-fill fill\" ><\/div><div class=\"message-box-bg-overlay bg-fill fill\" ><\/div><div class=\"container relative\"><div class=\"inner last-reset\">\n<div class=\"row align-middle align-center\"  id=\"row-1381282419\">\n\n\t<div id=\"col-1059506295\" class=\"col small-12 large-12\"  >\n\t\t\t\t<div class=\"col-inner text-left\"  >\n\t\t\t\n\t\t\t\n<h4>Omadused<\/h4>\n<div class=\"row\"  id=\"row-809156916\">\n\n\t<div id=\"col-803958593\" class=\"col medium-6 small-12 large-6\"  >\n\t\t\t\t<div class=\"col-inner\"  >\n\t\t\t\n\t\t\t\n<p><i class=\"fa fa-check fa-2x\"><\/i> <strong>LED-valgustus s\u00f5idukite remondi- ja nokitsemist\u00f6\u00f6deks<\/strong><\/p>\n<p><i class=\"fa fa-check fa-2x\"><\/i> <strong>Lahtik\u00e4iv valgustusvars valgusallikatega nii \u00fcla- kui ka k\u00fcljeosas<\/strong><\/p>\n<p><i class=\"fa fa-check fa-2x\"><\/i> <strong>V\u00f5imas k\u00fclg-LED laia valgusvihuga \u2013 500 v\u00f5i 250 luumenit<\/strong><\/p>\n<p><i class=\"fa fa-check fa-2x\"><\/i> <strong>\u00dclemine t\u00e4ppisvalgusti 50 luumeniga<\/strong><\/p>\n<p><i class=\"fa fa-check fa-2x\"><\/i> <strong>T\u00f5hus t\u00f6\u00f6valgusti kitsastes ja raskesti ligip\u00e4\u00e4setavates kohtades<\/strong><\/p>\n\t\t<\/div>\n\t\t\t\t\n<style>\n#col-803958593 > .col-inner {\n  margin: 10px 0px 15px 0px;\n}\n<\/style>\n\t<\/div>\n\n\t\n\n\t<div id=\"col-2064848909\" class=\"col medium-6 small-12 large-6\"  >\n\t\t\t\t<div class=\"col-inner\"  >\n\t\t\t\n\t\t\t\n<p><i class=\"fa fa-check fa-2x\"><\/i> <strong>Vastupidav ja praktiline kasutamiseks garaa\u017eis<\/strong><\/p>\n<p><i class=\"fa fa-check fa-2x\"><\/i> <strong>Varustatud konksu ja magnetiga riputamiseks v\u00f5i metallpindadele kinnitamiseks<\/strong><\/p>\n<p><i class=\"fa fa-check fa-2x\"><\/i> <strong>T\u00f6\u00f6aeg: k\u00fclgvalgustil 3 tundi; \u00fclemisel valgustil kuni 10 tundi<\/strong><\/p>\n<p><i class=\"fa fa-check fa-2x\"><\/i> <strong> Integreeritud 3,6 V Li-ioonaku \u2013 laadimisaeg ligikaudu 4 tundi<\/strong><\/p>\n<p><i class=\"fa fa-check fa-2x\"><\/i> <strong> Micro-USB laadimiskaabel komplektis<\/strong><\/p>\n\t\t<\/div>\n\t\t\t\t\n<style>\n#col-2064848909 > .col-inner {\n  margin: 10px 0px 15px 0px;\n}\n<\/style>\n\t<\/div>\n\n\t\n<\/div>\n\t\t<\/div>\n\t\t\t\t\t<\/div>\n\n\t\n<\/div>\n<\/div><\/div><\/div>\n\t<div id=\"gap-2019769333\" class=\"gap-element clearfix\" style=\"display:block; height:auto;\">\n\t\t\n<style>\n#gap-2019769333 {\n  padding-top: 30px;\n}\n<\/style>\n\t<\/div>\n\t\n<p>The Mechanic on kompaktne ja vastupidav LED-k\u00e4sivalgusti, mis sobib ideaalselt garaa\u017ei ning kasutamiseks kitsastes kohtades, n\u00e4iteks auto kapoti all t\u00f6\u00f6tamisel.\n<\/p>\n\t\t<\/div>\n\t\t\t\t\t<\/div>\n\n\t\n\n\t<div id=\"col-1449422310\" class=\"col medium-3 small-12 large-3\"  >\n\t\t\t\t<div class=\"col-inner\"  >\n\t\t\t\n\t\t\t\n\t<div id=\"gap-2032781094\" class=\"gap-element clearfix\" style=\"display:block; height:auto;\">\n\t\t\n<style>\n#gap-2032781094 {\n  padding-top: 30px;\n}\n<\/style>\n\t<\/div>\n\t\n<img decoding=\"async\" src=\"https:\/\/espak.ee\/epood\/wp-content\/uploads\/2023\/02\/ra_Rapid_logo-300x165.png\" alt=\"\" width=\"300\" height=\"165\" class=\"alignnone size-medium wp-image-151850\" srcset=\"https:\/\/espak.ee\/epood\/wp-content\/uploads\/2023\/02\/ra_Rapid_logo-300x165.png 300w, https:\/\/espak.ee\/epood\/wp-content\/uploads\/2023\/02\/ra_Rapid_logo-500x275.png 500w, https:\/\/espak.ee\/epood\/wp-content\/uploads\/2023\/02\/ra_Rapid_logo-769x423.png 769w, https:\/\/espak.ee\/epood\/wp-content\/uploads\/2023\/02\/ra_Rapid_logo-1024x564.png 1024w, https:\/\/espak.ee\/epood\/wp-content\/uploads\/2023\/02\/ra_Rapid_logo-150x83.png 150w, https:\/\/espak.ee\/epood\/wp-content\/uploads\/2023\/02\/ra_Rapid_logo-768x423.png 768w, https:\/\/espak.ee\/epood\/wp-content\/uploads\/2023\/02\/ra_Rapid_logo.png 1379w\" sizes=\"(max-width: 300px) 100vw, 300px\" \/><\/p>\n<div class=\"is-divider divider clearfix\" ><\/div>\n<h3>Kasutusjuhend<\/h3>\n<p><a href=\"https:\/\/espak.ee\/epood\/wp-content\/uploads\/2026\/01\/Manual_Rapid_The_Inspector_The_Mechanic_Work_light.pdf\"target=\"_blank\" rel=\"noopener noreferrer\"><i class=\"far fa-file-pdf\"><\/i> Kasutusjuhend (PDF)<\/a><\/p>\n<p><strong>\u00dcksikasjalikuma n\u00f5u saamiseks v\u00f5tke \u00fchendust:<br \/><\/strong>Espak AS<br \/>Viadukti 42<br \/>11313<br \/>Tallinn<br \/> T\u00f6\u00f6riista osakond +372 6512 335<br \/><a href=\"mailto:tooriist@espak.ee\">tooriist@espak.ee<\/a><\/p>\n\t\t<\/div>\n\t\t\t\t\t<\/div>\n\n\t\n<\/div>\n","protected":false},"excerpt":{"rendered":"","protected":false},"featured_media":262759,"comment_status":"closed","ping_status":"closed","template":"","meta":[],"product_brand":[],"product_cat":[2788,2941,2942,2943],"product_tag":[],"class_list":{"0":"post-262725","1":"product","2":"type-product","3":"status-publish","4":"has-post-thumbnail","6":"product_cat-aiatarbed-ja-kodukaubad","7":"product_cat-autokaubad","8":"product_cat-autokaubad-autokaubad","9":"product_cat-autotarvikud","10":"pa_kaubamark-rapid","12":"first","13":"instock","14":"sale","15":"taxable","16":"shipping-taxable","17":"purchasable","18":"product-type-simple"},"yoast_head":"<!-- This site is optimized with the Yoast SEO plugin v26.9 - https:\/\/yoast.com\/product\/yoast-seo-wordpress\/ -->\n<title>T\u00d6\u00d6VALGUSTI THE MECHANIC RAPID - Espak E-pood<\/title>\n<meta name=\"robots\" content=\"index, follow, max-snippet:-1, max-image-preview:large, max-video-preview:-1\" \/>\n<link rel=\"canonical\" href=\"https:\/\/espak.ee\/epood\/toode\/toovalgusti-the-mechanic-rapid\/\" \/>\n<meta property=\"og:locale\" content=\"et_EE\" \/>\n<meta property=\"og:type\" content=\"article\" \/>\n<meta property=\"og:title\" content=\"T\u00d6\u00d6VALGUSTI THE MECHANIC RAPID - Espak E-pood\" \/>\n<meta property=\"og:url\" content=\"https:\/\/espak.ee\/epood\/toode\/toovalgusti-the-mechanic-rapid\/\" \/>\n<meta property=\"og:site_name\" content=\"Espak E-pood\" \/>\n<meta property=\"article:modified_time\" content=\"2026-01-30T07:22:26+00:00\" \/>\n<meta property=\"og:image\" content=\"https:\/\/espak.ee\/epood\/wp-content\/uploads\/2026\/01\/5001733.jpg\" \/>\n\t<meta property=\"og:image:width\" content=\"1000\" \/>\n\t<meta property=\"og:image:height\" content=\"1000\" \/>\n\t<meta property=\"og:image:type\" content=\"image\/jpeg\" \/>\n<meta name=\"twitter:card\" content=\"summary_large_image\" \/>\n<meta name=\"twitter:label1\" content=\"Est. reading time\" \/>\n\t<meta name=\"twitter:data1\" content=\"1 minut\" \/>\n<script type=\"application\/ld+json\" class=\"yoast-schema-graph\">{\"@context\":\"https:\/\/schema.org\",\"@graph\":[{\"@type\":\"WebPage\",\"@id\":\"https:\/\/espak.ee\/epood\/toode\/toovalgusti-the-mechanic-rapid\/\",\"url\":\"https:\/\/espak.ee\/epood\/toode\/toovalgusti-the-mechanic-rapid\/\",\"name\":\"T\u00d6\u00d6VALGUSTI THE MECHANIC RAPID - Espak E-pood\",\"isPartOf\":{\"@id\":\"https:\/\/espak.ee\/epood\/#website\"},\"primaryImageOfPage\":{\"@id\":\"https:\/\/espak.ee\/epood\/toode\/toovalgusti-the-mechanic-rapid\/#primaryimage\"},\"image\":{\"@id\":\"https:\/\/espak.ee\/epood\/toode\/toovalgusti-the-mechanic-rapid\/#primaryimage\"},\"thumbnailUrl\":\"https:\/\/espak.ee\/epood\/wp-content\/uploads\/2026\/01\/5001733.jpg\",\"datePublished\":\"2026-01-30T03:05:02+00:00\",\"dateModified\":\"2026-01-30T07:22:26+00:00\",\"breadcrumb\":{\"@id\":\"https:\/\/espak.ee\/epood\/toode\/toovalgusti-the-mechanic-rapid\/#breadcrumb\"},\"inLanguage\":\"et\",\"potentialAction\":[{\"@type\":\"ReadAction\",\"target\":[\"https:\/\/espak.ee\/epood\/toode\/toovalgusti-the-mechanic-rapid\/\"]}]},{\"@type\":\"ImageObject\",\"inLanguage\":\"et\",\"@id\":\"https:\/\/espak.ee\/epood\/toode\/toovalgusti-the-mechanic-rapid\/#primaryimage\",\"url\":\"https:\/\/espak.ee\/epood\/wp-content\/uploads\/2026\/01\/5001733.jpg\",\"contentUrl\":\"https:\/\/espak.ee\/epood\/wp-content\/uploads\/2026\/01\/5001733.jpg\",\"width\":1000,\"height\":1000},{\"@type\":\"BreadcrumbList\",\"@id\":\"https:\/\/espak.ee\/epood\/toode\/toovalgusti-the-mechanic-rapid\/#breadcrumb\",\"itemListElement\":[{\"@type\":\"ListItem\",\"position\":1,\"name\":\"Home\",\"item\":\"https:\/\/espak.ee\/epood\/\"},{\"@type\":\"ListItem\",\"position\":2,\"name\":\"Tootevalik\",\"item\":\"https:\/\/espak.ee\/epood\/tootevalik\/\"},{\"@type\":\"ListItem\",\"position\":3,\"name\":\"T\u00d6\u00d6VALGUSTI THE MECHANIC RAPID\"}]},{\"@type\":\"WebSite\",\"@id\":\"https:\/\/espak.ee\/epood\/#website\",\"url\":\"https:\/\/espak.ee\/epood\/\",\"name\":\"Espak E-pood\",\"description\":\"\",\"potentialAction\":[{\"@type\":\"SearchAction\",\"target\":{\"@type\":\"EntryPoint\",\"urlTemplate\":\"https:\/\/espak.ee\/epood\/?s={search_term_string}\"},\"query-input\":{\"@type\":\"PropertyValueSpecification\",\"valueRequired\":true,\"valueName\":\"search_term_string\"}}],\"inLanguage\":\"et\"}]}<\/script>\n<!-- \/ Yoast SEO plugin. -->","yoast_head_json":{"title":"T\u00d6\u00d6VALGUSTI THE MECHANIC RAPID - Espak E-pood","robots":{"index":"index","follow":"follow","max-snippet":"max-snippet:-1","max-image-preview":"max-image-preview:large","max-video-preview":"max-video-preview:-1"},"canonical":"https:\/\/espak.ee\/epood\/toode\/toovalgusti-the-mechanic-rapid\/","og_locale":"et_EE","og_type":"article","og_title":"T\u00d6\u00d6VALGUSTI THE MECHANIC RAPID - Espak E-pood","og_url":"https:\/\/espak.ee\/epood\/toode\/toovalgusti-the-mechanic-rapid\/","og_site_name":"Espak E-pood","article_modified_time":"2026-01-30T07:22:26+00:00","og_image":[{"width":1000,"height":1000,"url":"https:\/\/espak.ee\/epood\/wp-content\/uploads\/2026\/01\/5001733.jpg","type":"image\/jpeg"}],"twitter_card":"summary_large_image","twitter_misc":{"Est. reading time":"1 minut"},"schema":{"@context":"https:\/\/schema.org","@graph":[{"@type":"WebPage","@id":"https:\/\/espak.ee\/epood\/toode\/toovalgusti-the-mechanic-rapid\/","url":"https:\/\/espak.ee\/epood\/toode\/toovalgusti-the-mechanic-rapid\/","name":"T\u00d6\u00d6VALGUSTI THE MECHANIC RAPID - Espak E-pood","isPartOf":{"@id":"https:\/\/espak.ee\/epood\/#website"},"primaryImageOfPage":{"@id":"https:\/\/espak.ee\/epood\/toode\/toovalgusti-the-mechanic-rapid\/#primaryimage"},"image":{"@id":"https:\/\/espak.ee\/epood\/toode\/toovalgusti-the-mechanic-rapid\/#primaryimage"},"thumbnailUrl":"https:\/\/espak.ee\/epood\/wp-content\/uploads\/2026\/01\/5001733.jpg","datePublished":"2026-01-30T03:05:02+00:00","dateModified":"2026-01-30T07:22:26+00:00","breadcrumb":{"@id":"https:\/\/espak.ee\/epood\/toode\/toovalgusti-the-mechanic-rapid\/#breadcrumb"},"inLanguage":"et","potentialAction":[{"@type":"ReadAction","target":["https:\/\/espak.ee\/epood\/toode\/toovalgusti-the-mechanic-rapid\/"]}]},{"@type":"ImageObject","inLanguage":"et","@id":"https:\/\/espak.ee\/epood\/toode\/toovalgusti-the-mechanic-rapid\/#primaryimage","url":"https:\/\/espak.ee\/epood\/wp-content\/uploads\/2026\/01\/5001733.jpg","contentUrl":"https:\/\/espak.ee\/epood\/wp-content\/uploads\/2026\/01\/5001733.jpg","width":1000,"height":1000},{"@type":"BreadcrumbList","@id":"https:\/\/espak.ee\/epood\/toode\/toovalgusti-the-mechanic-rapid\/#breadcrumb","itemListElement":[{"@type":"ListItem","position":1,"name":"Home","item":"https:\/\/espak.ee\/epood\/"},{"@type":"ListItem","position":2,"name":"Tootevalik","item":"https:\/\/espak.ee\/epood\/tootevalik\/"},{"@type":"ListItem","position":3,"name":"T\u00d6\u00d6VALGUSTI THE MECHANIC RAPID"}]},{"@type":"WebSite","@id":"https:\/\/espak.ee\/epood\/#website","url":"https:\/\/espak.ee\/epood\/","name":"Espak E-pood","description":"","potentialAction":[{"@type":"SearchAction","target":{"@type":"EntryPoint","urlTemplate":"https:\/\/espak.ee\/epood\/?s={search_term_string}"},"query-input":{"@type":"PropertyValueSpecification","valueRequired":true,"valueName":"search_term_string"}}],"inLanguage":"et"}]}},"_links":{"self":[{"href":"https:\/\/espak.ee\/epood\/wp-json\/wp\/v2\/product\/262725","targetHints":{"allow":["GET"]}}],"collection":[{"href":"https:\/\/espak.ee\/epood\/wp-json\/wp\/v2\/product"}],"about":[{"href":"https:\/\/espak.ee\/epood\/wp-json\/wp\/v2\/types\/product"}],"replies":[{"embeddable":true,"href":"https:\/\/espak.ee\/epood\/wp-json\/wp\/v2\/comments?post=262725"}],"wp:featuredmedia":[{"embeddable":true,"href":"https:\/\/espak.ee\/epood\/wp-json\/wp\/v2\/media\/262759"}],"wp:attachment":[{"href":"https:\/\/espak.ee\/epood\/wp-json\/wp\/v2\/media?parent=262725"}],"wp:term":[{"taxonomy":"product_brand","embeddable":true,"href":"https:\/\/espak.ee\/epood\/wp-json\/wp\/v2\/product_brand?post=262725"},{"taxonomy":"product_cat","embeddable":true,"href":"https:\/\/espak.ee\/epood\/wp-json\/wp\/v2\/product_cat?post=262725"},{"taxonomy":"product_tag","embeddable":true,"href":"https:\/\/espak.ee\/epood\/wp-json\/wp\/v2\/product_tag?post=262725"}],"curies":[{"name":"wp","href":"https:\/\/api.w.org\/{rel}","templated":true}]}}