{"id":262564,"date":"2026-01-29T05:10:01","date_gmt":"2026-01-29T03:10:01","guid":{"rendered":"https:\/\/espak.ee\/epood\/?post_type=product&#038;p=262564"},"modified":"2026-03-21T10:06:08","modified_gmt":"2026-03-21T08:06:08","slug":"muldvarv-falu-vapen-4l-must","status":"publish","type":"product","link":"https:\/\/espak.ee\/epood\/toode\/muldvarv-falu-vapen-4l-must\/","title":{"rendered":"MULDV\u00c4RV FALU VAPEN 4L MUST"},"content":{"rendered":"<div class=\"row\"  id=\"row-1430106552\">\n\n\t<div id=\"col-993136908\" class=\"col medium-9 small-12 large-9\"  >\n\t\t\t\t<div class=\"col-inner\"  >\n\t\t\t\n\t\t\t\n<h3>Muldv\u00e4rv Falu Vapen must 4L <\/h3>\n<p>Looduslikest toorainetest valmistatud traditsiooniline keedetud muldv\u00e4rv. Sisaldab lina\u00f5li, raudvitrioli, t\u00e4rklist ning looduslikke pigmente. <\/p>\n<p>FALU VAPEN Punane ja Must muldv\u00e4rv on p\u00f5hjamaade LUIGEM\u00c4RK \u00f6kom\u00e4rgisega tunnustatud traditsiooniline muldv\u00e4rv, mis on valmistatud hoolikalt testitud linaseemne\u00f5list, jahust, raudvitrioolist ja taaskasutatud terasest raudoksiidi pigmendist. V\u00e4rvi keedetakse ja toodetakse nii, nagu traditsioonililist muldv\u00e4rvi on on tehtud sajandeid, kuid sellel puuduvad kahjulikud raskmetallid, mis v\u00f5ivad maa seest kaevandatavate pigmentidega kaasneda. V\u00e4rv on m\u00f5eldud uue puidu v\u00f5i varem muldv\u00e4rviga v\u00e4rvitud puidu v\u00e4rvimiseks. <\/p>\n<p>100% looduslik toode.<\/p>\n<p>Retsept, mis on p\u00e4rit aastast 1764.\n<\/p>\n\t\t<\/div>\n\t\t\t\t\t<\/div>\n\n\t\n\n\t<div id=\"col-5653558\" class=\"col medium-3 small-12 large-3\"  >\n\t\t\t\t<div class=\"col-inner\"  >\n\t\t\t\n\t\t\t\n<h3>Ohutuskaart<\/h3>\n<p><a href=\"https:\/\/espak.ee\/epood\/wp-content\/uploads\/2023\/06\/45_-_EE_4.pdf\"target=\"_blank\" rel=\"noopener noreferrer\"><i class=\"far fa-file-pdf\"><\/i> Ohutuskaart (PDF)<\/a><\/p>\n<p><strong>\u00dcksikasjalikuma n\u00f5u saamiseks v\u00f5tke \u00fchendust:<br \/><\/strong>Hansav\u00e4rv O\u00dc<br \/>Tuleviku tee 10, Peetri alevik<br \/>75312<br \/>Harjumaa<br \/> Telefon +372 6544 934<\/p>\n\t\t<\/div>\n\t\t\t\t\t<\/div>\n\n\t\n<\/div>\n","protected":false},"excerpt":{"rendered":"","protected":false},"featured_media":262591,"comment_status":"closed","ping_status":"closed","template":"","meta":[],"product_brand":[],"product_cat":[2690,2685,2684,2683],"product_tag":[],"class_list":{"0":"post-262564","1":"product","2":"type-product","3":"status-publish","4":"has-post-thumbnail","6":"product_cat-puiduvarvid","7":"product_cat-varvid","8":"product_cat-varvid-lakid-lahustid-puidukaitsed-olid","9":"product_cat-viimistluskaubad","10":"product_shipping_class-dpd-cold","11":"pa_kaubamark-hansavarv","13":"first","14":"instock","15":"sale","16":"taxable","17":"shipping-taxable","18":"purchasable","19":"product-type-simple"},"yoast_head":"<!-- This site is optimized with the Yoast SEO plugin v26.9 - https:\/\/yoast.com\/product\/yoast-seo-wordpress\/ -->\n<title>MULDV\u00c4RV FALU VAPEN 4L MUST - Espak E-pood<\/title>\n<meta name=\"robots\" content=\"index, follow, max-snippet:-1, max-image-preview:large, max-video-preview:-1\" \/>\n<link rel=\"canonical\" href=\"https:\/\/espak.ee\/epood\/toode\/muldvarv-falu-vapen-4l-must\/\" \/>\n<meta property=\"og:locale\" content=\"et_EE\" \/>\n<meta property=\"og:type\" content=\"article\" \/>\n<meta property=\"og:title\" content=\"MULDV\u00c4RV FALU VAPEN 4L MUST - Espak E-pood\" \/>\n<meta property=\"og:url\" content=\"https:\/\/espak.ee\/epood\/toode\/muldvarv-falu-vapen-4l-must\/\" \/>\n<meta property=\"og:site_name\" content=\"Espak E-pood\" \/>\n<meta property=\"article:modified_time\" content=\"2026-03-21T08:06:08+00:00\" \/>\n<meta property=\"og:image\" content=\"https:\/\/espak.ee\/epood\/wp-content\/uploads\/2026\/01\/faluvapen-rodfarg-svart.jpg\" \/>\n\t<meta property=\"og:image:width\" content=\"600\" \/>\n\t<meta property=\"og:image:height\" content=\"600\" \/>\n\t<meta property=\"og:image:type\" content=\"image\/jpeg\" \/>\n<meta name=\"twitter:card\" content=\"summary_large_image\" \/>\n<meta name=\"twitter:label1\" content=\"Est. reading time\" \/>\n\t<meta name=\"twitter:data1\" content=\"1 minut\" \/>\n<script type=\"application\/ld+json\" class=\"yoast-schema-graph\">{\"@context\":\"https:\/\/schema.org\",\"@graph\":[{\"@type\":\"WebPage\",\"@id\":\"https:\/\/espak.ee\/epood\/toode\/muldvarv-falu-vapen-4l-must\/\",\"url\":\"https:\/\/espak.ee\/epood\/toode\/muldvarv-falu-vapen-4l-must\/\",\"name\":\"MULDV\u00c4RV FALU VAPEN 4L MUST - Espak E-pood\",\"isPartOf\":{\"@id\":\"https:\/\/espak.ee\/epood\/#website\"},\"primaryImageOfPage\":{\"@id\":\"https:\/\/espak.ee\/epood\/toode\/muldvarv-falu-vapen-4l-must\/#primaryimage\"},\"image\":{\"@id\":\"https:\/\/espak.ee\/epood\/toode\/muldvarv-falu-vapen-4l-must\/#primaryimage\"},\"thumbnailUrl\":\"https:\/\/espak.ee\/epood\/wp-content\/uploads\/2026\/01\/faluvapen-rodfarg-svart.jpg\",\"datePublished\":\"2026-01-29T03:10:01+00:00\",\"dateModified\":\"2026-03-21T08:06:08+00:00\",\"breadcrumb\":{\"@id\":\"https:\/\/espak.ee\/epood\/toode\/muldvarv-falu-vapen-4l-must\/#breadcrumb\"},\"inLanguage\":\"et\",\"potentialAction\":[{\"@type\":\"ReadAction\",\"target\":[\"https:\/\/espak.ee\/epood\/toode\/muldvarv-falu-vapen-4l-must\/\"]}]},{\"@type\":\"ImageObject\",\"inLanguage\":\"et\",\"@id\":\"https:\/\/espak.ee\/epood\/toode\/muldvarv-falu-vapen-4l-must\/#primaryimage\",\"url\":\"https:\/\/espak.ee\/epood\/wp-content\/uploads\/2026\/01\/faluvapen-rodfarg-svart.jpg\",\"contentUrl\":\"https:\/\/espak.ee\/epood\/wp-content\/uploads\/2026\/01\/faluvapen-rodfarg-svart.jpg\",\"width\":600,\"height\":600},{\"@type\":\"BreadcrumbList\",\"@id\":\"https:\/\/espak.ee\/epood\/toode\/muldvarv-falu-vapen-4l-must\/#breadcrumb\",\"itemListElement\":[{\"@type\":\"ListItem\",\"position\":1,\"name\":\"Home\",\"item\":\"https:\/\/espak.ee\/epood\/\"},{\"@type\":\"ListItem\",\"position\":2,\"name\":\"Tootevalik\",\"item\":\"https:\/\/espak.ee\/epood\/tootevalik\/\"},{\"@type\":\"ListItem\",\"position\":3,\"name\":\"MULDV\u00c4RV FALU VAPEN 4L MUST\"}]},{\"@type\":\"WebSite\",\"@id\":\"https:\/\/espak.ee\/epood\/#website\",\"url\":\"https:\/\/espak.ee\/epood\/\",\"name\":\"Espak E-pood\",\"description\":\"\",\"potentialAction\":[{\"@type\":\"SearchAction\",\"target\":{\"@type\":\"EntryPoint\",\"urlTemplate\":\"https:\/\/espak.ee\/epood\/?s={search_term_string}\"},\"query-input\":{\"@type\":\"PropertyValueSpecification\",\"valueRequired\":true,\"valueName\":\"search_term_string\"}}],\"inLanguage\":\"et\"}]}<\/script>\n<!-- \/ Yoast SEO plugin. -->","yoast_head_json":{"title":"MULDV\u00c4RV FALU VAPEN 4L MUST - Espak E-pood","robots":{"index":"index","follow":"follow","max-snippet":"max-snippet:-1","max-image-preview":"max-image-preview:large","max-video-preview":"max-video-preview:-1"},"canonical":"https:\/\/espak.ee\/epood\/toode\/muldvarv-falu-vapen-4l-must\/","og_locale":"et_EE","og_type":"article","og_title":"MULDV\u00c4RV FALU VAPEN 4L MUST - Espak E-pood","og_url":"https:\/\/espak.ee\/epood\/toode\/muldvarv-falu-vapen-4l-must\/","og_site_name":"Espak E-pood","article_modified_time":"2026-03-21T08:06:08+00:00","og_image":[{"width":600,"height":600,"url":"https:\/\/espak.ee\/epood\/wp-content\/uploads\/2026\/01\/faluvapen-rodfarg-svart.jpg","type":"image\/jpeg"}],"twitter_card":"summary_large_image","twitter_misc":{"Est. reading time":"1 minut"},"schema":{"@context":"https:\/\/schema.org","@graph":[{"@type":"WebPage","@id":"https:\/\/espak.ee\/epood\/toode\/muldvarv-falu-vapen-4l-must\/","url":"https:\/\/espak.ee\/epood\/toode\/muldvarv-falu-vapen-4l-must\/","name":"MULDV\u00c4RV FALU VAPEN 4L MUST - Espak E-pood","isPartOf":{"@id":"https:\/\/espak.ee\/epood\/#website"},"primaryImageOfPage":{"@id":"https:\/\/espak.ee\/epood\/toode\/muldvarv-falu-vapen-4l-must\/#primaryimage"},"image":{"@id":"https:\/\/espak.ee\/epood\/toode\/muldvarv-falu-vapen-4l-must\/#primaryimage"},"thumbnailUrl":"https:\/\/espak.ee\/epood\/wp-content\/uploads\/2026\/01\/faluvapen-rodfarg-svart.jpg","datePublished":"2026-01-29T03:10:01+00:00","dateModified":"2026-03-21T08:06:08+00:00","breadcrumb":{"@id":"https:\/\/espak.ee\/epood\/toode\/muldvarv-falu-vapen-4l-must\/#breadcrumb"},"inLanguage":"et","potentialAction":[{"@type":"ReadAction","target":["https:\/\/espak.ee\/epood\/toode\/muldvarv-falu-vapen-4l-must\/"]}]},{"@type":"ImageObject","inLanguage":"et","@id":"https:\/\/espak.ee\/epood\/toode\/muldvarv-falu-vapen-4l-must\/#primaryimage","url":"https:\/\/espak.ee\/epood\/wp-content\/uploads\/2026\/01\/faluvapen-rodfarg-svart.jpg","contentUrl":"https:\/\/espak.ee\/epood\/wp-content\/uploads\/2026\/01\/faluvapen-rodfarg-svart.jpg","width":600,"height":600},{"@type":"BreadcrumbList","@id":"https:\/\/espak.ee\/epood\/toode\/muldvarv-falu-vapen-4l-must\/#breadcrumb","itemListElement":[{"@type":"ListItem","position":1,"name":"Home","item":"https:\/\/espak.ee\/epood\/"},{"@type":"ListItem","position":2,"name":"Tootevalik","item":"https:\/\/espak.ee\/epood\/tootevalik\/"},{"@type":"ListItem","position":3,"name":"MULDV\u00c4RV FALU VAPEN 4L MUST"}]},{"@type":"WebSite","@id":"https:\/\/espak.ee\/epood\/#website","url":"https:\/\/espak.ee\/epood\/","name":"Espak E-pood","description":"","potentialAction":[{"@type":"SearchAction","target":{"@type":"EntryPoint","urlTemplate":"https:\/\/espak.ee\/epood\/?s={search_term_string}"},"query-input":{"@type":"PropertyValueSpecification","valueRequired":true,"valueName":"search_term_string"}}],"inLanguage":"et"}]}},"_links":{"self":[{"href":"https:\/\/espak.ee\/epood\/wp-json\/wp\/v2\/product\/262564","targetHints":{"allow":["GET"]}}],"collection":[{"href":"https:\/\/espak.ee\/epood\/wp-json\/wp\/v2\/product"}],"about":[{"href":"https:\/\/espak.ee\/epood\/wp-json\/wp\/v2\/types\/product"}],"replies":[{"embeddable":true,"href":"https:\/\/espak.ee\/epood\/wp-json\/wp\/v2\/comments?post=262564"}],"wp:featuredmedia":[{"embeddable":true,"href":"https:\/\/espak.ee\/epood\/wp-json\/wp\/v2\/media\/262591"}],"wp:attachment":[{"href":"https:\/\/espak.ee\/epood\/wp-json\/wp\/v2\/media?parent=262564"}],"wp:term":[{"taxonomy":"product_brand","embeddable":true,"href":"https:\/\/espak.ee\/epood\/wp-json\/wp\/v2\/product_brand?post=262564"},{"taxonomy":"product_cat","embeddable":true,"href":"https:\/\/espak.ee\/epood\/wp-json\/wp\/v2\/product_cat?post=262564"},{"taxonomy":"product_tag","embeddable":true,"href":"https:\/\/espak.ee\/epood\/wp-json\/wp\/v2\/product_tag?post=262564"}],"curies":[{"name":"wp","href":"https:\/\/api.w.org\/{rel}","templated":true}]}}