{"id":262454,"date":"2026-01-28T05:10:02","date_gmt":"2026-01-28T03:10:02","guid":{"rendered":"https:\/\/espak.ee\/epood\/?post_type=product&#038;p=262454"},"modified":"2026-03-21T09:54:06","modified_gmt":"2026-03-21T07:54:06","slug":"peitslakk-8-hele-mand-250-ml-maston","status":"publish","type":"product","link":"https:\/\/espak.ee\/epood\/toode\/peitslakk-8-hele-mand-250-ml-maston\/","title":{"rendered":"PEITSLAKK  8 HELE M\u00c4ND 250 ML MASTON"},"content":{"rendered":"<div class=\"row\"  id=\"row-153268785\">\n\n\t<div id=\"col-537757373\" class=\"col medium-9 small-12 large-9\"  >\n\t\t\t\t<div class=\"col-inner\"  >\n\t\t\t\n\t\t\t\n<h3>Peitslakk Maston 8 hele m\u00e4nd 250ml <\/h3>\n<p>MASTON veep\u00f5hine peits-lakk t\u00f6\u00f6tlemata ja eelnevalt t\u00f6\u00f6deldud puitpindade t\u00f6\u00f6tlemiseks ja uuendamiseks.<\/p>\n<p>L\u00e4bipaistev, valguskindel pind.<\/p>\n<p><strong>Ainult siseruumides kasutamiseks.<\/strong><\/p>\n<p>Geelilaadne.<\/p>\n<p><strong>Eelt\u00f6\u00f6tlus: <\/strong>Lihvige pind liivapaberiga ja puhastage lihvimistolmust, \u00f5list, rasvast ja muustmustusest.<\/p>\n<p><strong>T\u00f6\u00f6tamine:<\/strong> Enne kasutamist sega lakk hoolikalt l\u00e4bi. Pintselda \u00f5hukeselt puidus\u00fc\u00fc suunas. T\u00f6\u00f6tlemata pindu ja vajadusel eelnevalt lakitud pindu t\u00f6\u00f6deldakse 2 korda. P\u00e4rast esimest t\u00f6\u00f6tlust laske pinnal t\u00e4ielikult kuivada ja tehke vahelihvimine liivapaberiga nr 240. Eemaldage lihvimistolm ja tehke teine \u200b\u200bt\u00f6\u00f6tlus.<\/p>\n<p>Madalaim t\u00f6\u00f6temperatuur: +8 \u00b0C.<br \/>\n<strong>V\u00e4rvitoon:<\/strong> Bee\u017e<br \/>\n<strong>L\u00e4ige:<\/strong> Pooll\u00e4ikiv\n<\/p>\n\t\t<\/div>\n\t\t\t\t\t<\/div>\n\n\t\n\n\t<div id=\"col-676643973\" class=\"col medium-3 small-12 large-3\"  >\n\t\t\t\t<div class=\"col-inner\"  >\n\t\t\t\n\t\t\t\n<h3>Ohutuskaart<\/h3>\n<p><a href=\"https:\/\/espak.ee\/epood\/wp-content\/uploads\/2026\/01\/Ohutuskaart-Maston-Petsilakka-Staining-Varnish-6021000-6021018-Versioon-3-et-EE.pdf\"target=\"_blank\" rel=\"noopener noreferrer\"><i class=\"far fa-file-pdf\"><\/i> Ohutuskaart (PDF)<\/a><\/p>\n<p><strong>\u00dcksikasjalikuma n\u00f5u saamiseks v\u00f5tke \u00fchendust:<br \/><\/strong>Hansav\u00e4rv O\u00dc<br \/>Tuleviku tee 10, Peetri alevik<br \/>75312<br \/>Harjumaa<br \/> Telefon +372 6544 934<\/p>\n\t\t<\/div>\n\t\t\t\t\t<\/div>\n\n\t\n<\/div>\n","protected":false},"excerpt":{"rendered":"","protected":false},"featured_media":262489,"comment_status":"closed","ping_status":"closed","template":"","meta":[],"product_brand":[],"product_cat":[2693,2694,2684,2683],"product_tag":[],"class_list":{"0":"post-262454","1":"product","2":"type-product","3":"status-publish","4":"has-post-thumbnail","6":"product_cat-lakid-peitsid-olid-puidukaitse","7":"product_cat-siselakid-ja-peitsid","8":"product_cat-varvid-lakid-lahustid-puidukaitsed-olid","9":"product_cat-viimistluskaubad","10":"pa_kaubamark-hansavarv","12":"first","13":"instock","14":"sale","15":"taxable","16":"shipping-taxable","17":"purchasable","18":"product-type-simple"},"yoast_head":"<!-- This site is optimized with the Yoast SEO plugin v26.9 - https:\/\/yoast.com\/product\/yoast-seo-wordpress\/ -->\n<title>PEITSLAKK 8 HELE M\u00c4ND 250 ML MASTON - Espak E-pood<\/title>\n<meta name=\"robots\" content=\"index, follow, max-snippet:-1, max-image-preview:large, max-video-preview:-1\" \/>\n<link rel=\"canonical\" href=\"https:\/\/espak.ee\/epood\/toode\/peitslakk-8-hele-mand-250-ml-maston\/\" \/>\n<meta property=\"og:locale\" content=\"et_EE\" \/>\n<meta property=\"og:type\" content=\"article\" \/>\n<meta property=\"og:title\" content=\"PEITSLAKK 8 HELE M\u00c4ND 250 ML MASTON - Espak E-pood\" \/>\n<meta property=\"og:url\" content=\"https:\/\/espak.ee\/epood\/toode\/peitslakk-8-hele-mand-250-ml-maston\/\" \/>\n<meta property=\"og:site_name\" content=\"Espak E-pood\" \/>\n<meta property=\"article:modified_time\" content=\"2026-03-21T07:54:06+00:00\" \/>\n<meta property=\"og:image\" content=\"https:\/\/espak.ee\/epood\/wp-content\/uploads\/2026\/01\/6021008-1.jpg\" \/>\n\t<meta property=\"og:image:width\" content=\"1000\" \/>\n\t<meta property=\"og:image:height\" content=\"1000\" \/>\n\t<meta property=\"og:image:type\" content=\"image\/jpeg\" \/>\n<meta name=\"twitter:card\" content=\"summary_large_image\" \/>\n<meta name=\"twitter:label1\" content=\"Est. reading time\" \/>\n\t<meta name=\"twitter:data1\" content=\"1 minut\" \/>\n<script type=\"application\/ld+json\" class=\"yoast-schema-graph\">{\"@context\":\"https:\/\/schema.org\",\"@graph\":[{\"@type\":\"WebPage\",\"@id\":\"https:\/\/espak.ee\/epood\/toode\/peitslakk-8-hele-mand-250-ml-maston\/\",\"url\":\"https:\/\/espak.ee\/epood\/toode\/peitslakk-8-hele-mand-250-ml-maston\/\",\"name\":\"PEITSLAKK 8 HELE M\u00c4ND 250 ML MASTON - Espak E-pood\",\"isPartOf\":{\"@id\":\"https:\/\/espak.ee\/epood\/#website\"},\"primaryImageOfPage\":{\"@id\":\"https:\/\/espak.ee\/epood\/toode\/peitslakk-8-hele-mand-250-ml-maston\/#primaryimage\"},\"image\":{\"@id\":\"https:\/\/espak.ee\/epood\/toode\/peitslakk-8-hele-mand-250-ml-maston\/#primaryimage\"},\"thumbnailUrl\":\"https:\/\/espak.ee\/epood\/wp-content\/uploads\/2026\/01\/6021008-1.jpg\",\"datePublished\":\"2026-01-28T03:10:02+00:00\",\"dateModified\":\"2026-03-21T07:54:06+00:00\",\"breadcrumb\":{\"@id\":\"https:\/\/espak.ee\/epood\/toode\/peitslakk-8-hele-mand-250-ml-maston\/#breadcrumb\"},\"inLanguage\":\"et\",\"potentialAction\":[{\"@type\":\"ReadAction\",\"target\":[\"https:\/\/espak.ee\/epood\/toode\/peitslakk-8-hele-mand-250-ml-maston\/\"]}]},{\"@type\":\"ImageObject\",\"inLanguage\":\"et\",\"@id\":\"https:\/\/espak.ee\/epood\/toode\/peitslakk-8-hele-mand-250-ml-maston\/#primaryimage\",\"url\":\"https:\/\/espak.ee\/epood\/wp-content\/uploads\/2026\/01\/6021008-1.jpg\",\"contentUrl\":\"https:\/\/espak.ee\/epood\/wp-content\/uploads\/2026\/01\/6021008-1.jpg\",\"width\":1000,\"height\":1000},{\"@type\":\"BreadcrumbList\",\"@id\":\"https:\/\/espak.ee\/epood\/toode\/peitslakk-8-hele-mand-250-ml-maston\/#breadcrumb\",\"itemListElement\":[{\"@type\":\"ListItem\",\"position\":1,\"name\":\"Home\",\"item\":\"https:\/\/espak.ee\/epood\/\"},{\"@type\":\"ListItem\",\"position\":2,\"name\":\"Tootevalik\",\"item\":\"https:\/\/espak.ee\/epood\/tootevalik\/\"},{\"@type\":\"ListItem\",\"position\":3,\"name\":\"PEITSLAKK 8 HELE M\u00c4ND 250 ML MASTON\"}]},{\"@type\":\"WebSite\",\"@id\":\"https:\/\/espak.ee\/epood\/#website\",\"url\":\"https:\/\/espak.ee\/epood\/\",\"name\":\"Espak E-pood\",\"description\":\"\",\"potentialAction\":[{\"@type\":\"SearchAction\",\"target\":{\"@type\":\"EntryPoint\",\"urlTemplate\":\"https:\/\/espak.ee\/epood\/?s={search_term_string}\"},\"query-input\":{\"@type\":\"PropertyValueSpecification\",\"valueRequired\":true,\"valueName\":\"search_term_string\"}}],\"inLanguage\":\"et\"}]}<\/script>\n<!-- \/ Yoast SEO plugin. -->","yoast_head_json":{"title":"PEITSLAKK 8 HELE M\u00c4ND 250 ML MASTON - Espak E-pood","robots":{"index":"index","follow":"follow","max-snippet":"max-snippet:-1","max-image-preview":"max-image-preview:large","max-video-preview":"max-video-preview:-1"},"canonical":"https:\/\/espak.ee\/epood\/toode\/peitslakk-8-hele-mand-250-ml-maston\/","og_locale":"et_EE","og_type":"article","og_title":"PEITSLAKK 8 HELE M\u00c4ND 250 ML MASTON - Espak E-pood","og_url":"https:\/\/espak.ee\/epood\/toode\/peitslakk-8-hele-mand-250-ml-maston\/","og_site_name":"Espak E-pood","article_modified_time":"2026-03-21T07:54:06+00:00","og_image":[{"width":1000,"height":1000,"url":"https:\/\/espak.ee\/epood\/wp-content\/uploads\/2026\/01\/6021008-1.jpg","type":"image\/jpeg"}],"twitter_card":"summary_large_image","twitter_misc":{"Est. reading time":"1 minut"},"schema":{"@context":"https:\/\/schema.org","@graph":[{"@type":"WebPage","@id":"https:\/\/espak.ee\/epood\/toode\/peitslakk-8-hele-mand-250-ml-maston\/","url":"https:\/\/espak.ee\/epood\/toode\/peitslakk-8-hele-mand-250-ml-maston\/","name":"PEITSLAKK 8 HELE M\u00c4ND 250 ML MASTON - Espak E-pood","isPartOf":{"@id":"https:\/\/espak.ee\/epood\/#website"},"primaryImageOfPage":{"@id":"https:\/\/espak.ee\/epood\/toode\/peitslakk-8-hele-mand-250-ml-maston\/#primaryimage"},"image":{"@id":"https:\/\/espak.ee\/epood\/toode\/peitslakk-8-hele-mand-250-ml-maston\/#primaryimage"},"thumbnailUrl":"https:\/\/espak.ee\/epood\/wp-content\/uploads\/2026\/01\/6021008-1.jpg","datePublished":"2026-01-28T03:10:02+00:00","dateModified":"2026-03-21T07:54:06+00:00","breadcrumb":{"@id":"https:\/\/espak.ee\/epood\/toode\/peitslakk-8-hele-mand-250-ml-maston\/#breadcrumb"},"inLanguage":"et","potentialAction":[{"@type":"ReadAction","target":["https:\/\/espak.ee\/epood\/toode\/peitslakk-8-hele-mand-250-ml-maston\/"]}]},{"@type":"ImageObject","inLanguage":"et","@id":"https:\/\/espak.ee\/epood\/toode\/peitslakk-8-hele-mand-250-ml-maston\/#primaryimage","url":"https:\/\/espak.ee\/epood\/wp-content\/uploads\/2026\/01\/6021008-1.jpg","contentUrl":"https:\/\/espak.ee\/epood\/wp-content\/uploads\/2026\/01\/6021008-1.jpg","width":1000,"height":1000},{"@type":"BreadcrumbList","@id":"https:\/\/espak.ee\/epood\/toode\/peitslakk-8-hele-mand-250-ml-maston\/#breadcrumb","itemListElement":[{"@type":"ListItem","position":1,"name":"Home","item":"https:\/\/espak.ee\/epood\/"},{"@type":"ListItem","position":2,"name":"Tootevalik","item":"https:\/\/espak.ee\/epood\/tootevalik\/"},{"@type":"ListItem","position":3,"name":"PEITSLAKK 8 HELE M\u00c4ND 250 ML MASTON"}]},{"@type":"WebSite","@id":"https:\/\/espak.ee\/epood\/#website","url":"https:\/\/espak.ee\/epood\/","name":"Espak E-pood","description":"","potentialAction":[{"@type":"SearchAction","target":{"@type":"EntryPoint","urlTemplate":"https:\/\/espak.ee\/epood\/?s={search_term_string}"},"query-input":{"@type":"PropertyValueSpecification","valueRequired":true,"valueName":"search_term_string"}}],"inLanguage":"et"}]}},"_links":{"self":[{"href":"https:\/\/espak.ee\/epood\/wp-json\/wp\/v2\/product\/262454","targetHints":{"allow":["GET"]}}],"collection":[{"href":"https:\/\/espak.ee\/epood\/wp-json\/wp\/v2\/product"}],"about":[{"href":"https:\/\/espak.ee\/epood\/wp-json\/wp\/v2\/types\/product"}],"replies":[{"embeddable":true,"href":"https:\/\/espak.ee\/epood\/wp-json\/wp\/v2\/comments?post=262454"}],"wp:featuredmedia":[{"embeddable":true,"href":"https:\/\/espak.ee\/epood\/wp-json\/wp\/v2\/media\/262489"}],"wp:attachment":[{"href":"https:\/\/espak.ee\/epood\/wp-json\/wp\/v2\/media?parent=262454"}],"wp:term":[{"taxonomy":"product_brand","embeddable":true,"href":"https:\/\/espak.ee\/epood\/wp-json\/wp\/v2\/product_brand?post=262454"},{"taxonomy":"product_cat","embeddable":true,"href":"https:\/\/espak.ee\/epood\/wp-json\/wp\/v2\/product_cat?post=262454"},{"taxonomy":"product_tag","embeddable":true,"href":"https:\/\/espak.ee\/epood\/wp-json\/wp\/v2\/product_tag?post=262454"}],"curies":[{"name":"wp","href":"https:\/\/api.w.org\/{rel}","templated":true}]}}