{"id":262236,"date":"2026-01-27T05:05:51","date_gmt":"2026-01-27T03:05:51","guid":{"rendered":"https:\/\/espak.ee\/epood\/?post_type=product&#038;p=262236"},"modified":"2026-01-27T12:57:50","modified_gmt":"2026-01-27T10:57:50","slug":"difuuser-air-wick-melon-frangipani-40ml","status":"publish","type":"product","link":"https:\/\/espak.ee\/epood\/toode\/difuuser-air-wick-melon-frangipani-40ml\/","title":{"rendered":"DIFUUSER AIR WICK MELON &#038; FRANGIPANI 40ML"},"content":{"rendered":"<div class=\"row\"  id=\"row-1257481444\">\n\n\t<div id=\"col-99094819\" class=\"col medium-9 small-12 large-9\"  >\n\t\t\t\t<div class=\"col-inner\"  >\n\t\t\t\n\t\t\t\n<h3>AIR WICK difuuser Melon &#038; Frangipani 40ml<\/h3>\n<p>AIR WICK roost l\u00f5hnahajuti Melon &#038; Frangipan. Sisaldab eeterlikke \u00f5lisid. 100% looduslik. Lisaks oma elegantsele disainile on Airwicki roost l\u00f5hnahajutil imeline kauakestev l\u00f5hn. Looge hubasem atmosf\u00e4\u00e4r koos oma lemmikl\u00f5hnaga. Alistuge magusale v\u00e4rskele melonile ja suurep\u00e4rasele eksootilisele frangipani l\u00f5hnale.\n<\/p>\n<p><strong>Koostisosad:<\/strong><br \/>\nSisaldab tetrah\u00fcdrolinalool, linalool, eugenool, geran\u00fc\u00fclatsetaar, geraniool, dimet\u00fc\u00fcl, heptenaal, pentanedioon, trans-roos-ketoon-3. Koostisosade teave: www.rbeuroinfo.com.  <\/p>\n<p><strong>Kasutusjuhend:<\/strong><br \/>\nKasutusjuhend: 1. Keerake kork lahti ja eemaldage see; 2. T\u00f5mmake tihe plastist muhv lahti; 3. Keerake kork pudelile tagasi; 4. Sisestage rotangpalmi varred pudelisse, asetades nad harali: 5. Veenduge, et toode on asetatud stabiilsele pinnale, v\u00e4ltimaks juhuslikku mahavalgumist. Mitte asetada lihvitud, v\u00e4rvitud v\u00f5i plastpinnale. Mahavalgumise korral p\u00fchkida pind puhtaks. S\u00e4ilitage juhendid edaspidiseks. LUGEGE ENNE KASUTAMIST HOOLIKALT OHUTUS- JA ETTEVAATUSMEETMEID. S\u00c4ILITAGE NEED EDASPIDISEKS. Kasutage ainult vastavalt juhendile. M\u00c4RKUS: TOODE SISALDAB OSI, MIS V\u00d5IVAD P\u00d5HJUSTADA L\u00c4MBUMISOHTU.<\/p>\n<p><strong>Ohutus:<\/strong><br \/>\nArsti poole p\u00f6\u00f6rdudes v\u00f5tta kaasa toote pakend v\u00f5i etikett. Hoida lastele k\u00e4ttesaamatus kohas. ALLANEELAMISE KORRAL: viivitamatult v\u00f5tta \u00fchendust M\u00dcRGISTUSTEABEKESKUSEGA\/arstiga. Sisaldab tetrah\u00fcdrolinalool, linalool, eugenool, geran\u00fc\u00fclatsetaar, geraniool, dimet\u00fc\u00fcl, heptenaal, pentanedioon, trans-roos-ketoon-3. V\u00f5ib esile kutsuda allergilise reaktsiooni. L\u00f5hnade suhtes \u00fclitundlikud inimesed peavad olema selle toote kasutamisel ettevaatlikud. \u014chuv\u00e4rskendid ei asenda h\u00e4id h\u00fcgieeniharjumusi.\n<\/p>\n\t\t<\/div>\n\t\t\t\t\t<\/div>\n\n\t\n\n\t<div id=\"col-621565049\" class=\"col medium-3 small-12 large-3\"  >\n\t\t\t\t<div class=\"col-inner\"  >\n\t\t\t\n\t\t\t\n\t<div id=\"gap-1842854333\" class=\"gap-element clearfix\" style=\"display:block; height:auto;\">\n\t\t\n<style>\n#gap-1842854333 {\n  padding-top: 30px;\n}\n<\/style>\n\t<\/div>\n\t\n<p><strong>\u00dcksikasjalikuma n\u00f5u saamiseks v\u00f5tke \u00fchendust:<br \/><\/strong>EUGESTA EESTI O\u00dc<br \/>Rukki tee 5<br \/>Lehmja k\u00fcla, Rae vald<br \/>75306<br \/>Harjumaa<br \/>+372 682 7782<\/p>\n\t\t<\/div>\n\t\t\t\t\t<\/div>\n\n\t\n<\/div>\n","protected":false},"excerpt":{"rendered":"","protected":false},"featured_media":262403,"comment_status":"closed","ping_status":"closed","template":"","meta":[],"product_brand":[],"product_cat":[2788,4217,4216,4227],"product_tag":[],"class_list":{"0":"post-262236","1":"product","2":"type-product","3":"status-publish","4":"has-post-thumbnail","6":"product_cat-aiatarbed-ja-kodukaubad","7":"product_cat-kodukeemia-kodukeemia","8":"product_cat-kodukeemia","9":"product_cat-ohuvarskendajad","10":"pa_kaubamark-eugesta-eesti-as","12":"first","13":"outofstock","14":"sale","15":"taxable","16":"shipping-taxable","17":"purchasable","18":"product-type-simple"},"yoast_head":"<!-- This site is optimized with the Yoast SEO plugin v26.9 - https:\/\/yoast.com\/product\/yoast-seo-wordpress\/ -->\n<title>DIFUUSER AIR WICK MELON &amp; FRANGIPANI 40ML - Espak E-pood<\/title>\n<meta name=\"robots\" content=\"index, follow, max-snippet:-1, max-image-preview:large, max-video-preview:-1\" \/>\n<link rel=\"canonical\" href=\"https:\/\/espak.ee\/epood\/toode\/difuuser-air-wick-melon-frangipani-40ml\/\" \/>\n<meta property=\"og:locale\" content=\"et_EE\" \/>\n<meta property=\"og:type\" content=\"article\" \/>\n<meta property=\"og:title\" content=\"DIFUUSER AIR WICK MELON &amp; FRANGIPANI 40ML - Espak E-pood\" \/>\n<meta property=\"og:url\" content=\"https:\/\/espak.ee\/epood\/toode\/difuuser-air-wick-melon-frangipani-40ml\/\" \/>\n<meta property=\"og:site_name\" content=\"Espak E-pood\" \/>\n<meta property=\"article:modified_time\" content=\"2026-01-27T10:57:50+00:00\" \/>\n<meta property=\"og:image\" content=\"https:\/\/espak.ee\/epood\/wp-content\/uploads\/2026\/01\/0172233_air-wick-reeds-diffuser-melon-frangipani-40-ml.jpg\" \/>\n\t<meta property=\"og:image:width\" content=\"1000\" \/>\n\t<meta property=\"og:image:height\" content=\"1000\" \/>\n\t<meta property=\"og:image:type\" content=\"image\/jpeg\" \/>\n<meta name=\"twitter:card\" content=\"summary_large_image\" \/>\n<meta name=\"twitter:label1\" content=\"Est. reading time\" \/>\n\t<meta name=\"twitter:data1\" content=\"1 minut\" \/>\n<script type=\"application\/ld+json\" class=\"yoast-schema-graph\">{\"@context\":\"https:\/\/schema.org\",\"@graph\":[{\"@type\":\"WebPage\",\"@id\":\"https:\/\/espak.ee\/epood\/toode\/difuuser-air-wick-melon-frangipani-40ml\/\",\"url\":\"https:\/\/espak.ee\/epood\/toode\/difuuser-air-wick-melon-frangipani-40ml\/\",\"name\":\"DIFUUSER AIR WICK MELON & FRANGIPANI 40ML - Espak E-pood\",\"isPartOf\":{\"@id\":\"https:\/\/espak.ee\/epood\/#website\"},\"primaryImageOfPage\":{\"@id\":\"https:\/\/espak.ee\/epood\/toode\/difuuser-air-wick-melon-frangipani-40ml\/#primaryimage\"},\"image\":{\"@id\":\"https:\/\/espak.ee\/epood\/toode\/difuuser-air-wick-melon-frangipani-40ml\/#primaryimage\"},\"thumbnailUrl\":\"https:\/\/espak.ee\/epood\/wp-content\/uploads\/2026\/01\/0172233_air-wick-reeds-diffuser-melon-frangipani-40-ml.jpg\",\"datePublished\":\"2026-01-27T03:05:51+00:00\",\"dateModified\":\"2026-01-27T10:57:50+00:00\",\"breadcrumb\":{\"@id\":\"https:\/\/espak.ee\/epood\/toode\/difuuser-air-wick-melon-frangipani-40ml\/#breadcrumb\"},\"inLanguage\":\"et\",\"potentialAction\":[{\"@type\":\"ReadAction\",\"target\":[\"https:\/\/espak.ee\/epood\/toode\/difuuser-air-wick-melon-frangipani-40ml\/\"]}]},{\"@type\":\"ImageObject\",\"inLanguage\":\"et\",\"@id\":\"https:\/\/espak.ee\/epood\/toode\/difuuser-air-wick-melon-frangipani-40ml\/#primaryimage\",\"url\":\"https:\/\/espak.ee\/epood\/wp-content\/uploads\/2026\/01\/0172233_air-wick-reeds-diffuser-melon-frangipani-40-ml.jpg\",\"contentUrl\":\"https:\/\/espak.ee\/epood\/wp-content\/uploads\/2026\/01\/0172233_air-wick-reeds-diffuser-melon-frangipani-40-ml.jpg\",\"width\":1000,\"height\":1000},{\"@type\":\"BreadcrumbList\",\"@id\":\"https:\/\/espak.ee\/epood\/toode\/difuuser-air-wick-melon-frangipani-40ml\/#breadcrumb\",\"itemListElement\":[{\"@type\":\"ListItem\",\"position\":1,\"name\":\"Home\",\"item\":\"https:\/\/espak.ee\/epood\/\"},{\"@type\":\"ListItem\",\"position\":2,\"name\":\"Tootevalik\",\"item\":\"https:\/\/espak.ee\/epood\/tootevalik\/\"},{\"@type\":\"ListItem\",\"position\":3,\"name\":\"DIFUUSER AIR WICK MELON &#038; FRANGIPANI 40ML\"}]},{\"@type\":\"WebSite\",\"@id\":\"https:\/\/espak.ee\/epood\/#website\",\"url\":\"https:\/\/espak.ee\/epood\/\",\"name\":\"Espak E-pood\",\"description\":\"\",\"potentialAction\":[{\"@type\":\"SearchAction\",\"target\":{\"@type\":\"EntryPoint\",\"urlTemplate\":\"https:\/\/espak.ee\/epood\/?s={search_term_string}\"},\"query-input\":{\"@type\":\"PropertyValueSpecification\",\"valueRequired\":true,\"valueName\":\"search_term_string\"}}],\"inLanguage\":\"et\"}]}<\/script>\n<!-- \/ Yoast SEO plugin. -->","yoast_head_json":{"title":"DIFUUSER AIR WICK MELON & FRANGIPANI 40ML - Espak E-pood","robots":{"index":"index","follow":"follow","max-snippet":"max-snippet:-1","max-image-preview":"max-image-preview:large","max-video-preview":"max-video-preview:-1"},"canonical":"https:\/\/espak.ee\/epood\/toode\/difuuser-air-wick-melon-frangipani-40ml\/","og_locale":"et_EE","og_type":"article","og_title":"DIFUUSER AIR WICK MELON & FRANGIPANI 40ML - Espak E-pood","og_url":"https:\/\/espak.ee\/epood\/toode\/difuuser-air-wick-melon-frangipani-40ml\/","og_site_name":"Espak E-pood","article_modified_time":"2026-01-27T10:57:50+00:00","og_image":[{"width":1000,"height":1000,"url":"https:\/\/espak.ee\/epood\/wp-content\/uploads\/2026\/01\/0172233_air-wick-reeds-diffuser-melon-frangipani-40-ml.jpg","type":"image\/jpeg"}],"twitter_card":"summary_large_image","twitter_misc":{"Est. reading time":"1 minut"},"schema":{"@context":"https:\/\/schema.org","@graph":[{"@type":"WebPage","@id":"https:\/\/espak.ee\/epood\/toode\/difuuser-air-wick-melon-frangipani-40ml\/","url":"https:\/\/espak.ee\/epood\/toode\/difuuser-air-wick-melon-frangipani-40ml\/","name":"DIFUUSER AIR WICK MELON & FRANGIPANI 40ML - Espak E-pood","isPartOf":{"@id":"https:\/\/espak.ee\/epood\/#website"},"primaryImageOfPage":{"@id":"https:\/\/espak.ee\/epood\/toode\/difuuser-air-wick-melon-frangipani-40ml\/#primaryimage"},"image":{"@id":"https:\/\/espak.ee\/epood\/toode\/difuuser-air-wick-melon-frangipani-40ml\/#primaryimage"},"thumbnailUrl":"https:\/\/espak.ee\/epood\/wp-content\/uploads\/2026\/01\/0172233_air-wick-reeds-diffuser-melon-frangipani-40-ml.jpg","datePublished":"2026-01-27T03:05:51+00:00","dateModified":"2026-01-27T10:57:50+00:00","breadcrumb":{"@id":"https:\/\/espak.ee\/epood\/toode\/difuuser-air-wick-melon-frangipani-40ml\/#breadcrumb"},"inLanguage":"et","potentialAction":[{"@type":"ReadAction","target":["https:\/\/espak.ee\/epood\/toode\/difuuser-air-wick-melon-frangipani-40ml\/"]}]},{"@type":"ImageObject","inLanguage":"et","@id":"https:\/\/espak.ee\/epood\/toode\/difuuser-air-wick-melon-frangipani-40ml\/#primaryimage","url":"https:\/\/espak.ee\/epood\/wp-content\/uploads\/2026\/01\/0172233_air-wick-reeds-diffuser-melon-frangipani-40-ml.jpg","contentUrl":"https:\/\/espak.ee\/epood\/wp-content\/uploads\/2026\/01\/0172233_air-wick-reeds-diffuser-melon-frangipani-40-ml.jpg","width":1000,"height":1000},{"@type":"BreadcrumbList","@id":"https:\/\/espak.ee\/epood\/toode\/difuuser-air-wick-melon-frangipani-40ml\/#breadcrumb","itemListElement":[{"@type":"ListItem","position":1,"name":"Home","item":"https:\/\/espak.ee\/epood\/"},{"@type":"ListItem","position":2,"name":"Tootevalik","item":"https:\/\/espak.ee\/epood\/tootevalik\/"},{"@type":"ListItem","position":3,"name":"DIFUUSER AIR WICK MELON &#038; FRANGIPANI 40ML"}]},{"@type":"WebSite","@id":"https:\/\/espak.ee\/epood\/#website","url":"https:\/\/espak.ee\/epood\/","name":"Espak E-pood","description":"","potentialAction":[{"@type":"SearchAction","target":{"@type":"EntryPoint","urlTemplate":"https:\/\/espak.ee\/epood\/?s={search_term_string}"},"query-input":{"@type":"PropertyValueSpecification","valueRequired":true,"valueName":"search_term_string"}}],"inLanguage":"et"}]}},"_links":{"self":[{"href":"https:\/\/espak.ee\/epood\/wp-json\/wp\/v2\/product\/262236","targetHints":{"allow":["GET"]}}],"collection":[{"href":"https:\/\/espak.ee\/epood\/wp-json\/wp\/v2\/product"}],"about":[{"href":"https:\/\/espak.ee\/epood\/wp-json\/wp\/v2\/types\/product"}],"replies":[{"embeddable":true,"href":"https:\/\/espak.ee\/epood\/wp-json\/wp\/v2\/comments?post=262236"}],"wp:featuredmedia":[{"embeddable":true,"href":"https:\/\/espak.ee\/epood\/wp-json\/wp\/v2\/media\/262403"}],"wp:attachment":[{"href":"https:\/\/espak.ee\/epood\/wp-json\/wp\/v2\/media?parent=262236"}],"wp:term":[{"taxonomy":"product_brand","embeddable":true,"href":"https:\/\/espak.ee\/epood\/wp-json\/wp\/v2\/product_brand?post=262236"},{"taxonomy":"product_cat","embeddable":true,"href":"https:\/\/espak.ee\/epood\/wp-json\/wp\/v2\/product_cat?post=262236"},{"taxonomy":"product_tag","embeddable":true,"href":"https:\/\/espak.ee\/epood\/wp-json\/wp\/v2\/product_tag?post=262236"}],"curies":[{"name":"wp","href":"https:\/\/api.w.org\/{rel}","templated":true}]}}