{"id":262221,"date":"2026-01-27T05:05:01","date_gmt":"2026-01-27T03:05:01","guid":{"rendered":"https:\/\/espak.ee\/epood\/?post_type=product&#038;p=262221"},"modified":"2026-01-27T15:39:18","modified_gmt":"2026-01-27T13:39:18","slug":"wc-puhastusvahend-harpic-power-max-hygiene-750ml","status":"publish","type":"product","link":"https:\/\/espak.ee\/epood\/toode\/wc-puhastusvahend-harpic-power-max-hygiene-750ml\/","title":{"rendered":"WC PUHASTUSVAHEND HARPIC POWER MAX HYGIENE 750ML"},"content":{"rendered":"<div class=\"row\"  id=\"row-1042877411\">\n\n\t<div id=\"col-1729900974\" class=\"col medium-9 small-12 large-9\"  >\n\t\t\t\t<div class=\"col-inner\"  >\n\t\t\t\n\t\t\t\n<h3>HARPIC MAX wc puhastusvahend HYGIENE 750ml<\/h3>\n<p>Harpic Power Plus Disinfectant. WC-poti desinfitseeriv puhastusvahend. 1. Kiire toime 2. Eemaldab katlakivi 3. Emaldab t\u00f5rksad plekid 4. Eemaldab rooste 5. Eemaldab uriiniplekid 6. Eemaldab kogunenud mustuse 7. Puhastab \u00e4\u00e4re alt 8. Puhastab allpool veepiiri 9. Tapab 99,9% bakteritest 10. Annab v\u00e4rskuse\n<\/p>\n<p><strong>Koostisosad:<\/strong><br \/>\n100 g vedeliku kohta sisaldab toimeainena 9 g vesinikloriidhapet. Koostis: < 5% mitteioonseid pindaktiivseid aineid, <5% katioonseid pindaktiivseid aineid, desinfektsioonivahend, l\u00f5hnaained. Koostisosade teave: www.rbeuroinfo.com.<\/p>\n<p><strong>Kasutusjuhend:<\/strong><br \/>\nSoovitame WC desinfitseerimise ja puhastamise ajal kanda kindaid. Korgi eemaldamine: vajutage padjakestele korgil ja keerake lahti. Korgi tagasipanemine: keerake tihedalt kinni, kuni kuulete kl\u00f5psatust. Sobib k\u00f5ikidele WC-pottidele, v\u00e4lja arvatud roostevabast terasest potid. Ohutu septikumidele. 1. T\u00f5stke \u00fcles WC-poti kaas ja suunake otsik ettevaatlikult poti \u00e4\u00e4re alla. 2. Pigistage pudelit ja kandke aeglaselt seespool \u00fcmber poti, nii et pott oleks vedelikuga t\u00e4iesti kaetud. 3. Optimaalseks puhastustulemuseks j\u00e4tke toimima 10 minutiks, loputage ja harjake. 4. Desinfitseerimiseks laske m\u00f5juda 60 minutit, loputage ja harjake.<\/p>\n<p><strong>Ohutus:<\/strong><br \/>\nETTEVAATUST. Sisaldab vesinikkloriidhapet. P\u00f5hjustab rasket nahas\u00f6\u00f6vitust ja silmakahjustusi. V\u00f5ib s\u00f6\u00f6vitada metalle. Kahjulik veeorganismidele, pikaajaline toime. Hoida lastele k\u00e4ttesaamatus kohas. Enne kasutamist tutvuda etiketil oleva infoga. Hoida luku taga. Hoida \u00fcksnes originaalpakendis. P\u00e4rast k\u00e4itlemist pesta hoolega k\u00e4si. Kanda kaitsekindaid. ALLANEELAMISE KORRAL: loputada suud. MITTE kutsuda esile oksendamist. V\u00f5tta viivitamata \u00fchendust M\u00dcRGISTUSTEABEKESKUSEGA\/arstiga. SISSEHINGAMISE KORRAL: toimetada kannatanu v\u00e4rske \u00f5hu k\u00e4tte ja asetada mugavasse puhkeasendisse, mis v\u00f5imaldab kergesti hingata. SILMA SATTUMISE KORRAL: loputada mitme minuti jooksul veega. Eemaldada kontaktl\u00e4\u00e4tsed, kui neid kasutatakse ja neid on kerge eemaldada. Loputada veel kord. V\u00e4ltida sattumist keskkonda. Sisu\/mahuti k\u00f5rvaldada vastavalt kohalikele m\u00e4\u00e4rustele.\n<\/p>\n\t\t<\/div>\n\t\t\t\t\t<\/div>\n\n\t\n\n\t<div id=\"col-1007095183\" class=\"col medium-3 small-12 large-3\"  >\n\t\t\t\t<div class=\"col-inner\"  >\n\t\t\t\n\t\t\t\n\t<div id=\"gap-1175438404\" class=\"gap-element clearfix\" style=\"display:block; height:auto;\">\n\t\t\n<style>\n#gap-1175438404 {\n  padding-top: 30px;\n}\n<\/style>\n\t<\/div>\n\t\n<p><strong>\u00dcksikasjalikuma n\u00f5u saamiseks v\u00f5tke \u00fchendust:<br \/><\/strong>EUGESTA EESTI O\u00dc<br \/>Rukki tee 5<br \/>Lehmja k\u00fcla, Rae vald<br \/>75306<br \/>Harjumaa<br \/>+372 682 7782<\/p>\n\t\t<\/div>\n\t\t\t\t\t<\/div>\n\n\t\n<\/div>\n","protected":false},"excerpt":{"rendered":"","protected":false},"featured_media":262428,"comment_status":"closed","ping_status":"closed","template":"","meta":[],"product_brand":[],"product_cat":[2788,4216,4217,4328],"product_tag":[],"class_list":{"0":"post-262221","1":"product","2":"type-product","3":"status-publish","4":"has-post-thumbnail","6":"product_cat-aiatarbed-ja-kodukaubad","7":"product_cat-kodukeemia","8":"product_cat-kodukeemia-kodukeemia","9":"product_cat-wc-ja-vannitoa-puhastusvahendid","10":"pa_kaubamark-eugesta-eesti-as","12":"first","13":"instock","14":"sale","15":"taxable","16":"shipping-taxable","17":"purchasable","18":"product-type-simple"},"yoast_head":"<!-- This site is optimized with the Yoast SEO plugin v26.9 - https:\/\/yoast.com\/product\/yoast-seo-wordpress\/ -->\n<title>WC PUHASTUSVAHEND HARPIC POWER MAX HYGIENE 750ML - Espak E-pood<\/title>\n<meta name=\"robots\" content=\"index, follow, max-snippet:-1, max-image-preview:large, max-video-preview:-1\" \/>\n<link rel=\"canonical\" href=\"https:\/\/espak.ee\/epood\/toode\/wc-puhastusvahend-harpic-power-max-hygiene-750ml\/\" \/>\n<meta property=\"og:locale\" content=\"et_EE\" \/>\n<meta property=\"og:type\" content=\"article\" \/>\n<meta property=\"og:title\" content=\"WC PUHASTUSVAHEND HARPIC POWER MAX HYGIENE 750ML - Espak E-pood\" \/>\n<meta property=\"og:url\" content=\"https:\/\/espak.ee\/epood\/toode\/wc-puhastusvahend-harpic-power-max-hygiene-750ml\/\" \/>\n<meta property=\"og:site_name\" content=\"Espak E-pood\" \/>\n<meta property=\"article:modified_time\" content=\"2026-01-27T13:39:18+00:00\" \/>\n<meta property=\"og:image\" content=\"https:\/\/espak.ee\/epood\/wp-content\/uploads\/2026\/01\/0170595_harpic-max-wc-puhvahend-hygiene-750ml.jpg\" \/>\n\t<meta property=\"og:image:width\" content=\"1000\" \/>\n\t<meta property=\"og:image:height\" content=\"1000\" \/>\n\t<meta property=\"og:image:type\" content=\"image\/jpeg\" \/>\n<meta name=\"twitter:card\" content=\"summary_large_image\" \/>\n<script type=\"application\/ld+json\" class=\"yoast-schema-graph\">{\"@context\":\"https:\/\/schema.org\",\"@graph\":[{\"@type\":\"WebPage\",\"@id\":\"https:\/\/espak.ee\/epood\/toode\/wc-puhastusvahend-harpic-power-max-hygiene-750ml\/\",\"url\":\"https:\/\/espak.ee\/epood\/toode\/wc-puhastusvahend-harpic-power-max-hygiene-750ml\/\",\"name\":\"WC PUHASTUSVAHEND HARPIC POWER MAX HYGIENE 750ML - Espak E-pood\",\"isPartOf\":{\"@id\":\"https:\/\/espak.ee\/epood\/#website\"},\"primaryImageOfPage\":{\"@id\":\"https:\/\/espak.ee\/epood\/toode\/wc-puhastusvahend-harpic-power-max-hygiene-750ml\/#primaryimage\"},\"image\":{\"@id\":\"https:\/\/espak.ee\/epood\/toode\/wc-puhastusvahend-harpic-power-max-hygiene-750ml\/#primaryimage\"},\"thumbnailUrl\":\"https:\/\/espak.ee\/epood\/wp-content\/uploads\/2026\/01\/0170595_harpic-max-wc-puhvahend-hygiene-750ml.jpg\",\"datePublished\":\"2026-01-27T03:05:01+00:00\",\"dateModified\":\"2026-01-27T13:39:18+00:00\",\"breadcrumb\":{\"@id\":\"https:\/\/espak.ee\/epood\/toode\/wc-puhastusvahend-harpic-power-max-hygiene-750ml\/#breadcrumb\"},\"inLanguage\":\"et\",\"potentialAction\":[{\"@type\":\"ReadAction\",\"target\":[\"https:\/\/espak.ee\/epood\/toode\/wc-puhastusvahend-harpic-power-max-hygiene-750ml\/\"]}]},{\"@type\":\"ImageObject\",\"inLanguage\":\"et\",\"@id\":\"https:\/\/espak.ee\/epood\/toode\/wc-puhastusvahend-harpic-power-max-hygiene-750ml\/#primaryimage\",\"url\":\"https:\/\/espak.ee\/epood\/wp-content\/uploads\/2026\/01\/0170595_harpic-max-wc-puhvahend-hygiene-750ml.jpg\",\"contentUrl\":\"https:\/\/espak.ee\/epood\/wp-content\/uploads\/2026\/01\/0170595_harpic-max-wc-puhvahend-hygiene-750ml.jpg\",\"width\":1000,\"height\":1000},{\"@type\":\"BreadcrumbList\",\"@id\":\"https:\/\/espak.ee\/epood\/toode\/wc-puhastusvahend-harpic-power-max-hygiene-750ml\/#breadcrumb\",\"itemListElement\":[{\"@type\":\"ListItem\",\"position\":1,\"name\":\"Home\",\"item\":\"https:\/\/espak.ee\/epood\/\"},{\"@type\":\"ListItem\",\"position\":2,\"name\":\"Tootevalik\",\"item\":\"https:\/\/espak.ee\/epood\/tootevalik\/\"},{\"@type\":\"ListItem\",\"position\":3,\"name\":\"WC PUHASTUSVAHEND HARPIC POWER MAX HYGIENE 750ML\"}]},{\"@type\":\"WebSite\",\"@id\":\"https:\/\/espak.ee\/epood\/#website\",\"url\":\"https:\/\/espak.ee\/epood\/\",\"name\":\"Espak E-pood\",\"description\":\"\",\"potentialAction\":[{\"@type\":\"SearchAction\",\"target\":{\"@type\":\"EntryPoint\",\"urlTemplate\":\"https:\/\/espak.ee\/epood\/?s={search_term_string}\"},\"query-input\":{\"@type\":\"PropertyValueSpecification\",\"valueRequired\":true,\"valueName\":\"search_term_string\"}}],\"inLanguage\":\"et\"}]}<\/script>\n<!-- \/ Yoast SEO plugin. -->","yoast_head_json":{"title":"WC PUHASTUSVAHEND HARPIC POWER MAX HYGIENE 750ML - Espak E-pood","robots":{"index":"index","follow":"follow","max-snippet":"max-snippet:-1","max-image-preview":"max-image-preview:large","max-video-preview":"max-video-preview:-1"},"canonical":"https:\/\/espak.ee\/epood\/toode\/wc-puhastusvahend-harpic-power-max-hygiene-750ml\/","og_locale":"et_EE","og_type":"article","og_title":"WC PUHASTUSVAHEND HARPIC POWER MAX HYGIENE 750ML - Espak E-pood","og_url":"https:\/\/espak.ee\/epood\/toode\/wc-puhastusvahend-harpic-power-max-hygiene-750ml\/","og_site_name":"Espak E-pood","article_modified_time":"2026-01-27T13:39:18+00:00","og_image":[{"width":1000,"height":1000,"url":"https:\/\/espak.ee\/epood\/wp-content\/uploads\/2026\/01\/0170595_harpic-max-wc-puhvahend-hygiene-750ml.jpg","type":"image\/jpeg"}],"twitter_card":"summary_large_image","schema":{"@context":"https:\/\/schema.org","@graph":[{"@type":"WebPage","@id":"https:\/\/espak.ee\/epood\/toode\/wc-puhastusvahend-harpic-power-max-hygiene-750ml\/","url":"https:\/\/espak.ee\/epood\/toode\/wc-puhastusvahend-harpic-power-max-hygiene-750ml\/","name":"WC PUHASTUSVAHEND HARPIC POWER MAX HYGIENE 750ML - Espak E-pood","isPartOf":{"@id":"https:\/\/espak.ee\/epood\/#website"},"primaryImageOfPage":{"@id":"https:\/\/espak.ee\/epood\/toode\/wc-puhastusvahend-harpic-power-max-hygiene-750ml\/#primaryimage"},"image":{"@id":"https:\/\/espak.ee\/epood\/toode\/wc-puhastusvahend-harpic-power-max-hygiene-750ml\/#primaryimage"},"thumbnailUrl":"https:\/\/espak.ee\/epood\/wp-content\/uploads\/2026\/01\/0170595_harpic-max-wc-puhvahend-hygiene-750ml.jpg","datePublished":"2026-01-27T03:05:01+00:00","dateModified":"2026-01-27T13:39:18+00:00","breadcrumb":{"@id":"https:\/\/espak.ee\/epood\/toode\/wc-puhastusvahend-harpic-power-max-hygiene-750ml\/#breadcrumb"},"inLanguage":"et","potentialAction":[{"@type":"ReadAction","target":["https:\/\/espak.ee\/epood\/toode\/wc-puhastusvahend-harpic-power-max-hygiene-750ml\/"]}]},{"@type":"ImageObject","inLanguage":"et","@id":"https:\/\/espak.ee\/epood\/toode\/wc-puhastusvahend-harpic-power-max-hygiene-750ml\/#primaryimage","url":"https:\/\/espak.ee\/epood\/wp-content\/uploads\/2026\/01\/0170595_harpic-max-wc-puhvahend-hygiene-750ml.jpg","contentUrl":"https:\/\/espak.ee\/epood\/wp-content\/uploads\/2026\/01\/0170595_harpic-max-wc-puhvahend-hygiene-750ml.jpg","width":1000,"height":1000},{"@type":"BreadcrumbList","@id":"https:\/\/espak.ee\/epood\/toode\/wc-puhastusvahend-harpic-power-max-hygiene-750ml\/#breadcrumb","itemListElement":[{"@type":"ListItem","position":1,"name":"Home","item":"https:\/\/espak.ee\/epood\/"},{"@type":"ListItem","position":2,"name":"Tootevalik","item":"https:\/\/espak.ee\/epood\/tootevalik\/"},{"@type":"ListItem","position":3,"name":"WC PUHASTUSVAHEND HARPIC POWER MAX HYGIENE 750ML"}]},{"@type":"WebSite","@id":"https:\/\/espak.ee\/epood\/#website","url":"https:\/\/espak.ee\/epood\/","name":"Espak E-pood","description":"","potentialAction":[{"@type":"SearchAction","target":{"@type":"EntryPoint","urlTemplate":"https:\/\/espak.ee\/epood\/?s={search_term_string}"},"query-input":{"@type":"PropertyValueSpecification","valueRequired":true,"valueName":"search_term_string"}}],"inLanguage":"et"}]}},"_links":{"self":[{"href":"https:\/\/espak.ee\/epood\/wp-json\/wp\/v2\/product\/262221","targetHints":{"allow":["GET"]}}],"collection":[{"href":"https:\/\/espak.ee\/epood\/wp-json\/wp\/v2\/product"}],"about":[{"href":"https:\/\/espak.ee\/epood\/wp-json\/wp\/v2\/types\/product"}],"replies":[{"embeddable":true,"href":"https:\/\/espak.ee\/epood\/wp-json\/wp\/v2\/comments?post=262221"}],"wp:featuredmedia":[{"embeddable":true,"href":"https:\/\/espak.ee\/epood\/wp-json\/wp\/v2\/media\/262428"}],"wp:attachment":[{"href":"https:\/\/espak.ee\/epood\/wp-json\/wp\/v2\/media?parent=262221"}],"wp:term":[{"taxonomy":"product_brand","embeddable":true,"href":"https:\/\/espak.ee\/epood\/wp-json\/wp\/v2\/product_brand?post=262221"},{"taxonomy":"product_cat","embeddable":true,"href":"https:\/\/espak.ee\/epood\/wp-json\/wp\/v2\/product_cat?post=262221"},{"taxonomy":"product_tag","embeddable":true,"href":"https:\/\/espak.ee\/epood\/wp-json\/wp\/v2\/product_tag?post=262221"}],"curies":[{"name":"wp","href":"https:\/\/api.w.org\/{rel}","templated":true}]}}