{"id":262208,"date":"2026-01-27T05:05:01","date_gmt":"2026-01-27T03:05:01","guid":{"rendered":"https:\/\/espak.ee\/epood\/?post_type=product&#038;p=262208"},"modified":"2026-01-27T14:14:02","modified_gmt":"2026-01-27T12:14:02","slug":"vaibapuhastusvahend-vanish-lemon-500ml","status":"publish","type":"product","link":"https:\/\/espak.ee\/epood\/toode\/vaibapuhastusvahend-vanish-lemon-500ml\/","title":{"rendered":"VAIBAPUHASTUSVAHEND VANISH LEMON 500ML"},"content":{"rendered":"<div class=\"row\"  id=\"row-572883491\">\n\n\t<div id=\"col-1091613630\" class=\"col medium-9 small-12 large-9\"  >\n\t\t\t\t<div class=\"col-inner\"  >\n\t\t\t\n\t\t\t\n<h3>VANISH vaibapuhastusvahend LEMON 500ml<\/h3>\n<p>Vanish Clean &#038; Fresh k\u00e4sipesu\u0161ampoon vaipadele. Eemaldab 5 x rohkem mustust*. Pehmendab, puhastab, v\u00e4rskendab. *vs ainult tolmuimejaga puhastamine.\n<\/p>\n<p><strong>Koostisosad:<\/strong><br \/>\nKoostis (koostisosade teave www.rbeuroinfo.com): alla 5% hapnikup\u00f5hised pleegitusained, anioonsed pindaktiivsed ained, mitteioonsed pindaktiivsed ained, pol\u00fckarboks\u00fclaadid, l\u00f5hnaained, Limonene, Citral.<\/p>\n<p><strong>Kasutusjuhend:<\/strong><br \/>\nKasutamine: Puhastage vaip tolmuimejaga. Segage 1 osa toodet 9 osa veega (max 40 \u00b0C). Segage vahule. Kandke vaht \u00fchtlaselt vaibale. Laske kuivada. Puhastage j\u00e4lle tolmuimejaga. Kasutussoovitused: Alati kontrollige vaiba v\u00e4rvikindlust vaiba silmapaistmatus kohas. Kasutage ainult vahtu, kuna liigne m\u00e4rgumine v\u00f5ib p\u00f5hjustada kokkut\u00f5mbumist v\u00f5i plekke. Enne tolmuimejaga puhastamist laske kuivada. Mitte lasta liigselt m\u00e4rguda. Ei sobi kasutamiseks velvetmaterjalidel, brokaadil v\u00f5i nendel materjalidel, mis ei sobi m\u00e4rgpuhastuseks. Ei sobi kasutamiseks masinates.<\/p>\n<p><strong>Ohutus:<\/strong><br \/>\nHOIATUS. P\u00f5hjustab tugevat silmade \u00e4rritust. Hoida lastele k\u00e4ttesaamatus kohas. SILMA SATTUMISE KORRAL: loputada mitme minuti jooksul ettevaatlikult veega. Eemaldada kontaktl\u00e4\u00e4tsed, kui neid kasutatakse ja kui neid on kerge eemaldada. Loputada veel kord. Kui silmade \u00e4rritus ei m\u00f6\u00f6du: p\u00f6\u00f6rduda arsti poole. P\u00e4rast k\u00e4itlemist pesta hoolega k\u00e4si. Arsti poole p\u00f6\u00f6rdudes v\u00f5tta kaasa toote pakend v\u00f5i etikett. Kui kokkupuutel nahaga tekib valgenemine, \u00e4rge muretsege. Valgendav toime on ajutine ja p\u00f6\u00f6rduv. Pritsmed loputada kohe rohke veega. Tundliku naha korral on soovitav kanda kaitsekindaid. Mitte kokku segada teiste toodetega.\n<\/p>\n\t\t<\/div>\n\t\t\t\t\t<\/div>\n\n\t\n\n\t<div id=\"col-784819733\" class=\"col medium-3 small-12 large-3\"  >\n\t\t\t\t<div class=\"col-inner\"  >\n\t\t\t\n\t\t\t\n\t<div id=\"gap-1202183802\" class=\"gap-element clearfix\" style=\"display:block; height:auto;\">\n\t\t\n<style>\n#gap-1202183802 {\n  padding-top: 30px;\n}\n<\/style>\n\t<\/div>\n\t\n<p><strong>\u00dcksikasjalikuma n\u00f5u saamiseks v\u00f5tke \u00fchendust:<br \/><\/strong>EUGESTA EESTI O\u00dc<br \/>Rukki tee 5<br \/>Lehmja k\u00fcla, Rae vald<br \/>75306<br \/>Harjumaa<br \/>+372 682 7782<\/p>\n\t\t<\/div>\n\t\t\t\t\t<\/div>\n\n\t\n<\/div>\n","protected":false},"excerpt":{"rendered":"","protected":false},"featured_media":262415,"comment_status":"closed","ping_status":"closed","template":"","meta":[],"product_brand":[],"product_cat":[2788,4216,4217,4564],"product_tag":[],"class_list":{"0":"post-262208","1":"product","2":"type-product","3":"status-publish","4":"has-post-thumbnail","6":"product_cat-aiatarbed-ja-kodukaubad","7":"product_cat-kodukeemia","8":"product_cat-kodukeemia-kodukeemia","9":"product_cat-moobli-ja-vaiba-puhastusvahendid","10":"pa_kaubamark-eugesta-eesti-as","12":"first","13":"instock","14":"sale","15":"taxable","16":"shipping-taxable","17":"purchasable","18":"product-type-simple"},"yoast_head":"<!-- This site is optimized with the Yoast SEO plugin v26.9 - https:\/\/yoast.com\/product\/yoast-seo-wordpress\/ -->\n<title>VAIBAPUHASTUSVAHEND VANISH LEMON 500ML - Espak E-pood<\/title>\n<meta name=\"robots\" content=\"index, follow, max-snippet:-1, max-image-preview:large, max-video-preview:-1\" \/>\n<link rel=\"canonical\" href=\"https:\/\/espak.ee\/epood\/toode\/vaibapuhastusvahend-vanish-lemon-500ml\/\" \/>\n<meta property=\"og:locale\" content=\"et_EE\" \/>\n<meta property=\"og:type\" content=\"article\" \/>\n<meta property=\"og:title\" content=\"VAIBAPUHASTUSVAHEND VANISH LEMON 500ML - Espak E-pood\" \/>\n<meta property=\"og:url\" content=\"https:\/\/espak.ee\/epood\/toode\/vaibapuhastusvahend-vanish-lemon-500ml\/\" \/>\n<meta property=\"og:site_name\" content=\"Espak E-pood\" \/>\n<meta property=\"article:modified_time\" content=\"2026-01-27T12:14:02+00:00\" \/>\n<meta property=\"og:image\" content=\"https:\/\/espak.ee\/epood\/wp-content\/uploads\/2026\/01\/0167099_vanish-vaibapuhvahend-lemon-500ml.jpg\" \/>\n\t<meta property=\"og:image:width\" content=\"1000\" \/>\n\t<meta property=\"og:image:height\" content=\"1000\" \/>\n\t<meta property=\"og:image:type\" content=\"image\/jpeg\" \/>\n<meta name=\"twitter:card\" content=\"summary_large_image\" \/>\n<meta name=\"twitter:label1\" content=\"Est. reading time\" \/>\n\t<meta name=\"twitter:data1\" content=\"1 minut\" \/>\n<script type=\"application\/ld+json\" class=\"yoast-schema-graph\">{\"@context\":\"https:\/\/schema.org\",\"@graph\":[{\"@type\":\"WebPage\",\"@id\":\"https:\/\/espak.ee\/epood\/toode\/vaibapuhastusvahend-vanish-lemon-500ml\/\",\"url\":\"https:\/\/espak.ee\/epood\/toode\/vaibapuhastusvahend-vanish-lemon-500ml\/\",\"name\":\"VAIBAPUHASTUSVAHEND VANISH LEMON 500ML - Espak E-pood\",\"isPartOf\":{\"@id\":\"https:\/\/espak.ee\/epood\/#website\"},\"primaryImageOfPage\":{\"@id\":\"https:\/\/espak.ee\/epood\/toode\/vaibapuhastusvahend-vanish-lemon-500ml\/#primaryimage\"},\"image\":{\"@id\":\"https:\/\/espak.ee\/epood\/toode\/vaibapuhastusvahend-vanish-lemon-500ml\/#primaryimage\"},\"thumbnailUrl\":\"https:\/\/espak.ee\/epood\/wp-content\/uploads\/2026\/01\/0167099_vanish-vaibapuhvahend-lemon-500ml.jpg\",\"datePublished\":\"2026-01-27T03:05:01+00:00\",\"dateModified\":\"2026-01-27T12:14:02+00:00\",\"breadcrumb\":{\"@id\":\"https:\/\/espak.ee\/epood\/toode\/vaibapuhastusvahend-vanish-lemon-500ml\/#breadcrumb\"},\"inLanguage\":\"et\",\"potentialAction\":[{\"@type\":\"ReadAction\",\"target\":[\"https:\/\/espak.ee\/epood\/toode\/vaibapuhastusvahend-vanish-lemon-500ml\/\"]}]},{\"@type\":\"ImageObject\",\"inLanguage\":\"et\",\"@id\":\"https:\/\/espak.ee\/epood\/toode\/vaibapuhastusvahend-vanish-lemon-500ml\/#primaryimage\",\"url\":\"https:\/\/espak.ee\/epood\/wp-content\/uploads\/2026\/01\/0167099_vanish-vaibapuhvahend-lemon-500ml.jpg\",\"contentUrl\":\"https:\/\/espak.ee\/epood\/wp-content\/uploads\/2026\/01\/0167099_vanish-vaibapuhvahend-lemon-500ml.jpg\",\"width\":1000,\"height\":1000},{\"@type\":\"BreadcrumbList\",\"@id\":\"https:\/\/espak.ee\/epood\/toode\/vaibapuhastusvahend-vanish-lemon-500ml\/#breadcrumb\",\"itemListElement\":[{\"@type\":\"ListItem\",\"position\":1,\"name\":\"Home\",\"item\":\"https:\/\/espak.ee\/epood\/\"},{\"@type\":\"ListItem\",\"position\":2,\"name\":\"Tootevalik\",\"item\":\"https:\/\/espak.ee\/epood\/tootevalik\/\"},{\"@type\":\"ListItem\",\"position\":3,\"name\":\"VAIBAPUHASTUSVAHEND VANISH LEMON 500ML\"}]},{\"@type\":\"WebSite\",\"@id\":\"https:\/\/espak.ee\/epood\/#website\",\"url\":\"https:\/\/espak.ee\/epood\/\",\"name\":\"Espak E-pood\",\"description\":\"\",\"potentialAction\":[{\"@type\":\"SearchAction\",\"target\":{\"@type\":\"EntryPoint\",\"urlTemplate\":\"https:\/\/espak.ee\/epood\/?s={search_term_string}\"},\"query-input\":{\"@type\":\"PropertyValueSpecification\",\"valueRequired\":true,\"valueName\":\"search_term_string\"}}],\"inLanguage\":\"et\"}]}<\/script>\n<!-- \/ Yoast SEO plugin. -->","yoast_head_json":{"title":"VAIBAPUHASTUSVAHEND VANISH LEMON 500ML - Espak E-pood","robots":{"index":"index","follow":"follow","max-snippet":"max-snippet:-1","max-image-preview":"max-image-preview:large","max-video-preview":"max-video-preview:-1"},"canonical":"https:\/\/espak.ee\/epood\/toode\/vaibapuhastusvahend-vanish-lemon-500ml\/","og_locale":"et_EE","og_type":"article","og_title":"VAIBAPUHASTUSVAHEND VANISH LEMON 500ML - Espak E-pood","og_url":"https:\/\/espak.ee\/epood\/toode\/vaibapuhastusvahend-vanish-lemon-500ml\/","og_site_name":"Espak E-pood","article_modified_time":"2026-01-27T12:14:02+00:00","og_image":[{"width":1000,"height":1000,"url":"https:\/\/espak.ee\/epood\/wp-content\/uploads\/2026\/01\/0167099_vanish-vaibapuhvahend-lemon-500ml.jpg","type":"image\/jpeg"}],"twitter_card":"summary_large_image","twitter_misc":{"Est. reading time":"1 minut"},"schema":{"@context":"https:\/\/schema.org","@graph":[{"@type":"WebPage","@id":"https:\/\/espak.ee\/epood\/toode\/vaibapuhastusvahend-vanish-lemon-500ml\/","url":"https:\/\/espak.ee\/epood\/toode\/vaibapuhastusvahend-vanish-lemon-500ml\/","name":"VAIBAPUHASTUSVAHEND VANISH LEMON 500ML - Espak E-pood","isPartOf":{"@id":"https:\/\/espak.ee\/epood\/#website"},"primaryImageOfPage":{"@id":"https:\/\/espak.ee\/epood\/toode\/vaibapuhastusvahend-vanish-lemon-500ml\/#primaryimage"},"image":{"@id":"https:\/\/espak.ee\/epood\/toode\/vaibapuhastusvahend-vanish-lemon-500ml\/#primaryimage"},"thumbnailUrl":"https:\/\/espak.ee\/epood\/wp-content\/uploads\/2026\/01\/0167099_vanish-vaibapuhvahend-lemon-500ml.jpg","datePublished":"2026-01-27T03:05:01+00:00","dateModified":"2026-01-27T12:14:02+00:00","breadcrumb":{"@id":"https:\/\/espak.ee\/epood\/toode\/vaibapuhastusvahend-vanish-lemon-500ml\/#breadcrumb"},"inLanguage":"et","potentialAction":[{"@type":"ReadAction","target":["https:\/\/espak.ee\/epood\/toode\/vaibapuhastusvahend-vanish-lemon-500ml\/"]}]},{"@type":"ImageObject","inLanguage":"et","@id":"https:\/\/espak.ee\/epood\/toode\/vaibapuhastusvahend-vanish-lemon-500ml\/#primaryimage","url":"https:\/\/espak.ee\/epood\/wp-content\/uploads\/2026\/01\/0167099_vanish-vaibapuhvahend-lemon-500ml.jpg","contentUrl":"https:\/\/espak.ee\/epood\/wp-content\/uploads\/2026\/01\/0167099_vanish-vaibapuhvahend-lemon-500ml.jpg","width":1000,"height":1000},{"@type":"BreadcrumbList","@id":"https:\/\/espak.ee\/epood\/toode\/vaibapuhastusvahend-vanish-lemon-500ml\/#breadcrumb","itemListElement":[{"@type":"ListItem","position":1,"name":"Home","item":"https:\/\/espak.ee\/epood\/"},{"@type":"ListItem","position":2,"name":"Tootevalik","item":"https:\/\/espak.ee\/epood\/tootevalik\/"},{"@type":"ListItem","position":3,"name":"VAIBAPUHASTUSVAHEND VANISH LEMON 500ML"}]},{"@type":"WebSite","@id":"https:\/\/espak.ee\/epood\/#website","url":"https:\/\/espak.ee\/epood\/","name":"Espak E-pood","description":"","potentialAction":[{"@type":"SearchAction","target":{"@type":"EntryPoint","urlTemplate":"https:\/\/espak.ee\/epood\/?s={search_term_string}"},"query-input":{"@type":"PropertyValueSpecification","valueRequired":true,"valueName":"search_term_string"}}],"inLanguage":"et"}]}},"_links":{"self":[{"href":"https:\/\/espak.ee\/epood\/wp-json\/wp\/v2\/product\/262208","targetHints":{"allow":["GET"]}}],"collection":[{"href":"https:\/\/espak.ee\/epood\/wp-json\/wp\/v2\/product"}],"about":[{"href":"https:\/\/espak.ee\/epood\/wp-json\/wp\/v2\/types\/product"}],"replies":[{"embeddable":true,"href":"https:\/\/espak.ee\/epood\/wp-json\/wp\/v2\/comments?post=262208"}],"wp:featuredmedia":[{"embeddable":true,"href":"https:\/\/espak.ee\/epood\/wp-json\/wp\/v2\/media\/262415"}],"wp:attachment":[{"href":"https:\/\/espak.ee\/epood\/wp-json\/wp\/v2\/media?parent=262208"}],"wp:term":[{"taxonomy":"product_brand","embeddable":true,"href":"https:\/\/espak.ee\/epood\/wp-json\/wp\/v2\/product_brand?post=262208"},{"taxonomy":"product_cat","embeddable":true,"href":"https:\/\/espak.ee\/epood\/wp-json\/wp\/v2\/product_cat?post=262208"},{"taxonomy":"product_tag","embeddable":true,"href":"https:\/\/espak.ee\/epood\/wp-json\/wp\/v2\/product_tag?post=262208"}],"curies":[{"name":"wp","href":"https:\/\/api.w.org\/{rel}","templated":true}]}}