{"id":262076,"date":"2026-01-24T05:05:01","date_gmt":"2026-01-24T03:05:01","guid":{"rendered":"https:\/\/espak.ee\/epood\/?post_type=product&#038;p=262076"},"modified":"2026-01-29T14:05:59","modified_gmt":"2026-01-29T12:05:59","slug":"akuharilihvmasin-einhell-tp-br-18-32-li-bl-solo","status":"publish","type":"product","link":"https:\/\/espak.ee\/epood\/toode\/akuharilihvmasin-einhell-tp-br-18-32-li-bl-solo\/","title":{"rendered":"AKUHARILIHVMASIN EINHELL TP-BR 18\/32 LI BL SOLO"},"content":{"rendered":"<div class=\"row\"  id=\"row-795483301\">\n\n\t<div id=\"col-768425362\" class=\"col medium-9 small-12 large-9\"  >\n\t\t\t\t<div class=\"col-inner\"  >\n\t\t\t\n\t\t\t\n<h3>Akuharilihvmasin Einhell TP-BR 18\/32 Li BL-Solo<\/h3>\n<div class=\"message-box relative\" style=\"padding-top:15px;padding-bottom:15px;\"><div class=\"message-box-bg-image bg-fill fill\" ><\/div><div class=\"message-box-bg-overlay bg-fill fill\" ><\/div><div class=\"container relative\"><div class=\"inner last-reset\">\n<div class=\"row align-middle align-center\"  id=\"row-106343053\">\n\n\t<div id=\"col-1606716214\" class=\"col small-12 large-12\"  >\n\t\t\t\t<div class=\"col-inner text-left\"  >\n\t\t\t\n\t\t\t\n<h4>Omadused<\/h4>\n<div class=\"row\"  id=\"row-991983321\">\n\n\t<div id=\"col-559416832\" class=\"col medium-6 small-12 large-6\"  >\n\t\t\t\t<div class=\"col-inner\"  >\n\t\t\t\n\t\t\t\n<p><i class=\"far fa-check-circle fa-2x\"><\/i><strong>\u00a0Power X-Change tootepere liige<\/strong><\/p>\n<p><i class=\"far fa-check-circle fa-2x\"><\/i><strong> Harjadeta mootor \u2013 rohkem v\u00f5imsust ja pikem t\u00f6\u00f6aeg\u00a0<\/strong><\/p>\n<p><i class=\"far fa-check-circle fa-2x\"><\/i><strong> Lihtne kasutamine, isegi servade l\u00e4hedalt <\/strong><\/p>\n<p><i class=\"far fa-check-circle fa-2x\"><\/i><strong> P\u00e4\u00e4stikulukusti pidevaks t\u00f6\u00f6ks\u00a0<\/strong><\/p>\n<p><i class=\"far fa-check-circle fa-2x\"><\/i><strong> Elektrooniline kiiruseregulaator\u00a0<\/strong><\/p>\n\t\t<\/div>\n\t\t\t\t\n<style>\n#col-559416832 > .col-inner {\n  margin: 0px 0px 15px 0px;\n}\n<\/style>\n\t<\/div>\n\n\t\n\n\t<div id=\"col-1270853321\" class=\"col medium-6 small-12 large-6\"  >\n\t\t\t\t<div class=\"col-inner\"  >\n\t\t\t\n\t\t\t\n<p><i class=\"far fa-check-circle fa-2x\"><\/i><strong> \u00dclekoormuse ja taask\u00e4ivitumise kaitse  <\/strong><\/p>\n<p><i class=\"far fa-check-circle fa-2x\"><\/i><strong> Komplektis messinghari puidu, metalli ja kivi t\u00f6\u00f6tlemiseks<\/strong><\/p>\n<p><i class=\"far fa-check-circle fa-2x\"><\/i><strong> Pehmendusega k\u00e4epidemed\u00a0<\/strong><\/p>\n<p><i class=\"far fa-check-circle fa-2x\"><\/i><strong> Komplekt ilma aku ja akulaadurita\u00a0<\/strong><\/p>\n\t\t<\/div>\n\t\t\t\t\n<style>\n#col-1270853321 > .col-inner {\n  margin: 0px 0px 15px 0px;\n}\n<\/style>\n\t<\/div>\n\n\t\n<\/div>\n\t\t<\/div>\n\t\t\t\t\t<\/div>\n\n\t\n<\/div>\n<\/div><\/div><\/div>\n<p>Einhell akuharilihvmasin TP-BR 18\/32 Li BL-Solo on mitmek\u00fclgne t\u00f6\u00f6riist puidu, metalli v\u00f5i kivi t\u00f6\u00f6tlemiseks. Akutoitel universaalne lihvija kuulub Einhell Power X-Change tooteperre ja seda saab kombineerida iga PXC s\u00fcsteemi aku v\u00f5i laadijaga.<br \/>\nHarjavaba mootor pakub rohkem v\u00f5imsust ja pikemat t\u00f6\u00f6aega kui tavaline s\u00fcsinikharjaga mootor. P\u00e4rast veebis registreerimist on harjavabal mootoril 10-aastane garantii.<br \/>\nKomplekti kuulub messinghari. Muud harjad, n\u00e4iteks nailonhari, karukeel, lamellrull jm, on saadaval eraldi. Harja vahetamine toimub lukustusnuppu ja kaasasoleva kuuskantv\u00f5tme abil. T\u00e4nu elektroonilisele kiiruse reguleerimisele saab v\u00f5imsust kohandada vastavalt materjalile ja \u00fclesandele ning p\u00e4\u00e4stikulukk muudab aegan\u00f5udvad t\u00f6\u00f6d lihtsamaks. T\u00f6\u00f6riistavaba lisak\u00e4epideme reguleerimine koos harja kaitsekattega v\u00f5imaldab paindlikku kasutamist erinevatest t\u00f6\u00f6asenditest.<br \/>\nKomplekt ilma aku ja laadijata, need on saadaval eraldi. <\/p>\n\t\t<\/div>\n\t\t\t\t\t<\/div>\n\n\t\n\n\t<div id=\"col-671882782\" class=\"col medium-3 small-12 large-3\"  >\n\t\t\t\t<div class=\"col-inner\"  >\n\t\t\t\n\t\t\t\n<img decoding=\"async\" src=\"https:\/\/espak.ee\/epood\/wp-content\/uploads\/2020\/04\/Power-x-change-logo.jpg\" alt=\"\" width=\"1772\" height=\"343\" class=\"alignnone size-full wp-image-97311\" srcset=\"https:\/\/espak.ee\/epood\/wp-content\/uploads\/2020\/04\/Power-x-change-logo.jpg 1772w, https:\/\/espak.ee\/epood\/wp-content\/uploads\/2020\/04\/Power-x-change-logo-500x97.jpg 500w, https:\/\/espak.ee\/epood\/wp-content\/uploads\/2020\/04\/Power-x-change-logo-769x149.jpg 769w, https:\/\/espak.ee\/epood\/wp-content\/uploads\/2020\/04\/Power-x-change-logo-300x58.jpg 300w, https:\/\/espak.ee\/epood\/wp-content\/uploads\/2020\/04\/Power-x-change-logo-1024x198.jpg 1024w, https:\/\/espak.ee\/epood\/wp-content\/uploads\/2020\/04\/Power-x-change-logo-150x29.jpg 150w, https:\/\/espak.ee\/epood\/wp-content\/uploads\/2020\/04\/Power-x-change-logo-768x149.jpg 768w, https:\/\/espak.ee\/epood\/wp-content\/uploads\/2020\/04\/Power-x-change-logo-1536x297.jpg 1536w\" sizes=\"(max-width: 1772px) 100vw, 1772px\" \/><br \/>\n<div class=\"is-divider divider clearfix\" ><\/div>\n<h3>Kasutusjuhend<\/h3>\n<p><a href=\"https:\/\/espak.ee\/epood\/wp-content\/uploads\/2026\/01\/4468000_21013_001_SPK13.pdf\"target=\"_blank\" rel=\"noopener noreferrer\"><i class=\"far fa-file-pdf\"><\/i> Kasutusjuhend (PDF)<\/a><\/p>\n<div class=\"is-divider divider clearfix\" ><\/div>\n<p><strong>\u00dcksikasjalikuma n\u00f5u saamiseks v\u00f5tke \u00fchendust:<br \/><\/strong>Espak AS<br \/>Viadukti 42<br \/>11313<br \/>Tallinn<br \/>+372 6 512333<\/p>\n\t\t<\/div>\n\t\t\t\t\t<\/div>\n\n\t\n<\/div>\n","protected":false},"excerpt":{"rendered":"","protected":false},"featured_media":262689,"comment_status":"closed","ping_status":"closed","template":"","meta":[],"product_brand":[],"product_cat":[2741,2733,2680,2679],"product_tag":[],"class_list":{"0":"post-262076","1":"product","2":"type-product","3":"status-publish","4":"has-post-thumbnail","6":"product_cat-akuga-eritooriistad","7":"product_cat-akutooriistad","8":"product_cat-elektritooriistad","9":"product_cat-tooriistad","10":"pa_kaubamark-einhell","12":"first","13":"instock","14":"sale","15":"taxable","16":"shipping-taxable","17":"purchasable","18":"product-type-simple"},"yoast_head":"<!-- This site is optimized with the Yoast SEO plugin v26.9 - https:\/\/yoast.com\/product\/yoast-seo-wordpress\/ -->\n<title>AKUHARILIHVMASIN EINHELL TP-BR 18\/32 LI BL SOLO - Espak E-pood<\/title>\n<meta name=\"robots\" content=\"index, follow, max-snippet:-1, max-image-preview:large, max-video-preview:-1\" \/>\n<link rel=\"canonical\" href=\"https:\/\/espak.ee\/epood\/toode\/akuharilihvmasin-einhell-tp-br-18-32-li-bl-solo\/\" \/>\n<meta property=\"og:locale\" content=\"et_EE\" \/>\n<meta property=\"og:type\" content=\"article\" \/>\n<meta property=\"og:title\" content=\"AKUHARILIHVMASIN EINHELL TP-BR 18\/32 LI BL SOLO - Espak E-pood\" \/>\n<meta property=\"og:url\" content=\"https:\/\/espak.ee\/epood\/toode\/akuharilihvmasin-einhell-tp-br-18-32-li-bl-solo\/\" \/>\n<meta property=\"og:site_name\" content=\"Espak E-pood\" \/>\n<meta property=\"article:modified_time\" content=\"2026-01-29T12:05:59+00:00\" \/>\n<meta property=\"og:image\" content=\"https:\/\/espak.ee\/epood\/wp-content\/uploads\/2026\/01\/4468000_21013_002_TP_BR_18_32_Li_BL_Solo_Pic.jpg\" \/>\n\t<meta property=\"og:image:width\" content=\"1000\" \/>\n\t<meta property=\"og:image:height\" content=\"1000\" \/>\n\t<meta property=\"og:image:type\" content=\"image\/jpeg\" \/>\n<meta name=\"twitter:card\" content=\"summary_large_image\" \/>\n<meta name=\"twitter:label1\" content=\"Est. reading time\" \/>\n\t<meta name=\"twitter:data1\" content=\"1 minut\" \/>\n<script type=\"application\/ld+json\" class=\"yoast-schema-graph\">{\"@context\":\"https:\/\/schema.org\",\"@graph\":[{\"@type\":\"WebPage\",\"@id\":\"https:\/\/espak.ee\/epood\/toode\/akuharilihvmasin-einhell-tp-br-18-32-li-bl-solo\/\",\"url\":\"https:\/\/espak.ee\/epood\/toode\/akuharilihvmasin-einhell-tp-br-18-32-li-bl-solo\/\",\"name\":\"AKUHARILIHVMASIN EINHELL TP-BR 18\/32 LI BL SOLO - Espak E-pood\",\"isPartOf\":{\"@id\":\"https:\/\/espak.ee\/epood\/#website\"},\"primaryImageOfPage\":{\"@id\":\"https:\/\/espak.ee\/epood\/toode\/akuharilihvmasin-einhell-tp-br-18-32-li-bl-solo\/#primaryimage\"},\"image\":{\"@id\":\"https:\/\/espak.ee\/epood\/toode\/akuharilihvmasin-einhell-tp-br-18-32-li-bl-solo\/#primaryimage\"},\"thumbnailUrl\":\"https:\/\/espak.ee\/epood\/wp-content\/uploads\/2026\/01\/4468000_21013_002_TP_BR_18_32_Li_BL_Solo_Pic.jpg\",\"datePublished\":\"2026-01-24T03:05:01+00:00\",\"dateModified\":\"2026-01-29T12:05:59+00:00\",\"breadcrumb\":{\"@id\":\"https:\/\/espak.ee\/epood\/toode\/akuharilihvmasin-einhell-tp-br-18-32-li-bl-solo\/#breadcrumb\"},\"inLanguage\":\"et\",\"potentialAction\":[{\"@type\":\"ReadAction\",\"target\":[\"https:\/\/espak.ee\/epood\/toode\/akuharilihvmasin-einhell-tp-br-18-32-li-bl-solo\/\"]}]},{\"@type\":\"ImageObject\",\"inLanguage\":\"et\",\"@id\":\"https:\/\/espak.ee\/epood\/toode\/akuharilihvmasin-einhell-tp-br-18-32-li-bl-solo\/#primaryimage\",\"url\":\"https:\/\/espak.ee\/epood\/wp-content\/uploads\/2026\/01\/4468000_21013_002_TP_BR_18_32_Li_BL_Solo_Pic.jpg\",\"contentUrl\":\"https:\/\/espak.ee\/epood\/wp-content\/uploads\/2026\/01\/4468000_21013_002_TP_BR_18_32_Li_BL_Solo_Pic.jpg\",\"width\":1000,\"height\":1000},{\"@type\":\"BreadcrumbList\",\"@id\":\"https:\/\/espak.ee\/epood\/toode\/akuharilihvmasin-einhell-tp-br-18-32-li-bl-solo\/#breadcrumb\",\"itemListElement\":[{\"@type\":\"ListItem\",\"position\":1,\"name\":\"Home\",\"item\":\"https:\/\/espak.ee\/epood\/\"},{\"@type\":\"ListItem\",\"position\":2,\"name\":\"Tootevalik\",\"item\":\"https:\/\/espak.ee\/epood\/tootevalik\/\"},{\"@type\":\"ListItem\",\"position\":3,\"name\":\"AKUHARILIHVMASIN EINHELL TP-BR 18\/32 LI BL SOLO\"}]},{\"@type\":\"WebSite\",\"@id\":\"https:\/\/espak.ee\/epood\/#website\",\"url\":\"https:\/\/espak.ee\/epood\/\",\"name\":\"Espak E-pood\",\"description\":\"\",\"potentialAction\":[{\"@type\":\"SearchAction\",\"target\":{\"@type\":\"EntryPoint\",\"urlTemplate\":\"https:\/\/espak.ee\/epood\/?s={search_term_string}\"},\"query-input\":{\"@type\":\"PropertyValueSpecification\",\"valueRequired\":true,\"valueName\":\"search_term_string\"}}],\"inLanguage\":\"et\"}]}<\/script>\n<!-- \/ Yoast SEO plugin. -->","yoast_head_json":{"title":"AKUHARILIHVMASIN EINHELL TP-BR 18\/32 LI BL SOLO - Espak E-pood","robots":{"index":"index","follow":"follow","max-snippet":"max-snippet:-1","max-image-preview":"max-image-preview:large","max-video-preview":"max-video-preview:-1"},"canonical":"https:\/\/espak.ee\/epood\/toode\/akuharilihvmasin-einhell-tp-br-18-32-li-bl-solo\/","og_locale":"et_EE","og_type":"article","og_title":"AKUHARILIHVMASIN EINHELL TP-BR 18\/32 LI BL SOLO - Espak E-pood","og_url":"https:\/\/espak.ee\/epood\/toode\/akuharilihvmasin-einhell-tp-br-18-32-li-bl-solo\/","og_site_name":"Espak E-pood","article_modified_time":"2026-01-29T12:05:59+00:00","og_image":[{"width":1000,"height":1000,"url":"https:\/\/espak.ee\/epood\/wp-content\/uploads\/2026\/01\/4468000_21013_002_TP_BR_18_32_Li_BL_Solo_Pic.jpg","type":"image\/jpeg"}],"twitter_card":"summary_large_image","twitter_misc":{"Est. reading time":"1 minut"},"schema":{"@context":"https:\/\/schema.org","@graph":[{"@type":"WebPage","@id":"https:\/\/espak.ee\/epood\/toode\/akuharilihvmasin-einhell-tp-br-18-32-li-bl-solo\/","url":"https:\/\/espak.ee\/epood\/toode\/akuharilihvmasin-einhell-tp-br-18-32-li-bl-solo\/","name":"AKUHARILIHVMASIN EINHELL TP-BR 18\/32 LI BL SOLO - Espak E-pood","isPartOf":{"@id":"https:\/\/espak.ee\/epood\/#website"},"primaryImageOfPage":{"@id":"https:\/\/espak.ee\/epood\/toode\/akuharilihvmasin-einhell-tp-br-18-32-li-bl-solo\/#primaryimage"},"image":{"@id":"https:\/\/espak.ee\/epood\/toode\/akuharilihvmasin-einhell-tp-br-18-32-li-bl-solo\/#primaryimage"},"thumbnailUrl":"https:\/\/espak.ee\/epood\/wp-content\/uploads\/2026\/01\/4468000_21013_002_TP_BR_18_32_Li_BL_Solo_Pic.jpg","datePublished":"2026-01-24T03:05:01+00:00","dateModified":"2026-01-29T12:05:59+00:00","breadcrumb":{"@id":"https:\/\/espak.ee\/epood\/toode\/akuharilihvmasin-einhell-tp-br-18-32-li-bl-solo\/#breadcrumb"},"inLanguage":"et","potentialAction":[{"@type":"ReadAction","target":["https:\/\/espak.ee\/epood\/toode\/akuharilihvmasin-einhell-tp-br-18-32-li-bl-solo\/"]}]},{"@type":"ImageObject","inLanguage":"et","@id":"https:\/\/espak.ee\/epood\/toode\/akuharilihvmasin-einhell-tp-br-18-32-li-bl-solo\/#primaryimage","url":"https:\/\/espak.ee\/epood\/wp-content\/uploads\/2026\/01\/4468000_21013_002_TP_BR_18_32_Li_BL_Solo_Pic.jpg","contentUrl":"https:\/\/espak.ee\/epood\/wp-content\/uploads\/2026\/01\/4468000_21013_002_TP_BR_18_32_Li_BL_Solo_Pic.jpg","width":1000,"height":1000},{"@type":"BreadcrumbList","@id":"https:\/\/espak.ee\/epood\/toode\/akuharilihvmasin-einhell-tp-br-18-32-li-bl-solo\/#breadcrumb","itemListElement":[{"@type":"ListItem","position":1,"name":"Home","item":"https:\/\/espak.ee\/epood\/"},{"@type":"ListItem","position":2,"name":"Tootevalik","item":"https:\/\/espak.ee\/epood\/tootevalik\/"},{"@type":"ListItem","position":3,"name":"AKUHARILIHVMASIN EINHELL TP-BR 18\/32 LI BL SOLO"}]},{"@type":"WebSite","@id":"https:\/\/espak.ee\/epood\/#website","url":"https:\/\/espak.ee\/epood\/","name":"Espak E-pood","description":"","potentialAction":[{"@type":"SearchAction","target":{"@type":"EntryPoint","urlTemplate":"https:\/\/espak.ee\/epood\/?s={search_term_string}"},"query-input":{"@type":"PropertyValueSpecification","valueRequired":true,"valueName":"search_term_string"}}],"inLanguage":"et"}]}},"_links":{"self":[{"href":"https:\/\/espak.ee\/epood\/wp-json\/wp\/v2\/product\/262076","targetHints":{"allow":["GET"]}}],"collection":[{"href":"https:\/\/espak.ee\/epood\/wp-json\/wp\/v2\/product"}],"about":[{"href":"https:\/\/espak.ee\/epood\/wp-json\/wp\/v2\/types\/product"}],"replies":[{"embeddable":true,"href":"https:\/\/espak.ee\/epood\/wp-json\/wp\/v2\/comments?post=262076"}],"wp:featuredmedia":[{"embeddable":true,"href":"https:\/\/espak.ee\/epood\/wp-json\/wp\/v2\/media\/262689"}],"wp:attachment":[{"href":"https:\/\/espak.ee\/epood\/wp-json\/wp\/v2\/media?parent=262076"}],"wp:term":[{"taxonomy":"product_brand","embeddable":true,"href":"https:\/\/espak.ee\/epood\/wp-json\/wp\/v2\/product_brand?post=262076"},{"taxonomy":"product_cat","embeddable":true,"href":"https:\/\/espak.ee\/epood\/wp-json\/wp\/v2\/product_cat?post=262076"},{"taxonomy":"product_tag","embeddable":true,"href":"https:\/\/espak.ee\/epood\/wp-json\/wp\/v2\/product_tag?post=262076"}],"curies":[{"name":"wp","href":"https:\/\/api.w.org\/{rel}","templated":true}]}}