{"id":262075,"date":"2026-01-24T05:05:01","date_gmt":"2026-01-24T03:05:01","guid":{"rendered":"https:\/\/espak.ee\/epood\/?post_type=product&#038;p=262075"},"modified":"2026-02-03T16:08:43","modified_gmt":"2026-02-03T14:08:43","slug":"akumultitooriist-einhell-tp-mg-18-li-bl-solo","status":"publish","type":"product","link":"https:\/\/espak.ee\/epood\/toode\/akumultitooriist-einhell-tp-mg-18-li-bl-solo\/","title":{"rendered":"AKUMULTIT\u00d6\u00d6RIIST EINHELL TP-MG 18 LI BL SOLO"},"content":{"rendered":"<div class=\"row\"  id=\"row-1088217701\">\n\n\t<div id=\"col-1270688603\" class=\"col medium-9 small-12 large-9\"  >\n\t\t\t\t<div class=\"col-inner\"  >\n\t\t\t\n\t\t\t\n<h3>Akumultit\u00f6\u00f6riist Einhell TP-MG 18 Li BL-Solo<\/h3>\n<div class=\"message-box relative\" style=\"padding-top:15px;padding-bottom:15px;\"><div class=\"message-box-bg-image bg-fill fill\" ><\/div><div class=\"message-box-bg-overlay bg-fill fill\" ><\/div><div class=\"container relative\"><div class=\"inner last-reset\">\n<div class=\"row align-middle align-center\"  id=\"row-1795742372\">\n\n\t<div id=\"col-611523746\" class=\"col small-12 large-12\"  >\n\t\t\t\t<div class=\"col-inner text-left\"  >\n\t\t\t\n\t\t\t\n<h4>Omadused<\/h4>\n<div class=\"row\"  id=\"row-1809121280\">\n\n\t<div id=\"col-1455994344\" class=\"col medium-6 small-12 large-6\"  >\n\t\t\t\t<div class=\"col-inner\"  >\n\t\t\t\n\t\t\t\n<p><i class=\"far fa-check-circle fa-2x\"><\/i><strong>\u00a0Power X-Change\u00b4i tootepere liige <\/strong><\/p>\n<p><i class=\"far fa-check-circle fa-2x\"><\/i><strong> Mugav tarvikute vahetus magnetilise tarvikukinnituse abil\u00a0<\/strong><\/p>\n<p><i class=\"far fa-check-circle fa-2x\"><\/i><strong> Vibratsioonivaba t\u00f6\u00f6pea<\/strong><\/p>\n<p><i class=\"far fa-check-circle fa-2x\"><\/i><strong> 12-tihvtiline tarvikukinnis tarviku paindlikuks paigutamiseks\u00a0<\/strong><\/p>\n<p><i class=\"far fa-check-circle fa-2x\"><\/i><strong> Kaasas 9 lihvpaberit (3\u00a0\u00d7\u00a0P60, 3\u00a0\u00d7\u00a0P80, 3\u00a0\u00d7\u00a0P120)\u00a0<\/strong><\/p>\n<p><i class=\"far fa-check-circle fa-2x\"><\/i><strong> Kaasas saeleht (HCS) puidu ja plasti jaoks\u00a0<\/strong><\/p>\n<p><i class=\"far fa-check-circle fa-2x\"><\/i><strong> Kaasas segmentsaeleht (HSS) puidu, plastiku ja pehme metalli jaoks\u00a0<\/strong><\/p>\n\t\t<\/div>\n\t\t\t\t\n<style>\n#col-1455994344 > .col-inner {\n  margin: 0px 0px 15px 0px;\n}\n<\/style>\n\t<\/div>\n\n\t\n\n\t<div id=\"col-1915651431\" class=\"col medium-6 small-12 large-6\"  >\n\t\t\t\t<div class=\"col-inner\"  >\n\t\t\t\n\t\t\t\n<p><i class=\"far fa-check-circle fa-2x\"><\/i><strong> Elektrooniline v\u00f5nkesageduse seadistus materjali ja t\u00f6\u00f6tlusega kohandamiseks\u00a0<\/strong><\/p>\n<p><i class=\"far fa-check-circle fa-2x\"><\/i><strong> Ohutud ja mugavad t\u00f6\u00f6tingimused t\u00e4nu pehmendatud k\u00e4epidemele\u00a0<\/strong><\/p>\n<p><i class=\"far fa-check-circle fa-2x\"><\/i><strong> Kaasas kolmnurkne lihvplaat\u00a0<\/strong><\/p>\n<p><i class=\"far fa-check-circle fa-2x\"><\/i><strong> Kaasas kaabits\u00a0<\/strong><\/p>\n<p><i class=\"far fa-check-circle fa-2x\"><\/i><strong> Kaasas saetera (BIM) metalli jaoks\u00a0<\/strong><\/p>\n<p><i class=\"far fa-check-circle fa-2x\"><\/i><strong> Komplekt akuta ja akulaadurita (saadaval eraldi)\u00a0<\/strong><\/p>\n\t\t<\/div>\n\t\t\t\t\n<style>\n#col-1915651431 > .col-inner {\n  margin: 0px 0px 15px 0px;\n}\n<\/style>\n\t<\/div>\n\n\t\n<\/div>\n\t\t<\/div>\n\t\t\t\t\t<\/div>\n\n\t\n<\/div>\n<\/div><\/div><\/div>\n\t<div id=\"gap-1343554133\" class=\"gap-element clearfix\" style=\"display:block; height:auto;\">\n\t\t\n<style>\n#gap-1343554133 {\n  padding-top: 30px;\n}\n<\/style>\n\t<\/div>\n\t\n<h2>Tootekirjeldus<\/h2>\n<p> Akumultit\u00f6\u00f6riist Einhell TP-MG 18 Li BL-Solo on mitmek\u00fclgne ja kvaliteetne seade ehitus- ja renoveerimist\u00f6\u00f6deks. T\u00e4nu laiale varustusele saab selliseid t\u00f6id nagu saagimine, lihvimine v\u00f5i kraapimine vaevata teha. Power X-Change tooteperekonna osana saab multit\u00f6\u00f6riista kasutada mis tahes s\u00fcsteemi aku v\u00f5i laadijaga. Seadme s\u00fcdameks on Einhell PurePOWER harjavaba mootor, mis pakub suuremat v\u00f5imsust ja pikemat t\u00f6\u00f6aega kui tavalised s\u00fcsinikharjadega mootorid. P\u00e4rast veebis registreerimist on harjadeta mootoril 10-aastane garantii.<br \/>\nT\u00f6\u00f6riistavaba tarvikute vahetamine on v\u00f5imalik kiirlukustusega. T\u00e4nu magnetilisele tarvikukinnitusele saab tarvikuid kiiresti ja lihtsalt vahetada. 12-tihvtiline kinnitus v\u00f5imaldab tarvikute paindlikku paigutamist. Kiiruseelektroonika tagab t\u00e4pse ja materjalis\u00f5braliku t\u00f6\u00f6.<br \/>\nMultit\u00f6\u00f6riist t\u00f6\u00f6tab 3,2\u00b0 v\u00f5nkenurgaga, mis v\u00f5imaldab t\u00e4pset kasutamist. LED-valgus tagab t\u00f6\u00f6ala ideaalse valgustuse. Lukustusfunktsiooniga l\u00fcliti lihtsustab t\u00f6\u00f6d. Innovatiivne, vibratsioonivaba seadmepea v\u00f5imaldab vibratsioonivaba kasutamist. Pehme k\u00e4epideme tagavab ohutu ja mugava t\u00f6\u00f6tamise. Varustusse kuulub delta-lihvimisjalats takjakinnitusega ja \u00fcheksa erineva terasuurusega lihvpaberi komplekt (iga\u00fcks 3 x P60, P80, P120). Tarne sisaldab ka kaabitsat, saetera puidu ja plasti (HCS) jaoks, t\u00e4iendavat BIM saetera metalli jaoks, segmentsaelehte puidu, plasti ja pehme metalli (HSS) jaoks ning teemantsegmentsaelehte plaatide vuukidele. Toode ei sisalda akut ega laadijat, neid m\u00fc\u00fcakse eraldi.<\/p>\n\t<div id=\"gap-1521693374\" class=\"gap-element clearfix\" style=\"display:block; height:auto;\">\n\t\t\n<style>\n#gap-1521693374 {\n  padding-top: 30px;\n}\n<\/style>\n\t<\/div>\n\t\n\t\t<\/div>\n\t\t\t\t\t<\/div>\n\n\t\n\n\t<div id=\"col-987487267\" class=\"col medium-3 small-12 large-3\"  >\n\t\t\t\t<div class=\"col-inner\"  >\n\t\t\t\n\t\t\t\n<img decoding=\"async\" src=\"https:\/\/espak.ee\/epood\/wp-content\/uploads\/2020\/04\/Power-x-change-logo.jpg\" alt=\"\" width=\"1772\" height=\"343\" class=\"alignnone size-full wp-image-97311\" srcset=\"https:\/\/espak.ee\/epood\/wp-content\/uploads\/2020\/04\/Power-x-change-logo.jpg 1772w, https:\/\/espak.ee\/epood\/wp-content\/uploads\/2020\/04\/Power-x-change-logo-500x97.jpg 500w, https:\/\/espak.ee\/epood\/wp-content\/uploads\/2020\/04\/Power-x-change-logo-769x149.jpg 769w, https:\/\/espak.ee\/epood\/wp-content\/uploads\/2020\/04\/Power-x-change-logo-300x58.jpg 300w, https:\/\/espak.ee\/epood\/wp-content\/uploads\/2020\/04\/Power-x-change-logo-1024x198.jpg 1024w, https:\/\/espak.ee\/epood\/wp-content\/uploads\/2020\/04\/Power-x-change-logo-150x29.jpg 150w, https:\/\/espak.ee\/epood\/wp-content\/uploads\/2020\/04\/Power-x-change-logo-768x149.jpg 768w, https:\/\/espak.ee\/epood\/wp-content\/uploads\/2020\/04\/Power-x-change-logo-1536x297.jpg 1536w\" sizes=\"(max-width: 1772px) 100vw, 1772px\" \/><\/p>\n<h3>Kasutusjuhend<\/h3>\n<p><a href=\"https:\/\/espak.ee\/epood\/wp-content\/uploads\/2026\/01\/4465190_21025_001_SPK13.pdf\"target=\"_blank\" rel=\"noopener noreferrer\"><i class=\"far fa-file-pdf\"><\/i> Kasutusjuhend (PDF)<\/a><\/p>\n<div class=\"is-divider divider clearfix\" ><\/div>\n<p><strong>\u00dcksikasjalikuma n\u00f5u saamiseks v\u00f5tke \u00fchendust:<br \/><\/strong>Espak AS<br \/>Viadukti 42<br \/>11313<br \/>Tallinn<br \/> T\u00f6\u00f6riista osakond +372 6512 335<br \/><a href=\"mailto:tooriist@espak.ee\">tooriist@espak.ee<\/a><\/p>\n\t\t<\/div>\n\t\t\t\t\t<\/div>\n\n\t\n<\/div>\n","protected":false},"excerpt":{"rendered":"","protected":false},"featured_media":263158,"comment_status":"closed","ping_status":"closed","template":"","meta":[],"product_brand":[],"product_cat":[2750,2733,2680,2679],"product_tag":[],"class_list":{"0":"post-262075","1":"product","2":"type-product","3":"status-publish","4":"has-post-thumbnail","6":"product_cat-akumultitooriistad","7":"product_cat-akutooriistad","8":"product_cat-elektritooriistad","9":"product_cat-tooriistad","10":"pa_kaubamark-einhell","12":"first","13":"instock","14":"sale","15":"taxable","16":"shipping-taxable","17":"purchasable","18":"product-type-simple"},"yoast_head":"<!-- This site is optimized with the Yoast SEO plugin v26.9 - https:\/\/yoast.com\/product\/yoast-seo-wordpress\/ -->\n<title>AKUMULTIT\u00d6\u00d6RIIST EINHELL TP-MG 18 LI BL SOLO - Espak E-pood<\/title>\n<meta name=\"robots\" content=\"index, follow, max-snippet:-1, max-image-preview:large, max-video-preview:-1\" \/>\n<link rel=\"canonical\" href=\"https:\/\/espak.ee\/epood\/toode\/akumultitooriist-einhell-tp-mg-18-li-bl-solo\/\" \/>\n<meta property=\"og:locale\" content=\"et_EE\" \/>\n<meta property=\"og:type\" content=\"article\" \/>\n<meta property=\"og:title\" content=\"AKUMULTIT\u00d6\u00d6RIIST EINHELL TP-MG 18 LI BL SOLO - Espak E-pood\" \/>\n<meta property=\"og:url\" content=\"https:\/\/espak.ee\/epood\/toode\/akumultitooriist-einhell-tp-mg-18-li-bl-solo\/\" \/>\n<meta property=\"og:site_name\" content=\"Espak E-pood\" \/>\n<meta property=\"article:modified_time\" content=\"2026-02-03T14:08:43+00:00\" \/>\n<meta property=\"og:image\" content=\"https:\/\/espak.ee\/epood\/wp-content\/uploads\/2026\/01\/4465190_21025_002_NEW_TP_MG_18_Li_BL_Solo_Pic.jpg\" \/>\n\t<meta property=\"og:image:width\" content=\"1000\" \/>\n\t<meta property=\"og:image:height\" content=\"1000\" \/>\n\t<meta property=\"og:image:type\" content=\"image\/jpeg\" \/>\n<meta name=\"twitter:card\" content=\"summary_large_image\" \/>\n<meta name=\"twitter:label1\" content=\"Est. reading time\" \/>\n\t<meta name=\"twitter:data1\" content=\"2 minutit\" \/>\n<script type=\"application\/ld+json\" class=\"yoast-schema-graph\">{\"@context\":\"https:\/\/schema.org\",\"@graph\":[{\"@type\":\"WebPage\",\"@id\":\"https:\/\/espak.ee\/epood\/toode\/akumultitooriist-einhell-tp-mg-18-li-bl-solo\/\",\"url\":\"https:\/\/espak.ee\/epood\/toode\/akumultitooriist-einhell-tp-mg-18-li-bl-solo\/\",\"name\":\"AKUMULTIT\u00d6\u00d6RIIST EINHELL TP-MG 18 LI BL SOLO - Espak E-pood\",\"isPartOf\":{\"@id\":\"https:\/\/espak.ee\/epood\/#website\"},\"primaryImageOfPage\":{\"@id\":\"https:\/\/espak.ee\/epood\/toode\/akumultitooriist-einhell-tp-mg-18-li-bl-solo\/#primaryimage\"},\"image\":{\"@id\":\"https:\/\/espak.ee\/epood\/toode\/akumultitooriist-einhell-tp-mg-18-li-bl-solo\/#primaryimage\"},\"thumbnailUrl\":\"https:\/\/espak.ee\/epood\/wp-content\/uploads\/2026\/01\/4465190_21025_002_NEW_TP_MG_18_Li_BL_Solo_Pic.jpg\",\"datePublished\":\"2026-01-24T03:05:01+00:00\",\"dateModified\":\"2026-02-03T14:08:43+00:00\",\"breadcrumb\":{\"@id\":\"https:\/\/espak.ee\/epood\/toode\/akumultitooriist-einhell-tp-mg-18-li-bl-solo\/#breadcrumb\"},\"inLanguage\":\"et\",\"potentialAction\":[{\"@type\":\"ReadAction\",\"target\":[\"https:\/\/espak.ee\/epood\/toode\/akumultitooriist-einhell-tp-mg-18-li-bl-solo\/\"]}]},{\"@type\":\"ImageObject\",\"inLanguage\":\"et\",\"@id\":\"https:\/\/espak.ee\/epood\/toode\/akumultitooriist-einhell-tp-mg-18-li-bl-solo\/#primaryimage\",\"url\":\"https:\/\/espak.ee\/epood\/wp-content\/uploads\/2026\/01\/4465190_21025_002_NEW_TP_MG_18_Li_BL_Solo_Pic.jpg\",\"contentUrl\":\"https:\/\/espak.ee\/epood\/wp-content\/uploads\/2026\/01\/4465190_21025_002_NEW_TP_MG_18_Li_BL_Solo_Pic.jpg\",\"width\":1000,\"height\":1000},{\"@type\":\"BreadcrumbList\",\"@id\":\"https:\/\/espak.ee\/epood\/toode\/akumultitooriist-einhell-tp-mg-18-li-bl-solo\/#breadcrumb\",\"itemListElement\":[{\"@type\":\"ListItem\",\"position\":1,\"name\":\"Home\",\"item\":\"https:\/\/espak.ee\/epood\/\"},{\"@type\":\"ListItem\",\"position\":2,\"name\":\"Tootevalik\",\"item\":\"https:\/\/espak.ee\/epood\/tootevalik\/\"},{\"@type\":\"ListItem\",\"position\":3,\"name\":\"AKUMULTIT\u00d6\u00d6RIIST EINHELL TP-MG 18 LI BL SOLO\"}]},{\"@type\":\"WebSite\",\"@id\":\"https:\/\/espak.ee\/epood\/#website\",\"url\":\"https:\/\/espak.ee\/epood\/\",\"name\":\"Espak E-pood\",\"description\":\"\",\"potentialAction\":[{\"@type\":\"SearchAction\",\"target\":{\"@type\":\"EntryPoint\",\"urlTemplate\":\"https:\/\/espak.ee\/epood\/?s={search_term_string}\"},\"query-input\":{\"@type\":\"PropertyValueSpecification\",\"valueRequired\":true,\"valueName\":\"search_term_string\"}}],\"inLanguage\":\"et\"}]}<\/script>\n<!-- \/ Yoast SEO plugin. -->","yoast_head_json":{"title":"AKUMULTIT\u00d6\u00d6RIIST EINHELL TP-MG 18 LI BL SOLO - Espak E-pood","robots":{"index":"index","follow":"follow","max-snippet":"max-snippet:-1","max-image-preview":"max-image-preview:large","max-video-preview":"max-video-preview:-1"},"canonical":"https:\/\/espak.ee\/epood\/toode\/akumultitooriist-einhell-tp-mg-18-li-bl-solo\/","og_locale":"et_EE","og_type":"article","og_title":"AKUMULTIT\u00d6\u00d6RIIST EINHELL TP-MG 18 LI BL SOLO - Espak E-pood","og_url":"https:\/\/espak.ee\/epood\/toode\/akumultitooriist-einhell-tp-mg-18-li-bl-solo\/","og_site_name":"Espak E-pood","article_modified_time":"2026-02-03T14:08:43+00:00","og_image":[{"width":1000,"height":1000,"url":"https:\/\/espak.ee\/epood\/wp-content\/uploads\/2026\/01\/4465190_21025_002_NEW_TP_MG_18_Li_BL_Solo_Pic.jpg","type":"image\/jpeg"}],"twitter_card":"summary_large_image","twitter_misc":{"Est. reading time":"2 minutit"},"schema":{"@context":"https:\/\/schema.org","@graph":[{"@type":"WebPage","@id":"https:\/\/espak.ee\/epood\/toode\/akumultitooriist-einhell-tp-mg-18-li-bl-solo\/","url":"https:\/\/espak.ee\/epood\/toode\/akumultitooriist-einhell-tp-mg-18-li-bl-solo\/","name":"AKUMULTIT\u00d6\u00d6RIIST EINHELL TP-MG 18 LI BL SOLO - Espak E-pood","isPartOf":{"@id":"https:\/\/espak.ee\/epood\/#website"},"primaryImageOfPage":{"@id":"https:\/\/espak.ee\/epood\/toode\/akumultitooriist-einhell-tp-mg-18-li-bl-solo\/#primaryimage"},"image":{"@id":"https:\/\/espak.ee\/epood\/toode\/akumultitooriist-einhell-tp-mg-18-li-bl-solo\/#primaryimage"},"thumbnailUrl":"https:\/\/espak.ee\/epood\/wp-content\/uploads\/2026\/01\/4465190_21025_002_NEW_TP_MG_18_Li_BL_Solo_Pic.jpg","datePublished":"2026-01-24T03:05:01+00:00","dateModified":"2026-02-03T14:08:43+00:00","breadcrumb":{"@id":"https:\/\/espak.ee\/epood\/toode\/akumultitooriist-einhell-tp-mg-18-li-bl-solo\/#breadcrumb"},"inLanguage":"et","potentialAction":[{"@type":"ReadAction","target":["https:\/\/espak.ee\/epood\/toode\/akumultitooriist-einhell-tp-mg-18-li-bl-solo\/"]}]},{"@type":"ImageObject","inLanguage":"et","@id":"https:\/\/espak.ee\/epood\/toode\/akumultitooriist-einhell-tp-mg-18-li-bl-solo\/#primaryimage","url":"https:\/\/espak.ee\/epood\/wp-content\/uploads\/2026\/01\/4465190_21025_002_NEW_TP_MG_18_Li_BL_Solo_Pic.jpg","contentUrl":"https:\/\/espak.ee\/epood\/wp-content\/uploads\/2026\/01\/4465190_21025_002_NEW_TP_MG_18_Li_BL_Solo_Pic.jpg","width":1000,"height":1000},{"@type":"BreadcrumbList","@id":"https:\/\/espak.ee\/epood\/toode\/akumultitooriist-einhell-tp-mg-18-li-bl-solo\/#breadcrumb","itemListElement":[{"@type":"ListItem","position":1,"name":"Home","item":"https:\/\/espak.ee\/epood\/"},{"@type":"ListItem","position":2,"name":"Tootevalik","item":"https:\/\/espak.ee\/epood\/tootevalik\/"},{"@type":"ListItem","position":3,"name":"AKUMULTIT\u00d6\u00d6RIIST EINHELL TP-MG 18 LI BL SOLO"}]},{"@type":"WebSite","@id":"https:\/\/espak.ee\/epood\/#website","url":"https:\/\/espak.ee\/epood\/","name":"Espak E-pood","description":"","potentialAction":[{"@type":"SearchAction","target":{"@type":"EntryPoint","urlTemplate":"https:\/\/espak.ee\/epood\/?s={search_term_string}"},"query-input":{"@type":"PropertyValueSpecification","valueRequired":true,"valueName":"search_term_string"}}],"inLanguage":"et"}]}},"_links":{"self":[{"href":"https:\/\/espak.ee\/epood\/wp-json\/wp\/v2\/product\/262075","targetHints":{"allow":["GET"]}}],"collection":[{"href":"https:\/\/espak.ee\/epood\/wp-json\/wp\/v2\/product"}],"about":[{"href":"https:\/\/espak.ee\/epood\/wp-json\/wp\/v2\/types\/product"}],"replies":[{"embeddable":true,"href":"https:\/\/espak.ee\/epood\/wp-json\/wp\/v2\/comments?post=262075"}],"wp:featuredmedia":[{"embeddable":true,"href":"https:\/\/espak.ee\/epood\/wp-json\/wp\/v2\/media\/263158"}],"wp:attachment":[{"href":"https:\/\/espak.ee\/epood\/wp-json\/wp\/v2\/media?parent=262075"}],"wp:term":[{"taxonomy":"product_brand","embeddable":true,"href":"https:\/\/espak.ee\/epood\/wp-json\/wp\/v2\/product_brand?post=262075"},{"taxonomy":"product_cat","embeddable":true,"href":"https:\/\/espak.ee\/epood\/wp-json\/wp\/v2\/product_cat?post=262075"},{"taxonomy":"product_tag","embeddable":true,"href":"https:\/\/espak.ee\/epood\/wp-json\/wp\/v2\/product_tag?post=262075"}],"curies":[{"name":"wp","href":"https:\/\/api.w.org\/{rel}","templated":true}]}}