{"id":262073,"date":"2026-01-24T05:05:01","date_gmt":"2026-01-24T03:05:01","guid":{"rendered":"https:\/\/espak.ee\/epood\/?post_type=product&#038;p=262073"},"modified":"2026-02-03T13:29:12","modified_gmt":"2026-02-03T11:29:12","slug":"akuketasloikur-einhell-tp-ag-18-125-f-li-bl-solo","status":"publish","type":"product","link":"https:\/\/espak.ee\/epood\/toode\/akuketasloikur-einhell-tp-ag-18-125-f-li-bl-solo\/","title":{"rendered":"AKUKETASL\u00d5IKUR EINHELL TP-AG 18\/125 F LI BL SOLO"},"content":{"rendered":"<div class=\"row\"  id=\"row-361621890\">\n\n\t<div id=\"col-1883522990\" class=\"col medium-9 small-12 large-9\"  >\n\t\t\t\t<div class=\"col-inner\"  >\n\t\t\t\n\t\t\t\n<h3>Akuketasl\u00f5ikur Einhell TP-AG 18\/125 F Li BL-Solo<\/h3>\n<div class=\"message-box relative\" style=\"padding-top:15px;padding-bottom:15px;\"><div class=\"message-box-bg-image bg-fill fill\" ><\/div><div class=\"message-box-bg-overlay bg-fill fill\" ><\/div><div class=\"container relative\"><div class=\"inner last-reset\">\n<div class=\"row align-middle align-center\"  id=\"row-2049975868\">\n\n\t<div id=\"col-271666198\" class=\"col small-12 large-12\"  >\n\t\t\t\t<div class=\"col-inner text-left\"  >\n\t\t\t\n\t\t\t\n<h4>Omadused<\/h4>\n<div class=\"row\"  id=\"row-54734122\">\n\n\t<div id=\"col-1875959858\" class=\"col medium-6 small-12 large-6\"  >\n\t\t\t\t<div class=\"col-inner\"  >\n\t\t\t\n\t\t\t\n<p><i class=\"far fa-check-circle fa-2x\"><\/i><strong>\u00a0Power X-Change\u00b4i tootepere liige <\/strong><\/p>\n<p><i class=\"far fa-check-circle fa-2x\"><\/i><strong> Sujuvk\u00e4ivitus ja taask\u00e4ivituse kaitse t\u00f6\u00f6tamise ohutumaks muutmiseks\u00a0<\/strong><\/p>\n<p><i class=\"far fa-check-circle fa-2x\"><\/i><strong> Harjadeta mootor &#8211; rohkem v\u00f5imsus, pikem t\u00f6\u00f6aeg <\/strong><\/p>\n<p><i class=\"far fa-check-circle fa-2x\"><\/i><strong> Lame pea kuni 43\u00b0 teravnurkade lihvimiseks<\/strong><\/p>\n<p><i class=\"far fa-check-circle fa-2x\"><\/i><strong> Eemaldatavad tolmukaitsed lihtsaks puhastamiseks<\/strong><\/p>\n<p><i class=\"far fa-check-circle fa-2x\"><\/i><strong> Soovituslik aku v\u00e4hemalt 2,5\u00a0Ah\u00a0<\/strong><\/p>\n\t\t<\/div>\n\t\t\t\t\n<style>\n#col-1875959858 > .col-inner {\n  margin: 0px 0px 15px 0px;\n}\n<\/style>\n\t<\/div>\n\n\t\n\n\t<div id=\"col-630491869\" class=\"col medium-6 small-12 large-6\"  >\n\t\t\t\t<div class=\"col-inner\"  >\n\t\t\t\n\t\t\t\n<p><i class=\"far fa-check-circle fa-2x\"><\/i><strong> Kiirmutter<\/strong><\/p>\n<p><i class=\"far fa-check-circle fa-2x\"><\/i><strong> \u00dclekoormuskaitse pika kasutusea tagamiseks\u00a0<\/strong><\/p>\n<p><i class=\"far fa-check-circle fa-2x\"><\/i><strong> Kiirseadistuse v\u00f5imalusega kettakaitse\u00a0<\/strong><\/p>\n<p><i class=\"far fa-check-circle fa-2x\"><\/i><strong> Komplekt ilma akuta ja akulaadurita (saadaval eraldi)\u00a0<\/strong><\/p>\n<p><i class=\"far fa-check-circle fa-2x\"><\/i><strong> Lisak\u00e4epideme saab paindlikult paigaldada kahte asendisse <\/strong><\/p>\n<p><i class=\"far fa-check-circle fa-2x\"><\/i><strong> Komplektis 1 lamellketas<\/strong><\/p>\n\t\t<\/div>\n\t\t\t\t\n<style>\n#col-630491869 > .col-inner {\n  margin: 0px 0px 15px 0px;\n}\n<\/style>\n\t<\/div>\n\n\t\n<\/div>\n\t\t<\/div>\n\t\t\t\t\t<\/div>\n\n\t\n<\/div>\n<\/div><\/div><\/div>\n\t<div id=\"gap-59413890\" class=\"gap-element clearfix\" style=\"display:block; height:auto;\">\n\t\t\n<style>\n#gap-59413890 {\n  padding-top: 30px;\n}\n<\/style>\n\t<\/div>\n\t\n<h3>Tootekirjeldus<\/h3>\n<p> Einhell Professional akuketasl\u00f5ikur TP-AG 18\/125 F Li BL-Solo on praktiline t\u00f6\u00f6riist lihvimiseks, l\u00f5ikamiseks, karestamise ja poleerimise jaoks. Power X-Change&#8217;i perekonna liikmena saab akuketasl\u00f5ikurit kombineerida k\u00f5igi seeria akude ja laadijatega. Tootlikumaks l\u00f5ikamiseks, lihvimiseks ja karestamiseks on soovitatav kasutada v\u00e4hemalt 2,5 Ah Plus akusid.<br \/>\nT\u00e4nu v\u00f5imsale mootorile pakub akuga ketasl\u00f5ikur sama v\u00f5imsust kui vastav juhtmega t\u00f6\u00f6riist 700 W-ga. Seadet k\u00e4itab Einhell harjavaba mootor, mis tagab suurema v\u00f5imsuse ja pikema t\u00f6\u00f6aja. P\u00e4rast veebis registreerimist on mootoril 10-aastane garantii. Kaks integreeritud tolmukaitset kaitsevad ketasl\u00f5ikuri sisemust mustuse eest ja koos intelligentse \u00f5hu suunamisega pikendavad kasutusiga. Tolmukaitset saab h\u00f5lpsaks puhastamiseks eemaldada. Lameda peaga nurklihvija sobib ideaalselt lihvimiseks kitsastes kohtades ja kuni 43\u00b0 teravnurga all.<br \/>\nSujuvk\u00e4ivituse omaduse ja taask\u00e4ivituse t\u00f5kesti t\u00f5ttu k\u00e4ivitub ketaslihvija sujuvalt ja seda on ohutum kasutada. T\u00e4nu saledale kujundusele, ergonoomilisele pehmendusega k\u00e4epidemele ja lisak\u00e4epidemele, mille saab paigaldada kahte erinevasse asendisse, on t\u00f6\u00f6riist mugavalt k\u00e4sitsetav. Kettakaitsmel on kiirseadistuse v\u00f5imalus, mis v\u00f5imaldab seda vaid \u00fche k\u00e4ega keerates igaks \u00fclesandeks kohandada. \u00dclekoormuskaitse suurendab ohutust ja pikendab kasutusaega.<br \/>\nAkuketasl\u00f5ikurile sobivad l\u00f5ikekettad l\u00e4bim\u00f5\u00f5duga kuni 125 mm, v\u00f5imaldades l\u00f5ikes\u00fcgavust kuni 33 mm.<br \/>\nKomplektis 1 lamellketas.<br \/>\n Aku ja laadija tuleb eraldi tellida, n\u00e4iteks suure j\u00f5udlusega akukomplektina.\n<\/p>\n\t<div id=\"gap-1256855019\" class=\"gap-element clearfix\" style=\"display:block; height:auto;\">\n\t\t\n<style>\n#gap-1256855019 {\n  padding-top: 30px;\n}\n<\/style>\n\t<\/div>\n\t\n\t\t<\/div>\n\t\t\t\t\t<\/div>\n\n\t\n\n\t<div id=\"col-534077500\" class=\"col medium-3 small-12 large-3\"  >\n\t\t\t\t<div class=\"col-inner\"  >\n\t\t\t\n\t\t\t\n<img decoding=\"async\" src=\"https:\/\/espak.ee\/epood\/wp-content\/uploads\/2020\/04\/Power-x-change-logo.jpg\" alt=\"\" width=\"1772\" height=\"343\" class=\"alignnone size-full wp-image-97311\" srcset=\"https:\/\/espak.ee\/epood\/wp-content\/uploads\/2020\/04\/Power-x-change-logo.jpg 1772w, https:\/\/espak.ee\/epood\/wp-content\/uploads\/2020\/04\/Power-x-change-logo-500x97.jpg 500w, https:\/\/espak.ee\/epood\/wp-content\/uploads\/2020\/04\/Power-x-change-logo-769x149.jpg 769w, https:\/\/espak.ee\/epood\/wp-content\/uploads\/2020\/04\/Power-x-change-logo-300x58.jpg 300w, https:\/\/espak.ee\/epood\/wp-content\/uploads\/2020\/04\/Power-x-change-logo-1024x198.jpg 1024w, https:\/\/espak.ee\/epood\/wp-content\/uploads\/2020\/04\/Power-x-change-logo-150x29.jpg 150w, https:\/\/espak.ee\/epood\/wp-content\/uploads\/2020\/04\/Power-x-change-logo-768x149.jpg 768w, https:\/\/espak.ee\/epood\/wp-content\/uploads\/2020\/04\/Power-x-change-logo-1536x297.jpg 1536w\" sizes=\"(max-width: 1772px) 100vw, 1772px\" \/><br \/>\n<div class=\"is-divider divider clearfix\" ><\/div>\n<h3>Kasutusjuhend<\/h3>\n<p><a href=\"https:\/\/espak.ee\/epood\/wp-content\/uploads\/2026\/01\/4431175_21013_001_SPK13.pdf\"target=\"_blank\" rel=\"noopener noreferrer\"><i class=\"far fa-file-pdf\"><\/i> Kasutusjuhend (PDF)<\/a><\/p>\n<div class=\"is-divider divider clearfix\" ><\/div>\n<p><strong>\u00dcksikasjalikuma n\u00f5u saamiseks v\u00f5tke \u00fchendust:<br \/><\/strong>Espak AS<br \/>Viadukti 42<br \/>11313<br \/>Tallinn<br \/> T\u00f6\u00f6riista osakond +372 6512 335<br \/><a href=\"mailto:tooriist@espak.ee\">tooriist@espak.ee<\/a><\/p>\n\t\t<\/div>\n\t\t\t\t\t<\/div>\n\n\t\n<\/div>\n","protected":false},"excerpt":{"rendered":"","protected":false},"featured_media":263130,"comment_status":"closed","ping_status":"closed","template":"","meta":[],"product_brand":[],"product_cat":[4519,2733,2680,2679],"product_tag":[],"class_list":{"0":"post-262073","1":"product","2":"type-product","3":"status-publish","4":"has-post-thumbnail","6":"product_cat-akujarkamissaed","7":"product_cat-akutooriistad","8":"product_cat-elektritooriistad","9":"product_cat-tooriistad","10":"pa_kaubamark-einhell","12":"first","13":"instock","14":"sale","15":"taxable","16":"shipping-taxable","17":"purchasable","18":"product-type-simple"},"yoast_head":"<!-- This site is optimized with the Yoast SEO plugin v26.9 - https:\/\/yoast.com\/product\/yoast-seo-wordpress\/ -->\n<title>AKUKETASL\u00d5IKUR EINHELL TP-AG 18\/125 F LI BL SOLO - Espak E-pood<\/title>\n<meta name=\"robots\" content=\"index, follow, max-snippet:-1, max-image-preview:large, max-video-preview:-1\" \/>\n<link rel=\"canonical\" href=\"https:\/\/espak.ee\/epood\/toode\/akuketasloikur-einhell-tp-ag-18-125-f-li-bl-solo\/\" \/>\n<meta property=\"og:locale\" content=\"et_EE\" \/>\n<meta property=\"og:type\" content=\"article\" \/>\n<meta property=\"og:title\" content=\"AKUKETASL\u00d5IKUR EINHELL TP-AG 18\/125 F LI BL SOLO - Espak E-pood\" \/>\n<meta property=\"og:url\" content=\"https:\/\/espak.ee\/epood\/toode\/akuketasloikur-einhell-tp-ag-18-125-f-li-bl-solo\/\" \/>\n<meta property=\"og:site_name\" content=\"Espak E-pood\" \/>\n<meta property=\"article:modified_time\" content=\"2026-02-03T11:29:12+00:00\" \/>\n<meta property=\"og:image\" content=\"https:\/\/espak.ee\/epood\/wp-content\/uploads\/2026\/01\/4431175_21013_002_TP_AG_18_125_F_Li_Solo_Pic.jpg\" \/>\n\t<meta property=\"og:image:width\" content=\"1000\" \/>\n\t<meta property=\"og:image:height\" content=\"1000\" \/>\n\t<meta property=\"og:image:type\" content=\"image\/jpeg\" \/>\n<meta name=\"twitter:card\" content=\"summary_large_image\" \/>\n<meta name=\"twitter:label1\" content=\"Est. reading time\" \/>\n\t<meta name=\"twitter:data1\" content=\"2 minutit\" \/>\n<script type=\"application\/ld+json\" class=\"yoast-schema-graph\">{\"@context\":\"https:\/\/schema.org\",\"@graph\":[{\"@type\":\"WebPage\",\"@id\":\"https:\/\/espak.ee\/epood\/toode\/akuketasloikur-einhell-tp-ag-18-125-f-li-bl-solo\/\",\"url\":\"https:\/\/espak.ee\/epood\/toode\/akuketasloikur-einhell-tp-ag-18-125-f-li-bl-solo\/\",\"name\":\"AKUKETASL\u00d5IKUR EINHELL TP-AG 18\/125 F LI BL SOLO - Espak E-pood\",\"isPartOf\":{\"@id\":\"https:\/\/espak.ee\/epood\/#website\"},\"primaryImageOfPage\":{\"@id\":\"https:\/\/espak.ee\/epood\/toode\/akuketasloikur-einhell-tp-ag-18-125-f-li-bl-solo\/#primaryimage\"},\"image\":{\"@id\":\"https:\/\/espak.ee\/epood\/toode\/akuketasloikur-einhell-tp-ag-18-125-f-li-bl-solo\/#primaryimage\"},\"thumbnailUrl\":\"https:\/\/espak.ee\/epood\/wp-content\/uploads\/2026\/01\/4431175_21013_002_TP_AG_18_125_F_Li_Solo_Pic.jpg\",\"datePublished\":\"2026-01-24T03:05:01+00:00\",\"dateModified\":\"2026-02-03T11:29:12+00:00\",\"breadcrumb\":{\"@id\":\"https:\/\/espak.ee\/epood\/toode\/akuketasloikur-einhell-tp-ag-18-125-f-li-bl-solo\/#breadcrumb\"},\"inLanguage\":\"et\",\"potentialAction\":[{\"@type\":\"ReadAction\",\"target\":[\"https:\/\/espak.ee\/epood\/toode\/akuketasloikur-einhell-tp-ag-18-125-f-li-bl-solo\/\"]}]},{\"@type\":\"ImageObject\",\"inLanguage\":\"et\",\"@id\":\"https:\/\/espak.ee\/epood\/toode\/akuketasloikur-einhell-tp-ag-18-125-f-li-bl-solo\/#primaryimage\",\"url\":\"https:\/\/espak.ee\/epood\/wp-content\/uploads\/2026\/01\/4431175_21013_002_TP_AG_18_125_F_Li_Solo_Pic.jpg\",\"contentUrl\":\"https:\/\/espak.ee\/epood\/wp-content\/uploads\/2026\/01\/4431175_21013_002_TP_AG_18_125_F_Li_Solo_Pic.jpg\",\"width\":1000,\"height\":1000},{\"@type\":\"BreadcrumbList\",\"@id\":\"https:\/\/espak.ee\/epood\/toode\/akuketasloikur-einhell-tp-ag-18-125-f-li-bl-solo\/#breadcrumb\",\"itemListElement\":[{\"@type\":\"ListItem\",\"position\":1,\"name\":\"Home\",\"item\":\"https:\/\/espak.ee\/epood\/\"},{\"@type\":\"ListItem\",\"position\":2,\"name\":\"Tootevalik\",\"item\":\"https:\/\/espak.ee\/epood\/tootevalik\/\"},{\"@type\":\"ListItem\",\"position\":3,\"name\":\"AKUKETASL\u00d5IKUR EINHELL TP-AG 18\/125 F LI BL SOLO\"}]},{\"@type\":\"WebSite\",\"@id\":\"https:\/\/espak.ee\/epood\/#website\",\"url\":\"https:\/\/espak.ee\/epood\/\",\"name\":\"Espak E-pood\",\"description\":\"\",\"potentialAction\":[{\"@type\":\"SearchAction\",\"target\":{\"@type\":\"EntryPoint\",\"urlTemplate\":\"https:\/\/espak.ee\/epood\/?s={search_term_string}\"},\"query-input\":{\"@type\":\"PropertyValueSpecification\",\"valueRequired\":true,\"valueName\":\"search_term_string\"}}],\"inLanguage\":\"et\"}]}<\/script>\n<!-- \/ Yoast SEO plugin. -->","yoast_head_json":{"title":"AKUKETASL\u00d5IKUR EINHELL TP-AG 18\/125 F LI BL SOLO - Espak E-pood","robots":{"index":"index","follow":"follow","max-snippet":"max-snippet:-1","max-image-preview":"max-image-preview:large","max-video-preview":"max-video-preview:-1"},"canonical":"https:\/\/espak.ee\/epood\/toode\/akuketasloikur-einhell-tp-ag-18-125-f-li-bl-solo\/","og_locale":"et_EE","og_type":"article","og_title":"AKUKETASL\u00d5IKUR EINHELL TP-AG 18\/125 F LI BL SOLO - Espak E-pood","og_url":"https:\/\/espak.ee\/epood\/toode\/akuketasloikur-einhell-tp-ag-18-125-f-li-bl-solo\/","og_site_name":"Espak E-pood","article_modified_time":"2026-02-03T11:29:12+00:00","og_image":[{"width":1000,"height":1000,"url":"https:\/\/espak.ee\/epood\/wp-content\/uploads\/2026\/01\/4431175_21013_002_TP_AG_18_125_F_Li_Solo_Pic.jpg","type":"image\/jpeg"}],"twitter_card":"summary_large_image","twitter_misc":{"Est. reading time":"2 minutit"},"schema":{"@context":"https:\/\/schema.org","@graph":[{"@type":"WebPage","@id":"https:\/\/espak.ee\/epood\/toode\/akuketasloikur-einhell-tp-ag-18-125-f-li-bl-solo\/","url":"https:\/\/espak.ee\/epood\/toode\/akuketasloikur-einhell-tp-ag-18-125-f-li-bl-solo\/","name":"AKUKETASL\u00d5IKUR EINHELL TP-AG 18\/125 F LI BL SOLO - Espak E-pood","isPartOf":{"@id":"https:\/\/espak.ee\/epood\/#website"},"primaryImageOfPage":{"@id":"https:\/\/espak.ee\/epood\/toode\/akuketasloikur-einhell-tp-ag-18-125-f-li-bl-solo\/#primaryimage"},"image":{"@id":"https:\/\/espak.ee\/epood\/toode\/akuketasloikur-einhell-tp-ag-18-125-f-li-bl-solo\/#primaryimage"},"thumbnailUrl":"https:\/\/espak.ee\/epood\/wp-content\/uploads\/2026\/01\/4431175_21013_002_TP_AG_18_125_F_Li_Solo_Pic.jpg","datePublished":"2026-01-24T03:05:01+00:00","dateModified":"2026-02-03T11:29:12+00:00","breadcrumb":{"@id":"https:\/\/espak.ee\/epood\/toode\/akuketasloikur-einhell-tp-ag-18-125-f-li-bl-solo\/#breadcrumb"},"inLanguage":"et","potentialAction":[{"@type":"ReadAction","target":["https:\/\/espak.ee\/epood\/toode\/akuketasloikur-einhell-tp-ag-18-125-f-li-bl-solo\/"]}]},{"@type":"ImageObject","inLanguage":"et","@id":"https:\/\/espak.ee\/epood\/toode\/akuketasloikur-einhell-tp-ag-18-125-f-li-bl-solo\/#primaryimage","url":"https:\/\/espak.ee\/epood\/wp-content\/uploads\/2026\/01\/4431175_21013_002_TP_AG_18_125_F_Li_Solo_Pic.jpg","contentUrl":"https:\/\/espak.ee\/epood\/wp-content\/uploads\/2026\/01\/4431175_21013_002_TP_AG_18_125_F_Li_Solo_Pic.jpg","width":1000,"height":1000},{"@type":"BreadcrumbList","@id":"https:\/\/espak.ee\/epood\/toode\/akuketasloikur-einhell-tp-ag-18-125-f-li-bl-solo\/#breadcrumb","itemListElement":[{"@type":"ListItem","position":1,"name":"Home","item":"https:\/\/espak.ee\/epood\/"},{"@type":"ListItem","position":2,"name":"Tootevalik","item":"https:\/\/espak.ee\/epood\/tootevalik\/"},{"@type":"ListItem","position":3,"name":"AKUKETASL\u00d5IKUR EINHELL TP-AG 18\/125 F LI BL SOLO"}]},{"@type":"WebSite","@id":"https:\/\/espak.ee\/epood\/#website","url":"https:\/\/espak.ee\/epood\/","name":"Espak E-pood","description":"","potentialAction":[{"@type":"SearchAction","target":{"@type":"EntryPoint","urlTemplate":"https:\/\/espak.ee\/epood\/?s={search_term_string}"},"query-input":{"@type":"PropertyValueSpecification","valueRequired":true,"valueName":"search_term_string"}}],"inLanguage":"et"}]}},"_links":{"self":[{"href":"https:\/\/espak.ee\/epood\/wp-json\/wp\/v2\/product\/262073","targetHints":{"allow":["GET"]}}],"collection":[{"href":"https:\/\/espak.ee\/epood\/wp-json\/wp\/v2\/product"}],"about":[{"href":"https:\/\/espak.ee\/epood\/wp-json\/wp\/v2\/types\/product"}],"replies":[{"embeddable":true,"href":"https:\/\/espak.ee\/epood\/wp-json\/wp\/v2\/comments?post=262073"}],"wp:featuredmedia":[{"embeddable":true,"href":"https:\/\/espak.ee\/epood\/wp-json\/wp\/v2\/media\/263130"}],"wp:attachment":[{"href":"https:\/\/espak.ee\/epood\/wp-json\/wp\/v2\/media?parent=262073"}],"wp:term":[{"taxonomy":"product_brand","embeddable":true,"href":"https:\/\/espak.ee\/epood\/wp-json\/wp\/v2\/product_brand?post=262073"},{"taxonomy":"product_cat","embeddable":true,"href":"https:\/\/espak.ee\/epood\/wp-json\/wp\/v2\/product_cat?post=262073"},{"taxonomy":"product_tag","embeddable":true,"href":"https:\/\/espak.ee\/epood\/wp-json\/wp\/v2\/product_tag?post=262073"}],"curies":[{"name":"wp","href":"https:\/\/api.w.org\/{rel}","templated":true}]}}